{"id":3302,"date":"2019-02-21T15:21:57","date_gmt":"2019-02-21T20:21:57","guid":{"rendered":"https:\/\/oui-iohe.org\/?page_id=3302"},"modified":"2020-11-12T18:54:21","modified_gmt":"2020-11-12T23:54:21","slug":"caei-canada-2017","status":"publish","type":"page","link":"https:\/\/oui-iohe.org\/es\/caei-canada-2017\/","title":{"rendered":"CAEI CANAD\u00c1 \u2013 2017"},"content":{"rendered":"<div class=\"wpb-content-wrapper\"><p>[vc_row][vc_column][vc_custom_heading source=\u00bbpost_title\u00bb font_container=\u00bbtag:h2|text_align:left|color:%23b12028&#8243; use_theme_fonts=\u00bbyes\u00bb][\/vc_column][\/vc_row][vc_row][vc_column width=\u00bb1\/4&#8243;][vc_single_image image=\u00bb6261&#8243; img_size=\u00bblarge\u00bb alignment=\u00bbcenter\u00bb onclick=\u00bbcustom_link\u00bb img_link_target=\u00bb_blank\u00bb link=\u00bbhttps:\/\/caie-caei.org\/fr\/\u00bb][\/vc_column][vc_column width=\u00bb3\/4&#8243;][vc_custom_heading text=\u00bbPresentaci\u00f3n\u00bb use_theme_fonts=\u00bbyes\u00bb][vc_column_text]<\/p>\n<h4>Presidencia<\/h4>\n<ul>\n<li>Canad\u00e1 2017: H\u00e9l\u00e8ne David, Ministra responsable de la Educaci\u00f3n Superior, Quebec, Canad\u00e1<\/li>\n<li>Ecuador 2015: Ren\u00e9 Ram\u00edrez, Secretario de Educaci\u00f3n\u00a0Superior Ciencia y Tecnolog\u00eda, Ecuador<\/li>\n<li>M\u00e9xico 2013: \u00a0Jes\u00fas Ancer, Rector, Universidad Aut\u00f3noma de Nuevo Le\u00f3n, (UANL), M\u00e9xico<\/li>\n<li>Brasil 2012: Marcial Rubio, Rector, Pontificia Cat\u00f3lica Universidad de Per\u00fa, (PUCP), Per\u00fa<\/li>\n<li>Canad\u00e1 2010\u00a0: Dra. Vianne Timmons, Rectora,<em>\u00a0University of Regina,<\/em>\u00a0Canad\u00e1<\/li>\n<\/ul>\n<p>[\/vc_column_text][vc_column_text]<\/p>\n<h4>Comit\u00e9 de Direcci\u00f3n<\/h4>\n<p>El Comit\u00e9 de Direcci\u00f3n est\u00e1 formado por miembros asociados del CAEI y es la entidad que define las orientaciones estrat\u00e9gicas del Congreso. Sus miembros son:<\/p>\n<ul>\n<li><a href=\"http:\/\/www.cbie-bcei.ca\/\" target=\"_blank\" rel=\"noopener noreferrer\">Canadian Bureau for International Education (CBIE &#8211; BCEI)<\/a><\/li>\n<li><a href=\"http:\/\/www.conahec.org\/conahec\/index.jsp\" target=\"_blank\" rel=\"noopener noreferrer\">Consortium for North American Higher Education Collaboration (CONAHEC)<\/a><\/li>\n<li><a href=\"http:\/\/www.oui-iohe.org\/\" target=\"_blank\" rel=\"noopener noreferrer\">Organiza\u00e7\u00e3o Universit\u00e1ria Interamericana (OUI &#8211; IOHE)<\/a><\/li>\n<li><a href=\"http:\/\/www.ampei.org.mx\/\" target=\"_blank\" rel=\"noopener noreferrer\">Asociaci\u00f3n Mexicana para la Educaci\u00f3n Internacional (AMPEI)<\/a><\/li>\n<li>Consortium of the five main universities in Montreal:\u00a0<a href=\"https:\/\/www.concordia.ca\/\" target=\"_blank\" rel=\"noopener noreferrer\">Concordia University<\/a>,\u00a0<a href=\"https:\/\/www.etsmtl.ca\/\" target=\"_blank\" rel=\"noopener noreferrer\">\u00c9cole de technologie sup\u00e9rieure<\/a>,\u00a0<a href=\"https:\/\/www.mcgill.ca\/\" target=\"_blank\" rel=\"noopener noreferrer\">McGill University<\/a>,\u00a0<a href=\"http:\/\/www.umontreal.ca\/\" target=\"_blank\" rel=\"noopener noreferrer\">Universit\u00e9 de Montr\u00e9al<\/a>,\u00a0<a href=\"http:\/\/www.uqam.ca\/\" target=\"_blank\" rel=\"noopener noreferrer\">Universit\u00e9 du Qu\u00e9bec \u00e0 Montr\u00e9al<\/a><\/li>\n<li><a href=\"http:\/\/www.yachay.gob.ec\/\" target=\"_blank\" rel=\"noopener noreferrer\">Empresa P\u00fablica YACHAY E.P<\/a><\/li>\n<li><a href=\"http:\/\/www.uanl.mx\/\" target=\"_blank\" rel=\"noopener noreferrer\">Universidad Aut\u00f3noma de Nuevo Le\u00f3n (UANL)<\/a><\/li>\n<li><a href=\"http:\/\/www.international.gc.ca\/international\/index.aspx?lang=fra\" target=\"_blank\" rel=\"noopener noreferrer\">Global Affairs Canada<\/a><\/li>\n<\/ul>\n<p>[\/vc_column_text][vc_column_text]<\/p>\n<h4>Comit\u00e9 Consultivo<\/h4>\n<ul>\n<li><a href=\"http:\/\/adru.org\/\" target=\"_blank\" rel=\"noopener noreferrer\">Asociaci\u00f3n Dominicana de Rectores de Universidades (ADRU)<\/a><\/li>\n<li><a href=\"http:\/\/www.cin.edu.ar\/\" target=\"_blank\" rel=\"noopener noreferrer\">Consejo Interuniversitario Nacional (CIN)<\/a><\/li>\n<li><a href=\"http:\/\/www.consejoderectores.cl\/\" target=\"_blank\" rel=\"noopener noreferrer\">Consejo de Rectores de las Universidades Chilenas (CRUCH)<\/a><\/li>\n<li><a href=\"http:\/\/www.faubai.org.br\/\" target=\"_blank\" rel=\"noopener noreferrer\">Associa\u00e7\u00e3o Brasileira de Educa\u00e7\u00e3o Internacional (FAUBAI)<\/a><\/li>\n<li><a href=\"http:\/\/www.fedecegeps.qc.ca\/\" target=\"_blank\" rel=\"noopener noreferrer\">F\u00e9deration des C\u00e9geps<\/a><\/li>\n<li><a href=\"http:\/\/www.laspau.harvard.edu\/\" target=\"_blank\" rel=\"noopener noreferrer\">Academic and Professional Programs for the Americas (LASPAU)<\/a><\/li>\n<li><a href=\"http:\/\/www.uwi.edu\/es\/unica\/\" target=\"_blank\" rel=\"noopener noreferrer\">Association of Caribbean Universities and Research Institutes (UNICA)<\/a><\/li>\n<\/ul>\n<p>[\/vc_column_text][vc_column_text]<\/p>\n<h4>Comit\u00e9 Acad\u00e9mico<\/h4>\n<ul>\n<li><a href=\"http:\/\/www.aieaworld.org\/\" target=\"_blank\" rel=\"noopener noreferrer\">Association of International Education Administrators (AIEA)<\/a><\/li>\n<li><a href=\"http:\/\/www.anuies.mx\/\" target=\"_blank\" rel=\"noopener noreferrer\">Asociaci\u00f3n Nacional de Universidades e Instituciones de Educaci\u00f3n Superior (ANUIES)<\/a><\/li>\n<li><a href=\"http:\/\/ascun.org.co\/\" target=\"_blank\" rel=\"noopener noreferrer\">Asociaci\u00f3n Colombiana de Universidades (ASCUN)<\/a><\/li>\n<li><a href=\"http:\/\/www.bccie.bc.ca\/\" target=\"_blank\" rel=\"noopener noreferrer\">British Columbia Council for International Education (BCCIE)<\/a><\/li>\n<li><a href=\"http:\/\/www.cladea.org\/\" target=\"_blank\" rel=\"noopener noreferrer\">Consejo Latinoamericano de Escuelas de Administraci\u00f3n (CLADEA)<\/a><\/li>\n<li><a href=\"https:\/\/www.conare.ac.cr\/\" target=\"_blank\" rel=\"noopener noreferrer\">Consejo Nacional de Rectores (CONARE)<\/a><\/li>\n<li><a href=\"http:\/\/www.iie.org\/\" target=\"_blank\" rel=\"noopener noreferrer\">Institute of International Education (IIE)<\/a><\/li>\n<\/ul>\n<p>[\/vc_column_text][vc_column_text]<\/p>\n<h4>Comit\u00e9 Nacional<\/h4>\n<p>Este ente est\u00e1 constituido por representantes de instituciones y organizaciones del pa\u00eds anfitri\u00f3n del CAEI. \u00a0Los miembros del Comit\u00e9 Nacional CAEI Canad\u00e1-2017 son:<\/p>\n<ul>\n<li><a href=\"https:\/\/www.concordia.ca\/\" target=\"_blank\" rel=\"noopener noreferrer\">Concordia University<\/a><\/li>\n<li><a href=\"http:\/\/etsmtl.ca\/\" target=\"_blank\" rel=\"noopener noreferrer\">\u00c9cole de technologie sup\u00e9rieure<\/a><\/li>\n<li><a href=\"https:\/\/www.mcgill.ca\/\" target=\"_blank\" rel=\"noopener noreferrer\">McGill University<\/a><\/li>\n<li><a href=\"http:\/\/www.umontreal.ca\/\" target=\"_blank\" rel=\"noopener noreferrer\">Universit\u00e9 de Montr\u00e9al<\/a><\/li>\n<li><a href=\"http:\/\/www.uqam.ca\/\" target=\"_blank\" rel=\"noopener noreferrer\">Universit\u00e9 du Qu\u00e9bec \u00e0 Montr\u00e9al<\/a><\/li>\n<\/ul>\n<p>[\/vc_column_text][vc_column_text]<\/p>\n<h4>Secretar\u00eda Ejecutiva<\/h4>\n<p>Para los periodos 2011-2014 y 2014-2017, la\u00a0<a href=\"http:\/\/www.oui-iohe.org\/\" target=\"_blank\" rel=\"noopener noreferrer\">Organizaci\u00f3n Universitaria Interamericana (OUI-IOHE)<\/a> act\u00faa como la Secretar\u00eda Ejecutiva del CAEI.<\/p>\n<p>La Secretar\u00eda Ejecutiva, con sede en la\u00a0<a href=\"http:\/\/www.umontreal.ca\/\" target=\"_blank\" rel=\"noopener noreferrer\">Universit\u00e9 de Montr\u00e9al<\/a>,\u00a0 asume todos los aspectos de la organizaci\u00f3n del CAEI, implementando las decisiones del Comit\u00e9 de Direcci\u00f3n y trabajando en estrecha colaboraci\u00f3n con el Comit\u00e9 Nacional, el Comit\u00e9 Consultivo y el Comit\u00e9 Acad\u00e9mico Interamericano.[\/vc_column_text][\/vc_column][\/vc_row][vc_row][vc_column width=\u00bb1\/2&#8243;][vc_empty_space height=\u00bb20px\u00bb][vc_custom_heading text=\u00bbPrograma 2017&#8243; use_theme_fonts=\u00bbyes\u00bb][vc_column_text]<\/p>\n<h4 style=\"text-align: center;\">Preparando a los L\u00edderes e Innovadores del Ma\u00f1ana:<br \/>\nInvestigaci\u00f3n y Educaci\u00f3n Superior,<br \/>\nPuentes Hacia la Prosperidad en las Am\u00e9ricas<\/h4>\n<p>El Congreso de las Am\u00e9ricas sobre Educaci\u00f3n Internacional (CAEI), fundado en 2009, se ha consolidado r\u00e1pidamente como el foro por excelencia de la internacionalizaci\u00f3n de la educaci\u00f3n superior en las Am\u00e9ricas. En conformidad a su mandato, el CAEI garantiza un espacio com\u00fan que permite estimular un dialogo libre, promocionando as\u00ed las redes y las alianzas estrat\u00e9gicas a niveles bilateral, regional y multilateral.<br \/>\nA trav\u00e9s de sus cuatro previas ediciones (Canad\u00e1 2010, Brasil 2012, M\u00e9xico 2013 y Ecuador 2015), la iniciativa del CAEI ha logrado resultados remarcables que ratifican su pertinencia como herramienta valiosa para el avance de la colaboraci\u00f3n institucional en el continente. El desarrollo de la quinta edici\u00f3n, que ser\u00e1 llevada a cabo en Montreal en 2017, ofrecer\u00e1 nuevamente un espacio acad\u00e9mico de participaci\u00f3n e inclusi\u00f3n donde ser\u00e1n discutidos los desaf\u00edos actuales y donde podr\u00e1n proyectarse acciones al futuro. En preparaci\u00f3n a los desaf\u00edos venideros, los resultados del CAEI 2010 \u2013 2015 y los lineamientos futuros para el periodo 2016-2017, se concluy\u00f3 que el tema principal del CAEI 2017 deber\u00eda subrayar los siguientes elementos:<\/p>\n<ul>\n<li>La internacionalizaci\u00f3n comprehensiva<\/li>\n<li>La internacionalizaci\u00f3n de la educaci\u00f3n superior: enlaces e investigaci\u00f3n<\/li>\n<li>La internacionalizaci\u00f3n de la investigaci\u00f3n<\/li>\n<li>La investigaci\u00f3n, la innovaci\u00f3n y la formaci\u00f3n doctoral en el marco de la internacionalizaci\u00f3n<\/li>\n<li>Gesti\u00f3n universitaria e internacionalizaci\u00f3n<\/li>\n<li>Sectores gubernamentales, acad\u00e9micos y privados: aliados para la internacionalizaci\u00f3n de la educaci\u00f3n superior<\/li>\n<li>Los gobiernos y sus calendarios nacionales para la internacionalizaci\u00f3n de la educaci\u00f3n superior<\/li>\n<li>Calendarios comunes para la internacionalizaci\u00f3n del curr\u00edculo.<\/li>\n<\/ul>\n<p>[\/vc_column_text][vc_empty_space height=\u00bb30px\u00bb][vc_btn title=\u00bbPrograma 2017&#8243; style=\u00bbflat\u00bb shape=\u00bbsquare\u00bb color=\u00bbiohe-orange\u00bb size=\u00bblg\u00bb align=\u00bbcenter\u00bb button_block=\u00bbtrue\u00bb link=\u00bburl:https%3A%2F%2Foui-iohe.org%2Fwp-content%2Fuploads%2F2019%2F02%2FCAEI-2017-Programme-2017_4-idiomas.pdf||target:%20_blank|\u00bb][\/vc_column][vc_column width=\u00bb1\/2&#8243;][vc_empty_space height=\u00bb20px\u00bb][vc_custom_heading text=\u00bbPatrocinadores 2017&#8243; use_theme_fonts=\u00bbyes\u00bb][vc_column_text]<\/p>\n<h4 style=\"text-align: center;\">Lista de los patrocinadores que apoyaron la edici\u00f3n<br \/>\nCAEI Canad\u00e1-2017<\/h4>\n<ul>\n<li><a href=\"https:\/\/altissia.org\/fr\/\" target=\"_blank\" rel=\"noopener noreferrer\">ALTISSIA<\/a><\/li>\n<li><a href=\"http:\/\/www.uquebec.ca\/reseau\/fr\" target=\"_blank\" rel=\"noopener noreferrer\">Universit\u00e9 du Qu\u00e9bec<\/a><\/li>\n<li><a href=\"https:\/\/www.mtl.org\/fr\" target=\"_blank\" rel=\"noopener noreferrer\">Tourisme Montr\u00e9al<\/a><\/li>\n<li><a href=\"https:\/\/ilumno.com\/en\" target=\"_blank\" rel=\"noopener noreferrer\">ILUMNO<\/a><\/li>\n<li><a href=\"http:\/\/www.scientifique-en-chef.gouv.qc.ca\/le-scientifique-en-chef\/les-fonds-de-recherche-du-quebec\/\" target=\"_blank\" rel=\"noopener noreferrer\">Fonds de recherche du Qu\u00e9bec<\/a><\/li>\n<li><a href=\"https:\/\/www.guard.me\/\" target=\"_blank\" rel=\"noopener noreferrer\">Guard.me<\/a><\/li>\n<li><a href=\"http:\/\/www.bci-qc.ca\/\" target=\"_blank\" rel=\"noopener noreferrer\">Bureau de cooperation interuniversitaire<\/a> (BCI)<\/li>\n<li><a href=\"https:\/\/www.corim.qc.ca\/fr\/\" target=\"_blank\" rel=\"noopener noreferrer\">Conseil des relations internationales de Montr\u00e9al<\/a> (CORIM)<\/li>\n<li><a href=\"https:\/\/ca.usembassy.gov\/fr\/embassy-consulates-fr\/montreal\/\" target=\"_blank\" rel=\"noopener noreferrer\">Consulat g\u00e9n\u00e9ral des \u00c9tats-Unis \u00e0 Montr\u00e9al<\/a><\/li>\n<li><a href=\"https:\/\/www.heacademy.ac.uk\/\" target=\"_blank\" rel=\"noopener noreferrer\">Higher Education Academy<\/a> (HEA)<\/li>\n<li><a href=\"https:\/\/www.mitacs.ca\/fr\" target=\"_blank\" rel=\"noopener noreferrer\">MITACS<\/a><\/li>\n<li><a href=\"http:\/\/www.iu.qs.com\/\" target=\"_blank\" rel=\"noopener noreferrer\">QS Intelligence Unit<\/a><\/li>\n<li><a href=\"http:\/\/www.montrealinternational.com\/\" target=\"_blank\" rel=\"noopener noreferrer\">Montreal International<\/a><\/li>\n<li><a href=\"https:\/\/www.ucsg.edu.ec\/\" target=\"_blank\" rel=\"noopener noreferrer\">Universidad Cat\u00f3lica de Santiago de Guayaquil<\/a> (UCSG)<\/li>\n<li><a href=\"http:\/\/www.nserc-crsng.gc.ca\/\" target=\"_blank\" rel=\"noopener noreferrer\">Natural Sciences and Engineering Research Council of Canada<\/a> (CRSNG \/ NSERC)<\/li>\n<li><a href=\"https:\/\/www.wes.org\/\" target=\"_blank\" rel=\"noopener noreferrer\">World Education Services<\/a> (WES)<\/li>\n<li><a href=\"https:\/\/www.chronicle.com\/\" target=\"_blank\" rel=\"noopener noreferrer\">The Chronicle of Higher Education<\/a><\/li>\n<li><a href=\"https:\/\/educanada.edufindme.com\/\" target=\"_blank\" rel=\"noopener noreferrer\">EDUCANADA<\/a><\/li>\n<li><a href=\"https:\/\/www.quebec.ca\/\" target=\"_blank\" rel=\"noopener noreferrer\">Province de Qu\u00e9bec<\/a><\/li>\n<li><a href=\"https:\/\/uqam.ca\/\" target=\"_blank\" rel=\"noopener noreferrer\">Universit\u00e9 du Qu\u00e9bec \u00e0 Montr\u00e9al<\/a> (UQ\u00c0M)<\/li>\n<li><a href=\"https:\/\/www.concordia.ca\/\" target=\"_blank\" rel=\"noopener noreferrer\">Concordia University<\/a><\/li>\n<li><a href=\"https:\/\/www.etsmtl.ca\/\" target=\"_blank\" rel=\"noopener noreferrer\">\u00c9cole des Technologies Sup\u00e9rieures<\/a> (\u00c9TS)<\/li>\n<li><a href=\"https:\/\/www.tec.ac.cr\/\" target=\"_blank\" rel=\"noopener noreferrer\">Instituto Tecnol\u00f3gico de Costa Rica<\/a>\u00a0(TEC)<\/li>\n<li><a href=\"https:\/\/smith.queensu.ca\/index.php\" target=\"_blank\" rel=\"noopener noreferrer\">SMITH School of Business<\/a><\/li>\n<li><a href=\"http:\/\/www.ibero.mx\/\" target=\"_blank\" rel=\"noopener noreferrer\">Universidad Iberoamericana<\/a>\u00a0(IBERO)<\/li>\n<li><a href=\"https:\/\/www.anahuac.mx\/mexico\/\" target=\"_blank\" rel=\"noopener noreferrer\">Universidad Anahuac Mexico<\/a><\/li>\n<li><a href=\"http:\/\/www.udg.mx\/\" target=\"_blank\" rel=\"noopener noreferrer\">Universidad de Guadalajara<\/a><\/li>\n<li><a href=\"https:\/\/www.bc.edu\/\" target=\"_blank\" rel=\"noopener noreferrer\">Boston College<\/a><\/li>\n<li><a href=\"https:\/\/www.ucol.mx\/\" target=\"_blank\" rel=\"noopener noreferrer\">Universidad de Colima<\/a><\/li>\n<li><a href=\"https:\/\/www.u-planner.com\/\" target=\"_blank\" rel=\"noopener noreferrer\">U-PLANNER<\/a><\/li>\n<li><a href=\"https:\/\/www.laspau.harvard.edu\/\" target=\"_blank\" rel=\"noopener noreferrer\">LASPAU<\/a><\/li>\n<li><a href=\"https:\/\/www.buap.mx\/\" target=\"_blank\" rel=\"noopener noreferrer\">Benem\u00e9rita Universidad Aut\u00f3noma de Puebla<\/a> (BUAP)<\/li>\n<li><a href=\"https:\/\/www.cin.edu.ar\/\" target=\"_blank\" rel=\"noopener noreferrer\">Consejo Interuniversitario Nacional<\/a> (CIN)<\/li>\n<li><a href=\"https:\/\/www.usask.ca\/\" target=\"_blank\" rel=\"noopener noreferrer\">University of Saskatchewan<\/a><\/li>\n<li><a href=\"http:\/\/new.acafe.org.br\/\" target=\"_blank\" rel=\"noopener noreferrer\">Associa\u00e7\u00e3o Catarinense das Funda\u00e7\u00f5es Educacionais<\/a> (ACAFE)<\/li>\n<li><a href=\"https:\/\/www.uv.mx\/\" target=\"_blank\" rel=\"noopener noreferrer\">Universidad Veracruzana<\/a><\/li>\n<\/ul>\n<p>[\/vc_column_text][\/vc_column][\/vc_row][vc_row][vc_column][vc_empty_space height=\u00bb20px\u00bb][vc_custom_heading text=\u00bbWebinarios 2017&#8243; use_theme_fonts=\u00bbyes\u00bb][\/vc_column][\/vc_row][vc_row][vc_column width=\u00bb1\/3&#8243;][vc_text_separator title=\u00bbWEBINARIO #1 \u00bb border_width=\u00bb2&#8243;][vc_column_text]<strong>T\u00cdTULO<\/strong>\u00a0: Webinario Inaugural : CAEI Canad\u00e1-2017: Preparando a los L\u00edderes e Innovadores del Ma\u00f1ana<\/p>\n<p><strong>CONFERENCISTAS :\u00a0<\/strong><\/p>\n<p><strong>David Julien,<\/strong>\u00a0Secretario General Ejecutivo, OUI y Secretario Ejecutivo, CAEI, Canad\u00e1<br \/>\n<strong>Francis\u00a0 Brown,\u00a0<\/strong>Coordinador Ejecutivo, Comit\u00e9 Nacional,<br \/>\nCAEI Canad\u00e1-2017<br \/>\n<strong>Luis Kauachi,\u00a0<\/strong>Coordinador Acad\u00e9mico, CAEI Canad\u00e1-2017[\/vc_column_text][vc_video link=\u00bbhttps:\/\/www.youtube.com\/watch?v=5Plu9JZyTM0&#8243; el_width=\u00bb80&#8243; align=\u00bbcenter\u00bb][\/vc_column][vc_column width=\u00bb1\/3&#8243;][vc_text_separator title=\u00bbWEBINARIO #2 \u00bb border_width=\u00bb2&#8243;][vc_column_text]<strong>T\u00cdTULO\u00a0<\/strong>:\u00a0La Innovaci\u00f3n y el Emprendimiento en la Universidad<\/p>\n<p><strong>CONFERENCISTAS :\u00a0<\/strong><\/p>\n<p><strong>Pierre Dumouchel<\/strong> (moderador),Director general, \u00c9cole de technologie sup\u00e9rieure (\u00c9TS), Canad\u00e1<br \/>\n<strong>Mohamed Cheriet,<\/strong>\u00a0Professor, Departamento de Ingenier\u00eda de Fabricaci\u00f3n automatizada, \u00c9TS, Canad\u00e1<br \/>\n<strong>Richard Ch\u00e9nier,\u00a0<\/strong>Director general, Centre d\u2019entrepreneurship technologique\u00a0(CENTECH), \u00c9TS, Canad\u00e1<br \/>\n<strong>Damien Sil\u00e8s,\u00a0<\/strong>Diretor geral,\u00a0Quartier de l\u2019innovation,\u00a0Canad\u00e1[\/vc_column_text][\/vc_column][vc_column width=\u00bb1\/3&#8243;][vc_text_separator title=\u00bbWEBINARIO #3&#8243; border_width=\u00bb2&#8243;][vc_column_text]<strong>T\u00cdTULO<\/strong>\u00a0: Las Casas Invisibles: Pedagog\u00eda e Investigaci\u00f3n sobre la Vulnerabilidad la Resiliencia y la Sostenibilidad de las ciudades Latinoamericanas y del Caribe<\/p>\n<p><strong>CONFERENCISTA :\u00a0Gonzalo Lizarralde<\/strong>, Director, Grupo de Investigaci\u00f3n IF-grif,\u00a0Universit\u00e9 de Montr\u00e9al,\u00a0Canad\u00e1[\/vc_column_text][vc_empty_space height=\u00bb120px\u00bb][vc_video link=\u00bbhttps:\/\/www.youtube.com\/watch?v=ubBaemr0amc&amp;feature=youtu.be\u00bb el_width=\u00bb80&#8243; align=\u00bbcenter\u00bb][\/vc_column][\/vc_row][vc_row][vc_column width=\u00bb1\/4&#8243;][vc_text_separator title=\u00bbWEBINARIO #4&#8243; border_width=\u00bb2&#8243;][vc_column_text]<strong>T\u00cdTULO<\/strong>\u00a0: EIESTEC: Instituciones de Educaci\u00f3n Superior (IES), Aprendizaje Permanente y Empleabilidad<\/p>\n<p><strong>CONFERENCISTA :\u00a0<\/strong><strong>Jos\u00e9 Carlos Quadrado<\/strong>, Presidente,\u00a0Latin American and Caribbean Consortium of Engineering Institutions\u00a0(LACCEI); Profesor, Instituto Superior de Engenharia de Lisboa, Portugal[\/vc_column_text][vc_video link=\u00bbhttps:\/\/www.youtube.com\/watch?v=gWlu51wgD5o&amp;feature=youtu.be\u00bb el_width=\u00bb80&#8243; align=\u00bbcenter\u00bb][\/vc_column][vc_column width=\u00bb1\/4&#8243;][vc_text_separator title=\u00bbWEBINARIO #5&#8243; border_width=\u00bb2&#8243;][vc_column_text]<strong>T\u00cdTULO<\/strong>\u00a0: EMULIES: Ampliaci\u00f3n del acceso y estratificaci\u00f3n en la ense\u00f1anza superior brasile\u00f1a<\/p>\n<p><strong>CONFERENCISTA : Helena Sampaio<\/strong>, Profesora,\u00a0Laborat\u00f3rio de Estudos\u00a0de Educa\u00e7\u00e3o Superior, Universidade Estadual de Campinas,\u00a0Brasil[\/vc_column_text][vc_empty_space height=\u00bb85px\u00bb][vc_video link=\u00bbhttps:\/\/www.youtube.com\/watch?v=7a_CImsVfSM&amp;feature=youtu.be\u00bb el_width=\u00bb80&#8243; align=\u00bbcenter\u00bb][\/vc_column][vc_column width=\u00bb1\/4&#8243;][vc_text_separator title=\u00bbWEBINARIO #6&#8243; border_width=\u00bb2&#8243;][vc_column_text]<strong>T\u00cdTULO<\/strong>\u00a0: Modelos Educativos Innovadores y Desarrollo de Competencias para la Vida<\/p>\n<p><strong>CONFERENCISTA :<\/strong> <strong>Noor El Bawab,\u00a0<\/strong>Gerente General,\u00a0District 3,<br \/>\nConcordia University,\u00a0Canad\u00e1[\/vc_column_text][vc_empty_space height=\u00bb115px\u00bb][vc_video link=\u00bbhttps:\/\/www.youtube.com\/watch?v=qc0fyZuUXio&amp;feature=youtu.be\u00bb el_width=\u00bb80&#8243; align=\u00bbcenter\u00bb][\/vc_column][vc_column width=\u00bb1\/4&#8243;][vc_text_separator title=\u00bbWEBINARIO #7&#8243; border_width=\u00bb2&#8243;][vc_column_text]<strong>T\u00cdTULO<\/strong>\u00a0: Indicadores para la Internacionalizaci\u00f3n<\/p>\n<p><strong>CONFERENCISTA :\u00a0Jocelyne Gacel-\u00c1vila<\/strong>, Coordinadora General, Observatorio Regional sobre Internacionalizaci\u00f3n\u00a0y Redes en Educaci\u00f3n Terciaria (OBIRET), Universidad de Guadalajara, M\u00e9xico[\/vc_column_text][vc_empty_space height=\u00bb60px\u00bb][vc_video link=\u00bbhttps:\/\/www.youtube.com\/watch?v=Kx6f08dRVak&amp;feature=youtu.be \u00bb el_width=\u00bb80&#8243; align=\u00bbcenter\u00bb][\/vc_column][\/vc_row]<\/p>\n<\/div>","protected":false},"excerpt":{"rendered":"<p>[vc_row][vc_column][vc_custom_heading source=\u00bbpost_title\u00bb font_container=\u00bbtag:h2|text_align:left|color:%23b12028&#8243; use_theme_fonts=\u00bbyes\u00bb][\/vc_column][\/vc_row][vc_row][vc_column width=\u00bb1\/4&#8243;][vc_single_image image=\u00bb6261&#8243; img_size=\u00bblarge\u00bb alignment=\u00bbcenter\u00bb onclick=\u00bbcustom_link\u00bb img_link_target=\u00bb_blank\u00bb link=\u00bbhttps:\/\/caie-caei.org\/fr\/\u00bb][\/vc_column][vc_column width=\u00bb3\/4&#8243;][vc_custom_heading text=\u00bbPresentaci\u00f3n\u00bb use_theme_fonts=\u00bbyes\u00bb][vc_column_text] Presidencia Canad\u00e1 2017: H\u00e9l\u00e8ne David, Ministra [&hellip;]<\/p>\n","protected":false},"author":4,"featured_media":0,"parent":0,"menu_order":0,"comment_status":"closed","ping_status":"closed","template":"","meta":{"_acf_changed":false,"_monsterinsights_skip_tracking":false,"_monsterinsights_sitenote_active":false,"_monsterinsights_sitenote_note":"","_monsterinsights_sitenote_category":0,"footnotes":""},"class_list":["post-3302","page","type-page","status-publish","hentry"],"acf":[],"aioseo_notices":[],"_links":{"self":[{"href":"https:\/\/oui-iohe.org\/es\/wp-json\/wp\/v2\/pages\/3302","targetHints":{"allow":["GET"]}}],"collection":[{"href":"https:\/\/oui-iohe.org\/es\/wp-json\/wp\/v2\/pages"}],"about":[{"href":"https:\/\/oui-iohe.org\/es\/wp-json\/wp\/v2\/types\/page"}],"author":[{"embeddable":true,"href":"https:\/\/oui-iohe.org\/es\/wp-json\/wp\/v2\/users\/4"}],"replies":[{"embeddable":true,"href":"https:\/\/oui-iohe.org\/es\/wp-json\/wp\/v2\/comments?post=3302"}],"version-history":[{"count":7,"href":"https:\/\/oui-iohe.org\/es\/wp-json\/wp\/v2\/pages\/3302\/revisions"}],"predecessor-version":[{"id":6265,"href":"https:\/\/oui-iohe.org\/es\/wp-json\/wp\/v2\/pages\/3302\/revisions\/6265"}],"wp:attachment":[{"href":"https:\/\/oui-iohe.org\/es\/wp-json\/wp\/v2\/media?parent=3302"}],"curies":[{"name":"wp","href":"https:\/\/api.w.org\/{rel}","templated":true}]}}