{"id":4122,"date":"2020-01-25T08:58:16","date_gmt":"2020-01-25T13:58:16","guid":{"rendered":"https:\/\/oui-iohe.org\/?page_id=4122"},"modified":"2026-01-14T11:14:11","modified_gmt":"2026-01-14T16:14:11","slug":"publicaciones","status":"publish","type":"page","link":"https:\/\/oui-iohe.org\/es\/publicaciones\/","title":{"rendered":"Publicaciones"},"content":{"rendered":"<div class=\"wpb-content-wrapper\"><p>[vc_row][vc_column][vc_custom_heading source=\u00bbpost_title\u00bb font_container=\u00bbtag:h1|text_align:left\u00bb use_theme_fonts=\u00bbyes\u00bb][vc_empty_space height=\u00bb20px\u00bb][\/vc_column][\/vc_row][vc_row][vc_column][vc_custom_heading text=\u00bbPublicaci\u00f3n electr\u00f3nica de las experiencias presentadas en el Premio MEIN 2024&#8243; use_theme_fonts=\u00bbyes\u00bb css=\u00bb\u00bb][vc_single_image image=\u00bb19830&#8243; onclick=\u00bbcustom_link\u00bb css=\u00bb\u00bb link=\u00bbhttps:\/\/revia.areandina.edu.co\/index.php\/MEIN\/issue\/view\/196&#8243;][vc_column_text css=\u00bb\u00bb]La Organizaci\u00f3n Universitaria Interamericana\u00a0 y la Fundaci\u00f3n Universitaria del \u00c1rea Andina comparten la publicaci\u00f3n electr\u00f3nica de las experiencias presentadas en el Premio MEIN 2024.<\/p>\n<ul>\n<li><a href=\"https:\/\/revia.areandina.edu.co\/index.php\/MEIN\/issue\/view\/214\">Consulte y descargue la publicaci\u00f3n<\/a><\/li>\n<\/ul>\n<p>Agradecemos a todas las instituciones participantes por su aporte en la construcci\u00f3n y ampliaci\u00f3n de un espacio de Innovaci\u00f3n Educativa en la Am\u00e9ricas.<\/p>\n<p>Conozca m\u00e1s sobre el <a href=\"https:\/\/oui-iohe.org\/es\/premio-mein\/\"><strong>Premio MEIN<\/strong><\/a>[\/vc_column_text][\/vc_column][\/vc_row][vc_row][vc_column][vc_custom_heading text=\u00bbPublicaci\u00f3n electr\u00f3nica de las experiencias presentadas en el Premio MEIN 2022&#8243; use_theme_fonts=\u00bbyes\u00bb][vc_single_image image=\u00bb15470&#8243; onclick=\u00bbcustom_link\u00bb css=\u00bb\u00bb link=\u00bbhttps:\/\/revia.areandina.edu.co\/index.php\/MEIN\/issue\/view\/214&#8243;][vc_column_text css=\u00bb\u00bb]La Organizaci\u00f3n Universitaria Interamericana\u00a0 y la Fundaci\u00f3n Universitaria del \u00c1rea Andina comparten la publicaci\u00f3n electr\u00f3nica de las experiencias presentadas en el Premio MEIN 2022.<\/p>\n<ul>\n<li><a href=\"https:\/\/revia.areandina.edu.co\/index.php\/MEIN\/issue\/view\/196\">Consulte y descargue la publicaci\u00f3n<\/a><\/li>\n<li><a href=\"https:\/\/youtube.com\/playlist?list=PLNAb3othaqXJvwL2W8Jo_QSCFZZh0F3PQ&amp;si=IvlS6aj_JJPiLGgO\">Vea las ponencias<\/a><\/li>\n<li><a href=\"https:\/\/oui-iohe.org\/es\/premio-mein-2022\/\">Conozca toda la informaci\u00f3n sobre los resultados<\/a><\/li>\n<\/ul>\n<p>Agradecemos a todas las instituciones participantes por su aporte en la construcci\u00f3n y ampliaci\u00f3n de un espacio de Innovaci\u00f3n Educativa en la Am\u00e9ricas.[\/vc_column_text][\/vc_column][\/vc_row][vc_row][vc_column][vc_custom_heading text=\u00bbHigher Education in Latin America and the Caribbean: Civic Engagement and the Democratic Mission\u00bb use_theme_fonts=\u00bbyes\u00bb][vc_single_image image=\u00bb13649&#8243; onclick=\u00bbcustom_link\u00bb link=\u00bbhttps:\/\/oui-iohe.org\/wp-content\/uploads\/2023\/04\/Higher-Education-in-LAC.pdf\u00bb][vc_column_text]Esta publicaci\u00f3n es la continuaci\u00f3n de una conferencia realizada en febrero de 2022, que marc\u00f3 el lanzamiento oficial de la <em>Comunidad de Aprendizaje de Asociaciones y L\u00edderes de Educaci\u00f3n Superior en Am\u00e9rica Latina y el Caribe<\/em>.<\/p>\n<p>La conferencia fue organizada por la Organizaci\u00f3n de los Estados Americanos (OEA), el <em>Centro Netter para Asociaciones Comunitarias y el Centro de Estudios Latinoamericanos y Latinx de la Universidad de Pensilvania<\/em>. Reuni\u00f3 a investigadores, profesionales y representantes de la educaci\u00f3n de toda la regi\u00f3n, as\u00ed como socios globales, para compartir las mejores pr\u00e1cticas y crear un camino para fortalecer la cooperaci\u00f3n global.<\/p>\n<p>El tema central abordado fue: \u00ab\u00bfC\u00f3mo pueden las universidades de las Am\u00e9ricas promover la misi\u00f3n democr\u00e1tica de la educaci\u00f3n superior con un enfoque particular en la participaci\u00f3n de la comunidad local?\u00bb<\/p>\n<p>Autores:<\/p>\n<p>Ronaldo Munck (coordinating editor)<\/p>\n<p>Yadira Pinilla<\/p>\n<p>Rita A. Hodges, Catherine Bartch.<\/p>\n<p><a href=\"https:\/\/oui-iohe.org\/wp-content\/uploads\/2023\/04\/Higher-Education-in-LAC.pdf\">Descargue la publicaci\u00f3n<\/a>[\/vc_column_text][\/vc_column][\/vc_row][vc_row][vc_column][vc_custom_heading text=\u00bbCompetencias Directivas Factor Clave de \u00c9xito en las IES\u00bb use_theme_fonts=\u00bbyes\u00bb][vc_single_image image=\u00bb9061&#8243; onclick=\u00bbcustom_link\u00bb link=\u00bbhttps:\/\/oui-iohe.org\/wp-content\/uploads\/2021\/06\/Competencias_Directivas_Factor_Exito_IES.pdf\u00bb][vc_column_text]<em>Acciones para fortalecer liderazgos, un estudio en colaboraci\u00f3n Quebec-M\u00e9xico<\/em><\/p>\n<p>En el marco de las acciones del XVII\u00ba Grupo de Trabajo Quebec- M\u00e9xico del Ministerio de Relaciones Internacionales de la Francofon\u00eda (MRIF) y bajo la coordinaci\u00f3n del Instituto de Gesti\u00f3n Liderazgo Universitario (IGLU) de la Organizaci\u00f3n Universitaria Interamericana (OUI), \u00e9ste documento representa el esfuerzo interinstitucional en colaboraci\u00f3n con la Universidad Veracruzana de M\u00e9xico, la Organizaci\u00f3n AdvanceHE del Reino Unido, la Asoicaci\u00f3n Nacional de Universidades e Instituciones de Educaci\u00f3n Superior (ANUES) y la Asociaci\u00f3n Nacional de Universidades Tecnol\u00f3gicas (ANUT).<\/p>\n<p>Esta publicaci\u00f3n tiene el prop\u00f3sito de compartir una reflexi\u00f3n te\u00f3rica sobre el contexto del ejercicio de gesti\u00f3n de los cargos directivos en las instituciones de educaci\u00f3n superior de M\u00e9xico, tomando como punto de referencia las competencias como factor de \u00e9xito o la falta de ello en el desarrollo de la acci\u00f3n directiva.<\/p>\n<p>Est\u00e1 integrado por cuatro grandes espacios, el primero da un acercamiento general a la conceptualizaci\u00f3n de las competencias, tema central de esta investigaci\u00f3n.<\/p>\n<p>En la segunda parte, se ponen en evidencia los procesos metodol\u00f3gicos para el levantamiento de la informaci\u00f3n.<\/p>\n<p>En el tercer espacio se presenta de manera sint\u00e9tica el an\u00e1lisis de los resultados m\u00e1s representativos para dar respuesta al objetivo planteado.<\/p>\n<p>Finalmente, el documento cierra con la presentaci\u00f3n la discusi\u00f3n y conclusiones en vista a continuar el desarrollo del tema en una siguiente etapa a nivel de Am\u00e9rica Latina.<\/p>\n<p><strong>Equipo de trabajo<\/strong><br \/>\nDra. Leticia Jim\u00e9nez (IGLU-OUI)<br \/>\nCoordinadora general<br \/>\nde la investigaci\u00f3n<\/p>\n<p>Dra. Lisbeth Bethelmy (USB)<br \/>\nInvestigadora l\u00edder<\/p>\n<p>Dr. Manuel Crespo (UdeM)<br \/>\nInvestigador<\/p>\n<p>Dra. Virginia Santamar\u00eda (UV)<br \/>\nInvestigadora<\/p>\n<p>Steve Outram (AdvanceHE)<br \/>\nInvestigador<\/p>\n<p>Jorge Ram\u00edrez (OUI)<br \/>\nAsistente de investigaci\u00f3n<\/p>\n<p>Maddie Pitkin (AdvenceHE)<br \/>\nAsistente de investigaci\u00f3n[\/vc_column_text][\/vc_column][\/vc_row][vc_row][vc_column width=\u00bb1\/2&#8243;][vc_column_text]<a href=\"https:\/\/oui-iohe.org\/wp-content\/uploads\/2021\/06\/Competencias_Directivas_Factor_Exito_IES.pdf\">Descargue la publicaci\u00f3n en espa\u00f1ol<\/a>[\/vc_column_text][\/vc_column][vc_column width=\u00bb1\/2&#8243;][vc_column_text]<a href=\"https:\/\/oui-iohe.org\/wp-content\/uploads\/2021\/11\/Managerial-Competencies-Key-Factor-Success-HEIs.pdf\">Descargue la publicaci\u00f3n en ingl\u00e9s<\/a>[\/vc_column_text][\/vc_column][\/vc_row][vc_row][vc_column][vc_custom_heading text=\u00bbPrograma Mentoring 2018 | Formaci\u00f3n para mujeres l\u00edderes en el \u00e1mbito universitario\u00bb use_theme_fonts=\u00bbyes\u00bb][vc_single_image image=\u00bb6295&#8243; onclick=\u00bbcustom_link\u00bb link=\u00bbhttps:\/\/oui-iohe.org\/wp-content\/uploads\/2020\/11\/version-NOVIEMBRE-FINAL-Emulies-PUBLICACI%C3%93N-PROGRAMA-MENTORING-2018.pdf\u00bb][vc_column_text]Esta publicaci\u00f3n es el resultado del Programa Mentoring 2018 \u2013 Formaci\u00f3n para mujeres l\u00edderes en el \u00e1mbito universitario organizado por el <a href=\"https:\/\/oui-iohe.org\/es\/emulies\/\">Espacio de Mujeres L\u00edderes de Instituciones de Educaci\u00f3n Superior de las Am\u00e9ricas (Emulies)<\/a> de la <strong>Organizaci\u00f3n Universitaria Interamericana (OUI)<\/strong>, en coordinaci\u00f3n con la Pontificia Universidad Cat\u00f3lica del Per\u00fa (PUCP) y la C\u00e1tedra Regional UNESCO Mujer, Ciencia y Tecnolog\u00eda en Am\u00e9rica Latina Flacso (Argentina).<\/p>\n<p>El Programa Mentoring 2018 surgi\u00f3 como respuesta a demandas manifestadas en diversos evento de EMULIES y, a partir, de una consulta realizada a mujeres l\u00edderes de IES que expresaron el inter\u00e9s de contar con las herramientas adecuadas para transmitir a otras mujeres sus experiencias en puestos de toma de decisiones.<\/p>\n<p>Sus objetivos fueron recuperar las experiencias de algunas mujeres l\u00edderes de las IES y fortalecer capacidades para transferir sus aprendizajes a otras mujeres por medio de procesos de mentoreo o mentoring.<\/p>\n<p>El seguimiento y evaluaci\u00f3n de dichos procesos brindaron insumos y conclusiones que hicieron posible la realizaci\u00f3n de esta herramienta en el \u00e1mbito de las instituciones acad\u00e9micas para contribuir al mejoramiento de la situaci\u00f3n de las mujeres en puestos de poder y toma de decisiones.<\/p>\n<p>Autoras:<br \/>\nLidia Heller y Nora G\u00f3mez<br \/>\nCoordinadores\/as:<br \/>\nJimena S\u00e1nchez Barrenechea y Blas Fern\u00e1ndez<\/p>\n<p><a href=\"https:\/\/oui-iohe.org\/wp-content\/uploads\/2020\/11\/version-NOVIEMBRE-FINAL-Emulies-PUBLICACI%C3%93N-PROGRAMA-MENTORING-2018.pdf\">Descargue la publicaci\u00f3n<\/a>[\/vc_column_text][\/vc_column][\/vc_row][vc_row][vc_column][vc_custom_heading text=\u00bbInternacionalizaci\u00f3n Conectiva: El Curr\u00edculo en un Mundo en Red\u00bb use_theme_fonts=\u00bbyes\u00bb][vc_single_image image=\u00bb5770&#8243; onclick=\u00bbcustom_link\u00bb link=\u00bbhttps:\/\/oui-iohe.org\/wp-content\/uploads\/2020\/08\/InternacionalizacionConectivaOUI-COLAM-UCSG.pdf\u00bb][vc_column_text]Este libro constituye sin lugar a dudas un aporte considerable para todos los profesionales y acad\u00e9micos de las IES miembros de la OUI interesados en fortalecer nuestras alianzas y consolidar nuestra red.<\/p>\n<p>Las autoras, Mar\u00eda Ver\u00f3nica Pe\u00f1a Seminario y Mar\u00eda Claudia Aponte Gonz\u00e1lez, alinean conceptos y pr\u00e1cticas de vanguardia en educaci\u00f3n, con el fin de desarrollar un enfoque y una estrategia efectiva para la internacionalizaci\u00f3n del curr\u00edculo que evidencia la importancia de la creaci\u00f3n de redes de conocimiento para que cada actor institucional, desde su rol y posici\u00f3n, pueda contribuir al enmara\u00f1ado que hace posible a una IES convertirse o consolidarse como una instituci\u00f3n de clase internacional.<\/p>\n<p><a href=\"https:\/\/oui-iohe.org\/wp-content\/uploads\/2020\/08\/InternacionalizacionConectivaOUI-COLAM-UCSG.pdf\">Descargue la publicaci\u00f3n<\/a>[\/vc_column_text][\/vc_column][\/vc_row][vc_row][vc_column][vc_custom_heading text=\u00bbMujeres en las Universidades Iberoamericanas: la b\u00fasqueda de la necesaria conciliaci\u00f3n trabajo familia\u00bb use_theme_fonts=\u00bbyes\u00bb][vc_single_image image=\u00bb4145&#8243; onclick=\u00bbcustom_link\u00bb link=\u00bbhttps:\/\/oui-iohe.org\/wp-content\/uploads\/2020\/01\/MUJERES-EN-LAS-UNIVERSIDADES-IBEROAMERICANAS-.pdf\u00bb][vc_column_text]Este libro es el producto de un proyecto que inici\u00f3 en 2018 y que tiene por t\u00edtulo: \u201cLos retos de la conciliaci\u00f3n. An\u00e1lisis comparado de la experiencia de mujeres trabajadoras en instituciones de educaci\u00f3n superior\u201d. Es un proyecto que pretende mostrar una radiograf\u00eda sobre la realidad de 15 instituciones de educaci\u00f3n superior (IES) de cinco pa\u00edses, cuatro de Iberoam\u00e9rica (M\u00e9xico, Ecuador, Espa\u00f1a y Per\u00fa) e Italia.<\/p>\n<p><a href=\"https:\/\/oui-iohe.org\/wp-content\/uploads\/2020\/01\/MUJERES-EN-LAS-UNIVERSIDADES-IBEROAMERICANAS-.pdf\">Descargue la publicaci\u00f3n<\/a>[\/vc_column_text][\/vc_column][\/vc_row]<\/p>\n<\/div>","protected":false},"excerpt":{"rendered":"<p>[vc_row][vc_column][vc_custom_heading source=\u00bbpost_title\u00bb font_container=\u00bbtag:h1|text_align:left\u00bb use_theme_fonts=\u00bbyes\u00bb][vc_empty_space height=\u00bb20px\u00bb][\/vc_column][\/vc_row][vc_row][vc_column][vc_custom_heading text=\u00bbPublicaci\u00f3n electr\u00f3nica de las experiencias presentadas en el Premio MEIN 2024&#8243; use_theme_fonts=\u00bbyes\u00bb css=\u00bb\u00bb][vc_single_image image=\u00bb19830&#8243; onclick=\u00bbcustom_link\u00bb [&hellip;]<\/p>\n","protected":false},"author":4,"featured_media":0,"parent":0,"menu_order":0,"comment_status":"closed","ping_status":"closed","template":"","meta":{"_acf_changed":false,"_monsterinsights_skip_tracking":false,"_monsterinsights_sitenote_active":false,"_monsterinsights_sitenote_note":"","_monsterinsights_sitenote_category":0,"footnotes":""},"class_list":["post-4122","page","type-page","status-publish","hentry"],"acf":[],"aioseo_notices":[],"_links":{"self":[{"href":"https:\/\/oui-iohe.org\/es\/wp-json\/wp\/v2\/pages\/4122","targetHints":{"allow":["GET"]}}],"collection":[{"href":"https:\/\/oui-iohe.org\/es\/wp-json\/wp\/v2\/pages"}],"about":[{"href":"https:\/\/oui-iohe.org\/es\/wp-json\/wp\/v2\/types\/page"}],"author":[{"embeddable":true,"href":"https:\/\/oui-iohe.org\/es\/wp-json\/wp\/v2\/users\/4"}],"replies":[{"embeddable":true,"href":"https:\/\/oui-iohe.org\/es\/wp-json\/wp\/v2\/comments?post=4122"}],"version-history":[{"count":39,"href":"https:\/\/oui-iohe.org\/es\/wp-json\/wp\/v2\/pages\/4122\/revisions"}],"predecessor-version":[{"id":19835,"href":"https:\/\/oui-iohe.org\/es\/wp-json\/wp\/v2\/pages\/4122\/revisions\/19835"}],"wp:attachment":[{"href":"https:\/\/oui-iohe.org\/es\/wp-json\/wp\/v2\/media?parent=4122"}],"curies":[{"name":"wp","href":"https:\/\/api.w.org\/{rel}","templated":true}]}}