{"id":4704,"date":"2020-04-07T19:43:55","date_gmt":"2020-04-07T23:43:55","guid":{"rendered":"https:\/\/oui-iohe.org\/?page_id=4704"},"modified":"2025-11-28T15:37:02","modified_gmt":"2025-11-28T20:37:02","slug":"emovies","status":"publish","type":"page","link":"https:\/\/oui-iohe.org\/es\/emovies\/","title":{"rendered":"eMOVIES"},"content":{"rendered":"<div class=\"wpb-content-wrapper\"><p>[vc_row][vc_column][vc_custom_heading source=\u00bbpost_title\u00bb font_container=\u00bbtag:h1|text_align:left\u00bb use_theme_fonts=\u00bbyes\u00bb css=\u00bb\u00bb][\/vc_column][\/vc_row][vc_row][vc_column][vc_column_text css=\u00bb\u00bb]<span style=\"font-weight: 400;\">El<\/span><b>\u00a0Espacio de Movilidad Virtual en la Educaci\u00f3n Superior (eMOVIES)\u00a0<\/b><span style=\"font-weight: 400;\">es una iniciativa liderada por la\u00a0<\/span><b>Organizaci\u00f3n Universitaria Interamericana (OUI-IOHE)<\/b><span style=\"font-weight: 400;\">,<\/span> <span style=\"font-weight: 400;\">con el objetivo de aportar soluciones que promuevan la cooperaci\u00f3n acad\u00e9mica internacional.<\/span><\/p>\n<ul>\n<li><span style=\"font-weight: 400;\">eMOVIES es un consorcio de Instituciones de Educaci\u00f3n Superior (IES) miembros de la OUI que, mediante una visi\u00f3n innovadora, fomenta la movilidad virtual y la cooperaci\u00f3n acad\u00e9mica entre estas, fortaleciendo la internacionalizaci\u00f3n y el desarrollo de competencias interculturales y digitales.\u00a0<\/span><\/li>\n<li><span style=\"font-weight: 400;\">No representa un costo adicional ni para los participantes ni para las IES.<\/span><\/li>\n<\/ul>\n<p>[\/vc_column_text][vc_column_text css=\u00bb\u00bb]<strong>eMOVIES est\u00e1 conformado por dos programas con los cuales la OUI apoya las colaboraciones interinstitucionales impactando a estudiantes y acad\u00e9micos:<\/strong>[\/vc_column_text][\/vc_column][\/vc_row][vc_row][vc_column width=\u00bb1\/3&#8243;][vc_single_image image=\u00bb18764&#8243; img_size=\u00bblarge\u00bb css=\u00bb\u00bb][vc_column_text css=\u00bb\u00bb]<span style=\"font-weight: 400;\"><strong>Dirigido a estudiantes<\/strong> de educaci\u00f3n superior que desean potenciar su formaci\u00f3n, este servicio ofrece la oportunidad de inscribirse de manera gratuita a cursos en modalidad virtual en otra instituci\u00f3n y pa\u00eds, viviendo una experiencia acad\u00e9mica, profesional y cultural enriquecedora que impulse su proceso formativo.<\/span>[\/vc_column_text][\/vc_column][vc_column width=\u00bb1\/5&#8243;][vc_empty_space][\/vc_column][vc_column width=\u00bb1\/3&#8243;][vc_single_image image=\u00bb18781&#8243; img_size=\u00bblarge\u00bb css=\u00bb\u00bb][vc_column_text css=\u00bb\u00bb]<span style=\"font-weight: 400;\"><strong>Dirigido a docentes<\/strong> interesados en colaborar internacionalmente, este servicio ofrece la oportunidad de dise\u00f1ar conjuntamente experiencias educativas que integren metodolog\u00edas activas e interculturales, promoviendo la internacionalizaci\u00f3n del curr\u00edculo y el aprendizaje colaborativo en l\u00ednea mediante la cooperaci\u00f3n entre pares acad\u00e9micos y la planificaci\u00f3n conjunta de intervenciones educativas.<\/span>[\/vc_column_text][\/vc_column][\/vc_row][vc_row][vc_column width=\u00bb1\/3&#8243;][vc_btn title=\u00bbSABER M\u00c1S\u00bb style=\u00bbflat\u00bb shape=\u00bbsquare\u00bb color=\u00bbiohe-orange\u00bb size=\u00bblg\u00bb align=\u00bbleft\u00bb css=\u00bb\u00bb link=\u00bburl:https%3A%2F%2Foui-iohe.org%2Fes%2Fprograma-de-movilidad-estudiantil-emovies%2F|target:_blank\u00bb][\/vc_column][vc_column width=\u00bb1\/5&#8243;][vc_empty_space][\/vc_column][vc_column width=\u00bb1\/3&#8243;][vc_btn title=\u00bbSABER M\u00c1S\u00bb style=\u00bbflat\u00bb shape=\u00bbsquare\u00bb color=\u00bbiohe-orange\u00bb size=\u00bblg\u00bb align=\u00bbleft\u00bb css=\u00bb\u00bb link=\u00bburl:https%3A%2F%2Foui-iohe.org%2Fes%2Fprograma-coil-emovies%2F|target:_blank\u00bb][\/vc_column][\/vc_row][vc_row css=\u00bb.vc_custom_1542745076628{margin-top: 35px !important;}\u00bb][vc_column width=\u00bb1\/2&#8243;][vc_single_image image=\u00bb1245&#8243; img_size=\u00bblarge\u00bb alignment=\u00bbcenter\u00bb][\/vc_column][vc_column width=\u00bb1\/2&#8243;][vc_custom_heading text=\u00bbContacto\u00bb use_theme_fonts=\u00bbyes\u00bb][vc_column_text]<a href=\"mailto:emovies@oui-iohe.org\">emovies@oui-iohe.org<\/a>[\/vc_column_text][\/vc_column][\/vc_row][vc_row][vc_column][vc_btn title=\u00bbSITIO WEB\u00bb style=\u00bbflat\u00bb shape=\u00bbsquare\u00bb color=\u00bbiohe-orange\u00bb size=\u00bblg\u00bb align=\u00bbcenter\u00bb link=\u00bburl:https%3A%2F%2Femovies.oui-iohe.org%2F|||\u00bb][\/vc_column][\/vc_row]<\/p>\n<\/div>","protected":false},"excerpt":{"rendered":"<p>[vc_row][vc_column][vc_custom_heading source=\u00bbpost_title\u00bb font_container=\u00bbtag:h1|text_align:left\u00bb use_theme_fonts=\u00bbyes\u00bb css=\u00bb\u00bb][\/vc_column][\/vc_row][vc_row][vc_column][vc_column_text css=\u00bb\u00bb]El\u00a0Espacio de Movilidad Virtual en la Educaci\u00f3n Superior (eMOVIES)\u00a0es una iniciativa liderada por la\u00a0Organizaci\u00f3n Universitaria [&hellip;]<\/p>\n","protected":false},"author":4,"featured_media":5645,"parent":0,"menu_order":0,"comment_status":"closed","ping_status":"closed","template":"","meta":{"_acf_changed":false,"_monsterinsights_skip_tracking":false,"_monsterinsights_sitenote_active":false,"_monsterinsights_sitenote_note":"","_monsterinsights_sitenote_category":0,"footnotes":""},"class_list":["post-4704","page","type-page","status-publish","has-post-thumbnail","hentry"],"acf":[],"aioseo_notices":[],"_links":{"self":[{"href":"https:\/\/oui-iohe.org\/es\/wp-json\/wp\/v2\/pages\/4704","targetHints":{"allow":["GET"]}}],"collection":[{"href":"https:\/\/oui-iohe.org\/es\/wp-json\/wp\/v2\/pages"}],"about":[{"href":"https:\/\/oui-iohe.org\/es\/wp-json\/wp\/v2\/types\/page"}],"author":[{"embeddable":true,"href":"https:\/\/oui-iohe.org\/es\/wp-json\/wp\/v2\/users\/4"}],"replies":[{"embeddable":true,"href":"https:\/\/oui-iohe.org\/es\/wp-json\/wp\/v2\/comments?post=4704"}],"version-history":[{"count":123,"href":"https:\/\/oui-iohe.org\/es\/wp-json\/wp\/v2\/pages\/4704\/revisions"}],"predecessor-version":[{"id":19602,"href":"https:\/\/oui-iohe.org\/es\/wp-json\/wp\/v2\/pages\/4704\/revisions\/19602"}],"wp:featuredmedia":[{"embeddable":true,"href":"https:\/\/oui-iohe.org\/es\/wp-json\/wp\/v2\/media\/5645"}],"wp:attachment":[{"href":"https:\/\/oui-iohe.org\/es\/wp-json\/wp\/v2\/media?parent=4704"}],"curies":[{"name":"wp","href":"https:\/\/api.w.org\/{rel}","templated":true}]}}