{"id":6483,"date":"2020-12-03T10:11:22","date_gmt":"2020-12-03T15:11:22","guid":{"rendered":"https:\/\/oui-iohe.org\/?page_id=6483"},"modified":"2026-03-26T13:28:48","modified_gmt":"2026-03-26T17:28:48","slug":"curso-politicas-de-genero","status":"publish","type":"page","link":"https:\/\/oui-iohe.org\/es\/curso-politicas-de-genero\/","title":{"rendered":"Curso Pol\u00edticas con perspectiva de g\u00e9nero"},"content":{"rendered":"<div class=\"wpb-content-wrapper\"><p>[vc_row][vc_column][vc_custom_heading text=\u00bbCurso \u201cPol\u00edticas con perspectiva de g\u00e9nero en las IES\u201d\u00bb font_container=\u00bbtag:h1|text_align:left\u00bb use_theme_fonts=\u00bbyes\u00bb][\/vc_column][\/vc_row][vc_row full_width=\u00bbstretch_row\u00bb css=\u00bb.vc_custom_1637381155429{background-color: #f1f1f1 !important;}\u00bb][vc_column][vc_column_text]<span style=\"font-weight: 400;\">La preocupaci\u00f3n por temas de igualdad y equidad en las IES como marco de referencia para la pr\u00e1ctica educativa, ha dejado de ser s\u00f3lo sujeto de investigaci\u00f3n y exigen en la actualidad influir de manera directa en la toma de decisiones a trav\u00e9s de la implementaci\u00f3n de pol\u00edticas de g\u00e9nero. En este curso se desarrollan competencias y habilidades para identificar problem\u00e1ticas y elaborar\u00a0 propuestas que impacten en la reducci\u00f3n de\u00a0 brechas de desigualdad en las universidades de las Am\u00e9ricas.<\/span><\/p>\n<p><span style=\"font-weight: 400;\">Mediante un trabajo guiado por nuestro equipo de asesoria, cada participante\u00a0 trabajar\u00e1 en la creaci\u00f3n de una propuesta de pol\u00edtica con perspectiva de g\u00e9nero, con el fin de favorecer el desarrollo de una nueva y mejor realidad para la vida profesional de todas las personas de la comunidad universitaria a la que pertenece.<\/span>[\/vc_column_text][\/vc_column][\/vc_row][vc_row][vc_column width=\u00bb1\/2&#8243;][vc_custom_heading text=\u00bbObjetivo\u00bb use_theme_fonts=\u00bbyes\u00bb][vc_column_text]<span style=\"font-weight: 400;\">Desarrollar competencias y habilidades para analizar y dise\u00f1ar estrategias con el fin de promover la inclusi\u00f3n e igualdad de oportunidades entre hombres y mujeres en las Instituciones de Educaci\u00f3n Superior (IES).<\/span>[\/vc_column_text][\/vc_column][vc_column width=\u00bb1\/2&#8243;][vc_custom_heading text=\u00bbDirigido a\u00bb use_theme_fonts=\u00bbyes\u00bb][vc_column_text]<span style=\"font-weight: 400;\">Equipos directivos y de gesti\u00f3n de Unidades de G\u00e9nero responsables del dise\u00f1o e implementaci\u00f3n de pol\u00edticas de g\u00e9nero en las IES.<\/span>[\/vc_column_text][\/vc_column][\/vc_row][vc_row][vc_column][vc_separator color=\u00bbiohe-orange\u00bb border_width=\u00bb6&#8243;][\/vc_column][\/vc_row][vc_row][vc_column width=\u00bb1\/2&#8243;][vc_toggle title=\u00bbContenidos\u00bb style=\u00bbround_outline\u00bb color=\u00bbgreen\u00bb size=\u00bblg\u00bb]<strong>M\u00d3DULO 1: GENERALIDADES EN LA PERSPECTIVA DE G\u00c9NERO<\/strong><br \/>\n\u2022 G\u00e9nero y educaci\u00f3n superior.<br \/>\n\u2022 La perspectiva de g\u00e9nero y su incidencia en la educaci\u00f3n superior.<\/p>\n<p><strong>M\u00d3DULO 2: PROBLEMATIZAR DESDE LA PERSPECTIVA DE G\u00c9NERO<\/strong><br \/>\n\u2022 Marcos internacionales, legales y program\u00e1ticos.<br \/>\n\u2022 Elementos a considerar para problematizar desde una perspectiva de g\u00e9nero.<\/p>\n<p><strong>M\u00d3DULO 3: CONSTRUCCI\u00d3N DE LA INFORMACI\u00d3N<\/strong><br \/>\n\u2022 Revisi\u00f3n de datos, regionales e institucionales.<br \/>\n\u2022 An\u00e1lisis de pol\u00edticas universitarias desde la PEG.<br \/>\n\u2022 Tipos de pol\u00edticas con PEG.<\/p>\n<p><strong>M\u00d3DULO 4 : INTEGRACI\u00d3N DE PROPUESTAS DE POL\u00cdTICAS INSTITUCIONALES CON PEG<\/strong><br \/>\n\u2022 Elementos metodol\u00f3gicos de integraci\u00f3n.<br \/>\n\u2022 Dise\u00f1o de una pol\u00edtica universitaria con PEG[\/vc_toggle][vc_toggle title=\u00bbDuraci\u00f3n\u00bb style=\u00bbround_outline\u00bb color=\u00bbgreen\u00bb size=\u00bblg\u00bb css=\u00bb\u00bb]<strong>Curso:<\/strong><\/p>\n<p>2 de marzo a 5 de mayo de 2026<\/p>\n<ul>\n<li>9 semanas (64 horas lectivas)<\/li>\n<\/ul>\n<p>[\/vc_toggle][\/vc_column][vc_column width=\u00bb1\/2&#8243;][vc_toggle title=\u00bbEquipo docente\u00bb style=\u00bbround_outline\u00bb color=\u00bbgreen\u00bb size=\u00bblg\u00bb]<\/p>\n<p><strong><img loading=\"lazy\" decoding=\"async\" class=\"alignnone size-full wp-image-8138\" src=\"https:\/\/oui-iohe.org\/wp-content\/uploads\/2021\/03\/Anal\u00eda-Elisabet-Auc\u00eda.jpg\" alt=\"\" width=\"163\" height=\"176\" \/><\/strong><\/p>\n<p><strong>Anal\u00eda Elisabet Auc\u00eda (Argentina)<\/strong><\/p>\n<p><span style=\"font-weight: 400;\">Abogada por la Universidad Nacional de Rosario (UNR), Argentina. Docente e investigadora de la Universidad Nacional de Rosario. Docente de postgrado en varias universidades del pa\u00eds.<\/span><\/p>\n<p><span style=\"font-weight: 400;\">Directora de la Carrera de Especializaci\u00f3n en Abordajes de Problem\u00e1ticas Sociales desde la Perspectiva de G\u00e9nero y Diversidad Sexual de la Universidad Nacional de San Luis, Argentina. Directora del Centro de Estudios Feministas Jur\u00eddicos y Sociales, Facultad de Derecho, UNR. M\u00e1ster en Sistemas Penales y Problemas Sociales por la Universidad de Barcelona. Mag\u00edster en El Poder y la Sociedad desde la Perspectiva de G\u00e9nero por la UNR.<\/span><\/p>\n<p><span style=\"font-weight: 400;\"> Doctoranda en Derecho, UNR. Asesora legal en materia de derechos humanos de las mujeres y diversidad sexual de la Secretar\u00eda de Derechos Humanos del Ministerio de Justicia y DDHH de la provincia de Santa Fe. Autora de publicaciones relativas a derechos de las mujeres, g\u00e9nero y violencias.<\/span>[\/vc_toggle][vc_toggle title=\u00bbInversi\u00f3n\u00bb style=\u00bbround_outline\u00bb color=\u00bbgreen\u00bb size=\u00bblg\u00bb css=\u00bb\u00bb]<\/p>\n<table>\n<tbody>\n<tr>\n<td width=\"125\"><strong>CURSO<\/strong><\/td>\n<td width=\"125\"><\/td>\n<td width=\"125\"><\/td>\n<\/tr>\n<tr>\n<td width=\"125\"><\/td>\n<td width=\"125\"><strong>Particular<\/strong><\/td>\n<td width=\"125\"><strong>Miembro OUI<\/strong><\/td>\n<\/tr>\n<tr>\n<td width=\"125\"><strong>1\u00a0 participante<\/strong><\/td>\n<td width=\"125\">700 USD<\/td>\n<td width=\"125\">560 USD<\/td>\n<\/tr>\n<tr>\n<td width=\"125\"><strong>Grupo (2 +)<\/strong><\/td>\n<td width=\"125\">595 USD<\/td>\n<td width=\"125\">476 USD<\/td>\n<\/tr>\n<\/tbody>\n<\/table>\n<p>[\/vc_toggle][\/vc_column][\/vc_row][vc_row][vc_column width=\u00bb1\/2&#8243;][vc_btn title=\u00bbInscripci\u00f3n al curso\u00bb style=\u00bbflat\u00bb shape=\u00bbsquare\u00bb color=\u00bbiohe-orange\u00bb css=\u00bb\u00bb link=\u00bburl:https%3A%2F%2Fdocs.google.com%2Fforms%2Fd%2Fe%2F1FAIpQLSeHtEH5d_LIiql8X1VoAFSNb8VissxGZ1qJrAUQWYIs2S3G5Q%2Fviewform%3Fusp%3Dsf_link%20&#8243;][vc_column_text css=\u00bb\u00bb]<span lang=\"ES\">Cierre de Inscripciones: 18 de febrero <span style=\"font-weight: 400;\">2026<\/span><\/span>[\/vc_column_text][\/vc_column][vc_column width=\u00bb1\/2&#8243;][vc_btn title=\u00bbConvocatoria becas OUI 2026&#8243; style=\u00bbflat\u00bb shape=\u00bbsquare\u00bb color=\u00bbiohe-orange\u00bb css=\u00bb\u00bb link=\u00bburl:https%3A%2F%2Foui-iohe.org%2Fes%2Fconvocatoriapgies%2F||target:%20_blank|\u00bb][vc_column_text css=\u00bb\u00bb]<span lang=\"ES\">Cierre de solicitudes: 6 de febrero\u00a0<span style=\"font-weight: 400;\"> de 2026<\/span><\/span>[\/vc_column_text][\/vc_column][\/vc_row][vc_row][vc_column][vc_separator color=\u00bbiohe-orange\u00bb border_width=\u00bb6&#8243;][\/vc_column][\/vc_row][vc_row][vc_column][vc_column_text]*Este curso certifica la adquisici\u00f3n de las competencias mediante una <a href=\"https:\/\/oui-iohe.org\/es\/insignia\/\"><strong>Insignia Digital<\/strong> <strong>Acreditta<\/strong><\/a>[\/vc_column_text][vc_column_text]<a href=\"https:\/\/oui-iohe.org\/es\/events\/curso-politicas-con-perspectiva-de-genero-en-las-ies\/\">Clic aqu\u00ed<\/a> para guardar este evento en su calendario[\/vc_column_text][\/vc_column][\/vc_row][vc_row full_width=\u00bbstretch_row\u00bb css=\u00bb.vc_custom_1637381754432{background-color: #f1f1f1 !important;}\u00bb][vc_column width=\u00bb1\/2&#8243;][vc_single_image image=\u00bb1245&#8243; img_size=\u00bblarge\u00bb][\/vc_column][vc_column width=\u00bb1\/2&#8243;][vc_custom_heading text=\u00bbContacto\u00bb use_theme_fonts=\u00bbyes\u00bb][vc_column_text]<a href=\"mailto:academia@oui-iohe.org\">academia@oui-iohe.org<\/a>[\/vc_column_text][\/vc_column][\/vc_row]<\/p>\n<\/div>","protected":false},"excerpt":{"rendered":"<p>[vc_row][vc_column][vc_custom_heading text=\u00bbCurso \u201cPol\u00edticas con perspectiva de g\u00e9nero en las IES\u201d\u00bb font_container=\u00bbtag:h1|text_align:left\u00bb use_theme_fonts=\u00bbyes\u00bb][\/vc_column][\/vc_row][vc_row full_width=\u00bbstretch_row\u00bb css=\u00bb.vc_custom_1637381155429{background-color: #f1f1f1 !important;}\u00bb][vc_column][vc_column_text]La preocupaci\u00f3n por temas de [&hellip;]<\/p>\n","protected":false},"author":4,"featured_media":10945,"parent":0,"menu_order":0,"comment_status":"closed","ping_status":"closed","template":"","meta":{"_acf_changed":false,"_monsterinsights_skip_tracking":false,"_monsterinsights_sitenote_active":false,"_monsterinsights_sitenote_note":"","_monsterinsights_sitenote_category":0,"footnotes":""},"class_list":["post-6483","page","type-page","status-publish","has-post-thumbnail","hentry"],"acf":[],"aioseo_notices":[],"_links":{"self":[{"href":"https:\/\/oui-iohe.org\/es\/wp-json\/wp\/v2\/pages\/6483","targetHints":{"allow":["GET"]}}],"collection":[{"href":"https:\/\/oui-iohe.org\/es\/wp-json\/wp\/v2\/pages"}],"about":[{"href":"https:\/\/oui-iohe.org\/es\/wp-json\/wp\/v2\/types\/page"}],"author":[{"embeddable":true,"href":"https:\/\/oui-iohe.org\/es\/wp-json\/wp\/v2\/users\/4"}],"replies":[{"embeddable":true,"href":"https:\/\/oui-iohe.org\/es\/wp-json\/wp\/v2\/comments?post=6483"}],"version-history":[{"count":74,"href":"https:\/\/oui-iohe.org\/es\/wp-json\/wp\/v2\/pages\/6483\/revisions"}],"predecessor-version":[{"id":20853,"href":"https:\/\/oui-iohe.org\/es\/wp-json\/wp\/v2\/pages\/6483\/revisions\/20853"}],"wp:featuredmedia":[{"embeddable":true,"href":"https:\/\/oui-iohe.org\/es\/wp-json\/wp\/v2\/media\/10945"}],"wp:attachment":[{"href":"https:\/\/oui-iohe.org\/es\/wp-json\/wp\/v2\/media?parent=6483"}],"curies":[{"name":"wp","href":"https:\/\/api.w.org\/{rel}","templated":true}]}}