{"id":6840,"date":"2020-12-21T18:18:25","date_gmt":"2020-12-21T23:18:25","guid":{"rendered":"https:\/\/oui-iohe.org\/?page_id=6840"},"modified":"2023-02-17T10:38:58","modified_gmt":"2023-02-17T15:38:58","slug":"modulo-planificacion-y-gestion-de-la-internacionalizacion","status":"publish","type":"page","link":"https:\/\/oui-iohe.org\/es\/modulo-planificacion-y-gestion-de-la-internacionalizacion\/","title":{"rendered":"M\u00f3dulo Planificaci\u00f3n y Gesti\u00f3n de la Internacionalizaci\u00f3n"},"content":{"rendered":"<div class=\"wpb-content-wrapper\"><p>[vc_row][vc_column][vc_custom_heading text=\u00bbCurso: Planificaci\u00f3n y Gesti\u00f3n de la Internacionalizaci\u00f3n\u00bb font_container=\u00bbtag:h1|text_align:left\u00bb use_theme_fonts=\u00bbyes\u00bb][\/vc_column][\/vc_row][vc_row full_width=\u00bbstretch_row\u00bb css=\u00bb.vc_custom_1637527641576{background-color: #f1f1f1 !important;}\u00bb][vc_column][vc_column_text]<i><span style=\"font-weight: 400;\">M\u00f3dulo I del <\/span><\/i><b><i>Diplomado en Internacionalizaci\u00f3n de la Educaci\u00f3n Superior DIES<\/i><\/b><\/p>\n<p><span style=\"font-weight: 400;\">La importancia de la planificaci\u00f3n radica en organizar de manera eficiente las \u00e1reas y gestionar los recursos, facilitando obtener los\u00a0 resultados planteados. En este m\u00f3dulo se trabajan herramientas para el desarrollo de un plan que permita la integraci\u00f3n de la internacionalizaci\u00f3n en el deber institucional y que respondan a la misi\u00f3n, visi\u00f3n y a los cambios en el entorno.<\/span><\/p>\n<p><span style=\"font-weight: 400;\">Los participantes realizan un trabajo progresivo durante el curso, donde dise\u00f1an un plan para implementar acciones concretas de internacionalizaci\u00f3n. Este trabajo se realiza en total alineaci\u00f3n con las metas, objetivos y acciones internacionales planteadas por cada instituci\u00f3n, donde las \u00e1reas de Relaciones Internacionales act\u00faan como catalizador del di\u00e1logo institucional sobre el proceso de internacionalizaci\u00f3n.<\/span>[\/vc_column_text][\/vc_column][\/vc_row][vc_row][vc_column width=\u00bb1\/2&#8243;][vc_custom_heading text=\u00bbObjetivo\u00bb use_theme_fonts=\u00bbyes\u00bb][vc_column_text]<\/p>\n<p style=\"font-weight: 400;\">Proporcionar a los participantes herramientas para dise\u00f1ar, implementar y monitorear un plan estrat\u00e9gico en \u00e1reas de internacionalizaci\u00f3n de impacto para su instituci\u00f3n.<\/p>\n<p>[\/vc_column_text][\/vc_column][vc_column width=\u00bb1\/2&#8243;][vc_custom_heading text=\u00bbDirigido a\u00bb use_theme_fonts=\u00bbyes\u00bb][vc_column_text]<span style=\"font-weight: 400;\">Promotores y gestores de la internacionalizaci\u00f3n y cooperaci\u00f3n acad\u00e9mica y cient\u00edfica en las diferentes dependencias institucionales vinculadas con los procesos de planeaci\u00f3n y gesti\u00f3n de la internacionalizaci\u00f3n. <\/span>[\/vc_column_text][\/vc_column][\/vc_row][vc_row][vc_column][vc_separator color=\u00bbiohe-orange\u00bb border_width=\u00bb6&#8243;][\/vc_column][\/vc_row][vc_row][vc_column width=\u00bb1\/2&#8243;][vc_toggle title=\u00bbContenidos\u00bb style=\u00bbround_outline\u00bb color=\u00bbgreen\u00bb size=\u00bblg\u00bb]<strong>CONTENIDOS<\/strong><\/p>\n<ul>\n<li>INDUCCI\u00d3N.<\/li>\n<li>\u00a0TEMA 1: Fundamentos y contexto.<\/li>\n<li>TEMA 2: Planificaci\u00f3n de la internacionalizaci\u00f3n.<\/li>\n<li>TEMA 3: Organizaci\u00f3n del proceso.<\/li>\n<li>TEMA 4: Implementando el proceso.<\/li>\n<li>TEMA 5: Asuntos estrat\u00e9gicos.<\/li>\n<li>TEMA 6: Monitoreo y evaluaci\u00f3n de la internacionalizaci\u00f3n.<\/li>\n<li>\u00a0EJERCICIO PR\u00c1CTICO: (Generando mi propio Canvas): Uso de metodolog\u00edas \u00e1giles para el dise\u00f1o de una estrategia de internacionalizaci\u00f3n.<\/li>\n<\/ul>\n<p>[\/vc_toggle][vc_toggle title=\u00bbDuraci\u00f3n\u00bb style=\u00bbround_outline\u00bb color=\u00bbgreen\u00bb size=\u00bblg\u00bb]<span style=\"font-weight: 400;\">13 de marzo al 10 de mayo de 2023<\/span><\/p>\n<ul>\n<li>9 semanas\u00a0 (<span style=\"font-weight: 400;\">60 Horas lectivas)<\/span><\/li>\n<\/ul>\n<p>[\/vc_toggle][\/vc_column][vc_column width=\u00bb1\/2&#8243;][vc_toggle title=\u00bbEquipo docente\u00bb style=\u00bbround_outline\u00bb color=\u00bbgreen\u00bb size=\u00bblg\u00bb]<strong><img loading=\"lazy\" decoding=\"async\" class=\"alignnone wp-image-9302 size-thumbnail\" src=\"https:\/\/oui-iohe.org\/wp-content\/uploads\/2021\/07\/Lynda-Karen-V\u00e1zquez-Maldonado-150x150.png\" alt=\"\" width=\"150\" height=\"150\" \/><\/strong><\/p>\n<p><strong>Lynda Karen V\u00e1zquez Maldonado (Chile)<\/strong><\/p>\n<p><span style=\"font-weight: 400;\">Licenciada en Relaciones Internacionales por el Colegio de M\u00e9xico y MBA de la Universidad de Los Lagos. Actualmente ejerce como Secretaria Ejecutiva de Relaciones Internacionales de la Universidad de los Lagos y Secretaria de Presidencia de la Organizaci\u00f3n Universitaria Interamericana (OUI).\u00a0<\/span><\/p>\n<p><span style=\"font-weight: 400;\">Es Profesora Asistente del Departamento de Cs. Administrativas y Econ\u00f3micas de la Universidad de Los Lagos. Ha ocupado distintos cargos en instituciones educativas p\u00fablicas en Chile, Estados Unidos y M\u00e9xico. Sus principales \u00e1reas de inter\u00e9s investigativo son los sistemas de educaci\u00f3n superior de la Universidad de Los Lagos.<\/span><\/p>\n<p>&#8212; &#8212;<\/p>\n<p><img loading=\"lazy\" decoding=\"async\" class=\"alignnone wp-image-13449 size-thumbnail\" src=\"https:\/\/oui-iohe.org\/wp-content\/uploads\/2023\/02\/Copia-de-Ximena-CardosoBN-150x150.jpg\" alt=\"\" width=\"150\" height=\"150\" srcset=\"https:\/\/oui-iohe.org\/wp-content\/uploads\/2023\/02\/Copia-de-Ximena-CardosoBN-150x150.jpg 150w, https:\/\/oui-iohe.org\/wp-content\/uploads\/2023\/02\/Copia-de-Ximena-CardosoBN-300x300.jpg 300w\" sizes=\"auto, (max-width: 150px) 100vw, 150px\" \/><\/p>\n<p><b>Ximena Cardoso Arango<\/b><\/p>\n<p><span style=\"font-weight: 400;\">Profesional en Finanzas y Relaciones Internacionales de la Universidad Externado de Colombia, con estudios de postgrado en interculturalidad y desarrollo en la Universidad de Westminster de Londres. Es la Directora de Relaciones Internacionales de la Universidad de Ciencias Aplicadas y Ambientales (U.D.C.A).<\/span><\/p>\n<p><span style=\"font-weight: 400;\">Secretaria Ejecutiva de la Regi\u00f3n Colombia de la Organizaci\u00f3n Universitaria Interamericana (OUI) en el periodo 2015-2019, desde donde coordin\u00f3 el piloto del Espacio de Movilidad Virtual en la Educaci\u00f3n Superior (eMOVIES). Por 10 a\u00f1os perteneci\u00f3 al comit\u00e9 organizador de la C\u00e1tedra de Integraci\u00f3n de la Asociaci\u00f3n de Universidades de Am\u00e9rica Latina y el Caribe para la Integraci\u00f3n (AUALCPI), en la que actualmente lidera la Estrategia de Clases Espejo. Miembro del Comit\u00e9 Nacional de la Red Colombiana para la Internacionalizaci\u00f3n de la Educaci\u00f3n Superior (RCI) por 9 a\u00f1os.<\/span><\/p>\n<p><span style=\"font-weight: 400;\">Ha sido consultora del Ministerio de Educaci\u00f3n Nacional para la consolidaci\u00f3n del proceso de internacionalizaci\u00f3n en Colombia. Ha participado en varios estudios y publicaciones en los temas de internacionalizaci\u00f3n acad\u00e9mica y ha sido conferencista invitada en distintas instituciones de la regi\u00f3n. Presidenta de la octava versi\u00f3n de Latin America and the Caribbean Higher Education Conference (LACHEC) realizada en Bogot\u00e1.<\/span>[\/vc_toggle][vc_toggle title=\u00bbInversi\u00f3n\u00bb style=\u00bbround_outline\u00bb color=\u00bbgreen\u00bb size=\u00bblg\u00bb]<\/p>\n<table>\n<tbody>\n<tr>\n<td colspan=\"3\" width=\"374\">INSCRIPCI\u00d3N AL DIPLOMADO<\/td>\n<\/tr>\n<tr>\n<td width=\"151\"><\/td>\n<td width=\"113\">Particular<\/td>\n<td width=\"110\">Miembro OUI<\/td>\n<\/tr>\n<tr>\n<td width=\"151\">Un participante<\/td>\n<td width=\"113\">$1.800 USD<\/td>\n<td width=\"110\">$1.440 USD<\/td>\n<\/tr>\n<tr>\n<td width=\"151\">Participante adicional<\/td>\n<td width=\"113\">$1.530 USD c\/u<\/td>\n<td width=\"110\">$1.225 USD c\/u<\/td>\n<\/tr>\n<\/tbody>\n<\/table>\n<p>&nbsp;<\/p>\n<table>\n<tbody>\n<tr>\n<td colspan=\"3\" width=\"374\">INSCRIPCI\u00d3N AL M\u00d3DULO<\/td>\n<\/tr>\n<tr>\n<td width=\"151\"><\/td>\n<td width=\"113\">Particular<\/td>\n<td width=\"110\">Miembro OUI<\/td>\n<\/tr>\n<tr>\n<td width=\"151\">Un participante<\/td>\n<td width=\"113\">$700 USD<\/td>\n<td width=\"110\">$560 USD<\/td>\n<\/tr>\n<tr>\n<td width=\"151\">Participante adicional<\/td>\n<td width=\"113\">$595 USD c\/u<\/td>\n<td width=\"110\">$476 USD c\/u<\/td>\n<\/tr>\n<\/tbody>\n<\/table>\n<p>[\/vc_toggle][\/vc_column][\/vc_row][vc_row][vc_column width=\u00bb1\/2&#8243;][vc_btn title=\u00bbInscripci\u00f3n\u00bb style=\u00bbflat\u00bb shape=\u00bbsquare\u00bb color=\u00bbiohe-orange\u00bb link=\u00bburl:https%3A%2F%2Fdocs.google.com%2Fforms%2Fd%2Fe%2F1FAIpQLSdyZQoCTZrJqK-NbSL0bTyhOQt8oJ3cyHRpnA-P3JoVr7_dgA%2Fviewform%3Fusp%3Dsf_link||target:%20_blank|\u00bb][vc_column_text]Cierre de Inscripciones: 6 de marzo de 2023[\/vc_column_text][\/vc_column][vc_column width=\u00bb1\/2&#8243;][vc_btn title=\u00bbConvocatoria becas OUI 2023&#8243; style=\u00bbflat\u00bb shape=\u00bbsquare\u00bb color=\u00bbiohe-orange\u00bb link=\u00bburl:https%3A%2F%2Foui-iohe.org%2Fes%2Fconvocatoriadies01%2F||target:%20_blank|\u00bb][vc_column_text]Cierre de solicitudes: 26 de febrero de 2023[\/vc_column_text][\/vc_column][\/vc_row][vc_row][vc_column][vc_column_text]*Este curso certifica la adquisici\u00f3n de las competencias mediante una <a href=\"https:\/\/oui-iohe.org\/es\/insignia\/\"><strong>Insignia Digital Acreditta<\/strong><\/a>[\/vc_column_text][vc_column_text]<a href=\"https:\/\/oui-iohe.org\/es\/events\/modulo-dies-planificacion-y-gestion-de-la-internacionalizacion\/\">Clic aqu\u00ed<\/a> para guardar este evento en su calendario[\/vc_column_text][\/vc_column][\/vc_row][vc_row full_width=\u00bbstretch_row\u00bb css=\u00bb.vc_custom_1637529783617{background-color: #f1f1f1 !important;}\u00bb][vc_column width=\u00bb1\/2&#8243;][vc_single_image image=\u00bb1245&#8243; img_size=\u00bblarge\u00bb][\/vc_column][vc_column width=\u00bb1\/2&#8243;][vc_custom_heading text=\u00bbContacto\u00bb use_theme_fonts=\u00bbyes\u00bb][vc_column_text]<a href=\"mailto:academia@oui-iohe.org\">academia@oui-iohe.org<\/a>[\/vc_column_text][\/vc_column][\/vc_row]<\/p>\n<\/div>","protected":false},"excerpt":{"rendered":"<p>[vc_row][vc_column][vc_custom_heading text=\u00bbCurso: Planificaci\u00f3n y Gesti\u00f3n de la Internacionalizaci\u00f3n\u00bb font_container=\u00bbtag:h1|text_align:left\u00bb use_theme_fonts=\u00bbyes\u00bb][\/vc_column][\/vc_row][vc_row full_width=\u00bbstretch_row\u00bb css=\u00bb.vc_custom_1637527641576{background-color: #f1f1f1 !important;}\u00bb][vc_column][vc_column_text]M\u00f3dulo I del Diplomado en Internacionalizaci\u00f3n de [&hellip;]<\/p>\n","protected":false},"author":4,"featured_media":10949,"parent":0,"menu_order":0,"comment_status":"closed","ping_status":"closed","template":"","meta":{"_acf_changed":false,"_monsterinsights_skip_tracking":false,"_monsterinsights_sitenote_active":false,"_monsterinsights_sitenote_note":"","_monsterinsights_sitenote_category":0,"footnotes":""},"class_list":["post-6840","page","type-page","status-publish","has-post-thumbnail","hentry"],"acf":[],"aioseo_notices":[],"_links":{"self":[{"href":"https:\/\/oui-iohe.org\/es\/wp-json\/wp\/v2\/pages\/6840","targetHints":{"allow":["GET"]}}],"collection":[{"href":"https:\/\/oui-iohe.org\/es\/wp-json\/wp\/v2\/pages"}],"about":[{"href":"https:\/\/oui-iohe.org\/es\/wp-json\/wp\/v2\/types\/page"}],"author":[{"embeddable":true,"href":"https:\/\/oui-iohe.org\/es\/wp-json\/wp\/v2\/users\/4"}],"replies":[{"embeddable":true,"href":"https:\/\/oui-iohe.org\/es\/wp-json\/wp\/v2\/comments?post=6840"}],"version-history":[{"count":74,"href":"https:\/\/oui-iohe.org\/es\/wp-json\/wp\/v2\/pages\/6840\/revisions"}],"predecessor-version":[{"id":13460,"href":"https:\/\/oui-iohe.org\/es\/wp-json\/wp\/v2\/pages\/6840\/revisions\/13460"}],"wp:featuredmedia":[{"embeddable":true,"href":"https:\/\/oui-iohe.org\/es\/wp-json\/wp\/v2\/media\/10949"}],"wp:attachment":[{"href":"https:\/\/oui-iohe.org\/es\/wp-json\/wp\/v2\/media?parent=6840"}],"curies":[{"name":"wp","href":"https:\/\/api.w.org\/{rel}","templated":true}]}}