{"id":6844,"date":"2020-12-21T18:40:20","date_gmt":"2020-12-21T23:40:20","guid":{"rendered":"https:\/\/oui-iohe.org\/?page_id=6844"},"modified":"2026-03-31T17:02:06","modified_gmt":"2026-03-31T21:02:06","slug":"diplomado-en-internacionalizacion-de-la-investigacion","status":"publish","type":"page","link":"https:\/\/oui-iohe.org\/es\/diplomado-en-internacionalizacion-de-la-investigacion\/","title":{"rendered":"Diplomado en Internacionalizaci\u00f3n de la Investigaci\u00f3n"},"content":{"rendered":"<div class=\"wpb-content-wrapper\"><p>[vc_row][vc_column][vc_custom_heading text=\u00bbDiplomado en Internacionalizaci\u00f3n de la Investigaci\u00f3n\u00bb font_container=\u00bbtag:h1|text_align:left\u00bb use_theme_fonts=\u00bbyes\u00bb css=\u00bb\u00bb][\/vc_column][\/vc_row][vc_row full_width=\u00bbstretch_row\u00bb css=\u00bb.vc_custom_1637534821806{background-color: #f1f1f1 !important;}\u00bb][vc_column][vc_column_text css=\u00bb\u00bb]<span style=\"font-weight: 400;\">En un contexto global en el que la generaci\u00f3n y circulaci\u00f3n del conocimiento se ha convertido en un factor clave para el desarrollo acad\u00e9mico, cient\u00edfico y social, las instituciones de educaci\u00f3n superior enfrentan el desaf\u00edo de fortalecer la proyecci\u00f3n internacional de su investigaci\u00f3n y maximizar su impacto en su regi\u00f3n. La internacionalizaci\u00f3n de la investigaci\u00f3n implica la movilidad acad\u00e9mica o la cooperaci\u00f3n institucional,\u00a0 as\u00ed como la capacidad de posicionar estrat\u00e9gicamente la producci\u00f3n cient\u00edfica en redes, espacios y agendas globales.<\/span><\/p>\n<p><span style=\"font-weight: 400;\">En este marco, el Diplomado en Internacionalizaci\u00f3n de la Investigaci\u00f3n\u00a0 se desarrolla bajo un enfoque por competencias, con el prop\u00f3sito de fortalecer las capacidades de investigadores, gestores acad\u00e9micos e instituciones para proyectar estrat\u00e9gicamente la investigaci\u00f3n, evaluar su alcance y consolidar su posicionamiento a nivel nacional e internacional. El programa integra herramientas conceptuales, metodol\u00f3gicas y operativas que permiten transformar la producci\u00f3n cient\u00edfica en impacto acad\u00e9mico, social e institucional verificable, promoviendo pr\u00e1cticas de comunicaci\u00f3n cient\u00edfica, evaluaci\u00f3n y visibilizaci\u00f3n alineadas con los desaf\u00edos contempor\u00e1neos de la ciencia.<\/span><\/p>\n<p><span style=\"font-weight: 400;\">Este Diplomado est\u00e1 dise\u00f1ado para contribuir al desarrollo de capacidades que impulsen una investigaci\u00f3n m\u00e1s visible, conectada regional y\u00a0 globalmente y orientada a la generaci\u00f3n de valor acad\u00e9mico y social.<\/span>[\/vc_column_text][\/vc_column][\/vc_row][vc_row][vc_column width=\u00bb1\/2&#8243;][vc_custom_heading text=\u00bbObjetivo\u00bb use_theme_fonts=\u00bbyes\u00bb][vc_column_text css=\u00bb\u00bb]<\/p>\n<p style=\"font-weight: 400;\"><span style=\"font-weight: 400;\">Desarrollar un plan de acci\u00f3n con estrategias institucionales de investigaci\u00f3n que propicien la difusi\u00f3n y visibilizaci\u00f3n cient\u00edfica y que contribuyan a fortalecer el impacto acad\u00e9mico, social, regional\u00a0 e internacional de la producci\u00f3n investigativa de la educaci\u00f3n superior.<\/span><\/p>\n<p>[\/vc_column_text][\/vc_column][vc_column width=\u00bb1\/2&#8243;][vc_custom_heading text=\u00bbDirigido a\u00bb use_theme_fonts=\u00bbyes\u00bb][vc_column_text css=\u00bb\u00bb]<span style=\"font-weight: 400;\">Profesores Investigadores y Gestores de investigaci\u00f3n\u00a0 de instituciones de educaci\u00f3n superior.<\/span>[\/vc_column_text][\/vc_column][\/vc_row][vc_row][vc_column][vc_custom_heading text=\u00bbPerfil de egreso\u00bb use_theme_fonts=\u00bbyes\u00bb][vc_column_text]El programa desarrolla capacidades para que el participante:<\/p>\n<p>\u2022 Utilice herramientas digitales de gesti\u00f3n de la informaci\u00f3n y desarrolle su \u201chuella acad\u00e9mica digital\u201d.<br \/>\n\u2022 Aplique estrategias eficaces para mejorar la visibilidad de su producci\u00f3n acad\u00e9mica y la de su instituci\u00f3n.<br \/>\n\u2022 Contribuya al desarrollo de la pol\u00edtica cient\u00edfica de su instituci\u00f3n orientada a incrementar la calidad y cantidad de la producci\u00f3n acad\u00e9mica internacionalmente visible.[\/vc_column_text][\/vc_column][\/vc_row][vc_row][vc_column][vc_separator color=\u00bbiohe-orange\u00bb border_width=\u00bb6&#8243;][\/vc_column][\/vc_row][vc_row][vc_column width=\u00bb1\/2&#8243;][vc_toggle title=\u00bbContenidos\u00bb style=\u00bbround_outline\u00bb color=\u00bbgreen\u00bb size=\u00bblg\u00bb css=\u00bb\u00bb]<\/p>\n<ol>\n<li style=\"font-weight: 400;\" aria-level=\"1\"><span style=\"font-weight: 400;\">Internacionalizaci\u00f3n estrat\u00e9gica de la investigaci\u00f3n<\/span><\/li>\n<li style=\"font-weight: 400;\" aria-level=\"1\"><span style=\"font-weight: 400;\">Comunicaci\u00f3n estrat\u00e9gica y posicionamiento de la ciencia<\/span><\/li>\n<li style=\"font-weight: 400;\" aria-level=\"1\"><span style=\"font-weight: 400;\">Evaluaci\u00f3n de la producci\u00f3n cient\u00edfica y m\u00e9tricas de impacto<\/span><\/li>\n<li style=\"font-weight: 400;\" aria-level=\"1\"><span style=\"font-weight: 400;\">Impacto social, ciencia abierta e incidencia internacional<\/span><\/li>\n<\/ol>\n<p>[\/vc_toggle][vc_toggle title=\u00bbDuraci\u00f3n\u00bb style=\u00bbround_outline\u00bb color=\u00bbgreen\u00bb size=\u00bblg\u00bb css=\u00bb\u00bb]01 de septiembre\u00a0 al 22 de diciembre de 2026<\/p>\n<ul>\n<li>16 semanas<\/li>\n<\/ul>\n<p>[\/vc_toggle][\/vc_column][vc_column width=\u00bb1\/2&#8243;][vc_toggle title=\u00bbEquipo Docente\u00bb style=\u00bbround_outline\u00bb color=\u00bbgreen\u00bb size=\u00bblg\u00bb css=\u00bb\u00bb]<\/p>\n<div><strong><img loading=\"lazy\" decoding=\"async\" class=\"alignnone wp-image-18291\" src=\"https:\/\/oui-iohe.org\/wp-content\/uploads\/2025\/03\/Ricardo-Villegas.png\" alt=\"\" width=\"150\" height=\"150\" srcset=\"https:\/\/oui-iohe.org\/wp-content\/uploads\/2025\/03\/Ricardo-Villegas.png 200w, https:\/\/oui-iohe.org\/wp-content\/uploads\/2025\/03\/Ricardo-Villegas-150x150.png 150w\" sizes=\"auto, (max-width: 150px) 100vw, 150px\" \/><\/strong><\/div>\n<div><\/div>\n<div><strong>Dr. Ricardo Villegas<\/strong><br \/>\n<strong>Director del Centro de Educaci\u00f3n Internacional<\/strong><br \/>\n<strong>Benem\u00e9rita Universidad Aut\u00f3noma de Puebla (BUAP)<\/strong><br \/>\n<strong>M\u00e9xico<\/strong><\/div>\n<p>Doctor en Ciencias de Gobierno con una investigaci\u00f3n sobre la calidad de los datos abiertos, M\u00e1ster en Gesti\u00f3n de la Informaci\u00f3n por la UOC y en Derecho de la Propiedad Intelectual por la Universidad de Tur\u00edn y la OMP (cum laude) y licenciado en Derecho por la Universidad de las Am\u00e9ricas Puebla. Desde 2017, colabora semanalmente en la radio universitaria sobre temas de sistemas de informaci\u00f3n.<\/p>\n<p>Con m\u00e1s de 20 a\u00f1os de experiencia en informaci\u00f3n cient\u00edfica, ha trabajado como bibliotecario y director en diversas \u00e1reas de la Benem\u00e9rita Universidad Aut\u00f3noma de Puebla (BUAP). Desde 2017, coordina la Producci\u00f3n Acad\u00e9mica y Visibilidad Internacional, ayudando a investigadores a posicionar sus trabajos en medios editoriales de impacto global. Tambi\u00e9n imparte seminarios sobre derechos de autor y ha participado en conferencias, publicaciones y consultor\u00edas relacionadas.[\/vc_toggle][vc_toggle title=\u00bbInversi\u00f3n\u00bb style=\u00bbround_outline\u00bb color=\u00bbgreen\u00bb size=\u00bblg\u00bb css=\u00bb\u00bb]<strong>DIPLOMADO i2<\/strong><\/p>\n<table width=\"358\">\n<tbody>\n<tr>\n<td width=\"159\"><strong>COSTOS INSCRIPCI\u00d3N<\/strong><\/td>\n<td width=\"88\"><strong>Particular<\/strong><\/td>\n<td width=\"111\"><strong>Miembro OUI<\/strong><\/td>\n<\/tr>\n<tr>\n<td width=\"159\">Un participante<\/td>\n<td width=\"88\">900 USD<\/td>\n<td width=\"111\">720 USD<\/td>\n<\/tr>\n<tr>\n<td width=\"159\">Participante adicional<\/td>\n<td width=\"88\">765 USD<\/td>\n<td width=\"111\">612 USD<\/td>\n<\/tr>\n<\/tbody>\n<\/table>\n<p>&nbsp;<\/p>\n<p><strong>M\u00d3DULO i2<\/strong><\/p>\n<table width=\"358\">\n<tbody>\n<tr>\n<td width=\"159\"><strong>COSTOS INSCRIPCI\u00d3N<\/strong><\/td>\n<td width=\"88\"><strong>Particular<\/strong><\/td>\n<td width=\"111\"><strong>Miembro OUI<\/strong><\/td>\n<\/tr>\n<tr>\n<td width=\"159\">Un participante<\/td>\n<td width=\"88\">250 USD<\/td>\n<td width=\"111\">200 USD<\/td>\n<\/tr>\n<tr>\n<td width=\"159\">Participante adicional<\/td>\n<td width=\"88\">213 USD<\/td>\n<td width=\"111\">170 USD<\/td>\n<\/tr>\n<\/tbody>\n<\/table>\n<p>[\/vc_toggle][\/vc_column][\/vc_row][vc_row][vc_column width=\u00bb1\/2&#8243;][vc_btn title=\u00bbInscripci\u00f3n\u00bb style=\u00bbflat\u00bb shape=\u00bbsquare\u00bb color=\u00bbiohe-orange\u00bb link=\u00bburl:https%3A%2F%2Fdocs.google.com%2Fforms%2Fd%2Fe%2F1FAIpQLSf89tNJlapdpJqytLDZ0bhUz84xmXbpijZ0i-nHQBe4-FTcWw%2Fviewform%3Fusp%3Dsf_link%20||target:%20_blank|\u00bb][vc_column_text css=\u00bb\u00bb]Cierre de Inscripciones: 14 de agosto de 2026[\/vc_column_text][vc_btn title=\u00bbInscripci\u00f3n por m\u00f3dulos\u00bb style=\u00bbflat\u00bb shape=\u00bbsquare\u00bb color=\u00bbiohe-orange\u00bb css=\u00bb\u00bb link=\u00bburl:%20https%3A%2F%2Fdocs.google.com%2Fforms%2Fd%2Fe%2F1FAIpQLSeEFe1cjPFsiAL_pkk1ruTXZllTNnrlWQN_rct5h4JbUVp4RA%2Fviewform%3Fusp%3Ddialog%20|target:_blank\u00bb][\/vc_column][vc_column width=\u00bb1\/2&#8243;][vc_btn title=\u00bbConvocatoria becas oui 2026&#8243; style=\u00bbflat\u00bb shape=\u00bbsquare\u00bb color=\u00bbiohe-orange\u00bb css=\u00bb\u00bb link=\u00bburl:https%3A%2F%2Foui-iohe.org%2Fes%2Fconvocatoriai2%2F|target:_blank\u00bb][vc_column_text css=\u00bb\u00bb]Cierre de solicitudes: 31 de julio de 2026[\/vc_column_text][\/vc_column][\/vc_row][vc_row][vc_column][vc_separator color=\u00bbiohe-orange\u00bb border_width=\u00bb6&#8243;][\/vc_column][\/vc_row][vc_row][vc_column][vc_column_text]*Este curso certifica la adquisici\u00f3n de las competencias mediante una <a href=\"https:\/\/oui-iohe.org\/es\/insignia\/\"><strong>Insignia Digital<\/strong> <strong>Acreditta<\/strong><\/a>[\/vc_column_text][vc_column_text css=\u00bb\u00bb]<a href=\"https:\/\/oui-iohe.org\/es\/events\/curso-com-visibilidad-produccion-academica-cientifica\/\">Clic aqu\u00ed<\/a> para guardar este evento en su calendario[\/vc_column_text][\/vc_column][\/vc_row][vc_row full_width=\u00bbstretch_row\u00bb css=\u00bb.vc_custom_1637546693292{background-color: #f1f1f1 !important;}\u00bb][vc_column width=\u00bb1\/2&#8243;][vc_single_image image=\u00bb1245&#8243; img_size=\u00bblarge\u00bb][\/vc_column][vc_column width=\u00bb1\/2&#8243;][vc_custom_heading text=\u00bbContacto\u00bb use_theme_fonts=\u00bbyes\u00bb][vc_column_text]<a href=\"mailto:academia@oui-iohe.org\">academia@oui-iohe.org<\/a>[\/vc_column_text][\/vc_column][\/vc_row]<\/p>\n<\/div>","protected":false},"excerpt":{"rendered":"<p>[vc_row][vc_column][vc_custom_heading text=\u00bbDiplomado en Internacionalizaci\u00f3n de la Investigaci\u00f3n\u00bb font_container=\u00bbtag:h1|text_align:left\u00bb use_theme_fonts=\u00bbyes\u00bb css=\u00bb\u00bb][\/vc_column][\/vc_row][vc_row full_width=\u00bbstretch_row\u00bb css=\u00bb.vc_custom_1637534821806{background-color: #f1f1f1 !important;}\u00bb][vc_column][vc_column_text css=\u00bb\u00bb]En un contexto global en el [&hellip;]<\/p>\n","protected":false},"author":4,"featured_media":20757,"parent":0,"menu_order":0,"comment_status":"closed","ping_status":"closed","template":"","meta":{"_acf_changed":false,"_monsterinsights_skip_tracking":false,"_monsterinsights_sitenote_active":false,"_monsterinsights_sitenote_note":"","_monsterinsights_sitenote_category":0,"footnotes":""},"class_list":["post-6844","page","type-page","status-publish","has-post-thumbnail","hentry"],"acf":[],"aioseo_notices":[],"_links":{"self":[{"href":"https:\/\/oui-iohe.org\/es\/wp-json\/wp\/v2\/pages\/6844","targetHints":{"allow":["GET"]}}],"collection":[{"href":"https:\/\/oui-iohe.org\/es\/wp-json\/wp\/v2\/pages"}],"about":[{"href":"https:\/\/oui-iohe.org\/es\/wp-json\/wp\/v2\/types\/page"}],"author":[{"embeddable":true,"href":"https:\/\/oui-iohe.org\/es\/wp-json\/wp\/v2\/users\/4"}],"replies":[{"embeddable":true,"href":"https:\/\/oui-iohe.org\/es\/wp-json\/wp\/v2\/comments?post=6844"}],"version-history":[{"count":88,"href":"https:\/\/oui-iohe.org\/es\/wp-json\/wp\/v2\/pages\/6844\/revisions"}],"predecessor-version":[{"id":20873,"href":"https:\/\/oui-iohe.org\/es\/wp-json\/wp\/v2\/pages\/6844\/revisions\/20873"}],"wp:featuredmedia":[{"embeddable":true,"href":"https:\/\/oui-iohe.org\/es\/wp-json\/wp\/v2\/media\/20757"}],"wp:attachment":[{"href":"https:\/\/oui-iohe.org\/es\/wp-json\/wp\/v2\/media?parent=6844"}],"curies":[{"name":"wp","href":"https:\/\/api.w.org\/{rel}","templated":true}]}}