{"id":6871,"date":"2020-12-21T21:17:12","date_gmt":"2020-12-22T02:17:12","guid":{"rendered":"https:\/\/oui-iohe.org\/?page_id=6871"},"modified":"2023-04-26T14:14:37","modified_gmt":"2023-04-26T18:14:37","slug":"modulo-estrategias-para-la-movilidad-academica","status":"publish","type":"page","link":"https:\/\/oui-iohe.org\/es\/modulo-estrategias-para-la-movilidad-academica\/","title":{"rendered":"M\u00f3dulo Estrategias para la Movilidad Acad\u00e9mica"},"content":{"rendered":"<div class=\"wpb-content-wrapper\"><p>[vc_row][vc_column][vc_custom_heading text=\u00bb Curso Estrategias para la Movilidad Acad\u00e9mica\u00bb font_container=\u00bbtag:h1|text_align:left\u00bb use_theme_fonts=\u00bbyes\u00bb][\/vc_column][\/vc_row][vc_row full_width=\u00bbstretch_row\u00bb css=\u00bb.vc_custom_1637538493813{background-color: #f1f1f1 !important;}\u00bb][vc_column][vc_column_text]<i><span style=\"font-weight: 400;\">M\u00f3dulo II del <\/span><\/i><b><i>Diplomado en Internacionalizaci\u00f3n de la Educaci\u00f3n Superior DIES<\/i><\/b><b><i>\u00a0<\/i><\/b><\/p>\n<p><span style=\"font-weight: 400;\">La movilidad acad\u00e9mica ya sea de alumnos o docentes, tiene un impacto positivo en las habilidades educativas, en una mejor comprensi\u00f3n de la diversidad cultural as\u00ed como experiencias que impactan en el desarrollo personal y profesional de los implicados. En este m\u00f3dulo se ponen a disposici\u00f3n conocimientos te\u00f3rico-pr\u00e1cticos para llevar a cabo un plan con las mejores estrategias de Movilidad Acad\u00e9mica.\u00a0<\/span><\/p>\n<p><span style=\"font-weight: 400;\">En diferentes espacios de reflexi\u00f3n colaborativa se analizan las experiencias, los proyectos desarrollados por cada\u00a0 instituci\u00f3n participante, compartiendo m\u00faltiples ideas y programas tomando en cuenta los diversos elementos de contexto. Finalmente, cada participante construye etapa por etapa un plan espec\u00edfico para fortalecer la movilidad en su instituci\u00f3n.<\/span>[\/vc_column_text][\/vc_column][\/vc_row][vc_row][vc_column width=\u00bb1\/2&#8243;][vc_custom_heading text=\u00bbObjetivo\u00bb use_theme_fonts=\u00bbyes\u00bb][vc_column_text]<span style=\"font-weight: 400;\">Proveer a los participantes conocimientos y herramientas para gestionar los procesos de internacionalizaci\u00f3n en sus instituciones, con base en un marco estrat\u00e9gico que articula el dise\u00f1o, la implementaci\u00f3n, el monitoreo y la evaluaci\u00f3n de las distintas acciones que hacen parte de dichos procesos.<\/span>[\/vc_column_text][\/vc_column][vc_column width=\u00bb1\/2&#8243;][vc_custom_heading text=\u00bbDirigido a\u00bb use_theme_fonts=\u00bbyes\u00bb][vc_column_text]<span style=\"font-weight: 400;\">Promotores y gestores de la internacionalizaci\u00f3n y cooperaci\u00f3n acad\u00e9mica y cient\u00edfica en las diferentes dependencias institucionales vinculadas con procesos de movilidad y gesti\u00f3n de la internacionalizaci\u00f3n as\u00ed como a profesores que deseen ampliar e internacionalizar su pr\u00e1ctica docente.<\/span>[\/vc_column_text][\/vc_column][\/vc_row][vc_row][vc_column][vc_custom_heading text=\u00bbPerfil de egreso\u00bb use_theme_fonts=\u00bbyes\u00bb][vc_column_text]Al finalizar el programa el egresado tendr\u00e1 capacidades para:<br \/>\n\u2022 Realizar propuestas concretas para la movilidad acad\u00e9mica involucrando los diferentes actores institucionales.<br \/>\n\u2022 Establecer redes de conocimiento y colaboraci\u00f3n con sus pares que le permitan desarrollar acciones de internacionalizaci\u00f3n que impacten en el desarrollo institucional.[\/vc_column_text][\/vc_column][\/vc_row][vc_row][vc_column][vc_separator color=\u00bbiohe-orange\u00bb border_width=\u00bb6&#8243;][\/vc_column][\/vc_row][vc_row][vc_column width=\u00bb1\/2&#8243;][vc_toggle title=\u00bbContenidos\u00bb style=\u00bbround_outline\u00bb color=\u00bbgreen\u00bb size=\u00bblg\u00bb]<\/p>\n<ul>\n<li>UNIDAD 1: La movilidad acad\u00e9mica, retos y oportunidades para la educaci\u00f3n.<\/li>\n<li>UNIDAD 2: Principales \u00e1reas de impacto de la movilidad en el mundo actual.<\/li>\n<li>UNIDAD 3: Construyendo sobre buenos cimientos.<\/li>\n<li>UNIDAD 4: Planificar la movilidad para construir un futuro.<\/li>\n<li>UNIDAD 5: Los acad\u00e9micos e investigadores y la movilidad.<\/li>\n<li>UNIDAD 6: Mejores pr\u00e1cticas en movilidad acad\u00e9mica.<\/li>\n<li>EJERCICIO PR\u00c1CTICO: Dise\u00f1o de proyectos y programas espec\u00edficos de movilidad.<\/li>\n<\/ul>\n<p>[\/vc_toggle][vc_toggle title=\u00bbDuraci\u00f3n\u00bb style=\u00bbround_outline\u00bb color=\u00bbgreen\u00bb size=\u00bblg\u00bb]22 de mayo al 19 de julio de 2023<\/p>\n<ul>\n<li>9 semanas (60 horas lectivas)<\/li>\n<\/ul>\n<p>[\/vc_toggle][\/vc_column][vc_column width=\u00bb1\/2&#8243;][vc_toggle title=\u00bbEquipo docente\u00bb style=\u00bbround_outline\u00bb color=\u00bbgreen\u00bb size=\u00bblg\u00bb]<img loading=\"lazy\" decoding=\"async\" class=\"alignnone size-full wp-image-8571\" src=\"https:\/\/oui-iohe.org\/wp-content\/uploads\/2021\/04\/Norma-Ang\u00e9lica-Ju\u00e1rez.png\" alt=\"\" width=\"174\" height=\"238\" \/><\/p>\n<p><b>Norma Ang\u00e9lica Ju\u00e1rez Salomo (M\u00e9xico)<\/b><\/p>\n<p><span style=\"font-weight: 400;\">Doctora en Innovaciones Pedag\u00f3gicas, Experiencias Alternativas y Nuevas Tecnolog\u00edas. Profesora Investigadora de Tiempo Completo (PITC) y Asesora de Proyectos Estrat\u00e9gicos en la Universidad Aut\u00f3noma del Estado de Morelos, M\u00e9xico. Autora de diversas publicaciones y espacios virtuales para la educaci\u00f3n. <\/span><\/p>\n<p><span style=\"font-weight: 400;\">Ha dedicado su vida a la investigaci\u00f3n, la docencia y al desarrollo y gesti\u00f3n de m\u00faltiples proyectos acad\u00e9micos nacionales e internacionales.<\/span><\/p>\n<p>&nbsp;<\/p>\n<p>&nbsp;<\/p>\n<p><strong><img loading=\"lazy\" decoding=\"async\" class=\"alignnone size-full wp-image-12007\" src=\"https:\/\/oui-iohe.org\/wp-content\/uploads\/2022\/05\/REBECA-JACQUELINE-MURILLO-RUIZ.png\" alt=\"\" width=\"150\" height=\"153\" \/><\/strong><\/p>\n<p><strong>Rebeca Jacqueline Murillo Ruiz (M\u00e9xico)<\/strong><\/p>\n<p><span style=\"font-weight: 400;\">Doctora en Innovaci\u00f3n Educativa por el ITESM-M\u00e9xico. L\u00ednea Movilidad Estudiantil y Educaci\u00f3n Internacional.<\/span><\/p>\n<p><span style=\"font-weight: 400;\">Maestra en Administraci\u00f3n de Instituciones Educativas y Doctora en Innovaci\u00f3n Educativa por el Instituto Tecnol\u00f3gico de Estudios Superiores de Monterrey (ITESM-M\u00e9xico). Doctorado obtenido con una l\u00ednea de investigaci\u00f3n relacionada con el \u00e1mbito de la Movilidad Estudiantil. Egresada de la primera versi\u00f3n del Diplomado de Internacionalizaci\u00f3n de la Educaci\u00f3n Superior (DIES) por el Colegio de las Am\u00e9ricas (COLAM) en conjunto con la Organizaci\u00f3n Universitaria Interamericana (OUI). Cuenta con estudios en Cooperaci\u00f3n Internacional por la Universidad de la Plata, Argentina y por la Universidad Complutense de Madrid, Espa\u00f1a. Miembro activo de la Sociedad Mexicana de Sociedad Comparada (SOMEC) y de la Academia Michoacana de Ciencias (AMICI).\u00a0<\/span><\/p>\n<p><span style=\"font-weight: 400;\">Actualmente se desempe\u00f1a como <\/span><span style=\"font-weight: 400;\">Directora de Asuntos Internacionales<\/span><span style=\"font-weight: 400;\"> en la Universidad Vasco de Quiroga, (UVAQ-M\u00e9xico).<\/span><\/p>\n<p><span style=\"font-weight: 400;\">Desde el a\u00f1o 2016 es la coordinadora operativa del Sistema Universitario de Movilidad Acad\u00e9mica (SUMA), un programa ejecutivo de la Federaci\u00f3n de Instituciones Mexicanas Particulares de Educaci\u00f3n Superior (FIMPES) y desde junio de este 2018, es tambi\u00e9n la coordinadora operativa de la presidencia de la Comisi\u00f3n de Internacionalizaci\u00f3n de la FIMPES.<\/span><\/p>\n<p><span style=\"font-weight: 400;\">Recientemente la Dra. Murillo fue galardonada con el premio \u201cBuenas pr\u00e1cticas en Internacionalizaci\u00f3n de la Educaci\u00f3n Superior-DIES\u201d que se entreg\u00f3 en Bogot\u00e1, Colombia el 25 de octubre del 2019 en el marco de la VI Edici\u00f3n del Congreso de las Am\u00e9ricas para la Educaci\u00f3n Internacional- CAEI.<\/span>[\/vc_toggle][vc_toggle title=\u00bbConferencias\u00bb style=\u00bbround_outline\u00bb color=\u00bbgreen\u00bb size=\u00bblg\u00bb]<strong>Conferencia<\/strong><b> \u00abBuenas pr\u00e1cticas para la movilidad acad\u00e9mica\u00bb<\/b><\/p>\n<p>24 de mayo 2023 a las 13hr Montreal<\/p>\n<p><b><img loading=\"lazy\" decoding=\"async\" class=\"alignnone wp-image-9476 size-thumbnail\" src=\"https:\/\/oui-iohe.org\/wp-content\/uploads\/2021\/08\/genoveva-150x150.png\" alt=\"\" width=\"150\" height=\"150\" \/><\/b><\/p>\n<p><b>Dra.Genoveva Amador<\/b><\/p>\n<p><span style=\"font-weight: 400;\">Ex-directora General de Relaciones Internacionales y Cooperaci\u00f3n Acad\u00e9mica en la Universidad de Colima.<\/span><\/p>\n<p><span style=\"font-weight: 400;\">Doctora en Gerencia y Pol\u00edtica Educativa por el Centro de Estudios Universitarios de Baja California, Maestra en Educaci\u00f3n y Licenciada en Enfermer\u00eda por la Universidad de Colima, Diplomada en Estudios de G\u00e9nero y en T\u00e9cnicas de Investigaci\u00f3n Social.<\/span><\/p>\n<p><span style=\"font-weight: 400;\">Es coautora de 6 libros y coordinadora en 5 de ellos. Sus \u00faltimas publicaciones son: Hern\u00e1ndez y Amador (2020) (Coord), \u201cBuenas pr\u00e1cticas de Internacionalizaci\u00f3n en Casa. Experiencias en la Universidad de Colima\u201d. Hern\u00e1ndez y Amador (2016) (Coord), \u201cLa Dimensi\u00f3n Internacional del Curr\u00edculum\u2026 los primeros pasos en la Universidad de Colima\u201d. Ha publicado 11 cap\u00edtulos de libro y 15 art\u00edculos especializados en revistas nacionales e internacionales. Sus tem\u00e1ticas: Educaci\u00f3n Internacional\/G\u00e9nero y Educaci\u00f3n para la salud. Ha sido reconocida como la Mujer del a\u00f1o por el gobierno del estado de Colima (2002), el Congreso del Estado de Colima le otorg\u00f3 la \u201cPresea Celsa Virgen\u201d por sus contribuciones al campo de la pedagog\u00eda a trav\u00e9s de la internacionalizaci\u00f3n de la Educaci\u00f3n Superior\u201d (2013).<\/span><\/p>\n<p><span style=\"font-weight: 400;\">Ha impartido cursos y talleres sobre internacionalizaci\u00f3n y movilidad estudiantil para la ANUIES y para universidades mexicanas y extranjeras. Adem\u00e1s ha participado como conferencista con temas relacionados con la internacionalizaci\u00f3n de la Educaci\u00f3n Superior en foros nacionales e internacionales a invitaci\u00f3n o por concurso dentro de organizaciones como UMAP en Asia, NAFSA y CONAHEC en Am\u00e9rica del Norte.<\/span><\/p>\n<p><span style=\"font-weight: 400;\">Dirigi\u00f3 la asociaci\u00f3n Colimense de Universitarias ACU (1997-2004) y la Red de movilidad en la Regi\u00f3n Centro Occidente de la ANUIES (2001-2004).<\/span><\/p>\n<p><span style=\"font-weight: 400;\">Ha participado en grupos de especialistas para elaboraci\u00f3n de propuestas acad\u00e9micas nacionales a invitaci\u00f3n de la ANUIES y el CUMEX y ha representado a la Universidad de Colima y a M\u00e9xico en proyectos de gesti\u00f3n de la internacionalizaci\u00f3n ante la UMAP con sede en Jap\u00f3n, Tailandia y Taiw\u00e1n.<\/span>[\/vc_toggle][vc_toggle title=\u00bbInversi\u00f3n\u00bb style=\u00bbround_outline\u00bb color=\u00bbgreen\u00bb size=\u00bblg\u00bb]<\/p>\n<table>\n<tbody>\n<tr>\n<td colspan=\"3\" width=\"374\">INSCRIPCI\u00d3N AL DIPLOMADO<\/td>\n<\/tr>\n<tr>\n<td width=\"151\"><\/td>\n<td width=\"113\">Particular<\/td>\n<td width=\"110\">Miembro OUI<\/td>\n<\/tr>\n<tr>\n<td width=\"151\">Un participante<\/td>\n<td width=\"113\">$1.800 USD<\/td>\n<td width=\"110\">$1.440 USD<\/td>\n<\/tr>\n<tr>\n<td width=\"151\">Participante adicional<\/td>\n<td width=\"113\">$1.530 USD c\/u<\/td>\n<td width=\"110\">$1.225 USD c\/u<\/td>\n<\/tr>\n<\/tbody>\n<\/table>\n<p>&nbsp;<\/p>\n<table>\n<tbody>\n<tr>\n<td colspan=\"3\" width=\"374\">INSCRIPCI\u00d3N AL M\u00d3DULO<\/td>\n<\/tr>\n<tr>\n<td width=\"151\"><\/td>\n<td width=\"113\">Particular<\/td>\n<td width=\"110\">Miembro OUI<\/td>\n<\/tr>\n<tr>\n<td width=\"151\">Un participante<\/td>\n<td width=\"113\">$700 USD<\/td>\n<td width=\"110\">$560 USD<\/td>\n<\/tr>\n<tr>\n<td width=\"151\">Participante adicional<\/td>\n<td width=\"113\">$595 USD c\/u<\/td>\n<td width=\"110\">$476 USD c\/u<\/td>\n<\/tr>\n<\/tbody>\n<\/table>\n<p>[\/vc_toggle][\/vc_column][\/vc_row][vc_row][vc_column width=\u00bb1\/2&#8243;][vc_btn title=\u00bbinscripci\u00f3n\u00bb style=\u00bbflat\u00bb shape=\u00bbsquare\u00bb color=\u00bbiohe-orange\u00bb link=\u00bburl:%20https%3A%2F%2Fdocs.google.com%2Fforms%2Fd%2Fe%2F1FAIpQLSevrlS-eUmY6oRJuEzEYdsadITuZ4n4lXPOjoKjoPA6Wjc76g%2Fviewform%3Fusp%3Dsf_link%20||target:%20_blank|\u00bb][vc_column_text]Cierre de Inscripciones: 15 de mayo de 2023[\/vc_column_text][\/vc_column][vc_column width=\u00bb1\/2&#8243;][vc_btn title=\u00bbconvocatoria becas oui 2023&#8243; style=\u00bbflat\u00bb shape=\u00bbsquare\u00bb color=\u00bbiohe-orange\u00bb link=\u00bburl:https%3A%2F%2Fforms.gle%2FMcJ4Gx1LRDsCmTRe9||target:%20_blank|\u00bb][vc_column_text]Cierre de solicitudes: 2 de mayo de 2023[\/vc_column_text][\/vc_column][\/vc_row][vc_row][vc_column][vc_column_text]*Este curso certifica la adquisici\u00f3n de las competencias mediante una <a href=\"https:\/\/oui-iohe.org\/es\/insignia\/\"><strong>Insignia Digital Acreditta<\/strong><\/a>[\/vc_column_text][vc_column_text]<a href=\"https:\/\/oui-iohe.org\/es\/events\/modulo-dies-estrategias-para-la-movilidad-academica\/\">Clic aqu\u00ed<\/a> para guardar este evento en su calendario[\/vc_column_text][\/vc_column][\/vc_row][vc_row full_width=\u00bbstretch_row\u00bb css=\u00bb.vc_custom_1637542696662{background-color: #f1f1f1 !important;}\u00bb][vc_column width=\u00bb1\/2&#8243;][vc_single_image image=\u00bb1245&#8243; img_size=\u00bblarge\u00bb][\/vc_column][vc_column width=\u00bb1\/2&#8243;][vc_custom_heading text=\u00bbContacto\u00bb use_theme_fonts=\u00bbyes\u00bb][vc_column_text]<a href=\"mailto:academia@oui-iohe.org\">academia@oui-iohe.org<\/a>[\/vc_column_text][\/vc_column][\/vc_row]<\/p>\n<\/div>","protected":false},"excerpt":{"rendered":"<p>[vc_row][vc_column][vc_custom_heading text=\u00bb Curso Estrategias para la Movilidad Acad\u00e9mica\u00bb font_container=\u00bbtag:h1|text_align:left\u00bb use_theme_fonts=\u00bbyes\u00bb][\/vc_column][\/vc_row][vc_row full_width=\u00bbstretch_row\u00bb css=\u00bb.vc_custom_1637538493813{background-color: #f1f1f1 !important;}\u00bb][vc_column][vc_column_text]M\u00f3dulo II del Diplomado en Internacionalizaci\u00f3n de [&hellip;]<\/p>\n","protected":false},"author":4,"featured_media":10953,"parent":0,"menu_order":0,"comment_status":"closed","ping_status":"closed","template":"","meta":{"_acf_changed":false,"_monsterinsights_skip_tracking":false,"_monsterinsights_sitenote_active":false,"_monsterinsights_sitenote_note":"","_monsterinsights_sitenote_category":0,"footnotes":""},"class_list":["post-6871","page","type-page","status-publish","has-post-thumbnail","hentry"],"acf":[],"aioseo_notices":[],"_links":{"self":[{"href":"https:\/\/oui-iohe.org\/es\/wp-json\/wp\/v2\/pages\/6871","targetHints":{"allow":["GET"]}}],"collection":[{"href":"https:\/\/oui-iohe.org\/es\/wp-json\/wp\/v2\/pages"}],"about":[{"href":"https:\/\/oui-iohe.org\/es\/wp-json\/wp\/v2\/types\/page"}],"author":[{"embeddable":true,"href":"https:\/\/oui-iohe.org\/es\/wp-json\/wp\/v2\/users\/4"}],"replies":[{"embeddable":true,"href":"https:\/\/oui-iohe.org\/es\/wp-json\/wp\/v2\/comments?post=6871"}],"version-history":[{"count":45,"href":"https:\/\/oui-iohe.org\/es\/wp-json\/wp\/v2\/pages\/6871\/revisions"}],"predecessor-version":[{"id":13743,"href":"https:\/\/oui-iohe.org\/es\/wp-json\/wp\/v2\/pages\/6871\/revisions\/13743"}],"wp:featuredmedia":[{"embeddable":true,"href":"https:\/\/oui-iohe.org\/es\/wp-json\/wp\/v2\/media\/10953"}],"wp:attachment":[{"href":"https:\/\/oui-iohe.org\/es\/wp-json\/wp\/v2\/media?parent=6871"}],"curies":[{"name":"wp","href":"https:\/\/api.w.org\/{rel}","templated":true}]}}