{"id":6889,"date":"2020-12-21T22:43:03","date_gmt":"2020-12-22T03:43:03","guid":{"rendered":"https:\/\/oui-iohe.org\/?page_id=6889"},"modified":"2023-01-28T21:39:24","modified_gmt":"2023-01-29T02:39:24","slug":"caei-chile-2021","status":"publish","type":"page","link":"https:\/\/oui-iohe.org\/es\/caei-chile-2021\/","title":{"rendered":"CAEI CHILE- 2021"},"content":{"rendered":"<div class=\"wpb-content-wrapper\"><p>[vc_row][vc_column][vc_custom_heading text=\u00bbCAEI CHILE- 2021&#8243; font_container=\u00bbtag:h2|text_align:left|color:%23b12028&#8243; use_theme_fonts=\u00bbyes\u00bb][\/vc_column][\/vc_row][vc_row][vc_column width=\u00bb1\/3&#8243;][vc_single_image image=\u00bb10982&#8243; img_size=\u00bblarge\u00bb][\/vc_column][vc_column width=\u00bb2\/3&#8243;][vc_custom_heading text=\u00bbPresentaci\u00f3n\u00bb use_theme_fonts=\u00bbyes\u00bb][vc_column_text]La s\u00e9ptima edici\u00f3n del Congreso de las Am\u00e9ricas sobre Educaci\u00f3n Internacional (CAEI) se llev\u00f3 a cabo del 19 al 22 de octubre de 2021 en modalidad virtual. Teniendo por tem\u00e1tica central: \u2018Trazar el Futuro: Fortaleciendo la Comunidad Global de Conocimiento\u2019.[\/vc_column_text][vc_video link=\u00bbhttps:\/\/www.youtube.com\/watch?v=MZn6Oreo0nU\u00bb el_width=\u00bb80&#8243;][vc_column_text]<\/p>\n<p style=\"text-align: justify; background: white;\">Durante esta edici\u00f3n, se realizaron m\u00e1s de 80 sesiones y actividades con asociaciones chilenas, delegaciones internacionales y socios corporativos, enriqueciendo la experiencia de los 1,120 participantes que a trav\u00e9s de nuestra plataforma virtual pudieron entrar en contacto con diferentes organizaciones y profesionales de la educaci\u00f3n internacional de todo el mundo.<\/p>\n<p>[\/vc_column_text][vc_column_text]<\/p>\n<h4><strong>Conferencistas<\/strong>:<\/h4>\n<p>Conferencistas como Jeffrey Sachs \u2013 Director del Centro para el Desarrollo Sostenible y Promotor de los ODS para las Naciones Unidas, Juan Eduardo Vargas \u2013 Subsecretario de Educaci\u00f3n Superior de Chile, Federico Zaragoza \u2013 Rector del College of Southern Nevada, entre otros, enriquecieron el programa acad\u00e9mico e hicieron de la agenda de CAEI Chile-2021 una oportunidad de discusi\u00f3n e intercambio de conocimientos en compa\u00f1\u00eda de los 215 conferencistas que se dieron cita en esta edici\u00f3n.<\/p>\n<p><a href=\"https:\/\/caie-caei.org\/conferencistas-2021\/\">Conozca aqu\u00ed los conferencistas del CAEI 2021<\/a>[\/vc_column_text][vc_column_text]<\/p>\n<h4><strong>Programa Acad\u00e9mico <\/strong><\/h4>\n<p>[\/vc_column_text][vc_toggle title=\u00bbSesiones Plenarias\u00bb style=\u00bbround_outline\u00bb color=\u00bbgreen\u00bb size=\u00bblg\u00bb]Conferencia Magistral de Inauguraci\u00f3n \u2013 19 de octubre<\/p>\n<p>Una oportunidad para escuchar e interactuar con una de las referencias mundiales en materia de desarrollo sostenible y suscitar conciencia sobre la importancia y la urgencia de construir una comunidad global de conocimiento que permita acelerar las colaboraciones institucionales y aportar soluciones a los desaf\u00edos comunes mientras aseguramos la inclusi\u00f3n y la participaci\u00f3n equitativa, promoviendo el desarrollo y garantizando la sostenibilidad a largo plazo.<\/p>\n<p><strong>Panelista<\/strong><\/p>\n<p><strong>Prof. Jeffrey Sachs<\/strong>, Director del Centro para el Desarrollo Sostenible y Promotor de los ODS para las Naciones Unidas, Columbia University, Estados Unidos.<\/p>\n<p>&nbsp;<\/p>\n<p>Sesi\u00f3n Plenaria \u2013 20 de octubre<\/p>\n<p><em>Trazando el Futuro de la Educaci\u00f3n Superior: Perspectivas de Organizaciones Internacionales y Multilaterales <\/em><\/p>\n<p>Esta sesi\u00f3n re\u00fane a representantes de organismos multilaterales y agencias internacionales encargados de promover el desarrollo humano en las Am\u00e9ricas para compartir sus perspectivas, presentar prioridades institucionales, programas e iniciativas destinadas a impulsar el papel de la educaci\u00f3n superior como motor de cambio social y desarrollo.<\/p>\n<p><strong>Panelistas<\/strong><\/p>\n<p><strong>Juan Eduardo Vargas<\/strong>, Subsecretario de Educaci\u00f3n Superior, Min. de Educaci\u00f3n, Chile.<\/p>\n<p><strong>Francesc Pedr\u00f3<\/strong>, Director, Instituto Internacional de la UNESCO para la Educaci\u00f3n Superior en Am\u00e9rica Latina y el Caribe (UNESCO IESALC), Venezuela<\/p>\n<p><strong>Anne Posthuma<\/strong>, Director, Inter-American Centre for Knowledge Development in Vocational Training (ILO\/Cinterfor), Uruguay<\/p>\n<p><strong>Jes\u00fas Giacoman<\/strong>, Director, Departamento de Desarrollo Humano, Educaci\u00f3n y Empleo, Estados Unidos.<\/p>\n<p>&nbsp;<\/p>\n<p>Sesi\u00f3n Plenaria \u2013 21 de octubre<\/p>\n<p><em>La Educaci\u00f3n Superior y su Compromiso ante los Desaf\u00edos Globales<\/em><\/p>\n<p>Esta sesi\u00f3n plenaria re\u00fane a un panel de l\u00edderes de instituciones de investigaci\u00f3n de clase mundial de 3 pa\u00edses diferentes del continente, para compartir su perspectiva sobre los desaf\u00edos m\u00e1s importantes a los que se enfrenta la educaci\u00f3n superior y su visi\u00f3n sobre c\u00f3mo las instituciones se pueden servir de sus actividades acad\u00e9micas y de investigaci\u00f3n para motivar colaboraciones y asociaciones transnacionales que permitan abordar los desaf\u00edos de nuestro tiempo.<\/p>\n<p><strong>Panelistas<\/strong><\/p>\n<p><strong>Sophie D&#8217;Amours<\/strong>, Rectrice, Universit\u00e9 Laval, Canada.<\/p>\n<p><strong>Denise Pires de Carvalho<\/strong>, Reitora, Universidade Federal do Rio de Janeiro (UFRJ) &amp; Talloires Network representative for Latin America, Brasil.<\/p>\n<p><strong>Ennio Vivaldi<\/strong>, Rector, Universidad de Chile, Chile.<\/p>\n<p><strong>David Julien<\/strong>, Executive Director, Conference of the Americas on International Education (CAEI) &amp; Inter-American Organization for Higher Education (OUI-IOHE), Canada.<\/p>\n<p>&nbsp;<\/p>\n<p>Sesi\u00f3n Plenaria \u2013 22 de octubre<\/p>\n<p><em>Trazar el Futuro: Educaci\u00f3n Internacional para las Am\u00e9ricas<\/em><\/p>\n<p>Esta Sesi\u00f3n Plenaria re\u00fane a reconocidos acad\u00e9micos y especialistas en educaci\u00f3n superior con or\u00edgenes geogr\u00e1ficos y experiencias culturales diversas para compartir su perspectiva sobre los desaf\u00edos a los que se enfrenta la educaci\u00f3n superior y la educaci\u00f3n internacional en las Am\u00e9ricas y las formas en que nuestras instituciones pueden hacer aportes trascendentes para el mejoramiento de nuestras sociedades<\/p>\n<p><strong>Panelistas<\/strong><\/p>\n<p><strong>Hans de Wit,<\/strong> Distinguished Fellow and Former Director, Center for International Higher Education, Boston College, Netherlands.<\/p>\n<p><strong>Andr\u00e9s Bernasconi<\/strong>, Director, Centro de Estudios Avanzados sobre Justicia Educacional (CJE), Pontificia Universidad Cat\u00f3lica de Chile (PUC), Chile.<\/p>\n<p><strong>Fanta Aw<\/strong>, Vice President of Campus Life &amp; Inclusive Excellence, American University, Estados Unidos.<\/p>\n<p><strong>Oscar Garrido<\/strong>, Rector, Universidad de Los Lagos y President OUI-IOHE, Chile.[\/vc_toggle][vc_toggle title=\u00bbPaneles de Expertos\u00bb style=\u00bbround_outline\u00bb color=\u00bbgreen\u00bb size=\u00bblg\u00bb]<strong>19 de octubre<\/strong><\/p>\n<p><em>Educaci\u00f3n para el Desarrollo Sostenible: Compromiso de la Educaci\u00f3n Superior<\/em><\/p>\n<p>La comunidad global enfrenta desaf\u00edos que condicionan y pudieran comprometer nuestro futuro. Hemos identificado diversas soluciones, pero el \u00e9xito en su implementaci\u00f3n depende en gran medida de la participaci\u00f3n activa y el compromiso de las instituciones de educaci\u00f3n superior con su entorno. Construir una comunidad global de conocimiento nos ofrece una plataforma para facilitar los intercambios y articular soluciones compartidas a los retos m\u00e1s importantes. En esta sesi\u00f3n aprenderemos c\u00f3mo instituciones altamente comprometidas han adoptado la Agenda 2030 para el Desarrollo Sostenible de las Naciones Unidas y trabajan con sus comunidades para promover el desarrollo y garantizar la sostenibilidad a largo plazo.<\/p>\n<p><strong>Panelistas<\/strong><\/p>\n<p><strong>Josep Vilalta,<\/strong> Director, Global University Network for Innovation (GUNI) &amp; Executive Secretary, Catalan Association of Public Universities (ACUP), Espa\u00f1a.<\/p>\n<p><strong>Brigitte Baptiste<\/strong>, Rectora, Universidad EAN, Colombia.<\/p>\n<p><strong>Eduardo Hebel<\/strong>, Weiss, rector, Universidad de La Frontera, Chile.<\/p>\n<p>&nbsp;<\/p>\n<p><strong>20 de octubre<\/strong><\/p>\n<p><em>Diversidad. Inclusi\u00f3n. Equidad. Un nuevo acuerdo en educaci\u00f3n superior.<\/em><\/p>\n<p>Durante este Panel, l\u00edderes de diferentes regiones del continente discutir\u00e1n sobre la importancia de hacer transformaciones a las estructuras sociales y los sistemas educativos vigentes que afectan a poblaciones vulnerables y desfavorecidas con el fin de asegurar el acceso inclusivo y equitativo a la educaci\u00f3n superior. Los panelistas presentar\u00e1n ejemplos y evidencias de programas e iniciativas institucionales y las formas en que las instituciones de educaci\u00f3n superior, los gobiernos y la sociedad en general pueden articular soluciones inclusivas y participativas a los desaf\u00edos sociales.<\/p>\n<p><strong>Panelistas<\/strong><\/p>\n<p><strong>Daniel Quilaqueo<\/strong>, Director, Centro de Investigaci\u00f3n en Educaci\u00f3n en Contexto Ind\u00edgena e Intercultural, Universidad Cat\u00f3lica de Temuco, Chile.<\/p>\n<p><strong>Wayne Frederick<\/strong>, President, Howard University, Estados Unidos.<\/p>\n<p><strong>Cecilia Paredes<\/strong>, Rectora, Escuela Superior Polit\u00e9cnica del Litoral (ESPOL), Ecuador.<\/p>\n<p><strong>Myrna Cunningham<\/strong>, Presidente del Consejo Ejecutivo, Fondo para el Desarrollo de los Pueblos Ind\u00edgenas de Latinoam\u00e9rica y el Caribe (FILAC), Nicaragua.<\/p>\n<p>&nbsp;<\/p>\n<p><em>La Formaci\u00f3n T\u00e9cnica, Profesional y Vocacional: Herramientas para el Futuro<\/em><\/p>\n<p>En este Panel, representantes de diferentes regiones del continente, l\u00edderes en los sectores de formaci\u00f3n t\u00e9cnica y profesional, abordar\u00e1n la manera en que sus organizaciones y las instituciones que representan est\u00e1n respondiendo a las exigencias y cambios del entorno laboral y adaptando sus instituciones para ofrecer formaci\u00f3n y experiencias educativas pertinentes. Se prestar\u00e1 especial atenci\u00f3n al tipo de iniciativa de colaboraci\u00f3n que haya resultado en asociaciones significativas y de amplio alcance.<\/p>\n<p><strong>Panelistas<\/strong><\/p>\n<p><strong>Juan Pablo Guzm\u00e1n<\/strong>, Rector, Instituto Profesional y Centro de Formaci\u00f3n T\u00e9cnica (IPCFT) Santo Tom\u00e1s y Presidente, Vertebral, Chile<\/p>\n<p><strong>Denise Amyot<\/strong>, President &amp; CEO, Colleges and Institutes Canada (CICan), Canada.<\/p>\n<p><strong>Federico Zaragoza<\/strong>, President, College of Southern Nevada (CSN) &amp; Vicepresident, USA Region OUI-IOHE, Estados Unidos.<\/p>\n<p><strong>Jefferson Manh\u00e3es de Azevedo<\/strong>, President, Instituto Federal Fluminense (IFF) &amp; Vice- President of Institutional Relations, National Council for the Federal Network of Vocational, Scientific and Technological Education, Brasil.<\/p>\n<p>&nbsp;<\/p>\n<p><strong>21 de octubre<\/strong><\/p>\n<p><em>El panorama cambiante de la educaci\u00f3n internacional: Una conversaci\u00f3n global.\u00a0<\/em><\/p>\n<p>En esta mesa redonda, representantes de asociaciones de educaci\u00f3n internacional de diferentes regiones del mundo, compartir\u00e1n con los participantes la perspectiva que tienen diferentes pa\u00edses y regiones del mundo sobre el panorama cambiante de la educaci\u00f3n internacional y como, en consecuencia, est\u00e1n adaptando sus estrategias de internacionalizaci\u00f3n a nivel institucional, nacional o regional.<\/p>\n<p><strong>Panelistas<\/strong><\/p>\n<p><strong>Gerardo Blanco<\/strong>, Associate Professor and Academic Director, Center for International Higher Education, Boston College, Estados Unidos.<\/p>\n<p><strong>Anoek van den Berg<\/strong>, Director of International and Interinstitutional Relations, Universidad de Santiago de Chile (USACH) &amp; President, Internationalization Commission, CRUCH, Chile.<\/p>\n<p><strong>Larissa Bezo<\/strong>, President &amp; CEO, Canadian Bureau for International Education (CBIE), Canada.<\/p>\n<p><strong>Scott Venezia<\/strong>, Dean for International Affairs, CETYS University System, M\u00e9xico.[\/vc_toggle][vc_column_text]<\/p>\n<h4><strong>Expositores<\/strong><\/h4>\n<p>Gobiernos, empresas y delegaciones internacionales como\u00a0EduCanada, EducationUSA, Education New Zealand, DAAD, Jafsa-Jap\u00f3n, CBIE-Canada, Gobierno de Quebec, Study in Switzerland, Study in the Czech Republic, Altissia, Coursera, Unibuddy, UPlanner, View Sonic, entre otros, hicieron parte de la <strong>Expo CAEI 2021<\/strong>. En total,\u00a029 expositores lograron establecer contactos con instituciones y participantes durante el congreso.<\/p>\n<p><a href=\"https:\/\/caie-caei.org\/patrocinios-y-expositores-2021\/\">Conozca m\u00e1s de nuestros expositores y patrocinadores aqu\u00ed.<\/a>[\/vc_column_text][\/vc_column][\/vc_row][vc_row][vc_column][vc_empty_space][\/vc_column][\/vc_row][vc_row][vc_column][vc_custom_heading text=\u00bbWebinarios 2021&#8243; use_theme_fonts=\u00bbyes\u00bb][vc_column_text]El Congreso de las Am\u00e9ricas sobre Educaci\u00f3n Internacional (CAEI) ofrece una serie de webinarios en cada edici\u00f3n e invita a toda la comunidad de educaci\u00f3n superior, as\u00ed como a representantes de los sectores p\u00fablico, privado y de la sociedad civil a participar en diversas conversaciones sobre la innovaci\u00f3n y la internacionalizaci\u00f3n de la educaci\u00f3n superior.[\/vc_column_text][vc_text_separator title=\u00bbWEBINARIO DE LANZAMIENTO CAEI CHILE 2021&#8243;][vc_video link=\u00bbhttps:\/\/www.youtube.com\/watch?v=FrwMLX6oVMA\u00bb el_width=\u00bb70&#8243; align=\u00bbcenter\u00bb][\/vc_column][\/vc_row][vc_row][vc_column width=\u00bb1\/2&#8243;][vc_text_separator title=\u00bbWEBINARIO #1&#8243;][vc_column_text]Fecha:13 mayo<\/p>\n<p><strong>Tema: El futuro del trabajo:<\/strong> <strong>Perspectivas para la formaci\u00f3n t\u00e9cnica y profesional<\/strong><\/p>\n<p>Durante esta sesi\u00f3n los panelistas presentar\u00e1n la situaci\u00f3n actual y el proceso de evoluci\u00f3n que est\u00e1 sufriendo el entorno laboral y la naturaleza del trabajo. En la conversaci\u00f3n abordar\u00e1n los efectos que este proceso tiene en la formaci\u00f3n t\u00e9cnica y profesional as\u00ed como algunas de las acciones que est\u00e1n implementando para responder y adaptarse a estos cambios. Sin duda una discusi\u00f3n que estaremos retomando durante el CAEI virtual de octubre.<\/p>\n<p><strong>Conferencistas:<\/strong><\/p>\n<p><strong>Anne Posthuma<\/strong><\/p>\n<p>Directora, OIT-CINTEFOR, Uruguay.<\/p>\n<p><strong>Federico Zaragoza<\/strong><\/p>\n<p>President, College of Southern Nevada (CSN) &amp; Vicepresident, USA Region OUI-IOHE.<\/p>\n<p><strong>M\u00f3nica Brevis<\/strong><\/p>\n<p>Jefe de Divisi\u00f3n, Educaci\u00f3n Superior T\u00e9cnico Profesional, Ministerio de Educaci\u00f3n Chile.<\/p>\n<p><strong>Idioma:<\/strong> espa\u00f1ol e ingl\u00e9s[\/vc_column_text][vc_video link=\u00bbhttps:\/\/www.youtube.com\/watch?v=dArs1xOHmLs\u00bb][\/vc_column][vc_column width=\u00bb1\/2&#8243;][vc_text_separator title=\u00bbWEBINARIO #2&#8243;][vc_column_text]<strong>Fecha:<\/strong> 31 de agosto de 2021<\/p>\n<p><strong>TEMA:<\/strong> Covid-19 y educaci\u00f3n superior: analizando retos y maximizando oportunidades.<\/p>\n<p>La pandemia de Covid-19 ha causado alteraciones sin precedentes en todos los aspectos de nuestras vidas. En la educaci\u00f3n superior en particular, gener\u00f3 nuevos retos, pero tambi\u00e9n expuso y resalt\u00f3 los ya existentes. Al mismo tiempo, ha enfatizado la importancia de la educaci\u00f3n superior y ha destacado el valor de la colaboraci\u00f3n acad\u00e9mica y cient\u00edfica a nivel global.<\/p>\n<p>A partir de los resultados preliminares de dos encuestas realizadas por IAU e IAUP sobre el impacto de la Covid-19 en la educaci\u00f3n superior en todo el mundo, distinguidos\u00a0<strong>oradores\u00a0<\/strong>de 4 continentes diferentes describir\u00e1n algunos de los principales desaf\u00edos y discutir\u00e1n formas de superar y maximizar las oportunidades creadas por la pandemia.<\/p>\n<p><strong>Conferencistas:<\/strong><\/p>\n<p><strong>Dr.\u00a0Lavern\u00a0Samuels<\/strong><\/p>\n<p>Durban University of Technology, South Africa and<br \/>\nInternational Education Association of South Africa<br \/>\n(IEASA)<\/p>\n<p><strong>Prof. Tetsuo Morishita<\/strong><\/p>\n<p>Sophia University, Japan<br \/>\nJapan Network for International Education (JAFSA)<\/p>\n<p><strong>Prof. Fernando Le\u00f3n Garc\u00eda<\/strong><\/p>\n<p>President, CETYS University, Mexico and President,<br \/>\nInternational Association of University Presidents (IAUP)<\/p>\n<p><strong>Idioma<\/strong>: espa\u00f1ol e ingl\u00e9s.[\/vc_column_text][vc_video link=\u00bbhttps:\/\/www.youtube.com\/watch?v=sZC9rH6n3tQ\u00bb][\/vc_column][\/vc_row][vc_row][vc_column][vc_text_separator title=\u00bbWEBINARIO #3&#8243;][vc_column_text]<strong>Fecha<\/strong>: 22 de septiembre de 2022<\/p>\n<p><strong>Tema:<\/strong> La educaci\u00f3n Superior en Chile: definiciones, avances y experiencias de vinculaci\u00f3n internacional.<\/p>\n<p>Los penalistas presentar\u00e1n el escenario actual de la educaci\u00f3n superior en<\/p>\n<p>Chile, avances e innovaciones que fortalecen el Sistema y el aporte de cara a<\/p>\n<p>la vinculaci\u00f3n internacional. Se presentar\u00e1 el caso de \u00e9xito en vinculaci\u00f3n<\/p>\n<p>cient\u00edfica internacional que hizo posible la vacuna para COVID-19 en Chile.<\/p>\n<p><strong>\u00a0<\/strong><strong>Conferencistas<\/strong>:<\/p>\n<p><strong>Juan Eduardo Vargas<\/strong><\/p>\n<p>Subsecretario de Educaci\u00f3n Superior, Ministerio de Educaci\u00f3n, Chile<\/p>\n<p><strong>Alexis Kalergis<\/strong><\/p>\n<p>Profesor y Director, Millennium Institute Immunology and<\/p>\n<p>Immunotherapy, FOCIS Center of Excellence, Pontificia Universidad Cat\u00f3lica<\/p>\n<p>de Chile.<\/p>\n<p><strong>Idioma<\/strong>: espa\u00f1ol e ingl\u00e9s[\/vc_column_text][vc_video link=\u00bbhttps:\/\/www.youtube.com\/watch?v=sZC9rH6n3tQ\u00bb el_width=\u00bb50&#8243;][\/vc_column][\/vc_row][vc_row][vc_column][\/vc_column][\/vc_row]<\/p>\n<\/div>","protected":false},"excerpt":{"rendered":"<p>[vc_row][vc_column][vc_custom_heading text=\u00bbCAEI CHILE- 2021&#8243; font_container=\u00bbtag:h2|text_align:left|color:%23b12028&#8243; use_theme_fonts=\u00bbyes\u00bb][\/vc_column][\/vc_row][vc_row][vc_column width=\u00bb1\/3&#8243;][vc_single_image image=\u00bb10982&#8243; img_size=\u00bblarge\u00bb][\/vc_column][vc_column width=\u00bb2\/3&#8243;][vc_custom_heading text=\u00bbPresentaci\u00f3n\u00bb use_theme_fonts=\u00bbyes\u00bb][vc_column_text]La s\u00e9ptima edici\u00f3n del Congreso de las Am\u00e9ricas sobre [&hellip;]<\/p>\n","protected":false},"author":4,"featured_media":0,"parent":0,"menu_order":0,"comment_status":"closed","ping_status":"closed","template":"","meta":{"_acf_changed":false,"_monsterinsights_skip_tracking":false,"_monsterinsights_sitenote_active":false,"_monsterinsights_sitenote_note":"","_monsterinsights_sitenote_category":0,"footnotes":""},"class_list":["post-6889","page","type-page","status-publish","hentry"],"acf":[],"aioseo_notices":[],"_links":{"self":[{"href":"https:\/\/oui-iohe.org\/es\/wp-json\/wp\/v2\/pages\/6889","targetHints":{"allow":["GET"]}}],"collection":[{"href":"https:\/\/oui-iohe.org\/es\/wp-json\/wp\/v2\/pages"}],"about":[{"href":"https:\/\/oui-iohe.org\/es\/wp-json\/wp\/v2\/types\/page"}],"author":[{"embeddable":true,"href":"https:\/\/oui-iohe.org\/es\/wp-json\/wp\/v2\/users\/4"}],"replies":[{"embeddable":true,"href":"https:\/\/oui-iohe.org\/es\/wp-json\/wp\/v2\/comments?post=6889"}],"version-history":[{"count":27,"href":"https:\/\/oui-iohe.org\/es\/wp-json\/wp\/v2\/pages\/6889\/revisions"}],"predecessor-version":[{"id":13419,"href":"https:\/\/oui-iohe.org\/es\/wp-json\/wp\/v2\/pages\/6889\/revisions\/13419"}],"wp:attachment":[{"href":"https:\/\/oui-iohe.org\/es\/wp-json\/wp\/v2\/media?parent=6889"}],"curies":[{"name":"wp","href":"https:\/\/api.w.org\/{rel}","templated":true}]}}