{"id":7500,"date":"2021-01-27T19:29:40","date_gmt":"2021-01-28T00:29:40","guid":{"rendered":"https:\/\/oui-iohe.org\/?page_id=7500"},"modified":"2026-03-12T17:55:32","modified_gmt":"2026-03-12T21:55:32","slug":"oferta-formativa","status":"publish","type":"page","link":"https:\/\/oui-iohe.org\/es\/oferta-formativa\/","title":{"rendered":"Nuestra oferta formativa 2026"},"content":{"rendered":"<div class=\"wpb-content-wrapper\"><p>[vc_row][vc_column][vc_custom_heading source=\u00bbpost_title\u00bb font_container=\u00bbtag:h1|text_align:left\u00bb use_theme_fonts=\u00bbyes\u00bb][\/vc_column][\/vc_row][vc_row][vc_column][vc_column_text]La OUI reconoce en la formaci\u00f3n continua una herramienta indispensable para el desarrollo de las IES de las Am\u00e9ricas, por ello, pone a disposici\u00f3n de su membres\u00eda actividades estrat\u00e9gicas de formaci\u00f3n, orientadas a analizar las tendencias, desaf\u00edos sectoriales y perspectivas a futuro en temas prioritarios para la gesti\u00f3n y gobernanza de la educaci\u00f3n superior:[\/vc_column_text][\/vc_column][\/vc_row][vc_row][vc_column][vc_single_image image=\u00bb20625&#8243; img_size=\u00bbfull\u00bb alignment=\u00bbcenter\u00bb onclick=\u00bbcustom_link\u00bb img_link_target=\u00bb_blank\u00bb css=\u00bb\u00bb link=\u00bbhttps:\/\/oui-iohe.org\/es\/curso-politicas-de-genero\u00bb][\/vc_column][\/vc_row][vc_row][vc_column][vc_single_image image=\u00bb20629&#8243; img_size=\u00bbfull\u00bb alignment=\u00bbcenter\u00bb onclick=\u00bbcustom_link\u00bb img_link_target=\u00bb_blank\u00bb css=\u00bb\u00bb link=\u00bbhttps:\/\/oui-iohe.org\/es\/diplomado-en-internacionalizacion-de-la-educacion-superior\/\u00bb][\/vc_column][\/vc_row][vc_row][vc_column][vc_single_image image=\u00bb20633&#8243; img_size=\u00bbfull\u00bb alignment=\u00bbcenter\u00bb onclick=\u00bbcustom_link\u00bb img_link_target=\u00bb_blank\u00bb css=\u00bb\u00bb link=\u00bbhttps:\/\/oui-iohe.org\/es\/curso-diseno-y-planificacion-para-la-implementacion-de-intervenciones-educativas-en-ambientes-coil\/\u00bb][\/vc_column][\/vc_row][vc_row][vc_column][vc_single_image image=\u00bb20637&#8243; img_size=\u00bbfull\u00bb alignment=\u00bbcenter\u00bb onclick=\u00bbcustom_link\u00bb img_link_target=\u00bb_blank\u00bb css=\u00bb\u00bb link=\u00bbhttps:\/\/oui-iohe.org\/es\/curso-gestion-estrategica-de-la-sostenibilidad-en-la-educacion-superior\/\u00bb][\/vc_column][\/vc_row][vc_row][vc_column][vc_single_image image=\u00bb20641&#8243; img_size=\u00bbfull\u00bb alignment=\u00bbcenter\u00bb onclick=\u00bbcustom_link\u00bb img_link_target=\u00bb_blank\u00bb css=\u00bb\u00bb link=\u00bbhttps:\/\/oui-iohe.org\/es\/curso-iglu-virtual\/\u00bb][\/vc_column][\/vc_row][vc_row][vc_column][vc_single_image image=\u00bb20788&#8243; img_size=\u00bbfull\u00bb alignment=\u00bbcenter\u00bb onclick=\u00bbcustom_link\u00bb img_link_target=\u00bb_blank\u00bb css=\u00bb\u00bb link=\u00bbhttps:\/\/oui-iohe.org\/es\/diplomado-en-internacionalizacion-de-la-investigacion\/\u00bb][\/vc_column][\/vc_row][vc_row][vc_column][vc_text_separator title=\u00bbRecursos Gratuitos de Formaci\u00f3n\u00bb css=\u00bb\u00bb][\/vc_column][\/vc_row][vc_row][vc_column][vc_single_image image=\u00bb19346&#8243; img_size=\u00bbfull\u00bb alignment=\u00bbcenter\u00bb onclick=\u00bbcustom_link\u00bb img_link_target=\u00bb_blank\u00bb css=\u00bb\u00bb link=\u00bbhttps:\/\/oui-iohe.org\/es\/curso-introduccion-a-las-competencias-interculturales\/\u00bb][\/vc_column][\/vc_row][vc_row][vc_column][vc_single_image image=\u00bb19517&#8243; img_size=\u00bbfull\u00bb alignment=\u00bbcenter\u00bb onclick=\u00bbcustom_link\u00bb img_link_target=\u00bb_blank\u00bb css=\u00bb\u00bb link=\u00bbhttps:\/\/oui-iohe.org\/es\/mooc-emovies-curso-introduccion-al-aprendizaje-coil\/\u00bb][\/vc_column][\/vc_row][vc_row][vc_column][vc_single_image image=\u00bb19350&#8243; img_size=\u00bbfull\u00bb alignment=\u00bbcenter\u00bb onclick=\u00bbcustom_link\u00bb img_link_target=\u00bb_blank\u00bb css=\u00bb\u00bb link=\u00bbhttps:\/\/oui-iohe.org\/es\/curso-docencia-y-aprendizaje-en-contextos-interculturales\/\u00bb][\/vc_column][\/vc_row]<\/p>\n<\/div>","protected":false},"excerpt":{"rendered":"<p>[vc_row][vc_column][vc_custom_heading source=\u00bbpost_title\u00bb font_container=\u00bbtag:h1|text_align:left\u00bb use_theme_fonts=\u00bbyes\u00bb][\/vc_column][\/vc_row][vc_row][vc_column][vc_column_text]La OUI reconoce en la formaci\u00f3n continua una herramienta indispensable para el desarrollo de las IES de [&hellip;]<\/p>\n","protected":false},"author":4,"featured_media":0,"parent":0,"menu_order":0,"comment_status":"closed","ping_status":"closed","template":"","meta":{"_acf_changed":false,"_monsterinsights_skip_tracking":false,"_monsterinsights_sitenote_active":false,"_monsterinsights_sitenote_note":"","_monsterinsights_sitenote_category":0,"footnotes":""},"class_list":["post-7500","page","type-page","status-publish","hentry"],"acf":[],"aioseo_notices":[],"_links":{"self":[{"href":"https:\/\/oui-iohe.org\/es\/wp-json\/wp\/v2\/pages\/7500","targetHints":{"allow":["GET"]}}],"collection":[{"href":"https:\/\/oui-iohe.org\/es\/wp-json\/wp\/v2\/pages"}],"about":[{"href":"https:\/\/oui-iohe.org\/es\/wp-json\/wp\/v2\/types\/page"}],"author":[{"embeddable":true,"href":"https:\/\/oui-iohe.org\/es\/wp-json\/wp\/v2\/users\/4"}],"replies":[{"embeddable":true,"href":"https:\/\/oui-iohe.org\/es\/wp-json\/wp\/v2\/comments?post=7500"}],"version-history":[{"count":76,"href":"https:\/\/oui-iohe.org\/es\/wp-json\/wp\/v2\/pages\/7500\/revisions"}],"predecessor-version":[{"id":20792,"href":"https:\/\/oui-iohe.org\/es\/wp-json\/wp\/v2\/pages\/7500\/revisions\/20792"}],"wp:attachment":[{"href":"https:\/\/oui-iohe.org\/es\/wp-json\/wp\/v2\/media?parent=7500"}],"curies":[{"name":"wp","href":"https:\/\/api.w.org\/{rel}","templated":true}]}}