{"id":9018,"date":"2021-06-15T11:28:25","date_gmt":"2021-06-15T15:28:25","guid":{"rendered":"https:\/\/oui-iohe.org\/?page_id=9018"},"modified":"2024-08-02T11:26:57","modified_gmt":"2024-08-02T15:26:57","slug":"convocatoria-caribbean-university-oui","status":"publish","type":"page","link":"https:\/\/oui-iohe.org\/es\/convocatoria-caribbean-university-oui\/","title":{"rendered":"Convocatoria Caribbean University  OUI"},"content":{"rendered":"<div class=\"wpb-content-wrapper\"><p>[vc_row][vc_column][vc_custom_heading text=\u00bbPrograma Conjunto de Becas OUI\u00bb font_container=\u00bbtag:h1|text_align:left\u00bb use_theme_fonts=\u00bbyes\u00bb][vc_custom_heading text=\u00bbConvocatoria Becas Conjuntas Caribbean University &#8211; Organizaci\u00f3n Universitaria Interamericana\u00bb use_theme_fonts=\u00bbyes\u00bb][\/vc_column][\/vc_row][vc_row][vc_column][vc_column_text css=\u00bb\u00bb]<span style=\"font-weight: 400;\">La <b>Escuela Graduada de Caribbean University<\/b>, Puerto Rico, y la <b>Organizaci\u00f3n Universitaria Interamericana (OUI)<\/b> ofrecen a la membres\u00eda regular activa de la OUI que est\u00e9 al d\u00eda con sus obligaciones estatutarias, <b>dos becas completas de estudio virtual o mixto en el \u00e1rea de educaci\u00f3n, una para nivel de maestr\u00eda y otra para nivel de doctorado (dos candidatos diferentes) <\/b>para el segundo semestre de 2024, dirigidas a docentes, investigadores y directivos de instituciones de educaci\u00f3n superior <\/span><a href=\"https:\/\/oui-iohe.org\/es\/miembros-oui\/\"><span style=\"font-weight: 400;\">miembro de la OUI<\/span><\/a><span style=\"font-weight: 400;\">.<\/span><\/p>\n<h3><strong>Beneficios de la beca<\/strong><\/h3>\n<ul>\n<li><span style=\"font-weight: 400;\">La beca cubre el 100% de los costos de matr\u00edcula (costo de los cr\u00e9ditos del programa).<\/span><\/li>\n<li><span style=\"font-weight: 400;\">El participante debe cubrir los cargos administrativos, tecnol\u00f3gicos y de biblioteca, calculados seg\u00fan el n\u00famero de cr\u00e9ditos por trimestre:<\/span><\/li>\n<li><span style=\"font-weight: 400;\">Si el estudiante toma 6 cr\u00e9ditos o m\u00e1s por trimestre debe pagar una cuota de $220.00 USD por t\u00e9rmino*.<\/span><\/li>\n<li><span style=\"font-weight: 400;\">Si el estudiante toma 5 cr\u00e9ditos o menos por trimestre debe pagar una cuota de $165.00 USD por t\u00e9rmino*.<\/span><\/li>\n<li><span style=\"font-weight: 400;\">El participante debe cubrir los costos de graduaci\u00f3n.<\/span><\/li>\n<li><span style=\"font-weight: 400;\">Los estudios de Maestr\u00eda y de Doctorado se realizar\u00e1n en modalidad virtual o mixta** y en espa\u00f1ol.<\/span><\/li>\n<li>Los costos totales para los estudiantes en modalidad mixta de Maestr\u00eda se calculan entre los $24,000.00 USD y $25,000.00 USD, incluyendo vivienda y alimentaci\u00f3n. M\u00e1s informaci\u00f3n\u00a0<a href=\"https:\/\/drive.google.com\/file\/d\/1hogwVVnV1wBbdUUGLCdBL-SrL4IZ6ucp\/view?usp=sharing\" target=\"_blank\" rel=\"noopener\" data-saferedirecturl=\"https:\/\/www.google.com\/url?q=https:\/\/drive.google.com\/file\/d\/1hogwVVnV1wBbdUUGLCdBL-SrL4IZ6ucp\/view?usp%3Dsharing&amp;source=gmail&amp;ust=1709221317834000&amp;usg=AOvVaw0z3wdQ0YLs_k5PHjLbGrTw\">AQU\u00cd<\/a>.<\/li>\n<\/ul>\n<p><span style=\"font-weight: 400;\">*En Caribbean University, un t\u00e9rmino equivale a un per\u00edodo de 8 semanas.<\/span><\/p>\n<p><span style=\"font-weight: 400;\">**En el caso de la beca para nivel de maestr\u00eda, se podr\u00e1 optar por una especialidad en modalidad mixta. La proporci\u00f3n ser\u00e1 de hasta 51% del cursado presencial y 49% en l\u00ednea; los porcentajes depender\u00e1n de las programaciones de cursos que se definan con base a las matr\u00edculas y necesidad en cada programa.<\/span>[\/vc_column_text][vc_column_text]<\/p>\n<h3><strong>Oferta Acad\u00e9mica<\/strong><\/h3>\n<p>[\/vc_column_text][vc_column_text]<b>Beca de Maestr\u00eda en Educaci\u00f3n (Una beca en el programa de su predilecci\u00f3n)<\/b><\/p>\n<ul>\n<li aria-level=\"1\"><b><i>MAESTR\u00cdA EN EDUCACI\u00d3N CON ESPECIALIDAD EN ADMINISTRACI\u00d3N Y SUPERVISI\u00d3N EDUCATIVA (Virtual).<\/i><\/b><\/li>\n<\/ul>\n<p><span style=\"font-weight: 400;\">La especialidad en Administraci\u00f3n y Supervisi\u00f3n Educativa aspira a desarrollar profesionales de la educaci\u00f3n, comprometidos con la b\u00fasqueda de alternativas que mejores, tanto la educaci\u00f3n como la calidad de vida de nuestro pueblo; con los conocimientos, destrezas y actitudes necesarias para reconocer las implicaciones del cambio y social en el desarrollo educativo y demostrar su liderazgo al manejar el mismo.<\/span><\/p>\n<ul>\n<li aria-level=\"1\"><b><i>MAESTR\u00cdA EN ARTES EN EDUCACI\u00d3N CON ESPECIALIDAD EN TECNOLOG\u00cdA EDUCATIVA EN SISTEMAS DE INSTRUCCI\u00d3N (Virtual).<\/i><\/b><\/li>\n<\/ul>\n<p><span style=\"font-weight: 400;\">Tiene como fin contribuir al cambio en los paradigmas educativos contempor\u00e1neos preparando educadores de vanguardia y liderazgo con altos est\u00e1ndares de excelencia en el dise\u00f1o, desarrollo, implantaci\u00f3n y evaluaci\u00f3n de la tecnolog\u00eda en el ambiente educativo, sin obviar la funci\u00f3n social del ser humano en este proceso.<\/span><\/p>\n<ul>\n<li aria-level=\"1\"><b><i>MAESTR\u00cdA EN ARTES EN EDUCACI\u00d3N EN CURR\u00cdCULO CON ESPECIALIDAD EN CIENCIAS (Virtual).<\/i><\/b><\/li>\n<\/ul>\n<p><span style=\"font-weight: 400;\">El programa de Maestr\u00eda en Artes en Educaci\u00f3n en Curr\u00edculo en sus diferentes especialidades pretende preparar profesionales con las competencias necesarias para que puedan desempe\u00f1arse con eficiencia en el desarrollo, dise\u00f1o, implantaci\u00f3n, evaluaci\u00f3n, adaptaci\u00f3n e integraci\u00f3n curricular en cada una de las siguientes especialidades acad\u00e9micas: Matem\u00e1tica, Historia, Espa\u00f1ol, Ingl\u00e9s, Ciencia, Grados Primarios y Educaci\u00f3n Elemental.<\/span><\/p>\n<ul>\n<li aria-level=\"1\"><b><i>MAESTR\u00cdA EN EDUCACI\u00d3N CON ESPECIALIDAD EN EDUCACI\u00d3N ELEMENTAL (Virtual).<\/i><\/b><\/li>\n<\/ul>\n<p><span style=\"font-weight: 400;\">Este programa aludido a los grados primarios, procura preparar profesionales con las competencias necesarias para que puedan desempe\u00f1arse con eficiencia en el desarrollo, dise\u00f1o, implantaci\u00f3n, evaluaci\u00f3n, adaptaci\u00f3n e integraci\u00f3n curricular en dicho nivel primario.<\/span><\/p>\n<ul>\n<li aria-level=\"1\"><b><i>MAESTR\u00cdA EN EDUCACI\u00d3N CON ESPECIALIDAD EN EDUCACI\u00d3N ESPECIAL (Mixta).<\/i><\/b><\/li>\n<\/ul>\n<p><span style=\"font-weight: 400;\">Este programa cuenta con tres sub-especialidades: Impedimentos Leves, Impedimentos Severos e Infante y Pre-Escolares. Estas pretenden preparar profesionales con las competencias necesarias para que puedan desempe\u00f1arse con eficiencia en \u00e1reas de trabajo relacionadas con ni\u00f1os con diversos impedimentos.<\/span><\/p>\n<ul>\n<li aria-level=\"1\"><b><i>MAESTR\u00cdA EN ARTES EN EDUCACI\u00d3N CON ESPECIALIDAD EN MUSEOLOG\u00cdA, ARCHIV\u00cdSTICA O HISTORIA DEL ARTE (Mixta).<\/i><\/b><\/li>\n<\/ul>\n<p><span style=\"font-weight: 400;\">Los programas de Maestr\u00edas en Educaci\u00f3n con especializaciones en Museolog\u00eda, Archiv\u00edstica o Historia del Arte ofrecen una innovadora oferta acad\u00e9mica dirigida a los maestros con la diversidad de ampliar sus ejecutorias profesionales como maestros de arte en la pr\u00e1ctica y administraci\u00f3n de museos.<\/span><\/p>\n<p><span style=\"font-weight: 400;\">En la especialidad de <\/span><b><i>Museolog\u00eda<\/i><\/b><span style=\"font-weight: 400;\">, la pr\u00e1ctica interdisciplinaria intensiva en las \u00e1reas especializadas de museos como bellas artes, antropolog\u00eda, tecnolog\u00eda, historias naturales, centros de ciencias naturales, galer\u00edas, colecciones p\u00fablicas y privadas capacita a los egresados para trabajar como especialistas administrando museos, curadores, educadores, manejadores de colecciones, medios y relaciones p\u00fablicas, as\u00ed como recreaci\u00f3n a la ciudadan\u00eda.<\/span><\/p>\n<p><span style=\"font-weight: 400;\">La especialidad de <\/span><b><i>Archiv\u00edstica <\/i><\/b><span style=\"font-weight: 400;\">capacita a los egresados para trabajar en las mismas \u00e1reas mencionadas y adem\u00e1s adquieren conocimientos y destrezas en el manejo y curaci\u00f3n de documentos, materiales, fibras, preparaci\u00f3n y mantenimiento de exhibiciones en antropolog\u00eda, arte, historia manteniendo nuestro patrimonio cultural hist\u00f3rico.<\/span><\/p>\n<p><span style=\"font-weight: 400;\">La especialidad en <\/span><b><i>Historia del Arte<\/i><\/b><span style=\"font-weight: 400;\"> se centra en el arte de Am\u00e9rica (Puerto Rico, Latinoam\u00e9rica y Estados Unidos) con una base en el arte antiguo y contempor\u00e1neo europeo. Se presta particular atenci\u00f3n al estudio de las esferas de la arquitectura, pintura y escultura, desec\u00e1ndose las t\u00e9cnicas, estilos, conceptos y principios que les son propios.<\/span><\/p>\n<p>&nbsp;<\/p>\n<p><b>Beca de Doctorado en Educaci\u00f3n<\/b><\/p>\n<ul>\n<li aria-level=\"1\"><b><i>DOCTORADO (PH.D) EN EDUCACI\u00d3N CON ESPECIALIDAD EN CURR\u00cdCULO Y ENSE\u00d1ANZA (Virtual).<\/i><\/b><\/li>\n<\/ul>\n<p><span style=\"font-weight: 400;\">El Programa Doctoral en Filosof\u00eda en Educaci\u00f3n con especialidad en Curr\u00edculo y Ense\u00f1anza tiene como meta formar profesionales del m\u00e1s alto nivel acad\u00e9mico, cient\u00edfico y human\u00edstico capaces de investigar y transformar los problemas de la educaci\u00f3n en su respectivo pa\u00eds. El mismo suple una necesidad urgente en los procesos de investigaci\u00f3n, como medio para la soluci\u00f3n de los problemas con que se confrontan los diversos escenarios de los sistemas educativos.<\/span>[\/vc_column_text][vc_column_text]<\/p>\n<h3><strong>Requisitos de aplicaci\u00f3n<\/strong><\/h3>\n<p>[\/vc_column_text][vc_column_text]<b>Beca del Nivel de Maestr\u00eda:<\/b><\/p>\n<ul>\n<li style=\"font-weight: 400;\" aria-level=\"1\"><span style=\"font-weight: 400;\">Pertenecer a una instituci\u00f3n de educaci\u00f3n superior miembro de la OUI-IOHE al d\u00eda con sus obligaciones estatutarias.<\/span><\/li>\n<li style=\"font-weight: 400;\" aria-level=\"1\"><span style=\"font-weight: 400;\">Poseer grado de licenciatura, pregrado o subgrado completado.<\/span><\/li>\n<li style=\"font-weight: 400;\" aria-level=\"1\"><span style=\"font-weight: 400;\">Presentar dos cartas de recomendaci\u00f3n: una de ellas debe ser del decano o director de la instituci\u00f3n de procedencia, y la segunda del \u00e1rea profesional del candidato.<\/span><\/li>\n<li style=\"font-weight: 400;\" aria-level=\"1\"><span style=\"font-weight: 400;\">Los participantes precualificados pasar\u00e1n por el proceso de una entrevista virtual de \u00edndole acad\u00e9mica para validar la informaci\u00f3n suministrada.<\/span><\/li>\n<\/ul>\n<p><span style=\"font-weight: 400;\">\u00a0<\/span><\/p>\n<p><b>Beca del Nivel Doctoral:<\/b><\/p>\n<ul>\n<li style=\"font-weight: 400;\" aria-level=\"1\"><span style=\"font-weight: 400;\">Pertenecer a una instituci\u00f3n de educaci\u00f3n superior <a href=\"https:\/\/oui-iohe.org\/es\/miembros-oui\/\">miembro<\/a> regular y activa de la OUI-IOHE al d\u00eda con sus obligaciones estatutarias<\/span><span style=\"font-weight: 400;\">.<\/span><\/li>\n<li style=\"font-weight: 400;\" aria-level=\"1\"><span style=\"font-weight: 400;\">Poseer un grado a nivel de Maestr\u00eda completado.<\/span><\/li>\n<li style=\"font-weight: 400;\" aria-level=\"1\"><span style=\"font-weight: 400;\">Presentar dos cartas de recomendaci\u00f3n: una de ellas debe ser del decano o director de la instituci\u00f3n de procedencia, y la segunda del \u00e1rea profesional del candidato.<\/span><\/li>\n<li style=\"font-weight: 400;\" aria-level=\"1\"><span style=\"font-weight: 400;\">Los participantes precualificados pasar\u00e1n por el proceso de una entrevista virtual de \u00edndole acad\u00e9mica para validar la informaci\u00f3n suministrada.<\/span><\/li>\n<\/ul>\n<p>[\/vc_column_text][vc_column_text]<\/p>\n<h3><strong>Calendario de postulaci\u00f3n y env\u00edo de documentaci\u00f3n (Beca Maestr\u00eda y Doctorado)<\/strong><\/h3>\n<p>[\/vc_column_text][vc_column_text]<span style=\"font-weight: 400;\">Las personas que completen el formulario de registro de solicitud en l\u00ednea recibir\u00e1n las indicaciones para continuar el proceso seg\u00fan el siguiente calendario:<\/span><\/p>\n<table>\n<tbody>\n<tr>\n<td><b>Requisito<\/b><\/td>\n<td><b>Plazo<\/b><\/td>\n<\/tr>\n<tr>\n<td><span style=\"font-weight: 400;\">Registro de solicitud (formulario en l\u00ednea)<\/span><\/td>\n<td><span style=\"font-weight: 400;\">31 de mayo<\/span><\/td>\n<\/tr>\n<tr>\n<td><span style=\"font-weight: 400;\">Entrega ensayo y cartas de recomendaci\u00f3n\u00a0<\/span><\/td>\n<td><span style=\"font-weight: 400;\">3 \u201317 de junio<\/span><\/td>\n<\/tr>\n<tr>\n<td><span style=\"font-weight: 400;\">Proceso de entrevistas\u00a0(virtual)<\/span><\/td>\n<td><span style=\"font-weight: 400;\">24 \u2013 28 de junio<\/span><\/td>\n<\/tr>\n<tr>\n<td><span style=\"font-weight: 400;\">Evaluaci\u00f3n y selecci\u00f3n de candidatos<\/span><\/td>\n<td><span style=\"font-weight: 400;\">1 \u2013 5 de julio<\/span><\/td>\n<\/tr>\n<tr>\n<td><span style=\"font-weight: 400;\">Comunicaci\u00f3n a los ganadores<\/span><\/td>\n<td><span style=\"font-weight: 400;\">10 \u2013 12 de julio<\/span><\/td>\n<\/tr>\n<tr>\n<td><span style=\"font-weight: 400;\">Orientaci\u00f3n y proceso de matr\u00edcula a los ganadores<\/span><\/td>\n<td><span style=\"font-weight: 400;\">16 \u2013 19 de julio<\/span><\/td>\n<\/tr>\n<tr>\n<td><span style=\"font-weight: 400;\">Inicio de clases en la Escuela Graduada\u00a0<\/span><\/td>\n<td><span style=\"font-weight: 400;\">14 de agosto<\/span><\/td>\n<\/tr>\n<\/tbody>\n<\/table>\n<p>&nbsp;<\/p>\n<p><b>Nota:<\/b><span style=\"font-weight: 400;\">\u00a0Las aplicaciones que no resulten beneficiadas de las anteriores becas podr\u00e1n ser tomadas en cuenta para la asignaci\u00f3n de 2 becas adicionales que cubrir\u00e1n el 50% de los costos de creditaje.<\/span><\/p>\n<p>[\/vc_column_text][\/vc_column][\/vc_row][vc_row][vc_column][vc_btn title=\u00bbAPLIQUE AQU\u00cd\u00bb shape=\u00bbsquare\u00bb color=\u00bbiohe-orange\u00bb align=\u00bbcenter\u00bb link=\u00bburl:https%3A%2F%2Fdocs.google.com%2Fforms%2Fd%2Fe%2F1FAIpQLSfN5pLqImItm0TAdGstFam4h8NnNZXtnKJ-tE9vpWQIaJ-r2A%2Fviewform%3Fusp%3Dsf_link|target:_blank\u00bb][\/vc_column][\/vc_row]<\/p>\n<\/div>","protected":false},"excerpt":{"rendered":"<p>[vc_row][vc_column][vc_custom_heading text=\u00bbPrograma Conjunto de Becas OUI\u00bb font_container=\u00bbtag:h1|text_align:left\u00bb use_theme_fonts=\u00bbyes\u00bb][vc_custom_heading text=\u00bbConvocatoria Becas Conjuntas Caribbean University &#8211; Organizaci\u00f3n Universitaria Interamericana\u00bb use_theme_fonts=\u00bbyes\u00bb][\/vc_column][\/vc_row][vc_row][vc_column][vc_column_text css=\u00bb\u00bb]La Escuela [&hellip;]<\/p>\n","protected":false},"author":4,"featured_media":0,"parent":0,"menu_order":0,"comment_status":"closed","ping_status":"closed","template":"","meta":{"_acf_changed":false,"_monsterinsights_skip_tracking":false,"_monsterinsights_sitenote_active":false,"_monsterinsights_sitenote_note":"","_monsterinsights_sitenote_category":0,"footnotes":""},"class_list":["post-9018","page","type-page","status-publish","hentry"],"acf":[],"aioseo_notices":[],"_links":{"self":[{"href":"https:\/\/oui-iohe.org\/es\/wp-json\/wp\/v2\/pages\/9018","targetHints":{"allow":["GET"]}}],"collection":[{"href":"https:\/\/oui-iohe.org\/es\/wp-json\/wp\/v2\/pages"}],"about":[{"href":"https:\/\/oui-iohe.org\/es\/wp-json\/wp\/v2\/types\/page"}],"author":[{"embeddable":true,"href":"https:\/\/oui-iohe.org\/es\/wp-json\/wp\/v2\/users\/4"}],"replies":[{"embeddable":true,"href":"https:\/\/oui-iohe.org\/es\/wp-json\/wp\/v2\/comments?post=9018"}],"version-history":[{"count":34,"href":"https:\/\/oui-iohe.org\/es\/wp-json\/wp\/v2\/pages\/9018\/revisions"}],"predecessor-version":[{"id":16415,"href":"https:\/\/oui-iohe.org\/es\/wp-json\/wp\/v2\/pages\/9018\/revisions\/16415"}],"wp:attachment":[{"href":"https:\/\/oui-iohe.org\/es\/wp-json\/wp\/v2\/media?parent=9018"}],"curies":[{"name":"wp","href":"https:\/\/api.w.org\/{rel}","templated":true}]}}