{"id":9083,"date":"2021-07-14T15:51:51","date_gmt":"2021-07-14T19:51:51","guid":{"rendered":"https:\/\/oui-iohe.org\/?page_id=9083"},"modified":"2022-02-17T16:44:34","modified_gmt":"2022-02-17T21:44:34","slug":"seminario-especializado-virtual-oui-bostoncollege","status":"publish","type":"page","link":"https:\/\/oui-iohe.org\/es\/seminario-especializado-virtual-oui-bostoncollege\/","title":{"rendered":"Seminario Especializado Virtual OUI-BC"},"content":{"rendered":"<div class=\"wpb-content-wrapper\"><p>[vc_row][vc_column][vc_custom_heading text=\u00bbSeminario Especializado Virtual<br \/>\n\u201cInnovaciones en la Internacionalizaci\u00f3n de la Educaci\u00f3n Superior\u201d<br \/>\n\u00bb use_theme_fonts=\u00bbyes\u00bb][\/vc_column][\/vc_row][vc_row][vc_column width=\u00bb1\/2&#8243;][vc_column_text]La internacionalizaci\u00f3n, como muchas otras \u00e1reas de la Educaci\u00f3n Superior tras enfrentar la crisis del COVID-19, se encuentra en un proceso de transformaci\u00f3n en la cual los <span style=\"font-weight: 400;\">paradigmas vigentes <\/span>han sido cuestionados.<\/p>\n<p>La oportunidad para la adaptaci\u00f3n e innovaci\u00f3n, as\u00ed como para recalibrar el balance entre diferentes estrategias y herramientas, hasta el momento utilizadas para la internacionalizaci\u00f3n, hoy se est\u00e1n viendo transformadas.<\/p>\n<p>Se ha dejado atr\u00e1s la concepci\u00f3n internacional basada exclusivamente en la movilidad presencial de solo algunos estudiantes para darle paso al aprendizaje global, inclusivo y equitativo mediante la internacionalizaci\u00f3n curricular para todos, mostrando que las transformaciones de fondo, pero aceleradas en esta \u00e1rea acad\u00e9mica son posibles.<\/p>\n<p>Propuestas como el Modelo para la Internacionalizaci\u00f3n Comprehensiva se han ajustado de manera integral a las nuevas perspectivas adoptando conceptos de agilidad y transformaci\u00f3n, as\u00ed como la toma de decisiones basada en datos.<\/p>\n<p>Adicionalmente nuevos modelos como la Internacionalizaci\u00f3n de la Educaci\u00f3n Superior para la Sociedad han surgido recientemente, ambas propuestas abren la oportunidad para poner sobre la mesa la transformaci\u00f3n de la internacionalizaci\u00f3n.[\/vc_column_text][\/vc_column][vc_column width=\u00bb1\/2&#8243;][vc_single_image image=\u00bb9345&#8243; img_size=\u00bblarge\u00bb alignment=\u00bbcenter\u00bb][\/vc_column][\/vc_row][vc_row][vc_column][vc_column_text]Como respuesta\u00a0 a estas tendencias y poniendo\u00a0 \u00e9nfasis en la importancia de la innovaci\u00f3n en el tema, la <strong>Organizaci\u00f3n Universitaria Interamericana (OUI-IOHE) y el Boston College<\/strong> a trav\u00e9s de su <strong>Centro para la Educaci\u00f3n Superior Internacional (CIHE)<\/strong> han desarrollado el <strong>Seminario Especializado Innovaciones en la Internacionalizaci\u00f3n de la Educaci\u00f3n Superior<\/strong>, el cual\u00a0 reunir\u00e1 a un grupo de diez expertos en el tema,\u00a0 para generar un di\u00e1logo de alto nivel, poniendo sobre la mesa buenas pr\u00e1cticas, experiencias, nuevos conocimientos adquiridos en esta etapa de\u00a0 pandemia, pero tambi\u00e9n de transformaci\u00f3n.<\/p>\n<p>El trabajo ser\u00e1 desarrollado en modalidad virtual, durante una semana en la cual, los participantes tendr\u00e1n la oportunidad de intercambiar experiencias y pr\u00e1cticas mediante web conferencias de manera sincr\u00f3nica con nuestros expertos invitados y de trabajo asincr\u00f3nico en plataforma con nuestros facilitadores expertos.[\/vc_column_text][\/vc_column][\/vc_row][vc_row][vc_column width=\u00bb1\/2&#8243;][vc_custom_heading text=\u00bbDirigido a\u00bb use_theme_fonts=\u00bbyes\u00bb][vc_column_text]Directivos y l\u00edderes de la internacionalizaci\u00f3n en IES interesados en profundizar sobre las nuevas tendencias de la internacionalizaci\u00f3n, as\u00ed como acad\u00e9micos y directivos implicados en el desarrollo de modelos educativos innovadores[\/vc_column_text][vc_column_text]<span style=\"font-weight: 400;\">Al terminar el Seminario especializado, los participantes podr\u00e1n caracterizar una iniciativa de innovaci\u00f3n en la internacionalizaci\u00f3n para sus instituciones, por tanto deber\u00e1n identificar un \u00e1rea de oportunidad a mejorar, realizar un an\u00e1lisis de la situaci\u00f3n actual, para luego proponer una soluci\u00f3n tomando en cuenta los aprendizajes, ideas y aportes dados por los expertos durante el programa.<\/span><\/p>\n<p><span style=\"font-weight: 400;\">Con el fin de alinear las tareas reflexivas de una mejor forma deber\u00e1n seleccionar uno de los siguientes ejes tem\u00e1ticos que les ayude a profundizar esta visi\u00f3n transformadora:<\/span><\/p>\n<ul>\n<li>Reanudando la cooperaci\u00f3n internacional presencial y a distancia.<\/li>\n<li>COIL e intercambio virtual: retos y oportunidades desde la pr\u00e1ctica.<\/li>\n<li>Reimaginando los consorcios y redes universitarias.<\/li>\n<li>Internacionalizaci\u00f3n curricular e inclusi\u00f3n de poblaciones vulnerables y refugiados.<\/li>\n<li>Educaci\u00f3n para la ciudadan\u00eda global.<\/li>\n<\/ul>\n<p>[\/vc_column_text][\/vc_column][vc_column width=\u00bb1\/2&#8243;][vc_separator color=\u00bbiohe-orange\u00bb border_width=\u00bb6&#8243;][vc_column_text]<strong>Fecha:\u00a0<\/strong>24 al 27 de agosto<\/p>\n<p><strong>Lugar:<\/strong>\u00a0Virtual<\/p>\n<p>&nbsp;<\/p>\n<p><a href=\"https:\/\/calendar.google.com\/event?action=TEMPLATE&amp;tmeid=NWl0YWl2OGQzZjltZjEwOHVva3JvNTZycDIgY18ybG8zc2FjNThnb2szcnVubWY4b3A0bGRyMEBn&amp;tmsrc=c_2lo3sac58gok3runmf8op4ldr0%40group.calendar.google.com\">Clic aqu\u00ed<\/a>\u00a0para guardar este evento en su calendario de Google<\/p>\n<p>&nbsp;<\/p>\n<p>La participaci\u00f3n en este curso se acreditar\u00e1 conjuntamente por el Boston College y la Organizaci\u00f3n Universitaria Interamericana (OUI-IOHE).<\/p>\n<p>&nbsp;<\/p>\n<p>*Este curso certifica la adquisici\u00f3n de las competencias mediante una <a href=\"https:\/\/oui-iohe.org\/es\/insignia\/\"><strong>Insignia Digital<\/strong> <strong>Acreditta<\/strong><\/a>[\/vc_column_text][vc_btn title=\u00bbInscripci\u00f3n al seminario\u00bb style=\u00bbflat\u00bb shape=\u00bbsquare\u00bb color=\u00bbiohe-orange\u00bb align=\u00bbleft\u00bb link=\u00bburl:https%3A%2F%2Faula.ouivirtual.org%2Fregistro%2FSeminario-Especializado-BC-2021||target:%20_blank|\u00bb][vc_btn title=\u00bbConvocatoria Becas OUI 2021&#8243; style=\u00bbflat\u00bb shape=\u00bbsquare\u00bb color=\u00bbiohe-orange\u00bb align=\u00bbleft\u00bb link=\u00bburl:https%3A%2F%2Foui-iohe.org%2Fes%2Fconvocatoria-seminario-especializado-bc-2021%2F||target:%20_blank|\u00bb][\/vc_column][\/vc_row][vc_row][vc_column][vc_custom_heading text=\u00bbEquipo acad\u00e9mico\u00bb use_theme_fonts=\u00bbyes\u00bb][\/vc_column][\/vc_row][vc_row][vc_column][vc_toggle title=\u00bbConozca al equipo \u00bb style=\u00bbround_outline\u00bb color=\u00bbgreen\u00bb size=\u00bblg\u00bb]<strong><img loading=\"lazy\" decoding=\"async\" class=\"alignnone size-full wp-image-9096\" src=\"https:\/\/oui-iohe.org\/wp-content\/uploads\/2021\/07\/Hans-de-Wit.png\" alt=\"\" width=\"120\" height=\"143\" \/><\/strong><\/p>\n<p><strong>Hans de Wit (Estados Unidos)<\/strong><\/p>\n<p>Profesor e investigador distinguido en el Centro para la Educaci\u00f3n Superior Internacional (CIHE) en Boston College. Hans de Wit es un l\u00edder de pensamiento en la internacionalizaci\u00f3n de la educaci\u00f3n superior<\/p>\n<p>___<\/p>\n<h3><img loading=\"lazy\" decoding=\"async\" class=\"alignnone wp-image-9100\" src=\"https:\/\/oui-iohe.org\/wp-content\/uploads\/2021\/07\/Erin-Baldwin.png\" alt=\"\" width=\"120\" height=\"144\" \/><\/h3>\n<p><strong>Erin Baldwin (Estados Unidos)<\/strong><\/p>\n<p>Gestora senior de programas en el American Council on Education (ACE). Antes de incorporarse al ACE sirvi\u00f3 como representante principal y gestora de proyectos estrat\u00e9gicos en la oficina de enlace en norteam\u00e9rica en University of Queensland.<\/p>\n<p>___<\/p>\n<p><strong><img loading=\"lazy\" decoding=\"async\" class=\"alignnone size-full wp-image-9256\" src=\"https:\/\/oui-iohe.org\/wp-content\/uploads\/2021\/07\/Joel-Edgardo-V\u00e9lez.png\" alt=\"\" width=\"123\" height=\"123\" \/><\/strong><\/p>\n<p><strong>Joel Edgardo V\u00e9lez Col\u00f3n (Puerto Rico)<\/strong><\/p>\n<p>Director ejecutivo de la oficina institucional de relaciones internacionales en la Pontificia Universidad Cat\u00f3lica de Puerto Rico. Tambi\u00e9n es el Secretario Ejecutivo para M\u00e9xico, Centroam\u00e9rica y el Caribe de la Asociaci\u00f3n de Universidades Cat\u00f3licas de Am\u00e9rica Latina y el Caribe (ODUCAL).<\/p>\n<p>___<\/p>\n<p><strong><img loading=\"lazy\" decoding=\"async\" class=\"alignnone size-full wp-image-9108\" src=\"https:\/\/oui-iohe.org\/wp-content\/uploads\/2021\/07\/Adri\u00e1n-Arroyo.png\" alt=\"\" width=\"120\" height=\"143\" \/><\/strong><\/p>\n<p><strong>Adri\u00e1n Arroyo (M\u00e9xico)<\/strong><\/p>\n<p>Director asociado para asuntos de profesores en la Vicerrector\u00eda Acad\u00e9mica en University of Arizona y profesor afiliado en Estudios Latinoamericanos.<\/p>\n<p>___<\/p>\n<p><strong><img loading=\"lazy\" decoding=\"async\" class=\"alignnone size-full wp-image-9112\" src=\"https:\/\/oui-iohe.org\/wp-content\/uploads\/2021\/07\/Beverly-Barrett.png\" alt=\"\" width=\"120\" height=\"143\" \/><\/strong><\/p>\n<p><strong>Beverly Barrett (Estados Unidos)<\/strong><\/p>\n<p>Especialista en pol\u00edticas globales con \u00e9nfasis en negocios internacionales. Es profesora asistente en la Cameroon School of Business y coordinadora de acreditaci\u00f3n en la Universidad de St. Thomas.<\/p>\n<p>___<\/p>\n<p><strong><img loading=\"lazy\" decoding=\"async\" class=\"alignnone wp-image-9116 size-full\" src=\"https:\/\/oui-iohe.org\/wp-content\/uploads\/2021\/07\/Luis-Barroso.png\" alt=\"\" width=\"120\" height=\"144\" \/><\/strong><\/p>\n<p><strong>Luis Barroso (M\u00e9xico)<\/strong><\/p>\n<p>Profesor asociado en la Escuela de Negocios en la Universidad de las Am\u00e9ricas Puebla, donde ha fungido tambi\u00e9n como director de posgrado y coordinador institucional del International Partnership of Business Schools.<\/p>\n<p>___<\/p>\n<p><img loading=\"lazy\" decoding=\"async\" class=\"alignnone size-full wp-image-9120\" src=\"https:\/\/oui-iohe.org\/wp-content\/uploads\/2021\/07\/James-Keenan.png\" alt=\"\" width=\"120\" height=\"143\" \/><\/p>\n<p><strong>James Keenan, SJ (Estados Unidos)<\/strong><\/p>\n<p>Vicerrector acad\u00e9mico asociado para asuntos globales, profesor de la c\u00e1tedra Canisius y director del Centro Jesuita en Boston College. Es uno de los l\u00edderes fundadores de SACRU, la Alianza Estrat\u00e9gica de Universidades Cat\u00f3licas de Investigaci\u00f3n.<\/p>\n<p>___<\/p>\n<p><img loading=\"lazy\" decoding=\"async\" class=\"alignnone size-full wp-image-9124\" src=\"https:\/\/oui-iohe.org\/wp-content\/uploads\/2021\/07\/Robert-Hollister.png\" alt=\"\" width=\"135\" height=\"143\" \/><\/p>\n<p><strong>Robert Hollister (Estados Unidos)<\/strong><\/p>\n<p>Profesor em\u00e9rito en Tufts University (EE.UU.), ha contribuido activamente al establecimiento de University Social Responsibility Network. Es un pionero en el movimiento de participaci\u00f3n c\u00edvica de las universidades y fue miembro fundador de la Talloires Network of Engaged Universities.<\/p>\n<p>___<\/p>\n<p><img loading=\"lazy\" decoding=\"async\" class=\"alignnone size-full wp-image-9128\" src=\"https:\/\/oui-iohe.org\/wp-content\/uploads\/2021\/07\/Lisa-Unangst.png\" alt=\"\" width=\"144\" height=\"143\" \/><\/p>\n<p><strong>Lisa Unangst (B\u00e9lgica)<\/strong><\/p>\n<p>Investigadora postdoctoral en la Universidad de Ghent (B\u00e9lgica) y profesora adjunta en la Universidad de Tyumen (Rusia). Tiene una extensa trayectoria de investigaci\u00f3n en el tema de refugiados en la educaci\u00f3n superior.<\/p>\n<p>___<\/p>\n<p><img loading=\"lazy\" decoding=\"async\" class=\"alignnone size-full wp-image-9132\" src=\"https:\/\/oui-iohe.org\/wp-content\/uploads\/2021\/07\/Ayenachew-Woldegiyorgis.png\" alt=\"\" width=\"120\" height=\"143\" \/><\/p>\n<p><strong>Ayenachew Woldegiyorgis (Estados Unidos)<\/strong><\/p>\n<p>Investigador en el Centro para la Educaci\u00f3n Superior Internacional (CIHE) en Boston College. Tiene una extensa trayectoria de investigaci\u00f3n en la internacionalizaci\u00f3n con \u00e9nfasis en di\u00e1spora y participaci\u00f3n acad\u00e9mica.<\/p>\n<p>___<\/p>\n<p><strong><img loading=\"lazy\" decoding=\"async\" class=\"alignnone wp-image-9335 size-thumbnail\" src=\"https:\/\/oui-iohe.org\/wp-content\/uploads\/2021\/08\/Rebecca-Schendel-150x150.png\" alt=\"\" width=\"150\" height=\"150\" \/><\/strong><\/p>\n<p><strong>Rebecca Schendel (Estados Unidos)<\/strong><\/p>\n<p><span style=\"font-weight: 400;\">\u00a0Directora Gerente del Centro para la Educaci\u00f3n Superior Internacional (CIHE) en Boston College. Antes de asumir este\u00a0 cargo fue profesora en educaci\u00f3n y desarrollo internacional en el Instituto de Educaci\u00f3n de University College London (Inglaterra). Sus principales intereses de investigaci\u00f3n son la pedagog\u00eda universitaria, el desarrollo de facultades, el aprendizaje estudiantil y los procesos de cambio institucional, con un particular enfoque en c\u00f3mo se manifiestan estas din\u00e1micas en \u00e1frica Sub-sahariana y otros contextos de escasos recursos. Rebecca adem\u00e1s ha trabajado en Generation Rwanda (un programa de becas universitarias en Kigali), en la Oficina de estudios en el extranjero de la University of Maryland-College Park, y en el Institute of International Education en Washington, DC.<\/span><\/p>\n<p>___<\/p>\n<p><strong><img loading=\"lazy\" decoding=\"async\" class=\"alignnone size-full wp-image-9408\" src=\"https:\/\/oui-iohe.org\/wp-content\/uploads\/2021\/08\/gerardo.png\" alt=\"\" width=\"133\" height=\"140\" \/><\/strong><\/p>\n<p><strong>Gerardo Blanco (Estados Unidos)<\/strong><\/p>\n<p><span style=\"font-weight: 400;\">Profesor asociado y director acad\u00e9mico del Centro para la Educaci\u00f3n Superior Internacional (CIHE) en Boston College. Es doctor en educaci\u00f3n superior por la Universidad de Massachusetts Amherst y se ha desempe\u00f1ado como profesor e investigador en las universidades de Massachusetts-Boston y de Connecticut. Se especializa en el estudio de la calidad de la educaci\u00f3n superior y la internacionalizaci\u00f3n. Es tambi\u00e9n especialista del Programa Fulbright y ha participado como investigador visitante a trav\u00e9s del Programa Erasmus+. Sus actividades de ense\u00f1anza, investigaci\u00f3n y consultor\u00eda le han llevado a m\u00e1s de 15 pa\u00edses.<\/span>[\/vc_toggle][vc_btn title=\u00bbSaber m\u00e1s\u00bb style=\u00bbflat\u00bb shape=\u00bbsquare\u00bb color=\u00bbiohe-orange\u00bb align=\u00bbleft\u00bb link=\u00bburl:https%3A%2F%2Foui-iohe.org%2Fwp-content%2Fuploads%2F2021%2F08%2Fficha-tecnica-seminario-boston-college-1.pdf||target:%20_blank|\u00bb][\/vc_column][\/vc_row]<\/p>\n<\/div>","protected":false},"excerpt":{"rendered":"<p>[vc_row][vc_column][vc_custom_heading text=\u00bbSeminario Especializado Virtual \u201cInnovaciones en la Internacionalizaci\u00f3n de la Educaci\u00f3n Superior\u201d \u00bb use_theme_fonts=\u00bbyes\u00bb][\/vc_column][\/vc_row][vc_row][vc_column width=\u00bb1\/2&#8243;][vc_column_text]La internacionalizaci\u00f3n, como muchas otras \u00e1reas [&hellip;]<\/p>\n","protected":false},"author":4,"featured_media":0,"parent":0,"menu_order":0,"comment_status":"closed","ping_status":"closed","template":"","meta":{"_acf_changed":false,"_monsterinsights_skip_tracking":false,"_monsterinsights_sitenote_active":false,"_monsterinsights_sitenote_note":"","_monsterinsights_sitenote_category":0,"footnotes":""},"class_list":["post-9083","page","type-page","status-publish","hentry"],"acf":[],"aioseo_notices":[],"_links":{"self":[{"href":"https:\/\/oui-iohe.org\/es\/wp-json\/wp\/v2\/pages\/9083","targetHints":{"allow":["GET"]}}],"collection":[{"href":"https:\/\/oui-iohe.org\/es\/wp-json\/wp\/v2\/pages"}],"about":[{"href":"https:\/\/oui-iohe.org\/es\/wp-json\/wp\/v2\/types\/page"}],"author":[{"embeddable":true,"href":"https:\/\/oui-iohe.org\/es\/wp-json\/wp\/v2\/users\/4"}],"replies":[{"embeddable":true,"href":"https:\/\/oui-iohe.org\/es\/wp-json\/wp\/v2\/comments?post=9083"}],"version-history":[{"count":25,"href":"https:\/\/oui-iohe.org\/es\/wp-json\/wp\/v2\/pages\/9083\/revisions"}],"predecessor-version":[{"id":9575,"href":"https:\/\/oui-iohe.org\/es\/wp-json\/wp\/v2\/pages\/9083\/revisions\/9575"}],"wp:attachment":[{"href":"https:\/\/oui-iohe.org\/es\/wp-json\/wp\/v2\/media?parent=9083"}],"curies":[{"name":"wp","href":"https:\/\/api.w.org\/{rel}","templated":true}]}}