{"id":9459,"date":"2021-08-09T15:59:04","date_gmt":"2021-08-09T19:59:04","guid":{"rendered":"https:\/\/oui-iohe.org\/?page_id=9459"},"modified":"2023-03-01T13:02:14","modified_gmt":"2023-03-01T18:02:14","slug":"convocatoria-dies03","status":"publish","type":"page","link":"https:\/\/oui-iohe.org\/es\/convocatoria-dies03\/","title":{"rendered":"convocatoria DIES03"},"content":{"rendered":"<div class=\"wpb-content-wrapper\"><p>[vc_row][vc_column][vc_custom_heading text=\u00bbPrograma de Becas OUI\u00bb font_container=\u00bbtag:h1|text_align:left\u00bb use_theme_fonts=\u00bbyes\u00bb][\/vc_column][\/vc_row][vc_row][vc_column][vc_custom_heading text=\u00bbConvocatoria para el Curso Internacionalizaci\u00f3n del Curr\u00edculo: Un Enfoque Conectivo\u00bb use_theme_fonts=\u00bbyes\u00bb][vc_column_text]<\/p>\n<ul>\n<li><b>Fecha de Apertura: <\/b><span style=\"font-weight: 400;\">23 de mayo de 2023<\/span><\/li>\n<li><b>Fecha de Cierre: <\/b><span style=\"font-weight: 400;\">29 de agosto de 2023<\/span><\/li>\n<li><b>Fecha l\u00edmite recepci\u00f3n de Documentos: <span style=\"font-weight: 400;\">29 de agosto de 2023<\/span><\/b><\/li>\n<\/ul>\n<p>[\/vc_column_text][vc_separator color=\u00bbiohe-orange\u00bb border_width=\u00bb6&#8243;][vc_column_text]<\/p>\n<ul>\n<li aria-level=\"1\"><b>Destinatarios de las Becas:<\/b><\/li>\n<\/ul>\n<p><span style=\"font-weight: 400;\">Personal directivo, acad\u00e9mico y administrativo de las instituciones de educaci\u00f3n superior miembros de la OUI, que pertenezcan al \u00e1rea relacionada con la tem\u00e1tica del curso y cuya formaci\u00f3n impacte directamente en el cargo que desempe\u00f1a en la IES miembro.<\/span><\/p>\n<ul>\n<li aria-level=\"1\"><b>Criterios de elegibilidad seg\u00fan tipo de beca:\u00a0<\/b><\/li>\n<\/ul>\n<table>\n<tbody>\n<tr>\n<td style=\"text-align: center;\"><b>Beca Solidaridad OUI<\/b><\/td>\n<td style=\"text-align: center;\"><b>Beca Fidelidad OUI<\/b><\/td>\n<\/tr>\n<tr>\n<td><span style=\"font-weight: 400;\">Ser nacional o residente permanente de alguno de los siguientes pa\u00edses: Bolivia, Cuba, El Salvador,\u00a0 Guatemala, Hait\u00ed, Honduras, Nicaragua y Venezuela.<\/span><\/td>\n<td><span style=\"font-weight: 400;\">Beca disponible para aspirantes de Instituciones miembros que tienen una participaci\u00f3n activa en la OUI.<\/span><\/td>\n<\/tr>\n<tr>\n<td><span style=\"font-weight: 400;\">Pertenecer a una IES miembro de la OUI.<\/span><\/td>\n<td><span style=\"font-weight: 400;\">Pertenecer a una instituci\u00f3n que tenga una participaci\u00f3n activa en la OUI.<\/span><\/td>\n<\/tr>\n<tr>\n<td><span style=\"font-weight: 400;\">Estar en funciones en una IES miembro de la OUI.<\/span><\/td>\n<td><span style=\"font-weight: 400;\">Estar en funciones en una IES miembro de la OUI.<\/span><\/td>\n<\/tr>\n<tr>\n<td><span style=\"font-weight: 400;\">Contar con el respaldo de su IES, a trav\u00e9s de una recomendaci\u00f3n directa de Rector\u00eda o la Oficina de Relaciones Internacionales.<\/span><\/td>\n<td><span style=\"font-weight: 400;\">Contar con el respaldo de su IES, a trav\u00e9s de una recomendaci\u00f3n directa de Rector\u00eda o la Oficina de Relaciones Internacionales.<\/span><\/td>\n<\/tr>\n<tr>\n<td><i><span style=\"font-weight: 400;\">Beca completa, se otorga el 100% del costo del curso, sin embargo se aplicar\u00e1\u00a0 un fee de $100 USD por gastos administrativos.<\/span><\/i><\/td>\n<td><i><span style=\"font-weight: 400;\">Media beca que representa una reducci\u00f3n\u00a0 del 50% del costo general del curso.<\/span><\/i><\/td>\n<\/tr>\n<tr>\n<td colspan=\"2\"><i><span style=\"font-weight: 400;\">(*) Se tomar\u00e1 en cuenta el cumplimiento de los derechos y deberes de los miembros.<\/span><\/i><\/td>\n<\/tr>\n<\/tbody>\n<\/table>\n<p>[\/vc_column_text][vc_column_text]<\/p>\n<ul>\n<li aria-level=\"1\"><b>Requisitos para presentar postulaci\u00f3n:<\/b><\/li>\n<\/ul>\n<ol>\n<li style=\"font-weight: 400;\" aria-level=\"1\"><b>Carta de recomendaci\u00f3n: <\/b><span style=\"font-weight: 400;\">Emitida por la Rector\u00eda o la Direcci\u00f3n de Relaciones Internacionales de su instituci\u00f3n.\u00a0<\/span><\/li>\n<li style=\"font-weight: 400;\" aria-level=\"1\"><b>Copia de su Identificaci\u00f3n emitida por su IES: <\/b><span style=\"font-weight: 400;\">Credencial o ID equivalente que ampare la relaci\u00f3n contractual con la IES a la que pertenece.\u00a0<\/span><\/li>\n<li style=\"font-weight: 400;\" aria-level=\"1\"><span style=\"font-weight: 400;\">Completar y enviar el <\/span><a href=\"https:\/\/forms.gle\/NGb77kvQgbjZovK37\"><b>Formulario de Aplicaci\u00f3n<\/b><\/a><span style=\"font-weight: 400;\"> debidamente integrado.<\/span><\/li>\n<\/ol>\n<p>&nbsp;<\/p>\n<ul>\n<li aria-level=\"1\"><b>Sobre la recepci\u00f3n de postulaciones.<\/b><\/li>\n<\/ul>\n<p><span style=\"font-weight: 400;\">Los expedientes completos ser\u00e1n recibidos hasta el <strong>29 de agosto de 2023<\/strong><\/span><b>\u00a0a las 23:59 hora de Montreal<\/b><span style=\"font-weight: 400;\">, a trav\u00e9s del formulario en l\u00ednea.<\/span><\/p>\n<p><span style=\"font-weight: 400;\">Antes de completar el formulario, aseg\u00farese de tener preparados los documentos requeridos (su carta de recomendaci\u00f3n y la copia de su identificaci\u00f3n en formato PDF).<\/span><\/p>\n<p><span style=\"font-weight: 400;\">Los expedientes incompletos no ser\u00e1n procesados.<\/span><\/p>\n<p><span style=\"font-weight: 400;\">Una vez realizada la solicitud con la totalidad de los requisitos exigidos, las candidaturas ser\u00e1n evaluadas por el Comit\u00e9 de Asignaci\u00f3n de Becas OUI para seleccionar a los mejores candidatos. La decisi\u00f3n ser\u00e1 comunicada por correo electr\u00f3nico al postulante y a sus autoridades universitarias el d\u00eda <b>1\u00b0<\/b><\/span><b>\u00a0de septiembre de 2023<\/b><span style=\"font-weight: 400;\">. <\/span><\/p>\n<p><span style=\"font-weight: 400;\">Los resultados estar\u00e1n disponibles en el sitio<\/span> <span style=\"font-weight: 400;\">www.oui-iohe.org<\/span><span style=\"font-weight: 400;\"> a partir del<\/span><b> 6 de septiembre de 2023<\/b><span style=\"font-weight: 400;\">.<\/span><\/p>\n<p>&nbsp;<\/p>\n<p><a href=\"https:\/\/oui-iohe.org\/es\/becas-oui\/\"><span style=\"font-weight: 400;\">M\u00e1s informaci\u00f3n<\/span><\/a><span style=\"font-weight: 400;\"> sobre el Programa de Becas OUI<\/span>[\/vc_column_text][\/vc_column][\/vc_row]<\/p>\n<\/div>","protected":false},"excerpt":{"rendered":"<p>[vc_row][vc_column][vc_custom_heading text=\u00bbPrograma de Becas OUI\u00bb font_container=\u00bbtag:h1|text_align:left\u00bb use_theme_fonts=\u00bbyes\u00bb][\/vc_column][\/vc_row][vc_row][vc_column][vc_custom_heading text=\u00bbConvocatoria para el Curso Internacionalizaci\u00f3n del Curr\u00edculo: Un Enfoque Conectivo\u00bb use_theme_fonts=\u00bbyes\u00bb][vc_column_text] Fecha de [&hellip;]<\/p>\n","protected":false},"author":4,"featured_media":0,"parent":0,"menu_order":0,"comment_status":"closed","ping_status":"closed","template":"","meta":{"_acf_changed":false,"_monsterinsights_skip_tracking":false,"_monsterinsights_sitenote_active":false,"_monsterinsights_sitenote_note":"","_monsterinsights_sitenote_category":0,"footnotes":""},"class_list":["post-9459","page","type-page","status-publish","hentry"],"acf":[],"aioseo_notices":[],"_links":{"self":[{"href":"https:\/\/oui-iohe.org\/es\/wp-json\/wp\/v2\/pages\/9459","targetHints":{"allow":["GET"]}}],"collection":[{"href":"https:\/\/oui-iohe.org\/es\/wp-json\/wp\/v2\/pages"}],"about":[{"href":"https:\/\/oui-iohe.org\/es\/wp-json\/wp\/v2\/types\/page"}],"author":[{"embeddable":true,"href":"https:\/\/oui-iohe.org\/es\/wp-json\/wp\/v2\/users\/4"}],"replies":[{"embeddable":true,"href":"https:\/\/oui-iohe.org\/es\/wp-json\/wp\/v2\/comments?post=9459"}],"version-history":[{"count":11,"href":"https:\/\/oui-iohe.org\/es\/wp-json\/wp\/v2\/pages\/9459\/revisions"}],"predecessor-version":[{"id":13486,"href":"https:\/\/oui-iohe.org\/es\/wp-json\/wp\/v2\/pages\/9459\/revisions\/13486"}],"wp:attachment":[{"href":"https:\/\/oui-iohe.org\/es\/wp-json\/wp\/v2\/media?parent=9459"}],"curies":[{"name":"wp","href":"https:\/\/api.w.org\/{rel}","templated":true}]}}