{"id":9876,"date":"2021-10-15T16:09:38","date_gmt":"2021-10-15T20:09:38","guid":{"rendered":"https:\/\/oui-iohe.org\/convocatoria-financiacion-investigacion-ods\/"},"modified":"2025-11-20T14:18:49","modified_gmt":"2025-11-20T19:18:49","slug":"convocatoria-financiacion-investigacion-ods","status":"publish","type":"page","link":"https:\/\/oui-iohe.org\/es\/convocatoria-financiacion-investigacion-ods\/","title":{"rendered":"convocatoria financiacion investigacion ods"},"content":{"rendered":"<div class=\"wpb-content-wrapper\"><p>[vc_row][vc_column][vc_custom_heading text=\u00bbProyectos de Investigaci\u00f3n Universitaria Colaborativa sobre la Aplicaci\u00f3n de los Objetivos de Desarrollo Sostenible de las Naciones Unidas\u00bb font_container=\u00bbtag:h1|text_align:left\u00bb use_theme_fonts=\u00bbyes\u00bb][\/vc_column][\/vc_row][vc_row][vc_column][vc_column_text]<span style=\"font-weight: 400;\">La Organizaci\u00f3n Universitaria Interamericana lanz\u00f3 un fondo semilla para apoyar la <strong>investigaci\u00f3n colaborativa entre los miembros de la OUI para la implementaci\u00f3n de los Objetivos de Desarrollo Sostenible de las Naciones Unidas<\/strong>.<\/span>[\/vc_column_text][vc_single_image image=\u00bb15052&#8243; img_size=\u00bblarge\u00bb][vc_column_text]<strong>Recibimos:<\/strong><\/p>\n<ul>\n<li><span style=\"font-weight: 400;\">234 propuestas de<\/span><\/li>\n<li>83 Instituciones en<\/li>\n<li>15 pa\u00edses de las Am\u00e9ricas<\/li>\n<\/ul>\n<p><span style=\"font-weight: 400;\">Como resultado del proceso de revisi\u00f3n y de evaluaci\u00f3n entre pares <strong>se seleccionaron diez proyectos que est\u00e1n siendo ejecutados en un periodo de 18 meses<\/strong>.<\/span><\/p>\n<p><span style=\"font-weight: 400;\"><strong>10 Universidades<\/strong> l\u00edderes de <\/span><span style=\"font-weight: 400;\"><strong>8 pa\u00edses<\/strong>, junto a <\/span><span style=\"font-weight: 400;\"><strong>33 Instituciones socias<\/strong> que colaboran en estos proyectos.<\/span><\/p>\n<p><span style=\"font-weight: 400;\">Otorgamos un fondo de <strong>100.000 D\u00f3lares canadienses<\/strong> a los 10 proyectos seleccionados.<\/span>[\/vc_column_text][\/vc_column][\/vc_row][vc_row][vc_column][vc_custom_heading text=\u00bb10 Proyectos, 10 Visiones\u00bb font_container=\u00bbtag:h3|text_align:left\u00bb use_theme_fonts=\u00bbyes\u00bb][vc_column_text css=\u00bb\u00bb]Para saber m\u00e1s sobre los proyectos <strong>haga clic<\/strong> en la Instituci\u00f3n de Educaci\u00f3n Superior correspondiente:[\/vc_column_text][\/vc_column][\/vc_row][vc_row][vc_column width=\u00bb1\/3&#8243;][vc_single_image image=\u00bb15078&#8243; img_size=\u00bbmedium\u00bb onclick=\u00bbcustom_link\u00bb img_link_target=\u00bb_blank\u00bb link=\u00bbhttps:\/\/oui-iohe.org\/es\/ods-2-5-1\/\u00bb][\/vc_column][vc_column width=\u00bb1\/3&#8243;][vc_single_image image=\u00bb15160&#8243; img_size=\u00bbmedium\u00bb onclick=\u00bbcustom_link\u00bb img_link_target=\u00bb_blank\u00bb link=\u00bbhttps:\/\/oui-iohe.org\/es\/ods-2-1-1\/\u00bb][\/vc_column][vc_column width=\u00bb1\/3&#8243;][vc_single_image image=\u00bb15103&#8243; img_size=\u00bbmedium\u00bb onclick=\u00bbcustom_link\u00bb img_link_target=\u00bb_blank\u00bb link=\u00bbhttps:\/\/oui-iohe.org\/es\/ods-2-4-1\/\u00bb][\/vc_column][\/vc_row][vc_row][vc_column width=\u00bb1\/3&#8243;][vc_single_image image=\u00bb15092&#8243; img_size=\u00bbmedium\u00bb onclick=\u00bbcustom_link\u00bb img_link_target=\u00bb_blank\u00bb link=\u00bbhttps:\/\/oui-iohe.org\/es\/ods-2-7-1\/\u00bb][\/vc_column][vc_column width=\u00bb1\/3&#8243;][vc_single_image image=\u00bb15108&#8243; img_size=\u00bbmedium\u00bb onclick=\u00bbcustom_link\u00bb img_link_target=\u00bb_blank\u00bb link=\u00bbhttps:\/\/oui-iohe.org\/es\/ods-2-6-1\/\u00bb][\/vc_column][vc_column width=\u00bb1\/3&#8243;][vc_single_image image=\u00bb15118&#8243; img_size=\u00bbmedium\u00bb onclick=\u00bbcustom_link\u00bb img_link_target=\u00bb_blank\u00bb link=\u00bbhttps:\/\/oui-iohe.org\/es\/ods-2-3-1\/\u00bb][\/vc_column][\/vc_row][vc_row][vc_column width=\u00bb1\/3&#8243;][vc_single_image image=\u00bb15123&#8243; img_size=\u00bbmedium\u00bb onclick=\u00bbcustom_link\u00bb img_link_target=\u00bb_blank\u00bb link=\u00bbhttps:\/\/oui-iohe.org\/es\/ods-2-8-1\/\u00bb][\/vc_column][vc_column width=\u00bb1\/3&#8243;][vc_single_image image=\u00bb15133&#8243; img_size=\u00bbmedium\u00bb onclick=\u00bbcustom_link\u00bb img_link_target=\u00bb_blank\u00bb link=\u00bbhttps:\/\/oui-iohe.org\/es\/ods-2-2-1\/\u00bb][\/vc_column][vc_column width=\u00bb1\/3&#8243;][vc_single_image image=\u00bb15138&#8243; img_size=\u00bbmedium\u00bb onclick=\u00bbcustom_link\u00bb img_link_target=\u00bb_blank\u00bb link=\u00bbhttps:\/\/oui-iohe.org\/es\/ods-2-9-1\/\u00bb][\/vc_column][\/vc_row][vc_row][vc_column width=\u00bb1\/3&#8243;][\/vc_column][vc_column width=\u00bb1\/3&#8243;][vc_single_image image=\u00bb15165&#8243; img_size=\u00bbmedium\u00bb onclick=\u00bbcustom_link\u00bb img_link_target=\u00bb_blank\u00bb link=\u00bbhttps:\/\/oui-iohe.org\/es\/ods-2-10\/\u00bb][\/vc_column][vc_column width=\u00bb1\/3&#8243;][\/vc_column][\/vc_row][vc_row][vc_column][vc_tta_accordion style=\u00bbflat\u00bb shape=\u00bbsquare\u00bb color=\u00bbiohe-orange\u00bb gap=\u00bb35&#8243; c_icon=\u00bbchevron\u00bb c_position=\u00bbright\u00bb active_section=\u00bb9999&#8243; no_fill=\u00bbtrue\u00bb collapsible_all=\u00bbtrue\u00bb][vc_tta_section title=\u00bbSerie de Webinarios\u00bb tab_id=\u00bb1703030456284-1155dc92-8b56&#8243;][vc_row_inner][vc_column_inner width=\u00bb1\/3&#8243;][vc_column_text]<b>Abordando los ODS desde la perspectiva de las IES\u00a0<\/b>(24 de Marzo de 2023).<\/p>\n<p>[\/vc_column_text][\/vc_column_inner][vc_column_inner width=\u00bb1\/3&#8243;][vc_column_text]<b>Valoraci\u00f3n econ\u00f3mica de la biodiversidad: la encrucijada de la sostenibilidad y la globalizaci\u00f3n\u00a0<\/b>(16 de Junio de 2023).[\/vc_column_text][\/vc_column_inner][vc_column_inner width=\u00bb1\/3&#8243;][vc_column_text]<b>Integrar los ODS en las funciones sustantivas de las IES<\/b>[\/vc_column_text][\/vc_column_inner][\/vc_row_inner][vc_row_inner][vc_column_inner width=\u00bb1\/3&#8243;][vc_separator][\/vc_column_inner][vc_column_inner width=\u00bb1\/3&#8243;][vc_separator][\/vc_column_inner][vc_column_inner width=\u00bb1\/3&#8243;][vc_separator][\/vc_column_inner][\/vc_row_inner][vc_row_inner][vc_column_inner width=\u00bb1\/3&#8243;][vc_video link=\u00bbhttps:\/\/www.youtube.com\/live\/b6RkNfQfBxk?si=eoQb7WKmleYUoI_6&#8243;][\/vc_column_inner][vc_column_inner width=\u00bb1\/3&#8243;][vc_video link=\u00bbhttps:\/\/www.youtube.com\/live\/F10nWmptji4?si=lZM-nMQrjaLptRze\u00bb][\/vc_column_inner][vc_column_inner width=\u00bb1\/3&#8243;][vc_video link=\u00bbhttps:\/\/www.youtube.com\/live\/2qgpdQ15fak?feature=shared\u00bb css=\u00bb\u00bb][\/vc_column_inner][\/vc_row_inner][vc_row_inner][vc_column_inner width=\u00bb1\/3&#8243;][vc_column_text]El Director de Global University Network for Innovation (GUNi), Josep M. Vilalta habl\u00f3 sobre los alcances de la implicaci\u00f3n de las instituciones de educaci\u00f3n superior (IES) en los ODS y evidenci\u00f3 en d\u00f3nde se sit\u00faan las universidades para el logro de estos objetivos.<\/p>\n<p>Tambi\u00e9n se desarroll\u00f3 un panel de discusi\u00f3n con representantes de tres de los proyectos, a fin de compartir las problem\u00e1ticas, retos y desaf\u00edos, adem\u00e1s de las acciones que est\u00e1n impulsando para contribuir al logro de la Agenda 2030:<\/p>\n<ul>\n<li aria-level=\"2\">Paola Villarroel D\u00e1vila, Universidad T\u00e9cnica Particular de Loja (Ecuador). Proyecto \u201cLa educaci\u00f3n de la primera infancia y su impacto en las relaciones equitativas de g\u00e9nero en ni\u00f1os y ni\u00f1as de 3 a 5 a\u00f1os en pandemia. Casos Ecuador y Per\u00fa.\u201d<\/li>\n<li aria-level=\"2\">Gabriela Pesce, Universidad Nacional del Sur (Argentina). \u201cPropuestas de movilidad urbana sostenible desde una perspectiva multidimensional.\u201d<\/li>\n<\/ul>\n<ul>\n<li aria-level=\"2\">Mar\u00eda Jos\u00e9 Rodr\u00edguez V\u00e1squez, Universidad de Costa Rica. Proyecto \u201cIntegraci\u00f3n de los ODS en la carrera de Ingenier\u00eda Agr\u00edcola y de Biosistemas de la Universidad de Costa Rica para contribuir al desarrollo sostenible del sector productivo en Costa Rica.\u201d<\/li>\n<\/ul>\n<p>[\/vc_column_text][\/vc_column_inner][vc_column_inner width=\u00bb1\/3&#8243;][vc_column_text]El Dr. Luis Humberto Villwock, Coordinador de Celeiro AgroHub, de la Pontificia Universidade Cat\u00f3lica do Rio Grande do Sul (Brasil), realiz\u00f3 la Conferencia \u201cDesaf\u00edos de la Innovaci\u00f3n Sustentabilidad en Agronegocios: Una Agenda para Compartir\u201d.<\/p>\n<p>En esta ocasi\u00f3n, el panel de discusi\u00f3n cont\u00f3 con la participaci\u00f3n de los siguientes representantes de otros tres proyectos financiados por la OUI:<b><\/b><\/p>\n<ul>\n<li aria-level=\"2\">Clara E. Santaf\u00e9 Mill\u00e1n, Universidad del Bosque (Colombia). Proyecto \u201cEstrategias econ\u00f3micas y de conservaci\u00f3n en el sector rural y silvestre en Colombia. Fase: Dise\u00f1o de protocolos para la gesti\u00f3n de proyectos productivos para el sector de turismo de naturaleza.\u201d<\/li>\n<\/ul>\n<ul>\n<li aria-level=\"2\">Dora Esther Faria, Universidad Nacional del Nordeste (Argentina). \u201cDerecho a la alimentaci\u00f3n y desarrollo rural sostenible: la biodiversidad y la defensa de los derechos de los campesinos en Argentina y Brasil.\u201d<\/li>\n<\/ul>\n<ul>\n<li aria-level=\"2\">Marco Antonio Mar\u00edn Castro, Benem\u00e9rita Universidad Aut\u00f3noma de Puebla (M\u00e9xico). Proyecto \u201cManejo sustentable y rescate del conocimiento tradicional de los hongos comestibles del Parque Nacional Malinche, Puebla, como contribuci\u00f3n a lograr la seguridad alimentaria y combate a la pobreza.\u201d<\/li>\n<\/ul>\n<p>[\/vc_column_text][\/vc_column_inner][vc_column_inner width=\u00bb1\/3&#8243;][vc_column_text css=\u00bb\u00bb]Dr. Pedro M\u00e1rquez, Profesor de Royal Roads University (Canad\u00e1), hizo la<br \/>\nmoderaci\u00f3n del panel de discusi\u00f3n que cont\u00f3 con la participaci\u00f3n de los siguientes representantes de<br \/>\ndos de los proyectos financiados por la OUI:<\/p>\n<ul>\n<li>Proyecto \u201cIntegraci\u00f3n de los ODS en las estrategias y planes de estudio universitarios\u201d: Dr.<br \/>\nSofiane Baba, Profesor asociado de Gesti\u00f3n Estrat\u00e9gica en la Escuela de Gesti\u00f3n de la<br \/>\nUniversit\u00e9 de Sherbrooke; Dr. Jean Cadieux, Profesor titular en la Escuela de Gesti\u00f3n de la<br \/>\nUniversit\u00e9 de Sherbrooke; y Prof. Jean-Fran\u00e7ois Comeau, Director del Rectorado y<br \/>\nResponsable del Proyecto Integraci\u00f3n del desarrollo sostenible en la formaci\u00f3n de la<br \/>\nUniversit\u00e9 de Sherbrooke.<\/li>\n<li>Proyecto \u201cIntegraci\u00f3n de los ODS en la carrera de Ingenier\u00eda Agr\u00edcola y de Biosistemas de la<br \/>\nUniversidad de Costa Rica para contribuir al desarrollo sostenible del sector productivo\u201d: Dra.<br \/>\nMar\u00eda Jos\u00e9 Rodr\u00edguez V\u00e1squez, Investigadora en la Escuela de Ingenier\u00eda de Biosistemas,<br \/>\nUniversidad de Costa Rica; y Dra. Ana Martin-Ryals, Profesora adjunta y Coordinadora de<br \/>\nPregrado de los programas de Ingenier\u00eda Agr\u00edcola y Biol\u00f3gica, Universidad de Florida.<\/li>\n<\/ul>\n<p>Las presentaciones de los panelistas pueden ser consultadas <a href=\"https:\/\/drive.google.com\/drive\/u\/1\/folders\/1FfgpBrqsJjgK0HbU-CLr6Fut5-QyqxW8\">AQU\u00cd<\/a>.[\/vc_column_text][\/vc_column_inner][\/vc_row_inner][\/vc_tta_section][\/vc_tta_accordion][\/vc_column][\/vc_row][vc_row][vc_column][vc_separator color=\u00bbiohe-orange\u00bb border_width=\u00bb6&#8243;][vc_column_text]<a href=\"https:\/\/oui-iohe.org\/es\/llamado-a-propuestas-ods\/\"><strong>Consulte aqu\u00ed el llamado a propuestas<\/strong><\/a>[\/vc_column_text][\/vc_column][\/vc_row]<\/p>\n<\/div>","protected":false},"excerpt":{"rendered":"<p>[vc_row][vc_column][vc_custom_heading text=\u00bbProyectos de Investigaci\u00f3n Universitaria Colaborativa sobre la Aplicaci\u00f3n de los Objetivos de Desarrollo Sostenible de las Naciones Unidas\u00bb font_container=\u00bbtag:h1|text_align:left\u00bb [&hellip;]<\/p>\n","protected":false},"author":4,"featured_media":0,"parent":0,"menu_order":0,"comment_status":"closed","ping_status":"closed","template":"","meta":{"_acf_changed":false,"_monsterinsights_skip_tracking":false,"_monsterinsights_sitenote_active":false,"_monsterinsights_sitenote_note":"","_monsterinsights_sitenote_category":0,"footnotes":""},"class_list":["post-9876","page","type-page","status-publish","hentry"],"acf":[],"aioseo_notices":[],"_links":{"self":[{"href":"https:\/\/oui-iohe.org\/es\/wp-json\/wp\/v2\/pages\/9876","targetHints":{"allow":["GET"]}}],"collection":[{"href":"https:\/\/oui-iohe.org\/es\/wp-json\/wp\/v2\/pages"}],"about":[{"href":"https:\/\/oui-iohe.org\/es\/wp-json\/wp\/v2\/types\/page"}],"author":[{"embeddable":true,"href":"https:\/\/oui-iohe.org\/es\/wp-json\/wp\/v2\/users\/4"}],"replies":[{"embeddable":true,"href":"https:\/\/oui-iohe.org\/es\/wp-json\/wp\/v2\/comments?post=9876"}],"version-history":[{"count":83,"href":"https:\/\/oui-iohe.org\/es\/wp-json\/wp\/v2\/pages\/9876\/revisions"}],"predecessor-version":[{"id":19579,"href":"https:\/\/oui-iohe.org\/es\/wp-json\/wp\/v2\/pages\/9876\/revisions\/19579"}],"wp:attachment":[{"href":"https:\/\/oui-iohe.org\/es\/wp-json\/wp\/v2\/media?parent=9876"}],"curies":[{"name":"wp","href":"https:\/\/api.w.org\/{rel}","templated":true}]}}