{"id":13269,"date":"2022-12-16T13:48:57","date_gmt":"2022-12-16T18:48:57","guid":{"rendered":"https:\/\/oui-iohe.org\/asesoria-estrategias-en-internacionalizacion-educacion-superior\/"},"modified":"2024-05-13T13:48:42","modified_gmt":"2024-05-13T17:48:42","slug":"service-accompagnement-developpement-strategies-internationalisation-enseignement-superieur","status":"publish","type":"page","link":"https:\/\/oui-iohe.org\/fr\/service-accompagnement-developpement-strategies-internationalisation-enseignement-superieur\/","title":{"rendered":"Service d\u2019accompagnement pour le d\u00e9veloppement de strat\u00e9gies d&rsquo;internationalisation de l&rsquo;enseignement sup\u00e9rieur."},"content":{"rendered":"<div class=\"wpb-content-wrapper\"><p>[vc_row][vc_column][vc_custom_heading text=\u00a0\u00bbService d\u2019accompagnement pour le d\u00e9veloppement de strat\u00e9gies d&rsquo;internationalisation de l&rsquo;enseignement sup\u00e9rieur\u00a0\u00bb font_container=\u00a0\u00bbtag:h1|text_align:left\u00a0\u00bb use_theme_fonts=\u00a0\u00bbyes\u00a0\u00bb][\/vc_column][\/vc_row][vc_row full_width=\u00a0\u00bbstretch_row\u00a0\u00bb css=\u00a0\u00bb.vc_custom_1671217598706{background-color: #f1f1f1 !important;}\u00a0\u00bb][vc_column][vc_column_text]<strong>L&rsquo;internationalisation : un axe strat\u00e9gique de l&rsquo;OUI<\/strong><\/p>\n<p>Avec plus de 350 \u00e9tablissements d&rsquo;enseignement sup\u00e9rieur (EES) \u00e0 travers le continent am\u00e9ricain et l&rsquo;exp\u00e9rience de plus de 40 ans de coop\u00e9ration institutionnelle, l&rsquo;Organisation Universitaire Interam\u00e9ricaine (OUI) est devenue un partenaire strat\u00e9gique pour la promotion et le d\u00e9veloppement de l&rsquo;internationalisation de l&rsquo;enseignement sup\u00e9rieur.<\/p>\n<p>\u0152uvrant \u00e0 diff\u00e9rents niveaux d&rsquo;intervention, tant dans la formation et le renforcement des capacit\u00e9s pour la gestion strat\u00e9gique de l&rsquo;internationalisation (programme DIES) que dans la promotion d&rsquo;un espace commun pour l&rsquo;internationalisation de l&rsquo;enseignement sup\u00e9rieur (CAEI), nous avons d\u00e9velopp\u00e9 une expertise dans les composantes cl\u00e9s de l&rsquo;internationalisation telles que le diagnostic, la planification et la gestion de l&rsquo;internationalisation, les strat\u00e9gies de mobilit\u00e9 des \u00e9tudiants, l&rsquo;internationalisation des programmes d&rsquo;\u00e9tudes et la professionnalisation des responsables de l&rsquo;internationalisation, que nous sommes heureux de mettre au service de nos membres et des EES qui souhaitent am\u00e9liorer leur profil international.[\/vc_column_text][\/vc_column][\/vc_row][vc_row][vc_column][vc_custom_heading text=\u00a0\u00bbQue proposons-nous comme service ?\u00a0\u00bb use_theme_fonts=\u00a0\u00bbyes\u00a0\u00bb][vc_column_text]Le service\u00a0 pour le d\u00e9veloppement de strat\u00e9gies d&rsquo;internationalisation consiste en un processus d&rsquo;accompagnement qui comprend le diagnostic, la planification et la conception de strat\u00e9gies d&rsquo;internationalisation, ainsi qu&rsquo;une feuille de route pour la mise en \u0153uvre, le suivi et l&rsquo;\u00e9valuation des r\u00e9sultats. Le service comprend \u00e9galement le renforcement et le transfert des capacit\u00e9s afin que les \u00e9quipes institutionnelles (administratives, acad\u00e9miques et autorit\u00e9s) puissent continuer \u00e0 mettre en \u0153uvre efficacement leurs strat\u00e9gies et \u00e0 projeter les d\u00e9veloppements futurs de leur institution.<\/p>\n<p>Le soutien au d\u00e9veloppement de strat\u00e9gies d&rsquo;internationalisation comprend les services suivants, qui sont adapt\u00e9s au niveau de d\u00e9veloppement, aux conditions et aux particularit\u00e9s de l&rsquo;institution :<\/p>\n<ul>\n<li>Diagnostic de l&rsquo;\u00e9tat et des processus d&rsquo;internationalisation au sein de l&rsquo;institution.<\/li>\n<li>D\u00e9veloppement et\/ou \u00e9valuation du plan strat\u00e9gique de l&rsquo;\u00e9tablissement pour un plan d&rsquo;internationalisation efficace en fonction des besoins institutionnels (planification et gestion strat\u00e9giques, mobilit\u00e9, internationalisation du programme d&rsquo;\u00e9tudes, internationalisation de la recherche, etc.)<\/li>\n<li>Feuille de route pour le suivi et l&rsquo;\u00e9valuation de la mise en \u0153uvre du plan strat\u00e9gique d&rsquo;internationalisation.<\/li>\n<li>Professionnalisation du personnel des bureaux de relations internationales et des autres acteurs de l&rsquo;internationalisation.<\/li>\n<li>Soutien au d\u00e9veloppement d&rsquo;alliances strat\u00e9giques avec d&rsquo;autres \u00e9tablissements d&rsquo;enseignement sup\u00e9rieur du continent et \u00e0 l&rsquo;incorporation dans des communaut\u00e9s de connaissances et de pratiques qui soutiennent la viabilit\u00e9 du plan d&rsquo;internationalisation de l&rsquo;\u00e9tablissement et g\u00e9n\u00e8rent de nouvelles initiatives.<\/li>\n<li>Mise en r\u00e9seau et alliances r\u00e9gionales avec d&rsquo;autres institutions pour la mobilit\u00e9 et les \u00e9changes acad\u00e9miques.<\/li>\n<\/ul>\n<p>&nbsp;<\/p>\n<p><img loading=\"lazy\" decoding=\"async\" class=\"alignnone wp-image-16001 size-full\" src=\"https:\/\/oui-iohe.org\/wp-content\/uploads\/2024\/05\/etapas-11.png\" alt=\"\" width=\"823\" height=\"463\" srcset=\"https:\/\/oui-iohe.org\/wp-content\/uploads\/2024\/05\/etapas-11.png 823w, https:\/\/oui-iohe.org\/wp-content\/uploads\/2024\/05\/etapas-11-300x169.png 300w, https:\/\/oui-iohe.org\/wp-content\/uploads\/2024\/05\/etapas-11-768x432.png 768w\" sizes=\"auto, (max-width: 823px) 100vw, 823px\" \/>[\/vc_column_text][\/vc_column][\/vc_row][vc_row][vc_column][vc_custom_heading text=\u00a0\u00bbQuels sont les avantages pour l&rsquo;institution ?\u00a0\u00bb use_theme_fonts=\u00a0\u00bbyes\u00a0\u00bb][vc_column_text]<\/p>\n<ul>\n<li>Accompagnement dans les processus de conception, de mise en \u0153uvre et d&rsquo;\u00e9valuation.<\/li>\n<li>Des conseils personnalis\u00e9s con\u00e7us et appliqu\u00e9s \u00e0 la r\u00e9alit\u00e9 de votre institution.<\/li>\n<li>Une \u00e9quipe de sp\u00e9cialistes de haut niveau, connaissant les contextes locaux et nationaux, mais avec une perspective interam\u00e9ricaine.<\/li>\n<li>Application d&rsquo;une m\u00e9thodologie \u00e9prouv\u00e9e bas\u00e9e sur l&rsquo;exp\u00e9rience pratique et la preuve des r\u00e9sultats.<\/li>\n<li>\u00c9conomie du temps et des efforts pour obtenir des r\u00e9sultats efficaces en mati\u00e8re d&rsquo;internationalisation.<\/li>\n<li>D\u00e9veloppement des capacit\u00e9s institutionnelles pour la mise en \u0153uvre des strat\u00e9gies d&rsquo;internationalisation.<\/li>\n<li>Soutien au d\u00e9veloppement d&rsquo;alliances strat\u00e9giques et de communaut\u00e9s de connaissances.<\/li>\n<\/ul>\n<p>[\/vc_column_text][\/vc_column][\/vc_row][vc_row][vc_column][vc_custom_heading text=\u00a0\u00bbPourquoi l&rsquo;OUI ?\u00a0\u00bb use_theme_fonts=\u00a0\u00bbyes\u00a0\u00bb][vc_column_text]<strong>Port\u00e9e interam\u00e9ricaine:<\/strong> gr\u00e2ce \u00e0 une adh\u00e9sion dans 28 pays des Am\u00e9riques et \u00e0 un mod\u00e8le de coop\u00e9ration horizontale qui renforce les partenariats et les alliances strat\u00e9giques entre les EES de la r\u00e9gion, sans perdre de vue nos partenaires strat\u00e9giques dans d&rsquo;autres parties du monde.<\/p>\n<p><strong>Un large r\u00e9seau de sp\u00e9cialistes:<\/strong> il rassemble des experts des \u00e9tablissements d&rsquo;enseignement sup\u00e9rieur des Am\u00e9riques et d&rsquo;autres secteurs avec lesquels l&rsquo;Organisation a d\u00e9velopp\u00e9 des alliances.<\/p>\n<p><strong>Expertise en mati\u00e8re de renforcement des capacit\u00e9s et de soutien aux \u00e9quipes institutionnelles:<\/strong> Depuis 2008, nous encourageons la professionnalisation des acteurs de l&rsquo;internationalisation par le biais du <strong>Dipl\u00f4me en internationalisation de l&rsquo;enseignement sup\u00e9rieur (DIES),<\/strong> un programme innovant de mise \u00e0 jour professionnelle qui privil\u00e9gie l&rsquo;int\u00e9gration des domaines de pratique professionnelle, la vision comparative et r\u00e9gionale des questions li\u00e9es \u00e0 l&rsquo;internationalisation de l&rsquo;enseignement sup\u00e9rieur, ainsi que l&rsquo;\u00e9change avec des pairs dans des EES de diff\u00e9rentes parties du continent.<\/p>\n<p><strong>\u00a0<\/strong><strong>Un forum r\u00e9gional pour l&rsquo;internationalisation:<\/strong> Depuis 2011, l&rsquo;OUI dirige le secr\u00e9tariat ex\u00e9cutif de la <strong>Congr\u00e8s des Am\u00e9riques sur l\u2019\u00e9ducation internationale (CAEI),<\/strong> l&rsquo;un des principaux forums acad\u00e9miques r\u00e9gionaux dans ce domaine, qui cherche \u00e0 cr\u00e9er un espace commun pour la discussion des d\u00e9fis actuels, des nouveaux paradigmes, des meilleures pratiques et des tendances futures dans l&rsquo;enseignement sup\u00e9rieur international.<\/p>\n<p><img loading=\"lazy\" decoding=\"async\" class=\"alignnone wp-image-13670 size-full\" src=\"https:\/\/oui-iohe.org\/wp-content\/uploads\/2023\/04\/etapas-12.png\" alt=\"\" width=\"823\" height=\"463\" srcset=\"https:\/\/oui-iohe.org\/wp-content\/uploads\/2023\/04\/etapas-12.png 823w, https:\/\/oui-iohe.org\/wp-content\/uploads\/2023\/04\/etapas-12-300x169.png 300w, https:\/\/oui-iohe.org\/wp-content\/uploads\/2023\/04\/etapas-12-768x432.png 768w\" sizes=\"auto, (max-width: 823px) 100vw, 823px\" \/>[\/vc_column_text][\/vc_column][\/vc_row][vc_row css=\u00a0\u00bb.vc_custom_1671220289123{background-color: #f1f1f1 !important;}\u00a0\u00bb][vc_column width=\u00a0\u00bb1\/2&Prime;][vc_single_image image=\u00a0\u00bb1247&Prime;][\/vc_column][vc_column width=\u00a0\u00bb1\/2&Prime;][vc_custom_heading text=\u00a0\u00bbContact\u00a0\u00bb use_theme_fonts=\u00a0\u00bbyes\u00a0\u00bb][vc_column_text]<a href=\"mailto:academia@oui-iohe.org\"><span style=\"font-weight: 400;\">academia@oui-iohe.org<\/span><\/a>[\/vc_column_text][\/vc_column][\/vc_row]<\/p>\n<\/div>","protected":false},"excerpt":{"rendered":"<p>[vc_row][vc_column][vc_custom_heading text=\u00a0\u00bbService d\u2019accompagnement pour le d\u00e9veloppement de strat\u00e9gies d&rsquo;internationalisation de l&rsquo;enseignement sup\u00e9rieur\u00a0\u00bb font_container=\u00a0\u00bbtag:h1|text_align:left\u00a0\u00bb use_theme_fonts=\u00a0\u00bbyes\u00a0\u00bb][\/vc_column][\/vc_row][vc_row full_width=\u00a0\u00bbstretch_row\u00a0\u00bb css=\u00a0\u00bb.vc_custom_1671217598706{background-color: #f1f1f1 !important;}\u00a0\u00bb][vc_column][vc_column_text]L&rsquo;internationalisation : un [&hellip;]<\/p>\n","protected":false},"author":4,"featured_media":0,"parent":0,"menu_order":0,"comment_status":"closed","ping_status":"closed","template":"","meta":{"_acf_changed":false,"_monsterinsights_skip_tracking":false,"_monsterinsights_sitenote_active":false,"_monsterinsights_sitenote_note":"","_monsterinsights_sitenote_category":0,"footnotes":""},"class_list":["post-13269","page","type-page","status-publish","hentry"],"acf":[],"aioseo_notices":[],"_links":{"self":[{"href":"https:\/\/oui-iohe.org\/fr\/wp-json\/wp\/v2\/pages\/13269","targetHints":{"allow":["GET"]}}],"collection":[{"href":"https:\/\/oui-iohe.org\/fr\/wp-json\/wp\/v2\/pages"}],"about":[{"href":"https:\/\/oui-iohe.org\/fr\/wp-json\/wp\/v2\/types\/page"}],"author":[{"embeddable":true,"href":"https:\/\/oui-iohe.org\/fr\/wp-json\/wp\/v2\/users\/4"}],"replies":[{"embeddable":true,"href":"https:\/\/oui-iohe.org\/fr\/wp-json\/wp\/v2\/comments?post=13269"}],"version-history":[{"count":7,"href":"https:\/\/oui-iohe.org\/fr\/wp-json\/wp\/v2\/pages\/13269\/revisions"}],"predecessor-version":[{"id":16005,"href":"https:\/\/oui-iohe.org\/fr\/wp-json\/wp\/v2\/pages\/13269\/revisions\/16005"}],"wp:attachment":[{"href":"https:\/\/oui-iohe.org\/fr\/wp-json\/wp\/v2\/media?parent=13269"}],"curies":[{"name":"wp","href":"https:\/\/api.w.org\/{rel}","templated":true}]}}