{"id":1360,"date":"2018-11-20T10:58:15","date_gmt":"2018-11-20T15:58:15","guid":{"rendered":"http:\/\/www.oui-iohe.org\/governancia-oui\/"},"modified":"2026-01-15T20:10:16","modified_gmt":"2026-01-16T01:10:16","slug":"structure-oui","status":"publish","type":"page","link":"https:\/\/oui-iohe.org\/fr\/structure-oui\/","title":{"rendered":"Structure de l&rsquo;OUI"},"content":{"rendered":"<div class=\"wpb-content-wrapper\"><p>[vc_row][vc_column][vc_custom_heading source=\u00a0\u00bbpost_title\u00a0\u00bb font_container=\u00a0\u00bbtag:h1|text_align:left\u00a0\u00bb use_theme_fonts=\u00a0\u00bbyes\u00a0\u00bb][\/vc_column][\/vc_row][vc_row css=\u00a0\u00bb.vc_custom_1542722495701{margin-top: 40px !important;}\u00a0\u00bb][vc_column][vc_custom_heading text=\u00a0\u00bbMessage de la Pr\u00e9sidente\u00a0\u00bb use_theme_fonts=\u00a0\u00bbyes\u00a0\u00bb][\/vc_column][\/vc_row][vc_row equal_height=\u00a0\u00bbyes\u00a0\u00bb content_placement=\u00a0\u00bbtop\u00a0\u00bb css=\u00a0\u00bb.vc_custom_1542722469302{margin-bottom: 40px !important;}\u00a0\u00bb][vc_column width=\u00a0\u00bb1\/3&Prime;][vc_single_image image=\u00a0\u00bb14825&Prime; img_size=\u00a0\u00bblarge\u00a0\u00bb][\/vc_column][vc_column width=\u00a0\u00bb2\/3&Prime;][vc_single_image image=\u00a0\u00bb942&Prime; img_size=\u00a0\u00bbfull\u00a0\u00bb css=\u00a0\u00bb.vc_custom_1542730167655{margin-top: 9px !important;}\u00a0\u00bb][vc_column_text]Encadr\u00e9 dans le Plan strat\u00e9gique 2023-2030 de l&rsquo;Organisation universitaire interam\u00e9ricaine, j&rsquo;ai le projet de planification et de d\u00e9veloppement pour cette p\u00e9riode 2023-2025, qui comprend quatre objectifs strat\u00e9giques et 16 lignes.<\/p>\n<p>Les objectifs comprennent une offre diversifi\u00e9e qui r\u00e9pond aux d\u00e9fis de la soci\u00e9t\u00e9, le renforcement des alliances strat\u00e9giques, r\u00e9pondant \u00e0 l&rsquo;appel de l&rsquo;UNESCO qui a invit\u00e9 en 2022 l&rsquo;enseignement sup\u00e9rieur \u00e0 s&rsquo;engager pour plus de r\u00e9sultats dans la contribution aux ODD. et l&rsquo;excellence organisationnelle qui garantit une plus grande efficacit\u00e9 dans notre gestion.<\/p>\n<p><strong>\u2014<b>Maritza Rond\u00f3n Rangel<\/b><\/strong>, <em>Rectrice, Universidad Cooperativa de Colombia<\/em>, Colombia[\/vc_column_text][\/vc_column][\/vc_row][vc_row][vc_column][vc_custom_heading text=\u00a0\u00bbMessage du secr\u00e9taire g\u00e9n\u00e9ral ex\u00e9cutif\u00a0\u00bb use_theme_fonts=\u00a0\u00bbyes\u00a0\u00bb][\/vc_column][\/vc_row][vc_row equal_height=\u00a0\u00bbyes\u00a0\u00bb content_placement=\u00a0\u00bbtop\u00a0\u00bb css=\u00a0\u00bb.vc_custom_1542722481604{margin-bottom: 40px !important;}\u00a0\u00bb][vc_column width=\u00a0\u00bb1\/3&Prime;][vc_single_image image=\u00a0\u00bb1657&Prime; img_size=\u00a0\u00bblarge\u00a0\u00bb][\/vc_column][vc_column width=\u00a0\u00bb2\/3&Prime;][vc_single_image image=\u00a0\u00bb942&Prime; img_size=\u00a0\u00bbfull\u00a0\u00bb css=\u00a0\u00bb.vc_custom_1542730180385{margin-top: 9px !important;}\u00a0\u00bb][vc_column_text]Alors que nous traversions encore la pand\u00e9mie et que le monde de l\u2019enseignement sup\u00e9rieur \u00e9tait en plein bouleversement, nos membres ont exprim\u00e9 en 2021 la volont\u00e9 que l\u2019OUI s\u2019arrime sur l\u2019agenda international de d\u00e9veloppement durable fix\u00e9 pour 2030. Nous avons donc entam\u00e9 un grand travail de consultation men\u00e9 par nos instances de direction et nos \u00e9quipes de travail, avec la pr\u00e9cieuse collaboration d\u2019un Conseil consultatif de 12 membres issus de nos 9 r\u00e9gions et de l\u2019apport de plus de 200 \u00e9tablissements d\u2019enseignement sup\u00e9rieur qui ont r\u00e9pondu \u00e0 l\u2019appel lors de sondages et d\u2019assembl\u00e9es r\u00e9gionales.<\/p>\n<p>Je suis fier de pr\u00e9senter, au nom de toutes les parties impliqu\u00e9es, ce Plan strat\u00e9gique OUI 2023-2030 qui est \u00e0 la fois le r\u00e9sultat d\u2019un exercice de r\u00e9flexion et d\u2019analyse de notre pass\u00e9 organisationnel, combin\u00e9 \u00e0 une projection vers des axes de travail innovants et diversifi\u00e9s, toujours orient\u00e9s vers les besoins et les priorit\u00e9s de nos membres. Notre vision est claire: renforcer la pertinence de l\u2019OUI comme principale association d\u2019internationalisation de l\u2019enseignement sup\u00e9rieur dans les Am\u00e9riques. Rejoignez-nous!<\/p>\n<p><strong>\u2014 David Julien D.Ps<\/strong>, Secr\u00e9taire g\u00e9n\u00e9ral ex\u00e9cutif de l&rsquo;OUI[\/vc_column_text][\/vc_column][\/vc_row][vc_row css=\u00a0\u00bb.vc_custom_1542724004513{margin-bottom: 40px !important;}\u00a0\u00bb][vc_column][vc_custom_heading text=\u00a0\u00bbStructure de l&rsquo;OUI\u00a0\u00bb use_theme_fonts=\u00a0\u00bbyes\u00a0\u00bb][vc_tta_accordion style=\u00a0\u00bbflat\u00a0\u00bb shape=\u00a0\u00bbsquare\u00a0\u00bb color=\u00a0\u00bbiohe-orange\u00a0\u00bb gap=\u00a0\u00bb35&Prime; c_icon=\u00a0\u00bbchevron\u00a0\u00bb c_position=\u00a0\u00bbright\u00a0\u00bb active_section=\u00a0\u00bb9999&Prime; no_fill=\u00a0\u00bbtrue\u00a0\u00bb collapsible_all=\u00a0\u00bbtrue\u00a0\u00bb][vc_tta_section title=\u00a0\u00bbAssembl\u00e9e g\u00e9n\u00e9rale\u00a0\u00bb tab_id=\u00a0\u00bbassemblea-general\u00a0\u00bb][vc_column_text]L&rsquo;Organisation universitaire interam\u00e9ricaine (OUI) propose une approche participative pour atteindre ses objectifs. Les institutions membres, repr\u00e9sent\u00e9es par leurs mandataires l\u00e9gaux, composent l&rsquo;Assembl\u00e9e g\u00e9n\u00e9rale, organe d\u00e9cisionnel supr\u00eame de l\u2019OUI.<\/p>\n<p>L\u2019Assembl\u00e9e g\u00e9n\u00e9rale est charg\u00e9e d\u2019\u00e9lire le Conseil d&rsquo;administration, son pr\u00e9sident ainsi que les vice-pr\u00e9sidents et de ratifier l\u2019\u00e9lection des conseillers r\u00e9gionaux. Elle nomme \u00e9galement le Secr\u00e9taire g\u00e9n\u00e9ral ex\u00e9cutif, le tr\u00e9sorier et le conseiller juridique.<\/p>\n<p>L\u2019Assembl\u00e9e g\u00e9n\u00e9rale identifie les priorit\u00e9s, fixe le montant des cotisations annuelles et de toute autre contribution, et adopte les orientations, d\u00e9cisions ou recommandations utiles au bon fonctionnement de l\u2019Organisation.<\/p>\n<p>L&rsquo;Assembl\u00e9e g\u00e9n\u00e9rale se r\u00e9unit une fois par ann\u00e9e, \u00e0 une date et en un lieu d\u00e9cid\u00e9s par le Conseil d&rsquo;administration.[\/vc_column_text][\/vc_tta_section][vc_tta_section title=\u00a0\u00bbConseil d&rsquo;Administration\u00a0\u00bb tab_id=\u00a0\u00bbConseil-Administration\u00a0\u00bb][vc_column_text css=\u00a0\u00bb\u00a0\u00bb]Le Conseil d\u2019administration est l\u2019organe charg\u00e9 de la gestion des affaires administratives de l\u2019OUI. Il est compos\u00e9 de 13 membres exp\u00e9riment\u00e9s qui sont \u00e0 la t\u00eate de quelques-unes des universit\u00e9s les plus reconnues de leur pays.<\/p>\n<p>Le Conseil cherche \u00e0 maintenir une repr\u00e9sentation \u00e9quilibr\u00e9e des universit\u00e9s publiques, priv\u00e9es, coop\u00e9ratives et confessionnelles des Am\u00e9riques.<\/p>\n<p>Chacune des neuf r\u00e9gions de l\u2019OUI est sous la responsabilit\u00e9 d\u2019un Conseil r\u00e9gional, pr\u00e9sid\u00e9 par un Vice-pr\u00e9sident, qui remplit un mandat renouvelable de deux ans. Il appuie le Pr\u00e9sident, le Secr\u00e9taire g\u00e9n\u00e9ral ex\u00e9cutif et les Directeurs ex\u00e9cutifs des programmes de l\u2019OUI, qui ensemble forment le Comit\u00e9 de direction.<\/p>\n<p>Le Conseil d\u2019administration se r\u00e9unit une ou deux fois par ann\u00e9e, et ses membres maintiennent un contact r\u00e9gulier entre ces r\u00e9unions.<\/p>\n<p>Le Conseil d\u2019Administration actuel se compose de:<\/p>\n<ul>\n<li><strong>Pr\u00e9sidente <\/strong>: Maritza Rond\u00f3n Rangel\u200b, Rectrice, <em>Universidad Cooperativa de Colombia,\u00a0<\/em>Colombia<\/li>\n<li><strong>Secr\u00e9taire g\u00e9n\u00e9ral ex\u00e9cutif<\/strong> : David Julien, Canada<\/li>\n<li><strong>Tr\u00e9sori\u00e8re<\/strong> : Val\u00e9rie Amiraux, Vice-rectrice aux partenariats communautaires et internationaux, <strong><em>Universit\u00e9 de Montr\u00e9al<\/em><\/strong>, Canada<\/li>\n<li><strong>Pr\u00e9sident sortant\u00a0<\/strong>: Oscar Garrido Alvarez, Recteur, <em>Universidad de Los Lagos<\/em>, Chile<\/li>\n<li><strong>Pr\u00e9sident honoraire :<\/strong> Juan Carlos Romero Hicks, Mexique<\/li>\n<li><strong>Responsable du contr\u00f4le juridique<\/strong>: Karla Alejandra Esc\u00e1rcega Robledo, <em>Universidad de Guanajuato, <\/em>Mexique<\/li>\n<li><strong>Vice-pr\u00e9sidents r\u00e9gionaux\u00a0<\/strong>:\n<ul>\n<li><strong>Am\u00e9rique centrale\u00a0<\/strong>: Mar\u00eda Estrada S\u00e1nchez, <span lang=\"ES-MX\">Rectrice<\/span>, <em><strong>Instituto Tecnol\u00f3gico de Costa Rica\u00a0(TEC)<\/strong><\/em>, Costa Rica<\/li>\n<li><strong>Br\u00e9sil<\/strong>:\u00a0 Jenifer Saffi, <span lang=\"ES-MX\">Rectrice<\/span>, <em><strong>Universidade Federal de Ci\u00eancias da Sa\u00fade de Porto Alegre<\/strong>, <\/em>Br\u00e9sil<\/li>\n<li><strong>Canada<\/strong> : Christian Blanchette, Recteur, <em><strong>Universit\u00e9 du Qu\u00e9bec \u00e0 Trois-Rivi\u00e8res<\/strong><\/em>, Canada<\/li>\n<li><strong>Cara\u00efbe<\/strong> : Jos\u00e9 Rafael Espaillat, Recteur, <strong><em>Instituto de Educaci\u00f3n Superior en Formaci\u00f3n Diplomatica y Consular<\/em><\/strong><strong><em> (INESDYC)<\/em><\/strong><i>, <\/i>R\u00e9publique dominicaine<\/li>\n<li><strong>Colombie\u00a0<\/strong>: Jos\u00e9 Leonardo Valencia Molano, Recteur national, <strong>Fundaci\u00f3n Universitaria del Area Andina<\/strong>, Colombia<\/li>\n<li><strong>C\u00f4ne sud<\/strong> : Guillermo Tamarit<span lang=\"ES-MX\">, Recteur, <strong><em>Universidad Nacional del Noroeste de la Provincia de Buenos Aires<\/em><\/strong>, Argentina<\/span><\/li>\n<li><strong>\u00c9tats-Unis<\/strong> : Lawrence Schovanec, Recteur, <em><strong>Texas Tech University (TTU)<\/strong><\/em><em>, <\/em>\u00c9tats-Unis<\/li>\n<li><strong>Mexique<\/strong> : Christian Jorge Torres Ortiz Zerme\u00f1o, Recteur, <em>Universidad de Colima, <\/em>Mexique<\/li>\n<li><strong>Pays andins<\/strong> : Walter Mera Ortiz, Recteur, <em>Universidad Cat\u00f3lica de Santiago de Guayaquil<\/em>, Equateur<\/li>\n<\/ul>\n<\/li>\n<\/ul>\n<p>[\/vc_column_text][\/vc_tta_section][vc_tta_section title=\u00a0\u00bbInstances r\u00e9gionales\u00a0\u00bb tab_id=\u00a0\u00bbinstances-regionales\u00a0\u00bb][vc_column_text]Les membres de chaque r\u00e9gion, les conseillers et leur vice-pr\u00e9sident respectif constituent l\u2019Assembl\u00e9e r\u00e9gionale.<\/p>\n<p>Les principales fonctions des Assembl\u00e9es r\u00e9gionales consistent \u00e0 soutenir les int\u00e9r\u00eats de leur r\u00e9gion dans le cadre de l\u2019OUI, en approuvant un Plan annuel de d\u00e9veloppement r\u00e9gional, en formulant des propositions d&rsquo;initiatives r\u00e9gionales qui soutiennent les objectifs de l\u2019organisation et en \u00e9lisant le Conseil r\u00e9gional constitu\u00e9 du vice-pr\u00e9sident, du vice-pr\u00e9sident suppl\u00e9ant et les conseillers r\u00e9gionaux.<\/p>\n<p>L\u2019Assembl\u00e9e r\u00e9gionale tient une r\u00e9union ordinaire au moins une fois par ann\u00e9e et une session extraordinaire \u00e0 la requ\u00eate d\u2019un tiers de ses membres, \u00e0 la demande du pr\u00e9sident ou du Conseil d&rsquo;administration de l\u2019OUI.[\/vc_column_text][\/vc_tta_section][vc_tta_section title=\u00a0\u00bbConseil consultatif\u00a0\u00bb tab_id=\u00a0\u00bb1704235088182-e0684a3e-1e46&Prime;][vc_column_text css=\u00a0\u00bb\u00a0\u00bb]<\/p>\n<table width=\"1560\">\n<tbody>\n<tr>\n<td style=\"text-align: center;\" width=\"219\"><strong>R\u00e9gion<\/strong><\/td>\n<td style=\"text-align: center;\" width=\"176\"><strong>Pays\u00a0\u00a0<\/strong><\/td>\n<td style=\"text-align: center;\" width=\"391\"><strong>\u00c9ES<\/strong><\/td>\n<td style=\"text-align: center;\" width=\"257\"><strong>Nom et pr\u00e9nom<\/strong><\/td>\n<td style=\"text-align: center;\" width=\"517\"><strong>Poste\u00a0<\/strong><\/td>\n<\/tr>\n<tr>\n<td>Am\u00e9rique centrale<\/td>\n<td>Guatemala<\/td>\n<td>Universidad de San Carlos de Guatemala<\/td>\n<td>Olga Moscoso<\/td>\n<td>Coordinatrice g\u00e9n\u00e9rale de la coop\u00e9ration et des relations internationales<\/td>\n<\/tr>\n<tr>\n<td>Br\u00e9sil<\/td>\n<td>Br\u00e9sil<\/td>\n<td>Universidade Federal de Santa Catarina<\/td>\n<td>Luciane Stallivieri<\/td>\n<td>Chercheuse<\/td>\n<\/tr>\n<tr>\n<td>Canada<\/td>\n<td>Canada<\/td>\n<td>Simon Fraser University<\/td>\n<td>Carol Zachs<\/td>\n<td>Directrice senior, SFU International<\/td>\n<\/tr>\n<tr>\n<td>Canada<\/td>\n<td>Canada<\/td>\n<td>Universit\u00e9 du Qu\u00e9bec<\/td>\n<td>Etienne Carbonneau<\/td>\n<td>Directeur, Soutien \u00e0 l&rsquo;internationalisation<\/td>\n<\/tr>\n<tr>\n<td>\u00c9tats Unis<\/td>\n<td>\u00c9tats Unis<\/td>\n<td>Brenau University<\/td>\n<td>Rosi Ponce<\/td>\n<td>Directrice ex\u00e9cutive, Miller Institute for Global Education<\/td>\n<\/tr>\n<tr>\n<td>Mexique<\/td>\n<td>Mexique<\/td>\n<td>Universidad Aut\u00f3noma de Guerrero<\/td>\n<td>Jos\u00e9 Betancourt Villa<\/td>\n<td>Directeur de la coop\u00e9ration internationale et des \u00e9changes universitaires<\/td>\n<\/tr>\n<tr>\n<td>Cara\u00efbes<\/td>\n<td>R\u00e9publique Dominicaine<\/td>\n<td>Universidad Central del Este<\/td>\n<td>Sandra Olaya<\/td>\n<td>Directrice des affaires internationales<\/td>\n<\/tr>\n<tr>\n<td>Colombie<\/td>\n<td>Colombie<\/td>\n<td>Universidad del Rosario<\/td>\n<td>Sandra Guar\u00edn<\/td>\n<td>Chancelier<\/td>\n<\/tr>\n<tr>\n<td>C\u00f4ne Sud<\/td>\n<td>Argentine<\/td>\n<td>Universidad del Salvador<\/td>\n<td>Luciana Tondello<\/td>\n<td>Vice-rectrice \u00e0 la recherche et au d\u00e9veloppement<\/td>\n<\/tr>\n<tr>\n<td>Mexique<\/td>\n<td>Mexique<\/td>\n<td>Universidad Popular Aut\u00f3noma del Estado de Puebla<\/td>\n<td>Andr\u00e9s Barba<\/td>\n<td>Directeur des affaires internationales<\/td>\n<\/tr>\n<tr>\n<td>Pays andins<\/td>\n<td>Chili<\/td>\n<td>Universidad Arturo Prat<\/td>\n<td>Diego Olivares<\/td>\n<td>Directeur des affaires internationales<\/td>\n<\/tr>\n<tr>\n<td>Pays andins<\/td>\n<td>P\u00e9rou<\/td>\n<td>Universidad Tecnol\u00f3gica del Per\u00fa<\/td>\n<td>Mariela Cantoni<\/td>\n<td>Directrice des affaires internationales<\/td>\n<\/tr>\n<\/tbody>\n<\/table>\n<p>[\/vc_column_text][\/vc_tta_section][vc_tta_section title=\u00a0\u00bbSecr\u00e9tariat g\u00e9n\u00e9ral et \u00e9quipe\u00a0\u00bb tab_id=\u00a0\u00bbsecretariat-general\u00a0\u00bb][vc_column_text css=\u00a0\u00bb\u00a0\u00bb]<strong>Secr\u00e9taire g\u00e9n\u00e9ral ex\u00e9cutif\u00a0(SGE)<\/strong> : David Julien<\/p>\n<p><strong>Direction de la planification et du d\u00e9veloppement: <\/strong>Fernando Daniels<\/p>\n<p><strong>Direction acad\u00e9mique: <\/strong>Leticia Jimenez<\/p>\n<p><strong>Direction des relations institutionnelles:<\/strong> Claudia Nunez del Arco<\/p>\n<p><strong>Responsable des communications:<\/strong> Ana Maria Gonzalez<\/p>\n<p><strong>eMOVIES: <\/strong>Aura Maria Monsalve<\/p>\n<p><strong>Comptabilit\u00e9:<\/strong> Maria Alejandra Gonzalez[\/vc_column_text][\/vc_tta_section][\/vc_tta_accordion][\/vc_column][\/vc_row][vc_row][vc_column width=\u00a0\u00bb1\/2&Prime; offset=\u00a0\u00bbvc_hidden-xs\u00a0\u00bb][vc_btn title=\u00a0\u00bbVoir les Statuts\u00a0\u00bb style=\u00a0\u00bbflat\u00a0\u00bb shape=\u00a0\u00bbsquare\u00a0\u00bb color=\u00a0\u00bbiohe-orange\u00a0\u00bb align=\u00a0\u00bbright\u00a0\u00bb link=\u00a0\u00bburl:https%3A%2F%2Foui-iohe.org%2Fwp-content%2Fuploads%2F2020%2F08%2FStatuts-OUI_FR.pdf||target:%20_blank|\u00a0\u00bb][\/vc_column][vc_column width=\u00a0\u00bb1\/2&Prime; offset=\u00a0\u00bbvc_hidden-xs\u00a0\u00bb][vc_btn title=\u00a0\u00bbVoir le Plan strat\u00e9gique 2023-2030&Prime; style=\u00a0\u00bbflat\u00a0\u00bb shape=\u00a0\u00bbsquare\u00a0\u00bb color=\u00a0\u00bbiohe-orange\u00a0\u00bb align=\u00a0\u00bbleft\u00a0\u00bb link=\u00a0\u00bburl:https%3A%2F%2Foui-iohe.org%2Fwp-content%2Fuploads%2F2022%2F11%2FPLAN-STRATEGIQUE-OUI-2023-2030_FR.pdf||target:%20_blank|\u00a0\u00bb][\/vc_column][\/vc_row]<\/p>\n<\/div>","protected":false},"excerpt":{"rendered":"<p>[vc_row][vc_column][vc_custom_heading source=\u00a0\u00bbpost_title\u00a0\u00bb font_container=\u00a0\u00bbtag:h1|text_align:left\u00a0\u00bb use_theme_fonts=\u00a0\u00bbyes\u00a0\u00bb][\/vc_column][\/vc_row][vc_row css=\u00a0\u00bb.vc_custom_1542722495701{margin-top: 40px !important;}\u00a0\u00bb][vc_column][vc_custom_heading text=\u00a0\u00bbMessage de la Pr\u00e9sidente\u00a0\u00bb use_theme_fonts=\u00a0\u00bbyes\u00a0\u00bb][\/vc_column][\/vc_row][vc_row equal_height=\u00a0\u00bbyes\u00a0\u00bb content_placement=\u00a0\u00bbtop\u00a0\u00bb css=\u00a0\u00bb.vc_custom_1542722469302{margin-bottom: 40px !important;}\u00a0\u00bb][vc_column width=\u00a0\u00bb1\/3&Prime;][vc_single_image image=\u00a0\u00bb14825&Prime; img_size=\u00a0\u00bblarge\u00a0\u00bb][\/vc_column][vc_column [&hellip;]<\/p>\n","protected":false},"author":4,"featured_media":956,"parent":0,"menu_order":0,"comment_status":"closed","ping_status":"closed","template":"","meta":{"_acf_changed":false,"_monsterinsights_skip_tracking":false,"_monsterinsights_sitenote_active":false,"_monsterinsights_sitenote_note":"","_monsterinsights_sitenote_category":0,"footnotes":""},"class_list":["post-1360","page","type-page","status-publish","has-post-thumbnail","hentry"],"acf":[],"aioseo_notices":[],"_links":{"self":[{"href":"https:\/\/oui-iohe.org\/fr\/wp-json\/wp\/v2\/pages\/1360","targetHints":{"allow":["GET"]}}],"collection":[{"href":"https:\/\/oui-iohe.org\/fr\/wp-json\/wp\/v2\/pages"}],"about":[{"href":"https:\/\/oui-iohe.org\/fr\/wp-json\/wp\/v2\/types\/page"}],"author":[{"embeddable":true,"href":"https:\/\/oui-iohe.org\/fr\/wp-json\/wp\/v2\/users\/4"}],"replies":[{"embeddable":true,"href":"https:\/\/oui-iohe.org\/fr\/wp-json\/wp\/v2\/comments?post=1360"}],"version-history":[{"count":78,"href":"https:\/\/oui-iohe.org\/fr\/wp-json\/wp\/v2\/pages\/1360\/revisions"}],"predecessor-version":[{"id":19847,"href":"https:\/\/oui-iohe.org\/fr\/wp-json\/wp\/v2\/pages\/1360\/revisions\/19847"}],"wp:featuredmedia":[{"embeddable":true,"href":"https:\/\/oui-iohe.org\/fr\/wp-json\/wp\/v2\/media\/956"}],"wp:attachment":[{"href":"https:\/\/oui-iohe.org\/fr\/wp-json\/wp\/v2\/media?parent=1360"}],"curies":[{"name":"wp","href":"https:\/\/api.w.org\/{rel}","templated":true}]}}