{"id":1459,"date":"2018-11-26T15:13:06","date_gmt":"2018-11-26T20:13:06","guid":{"rendered":"http:\/\/www.oui-iohe.org\/academic-products-services\/"},"modified":"2019-02-21T11:09:37","modified_gmt":"2019-02-21T16:09:37","slug":"services-academiques","status":"publish","type":"page","link":"https:\/\/oui-iohe.org\/fr\/services-academiques\/","title":{"rendered":"Services acad\u00e9miques"},"content":{"rendered":"<div class=\"wpb-content-wrapper\"><p>[vc_row][vc_column][vc_custom_heading source=\u00a0\u00bbpost_title\u00a0\u00bb font_container=\u00a0\u00bbtag:h1|text_align:left\u00a0\u00bb use_theme_fonts=\u00a0\u00bbyes\u00a0\u00bb][vc_empty_space height=\u00a0\u00bb40px\u00a0\u00bb][vc_column_text]Consciente de l&rsquo;importance d\u2019encourager les \u00e9tablissements d\u2019enseignement sup\u00e9rieur (\u00c9ES) de tout le continent am\u00e9ricain \u00e0 participer \u00e0 un espace commun de collaboration, l&rsquo;Organisation universitaire interam\u00e9ricaine (OUI) s\u2019est dot\u00e9e de cinq programmes r\u00e9pondant aux cinq axes de son <a href=\"http:\/\/www.oui-iohe.org\/wp-content\/uploads\/2018\/11\/2-Plan-Estrategico-2017-2022_FR.pdf\" target=\"_blank\" rel=\"noopener\"><strong>Plan Strat\u00e9gique 2017-2022<\/strong><\/a>\u00a0:[\/vc_column_text][\/vc_column][\/vc_row][vc_row][vc_column width=\u00a0\u00bb1\/3&Prime;][vc_separator color=\u00a0\u00bbiohe-orange\u00a0\u00bb border_width=\u00a0\u00bb6&Prime;][vc_custom_heading text=\u00a0\u00bbEngagement social\u00a0\u00bb font_container=\u00a0\u00bbtag:h4|text_align:center\u00a0\u00bb use_theme_fonts=\u00a0\u00bbyes\u00a0\u00bb][\/vc_column][vc_column width=\u00a0\u00bb1\/3&Prime;][vc_separator color=\u00a0\u00bbiohe-orange\u00a0\u00bb border_width=\u00a0\u00bb6&Prime;][vc_custom_heading text=\u00a0\u00bbInnovation\u00a0\u00bb font_container=\u00a0\u00bbtag:h4|text_align:center\u00a0\u00bb use_theme_fonts=\u00a0\u00bbyes\u00a0\u00bb][\/vc_column][vc_column width=\u00a0\u00bb1\/3&Prime;][vc_separator color=\u00a0\u00bbiohe-orange\u00a0\u00bb border_width=\u00a0\u00bb6&Prime;][vc_custom_heading text=\u00a0\u00bbInternationalisation\u00a0\u00bb font_container=\u00a0\u00bbtag:h4|text_align:center\u00a0\u00bb use_theme_fonts=\u00a0\u00bbyes\u00a0\u00bb][\/vc_column][\/vc_row][vc_row css=\u00a0\u00bb.vc_custom_1542742480541{padding-top: 0px !important;}\u00a0\u00bb][vc_column width=\u00a0\u00bb1\/6&Prime;][\/vc_column][vc_column width=\u00a0\u00bb1\/3&Prime;][vc_separator color=\u00a0\u00bbiohe-orange\u00a0\u00bb border_width=\u00a0\u00bb6&Prime;][vc_custom_heading text=\u00a0\u00bbD\u00e9veloppement durable\u00a0\u00bb font_container=\u00a0\u00bbtag:h4|text_align:center\u00a0\u00bb use_theme_fonts=\u00a0\u00bbyes\u00a0\u00bb][\/vc_column][vc_column width=\u00a0\u00bb1\/3&Prime;][vc_separator color=\u00a0\u00bbiohe-orange\u00a0\u00bb border_width=\u00a0\u00bb6&Prime;][vc_custom_heading text=\u00a0\u00bbGestion organisationnelle et leadership\u00a0\u00bb font_container=\u00a0\u00bbtag:h4|text_align:center\u00a0\u00bb use_theme_fonts=\u00a0\u00bbyes\u00a0\u00bb][\/vc_column][vc_column width=\u00a0\u00bb1\/6&Prime;][\/vc_column][\/vc_row][vc_row][vc_column][vc_column_text]Gr\u00e2ce \u00e0 son leadership, son exp\u00e9rience et ses activit\u00e9s interam\u00e9ricaines et interculturelles, l\u2019OUI propose \u00e0 l\u2019ensemble de ses membres affili\u00e9s des programmes et activit\u00e9s de formation et une vaste gamme d\u2019experts pour mettre en \u0153uvre des strat\u00e9gies innovatrices de partage des meilleures pratiques et faire face aux progr\u00e8s et aux d\u00e9fis sectoriels et sur l\u2019\u00e9tat actuel de l\u2019internationalisation et ses perspectives futures.[\/vc_column_text][\/vc_column][\/vc_row][vc_row full_width=\u00a0\u00bbstretch_row\u00a0\u00bb css=\u00a0\u00bb.vc_custom_1542742608052{padding-top: 25px !important;background-color: #f1f1f1 !important;}\u00a0\u00bb][vc_column][vc_column_text]Participer aux programmes de l\u2019OUI, c\u2019est avoir acc\u00e8s \u00e0 une\u00a0<strong>vari\u00e9t\u00e9 de services et de produits acad\u00e9miques<\/strong>\u00a0offerts par l\u2019IGLU, le COLAM, CAMPUS, EMULIES et l\u2019EIESTEC :[\/vc_column_text][\/vc_column][\/vc_row][vc_row full_width=\u00a0\u00bbstretch_row\u00a0\u00bb css=\u00a0\u00bb.vc_custom_1542741514740{background-color: #f1f1f1 !important;}\u00a0\u00bb][vc_column width=\u00a0\u00bb1\/3&Prime;][vc_separator color=\u00a0\u00bbiohe-orange\u00a0\u00bb border_width=\u00a0\u00bb6&Prime;][vc_single_image image=\u00a0\u00bb1228&Prime; img_size=\u00a0\u00bbfull\u00a0\u00bb alignment=\u00a0\u00bbcenter\u00a0\u00bb css=\u00a0\u00bb.vc_custom_1543263920205{margin-bottom: 15px !important;}\u00a0\u00bb][vc_column_text el_class=\u00a0\u00bbfw-medium\u00a0\u00bb css=\u00a0\u00bb.vc_custom_1550765541337{margin-bottom: 0px !important;}\u00a0\u00bb]Participer \u00e0 la\u00a0formation de gestionnaires de projets universitaires\u00a0dans le cadre du programme de l\u2019<strong>Institut de gestion et de leadership universitaires (IGLU).<\/strong><\/p>\n<p><strong><a href=\"http:\/\/oui-iohe.org\/fr\/iglu\/\" target=\"_blank\" rel=\"noopener\">EN SAVOIR PLUS &gt;<\/a><\/strong>[\/vc_column_text][\/vc_column][vc_column width=\u00a0\u00bb1\/3&Prime;][vc_separator color=\u00a0\u00bbiohe-orange\u00a0\u00bb border_width=\u00a0\u00bb6&Prime;][vc_single_image image=\u00a0\u00bb1216&Prime; img_size=\u00a0\u00bbfull\u00a0\u00bb alignment=\u00a0\u00bbcenter\u00a0\u00bb css=\u00a0\u00bb.vc_custom_1543263929622{margin-bottom: 15px !important;}\u00a0\u00bb][vc_column_text el_class=\u00a0\u00bbfw-medium\u00a0\u00bb css=\u00a0\u00bb.vc_custom_1550765550064{margin-bottom: 0px !important;}\u00a0\u00bb]Int\u00e9grer les r\u00e9seaux interam\u00e9ricains de formation du <strong>Coll\u00e8ge des Am\u00e9riques (COLAM).<\/strong><\/p>\n<p><strong><a href=\"http:\/\/oui-iohe.org\/fr\/colam\/\" target=\"_blank\" rel=\"noopener\">EN SAVOIR PLUS &gt;<\/a><\/strong>[\/vc_column_text][\/vc_column][vc_column width=\u00a0\u00bb1\/3&Prime;][vc_separator color=\u00a0\u00bbiohe-orange\u00a0\u00bb border_width=\u00a0\u00bb6&Prime;][vc_single_image image=\u00a0\u00bb1212&Prime; img_size=\u00a0\u00bbfull\u00a0\u00bb alignment=\u00a0\u00bbcenter\u00a0\u00bb css=\u00a0\u00bb.vc_custom_1543263941512{margin-bottom: 15px !important;}\u00a0\u00bb][vc_column_text el_class=\u00a0\u00bbfw-medium\u00a0\u00bb css=\u00a0\u00bb.vc_custom_1550765563831{margin-bottom: 0px !important;}\u00a0\u00bb]Acc\u00e9der, via le programme <strong>CAMPUS<\/strong>, \u00e0 de nouvelles initiatives\u00a0promouvant la coop\u00e9ration entre les universit\u00e9s autour de la responsabilit\u00e9 sociale universitaire, des probl\u00e9matiques de d\u00e9veloppement durable et sur les nouveaux mod\u00e8les d\u2019\u00e9tude aux niveau doctoral et virtuel.<\/p>\n<p><strong><a href=\"http:\/\/oui-iohe.org\/fr\/campus\/\" target=\"_blank\" rel=\"noopener\">EN SAVOIR PLUS &gt;<\/a><\/strong>[\/vc_column_text][\/vc_column][\/vc_row][vc_row full_width=\u00a0\u00bbstretch_row\u00a0\u00bb css=\u00a0\u00bb.vc_custom_1542742841986{background-color: #f1f1f1 !important;}\u00a0\u00bb][vc_column width=\u00a0\u00bb1\/6&Prime;][\/vc_column][vc_column width=\u00a0\u00bb1\/3&Prime;][vc_separator color=\u00a0\u00bbiohe-orange\u00a0\u00bb border_width=\u00a0\u00bb6&Prime;][vc_single_image image=\u00a0\u00bb1224&Prime; img_size=\u00a0\u00bbfull\u00a0\u00bb alignment=\u00a0\u00bbcenter\u00a0\u00bb css=\u00a0\u00bb.vc_custom_1543263951126{margin-bottom: 15px !important;}\u00a0\u00bb][vc_column_text el_class=\u00a0\u00bbfw-medium\u00a0\u00bb css=\u00a0\u00bb.vc_custom_1550765571622{margin-bottom: 0px !important;}\u00a0\u00bb]Participer \u00e0 des groupes de recherche et de d\u00e9veloppement sur des sujets tels que l\u2019\u00e9quit\u00e9 des genres, la place des femmes leaders, la gouvernabilit\u00e9 ou les droits de la personne au sein du programme <strong>Femmes leaders d\u2019\u00c9tablissements d\u2019Enseignement Sup\u00e9rieur dans les Am\u00e9riques\u00a0(EMULIES)<\/strong><\/p>\n<p><strong><a href=\"http:\/\/oui-iohe.org\/fr\/emulies\/\" target=\"_blank\" rel=\"noopener\">EN SAVOIR PLUS &gt;<\/a><\/strong>[\/vc_column_text][\/vc_column][vc_column width=\u00a0\u00bb1\/3&Prime;][vc_separator color=\u00a0\u00bbiohe-orange\u00a0\u00bb border_width=\u00a0\u00bb6&Prime;][vc_single_image image=\u00a0\u00bb1918&Prime; alignment=\u00a0\u00bbcenter\u00a0\u00bb css=\u00a0\u00bb.vc_custom_1544474125884{margin-bottom: 15px !important;}\u00a0\u00bb][vc_column_text css=\u00a0\u00bb.vc_custom_1550765580761{margin-bottom: 0px !important;}\u00a0\u00bb el_class=\u00a0\u00bbfw-medium\u00a0\u00bb]Prendre part \u00e0 de\u00a0nombreuses initiatives li\u00e9es \u00e0 la coop\u00e9ration dans le domaine de l\u2019innovation, de la science et de la technologie au sein des \u00c9ES techniques, technologique et gr\u00e2ce \u00e0 l\u2019<strong>Espace interam\u00e9ricain pour l&rsquo;enseignement sup\u00e9rieur technique et technologique (EIESTEC)<\/strong>.<\/p>\n<p><strong><a href=\"http:\/\/oui-iohe.org\/fr\/eiestec\/\" target=\"_blank\" rel=\"noopener\">EN SAVOIR PLUS &gt;<\/a><\/strong>[\/vc_column_text][\/vc_column][vc_column width=\u00a0\u00bb1\/6&Prime;][\/vc_column][\/vc_row][vc_row full_width=\u00a0\u00bbstretch_row\u00a0\u00bb css=\u00a0\u00bb.vc_custom_1542742892016{margin-bottom: -40px !important;padding-top: 25px !important;background-color: #f1f1f1 !important;}\u00a0\u00bb][vc_column][vc_btn title=\u00a0\u00bbD\u00e9couvrir nos cours\u00a0\u00bb style=\u00a0\u00bbflat\u00a0\u00bb shape=\u00a0\u00bbsquare\u00a0\u00bb color=\u00a0\u00bbiohe-orange\u00a0\u00bb align=\u00a0\u00bbcenter\u00a0\u00bb link=\u00a0\u00bburl:https%3A%2F%2Faula.ouivirtual.org%2F%20%20||target:%20_blank|\u00a0\u00bb][\/vc_column][\/vc_row]<\/p>\n<\/div>","protected":false},"excerpt":{"rendered":"<p>[vc_row][vc_column][vc_custom_heading source=\u00a0\u00bbpost_title\u00a0\u00bb font_container=\u00a0\u00bbtag:h1|text_align:left\u00a0\u00bb use_theme_fonts=\u00a0\u00bbyes\u00a0\u00bb][vc_empty_space height=\u00a0\u00bb40px\u00a0\u00bb][vc_column_text]Consciente de l&rsquo;importance d\u2019encourager les \u00e9tablissements d\u2019enseignement sup\u00e9rieur (\u00c9ES) de tout le continent am\u00e9ricain \u00e0 participer [&hellip;]<\/p>\n","protected":false},"author":4,"featured_media":1209,"parent":0,"menu_order":0,"comment_status":"closed","ping_status":"closed","template":"","meta":{"_acf_changed":false,"_monsterinsights_skip_tracking":false,"_monsterinsights_sitenote_active":false,"_monsterinsights_sitenote_note":"","_monsterinsights_sitenote_category":0,"footnotes":""},"class_list":["post-1459","page","type-page","status-publish","has-post-thumbnail","hentry"],"acf":[],"aioseo_notices":[],"_links":{"self":[{"href":"https:\/\/oui-iohe.org\/fr\/wp-json\/wp\/v2\/pages\/1459","targetHints":{"allow":["GET"]}}],"collection":[{"href":"https:\/\/oui-iohe.org\/fr\/wp-json\/wp\/v2\/pages"}],"about":[{"href":"https:\/\/oui-iohe.org\/fr\/wp-json\/wp\/v2\/types\/page"}],"author":[{"embeddable":true,"href":"https:\/\/oui-iohe.org\/fr\/wp-json\/wp\/v2\/users\/4"}],"replies":[{"embeddable":true,"href":"https:\/\/oui-iohe.org\/fr\/wp-json\/wp\/v2\/comments?post=1459"}],"version-history":[{"count":12,"href":"https:\/\/oui-iohe.org\/fr\/wp-json\/wp\/v2\/pages\/1459\/revisions"}],"predecessor-version":[{"id":3231,"href":"https:\/\/oui-iohe.org\/fr\/wp-json\/wp\/v2\/pages\/1459\/revisions\/3231"}],"wp:featuredmedia":[{"embeddable":true,"href":"https:\/\/oui-iohe.org\/fr\/wp-json\/wp\/v2\/media\/1209"}],"wp:attachment":[{"href":"https:\/\/oui-iohe.org\/fr\/wp-json\/wp\/v2\/media?parent=1459"}],"curies":[{"name":"wp","href":"https:\/\/api.w.org\/{rel}","templated":true}]}}