{"id":1509,"date":"2018-11-26T15:20:49","date_gmt":"2018-11-26T20:20:49","guid":{"rendered":"http:\/\/www.oui-iohe.org\/iglu\/"},"modified":"2021-11-24T14:07:49","modified_gmt":"2021-11-24T19:07:49","slug":"iglu","status":"publish","type":"page","link":"https:\/\/oui-iohe.org\/fr\/iglu\/","title":{"rendered":"IGLU"},"content":{"rendered":"<div class=\"wpb-content-wrapper\"><p>[vc_row][vc_column][vc_custom_heading source=\u00a0\u00bbpost_title\u00a0\u00bb font_container=\u00a0\u00bbtag:h1|text_align:left\u00a0\u00bb use_theme_fonts=\u00a0\u00bbyes\u00a0\u00bb][\/vc_column][\/vc_row][vc_row][vc_column width=\u00a0\u00bb1\/3&Prime;][vc_single_image image=\u00a0\u00bb1230&Prime; img_size=\u00a0\u00bblarge\u00a0\u00bb alignment=\u00a0\u00bbcenter\u00a0\u00bb][\/vc_column][vc_column width=\u00a0\u00bb2\/3&Prime;][vc_custom_heading text=\u00a0\u00bbHistoire\u00a0\u00bb use_theme_fonts=\u00a0\u00bbyes\u00a0\u00bb][vc_column_text]L\u2019<strong>Institut de Gestion Universitaire et Leadership (IGLU)<\/strong> \u00e9tait un programme de l\u2019Organisation Universitaire Interam\u00e9ricaine (OUI) fond\u00e9 en 1983. L\u2019IGLU a d\u00e9j\u00e0 form\u00e9 des centaines de directeurs \u00e0 travers les Am\u00e9riques. Gr\u00e2ce \u00e0 son offre d\u2019activit\u00e9s et de services r\u00e9pondant aux n\u00e9cessit\u00e9s de ses membres, l\u2019IGLU a r\u00e9pondu de fa\u00e7on directe aux besoins de formation, d\u2019actualisation, d\u2019am\u00e9lioration et de consolidation de leurs \u00e9quipes de direction.[\/vc_column_text][\/vc_column][\/vc_row][vc_row full_width=\u00a0\u00bbstretch_row\u00a0\u00bb css=\u00a0\u00bb.vc_custom_1542744654565{padding-top: 20px !important;background-color: #f1f1f1 !important;}\u00a0\u00bb][vc_column][vc_column_text]Actuellement, l&rsquo;OUI continue d&rsquo;aider les institutions membres de l\u2019OUI dans leurs processus de formation, d\u2019am\u00e9lioration et de consolidation de leurs \u00e9quipes de direction acad\u00e9mique, strat\u00e9gique et administrative, \u00e0 travers les initiatives suivantes :[\/vc_column_text][\/vc_column][\/vc_row][vc_row full_width=\u00a0\u00bbstretch_row\u00a0\u00bb css=\u00a0\u00bb.vc_custom_1542744817691{margin-top: -20px !important;background-color: #f1f1f1 !important;}\u00a0\u00bb][vc_column width=\u00a0\u00bb1\/2&Prime;][vc_separator color=\u00a0\u00bbiohe-orange\u00a0\u00bb border_width=\u00a0\u00bb6&Prime;][vc_custom_heading text=\u00a0\u00bbCours IGLU\u00a0\u00bb font_container=\u00a0\u00bbtag:h4|text_align:left\u00a0\u00bb use_theme_fonts=\u00a0\u00bbyes\u00a0\u00bb css=\u00a0\u00bb.vc_custom_1543435679751{margin-bottom: 20px !important;}\u00a0\u00bb][vc_column_text el_class=\u00a0\u00bbfw-medium\u00a0\u00bb]Formation continue destin\u00e9e aux directeurs d&rsquo;Universit\u00e9, avec des cours en pr\u00e9sentiel et virtuels (m\u00e9thode <em>Blended-learning<\/em>), \u00e0 travers des espaces de discussion pour l&rsquo;\u00e9change d&rsquo;exp\u00e9riences, le Cours IGLU se concentre sur l&rsquo;am\u00e9lioration des comp\u00e9tences de gestion afin d&rsquo;intervenir sur les probl\u00e8mes actuels des \u00e9tablissements d&rsquo;enseignement sup\u00e9rieur (\u00c9ES) par le biais de projets innovants.[\/vc_column_text][\/vc_column][vc_column width=\u00a0\u00bb1\/2&Prime;][vc_separator color=\u00a0\u00bbiohe-orange\u00a0\u00bb border_width=\u00a0\u00bb6&Prime;][vc_custom_heading text=\u00a0\u00bbCours de sp\u00e9cialisation IGLU\u00a0\u00bb font_container=\u00a0\u00bbtag:h4|text_align:left\u00a0\u00bb use_theme_fonts=\u00a0\u00bbyes\u00a0\u00bb css=\u00a0\u00bb.vc_custom_1543435700398{margin-bottom: 20px !important;}\u00a0\u00bb][vc_column_text el_class=\u00a0\u00bbfw-medium\u00a0\u00bb]Exp\u00e9rience de formation continue professionnelle en pr\u00e9sentiel et\/ou virtuelle, ax\u00e9es sur des activit\u00e9s sp\u00e9cifiques aux directions, par la gestion de sujets particuliers qui permettent de consolider ou d\u2019approfondir les comp\u00e9tences dans des domaines sp\u00e9cifiques de la gestion des \u00c9ES.[\/vc_column_text][\/vc_column][\/vc_row][vc_row full_width=\u00a0\u00bbstretch_row\u00a0\u00bb css=\u00a0\u00bb.vc_custom_1542744897386{background-color: #f1f1f1 !important;}\u00a0\u00bb][vc_column width=\u00a0\u00bb1\/2&Prime;][vc_separator color=\u00a0\u00bbiohe-orange\u00a0\u00bb border_width=\u00a0\u00bb6&Prime;][vc_custom_heading text=\u00a0\u00bbS\u00e9minaires IGLU Haute Direction\u00a0\u00bb font_container=\u00a0\u00bbtag:h4|text_align:left\u00a0\u00bb use_theme_fonts=\u00a0\u00bbyes\u00a0\u00bb css=\u00a0\u00bb.vc_custom_1543435722103{margin-bottom: 20px !important;}\u00a0\u00bb][vc_column_text el_class=\u00a0\u00bbfw-medium\u00a0\u00bb]Programme de formation de courte dur\u00e9e (dans un format pr\u00e9sentiel) destin\u00e9 aux cadres sup\u00e9rieurs, qui vise \u00e0 acqu\u00e9rir des connaissances sp\u00e9cifiques et pr\u00e9cises pour l\u2019exercice de leurs fonctions et ainsi renforcer le processus de prise de d\u00e9cisions.[\/vc_column_text][\/vc_column][vc_column width=\u00a0\u00bb1\/2&Prime;][vc_separator color=\u00a0\u00bbiohe-orange\u00a0\u00bb border_width=\u00a0\u00bb6&Prime;][vc_custom_heading text=\u00a0\u00bbMicro-S\u00e9minaires th\u00e9matiques et Ateliers Sp\u00e9cialis\u00e9s\u00a0\u00bb font_container=\u00a0\u00bbtag:h4|text_align:left\u00a0\u00bb use_theme_fonts=\u00a0\u00bbyes\u00a0\u00bb css=\u00a0\u00bb.vc_custom_1543435747727{margin-bottom: 20px !important;}\u00a0\u00bb][vc_column_text el_class=\u00a0\u00bbfw-medium\u00a0\u00bb]Formations courtes et\/ou accompagnement, offerts \u00e0 une institution ou \u00e0 un groupe d&rsquo;institutions b\u00e9n\u00e9ficiant du r\u00e9seau d&rsquo;experts de l&rsquo;IGLU, afin de r\u00e9pondre aux besoins sp\u00e9cifiques li\u00e9s aux processus des institutions membres.[\/vc_column_text][\/vc_column][\/vc_row][vc_row full_width=\u00a0\u00bbstretch_row\u00a0\u00bb css=\u00a0\u00bb.vc_custom_1542745033202{padding-bottom: 35px !important;background-color: #f1f1f1 !important;}\u00a0\u00bb][vc_column width=\u00a0\u00bb1\/2&Prime;][vc_separator color=\u00a0\u00bbiohe-orange\u00a0\u00bb border_width=\u00a0\u00bb6&Prime;][vc_custom_heading text=\u00a0\u00bbStage IGLU\u00a0\u00bb font_container=\u00a0\u00bbtag:h4|text_align:left\u00a0\u00bb use_theme_fonts=\u00a0\u00bbyes\u00a0\u00bb css=\u00a0\u00bb.vc_custom_1543435767209{margin-bottom: 20px !important;}\u00a0\u00bb][vc_column_text el_class=\u00a0\u00bbfw-medium\u00a0\u00bb]Exp\u00e9riences de mobilit\u00e9 de courte dur\u00e9e, con\u00e7ues sp\u00e9cifiquement pour les gestionnaires ou pour des groupes de directeurs d\u2019\u00e9tablissements membres de l&rsquo;OUI, permettant de partager les exp\u00e9riences r\u00e9ussies d&rsquo;autres \u00c9ES pour am\u00e9liorer leur fonction de direction dans leur \u00e9tablissement d\u2019origine.[\/vc_column_text][\/vc_column][vc_column width=\u00a0\u00bb1\/2&Prime;][vc_separator color=\u00a0\u00bbiohe-orange\u00a0\u00bb border_width=\u00a0\u00bb6&Prime;][vc_custom_heading text=\u00a0\u00bbPublications\u00a0\u00bb font_container=\u00a0\u00bbtag:h4|text_align:left\u00a0\u00bb use_theme_fonts=\u00a0\u00bbyes\u00a0\u00bb css=\u00a0\u00bb.vc_custom_1543435373726{margin-bottom: 20px !important;}\u00a0\u00bb][vc_column_text el_class=\u00a0\u00bbfw-medium\u00a0\u00bb]Compilation des meilleures pratiques, des r\u00e9ussites et des projets innovants de membres des \u00c9ES membres de l&rsquo;OUI pour la diffusion et l&rsquo;\u00e9tude.[\/vc_column_text][\/vc_column][\/vc_row][vc_row][vc_column][vc_btn title=\u00a0\u00bbVoir notre offre de formation\u00a0\u00bb style=\u00a0\u00bbflat\u00a0\u00bb shape=\u00a0\u00bbsquare\u00a0\u00bb color=\u00a0\u00bbiohe-orange\u00a0\u00bb size=\u00a0\u00bblg\u00a0\u00bb align=\u00a0\u00bbcenter\u00a0\u00bb link=\u00a0\u00bburl:https%3A%2F%2Foui-iohe.org%2Ffr%2Foffre-de-cours%2F||target:%20_blank|\u00a0\u00bb][\/vc_column][\/vc_row]<\/p>\n<\/div>","protected":false},"excerpt":{"rendered":"<p>[vc_row][vc_column][vc_custom_heading source=\u00a0\u00bbpost_title\u00a0\u00bb font_container=\u00a0\u00bbtag:h1|text_align:left\u00a0\u00bb use_theme_fonts=\u00a0\u00bbyes\u00a0\u00bb][\/vc_column][\/vc_row][vc_row][vc_column width=\u00a0\u00bb1\/3&Prime;][vc_single_image image=\u00a0\u00bb1230&Prime; img_size=\u00a0\u00bblarge\u00a0\u00bb alignment=\u00a0\u00bbcenter\u00a0\u00bb][\/vc_column][vc_column width=\u00a0\u00bb2\/3&Prime;][vc_custom_heading text=\u00a0\u00bbHistoire\u00a0\u00bb use_theme_fonts=\u00a0\u00bbyes\u00a0\u00bb][vc_column_text]L\u2019Institut de Gestion Universitaire et Leadership (IGLU) \u00e9tait un programme [&hellip;]<\/p>\n","protected":false},"author":4,"featured_media":1252,"parent":0,"menu_order":0,"comment_status":"closed","ping_status":"closed","template":"","meta":{"_acf_changed":false,"_monsterinsights_skip_tracking":false,"_monsterinsights_sitenote_active":false,"_monsterinsights_sitenote_note":"","_monsterinsights_sitenote_category":0,"footnotes":""},"class_list":["post-1509","page","type-page","status-publish","has-post-thumbnail","hentry"],"acf":[],"aioseo_notices":[],"_links":{"self":[{"href":"https:\/\/oui-iohe.org\/fr\/wp-json\/wp\/v2\/pages\/1509","targetHints":{"allow":["GET"]}}],"collection":[{"href":"https:\/\/oui-iohe.org\/fr\/wp-json\/wp\/v2\/pages"}],"about":[{"href":"https:\/\/oui-iohe.org\/fr\/wp-json\/wp\/v2\/types\/page"}],"author":[{"embeddable":true,"href":"https:\/\/oui-iohe.org\/fr\/wp-json\/wp\/v2\/users\/4"}],"replies":[{"embeddable":true,"href":"https:\/\/oui-iohe.org\/fr\/wp-json\/wp\/v2\/comments?post=1509"}],"version-history":[{"count":16,"href":"https:\/\/oui-iohe.org\/fr\/wp-json\/wp\/v2\/pages\/1509\/revisions"}],"predecessor-version":[{"id":10329,"href":"https:\/\/oui-iohe.org\/fr\/wp-json\/wp\/v2\/pages\/1509\/revisions\/10329"}],"wp:featuredmedia":[{"embeddable":true,"href":"https:\/\/oui-iohe.org\/fr\/wp-json\/wp\/v2\/media\/1252"}],"wp:attachment":[{"href":"https:\/\/oui-iohe.org\/fr\/wp-json\/wp\/v2\/media?parent=1509"}],"curies":[{"name":"wp","href":"https:\/\/api.w.org\/{rel}","templated":true}]}}