{"id":1565,"date":"2018-11-29T12:28:34","date_gmt":"2018-11-29T17:28:34","guid":{"rendered":"http:\/\/www.oui-iohe.org\/colam\/"},"modified":"2022-03-04T15:51:27","modified_gmt":"2022-03-04T20:51:27","slug":"colam","status":"publish","type":"page","link":"https:\/\/oui-iohe.org\/fr\/colam\/","title":{"rendered":"COLAM"},"content":{"rendered":"<div class=\"wpb-content-wrapper\"><p>[vc_row][vc_column][vc_custom_heading source=\u00a0\u00bbpost_title\u00a0\u00bb font_container=\u00a0\u00bbtag:h1|text_align:left\u00a0\u00bb use_theme_fonts=\u00a0\u00bbyes\u00a0\u00bb][\/vc_column][\/vc_row][vc_row][vc_column width=\u00a0\u00bb1\/3&Prime;][vc_single_image image=\u00a0\u00bb1216&Prime; img_size=\u00a0\u00bbfull\u00a0\u00bb alignment=\u00a0\u00bbcenter\u00a0\u00bb onclick=\u00a0\u00bbcustom_link\u00a0\u00bb img_link_target=\u00a0\u00bb_blank\u00a0\u00bb link=\u00a0\u00bbhttp:\/\/colam.oui-iohe.org\/es\/\u00a0\u00bb][\/vc_column][vc_column width=\u00a0\u00bb2\/3&Prime;][vc_custom_heading text=\u00a0\u00bbHistoire\u00a0\u00bb use_theme_fonts=\u00a0\u00bbyes\u00a0\u00bb][vc_column_text]Le <strong>Coll\u00e8ge des Am\u00e9riques (COLAM)<\/strong> est un des cinq programmes de l\u2019Organisation universitaire interam\u00e9ricaine (OUI) cr\u00e9e en 1998 comme un espace de coop\u00e9ration interuniversitaire au sein des Am\u00e9riques, gr\u00e2ce \u00e0 la mise en place de r\u00e9seaux interam\u00e9ricains de formation et de recherche que ce programme encourage, afin de r\u00e9pondre aux besoins des \u00e9tablissements d&rsquo;enseignement sup\u00e9rieur (\u00c9ES) et des associations nationales, \u00e0 travers des activit\u00e9s interam\u00e9ricaines, interdisciplinaires et interculturel.[\/vc_column_text][\/vc_column][\/vc_row][vc_row full_width=\u00a0\u00bbstretch_row\u00a0\u00bb css=\u00a0\u00bb.vc_custom_1542744654565{padding-top: 20px !important;background-color: #f1f1f1 !important;}\u00a0\u00bb][vc_column][vc_column_text]Actuellement, l&rsquo;OUI continue de promouvoir la cr\u00e9ation de r\u00e9seaux universitaires, en appui \u00e0 la formation et \u00e0 la recherche sur les enjeux prioritaires des \u00c9ES et de ceux exig\u00e9s par la soci\u00e9t\u00e9, dans une perspective interdisciplinaire, interculturelle et novatrice, \u00e0 travers les initiatives suivantes :[\/vc_column_text][\/vc_column][\/vc_row][vc_row full_width=\u00a0\u00bbstretch_row\u00a0\u00bb css=\u00a0\u00bb.vc_custom_1542744817691{margin-top: -20px !important;background-color: #f1f1f1 !important;}\u00a0\u00bb][vc_column width=\u00a0\u00bb1\/2&Prime;][vc_separator color=\u00a0\u00bbiohe-orange\u00a0\u00bb border_width=\u00a0\u00bb6&Prime;][vc_custom_heading text=\u00a0\u00bbDIES\u00a0\u00bb font_container=\u00a0\u00bbtag:h4|text_align:left\u00a0\u00bb use_theme_fonts=\u00a0\u00bbyes\u00a0\u00bb css=\u00a0\u00bb.vc_custom_1543512853494{margin-bottom: 20px !important;}\u00a0\u00bb][vc_column_text el_class=\u00a0\u00bbfw-medium\u00a0\u00bb]Le <strong>Dipl\u00f4me en Internationalisation de l\u2019Enseignement sup\u00e9rieur (DIES)<\/strong> d\u00e9veloppe les capacit\u00e9s de leadership, d\u2019administration et de gestion strat\u00e9gique de l&rsquo;internationalisation des \u00c9ES. Le DIES est constitu\u00e9 de trois modules de formation avec une charge de travail de 60 heures r\u00e9partis en 10 semaines chacun:<\/p>\n<ul>\n<li>Module \u00ab\u00a0Planification et gestion de l&rsquo;internationalisation\u00a0\u00bb<\/li>\n<li>Module \u00ab\u00a0Strat\u00e9gies de mobilit\u00e9 acad\u00e9mique\u00a0\u00bb<\/li>\n<li>Module \u00ab\u00a0Internationalisation du curriculum: une approche globale\u00a0\u00bb<\/li>\n<\/ul>\n<p>Le DIES est un programme unique en son genre, combinant une perspective interam\u00e9ricaine sur les d\u00e9fis de l&rsquo;internationalisation de l&rsquo;enseignement sup\u00e9rieur, une approche interdisciplinaire dans le contenu et les m\u00e9thodes \u00e9ducatives et l&rsquo;exp\u00e9rience interculturelle propos\u00e9e aux participants. Le DIES propose donc un environnement d&rsquo;apprentissage virtuel qui r\u00e9pond aux exigences personnelles et professionnelles des participants, leur ouvrant ainsi un vaste r\u00e9seau de contacts et de relations avec leurs pairs sp\u00e9cialis\u00e9s en internationalisation dans les Am\u00e9riques.[\/vc_column_text][\/vc_column][vc_column width=\u00a0\u00bb1\/2&Prime;][vc_separator color=\u00a0\u00bbiohe-orange\u00a0\u00bb border_width=\u00a0\u00bb6&Prime;][vc_custom_heading text=\u00a0\u00bbPIFGAI\u00a0\u00bb font_container=\u00a0\u00bbtag:h4|text_align:left\u00a0\u00bb use_theme_fonts=\u00a0\u00bbyes\u00a0\u00bb css=\u00a0\u00bb.vc_custom_1543512913605{margin-bottom: 20px !important;}\u00a0\u00bb][vc_column_text el_class=\u00a0\u00bbfw-medium\u00a0\u00bb]Le <strong>Programme interam\u00e9ricain de formation \u00e0 la gestion des environnements d\u2019innovation (PIFGAI)<\/strong> a pour objectif de faciliter l\u2019appropriation et le d\u00e9veloppement des capacit\u00e9s de leadership, d\u2019administration et de gestion strat\u00e9gique des environnements et des \u00e9cosyst\u00e8mes d\u2019innovation.<\/p>\n<p>Le programme est con\u00e7u avec une approche p\u00e9dagogique orient\u00e9e vers la construction de solutions, l&rsquo;\u00e9tude de cas, la r\u00e9flexion sur la pratique professionnelle en science, technologie et innovation (STI) et sur la vision strat\u00e9gique de domaines sp\u00e9cifiques visant \u00e0 promouvoir et g\u00e9rer des environnements d&rsquo;innovation (parcs scientifiques et technologiques, noyaux d&rsquo;innovation, districts d&rsquo;innovation, incubateurs, acc\u00e9l\u00e9rateurs, etc.).<\/p>\n<p>Le programme a une dur\u00e9e totale de 130 heures articul\u00e9e autour de trois phases de formation:<\/p>\n<ul>\n<li>Phase virtuelle: modules de formation en ligne (76 heures)<\/li>\n<li>Projet d&rsquo;intervention: conseil personnel pour la conception d&rsquo;un mod\u00e8le de base d&rsquo;un environnement d&rsquo;innovation ou d&rsquo;un habitat (24 heures)<\/li>\n<li>Stage: Visite d&rsquo;un \u00e9cosyst\u00e8me d&rsquo;innovation renomm\u00e9 dans les Am\u00e9riques (30 heures)<\/li>\n<\/ul>\n<p>[\/vc_column_text][\/vc_column][\/vc_row][vc_row full_width=\u00a0\u00bbstretch_row\u00a0\u00bb css=\u00a0\u00bb.vc_custom_1542744897386{background-color: #f1f1f1 !important;}\u00a0\u00bb][vc_column width=\u00a0\u00bb1\/6&Prime;][\/vc_column][vc_column width=\u00a0\u00bb2\/3&Prime;][vc_separator color=\u00a0\u00bbiohe-orange\u00a0\u00bb border_width=\u00a0\u00bb6&Prime;][vc_custom_heading text=\u00a0\u00bbComp\u00e9tences et TIC\u00a0\u00bb font_container=\u00a0\u00bbtag:h4|text_align:left\u00a0\u00bb use_theme_fonts=\u00a0\u00bbyes\u00a0\u00bb css=\u00a0\u00bb.vc_custom_1543521741098{margin-bottom: 20px !important;}\u00a0\u00bb][vc_column_text el_class=\u00a0\u00bbfw-medium\u00a0\u00bb]Le <strong>Dipl\u00f4me en connaissance et outils pour la mise en \u0153uvre des comp\u00e9tences appuy\u00e9es par les technologies de l\u2019information et de la communication (TIC)<\/strong> vise \u00e0 d\u00e9velopper des comp\u00e9tences pour la conception d\u2019environnements d\u2019apprentissage gr\u00e2ce \u00e0 l\u2019aide des TIC, afin d\u2019enrichir les habilet\u00e9s des participants.<\/p>\n<p>Le programme, d\u2019une dur\u00e9e de 170 heures d\u2019enseignement, s\u2019articule autour de trois modules de formation:<\/p>\n<ul>\n<li>D\u00e9veloppement d&rsquo;une proposition de formation bas\u00e9e sur les comp\u00e9tences pour optimiser les acquis d&rsquo;apprentissage (60 heures)<\/li>\n<li>Cr\u00e9ation d\u2019environnements d\u2019apprentissage soutenus par les TIC pour d\u00e9velopper des comp\u00e9tences (60 heures)<\/li>\n<li>Comment \u00e9valuer le d\u00e9veloppement des comp\u00e9tences dans des environnements d\u2019apprentissage soutenus par les TIC (50 heures)<\/li>\n<\/ul>\n<p>[\/vc_column_text][\/vc_column][vc_column width=\u00a0\u00bb1\/6&Prime;][\/vc_column][\/vc_row][vc_row][vc_column][vc_btn title=\u00a0\u00bbVoir notre offre de formation\u00a0\u00bb style=\u00a0\u00bbflat\u00a0\u00bb shape=\u00a0\u00bbsquare\u00a0\u00bb color=\u00a0\u00bbiohe-orange\u00a0\u00bb size=\u00a0\u00bblg\u00a0\u00bb align=\u00a0\u00bbcenter\u00a0\u00bb link=\u00a0\u00bburl:https%3A%2F%2Foui-iohe.org%2Ffr%2Foffre-de-cours%2F||target:%20_blank|\u00a0\u00bb][\/vc_column][\/vc_row]<\/p>\n<\/div>","protected":false},"excerpt":{"rendered":"<p>[vc_row][vc_column][vc_custom_heading source=\u00a0\u00bbpost_title\u00a0\u00bb font_container=\u00a0\u00bbtag:h1|text_align:left\u00a0\u00bb use_theme_fonts=\u00a0\u00bbyes\u00a0\u00bb][\/vc_column][\/vc_row][vc_row][vc_column width=\u00a0\u00bb1\/3&Prime;][vc_single_image image=\u00a0\u00bb1216&Prime; img_size=\u00a0\u00bbfull\u00a0\u00bb alignment=\u00a0\u00bbcenter\u00a0\u00bb onclick=\u00a0\u00bbcustom_link\u00a0\u00bb img_link_target=\u00a0\u00bb_blank\u00a0\u00bb link=\u00a0\u00bbhttp:\/\/colam.oui-iohe.org\/es\/\u00a0\u00bb][\/vc_column][vc_column width=\u00a0\u00bb2\/3&Prime;][vc_custom_heading text=\u00a0\u00bbHistoire\u00a0\u00bb use_theme_fonts=\u00a0\u00bbyes\u00a0\u00bb][vc_column_text]Le Coll\u00e8ge des Am\u00e9riques (COLAM) est un [&hellip;]<\/p>\n","protected":false},"author":4,"featured_media":1556,"parent":0,"menu_order":0,"comment_status":"closed","ping_status":"closed","template":"","meta":{"_acf_changed":false,"_monsterinsights_skip_tracking":false,"_monsterinsights_sitenote_active":false,"_monsterinsights_sitenote_note":"","_monsterinsights_sitenote_category":0,"footnotes":""},"class_list":["post-1565","page","type-page","status-publish","has-post-thumbnail","hentry"],"acf":[],"aioseo_notices":[],"_links":{"self":[{"href":"https:\/\/oui-iohe.org\/fr\/wp-json\/wp\/v2\/pages\/1565","targetHints":{"allow":["GET"]}}],"collection":[{"href":"https:\/\/oui-iohe.org\/fr\/wp-json\/wp\/v2\/pages"}],"about":[{"href":"https:\/\/oui-iohe.org\/fr\/wp-json\/wp\/v2\/types\/page"}],"author":[{"embeddable":true,"href":"https:\/\/oui-iohe.org\/fr\/wp-json\/wp\/v2\/users\/4"}],"replies":[{"embeddable":true,"href":"https:\/\/oui-iohe.org\/fr\/wp-json\/wp\/v2\/comments?post=1565"}],"version-history":[{"count":20,"href":"https:\/\/oui-iohe.org\/fr\/wp-json\/wp\/v2\/pages\/1565\/revisions"}],"predecessor-version":[{"id":11214,"href":"https:\/\/oui-iohe.org\/fr\/wp-json\/wp\/v2\/pages\/1565\/revisions\/11214"}],"wp:featuredmedia":[{"embeddable":true,"href":"https:\/\/oui-iohe.org\/fr\/wp-json\/wp\/v2\/media\/1556"}],"wp:attachment":[{"href":"https:\/\/oui-iohe.org\/fr\/wp-json\/wp\/v2\/media?parent=1565"}],"curies":[{"name":"wp","href":"https:\/\/api.w.org\/{rel}","templated":true}]}}