{"id":1573,"date":"2018-11-29T15:18:27","date_gmt":"2018-11-29T20:18:27","guid":{"rendered":"http:\/\/www.oui-iohe.org\/?page_id=1573"},"modified":"2021-11-24T16:07:47","modified_gmt":"2021-11-24T21:07:47","slug":"campus","status":"publish","type":"page","link":"https:\/\/oui-iohe.org\/fr\/campus\/","title":{"rendered":"CAMPUS"},"content":{"rendered":"<div class=\"wpb-content-wrapper\"><p>[vc_row][vc_column][vc_custom_heading source=\u00a0\u00bbpost_title\u00a0\u00bb font_container=\u00a0\u00bbtag:h1|text_align:left\u00a0\u00bb use_theme_fonts=\u00a0\u00bbyes\u00a0\u00bb][\/vc_column][\/vc_row][vc_row][vc_column width=\u00a0\u00bb1\/3&Prime;][vc_single_image image=\u00a0\u00bb1214&Prime; img_size=\u00a0\u00bbfull\u00a0\u00bb alignment=\u00a0\u00bbcenter\u00a0\u00bb][\/vc_column][vc_column width=\u00a0\u00bb2\/3&Prime;][vc_custom_heading text=\u00a0\u00bbHistoire\u00a0\u00bb use_theme_fonts=\u00a0\u00bbyes\u00a0\u00bb][vc_column_text]<strong>CAMPUS<\/strong> a \u00e9t\u00e9 le programme de l\u2019OUI qui favorise la discussion, l\u2019analyse et la r\u00e9flexion sur l\u2019engagement social des universit\u00e9s dans les Am\u00e9riques, les possibilit\u00e9s de collaboration interuniversitaire dans les processus de formation doctorale et de recherche, ainsi que la promotion de strat\u00e9gies contribuant \u00e0 la construction d&rsquo;espaces de coop\u00e9ration internationale virtuels et face \u00e0 face.[\/vc_column_text][\/vc_column][\/vc_row][vc_row full_width=\u00a0\u00bbstretch_row\u00a0\u00bb css=\u00a0\u00bb.vc_custom_1542744654565{padding-top: 20px !important;background-color: #f1f1f1 !important;}\u00a0\u00bb][vc_column][vc_column_text]Actuellement, l&rsquo;OUI continue de cr\u00e9er un espace de dialogue et des actions pour consolider le compromis social des universit\u00e9s dans les Am\u00e9riques, contribuer \u00e0 l\u2019augmentation des comp\u00e9tences dans l\u2019enseignement et dans la recherche tout en renfor\u00e7ant la coop\u00e9ration entre les membres des institutions associ\u00e9es, \u00e0 travers les initiatives suivantes :[\/vc_column_text][\/vc_column][\/vc_row][vc_row full_width=\u00a0\u00bbstretch_row\u00a0\u00bb css=\u00a0\u00bb.vc_custom_1542744817691{margin-top: -20px !important;background-color: #f1f1f1 !important;}\u00a0\u00bb][vc_column width=\u00a0\u00bb1\/2&Prime;][vc_separator color=\u00a0\u00bbiohe-orange\u00a0\u00bb border_width=\u00a0\u00bb6&Prime;][vc_custom_heading text=\u00a0\u00bbDoc CAMPUS\u00a0\u00bb font_container=\u00a0\u00bbtag:h4|text_align:left\u00a0\u00bb use_theme_fonts=\u00a0\u00bbyes\u00a0\u00bb css=\u00a0\u00bb.vc_custom_1543523129986{margin-bottom: 20px !important;}\u00a0\u00bb][vc_column_text el_class=\u00a0\u00bbfw-medium\u00a0\u00bb]Cet espace permet de consolider la formation acad\u00e9mique des enseignants et des chercheurs, le d\u00e9veloppement de la recherche de haut niveau, l\u2019internationalisation des programmes de formation doctorale et la cr\u00e9ation de r\u00e9seaux de recherche ou d\u2019incubateurs. Il vise \u00e0 multiplier les comp\u00e9tences et l\u2019\u00e9mergence de connaissances dans les \u00e9tablissements d&rsquo;enseignement sup\u00e9rieur (\u00c9ES) en soutenant la coop\u00e9ration entre institutions tout en \u00e9tablissant des syst\u00e8mes de recherche flexibles et organis\u00e9s qui favorisent l&rsquo;excellence scientifique et la pluridisciplinarit\u00e9.<\/p>\n<p>Activit\u00e9s offertes : S\u00e9minaires, publications, missions et foires.[\/vc_column_text][\/vc_column][vc_column width=\u00a0\u00bb1\/2&Prime;][vc_separator color=\u00a0\u00bbiohe-orange\u00a0\u00bb border_width=\u00a0\u00bb6&Prime;][vc_custom_heading text=\u00a0\u00bbSocial CAMPUS\u00a0\u00bb font_container=\u00a0\u00bbtag:h4|text_align:left\u00a0\u00bb use_theme_fonts=\u00a0\u00bbyes\u00a0\u00bb css=\u00a0\u00bb.vc_custom_1543523152778{margin-bottom: 20px !important;}\u00a0\u00bb][vc_column_text el_class=\u00a0\u00bbfw-medium\u00a0\u00bb]Cette initiative permet d\u2019engager la discussion sur la mission sociale des universit\u00e9s. Dans une r\u00e9flexion sur les probl\u00e8mes d&rsquo;acc\u00e8s \u00e9quitables, de promotion de la diversit\u00e9, d&rsquo;inclusion, de permanence et de formation d&rsquo;\u00e9tudiant, Social CAMPUS cherche \u00e0 construire et promouvoir des valeurs \u00e9thiques dans les \u00c9ES ainsi que diff\u00e9rentes strat\u00e9gies ou mod\u00e8les innovants liant les universit\u00e9s \u00e0 leur environnement social, et qui contribuent \u00e0 leur tour au d\u00e9veloppement durable r\u00e9gional.<\/p>\n<p>Activit\u00e9s propos\u00e9es: Espaces de r\u00e9flexion et d&rsquo;observatoire pour diffuser les tendances et les bonnes pratiques.[\/vc_column_text][\/vc_column][\/vc_row][vc_row][vc_column][vc_btn title=\u00a0\u00bbVoir notre offre de formation\u00a0\u00bb style=\u00a0\u00bbflat\u00a0\u00bb shape=\u00a0\u00bbsquare\u00a0\u00bb color=\u00a0\u00bbiohe-orange\u00a0\u00bb align=\u00a0\u00bbcenter\u00a0\u00bb link=\u00a0\u00bburl:https%3A%2F%2Foui-iohe.org%2Ffr%2Foffre-de-cours%2F||target:%20_blank|\u00a0\u00bb][\/vc_column][\/vc_row]<\/p>\n<\/div>","protected":false},"excerpt":{"rendered":"<p>[vc_row][vc_column][vc_custom_heading source=\u00a0\u00bbpost_title\u00a0\u00bb font_container=\u00a0\u00bbtag:h1|text_align:left\u00a0\u00bb use_theme_fonts=\u00a0\u00bbyes\u00a0\u00bb][\/vc_column][\/vc_row][vc_row][vc_column width=\u00a0\u00bb1\/3&Prime;][vc_single_image image=\u00a0\u00bb1214&Prime; img_size=\u00a0\u00bbfull\u00a0\u00bb alignment=\u00a0\u00bbcenter\u00a0\u00bb][\/vc_column][vc_column width=\u00a0\u00bb2\/3&Prime;][vc_custom_heading text=\u00a0\u00bbHistoire\u00a0\u00bb use_theme_fonts=\u00a0\u00bbyes\u00a0\u00bb][vc_column_text]CAMPUS a \u00e9t\u00e9 le programme de l\u2019OUI qui favorise la [&hellip;]<\/p>\n","protected":false},"author":4,"featured_media":1603,"parent":0,"menu_order":0,"comment_status":"closed","ping_status":"closed","template":"","meta":{"_acf_changed":false,"_monsterinsights_skip_tracking":false,"_monsterinsights_sitenote_active":false,"_monsterinsights_sitenote_note":"","_monsterinsights_sitenote_category":0,"footnotes":""},"class_list":["post-1573","page","type-page","status-publish","has-post-thumbnail","hentry"],"acf":[],"aioseo_notices":[],"_links":{"self":[{"href":"https:\/\/oui-iohe.org\/fr\/wp-json\/wp\/v2\/pages\/1573","targetHints":{"allow":["GET"]}}],"collection":[{"href":"https:\/\/oui-iohe.org\/fr\/wp-json\/wp\/v2\/pages"}],"about":[{"href":"https:\/\/oui-iohe.org\/fr\/wp-json\/wp\/v2\/types\/page"}],"author":[{"embeddable":true,"href":"https:\/\/oui-iohe.org\/fr\/wp-json\/wp\/v2\/users\/4"}],"replies":[{"embeddable":true,"href":"https:\/\/oui-iohe.org\/fr\/wp-json\/wp\/v2\/comments?post=1573"}],"version-history":[{"count":12,"href":"https:\/\/oui-iohe.org\/fr\/wp-json\/wp\/v2\/pages\/1573\/revisions"}],"predecessor-version":[{"id":10334,"href":"https:\/\/oui-iohe.org\/fr\/wp-json\/wp\/v2\/pages\/1573\/revisions\/10334"}],"wp:featuredmedia":[{"embeddable":true,"href":"https:\/\/oui-iohe.org\/fr\/wp-json\/wp\/v2\/media\/1603"}],"wp:attachment":[{"href":"https:\/\/oui-iohe.org\/fr\/wp-json\/wp\/v2\/media?parent=1573"}],"curies":[{"name":"wp","href":"https:\/\/api.w.org\/{rel}","templated":true}]}}