{"id":16266,"date":"2024-07-02T14:58:00","date_gmt":"2024-07-02T18:58:00","guid":{"rendered":"https:\/\/oui-iohe.org\/caei-usa-2023\/"},"modified":"2024-07-24T10:14:02","modified_gmt":"2024-07-24T14:14:02","slug":"caei-usa-2023","status":"publish","type":"page","link":"https:\/\/oui-iohe.org\/fr\/caei-usa-2023\/","title":{"rendered":"CAEI \u00c9TATS-UNIS 2023"},"content":{"rendered":"<div class=\"wpb-content-wrapper\"><p>[vc_row][vc_column][vc_custom_heading text=\u00a0\u00bbCAEI \u00c9TATS-UNIS 2023&Prime; font_container=\u00a0\u00bbtag:h2|text_align:left|color:%23b12028&Prime; use_theme_fonts=\u00a0\u00bbyes\u00a0\u00bb css=\u00a0\u00bb\u00a0\u00bb][\/vc_column][\/vc_row][vc_row][vc_column width=\u00a0\u00bb1\/3&Prime;][vc_single_image image=\u00a0\u00bb13302&Prime; img_size=\u00a0\u00bblarge\u00a0\u00bb css=\u00a0\u00bb\u00a0\u00bb][\/vc_column][vc_column width=\u00a0\u00bb2\/3&Prime;][vc_custom_heading text=\u00a0\u00bbPr\u00e9sentation\u00a0\u00bb font_container=\u00a0\u00bbtag:h2|text_align:left|color:%23b12028&Prime; use_theme_fonts=\u00a0\u00bbyes\u00a0\u00bb css=\u00a0\u00bb\u00a0\u00bb][vc_column_text css=\u00a0\u00bb\u00a0\u00bb]La huiti\u00e8me \u00e9dition du Congr\u00e8s des Am\u00e9riques sur l&rsquo;\u00e9ducation internationale (CAIE) s&rsquo;est tenue du 6 au 8 novembre 2023. Son th\u00e8me central \u00e9tait \u00ab\u00a0L&rsquo;avenir, c&rsquo;est maintenant\u00a0\u00bb.[\/vc_column_text][vc_video link=\u00a0\u00bbhttps:\/\/www.youtube.com\/watch?v=xkntF2jSj2s\u00a0\u00bb el_width=\u00a0\u00bb80&Prime; css=\u00a0\u00bb\u00a0\u00bb][vc_column_text css=\u00a0\u00bb\u00a0\u00bb]<span style=\"font-weight: 400;\">Le dynamisme de la communaut\u00e9 inter-am\u00e9ricaine qui constitue les bases de cette initiative innovatrice s\u2019articule autour de leaders gouvernementaux, de dirigeants et gestionnaires des universit\u00e9s, d\u2019acad\u00e9miciens et de chercheurs, de directeurs de relations internationales et d\u2019organisations universitaires au niveau national, r\u00e9gional, interam\u00e9ricain et internationale, ce qui a permis de compter sur la participation de:<\/span><\/p>\n<ul>\n<li style=\"font-weight: 400;\" aria-level=\"1\"><span style=\"font-weight: 400;\">7.281\u00a0 participants<\/span><\/li>\n<li style=\"font-weight: 400;\" aria-level=\"1\"><span style=\"font-weight: 400;\">39 associations membres du CAEI<\/span><\/li>\n<li style=\"font-weight: 400;\" aria-level=\"1\"><span style=\"font-weight: 400;\">1.100 + conf\u00e9renciers<\/span><\/li>\n<li style=\"font-weight: 400;\" aria-level=\"1\"><span style=\"font-weight: 400;\">286 activit\u00e9s acad\u00e9miques<\/span><\/li>\n<li style=\"font-weight: 400;\" aria-level=\"1\"><span style=\"font-weight: 400;\">1 700 + Institutions et organisations<\/span><\/li>\n<li style=\"font-weight: 400;\" aria-level=\"1\"><span style=\"font-weight: 400;\">60 + pays<\/span><\/li>\n<li style=\"font-weight: 400;\" aria-level=\"1\"><span style=\"font-weight: 400;\">5 continents<\/span><\/li>\n<\/ul>\n<p>[\/vc_column_text][vc_toggle title=\u00a0\u00bbConf\u00e9renciers\u00a0\u00bb style=\u00a0\u00bbround_outline\u00a0\u00bb color=\u00a0\u00bbgreen\u00a0\u00bb size=\u00a0\u00bblg\u00a0\u00bb css=\u00a0\u00bb\u00a0\u00bb]Avec son th\u00e8me central : \u00ab\u00a0L&rsquo;avenir, c&rsquo;est maintenant\u00a0\u00bb, le CAIE-2023 a invit\u00e9 les \u00e9tablissements d&rsquo;enseignement sup\u00e9rieur (EES) et les professionnels de l&rsquo;\u00e9ducation internationale \u00e0 examiner de plus pr\u00e8s les d\u00e9fis de notre r\u00e9alit\u00e9 post-pand\u00e9mique, le besoin urgent de faire face au changement climatique, les probl\u00e8mes sociaux et \u00e9conomiques des flux migratoires qui ont lieu sur notre continent et dans d&rsquo;autres r\u00e9gions du monde, et de voir l&rsquo;opportunit\u00e9 d&rsquo;appliquer la cr\u00e9ativit\u00e9 et l&rsquo;ing\u00e9niosit\u00e9 de notre secteur pour promouvoir la recherche et les collaborations universitaires r\u00e9gionales, nationales et internationales, d\u00e9velopper les talents mondiaux et former des experts professionnels, tout en proposant des solutions novatrices \u00e0 l&rsquo;agenda international du d\u00e9veloppement durable.<\/p>\n<p><a href=\"https:\/\/caie-caei.org\/fr\/conferenciers-2023\/\">Voir les conf\u00e9renciers du CAEI 2023 ici<\/a>[\/vc_toggle][vc_toggle title=\u00a0\u00bbProgramme acad\u00e9mique\u00a0\u00bb style=\u00a0\u00bbround_outline\u00a0\u00bb color=\u00a0\u00bbgreen\u00a0\u00bb size=\u00a0\u00bblg\u00a0\u00bb css=\u00a0\u00bb\u00a0\u00bb]<a href=\"https:\/\/caie-caei.org\/fr\/info-appel-a-propositions-2023fr\/\">Consultez le programme avec les sessions pl\u00e9ni\u00e8res et les panels d&rsquo;experts ici<\/a>[\/vc_toggle][vc_toggle title=\u00a0\u00bbExposants\u00a0\u00bb style=\u00a0\u00bbround_outline\u00a0\u00bb color=\u00a0\u00bbgreen\u00a0\u00bb size=\u00a0\u00bblg\u00a0\u00bb css=\u00a0\u00bb\u00a0\u00bb]Lors de la huiti\u00e8me \u00e9dition du CAEI, 34 institutions \u00e9ducatives, gouvernementales, priv\u00e9es et internationales ont particip\u00e9 activement \u00e0 l&rsquo;exposition CAEI-2023, avec 26 institutions participantes. Parmi elles, citons EduCanada, Qu\u00e9bec, The Forum, Altissia, SofiaU, TIEC, iCENT APP, Turnitin, CSN, UNLV, Education USA et China Education Association for International (CEAIE), pour n&rsquo;en citer que quelques-unes.<\/p>\n<p>Toutes ces institutions ont pu interagir avec les 700 participants qui ont assist\u00e9 \u00e0 l&rsquo;\u00e9v\u00e9nement de trois jours et qui repr\u00e9sentaient 31 pays.<\/p>\n<p><a href=\"https:\/\/caie-caei.org\/fr\/sponsors-et-exposants\/\">Pour en savoir plus sur nos exposants et sponsors, cliquez ici.<\/a><\/p>\n<p>[\/vc_toggle][\/vc_column][\/vc_row][vc_row][vc_column][vc_empty_space][\/vc_column][\/vc_row][vc_row][vc_column][vc_custom_heading text=\u00a0\u00bbWebinaires 2023&Prime; use_theme_fonts=\u00a0\u00bbyes\u00a0\u00bb css=\u00a0\u00bb\u00a0\u00bb][vc_column_text css=\u00a0\u00bb\u00a0\u00bb]Le Congr\u00e8s des Am\u00e9riques sur l&rsquo;\u00e9ducation internationale (CAIE) propose une s\u00e9rie de webinaires \u00e0 chaque \u00e9dition et invite l&rsquo;ensemble de la communaut\u00e9 de l&rsquo;enseignement sup\u00e9rieur, ainsi que des repr\u00e9sentants des secteurs public, priv\u00e9 et de la soci\u00e9t\u00e9 civile \u00e0 participer \u00e0 diverses conversations sur l&rsquo;innovation et l&rsquo;internationalisation de l&rsquo;enseignement sup\u00e9rieur.[\/vc_column_text][vc_text_separator title=\u00a0\u00bbCAEI\/CIGL Launch Webinar\u00a0\u00bb css=\u00a0\u00bb\u00a0\u00bb][vc_video link=\u00a0\u00bbhttps:\/\/www.youtube.com\/watch?v=UnfEV2elmdM&amp;t=673s\u00a0\u00bb el_width=\u00a0\u00bb70&Prime; align=\u00a0\u00bbcenter\u00a0\u00bb css=\u00a0\u00bb\u00a0\u00bb][vc_column_text css=\u00a0\u00bb\u00a0\u00bb]<span style=\"font-weight: 400;\">DATE: <\/span><span style=\"font-weight: 400;\">May 25, Thursday, 1pm EST (1hr)<\/span><\/p>\n<p><span style=\"font-weight: 400;\">Translation: English \/ Spanish<\/span><\/p>\n<p>&nbsp;<\/p>\n<table>\n<tbody>\n<tr>\n<td><span style=\"font-weight: 400;\">TITLE:\u00a0<\/span><\/p>\n<p><span style=\"font-weight: 400;\">Futures of Internationalization: Perspectives and Practice.<\/span><\/p>\n<p><span style=\"font-weight: 400;\">DESCRIPTION:\u00a0<\/span><\/p>\n<p><span style=\"font-weight: 400;\">With this session we open a conversation about the future of international education, new perspectives and best practices to prepare our students and future professionals for the demands of a changing world.\u00a0<\/span><\/p>\n<p><span style=\"font-weight: 400;\">Speakers: <\/span><\/p>\n<p><span style=\"font-weight: 400;\">David Julien, Executive Director, OUI-IOHE and CAEI-2023, Canada<\/span><\/p>\n<p><span style=\"font-weight: 400;\">Melissa Torres, President &amp; CEO, The Forum on Education Abroad, USA<\/span><\/p>\n<p><span style=\"font-weight: 400;\">Sheyla Salazar, Director, International Programs, Universidad de Piura and RediPer\u00fa, Peru<\/span><\/p>\n<p><span style=\"font-weight: 400;\">Rebecca L. Bellinger, Executive Director, Center for Global Business, University of Maryland, Robert H. Smith School of Business, USA<\/span><\/p>\n<p><span style=\"font-weight: 400;\">Luis Kauachi, Senior Manager, CAEI-2023<\/span><\/td>\n<\/tr>\n<tr>\n<td><span style=\"font-weight: 400;\">TITULO:<\/span><\/p>\n<p><span style=\"font-weight: 400;\">Futuros de la Internacionalizaci\u00f3n: Perspectivas y Pr\u00e1ctica.<\/span><\/p>\n<p><span style=\"font-weight: 400;\">DESCRIPCI\u00d3N:\u00a0<\/span><\/p>\n<p><span style=\"font-weight: 400;\">Con esta sesi\u00f3n abrimos una conversaci\u00f3n sobre el futuro de la educaci\u00f3n internacional, nuevas perspectivas y mejores pr\u00e1cticas para la preparaci\u00f3n de nuestros estudiantes y futuros profesionales para los retos de un mundo en transformaci\u00f3n.<\/span><\/p>\n<p><span style=\"font-weight: 400;\">Conferencistas:\u00a0<\/span><\/p>\n<p><span style=\"font-weight: 400;\">David Julien, Secretario General Ejecutivo, OUI-IOHE y CAEI-2023<\/span><\/p>\n<p><span style=\"font-weight: 400;\">Melissa Torres, Presidente y CEO, The Forum on Education Abroad<\/span><\/p>\n<p><span style=\"font-weight: 400;\">Sheyla Salazar, Directora, Programas Internacionales, Universidad de Piura y RediPer\u00fa, Per\u00fa<\/span><\/p>\n<p><span style=\"font-weight: 400;\">Rebecca L. Bellinger, Directora Ejecutiva, <\/span><i><span style=\"font-weight: 400;\">Center for Global Business, University of Maryland, Robert H. Smith School of Business<\/span><\/i><span style=\"font-weight: 400;\">, EUA<\/span><\/p>\n<p><span style=\"font-weight: 400;\">Luis Kauachi, Responsable Principal, CAEI-2023<\/span><\/td>\n<\/tr>\n<\/tbody>\n<\/table>\n<p>[\/vc_column_text][\/vc_column][\/vc_row]<\/p>\n<\/div>","protected":false},"excerpt":{"rendered":"<p>[vc_row][vc_column][vc_custom_heading text=\u00a0\u00bbCAEI \u00c9TATS-UNIS 2023&Prime; font_container=\u00a0\u00bbtag:h2|text_align:left|color:%23b12028&Prime; use_theme_fonts=\u00a0\u00bbyes\u00a0\u00bb css=\u00a0\u00bb\u00a0\u00bb][\/vc_column][\/vc_row][vc_row][vc_column width=\u00a0\u00bb1\/3&Prime;][vc_single_image image=\u00a0\u00bb13302&Prime; img_size=\u00a0\u00bblarge\u00a0\u00bb css=\u00a0\u00bb\u00a0\u00bb][\/vc_column][vc_column width=\u00a0\u00bb2\/3&Prime;][vc_custom_heading text=\u00a0\u00bbPr\u00e9sentation\u00a0\u00bb font_container=\u00a0\u00bbtag:h2|text_align:left|color:%23b12028&Prime; use_theme_fonts=\u00a0\u00bbyes\u00a0\u00bb css=\u00a0\u00bb\u00a0\u00bb][vc_column_text css=\u00a0\u00bb\u00a0\u00bb]La huiti\u00e8me \u00e9dition du [&hellip;]<\/p>\n","protected":false},"author":4,"featured_media":0,"parent":0,"menu_order":0,"comment_status":"closed","ping_status":"closed","template":"","meta":{"_acf_changed":false,"_monsterinsights_skip_tracking":false,"_monsterinsights_sitenote_active":false,"_monsterinsights_sitenote_note":"","_monsterinsights_sitenote_category":0,"footnotes":""},"class_list":["post-16266","page","type-page","status-publish","hentry"],"acf":[],"aioseo_notices":[],"_links":{"self":[{"href":"https:\/\/oui-iohe.org\/fr\/wp-json\/wp\/v2\/pages\/16266","targetHints":{"allow":["GET"]}}],"collection":[{"href":"https:\/\/oui-iohe.org\/fr\/wp-json\/wp\/v2\/pages"}],"about":[{"href":"https:\/\/oui-iohe.org\/fr\/wp-json\/wp\/v2\/types\/page"}],"author":[{"embeddable":true,"href":"https:\/\/oui-iohe.org\/fr\/wp-json\/wp\/v2\/users\/4"}],"replies":[{"embeddable":true,"href":"https:\/\/oui-iohe.org\/fr\/wp-json\/wp\/v2\/comments?post=16266"}],"version-history":[{"count":11,"href":"https:\/\/oui-iohe.org\/fr\/wp-json\/wp\/v2\/pages\/16266\/revisions"}],"predecessor-version":[{"id":16412,"href":"https:\/\/oui-iohe.org\/fr\/wp-json\/wp\/v2\/pages\/16266\/revisions\/16412"}],"wp:attachment":[{"href":"https:\/\/oui-iohe.org\/fr\/wp-json\/wp\/v2\/media?parent=16266"}],"curies":[{"name":"wp","href":"https:\/\/api.w.org\/{rel}","templated":true}]}}