{"id":1647,"date":"2018-11-29T16:20:39","date_gmt":"2018-11-29T21:20:39","guid":{"rendered":"http:\/\/www.oui-iohe.org\/eiestec\/"},"modified":"2021-11-24T19:36:15","modified_gmt":"2021-11-25T00:36:15","slug":"eiestec","status":"publish","type":"page","link":"https:\/\/oui-iohe.org\/fr\/eiestec\/","title":{"rendered":"EIESTEC"},"content":{"rendered":"<div class=\"wpb-content-wrapper\"><p>[vc_row][vc_column][vc_custom_heading source=\u00a0\u00bbpost_title\u00a0\u00bb font_container=\u00a0\u00bbtag:h1|text_align:left\u00a0\u00bb use_theme_fonts=\u00a0\u00bbyes\u00a0\u00bb][\/vc_column][\/vc_row][vc_row][vc_column width=\u00a0\u00bb1\/3&Prime;][vc_single_image image=\u00a0\u00bb1918&Prime; img_size=\u00a0\u00bblarge\u00a0\u00bb alignment=\u00a0\u00bbcenter\u00a0\u00bb][\/vc_column][vc_column width=\u00a0\u00bb2\/3&Prime;][vc_custom_heading text=\u00a0\u00bbHistoire\u00a0\u00bb use_theme_fonts=\u00a0\u00bbyes\u00a0\u00bb][vc_column_text]N\u00e9 en 2014, l\u2019<strong>Espace interam\u00e9ricain d\u2019\u00c9ducation sup\u00e9rieure technique et technologique (EIESTEC<\/strong>) est le r\u00e9sultat d\u2019une premi\u00e8re rencontre organis\u00e9e par l\u2019OUI et dont l\u2019objectif est de promouvoir la formation, la recherche et l\u2019innovation avec des programmes courts d\u2019\u00e9tudes professionnelles au sein des \u00c9tablissements d\u2019enseignement sup\u00e9rieur (\u00c9ES) techniques et technologiques des Am\u00e9riques. Ce programme r\u00e9pond \u00e0 la n\u00e9cessit\u00e9 des \u00c9ES de partager leurs exp\u00e9riences dans le but de cr\u00e9er un r\u00e9seau de communication, d\u2019int\u00e9gration et de d\u00e9veloppement adapt\u00e9 \u00e0 leurs propres besoins.<\/p>\n<p>C&rsquo;est apr\u00e8s une s\u00e9rie de quatre rencontres annuelles ayant mobilis\u00e9 ce secteur que l&rsquo;OUI a officiellement adopt\u00e9 l\u2019EIESTEC comme dernier programme en 2018.[\/vc_column_text][\/vc_column][\/vc_row][vc_row full_width=\u00a0\u00bbstretch_row\u00a0\u00bb css=\u00a0\u00bb.vc_custom_1542744654565{padding-top: 20px !important;background-color: #f1f1f1 !important;}\u00a0\u00bb][vc_column][vc_column_text]Actuellement, l&rsquo;OUI continue d&rsquo;\u00eatre l&rsquo;espace d&rsquo;int\u00e9gration par excellence qui promeut la formation, la recherche et l&rsquo;innovation dans les \u00e9tablissements d&rsquo;enseignement sup\u00e9rieur technique et technologique des Am\u00e9riques, \u00e0 travers les axes d\u00e9finis comme suit\u00a0:<\/p>\n<ul>\n<li><strong>Int\u00e9gration<\/strong>: cr\u00e9er un espace pour faciliter la collaboration institutionnelle, l\u2019identification des bonnes pratiques et s\u2019inspirer des exp\u00e9riences r\u00e9ussites.<\/li>\n<li><strong>Formation\u00a0:<\/strong> pour offrir les opportunit\u00e9s de d\u00e9veloppement professionnel aux enseignants et aux directeurs de l\u2019\u00e9ducation technique et technologique.<\/li>\n<li><strong>Investigation\u00a0:<\/strong> Pour mieux connaitre l\u2019offre \u00e9ducative dans le secteur et promouvoir la recherche appliqu\u00e9e.<\/li>\n<\/ul>\n<p>[\/vc_column_text][\/vc_column][\/vc_row][vc_row full_width=\u00a0\u00bbstretch_row\u00a0\u00bb css=\u00a0\u00bb.vc_custom_1542744817691{margin-top: -20px !important;background-color: #f1f1f1 !important;}\u00a0\u00bb][vc_column][vc_separator color=\u00a0\u00bbiohe-orange\u00a0\u00bb border_width=\u00a0\u00bb6&Prime;][vc_custom_heading text=\u00a0\u00bbRencontres EIESTEC\u00a0\u00bb font_container=\u00a0\u00bbtag:h4|text_align:left\u00a0\u00bb use_theme_fonts=\u00a0\u00bbyes\u00a0\u00bb css=\u00a0\u00bb.vc_custom_1543527492482{margin-bottom: 20px !important;}\u00a0\u00bb][vc_column_text el_class=\u00a0\u00bbfw-medium\u00a0\u00bb]Dans le but de r\u00e9pondre \u00e0 son premier axe strat\u00e9gique, <em>Int\u00e9gration<\/em>, l\u2019OUI a cr\u00e9\u00e9 les Rencontres EIESTEC qui se d\u00e9roulent chaque ann\u00e9e en collaboration avec les institutions et les organismes de l\u2019\u00e9ducation sup\u00e9rieure. Ces rencontres se sont consolid\u00e9s comme des espaces de rencontres par excellence d\u00e9di\u00e9s enti\u00e8rement aux \u00c9ES techniques et technologiques au sein des Am\u00e9riques.<\/p>\n<p>Les participants des rencontres EIESTEC prennent part \u00e0 de nombreuses activit\u00e9s, conf\u00e9rences magistrales, panels th\u00e9matiques, tables rondes et pr\u00e9sentations des meilleurs pratiques et des grands succ\u00e8s pertinents pour les \u00c9ES techniques et technologiques des Am\u00e9riques.[\/vc_column_text][\/vc_column][\/vc_row][vc_row full_width=\u00a0\u00bbstretch_row\u00a0\u00bb css=\u00a0\u00bb.vc_custom_1542744897386{background-color: #f1f1f1 !important;}\u00a0\u00bb][vc_column][vc_separator color=\u00a0\u00bbiohe-orange\u00a0\u00bb border_width=\u00a0\u00bb6&Prime;][vc_custom_heading text=\u00a0\u00bbDipl\u00f4me EIESTEC \u00a0\u00bb font_container=\u00a0\u00bbtag:h4|text_align:left\u00a0\u00bb use_theme_fonts=\u00a0\u00bbyes\u00a0\u00bb css=\u00a0\u00bb.vc_custom_1543527509962{margin-bottom: 20px !important;}\u00a0\u00bb][vc_column_text el_class=\u00a0\u00bbfw-medium\u00a0\u00bb]Afin de proposer des programmes de formation adapt\u00e9s aux \u00c9ES techniques et technologiques, l&rsquo;EIESTEC a analys\u00e9 les besoins en formation de ces derniers pour d\u00e9velopper et proposer des produits de formation en ligne \u00e0 ses membres d\u00e8s 2019.[\/vc_column_text][\/vc_column][\/vc_row][vc_row][vc_column][vc_btn title=\u00a0\u00bbVoir notre offre de formation\u00a0\u00bb style=\u00a0\u00bbflat\u00a0\u00bb shape=\u00a0\u00bbsquare\u00a0\u00bb color=\u00a0\u00bbiohe-orange\u00a0\u00bb size=\u00a0\u00bblg\u00a0\u00bb align=\u00a0\u00bbcenter\u00a0\u00bb link=\u00a0\u00bburl:https%3A%2F%2Foui-iohe.org%2Ffr%2Foffre-de-cours%2F||target:%20_blank|\u00a0\u00bb][\/vc_column][\/vc_row]<\/p>\n<\/div>","protected":false},"excerpt":{"rendered":"<p>[vc_row][vc_column][vc_custom_heading source=\u00a0\u00bbpost_title\u00a0\u00bb font_container=\u00a0\u00bbtag:h1|text_align:left\u00a0\u00bb use_theme_fonts=\u00a0\u00bbyes\u00a0\u00bb][\/vc_column][\/vc_row][vc_row][vc_column width=\u00a0\u00bb1\/3&Prime;][vc_single_image image=\u00a0\u00bb1918&Prime; img_size=\u00a0\u00bblarge\u00a0\u00bb alignment=\u00a0\u00bbcenter\u00a0\u00bb][\/vc_column][vc_column width=\u00a0\u00bb2\/3&Prime;][vc_custom_heading text=\u00a0\u00bbHistoire\u00a0\u00bb use_theme_fonts=\u00a0\u00bbyes\u00a0\u00bb][vc_column_text]N\u00e9 en 2014, l\u2019Espace interam\u00e9ricain d\u2019\u00c9ducation sup\u00e9rieure technique et technologique [&hellip;]<\/p>\n","protected":false},"author":4,"featured_media":1891,"parent":0,"menu_order":0,"comment_status":"closed","ping_status":"closed","template":"","meta":{"_acf_changed":false,"_monsterinsights_skip_tracking":false,"_monsterinsights_sitenote_active":false,"_monsterinsights_sitenote_note":"","_monsterinsights_sitenote_category":0,"footnotes":""},"class_list":["post-1647","page","type-page","status-publish","has-post-thumbnail","hentry"],"acf":[],"aioseo_notices":[],"_links":{"self":[{"href":"https:\/\/oui-iohe.org\/fr\/wp-json\/wp\/v2\/pages\/1647","targetHints":{"allow":["GET"]}}],"collection":[{"href":"https:\/\/oui-iohe.org\/fr\/wp-json\/wp\/v2\/pages"}],"about":[{"href":"https:\/\/oui-iohe.org\/fr\/wp-json\/wp\/v2\/types\/page"}],"author":[{"embeddable":true,"href":"https:\/\/oui-iohe.org\/fr\/wp-json\/wp\/v2\/users\/4"}],"replies":[{"embeddable":true,"href":"https:\/\/oui-iohe.org\/fr\/wp-json\/wp\/v2\/comments?post=1647"}],"version-history":[{"count":18,"href":"https:\/\/oui-iohe.org\/fr\/wp-json\/wp\/v2\/pages\/1647\/revisions"}],"predecessor-version":[{"id":10339,"href":"https:\/\/oui-iohe.org\/fr\/wp-json\/wp\/v2\/pages\/1647\/revisions\/10339"}],"wp:featuredmedia":[{"embeddable":true,"href":"https:\/\/oui-iohe.org\/fr\/wp-json\/wp\/v2\/media\/1891"}],"wp:attachment":[{"href":"https:\/\/oui-iohe.org\/fr\/wp-json\/wp\/v2\/media?parent=1647"}],"curies":[{"name":"wp","href":"https:\/\/api.w.org\/{rel}","templated":true}]}}