{"id":16499,"date":"2024-11-04T14:43:51","date_gmt":"2024-11-04T19:43:51","guid":{"rendered":"https:\/\/oui-iohe.org\/?page_id=16499"},"modified":"2026-01-29T10:07:27","modified_gmt":"2026-01-29T15:07:27","slug":"salle-de-classe-collaborative","status":"publish","type":"page","link":"https:\/\/oui-iohe.org\/fr\/salle-de-classe-collaborative\/","title":{"rendered":"Salle de classe collaborative de l&rsquo;OUI"},"content":{"rendered":"<div class=\"wpb-content-wrapper\"><p>[vc_row][vc_column][vc_custom_heading source=\u00a0\u00bbpost_title\u00a0\u00bb font_container=\u00a0\u00bbtag:h1|text_align:left\u00a0\u00bb use_theme_fonts=\u00a0\u00bbyes\u00a0\u00bb][\/vc_column][\/vc_row][vc_row full_width=\u00a0\u00bbstretch_row\u00a0\u00bb css=\u00a0\u00bb.vc_custom_1724879493976{background-color: #f1f1f1 !important;}\u00a0\u00bb][vc_column][vc_column_text css=\u00a0\u00bb\u00a0\u00bb]L&rsquo;Organisation Universitaire Interam\u00e9ricaine (OUI), en r\u00e9ponse \u00e0 ses objectifs strat\u00e9giques visant \u00e0 \u00e9largir les services \u00e0 ses membres, a \u00e9tabli cet espace de liaison interinstitutionnelle pour la mise en \u0153uvre d&rsquo;initiatives de formation avec l&rsquo;ensemble de ses membres \u00e0 travers la Salle de classe collaborative de l&rsquo;OUI.<br \/>\nCet espace de diffusion est d\u00e9velopp\u00e9 pour que les institutions membres de l&rsquo;OUI puissent partager et promouvoir leur offre de formation en \u00e9ducation continue, augmentant ainsi la visibilit\u00e9 et la port\u00e9e de leurs actions de formation, et contribuant \u00e0 une dynamique de relations interam\u00e9ricaines sur les lignes suivantes:<br \/>\n1. \u00c9quit\u00e9 et inclusion<br \/>\n2. Recherche<br \/>\n3. Leadership<br \/>\n4. Innovation \u00e9ducative<br \/>\n5. Internationalisation<br \/>\n6. Objectifs de D\u00e9veloppement Durable (ODD)[\/vc_column_text][\/vc_column][\/vc_row][vc_row][vc_column][vc_toggle title=\u00a0\u00bbObjectif\u00a0\u00bb style=\u00a0\u00bbround_outline\u00a0\u00bb color=\u00a0\u00bbgreen\u00a0\u00bb size=\u00a0\u00bblg\u00a0\u00bb css=\u00a0\u00bb\u00a0\u00bb]Disposer d&rsquo;un espace de promotion et de diffusion de l&rsquo;offre de formation externe en \u00e9ducation continue, qui renforce, facilite et \u00e9largit l&rsquo;acc\u00e8s \u00e0 diff\u00e9rentes lignes de formation propos\u00e9es en collaboration avec les institutions membres de l&rsquo;OUI.[\/vc_toggle][vc_toggle title=\u00a0\u00bbDestin\u00e9 \u00e0\u00a0\u00bb style=\u00a0\u00bbround_outline\u00a0\u00bb color=\u00a0\u00bbgreen\u00a0\u00bb size=\u00a0\u00bblg\u00a0\u00bb css=\u00a0\u00bb\u00a0\u00bb]Les membres de l&rsquo;OUI ayant leur adh\u00e9sion active et sp\u00e9cifiquement les domaines de formation continue des institutions d&rsquo;enseignement sup\u00e9rieur.[\/vc_toggle][vc_toggle title=\u00a0\u00bbTypes d&rsquo;activit\u00e9s virtuelles et en pr\u00e9sentiel\u00a0\u00bb style=\u00a0\u00bbround_outline\u00a0\u00bb color=\u00a0\u00bbgreen\u00a0\u00bb size=\u00a0\u00bblg\u00a0\u00bb css=\u00a0\u00bb\u00a0\u00bb]<\/p>\n<ul>\n<li>Cours complets d&rsquo;une dur\u00e9e maximale de six semaines.<\/li>\n<li>Modules de cours d&rsquo;une dur\u00e9e maximale de quatre semaines.<\/li>\n<li>S\u00e9minaires d&rsquo;une journ\u00e9e maximum avec des activit\u00e9s synchrones et asynchrones.<\/li>\n<li>Ateliers d&rsquo;une dur\u00e9e maximale de trois jours pour le d\u00e9veloppement de comp\u00e9tences et l&rsquo;utilisation d&rsquo;outils sp\u00e9cifiques.<\/li>\n<\/ul>\n<p>*La dur\u00e9e des activit\u00e9s mentionn\u00e9es est approximative et toute variation peut \u00eatre discut\u00e9e avec la Direction Acad\u00e9mique de l&rsquo;OUI.[\/vc_toggle][\/vc_column][\/vc_row][vc_row][vc_column][vc_separator color=\u00a0\u00bbiohe-orange\u00a0\u00bb border_width=\u00a0\u00bb6&Prime; css=\u00a0\u00bb\u00a0\u00bb][vc_custom_heading text=\u00a0\u00bbOffre\u00a0\u00bb use_theme_fonts=\u00a0\u00bbyes\u00a0\u00bb css=\u00a0\u00bb\u00a0\u00bb][vc_column_text css=\u00a0\u00bb\u00a0\u00bb]<strong>Nous partageons les possibilit\u00e9s de formation suivantes :<\/strong>[\/vc_column_text][\/vc_column][\/vc_row][vc_row][vc_column width=\u00a0\u00bb1\/2&Prime;][vc_single_image image=\u00a0\u00bb20034&Prime; img_size=\u00a0\u00bbmedium\u00a0\u00bb css=\u00a0\u00bb\u00a0\u00bb][vc_btn title=\u00a0\u00bbOffre Salle collaborative OUI\u00a0\u00bb style=\u00a0\u00bbflat\u00a0\u00bb shape=\u00a0\u00bbsquare\u00a0\u00bb color=\u00a0\u00bbiohe-orange\u00a0\u00bb size=\u00a0\u00bblg\u00a0\u00bb align=\u00a0\u00bbleft\u00a0\u00bb css=\u00a0\u00bb\u00a0\u00bb link=\u00a0\u00bburl:https%3A%2F%2Foui-iohe.org%2Ffr%2Foffre-salle-collaborative-oui%2F|target:_blank\u00a0\u00bb][\/vc_column][vc_column width=\u00a0\u00bb1\/2&Prime;][vc_single_image image=\u00a0\u00bb20112&Prime; img_size=\u00a0\u00bbmedium\u00a0\u00bb css=\u00a0\u00bb\u00a0\u00bb][vc_btn title=\u00a0\u00bbOffre Salle collaborative ODD\u00a0\u00bb style=\u00a0\u00bbflat\u00a0\u00bb shape=\u00a0\u00bbsquare\u00a0\u00bb color=\u00a0\u00bbiohe-orange\u00a0\u00bb size=\u00a0\u00bblg\u00a0\u00bb align=\u00a0\u00bbleft\u00a0\u00bb css=\u00a0\u00bb\u00a0\u00bb link=\u00a0\u00bburl:https%3A%2F%2Foui-iohe.org%2Fes%2Foferta-colaborativa-oui-ods%2F|target:_blank\u00a0\u00bb][\/vc_column][\/vc_row][vc_row][vc_column][vc_separator color=\u00a0\u00bbiohe-orange\u00a0\u00bb border_width=\u00a0\u00bb6&Prime; css=\u00a0\u00bb\u00a0\u00bb][vc_toggle title=\u00a0\u00bbExigences et Processus de incorporation \u00e0 la Salle de classe collaborative de l&rsquo;OUI\u00a0\u00bb style=\u00a0\u00bbround_outline\u00a0\u00bb color=\u00a0\u00bbgreen\u00a0\u00bb size=\u00a0\u00bblg\u00a0\u00bb css=\u00a0\u00bb\u00a0\u00bb]<strong>Exigences :<\/strong><\/p>\n<ul>\n<li>\u00catre membre de l&rsquo;OUI et \u00eatre \u00e0 jour dans ses obligations.<\/li>\n<li>R\u00e9pondre aux caract\u00e9ristiques d&rsquo;un cours virtuel\/en pr\u00e9sentiel : contenus pertinents et actualis\u00e9s, cela peut \u00eatre un nouveau cours ou un cours d\u00e9j\u00e0 op\u00e9rationnel, autog\u00e9r\u00e9 ou avec tuteur, gratuit ou payant, etc.<\/li>\n<li>Une r\u00e9vision des contenus devra \u00eatre effectu\u00e9e par la Direction Acad\u00e9mique de l&rsquo;OUI.<\/li>\n<li>Le cours doit \u00eatre ax\u00e9 sur l&rsquo;une des lignes de formation continue mentionn\u00e9es.<\/li>\n<li>Respecter la dur\u00e9e maximale \u00e9tablie (en g\u00e9n\u00e9ral, mais des exceptions de dur\u00e9e peuvent exister).<\/li>\n<li>Couvrir les exigences techniques et technologiques pour le fonctionnement du cours.<\/li>\n<\/ul>\n<p><strong>Processus d&rsquo;incorporation :<\/strong><\/p>\n<ol>\n<li><a href=\"https:\/\/docs.google.com\/forms\/d\/e\/1FAIpQLSfPuHmeD9hr4gyajs4OlL5rcivXCu4vGDkIPyR4LbRMlAG7OA\/viewform?usp=sharing\">Compl\u00e9ter le formulaire d&rsquo;inscription<\/a> avec toutes les informations requises sur l&rsquo;activit\u00e9 que l&rsquo;on souhaite int\u00e9grer \u00e0 la Salle de classe collaborative de l&rsquo;OUI.<\/li>\n<li>Il est important de sp\u00e9cifier dans le formulaire l&rsquo;adresse e-mail de contact direct avec le service responsable de la formation \u00e9ducative que l&rsquo;on souhaite promouvoir.<\/li>\n<li>Une premi\u00e8re r\u00e9union sera n\u00e9cessaire pour pr\u00e9ciser les d\u00e9tails de la Salle de classe collaborative de l&rsquo;OUI.<\/li>\n<li>Signer l&rsquo;engagement de participation.<\/li>\n<li>Envoyer les pi\u00e8ces graphiques avec les sp\u00e9cifications et les informations requises concernant la formation \u00e9ducative.<\/li>\n<\/ol>\n<p>[\/vc_toggle][\/vc_column][\/vc_row][vc_row][vc_column][vc_empty_space][vc_column_text css=\u00a0\u00bb\u00a0\u00bb]L&rsquo;Organisation Universitaire Interam\u00e9ricaine (OUI) informe que les cours offerts \u00e0 travers notre service de la Salle de classe collaborative de l&rsquo;OUI correspondent \u00e0 des actions de formation continue des institutions membres de l&rsquo;OUI, qui assument la responsabilit\u00e9 de l&rsquo;ensemble des processus impliqu\u00e9s dans le d\u00e9veloppement de l&rsquo;activit\u00e9. Toute question ou clarification doit \u00eatre adress\u00e9e uniquement et exclusivement \u00e0 l&rsquo;institution d&rsquo;enseignement sup\u00e9rieur qui offre le service. De m\u00eame, la proc\u00e9dure pour les inscriptions, le d\u00e9veloppement, l&rsquo;utilisation de la plateforme, les questions acad\u00e9miques et la d\u00e9livrance des certificats doit \u00eatre coordonn\u00e9e directement avec l&rsquo;institution qui propose le cours.[\/vc_column_text][\/vc_column][\/vc_row][vc_row full_width=\u00a0\u00bbstretch_row\u00a0\u00bb css=\u00a0\u00bb.vc_custom_1724883647799{background-color: #f1f1f1 !important;}\u00a0\u00bb][vc_column width=\u00a0\u00bb1\/2&Prime;][vc_single_image image=\u00a0\u00bb1247&Prime; img_size=\u00a0\u00bblarge\u00a0\u00bb css=\u00a0\u00bb\u00a0\u00bb][\/vc_column][vc_column width=\u00a0\u00bb1\/2&Prime;][vc_custom_heading text=\u00a0\u00bbQuestions ou informations suppl\u00e9mentaires\u00a0\u00bb use_theme_fonts=\u00a0\u00bbyes\u00a0\u00bb css=\u00a0\u00bb\u00a0\u00bb][vc_column_text css=\u00a0\u00bb\u00a0\u00bb]<a href=\"mailto:cursos@oui-iohe.org\">cursos@oui-iohe.org<\/a><\/p>\n<p>Objet : \u00ab\u00a0Informations &#8211; Salle de classe collaborative de l&rsquo;OUI\u00a0\u00bb.[\/vc_column_text][\/vc_column][\/vc_row]<\/p>\n<\/div>","protected":false},"excerpt":{"rendered":"<p>[vc_row][vc_column][vc_custom_heading source=\u00a0\u00bbpost_title\u00a0\u00bb font_container=\u00a0\u00bbtag:h1|text_align:left\u00a0\u00bb use_theme_fonts=\u00a0\u00bbyes\u00a0\u00bb][\/vc_column][\/vc_row][vc_row full_width=\u00a0\u00bbstretch_row\u00a0\u00bb css=\u00a0\u00bb.vc_custom_1724879493976{background-color: #f1f1f1 !important;}\u00a0\u00bb][vc_column][vc_column_text css=\u00a0\u00bb\u00a0\u00bb]L&rsquo;Organisation Universitaire Interam\u00e9ricaine (OUI), en r\u00e9ponse \u00e0 ses objectifs strat\u00e9giques visant \u00e0 [&hellip;]<\/p>\n","protected":false},"author":4,"featured_media":0,"parent":0,"menu_order":0,"comment_status":"closed","ping_status":"closed","template":"","meta":{"_acf_changed":false,"_monsterinsights_skip_tracking":false,"_monsterinsights_sitenote_active":false,"_monsterinsights_sitenote_note":"","_monsterinsights_sitenote_category":0,"footnotes":""},"class_list":["post-16499","page","type-page","status-publish","hentry"],"acf":[],"aioseo_notices":[],"_links":{"self":[{"href":"https:\/\/oui-iohe.org\/fr\/wp-json\/wp\/v2\/pages\/16499","targetHints":{"allow":["GET"]}}],"collection":[{"href":"https:\/\/oui-iohe.org\/fr\/wp-json\/wp\/v2\/pages"}],"about":[{"href":"https:\/\/oui-iohe.org\/fr\/wp-json\/wp\/v2\/types\/page"}],"author":[{"embeddable":true,"href":"https:\/\/oui-iohe.org\/fr\/wp-json\/wp\/v2\/users\/4"}],"replies":[{"embeddable":true,"href":"https:\/\/oui-iohe.org\/fr\/wp-json\/wp\/v2\/comments?post=16499"}],"version-history":[{"count":56,"href":"https:\/\/oui-iohe.org\/fr\/wp-json\/wp\/v2\/pages\/16499\/revisions"}],"predecessor-version":[{"id":20339,"href":"https:\/\/oui-iohe.org\/fr\/wp-json\/wp\/v2\/pages\/16499\/revisions\/20339"}],"wp:attachment":[{"href":"https:\/\/oui-iohe.org\/fr\/wp-json\/wp\/v2\/media?parent=16499"}],"curies":[{"name":"wp","href":"https:\/\/api.w.org\/{rel}","templated":true}]}}