{"id":16819,"date":"2024-09-26T14:02:27","date_gmt":"2024-09-26T18:02:27","guid":{"rendered":"https:\/\/oui-iohe.org\/?page_id=16819"},"modified":"2026-04-07T12:12:18","modified_gmt":"2026-04-07T16:12:18","slug":"membres-oui","status":"publish","type":"page","link":"https:\/\/oui-iohe.org\/fr\/membres-oui\/","title":{"rendered":"Membres de l&rsquo;OUI"},"content":{"rendered":"<div class=\"wpb-content-wrapper\"><p>[vc_row css=\u00a0\u00bb.vc_custom_1542747685564{margin-bottom: 35px !important;}\u00a0\u00bb][vc_column][vc_custom_heading source=\u00a0\u00bbpost_title\u00a0\u00bb font_container=\u00a0\u00bbtag:h1|text_align:left\u00a0\u00bb use_theme_fonts=\u00a0\u00bbyes\u00a0\u00bb][\/vc_column][\/vc_row][vc_row][vc_column width=\u00a0\u00bb1\/2&Prime; offset=\u00a0\u00bbvc_hidden-xs\u00a0\u00bb][membre_pays_map][\/vc_column][vc_column width=\u00a0\u00bb1\/2&Prime;][vc_custom_heading text=\u00a0\u00bb+ 400&Prime; font_container=\u00a0\u00bbtag:h2|font_size:60px|text_align:center|color:%236fa317|line_height:60px\u00a0\u00bb google_fonts=\u00a0\u00bbfont_family:Roboto%3A100%2C100italic%2C300%2C300italic%2Cregular%2Citalic%2C500%2C500italic%2C700%2C700italic%2C900%2C900italic|font_style:900%20bold%20regular%3A900%3Anormal\u00a0\u00bb css=\u00a0\u00bb.vc_custom_1737668200216{margin-bottom: 0px !important;}\u00a0\u00bb el_class=\u00a0\u00bbno-accent\u00a0\u00bb][vc_custom_heading text=\u00a0\u00bbMEMBRES\u00a0\u00bb font_container=\u00a0\u00bbtag:h3|text_align:center|color:%236fa317|line_height:30pxdd\u00a0\u00bb use_theme_fonts=\u00a0\u00bbyes\u00a0\u00bb][vc_separator color=\u00a0\u00bbiohe-orange\u00a0\u00bb border_width=\u00a0\u00bb6&Prime;][vc_custom_heading text=\u00a0\u00bb9&Prime; font_container=\u00a0\u00bbtag:h2|font_size:60px|text_align:center|color:%236fa317|line_height:60px\u00a0\u00bb use_theme_fonts=\u00a0\u00bbyes\u00a0\u00bb css=\u00a0\u00bb.vc_custom_1542747273374{margin-bottom: 0px !important;}\u00a0\u00bb el_class=\u00a0\u00bbno-accent\u00a0\u00bb][vc_custom_heading text=\u00a0\u00bbR\u00c9GIONS\u00a0\u00bb font_container=\u00a0\u00bbtag:h3|text_align:center|color:%236fa317|line_height:30px\u00a0\u00bb use_theme_fonts=\u00a0\u00bbyes\u00a0\u00bb css=\u00a0\u00bb.vc_custom_1544028509379{margin-bottom: 15px !important;}\u00a0\u00bb][membres-regions position=\u00a0\u00bbvertical\u00a0\u00bb][vc_separator color=\u00a0\u00bbiohe-orange\u00a0\u00bb border_width=\u00a0\u00bb6&Prime;][vc_custom_heading text=\u00a0\u00bb28&Prime; font_container=\u00a0\u00bbtag:h2|font_size:60px|text_align:center|color:%236fa317|line_height:60px\u00a0\u00bb use_theme_fonts=\u00a0\u00bbyes\u00a0\u00bb css=\u00a0\u00bb.vc_custom_1542747282135{margin-bottom: 0px !important;}\u00a0\u00bb el_class=\u00a0\u00bbno-accent\u00a0\u00bb][vc_custom_heading text=\u00a0\u00bbPAYS D&rsquo;AM\u00c9RIQUE\u00a0\u00bb font_container=\u00a0\u00bbtag:h3|text_align:center|color:%236fa317|line_height:30px\u00a0\u00bb use_theme_fonts=\u00a0\u00bbyes\u00a0\u00bb][\/vc_column][vc_column width=\u00a0\u00bb1\/2&Prime; offset=\u00a0\u00bbvc_hidden-lg vc_hidden-md vc_hidden-sm\u00a0\u00bb css=\u00a0\u00bb.vc_custom_1542748095294{margin-top: 35px !important;}\u00a0\u00bb][membre_pays_map][\/vc_column][\/vc_row][vc_row][vc_column el_id=\u00a0\u00bbfiltresRegions\u00a0\u00bb][vc_empty_space height=\u00a0\u00bb41px\u00a0\u00bb][\/vc_column][\/vc_row][vc_row full_width=\u00a0\u00bbstretch_row\u00a0\u00bb css=\u00a0\u00bb.vc_custom_1543244818465{background-color: #f1f1f1 !important;}\u00a0\u00bb][vc_column css=\u00a0\u00bb.vc_custom_1543248422894{padding-top: 0px !important;padding-bottom: 0px !important;}\u00a0\u00bb][membres-regions position=\u00a0\u00bbhorizontal\u00a0\u00bb][\/vc_column][\/vc_row][vc_row css=\u00a0\u00bb.vc_custom_1543251053748{margin-bottom: 60px !important;}\u00a0\u00bb][vc_column css=\u00a0\u00bb.vc_custom_1543250618470{padding-top: 0px !important;}\u00a0\u00bb][membres-pays][\/vc_column][\/vc_row][vc_row][vc_column][vc_tta_accordion style=\u00a0\u00bbflat\u00a0\u00bb shape=\u00a0\u00bbsquare\u00a0\u00bb color=\u00a0\u00bbiohe-orange\u00a0\u00bb gap=\u00a0\u00bb35&Prime; c_icon=\u00a0\u00bbchevron\u00a0\u00bb c_position=\u00a0\u00bbright\u00a0\u00bb active_section=\u00a0\u00bb999&Prime; no_fill=\u00a0\u00bbtrue\u00a0\u00bb collapsible_all=\u00a0\u00bbtrue\u00a0\u00bb][vc_tta_section title=\u00a0\u00bbQuels sont les avantages \u00e0 \u00eatre membre de l&rsquo;OUI ?\u00a0\u00bb tab_id=\u00a0\u00bbInstitution\u00a0\u00bb][vc_column_text]\u00catre membre de l\u2019OUI\u00a0permet \u00e0 votre institution de b\u00e9n\u00e9ficier des opportunit\u00e9s suivantes:<\/p>\n<ul>\n<li>Int\u00e9grer un\u00a0<strong>forum d\u2019action et de r\u00e9flexion<\/strong>, jouant un r\u00f4le essentiel dans la construction et le d\u00e9veloppement de soci\u00e9t\u00e9s justes, \u00e9quitables et stables ;<\/li>\n<li>Faire partie d\u2019une\u00a0<strong>organisation internationalement reconnue,\u00a0<\/strong>la\u00a0seule\u00a0ayant\u00a0une perspective\u00a0interam\u00e9ricaine ;<\/li>\n<li>Contribuer \u00e0 la<strong> cr\u00e9ation d&rsquo;espaces communs d&rsquo;enseignement sup\u00e9rieur<\/strong> dans les Am\u00e9riques ;<\/li>\n<li>Participer \u00e0 nos nombreux\u00a0<strong>\u00e9v\u00e8nements acad\u00e9miques interam\u00e9ricain<\/strong><strong>s<\/strong> organis\u00e9s tous les ans \u00e0 travers les Am\u00e9riques et \u00e0 nos\u00a0<strong>missions universitaires\u00a0<\/strong>\u00e0 l\u2019\u00e9tranger ;<\/li>\n<li>Acc\u00e8s gratuit \u00e0 l&rsquo;<strong>Espace de mobilit\u00e9 virtuelle en enseignement sup\u00e9rieur (eMOVIES)<\/strong>;<\/li>\n<li>Avoir acc\u00e8s \u00e0 une\u00a0<strong>vari\u00e9t\u00e9 de produits et de services acad\u00e9miques <\/strong>;<\/li>\n<li>Prendre part \u00e0 de\u00a0<strong>nombreuses initiatives\u00a0<\/strong>li\u00e9es \u00e0 la coop\u00e9ration internationale\n<ul>\n<li>Le <strong>Congr\u00e8s des Am\u00e9riques sur l\u2019\u00e9ducation internationale<\/strong> (CAEI) :\u00a0un espace commun pour l\u2019enseignement sup\u00e9rieur dans les Am\u00e9riques ;<\/li>\n<li>Le <strong>Prix interam\u00e9ricain de mod\u00e8les \u00e9ducatifs innovateurs en enseignement sup\u00e9rieur<\/strong> (Prix MEIN)\u00a0: cr\u00e9er des ponts entre le milieu universitaire et les diff\u00e9rentes communaut\u00e9s et secteurs industriels ;<\/li>\n<li>La <strong>Conf\u00e9rence internationale de la connaissance et de l\u2019innovation<\/strong> (ciKi)\u00a0: promouvoir le d\u00e9veloppement m\u00e9thodologique et conceptuel, ainsi que la pratique en gestion des connaissances, en capital intellectuel et en gestion de l&rsquo;innovation.<\/li>\n<\/ul>\n<\/li>\n<li>Tirer parti de nombreuses\u00a0<strong>plateformes virtuelles<\/strong>, telles que le portail de l\u2019OUI\u00a0et autres sites de cours avec du contenu acad\u00e9mique attrayant essentiel aux membres de notre organisation.<\/li>\n<\/ul>\n<p>[\/vc_column_text][\/vc_tta_section][vc_tta_section title=\u00a0\u00bbCrit\u00e8res d&rsquo;adh\u00e9sion et cotisations\u00a0\u00bb tab_id=\u00a0\u00bbcriteres-adhesion\u00a0\u00bb][vc_column_text css=\u00a0\u00bb\u00a0\u00bb]<\/p>\n<h4 class=\"p1\"><span class=\"s1\">Cat\u00e9gories de membres<\/span><\/h4>\n<p>Il existe deux cat\u00e9gories de membres:<\/p>\n<ul>\n<li><strong>Membres r\u00e9guliers <\/strong>: Sont membres r\u00e9guliers les universit\u00e9s, les centres de recherche et les institutions d\u2019enseignement sup\u00e9rieur des Am\u00e9riques, reconnus par les lois respectives de leurs pays, faisant partie de l\u2019association nationale de leur pays, quand celle-ci existe, qui offrent un minimum de trois programmes de premier cycle et qui ont produit au moins deux g\u00e9n\u00e9rations de dipl\u00f4m\u00e9s. Les membres r\u00e9guliers peuvent participer aux instances administratives et intervenir \u00e0 l\u2019Assembl\u00e9e g\u00e9n\u00e9rale de l\u2019Organisation.<\/li>\n<\/ul>\n<p>&nbsp;<\/p>\n<ul>\n<li><strong>Membres associ\u00e9s<\/strong> : Sont membres associ\u00e9s les associations, les f\u00e9d\u00e9rations, les autres organismes d\u2019enseignement sup\u00e9rieur analogues, les entit\u00e9s gouvernementales, publiques, philanthropiques et priv\u00e9es, entre autres, de caract\u00e8re national, r\u00e9gional ou international, l\u00e9galement reconnus, et qui respectent les conditions des Statuts de l&rsquo;OUI.\u00a0 Les membres associ\u00e9s peuvent participer \u00e0 l\u2019Assembl\u00e9e g\u00e9n\u00e9rale mais n\u2019ont pas le droit de voter ni de si\u00e9ger dans les instances d\u00e9cisionnelles de l\u2019Organisation.<\/li>\n<\/ul>\n<p>Dans les deux cas, ils seront repr\u00e9sent\u00e9s par leurs mandataires l\u00e9gaux.<\/p>\n<h4 class=\"p1\">Comment devenir membre<\/h4>\n<p>Pour devenir un nouveau membre de l\u2019OUI, les \u00e9tapes \u00e0 suivre sont:<\/p>\n<ul>\n<li>Pr\u00e9senter une requ\u00eate \u00e9crite au Secr\u00e9tariat g\u00e9n\u00e9ral de l\u2019Organisation (<a href=\"mailto:sec.general@oui-iohe.org\">general@oui-iohe.org<\/a>) ;<\/li>\n<li>Justifier sa personnalit\u00e9 juridique en produisant la documentation n\u00e9cessaire, conform\u00e9ment aux lois de son pays ;<\/li>\n<li>D\u00e9montrer que les normes qui le r\u00e9gissent ne s\u2019opposent pas aux Statuts de l\u2019Organisation ;<\/li>\n<li>Offrir un minimum de trois programmes acad\u00e9miques formels \u00e0 l\u2019un ou l\u2019autre des diff\u00e9rents cycles de l\u2019enseignement sup\u00e9rieur, tels que reconnus par l\u2019Unesco comme \u00e9ducation universitaire ;<\/li>\n<li>Disposer de plans de d\u00e9veloppement institutionnel et de processus d\u2019auto-\u00e9valuation et d\u2019\u00e9valuation externe<\/li>\n<\/ul>\n<p>&nbsp;<\/p>\n<h4 class=\"p1\"><span class=\"s1\">Cotisations 2026<\/span><\/h4>\n<ul>\n<li><strong>Membres r\u00e9guliers<\/strong>:\n<ul>\n<li>Moins de 5 000 \u00e9tudiants : US$ 1380<\/li>\n<li>Entre 5 000 et 9 999 \u00e9tudiants : US$ 1865<\/li>\n<li>Entre 10 000 et 19 999 \u00e9tudiants : US$ 2195<\/li>\n<li>Plus de 20 000 \u00e9tudiants : US$ 2650<\/li>\n<li>Centres de recherche : US$ 820<\/li>\n<\/ul>\n<\/li>\n<\/ul>\n<p>&nbsp;<\/p>\n<ul>\n<li><strong>Membres associ\u00e9s<\/strong>\n<ul>\n<li>Associations, f\u00e9d\u00e9rations et autres organisations d\u2019enseignement sup\u00e9rieur au niveau r\u00e9gional, national et international: Exempt\u00e9es<\/li>\n<\/ul>\n<\/li>\n<\/ul>\n<p>&nbsp;<\/p>\n<p>Frais d\u2019adh\u00e9sion pour les nouveaux membres: US$ 550<\/p>\n<p>Les membres sont tenus de s\u2019acquitter chaque ann\u00e9e du paiement de leur cotisation.<\/p>\n<p>La cotisation doit \u00eatre pay\u00e9e en devise am\u00e9ricaine, au Secr\u00e9tariat g\u00e9n\u00e9ral de l\u2019OUI, \u00e0 Qu\u00e9bec, au Canada. Seule une d\u00e9cision du Conseil d\u2019Administration peut exceptionnellement modifier cette r\u00e8gle.<\/p>\n<p>De plus, la cotisation annuelle augmentera de 3 % par an conform\u00e9ment \u00e0 la r\u00e9solution adopt\u00e9e lors de la XXXVII\u00a0Assembl\u00e9e g\u00e9n\u00e9rale des membres de l&rsquo;OUI, qui s&rsquo;est tenue le 10 octobre 2017 \u00e0 Montr\u00e9al, Canada.<\/p>\n<p>Seuls les membres qui ont pay\u00e9 la cotisation de l\u2019ann\u00e9e en cours peuvent participer aux activit\u00e9s des programmes mises sur pied par l\u2019OUI.<\/p>\n<p>&nbsp;<\/p>\n<p>*La SGE se r\u00e9serve le droit d&rsquo;augmenter le montant de la cotisation annuelle pour les \u00e9tablissements soumis \u00e0 une taxe nationale afin de garantir que le montant per\u00e7u correspond au co\u00fbt r\u00e9el de la cotisation.[\/vc_column_text][\/vc_tta_section][vc_tta_section title=\u00a0\u00bbDemande d&rsquo;Adh\u00e9sion\u00a0\u00bb tab_id=\u00a0\u00bbadhesion\u00a0\u00bb][vc_row_inner][vc_column_inner][vc_column_text]Vous pouvez t\u00e9l\u00e9charger le formulaire d\u2019adh\u00e9sion correspondant \u00e0 votre organisation. Par la suite, vous devez le faire parvenir au Secr\u00e9tariat g\u00e9n\u00e9ral de l\u2019OUI :\u00a0<a href=\"mailto:sec.general@oui-iohe.org\">sec.general@oui-iohe.org<\/a><\/p>\n<p>Veuillez noter que toutes les demandes d&rsquo;adh\u00e9sion seront examin\u00e9es par le\u00a0secr\u00e9tariat g\u00e9n\u00e9ral ex\u00e9cutif, la Vice-pr\u00e9sidence r\u00e9gionale et le Conseil d&rsquo;administration. Les candidats seront inform\u00e9s dans les 30 jours quant\u00a0au statut de leur demande d&rsquo;adh\u00e9sion. L&rsquo;Assembl\u00e9e g\u00e9n\u00e9rale ratifie l&rsquo;adh\u00e9sion des nouveaux membres de l\u2019ann\u00e9e.[\/vc_column_text][\/vc_column_inner][\/vc_row_inner][vc_row_inner][vc_column_inner width=\u00a0\u00bb1\/2&Prime;][vc_column_text css=\u00a0\u00bb\u00a0\u00bb]<\/p>\n<h4 style=\"text-align: center;\">Membres r\u00e9guliers<\/h4>\n<p style=\"text-align: center;\">Pour les universit\u00e9s, les \u00e9tablissements d\u2019enseignement sup\u00e9rieur et les centres de recherches des Am\u00e9riques.<\/p>\n<p>[\/vc_column_text][\/vc_column_inner][vc_column_inner width=\u00a0\u00bb1\/2&Prime;][vc_column_text css=\u00a0\u00bb\u00a0\u00bb]<\/p>\n<h4 style=\"text-align: center;\">Membres associ\u00e9s<\/h4>\n<p style=\"text-align: center;\">Pour les associations, f\u00e9d\u00e9rations et autres organismes d\u2019enseignement sup\u00e9rieur \u00e0 caract\u00e8re r\u00e9gional, national ou international des Am\u00e9riques.<\/p>\n<p>[\/vc_column_text][\/vc_column_inner][\/vc_row_inner][vc_row_inner][vc_column_inner width=\u00a0\u00bb1\/2&Prime;][vc_btn title=\u00a0\u00bbT\u00e9l\u00e9charger le formulaire (Membre r\u00e9gulier)\u00a0\u00bb style=\u00a0\u00bbflat\u00a0\u00bb shape=\u00a0\u00bbsquare\u00a0\u00bb color=\u00a0\u00bbiohe-orange\u00a0\u00bb align=\u00a0\u00bbcenter\u00a0\u00bb link=\u00a0\u00bburl:https%3A%2F%2Foui-iohe.org%2Fwp-content%2Fuploads%2F2023%2F07%2Fform_adhF.doc||target:%20_blank|\u00a0\u00bb][\/vc_column_inner][vc_column_inner width=\u00a0\u00bb1\/2&Prime;][vc_btn title=\u00a0\u00bbT\u00e9l\u00e9charger le formulaire (Membre associ\u00e9)\u00a0\u00bb style=\u00a0\u00bbflat\u00a0\u00bb shape=\u00a0\u00bbsquare\u00a0\u00bb color=\u00a0\u00bbiohe-orange\u00a0\u00bb align=\u00a0\u00bbcenter\u00a0\u00bb link=\u00a0\u00bburl:https%3A%2F%2Foui-iohe.org%2Fwp-content%2Fuploads%2F2022%2F04%2Fform_adasocFR.pdf||target:%20_blank|\u00a0\u00bb][\/vc_column_inner][\/vc_row_inner][\/vc_tta_section][\/vc_tta_accordion][\/vc_column][\/vc_row]<\/p>\n<\/div>","protected":false},"excerpt":{"rendered":"<p>[vc_row css=\u00a0\u00bb.vc_custom_1542747685564{margin-bottom: 35px !important;}\u00a0\u00bb][vc_column][vc_custom_heading source=\u00a0\u00bbpost_title\u00a0\u00bb font_container=\u00a0\u00bbtag:h1|text_align:left\u00a0\u00bb use_theme_fonts=\u00a0\u00bbyes\u00a0\u00bb][\/vc_column][\/vc_row][vc_row][vc_column width=\u00a0\u00bb1\/2&Prime; offset=\u00a0\u00bbvc_hidden-xs\u00a0\u00bb][membre_pays_map][\/vc_column][vc_column width=\u00a0\u00bb1\/2&Prime;][vc_custom_heading text=\u00a0\u00bb+ 400&Prime; font_container=\u00a0\u00bbtag:h2|font_size:60px|text_align:center|color:%236fa317|line_height:60px\u00a0\u00bb google_fonts=\u00a0\u00bbfont_family:Roboto%3A100%2C100italic%2C300%2C300italic%2Cregular%2Citalic%2C500%2C500italic%2C700%2C700italic%2C900%2C900italic|font_style:900%20bold%20regular%3A900%3Anormal\u00a0\u00bb css=\u00a0\u00bb.vc_custom_1737668200216{margin-bottom: 0px !important;}\u00a0\u00bb el_class=\u00a0\u00bbno-accent\u00a0\u00bb][vc_custom_heading text=\u00a0\u00bbMEMBRES\u00a0\u00bb font_container=\u00a0\u00bbtag:h3|text_align:center|color:%236fa317|line_height:30pxdd\u00a0\u00bb [&hellip;]<\/p>\n","protected":false},"author":7,"featured_media":1267,"parent":0,"menu_order":0,"comment_status":"closed","ping_status":"closed","template":"page-membres.php","meta":{"_acf_changed":false,"_monsterinsights_skip_tracking":false,"_monsterinsights_sitenote_active":false,"_monsterinsights_sitenote_note":"","_monsterinsights_sitenote_category":0,"footnotes":""},"class_list":["post-16819","page","type-page","status-publish","has-post-thumbnail","hentry"],"acf":[],"aioseo_notices":[],"_links":{"self":[{"href":"https:\/\/oui-iohe.org\/fr\/wp-json\/wp\/v2\/pages\/16819","targetHints":{"allow":["GET"]}}],"collection":[{"href":"https:\/\/oui-iohe.org\/fr\/wp-json\/wp\/v2\/pages"}],"about":[{"href":"https:\/\/oui-iohe.org\/fr\/wp-json\/wp\/v2\/types\/page"}],"author":[{"embeddable":true,"href":"https:\/\/oui-iohe.org\/fr\/wp-json\/wp\/v2\/users\/7"}],"replies":[{"embeddable":true,"href":"https:\/\/oui-iohe.org\/fr\/wp-json\/wp\/v2\/comments?post=16819"}],"version-history":[{"count":38,"href":"https:\/\/oui-iohe.org\/fr\/wp-json\/wp\/v2\/pages\/16819\/revisions"}],"predecessor-version":[{"id":20929,"href":"https:\/\/oui-iohe.org\/fr\/wp-json\/wp\/v2\/pages\/16819\/revisions\/20929"}],"wp:featuredmedia":[{"embeddable":true,"href":"https:\/\/oui-iohe.org\/fr\/wp-json\/wp\/v2\/media\/1267"}],"wp:attachment":[{"href":"https:\/\/oui-iohe.org\/fr\/wp-json\/wp\/v2\/media?parent=16819"}],"curies":[{"name":"wp","href":"https:\/\/api.w.org\/{rel}","templated":true}]}}