{"id":18526,"date":"2022-03-15T16:56:31","date_gmt":"2022-03-15T20:56:31","guid":{"rendered":"https:\/\/oui-iohe.org\/convocatoria-unoesc-oui\/"},"modified":"2025-05-07T17:10:34","modified_gmt":"2025-05-07T21:10:34","slug":"appel-a-candidatures-unoesc-oui","status":"publish","type":"page","link":"https:\/\/oui-iohe.org\/fr\/appel-a-candidatures-unoesc-oui\/","title":{"rendered":"Appel \u00e0 candidatures UNOESC OUI"},"content":{"rendered":"<div class=\"wpb-content-wrapper\"><p>[vc_row][vc_column][vc_custom_heading text=\u00a0\u00bbProgramme Conjoint de Bourses de l&rsquo;OUI\u00a0\u00bb font_container=\u00a0\u00bbtag:h1|text_align:left\u00a0\u00bb use_theme_fonts=\u00a0\u00bbyes\u00a0\u00bb css=\u00a0\u00bb\u00a0\u00bb][vc_custom_heading text=\u00a0\u00bbAppel \u00e0 candidatures pour des bourses de ma\u00eetrise et de doctorat \u00e0 l\u2019Universidade do Oeste de Santa Catarina (UNOESC)\u00a0\u00bb use_theme_fonts=\u00a0\u00bbyes\u00a0\u00bb css=\u00a0\u00bb\u00a0\u00bb][\/vc_column][\/vc_row][vc_row][vc_column][vc_column_text css=\u00a0\u00bb\u00a0\u00bb]<span style=\"font-weight: 400;\">L&rsquo;Universidade do Oeste de Santa Catarina (UNOESC), Br\u00e9sil, et l&rsquo;Organisation Universitaire Interam\u00e9ricaine (OUI), offrent aux membres de l&rsquo;OUI qui sont en r\u00e8gle avec leurs obligations statutaires, <\/span><b>8 bourses de ma\u00eetrise et de doctorat<\/b><span style=\"font-weight: 400;\"> Stricto sensu pour le deuxi\u00e8me semestre de 2025 dans les programmes pr\u00e9sentiels en portugais suivants offerts par l&rsquo;UNOESC.<\/span>[\/vc_column_text][vc_column_text css=\u00a0\u00bb\u00a0\u00bb]<\/p>\n<h3><b>Offre acad\u00e9mique<\/b><\/h3>\n<ul>\n<li style=\"font-weight: 400;\" aria-level=\"1\"><span style=\"font-weight: 400;\">Ma\u00eetrise en administration (1 bourse)\u00a0<\/span><\/li>\n<li style=\"font-weight: 400;\" aria-level=\"1\"><span style=\"font-weight: 400;\">Ma\u00eetrise en biosciences et sant\u00e9 (1 bourse)\u00a0<\/span><\/li>\n<li style=\"font-weight: 400;\" aria-level=\"1\"><span style=\"font-weight: 400;\">Ma\u00eetrise en droit (1 bourse)\u00a0<\/span><\/li>\n<li style=\"font-weight: 400;\" aria-level=\"1\"><span style=\"font-weight: 400;\">Ma\u00eetrise en \u00e9ducation (1 bourse)\u00a0<\/span><\/li>\n<li style=\"font-weight: 400;\" aria-level=\"1\"><span style=\"font-weight: 400;\">Ma\u00eetrise en sant\u00e9 et production animales (1 bourse)\u00a0<\/span><\/li>\n<li style=\"font-weight: 400;\" aria-level=\"1\"><span style=\"font-weight: 400;\">Doctorat en administration (1 bourse)\u00a0<\/span><\/li>\n<li style=\"font-weight: 400;\" aria-level=\"1\"><span style=\"font-weight: 400;\">Doctorat en biosciences et sant\u00e9 (1 bourse)\u00a0<\/span><\/li>\n<li style=\"font-weight: 400;\" aria-level=\"1\"><span style=\"font-weight: 400;\">Doctorat en droit (1 bourse)\u00a0<\/span><\/li>\n<li style=\"font-weight: 400;\" aria-level=\"1\"><span style=\"font-weight: 400;\">Doctorat en \u00e9ducation (1 bourse)<\/span><\/li>\n<\/ul>\n<p>[\/vc_column_text][vc_column_text css=\u00a0\u00bb\u00a0\u00bb]<\/p>\n<h3><b>Caract\u00e9ristiques de la bourse<\/b><\/h3>\n<ul>\n<li style=\"font-weight: 400;\" aria-level=\"1\"><span style=\"font-weight: 400;\">La bourse s&rsquo;adresse au personnel acad\u00e9mique, gestionnaires ou administrateurs des \u00e9tablissements d&rsquo;enseignement sup\u00e9rieur membres de l&rsquo;OUI dont la nationalit\u00e9 n&rsquo;est pas br\u00e9silienne*.<\/span><\/li>\n<li style=\"font-weight: 400;\" aria-level=\"1\"><span style=\"font-weight: 400;\">La bourse couvre 100 % des frais de scolarit\u00e9.<\/span><\/li>\n<li style=\"font-weight: 400;\" aria-level=\"1\"><span style=\"font-weight: 400;\">Les programmes sont offerts en pr\u00e9sentiel et une pr\u00e9sence d&rsquo;au moins 75 % est requise.<\/span><\/li>\n<li style=\"font-weight: 400;\" aria-level=\"1\"><span style=\"font-weight: 400;\">Le co\u00fbt mensuel du logement et de la nourriture pour une personne seule est estim\u00e9 \u00e0 R$2.500,00 (environ 450 &#8211; 500 USD)\u00a0 lequel est \u00e0 la charge du b\u00e9n\u00e9ficiaire.<\/span><\/li>\n<li style=\"font-weight: 400;\" aria-level=\"1\"><span style=\"font-weight: 400;\">Les cours sont dispens\u00e9s en portugais. Bien que la candidature ne n\u00e9cessite pas de preuve de ma\u00eetrise du portugais, si la personne b\u00e9n\u00e9ficiaire souhaite am\u00e9liorer ses comp\u00e9tences linguistiques dans cette langue, l&rsquo;UNOESC peut lui fournir des informations sur des cours externes et suppl\u00e9mentaires.<\/span><\/li>\n<\/ul>\n<p><span style=\"font-weight: 400;\">*Appel ouvert uniquement aux \u00e9trangers qui ne sont pas des ressortissants br\u00e9siliens.<\/span>[\/vc_column_text][\/vc_column][\/vc_row][vc_row][vc_column][vc_toggle title=\u00a0\u00bbExigences\u00a0\u00bb style=\u00a0\u00bbround_outline\u00a0\u00bb color=\u00a0\u00bbgreen\u00a0\u00bb size=\u00a0\u00bblg\u00a0\u00bb css=\u00a0\u00bb\u00a0\u00bb]<\/p>\n<table>\n<tbody>\n<tr>\n<td><strong>English<\/strong><\/td>\n<td>T\u00e9l\u00e9chargeable: <a href=\"https:\/\/docs.google.com\/document\/d\/1d1ccvySs8jrswP_egTejocWIfw0EghkL\/edit?usp=drive_link&amp;ouid=117956951006701233761&amp;rtpof=true&amp;sd=true\">https:\/\/docs.google.com\/document\/d\/1d1ccvySs8jrswP_egTejocWIfw0EghkL\/edit?usp=drive_link&amp;ouid=117956951006701233761&amp;rtpof=true&amp;sd=true<\/a><\/td>\n<\/tr>\n<tr>\n<td><strong>Espa\u00f1ol<\/strong><\/td>\n<td>T\u00e9l\u00e9chargeable: <a href=\"https:\/\/docs.google.com\/document\/d\/1Cl9YOG1YI5UGgxhG4y-TbffZJYRjMFyn\/edit?usp=drive_link&amp;ouid=117956951006701233761&amp;rtpof=true&amp;sd=true\">https:\/\/docs.google.com\/document\/d\/1Cl9YOG1YI5UGgxhG4y-TbffZJYRjMFyn\/edit?usp=drive_link&amp;ouid=117956951006701233761&amp;rtpof=true&amp;sd=true<\/a><\/td>\n<\/tr>\n<tr>\n<td><strong>Portugu\u00eas<\/strong><\/td>\n<td>T\u00e9l\u00e9chargeable: <a href=\"https:\/\/docs.google.com\/document\/d\/14kKgkwELU17nD1k52fSnPEqikw4N3Cfq\/edit?usp=drive_link&amp;ouid=117956951006701233761&amp;rtpof=true&amp;sd=true\">https:\/\/docs.google.com\/document\/d\/14kKgkwELU17nD1k52fSnPEqikw4N3Cfq\/edit?usp=drive_link&amp;ouid=117956951006701233761&amp;rtpof=true&amp;sd=true<\/a><\/td>\n<\/tr>\n<\/tbody>\n<\/table>\n<p>[\/vc_toggle][vc_column_text css=\u00a0\u00bb\u00a0\u00bb]<\/p>\n<h3><b>Proc\u00e9dure de s\u00e9lection<\/b><\/h3>\n<p><span style=\"font-weight: 400;\">Le processus de s\u00e9lection comprend trois phases d&rsquo;\u00e9valuation:<\/span><\/p>\n<ol>\n<li style=\"font-weight: 400;\" aria-level=\"1\"><span style=\"font-weight: 400;\">Remise compl\u00e8te de tous les documents demand\u00e9s dans le dossier de candidature, \u00e0 caract\u00e8re \u00e9liminatoire. Elle aura un poids de 30% dans la composition de la note finale;<\/span><\/li>\n<li style=\"font-weight: 400;\" aria-level=\"1\"><span style=\"font-weight: 400;\">\u00c9valuation du curriculum vitae, \u00e0 caract\u00e8re de classement. Elle aura un poids de 30% dans la composition de la note finale;<\/span><\/li>\n<li style=\"font-weight: 400;\" aria-level=\"1\"><span style=\"font-weight: 400;\">Entretien, ayant pour objectif la recherche pr\u00e9alable \u00e0 la r\u00e9daction et au m\u00e9moire, \u00e0 caract\u00e8re de classement. Elle aura un poids de 40% dans la composition de la note finale.<\/span><\/li>\n<\/ol>\n<p>[\/vc_column_text][vc_column_text css=\u00a0\u00bb\u00a0\u00bb]<b>Calendrier de soumission des demandes et de la documentation<\/b><\/p>\n<p><span style=\"font-weight: 400;\">Les personnes qui remplissent le formulaire d&rsquo;inscription en ligne recevront des instructions sur la mani\u00e8re de poursuivre la proc\u00e9dure selon le calendrier suivant:<\/span><\/p>\n<table>\n<tbody>\n<tr>\n<td>\n<p style=\"text-align: center;\"><b>Exigence<\/b><\/p>\n<\/td>\n<td>\n<p style=\"text-align: center;\"><b>Date limite<\/b><\/p>\n<\/td>\n<\/tr>\n<tr>\n<td><span style=\"font-weight: 400;\">Enregistrement de la demande (formulaire en ligne)<\/span><\/td>\n<td><span style=\"font-weight: 400;\">10 juin<\/span><\/td>\n<\/tr>\n<tr>\n<td><span style=\"font-weight: 400;\">Envoi de la documentation<\/span><\/td>\n<td><span style=\"font-weight: 400;\">18 &#8211; 25 juin<\/span><\/td>\n<\/tr>\n<tr>\n<td><span style=\"font-weight: 400;\">\u00c9valuation et s\u00e9lection des candidats<\/span><\/td>\n<td><span style=\"font-weight: 400;\">30 juin &#8211; 4 juillet<\/span><\/td>\n<\/tr>\n<tr>\n<td><span style=\"font-weight: 400;\">P\u00e9riode d\u2019entrevues<\/span><\/td>\n<td><span style=\"font-weight: 400;\">7 &#8211; 14 juillet<\/span><\/td>\n<\/tr>\n<tr>\n<td><span style=\"font-weight: 400;\">Communication des r\u00e9sultats<\/span><\/td>\n<td><span style=\"font-weight: 400;\">18 juillet<\/span><\/td>\n<\/tr>\n<tr>\n<td><span style=\"font-weight: 400;\">Processus d&rsquo;inscription<\/span><\/td>\n<td><span style=\"font-weight: 400;\">21 &#8211; 25 juillet<\/span><\/td>\n<\/tr>\n<tr>\n<td><span style=\"font-weight: 400;\">D\u00e9but des cours en pr\u00e9sentiel<\/span><\/td>\n<td><span style=\"font-weight: 400;\">4 ao\u00fbt 2025<\/span><\/td>\n<\/tr>\n<\/tbody>\n<\/table>\n<p>[\/vc_column_text][\/vc_column][\/vc_row][vc_row][vc_column][vc_toggle title=\u00a0\u00bbSyllabus\u00a0\u00bb style=\u00a0\u00bbround_outline\u00a0\u00bb color=\u00a0\u00bbgreen\u00a0\u00bb size=\u00a0\u00bblg\u00a0\u00bb css=\u00a0\u00bb\u00a0\u00bb]<\/p>\n<table>\n<tbody>\n<tr>\n<td colspan=\"2\"><span style=\"font-weight: 400;\">Les informations sont susceptibles d&rsquo;\u00eatre modifi\u00e9es par l&rsquo;UNOESC.<\/span><\/td>\n<\/tr>\n<tr>\n<td><b>Master en Administration<\/b><\/td>\n<td><span style=\"font-weight: 400;\">T\u00e9l\u00e9chargeable:<\/span><\/p>\n<p><span style=\"font-weight: 400;\">ENG: <\/span><a href=\"https:\/\/drive.google.com\/file\/d\/1UEU3ZXEeYZYS0yVcIYgUIUa2rhR1XeZ8\/view?usp=drive_link\"><span style=\"font-weight: 400;\">https:\/\/drive.google.com\/file\/d\/1UEU3ZXEeYZYS0yVcIYgUIUa2rhR1XeZ8\/view?usp=drive_link<\/span><\/a><span style=\"font-weight: 400;\">\u00a0<\/span><\/p>\n<p><span style=\"font-weight: 400;\">ESP: <\/span><a href=\"https:\/\/drive.google.com\/file\/d\/1ukS-_Oj07dNo2Ujr6B6C1-CMn-Y2lZ2r\/view?usp=sharing\"><span style=\"font-weight: 400;\">https:\/\/drive.google.com\/file\/d\/1ukS-_Oj07dNo2Ujr6B6C1-CMn-Y2lZ2r\/view?usp=sharing<\/span><\/a><span style=\"font-weight: 400;\">\u00a0<\/span><\/p>\n<p><span style=\"font-weight: 400;\">POR: <\/span><a href=\"https:\/\/drive.google.com\/file\/d\/1LjEjH0hByxAWmQjupetGxD9R6xqbB0A_\/view?usp=drive_link\"><span style=\"font-weight: 400;\">https:\/\/drive.google.com\/file\/d\/1LjEjH0hByxAWmQjupetGxD9R6xqbB0A_\/view?usp=drive_link<\/span><\/a><span style=\"font-weight: 400;\">\u00a0<\/span><\/td>\n<\/tr>\n<tr>\n<td><b>Master en Biosciences et Sant\u00e9<\/b><\/td>\n<td><span style=\"font-weight: 400;\">T\u00e9l\u00e9chargeable:<\/span><\/p>\n<p><span style=\"font-weight: 400;\">ENG: <\/span><a href=\"https:\/\/drive.google.com\/file\/d\/1-h2fJVR0OaYfX7ZlFGoDqu1Yj9ehimc7\/view?usp=share_link\"><span style=\"font-weight: 400;\">https:\/\/drive.google.com\/file\/d\/1-h2fJVR0OaYfX7ZlFGoDqu1Yj9ehimc7\/view?usp=share_link<\/span><\/a><span style=\"font-weight: 400;\">\u00a0<\/span><\/p>\n<p><span style=\"font-weight: 400;\">ESP: <\/span><a href=\"https:\/\/drive.google.com\/file\/d\/1iw6NRxr_UUPBX_EaVhAZeqOa1_Y3lGzI\/view?usp=sharing\"><span style=\"font-weight: 400;\">https:\/\/drive.google.com\/file\/d\/1iw6NRxr_UUPBX_EaVhAZeqOa1_Y3lGzI\/view?usp=sharing<\/span><\/a><span style=\"font-weight: 400;\">\u00a0<\/span><\/p>\n<p><span style=\"font-weight: 400;\">POR: <\/span><a href=\"https:\/\/drive.google.com\/file\/d\/1obN-RJAsZ6xLCUkaZAcQBaNb_Q1C-Rp6\/view?usp=share_link\"><span style=\"font-weight: 400;\">https:\/\/drive.google.com\/file\/d\/1obN-RJAsZ6xLCUkaZAcQBaNb_Q1C-Rp6\/view?usp=share_link<\/span><\/a><\/td>\n<\/tr>\n<tr>\n<td><b>Master et Doctorat en Droit<\/b><\/td>\n<td><span style=\"font-weight: 400;\">T\u00e9l\u00e9chargeable:<\/span><\/p>\n<p><span style=\"font-weight: 400;\">ENG: <\/span><a href=\"https:\/\/drive.google.com\/file\/d\/1tBiVUbt6j_8Z0dBpZjxgxcbrcnWzvoNk\/view?usp=share_link\"><span style=\"font-weight: 400;\">https:\/\/drive.google.com\/file\/d\/1tBiVUbt6j_8Z0dBpZjxgxcbrcnWzvoNk\/view?usp=share_link<\/span><\/a><span style=\"font-weight: 400;\">\u00a0<\/span><\/p>\n<p><span style=\"font-weight: 400;\">ESP: <\/span><a href=\"https:\/\/drive.google.com\/file\/d\/1IUBeksa95BErM7DTwOrl5leFGRVAvAKy\/view?usp=sharing\"><span style=\"font-weight: 400;\">https:\/\/drive.google.com\/file\/d\/1IUBeksa95BErM7DTwOrl5leFGRVAvAKy\/view?usp=sharing<\/span><\/a><span style=\"font-weight: 400;\">\u00a0<\/span><\/p>\n<p><span style=\"font-weight: 400;\">POR: <\/span><a href=\"https:\/\/drive.google.com\/file\/d\/1PYDH2hqqlwBBqJQH6H3nLBmXu5mBo3zn\/view?usp=share_link\"><span style=\"font-weight: 400;\">https:\/\/drive.google.com\/file\/d\/1PYDH2hqqlwBBqJQH6H3nLBmXu5mBo3zn\/view?usp=share_link<\/span><\/a><\/td>\n<\/tr>\n<tr>\n<td><b>Master et Doctorat en \u00c9ducation<\/b><\/td>\n<td><span style=\"font-weight: 400;\">T\u00e9l\u00e9chargeable:<\/span><\/p>\n<p><span style=\"font-weight: 400;\">ENG: <\/span><a href=\"https:\/\/drive.google.com\/file\/d\/1evHeqOCZgbLJ6rkW4crEyNU0IKyNuz-J\/view?usp=drive_link\"><span style=\"font-weight: 400;\">https:\/\/drive.google.com\/file\/d\/1evHeqOCZgbLJ6rkW4crEyNU0IKyNuz-J\/view?usp=drive_link<\/span><\/a><span style=\"font-weight: 400;\">\u00a0<\/span><\/p>\n<p><span style=\"font-weight: 400;\">ESP: <\/span><a href=\"https:\/\/drive.google.com\/file\/d\/1q4MZzPrU_IyL3K0HueP987UBRVqi59_k\/view?usp=drive_link\"><span style=\"font-weight: 400;\">https:\/\/drive.google.com\/file\/d\/1q4MZzPrU_IyL3K0HueP987UBRVqi59_k\/view?usp=drive_link<\/span><\/a><span style=\"font-weight: 400;\">\u00a0<\/span><\/p>\n<p><span style=\"font-weight: 400;\">POR: <\/span><a href=\"https:\/\/drive.google.com\/file\/d\/1OE85_nJYkL_p_3_hoEwInf4G79jvDPaA\/view?usp=drive_link\"><span style=\"font-weight: 400;\">https:\/\/drive.google.com\/file\/d\/1OE85_nJYkL_p_3_hoEwInf4G79jvDPaA\/view?usp=drive_link<\/span><\/a><span style=\"font-weight: 400;\">\u00a0<\/span><\/td>\n<\/tr>\n<tr>\n<td><b>Master en Sant\u00e9 et Production Animales<\/b><\/td>\n<td><span style=\"font-weight: 400;\">T\u00e9l\u00e9chargeable:<\/span><\/p>\n<p><span style=\"font-weight: 400;\">ENG: <\/span><a href=\"https:\/\/drive.google.com\/file\/d\/1zFA-2cldkbk587CfeY22gz9BwAifJ7S8\/view?usp=sharing\"><span style=\"font-weight: 400;\">https:\/\/drive.google.com\/file\/d\/1zFA-2cldkbk587CfeY22gz9BwAifJ7S8\/view?usp=sharing<\/span><\/a><span style=\"font-weight: 400;\">\u00a0<\/span><\/p>\n<p><span style=\"font-weight: 400;\">ESP: <\/span><a href=\"https:\/\/drive.google.com\/file\/d\/1H80yDFrgCLOd4ME00hSpjKHcw6tO_lTn\/view?usp=sharing\"><span style=\"font-weight: 400;\">https:\/\/drive.google.com\/file\/d\/1H80yDFrgCLOd4ME00hSpjKHcw6tO_lTn\/view?usp=sharing<\/span><\/a><span style=\"font-weight: 400;\">\u00a0<\/span><\/p>\n<p><span style=\"font-weight: 400;\">POR: <\/span><a href=\"https:\/\/drive.google.com\/file\/d\/1nKOamIcAiEZHWtr99E7-1xVvFmy8T-Mb\/view?usp=share_link\"><span style=\"font-weight: 400;\">https:\/\/drive.google.com\/file\/d\/1nKOamIcAiEZHWtr99E7-1xVvFmy8T-Mb\/view?usp=share_link<\/span><\/a><span style=\"font-weight: 400;\">\u00a0\u00a0<\/span><\/td>\n<\/tr>\n<tr>\n<td><b>Doctorat en Administration<\/b><\/td>\n<td><span style=\"font-weight: 400;\">T\u00e9l\u00e9chargeable:<\/span><\/p>\n<p><span style=\"font-weight: 400;\">ENG: <\/span><a href=\"https:\/\/drive.google.com\/file\/d\/14gMgFaBUERgq3Z05QNCstbfKajQDMekW\/view?usp=drive_link\"><span style=\"font-weight: 400;\">https:\/\/drive.google.com\/file\/d\/14gMgFaBUERgq3Z05QNCstbfKajQDMekW\/view?usp=drive_link<\/span><\/a><span style=\"font-weight: 400;\">\u00a0<\/span><\/p>\n<p><span style=\"font-weight: 400;\">ESP: <\/span><a href=\"https:\/\/drive.google.com\/file\/d\/1J_SqO2WEMI92Kp2hn8wy4NvCJwCGLslR\/view?usp=drive_link\"><span style=\"font-weight: 400;\">https:\/\/drive.google.com\/file\/d\/1J_SqO2WEMI92Kp2hn8wy4NvCJwCGLslR\/view?usp=drive_link<\/span><\/a><span style=\"font-weight: 400;\">\u00a0<\/span><\/p>\n<p><span style=\"font-weight: 400;\">POR: <\/span><a href=\"https:\/\/drive.google.com\/file\/d\/1LbO2KedptkpinlvgKh0NBusKP3Ym4OWg\/view?usp=drive_link\"><span style=\"font-weight: 400;\">https:\/\/drive.google.com\/file\/d\/1LbO2KedptkpinlvgKh0NBusKP3Ym4OWg\/view?usp=drive_link<\/span><\/a><span style=\"font-weight: 400;\">\u00a0<\/span><\/td>\n<\/tr>\n<\/tbody>\n<\/table>\n<p>[\/vc_toggle][\/vc_column][\/vc_row][vc_row][vc_column][vc_empty_space][\/vc_column][\/vc_row][vc_row][vc_column][vc_btn title=\u00a0\u00bbPOSTULEZ ICI\u00a0\u00bb style=\u00a0\u00bbflat\u00a0\u00bb shape=\u00a0\u00bbsquare\u00a0\u00bb color=\u00a0\u00bbiohe-orange\u00a0\u00bb align=\u00a0\u00bbcenter\u00a0\u00bb css=\u00a0\u00bb\u00a0\u00bb link=\u00a0\u00bburl:https%3A%2F%2Fdocs.google.com%2Fforms%2Fd%2Fe%2F1FAIpQLSd8Sgw5gYS0RS_HTDZsWNSeUTd-fWU0Y5LwUOqIeP2d1IdVzw%2Fviewform%3Fusp%3Dsf_link%20|target:_blank\u00a0\u00bb][\/vc_column][\/vc_row]<\/p>\n<\/div>","protected":false},"excerpt":{"rendered":"<p>[vc_row][vc_column][vc_custom_heading text=\u00a0\u00bbProgramme Conjoint de Bourses de l&rsquo;OUI\u00a0\u00bb font_container=\u00a0\u00bbtag:h1|text_align:left\u00a0\u00bb use_theme_fonts=\u00a0\u00bbyes\u00a0\u00bb css=\u00a0\u00bb\u00a0\u00bb][vc_custom_heading text=\u00a0\u00bbAppel \u00e0 candidatures pour des bourses de ma\u00eetrise et de [&hellip;]<\/p>\n","protected":false},"author":4,"featured_media":0,"parent":0,"menu_order":0,"comment_status":"closed","ping_status":"closed","template":"","meta":{"_acf_changed":false,"_monsterinsights_skip_tracking":false,"_monsterinsights_sitenote_active":false,"_monsterinsights_sitenote_note":"","_monsterinsights_sitenote_category":0,"footnotes":""},"class_list":["post-18526","page","type-page","status-publish","hentry"],"acf":[],"aioseo_notices":[],"_links":{"self":[{"href":"https:\/\/oui-iohe.org\/fr\/wp-json\/wp\/v2\/pages\/18526","targetHints":{"allow":["GET"]}}],"collection":[{"href":"https:\/\/oui-iohe.org\/fr\/wp-json\/wp\/v2\/pages"}],"about":[{"href":"https:\/\/oui-iohe.org\/fr\/wp-json\/wp\/v2\/types\/page"}],"author":[{"embeddable":true,"href":"https:\/\/oui-iohe.org\/fr\/wp-json\/wp\/v2\/users\/4"}],"replies":[{"embeddable":true,"href":"https:\/\/oui-iohe.org\/fr\/wp-json\/wp\/v2\/comments?post=18526"}],"version-history":[{"count":3,"href":"https:\/\/oui-iohe.org\/fr\/wp-json\/wp\/v2\/pages\/18526\/revisions"}],"predecessor-version":[{"id":18529,"href":"https:\/\/oui-iohe.org\/fr\/wp-json\/wp\/v2\/pages\/18526\/revisions\/18529"}],"wp:attachment":[{"href":"https:\/\/oui-iohe.org\/fr\/wp-json\/wp\/v2\/media?parent=18526"}],"curies":[{"name":"wp","href":"https:\/\/api.w.org\/{rel}","templated":true}]}}