{"id":18532,"date":"2021-01-27T16:28:04","date_gmt":"2021-01-27T21:28:04","guid":{"rendered":"https:\/\/oui-iohe.org\/becas-oui\/"},"modified":"2025-05-07T18:18:19","modified_gmt":"2025-05-07T22:18:19","slug":"bourses-oui","status":"publish","type":"page","link":"https:\/\/oui-iohe.org\/fr\/bourses-oui\/","title":{"rendered":"Bourses OUI"},"content":{"rendered":"<div class=\"wpb-content-wrapper\"><p>[vc_row][vc_column][vc_custom_heading text=\u00a0\u00bbProgramme de Bourses de l&rsquo;OUI\u00a0\u00bb font_container=\u00a0\u00bbtag:h1|text_align:left\u00a0\u00bb use_theme_fonts=\u00a0\u00bbyes\u00a0\u00bb css=\u00a0\u00bb\u00a0\u00bb][\/vc_column][\/vc_row][vc_row][vc_column][vc_column_text css=\u00a0\u00bb\u00a0\u00bb]Conscients des grands d\u00e9fis auxquels le domaine de l&rsquo;enseignement sup\u00e9rieur est confront\u00e9, et sur la base de nos valeurs de solidarit\u00e9, de coop\u00e9ration et d&rsquo;interam\u00e9ricanisme, nous pr\u00e9sentons le <strong>Programme de bourses de l&rsquo;OUI<\/strong>, qui vise \u00e0 renforcer les \u00e9tablissements d&rsquo;enseignement sup\u00e9rieur membres de l&rsquo;OUI, en facilitant l&rsquo;acc\u00e8s \u00e0 leurs activit\u00e9s de formation par l&rsquo;octroi de bourses totales et partielles.[\/vc_column_text][\/vc_column][\/vc_row][vc_row color=\u00a0\u00bbiohe-orange\u00a0\u00bb align=\u00a0\u00bbalign_center\u00a0\u00bb style=\u00a0\u00bb\u00a0\u00bb border_width=\u00a0\u00bb6&Prime; el_width=\u00a0\u00bb\u00a0\u00bb accent_color=\u00a0\u00bb\u00a0\u00bb][vc_column][vc_empty_space height=\u00a0\u00bb22px\u00a0\u00bb][\/vc_column][\/vc_row][vc_row][vc_column][vc_custom_heading text=\u00a0\u00bbAppels conjoints 2025&Prime; use_theme_fonts=\u00a0\u00bbyes\u00a0\u00bb css=\u00a0\u00bb\u00a0\u00bb][vc_column_text css=\u00a0\u00bb\u00a0\u00bb]En partenariat avec les institutions membres de l&rsquo;OUI, nous offrons p\u00e9riodiquement des bourses conjointes au niveau du master et du doctorat visant \u00e0 renforcer les capacit\u00e9s de nos EES affili\u00e9s.[\/vc_column_text][vc_column_text css=\u00a0\u00bb\u00a0\u00bb]<\/p>\n<ul>\n<li><a href=\"https:\/\/oui-iohe.org\/fr\/appel-a-candidatures-unoesc-oui\/\">Appel \u00e0 candidatures pour des bourses de ma\u00eetrise et de doctorat \u00e0 l\u2019Universidade do Oeste de Santa Catarina (UNOESC)<\/a><\/li>\n<\/ul>\n<p>[\/vc_column_text][\/vc_column][\/vc_row][vc_row][vc_column][vc_empty_space][\/vc_column][\/vc_row][vc_row][vc_column][vc_tta_accordion style=\u00a0\u00bbflat\u00a0\u00bb shape=\u00a0\u00bbsquare\u00a0\u00bb color=\u00a0\u00bbiohe-orange\u00a0\u00bb gap=\u00a0\u00bb35&Prime; c_icon=\u00a0\u00bbchevron\u00a0\u00bb c_position=\u00a0\u00bbright\u00a0\u00bb active_section=\u00a0\u00bb999&Prime; no_fill=\u00a0\u00bbtrue\u00a0\u00bb collapsible_all=\u00a0\u00bbtrue\u00a0\u00bb][vc_tta_section title=\u00a0\u00bbFoire aux questions\u00a0\u00bb tab_id=\u00a0\u00bb1616617597105-90e7e2f9-daa1&Prime;][vc_column_text css=\u00a0\u00bb\u00a0\u00bb]<strong>1. Quel est le nombre de bourses accord\u00e9es par un \u00e9tablissement d&rsquo;enseignement sup\u00e9rieur (EES) dans le cadre d&rsquo;une activit\u00e9 de formation ?<\/strong><\/p>\n<p>Une bourse sera attribu\u00e9e par IES en respectant le nombre maximum de bourses attribu\u00e9es \u00e0 chaque activit\u00e9 de formation.<\/p>\n<p><strong>2. Est-il possible de demander une m\u00eame bourse pour diff\u00e9rents cours ?<\/strong><\/p>\n<p>Si votre \u00e9tablissement a demand\u00e9 une bourse pour participer \u00e0 une activit\u00e9 de formation et que le candidat n&rsquo;a pas \u00e9t\u00e9 choisi comme b\u00e9n\u00e9ficiaire, vous pouvez soumettre une nouvelle demande pour une autre activit\u00e9 de formation.<\/p>\n<p>Si un candidat a b\u00e9n\u00e9fici\u00e9 d&rsquo;une bourse, il ne peut plus pr\u00e9senter sa candidature \u00e0 une autre activit\u00e9 de formation, mais son \u00e9tablissement peut solliciter un autre repr\u00e9sentant. La priorit\u00e9 sera donn\u00e9e aux nouvelles candidatures institutionnelles, c&rsquo;est-\u00e0-dire \u00e0 celles provenant d&rsquo;EES qui n&rsquo;ont pas encore demand\u00e9 de bourse, mais la possibilit\u00e9 de choisir un EES pr\u00e9c\u00e9demment b\u00e9n\u00e9ficiaire sera maintenue s&rsquo;il y a de la place disponible.<\/p>\n<p><strong>3. Est-il obligatoire d&rsquo;avoir le soutien de mon institution ?<\/strong><\/p>\n<p>Oui, il est n\u00e9cessaire d&rsquo;avoir la lettre de soutien de l&rsquo;institution.<\/p>\n<p><strong>4. Un \u00e9tudiant d&rsquo;un \u00e9tablissement d&rsquo;enseignement sup\u00e9rieur membre peut-il postuler au programme de bourses ?<\/strong><\/p>\n<p>Non, le programme de bourses de l&rsquo;OUI s&rsquo;adresse uniquement au personnel enseignant, administratif ou de gestion des \u00e9tablissements d&rsquo;enseignement sup\u00e9rieur membres de l&rsquo;OUI.<\/p>\n<p><strong>5. J&rsquo;ai rempli le formulaire de manifestation d&rsquo;int\u00e9r\u00eat. Je dois \u00e9galement remplir le formulaire de demande de bourse.<\/strong><\/p>\n<p>Oui, vous devez \u00e9galement remplir le formulaire de candidature. Le formulaire d&rsquo;expression d&rsquo;int\u00e9r\u00eat fournit des informations importantes \u00e0 l&rsquo;OUI concernant le degr\u00e9 d&rsquo;int\u00e9r\u00eat pour les activit\u00e9s de formation, mais ne constitue PAS une candidature ou une demande de bourse.<\/p>\n<p><strong>6. Quelle est la date limite pour demander une bourse et la date limite \u00e0 laquelle l&rsquo;OUI communiquera l&rsquo;attribution de ces avantages ?<\/strong><\/p>\n<p>L&rsquo;appel pour chaque activit\u00e9 de formation indiquera la date limite de candidature ainsi que les dates pour r\u00e9pondre \u00e0 la demande.[\/vc_column_text][\/vc_tta_section][\/vc_tta_accordion][\/vc_column][\/vc_row]<\/p>\n<\/div>","protected":false},"excerpt":{"rendered":"<p>[vc_row][vc_column][vc_custom_heading text=\u00a0\u00bbProgramme de Bourses de l&rsquo;OUI\u00a0\u00bb font_container=\u00a0\u00bbtag:h1|text_align:left\u00a0\u00bb use_theme_fonts=\u00a0\u00bbyes\u00a0\u00bb css=\u00a0\u00bb\u00a0\u00bb][\/vc_column][\/vc_row][vc_row][vc_column][vc_column_text css=\u00a0\u00bb\u00a0\u00bb]Conscients des grands d\u00e9fis auxquels le domaine de l&rsquo;enseignement sup\u00e9rieur est [&hellip;]<\/p>\n","protected":false},"author":4,"featured_media":0,"parent":0,"menu_order":0,"comment_status":"closed","ping_status":"closed","template":"","meta":{"_acf_changed":false,"_monsterinsights_skip_tracking":false,"_monsterinsights_sitenote_active":false,"_monsterinsights_sitenote_note":"","_monsterinsights_sitenote_category":0,"footnotes":""},"class_list":["post-18532","page","type-page","status-publish","hentry"],"acf":[],"aioseo_notices":[],"_links":{"self":[{"href":"https:\/\/oui-iohe.org\/fr\/wp-json\/wp\/v2\/pages\/18532","targetHints":{"allow":["GET"]}}],"collection":[{"href":"https:\/\/oui-iohe.org\/fr\/wp-json\/wp\/v2\/pages"}],"about":[{"href":"https:\/\/oui-iohe.org\/fr\/wp-json\/wp\/v2\/types\/page"}],"author":[{"embeddable":true,"href":"https:\/\/oui-iohe.org\/fr\/wp-json\/wp\/v2\/users\/4"}],"replies":[{"embeddable":true,"href":"https:\/\/oui-iohe.org\/fr\/wp-json\/wp\/v2\/comments?post=18532"}],"version-history":[{"count":4,"href":"https:\/\/oui-iohe.org\/fr\/wp-json\/wp\/v2\/pages\/18532\/revisions"}],"predecessor-version":[{"id":18537,"href":"https:\/\/oui-iohe.org\/fr\/wp-json\/wp\/v2\/pages\/18532\/revisions\/18537"}],"wp:attachment":[{"href":"https:\/\/oui-iohe.org\/fr\/wp-json\/wp\/v2\/media?parent=18532"}],"curies":[{"name":"wp","href":"https:\/\/api.w.org\/{rel}","templated":true}]}}