{"id":18755,"date":"2025-12-01T14:32:36","date_gmt":"2025-12-01T19:32:36","guid":{"rendered":"https:\/\/oui-iohe.org\/?page_id=18755"},"modified":"2025-12-01T14:32:37","modified_gmt":"2025-12-01T19:32:37","slug":"programme-de-mobilite-etudiante-emovies","status":"publish","type":"page","link":"https:\/\/oui-iohe.org\/fr\/programme-de-mobilite-etudiante-emovies\/","title":{"rendered":"Programme de Mobilit\u00e9 \u00c9tudiante eMOVIES"},"content":{"rendered":"<div class=\"wpb-content-wrapper\"><p>[vc_row][vc_column][vc_custom_heading source=\u00a0\u00bbpost_title\u00a0\u00bb font_container=\u00a0\u00bbtag:h1|text_align:left\u00a0\u00bb use_theme_fonts=\u00a0\u00bbyes\u00a0\u00bb][\/vc_column][\/vc_row][vc_row][vc_column width=\u00a0\u00bb1\/3&Prime;][vc_single_image image=\u00a0\u00bb19613&Prime; img_size=\u00a0\u00bblarge\u00a0\u00bb alignment=\u00a0\u00bbcenter\u00a0\u00bb css=\u00a0\u00bb\u00a0\u00bb][\/vc_column][vc_column width=\u00a0\u00bb2\/3&Prime;][vc_column_text css=\u00a0\u00bb\u00a0\u00bb]Le Programme de Mobilit\u00e9 \u00c9tudiante de l\u2019<strong>Espace de mobilit\u00e9 virtuelle en enseignement sup\u00e9rieur (eMOVIES)<\/strong> est une initiative de l&rsquo;<strong>Organisation universitaire interam\u00e9ricaine (OUI)<\/strong>. Il propose aux \u00e9tablissements d&rsquo;enseignement sup\u00e9rieur (EES) une alternative aux mod\u00e8les de mobilit\u00e9 traditionnels en permettant \u00e0 leurs \u00e9tudiants de suivre, \u00e0 distance, des cours virtuels dispens\u00e9s par d&rsquo;autres \u00e9tablissements membres de l&rsquo;OUI.[\/vc_column_text][\/vc_column][\/vc_row][vc_row full_width=\u00a0\u00bbstretch_row\u00a0\u00bb css=\u00a0\u00bb.vc_custom_1701732904999{padding-top: 20px !important;background-color: #ffffff !important;}\u00a0\u00bb][vc_column][vc_column_text css=\u00a0\u00bb.vc_custom_1764616515479{background-color: #ffffff !important;}\u00a0\u00bb]<strong>En quoi consiste le Programme de Mobilit\u00e9 \u00c9tudiante ?<\/strong>[\/vc_column_text][vc_column_text css=\u00a0\u00bb.vc_custom_1764616551895{background-color: #ffffff !important;}\u00a0\u00bb]Ce programme permet aux \u00e9tudiants de r\u00e9aliser une mobilit\u00e9 acad\u00e9mique virtuelle au sein d&rsquo;\u00e9tablissements partenaires \u00e0 l&rsquo;\u00e9tranger. Les \u00e9tudiants peuvent s&rsquo;inscrire \u00e0 des cours virtuels offerts par ces institutions. Ces cours sont int\u00e9gr\u00e9s \u00e0 leur cursus, le tout sans n\u00e9cessiter de d\u00e9placement physique.<\/p>\n<p>Ce mod\u00e8le de mobilit\u00e9 virtuelle promeut l&rsquo;internationalisation \u00e0 domicile et facilite les \u00e9changes culturels et acad\u00e9miques. Les \u00e9tablissements participants fixent leurs conditions d&rsquo;accueil sur la base de principes de collaboration et de r\u00e9ciprocit\u00e9. Cette initiative offre aux \u00e9tudiants une exp\u00e9rience enrichissante qui stimule leur d\u00e9veloppement sur les plans acad\u00e9mique, professionnel et personnel.[\/vc_column_text][vc_btn title=\u00a0\u00bbComment naviguer sur la plateforme ?\u00a0\u00bb style=\u00a0\u00bbflat\u00a0\u00bb shape=\u00a0\u00bbsquare\u00a0\u00bb color=\u00a0\u00bbiohe-orange\u00a0\u00bb size=\u00a0\u00bblg\u00a0\u00bb align=\u00a0\u00bbleft\u00a0\u00bb css=\u00a0\u00bb\u00a0\u00bb link=\u00a0\u00bburl:https%3A%2F%2Fwww.youtube.com%2Fwatch%3Fv%3DU-Dno_pQq2Q\u00a0\u00bb][\/vc_column][\/vc_row][vc_row][vc_column][vc_custom_heading text=\u00a0\u00bbExigences de participation au Programme\u00a0\u00bb use_theme_fonts=\u00a0\u00bbyes\u00a0\u00bb css=\u00a0\u00bb.vc_custom_1764616709410{background-color: #ffffff !important;}\u00a0\u00bb][vc_column_text css=\u00a0\u00bb\u00a0\u00bb]<\/p>\n<ul>\n<li>\u00catre inscrit comme \u00e9tudiant r\u00e9gulier dans un \u00e9tablissement partenaire d&rsquo;eMOVIES.<\/li>\n<li>Consulter l&rsquo;offre de cours disponible sur la plateforme eMOVIES.<\/li>\n<li>Respecter les directives de l&rsquo;\u00e9tablissement d&rsquo;accueil pour le suivi du cours.<\/li>\n<li>Satisfaire aux pr\u00e9requis sp\u00e9cifiques de chaque mati\u00e8re.<\/li>\n<li>Effectuer sa demande de mobilit\u00e9 via le bureau des relations internationales de son \u00e9tablissement d&rsquo;origine.<\/li>\n<li>Remplir et soumettre son dossier de candidature avec les documents requis avant la date limite.<\/li>\n<\/ul>\n<p>[\/vc_column_text][\/vc_column][\/vc_row][vc_row][vc_column][vc_custom_heading text=\u00a0\u00bbCaract\u00e9ristiques du Programme\u00a0\u00bb use_theme_fonts=\u00a0\u00bbyes\u00a0\u00bb css=\u00a0\u00bb.vc_custom_1764616783144{background-color: #ffffff !important;}\u00a0\u00bb][vc_column_text css=\u00a0\u00bb\u00a0\u00bb]<\/p>\n<ul>\n<li><strong>Modalit\u00e9 <\/strong>: 100 % virtuelle<\/li>\n<li><strong>Dur\u00e9e <\/strong>: D\u00e9finie par le calendrier acad\u00e9mique et la dur\u00e9e du cours de l&rsquo;\u00e9tablissement d&rsquo;accueil.<\/li>\n<li><strong>Reconnaissance <\/strong>: Les \u00e9tablissements s&rsquo;engagent \u00e0 faciliter la reconnaissance des cr\u00e9dits, conform\u00e9ment \u00e0 leurs r\u00e8glements internes.<\/li>\n<li><strong>Langues <\/strong>: Espagnol, anglais, fran\u00e7ais et portugais.<\/li>\n<li><strong>Sans frais <\/strong>: Aucun co\u00fbt suppl\u00e9mentaire n&rsquo;est appliqu\u00e9 aux \u00e9tudiants participants ni aux \u00e9tablissements envoyeurs. L&rsquo;adh\u00e9sion \u00e0 eMOVIES est gratuite pour les membres de l&rsquo;OUI, qui formalisent leur participation par un protocole.<\/li>\n<\/ul>\n<p>[\/vc_column_text][\/vc_column][\/vc_row][vc_row][vc_column][vc_custom_heading text=\u00a0\u00bbO\u00f9 en est le Programme de Mobilit\u00e9 \u00c9tudiante eMOVIES ?\u00a0\u00bb use_theme_fonts=\u00a0\u00bbyes\u00a0\u00bb css=\u00a0\u00bb.vc_custom_1764617063711{background-color: #ffffff !important;}\u00a0\u00bb][vc_column_text css=\u00a0\u00bb\u00a0\u00bb]Apr\u00e8s sept ann\u00e9es d&rsquo;activit\u00e9, eMOVIES a enregistr\u00e9 un total de <strong>14 622 mobilit\u00e9s<\/strong> <strong>\u00e9tudiantes<\/strong>. Rien qu&rsquo;en 2025, le programme a connu une croissance de 12 % par rapport \u00e0 l&rsquo;ann\u00e9e pr\u00e9c\u00e9dente, d\u00e9montrant qu&rsquo;il demeure une alternative de mobilit\u00e9 essentielle pour les \u00e9tablissements et communaut\u00e9s acad\u00e9miques membres de l&rsquo;OUI.<\/p>\n<p>Cette m\u00eame ann\u00e9e, la Colombie, le P\u00e9rou, le Mexique et l&rsquo;Argentine ont \u00e9t\u00e9 les pays les plus actifs, repr\u00e9sentant 74 % de l&rsquo;ensemble des mobilit\u00e9s, tant entrantes que sortantes.<\/p>\n<p>On observe \u00e9galement une participation majoritaire des femmes, qui repr\u00e9sentent 68% des mobilit\u00e9s totales.[\/vc_column_text][vc_single_image image=\u00a0\u00bb18629&Prime; img_size=\u00a0\u00bblarge\u00a0\u00bb css=\u00a0\u00bb.vc_custom_1750120850041{background-color: #ffffff !important;}\u00a0\u00bb][vc_single_image image=\u00a0\u00bb18633&Prime; img_size=\u00a0\u00bblarge\u00a0\u00bb css=\u00a0\u00bb.vc_custom_1750120890069{background-color: #ffffff !important;}\u00a0\u00bb][\/vc_column][\/vc_row][vc_row][vc_column][vc_custom_heading text=\u00a0\u00bbT\u00e9moignages\u00a0\u00bb use_theme_fonts=\u00a0\u00bbyes\u00a0\u00bb css=\u00a0\u00bb.vc_custom_1764617277170{background-color: #ffffff !important;}\u00a0\u00bb][vc_column_text css=\u00a0\u00bb\u00a0\u00bb]Histoires positives de ceux qui font partie d\u2019eMOVIES.<\/p>\n<p>* Sous-titres disponibles.[\/vc_column_text][\/vc_column][\/vc_row][vc_row css=\u00a0\u00bb.vc_custom_1542745076628{margin-top: 35px !important;}\u00a0\u00bb][vc_column width=\u00a0\u00bb1\/2&Prime;][vc_video link=\u00a0\u00bbhttps:\/\/www.youtube.com\/watch?v=87HmnFqRGgI\u00a0\u00bb css=\u00a0\u00bb\u00a0\u00bb][vc_video link=\u00a0\u00bbhttps:\/\/www.youtube.com\/watch?v=IOWTG54ZI7Q\u00a0\u00bb css=\u00a0\u00bb\u00a0\u00bb][vc_video link=\u00a0\u00bbhttps:\/\/www.youtube.com\/watch?v=Ibn2K25t9DE\u00a0\u00bb css=\u00a0\u00bb\u00a0\u00bb][\/vc_column][vc_column width=\u00a0\u00bb1\/2&Prime;][vc_video link=\u00a0\u00bbhttps:\/\/www.youtube.com\/watch?v=ogwgk-RY5nA\u00a0\u00bb css=\u00a0\u00bb\u00a0\u00bb][vc_video link=\u00a0\u00bbhttps:\/\/www.youtube.com\/watch?v=3QSLitA7TIo\u00a0\u00bb css=\u00a0\u00bb\u00a0\u00bb][vc_video link=\u00a0\u00bbhttps:\/\/www.youtube.com\/watch?v=6SQwle9-7yU\u00a0\u00bb css=\u00a0\u00bb\u00a0\u00bb][\/vc_column][\/vc_row][vc_row css=\u00a0\u00bb.vc_custom_1542745076628{margin-top: 35px !important;}\u00a0\u00bb][vc_column width=\u00a0\u00bb1\/2&Prime;][vc_single_image image=\u00a0\u00bb1247&Prime; img_size=\u00a0\u00bblarge\u00a0\u00bb alignment=\u00a0\u00bbcenter\u00a0\u00bb][\/vc_column][vc_column width=\u00a0\u00bb1\/2&Prime;][vc_custom_heading text=\u00a0\u00bbContact\u00a0\u00bb use_theme_fonts=\u00a0\u00bbyes\u00a0\u00bb][vc_column_text]<a href=\"mailto:emovies@oui-iohe.org\">emovies@oui-iohe.org<\/a>[\/vc_column_text][\/vc_column][\/vc_row][vc_row][vc_column][vc_column_text css=\u00a0\u00bb\u00a0\u00bb]Contactez-nous pour plus d&rsquo;informations.[\/vc_column_text][\/vc_column][\/vc_row][vc_row][vc_column][vc_btn title=\u00a0\u00bbVisitez la Plateforme\u00a0\u00bb style=\u00a0\u00bbflat\u00a0\u00bb shape=\u00a0\u00bbsquare\u00a0\u00bb color=\u00a0\u00bbiohe-orange\u00a0\u00bb size=\u00a0\u00bblg\u00a0\u00bb align=\u00a0\u00bbcenter\u00a0\u00bb css=\u00a0\u00bb\u00a0\u00bb link=\u00a0\u00bburl:https%3A%2F%2Femovies.oui-iohe.org%2F|||\u00a0\u00bb][\/vc_column][\/vc_row]<\/p>\n<\/div>","protected":false},"excerpt":{"rendered":"<p>[vc_row][vc_column][vc_custom_heading source=\u00a0\u00bbpost_title\u00a0\u00bb font_container=\u00a0\u00bbtag:h1|text_align:left\u00a0\u00bb use_theme_fonts=\u00a0\u00bbyes\u00a0\u00bb][\/vc_column][\/vc_row][vc_row][vc_column width=\u00a0\u00bb1\/3&Prime;][vc_single_image image=\u00a0\u00bb19613&Prime; img_size=\u00a0\u00bblarge\u00a0\u00bb alignment=\u00a0\u00bbcenter\u00a0\u00bb css=\u00a0\u00bb\u00a0\u00bb][\/vc_column][vc_column width=\u00a0\u00bb2\/3&Prime;][vc_column_text css=\u00a0\u00bb\u00a0\u00bb]Le Programme de Mobilit\u00e9 \u00c9tudiante de l\u2019Espace de mobilit\u00e9 virtuelle [&hellip;]<\/p>\n","protected":false},"author":4,"featured_media":5653,"parent":0,"menu_order":0,"comment_status":"closed","ping_status":"closed","template":"","meta":{"_acf_changed":false,"_monsterinsights_skip_tracking":false,"_monsterinsights_sitenote_active":false,"_monsterinsights_sitenote_note":"","_monsterinsights_sitenote_category":0,"footnotes":""},"class_list":["post-18755","page","type-page","status-publish","has-post-thumbnail","hentry"],"acf":[],"aioseo_notices":[],"_links":{"self":[{"href":"https:\/\/oui-iohe.org\/fr\/wp-json\/wp\/v2\/pages\/18755","targetHints":{"allow":["GET"]}}],"collection":[{"href":"https:\/\/oui-iohe.org\/fr\/wp-json\/wp\/v2\/pages"}],"about":[{"href":"https:\/\/oui-iohe.org\/fr\/wp-json\/wp\/v2\/types\/page"}],"author":[{"embeddable":true,"href":"https:\/\/oui-iohe.org\/fr\/wp-json\/wp\/v2\/users\/4"}],"replies":[{"embeddable":true,"href":"https:\/\/oui-iohe.org\/fr\/wp-json\/wp\/v2\/comments?post=18755"}],"version-history":[{"count":2,"href":"https:\/\/oui-iohe.org\/fr\/wp-json\/wp\/v2\/pages\/18755\/revisions"}],"predecessor-version":[{"id":19663,"href":"https:\/\/oui-iohe.org\/fr\/wp-json\/wp\/v2\/pages\/18755\/revisions\/19663"}],"wp:featuredmedia":[{"embeddable":true,"href":"https:\/\/oui-iohe.org\/fr\/wp-json\/wp\/v2\/media\/5653"}],"wp:attachment":[{"href":"https:\/\/oui-iohe.org\/fr\/wp-json\/wp\/v2\/media?parent=18755"}],"curies":[{"name":"wp","href":"https:\/\/api.w.org\/{rel}","templated":true}]}}