{"id":18776,"date":"2025-12-01T21:10:54","date_gmt":"2025-12-02T02:10:54","guid":{"rendered":"https:\/\/oui-iohe.org\/?page_id=18776"},"modified":"2025-12-01T22:19:40","modified_gmt":"2025-12-02T03:19:40","slug":"programme-coil-emovies","status":"publish","type":"page","link":"https:\/\/oui-iohe.org\/fr\/programme-coil-emovies\/","title":{"rendered":"Programme COIL eMOVIES"},"content":{"rendered":"<div class=\"wpb-content-wrapper\"><p>[vc_row][vc_column][vc_custom_heading source=\u00a0\u00bbpost_title\u00a0\u00bb font_container=\u00a0\u00bbtag:h1|text_align:left\u00a0\u00bb use_theme_fonts=\u00a0\u00bbyes\u00a0\u00bb][\/vc_column][\/vc_row][vc_row][vc_column width=\u00a0\u00bb1\/3&Prime;][vc_single_image image=\u00a0\u00bb19617&Prime; img_size=\u00a0\u00bblarge\u00a0\u00bb alignment=\u00a0\u00bbcenter\u00a0\u00bb css=\u00a0\u00bb\u00a0\u00bb][\/vc_column][vc_column width=\u00a0\u00bb2\/3&Prime;][vc_column_text css=\u00a0\u00bb\u00a0\u00bb]<strong>COIL<\/strong> (<em>Collaborative Online International Learning<\/em>) est une <strong>m\u00e9thodologie \u00e9ducative<\/strong> qui permet aux enseignants de diff\u00e9rentes institutions et pays de collaborer \u00e0 la conception d&rsquo;exp\u00e9riences d&rsquo;apprentissage interculturelles et interdisciplinaires pour leurs \u00e9tudiants. Gr\u00e2ce \u00e0 cette approche, les enseignants travaillent au d\u00e9veloppement d&rsquo;un syllabus conjoint qui implique leurs \u00e9tudiants dans des projets collaboratifs o\u00f9 ils peuvent vivre une exp\u00e9rience interculturelle significative.[\/vc_column_text][\/vc_column][\/vc_row][vc_row full_width=\u00a0\u00bbstretch_row\u00a0\u00bb css=\u00a0\u00bb.vc_custom_1701732904999{padding-top: 20px !important;background-color: #ffffff !important;}\u00a0\u00bb][vc_column][vc_btn title=\u00a0\u00bbEn savoir plus sur COIL\u00a0\u00bb style=\u00a0\u00bbflat\u00a0\u00bb shape=\u00a0\u00bbsquare\u00a0\u00bb color=\u00a0\u00bbiohe-orange\u00a0\u00bb size=\u00a0\u00bblg\u00a0\u00bb align=\u00a0\u00bbleft\u00a0\u00bb css=\u00a0\u00bb\u00a0\u00bb link=\u00a0\u00bburl:https%3A%2F%2Fonline.suny.edu%2Fintrotocoil%2Fsuny-coil-what-is%2F\u00a0\u00bb][\/vc_column][\/vc_row][vc_row full_width=\u00a0\u00bbstretch_row\u00a0\u00bb css=\u00a0\u00bb.vc_custom_1701732904999{padding-top: 20px !important;background-color: #ffffff !important;}\u00a0\u00bb][vc_column][vc_column_text css=\u00a0\u00bb.vc_custom_1764640961397{background-color: #ffffff !important;}\u00a0\u00bb]<strong>Qu&rsquo;est-ce que le programme COIL-eMOVIES ?<\/strong>[\/vc_column_text][vc_column_text css=\u00a0\u00bb.vc_custom_1764640941668{background-color: #ffffff !important;}\u00a0\u00bb]<strong>COIL-eMOVIES<\/strong> est un programme de l&rsquo;OUI qui vise \u00e0 favoriser la collaboration internationale entre les enseignant(e)s de ses institutions membres pour concevoir conjointement des exp\u00e9riences \u00e9ducatives. Ces exp\u00e9riences connectent leurs \u00e9tudiants et \u00e9tudiantes \u00e0 travers des activit\u00e9s d&rsquo;apprentissage collaboratif et interculturel, le tout \u00e9tant soutenu par la plateforme eMOVIES.<\/p>\n<p>La plateforme eMOVIES sert d&rsquo;espace de rencontre pour rechercher des cours compatibles avec la m\u00e9thodologie COIL, trouver des pairs acad\u00e9miques et d\u00e9velopper les comp\u00e9tences n\u00e9cessaires \u00e0 la conception, la planification et la mise en \u0153uvre d&rsquo;activit\u00e9s p\u00e9dagogiques en environnements COIL.<\/p>\n<p>\u00c0 travers cette approche, le programme vise \u00e0 int\u00e9grer des m\u00e9thodologies collaboratives dans les pratiques enseignantes, en favorisant l&rsquo;internationalisation des curricula et en enrichissant l&rsquo;exp\u00e9rience d&rsquo;apprentissage gr\u00e2ce \u00e0 la collaboration en ligne entre enseignants de diverses disciplines et pays.[\/vc_column_text][\/vc_column][\/vc_row][vc_row full_width=\u00a0\u00bbstretch_row\u00a0\u00bb css=\u00a0\u00bb.vc_custom_1701732904999{padding-top: 20px !important;background-color: #ffffff !important;}\u00a0\u00bb][vc_column][vc_custom_heading text=\u00a0\u00bbComment participer \u00e0 COIL-eMOVIES ?\u00a0\u00bb use_theme_fonts=\u00a0\u00bbyes\u00a0\u00bb css=\u00a0\u00bb.vc_custom_1764641137501{background-color: #ffffff !important;}\u00a0\u00bb][vc_column_text css=\u00a0\u00bb.vc_custom_1764641160765{background-color: #ffffff !important;}\u00a0\u00bb]Les enseignants int\u00e9ress\u00e9s doivent s&rsquo;inscrire sur la plateforme eMOVIES afin de pouvoir publier leurs cours avec lesquels ils souhaitent r\u00e9aliser une exp\u00e9rience COIL et se connecter avec d&rsquo;autres enseignants internationaux.<\/p>\n<p>L&rsquo;EES doit \u00e9galement \u00eatre inscrit sur la plateforme. N&rsquo;oubliez pas qu&rsquo;eMOVIES est un service de l&rsquo;OUI qui est enti\u00e8rement gratuit pour ses membres.[\/vc_column_text][\/vc_column][\/vc_row][vc_row full_width=\u00a0\u00bbstretch_row\u00a0\u00bb css=\u00a0\u00bb.vc_custom_1701732904999{padding-top: 20px !important;background-color: #ffffff !important;}\u00a0\u00bb][vc_column][vc_custom_heading text=\u00a0\u00bbComment trouver des pairs acad\u00e9miques pour collaborer ?\u00a0\u00bb use_theme_fonts=\u00a0\u00bbyes\u00a0\u00bb css=\u00a0\u00bb.vc_custom_1764641192499{background-color: #ffffff !important;}\u00a0\u00bb][vc_column_text css=\u00a0\u00bb.vc_custom_1764641210960{background-color: #ffffff !important;}\u00a0\u00bb]Gr\u00e2ce \u00e0 la plateforme eMOVIES, les enseignants peuvent rechercher et entrer en contact avec des coll\u00e8gues internationaux int\u00e9ress\u00e9s par le d\u00e9veloppement d&rsquo;exp\u00e9riences COIL. Il est possible d&rsquo;effectuer des recherches selon diff\u00e9rents crit\u00e8res tels que l&rsquo;institution, le pays, le domaine disciplinaire et la langue.<\/p>\n<p>Pour initier une collaboration, les enseignants doivent renseigner un formulaire contenant leurs informations et les d\u00e9tails du cours, ce qui permet d&rsquo;\u00e9tablir le contact avec d&rsquo;autres enseignants et d&rsquo;\u00e9laborer conjointement un syllabus.[\/vc_column_text][\/vc_column][\/vc_row][vc_row full_width=\u00a0\u00bbstretch_row\u00a0\u00bb css=\u00a0\u00bb.vc_custom_1701732904999{padding-top: 20px !important;background-color: #ffffff !important;}\u00a0\u00bb][vc_column][vc_custom_heading text=\u00a0\u00bbSouhaitez-vous un accompagnement personnalis\u00e9 ?\u00a0\u00bb use_theme_fonts=\u00a0\u00bbyes\u00a0\u00bb css=\u00a0\u00bb.vc_custom_1764641293641{background-color: #ffffff !important;}\u00a0\u00bb][vc_column_text css=\u00a0\u00bb.vc_custom_1764641325261{background-color: #ffffff !important;}\u00a0\u00bb]Les institutions d\u00e9sirant un soutien individualis\u00e9 pour leurs enseignant(e)s dans la conception, la mise en \u0153uvre et l&rsquo;\u00e9valuation d&rsquo;une activit\u00e9 p\u00e9dagogique utilisant la m\u00e9thodologie COIL peuvent b\u00e9n\u00e9ficier de l&rsquo;expertise de conseillers de l&rsquo;OUI sp\u00e9cialis\u00e9s.<\/p>\n<p>Ce service offre environ 10 heures de conseil et d&rsquo;accompagnement personnalis\u00e9s pour \u00e9laborer et mettre en \u0153uvre un syllabus conjoint, par le biais de rencontres synchrones en ligne.[\/vc_column_text][\/vc_column][\/vc_row][vc_row full_width=\u00a0\u00bbstretch_row\u00a0\u00bb css=\u00a0\u00bb.vc_custom_1701732904999{padding-top: 20px !important;background-color: #ffffff !important;}\u00a0\u00bb][vc_column][vc_custom_heading text=\u00a0\u00bbO\u00f9 en est le Programme COIL-eMOVIES ?\u00a0\u00bb use_theme_fonts=\u00a0\u00bbyes\u00a0\u00bb css=\u00a0\u00bb.vc_custom_1764641385727{background-color: #ffffff !important;}\u00a0\u00bb][vc_column_text css=\u00a0\u00bb.vc_custom_1764641436406{background-color: #ffffff !important;}\u00a0\u00bb]<strong>Plus de 310 enseignants inscrits dans 11 pays<\/strong> : Argentine, Bolivie, Br\u00e9sil, Chili, Colombie, \u00c9quateur, El Salvador, Mexique, Panama, Paraguay et P\u00e9rou.<\/p>\n<p><strong>56 cours publi\u00e9s en 3 langues<\/strong> : espagnol, anglais et portugais.<\/p>\n<p><strong>Plus de 20 domaines disciplinaires repr\u00e9sent\u00e9s<\/strong> : Sciences sociales et humaines, Ing\u00e9nierie, Commerce International, Langues, Droit, entre autres.<\/p>\n<p>Contactez-nous pour plus d&rsquo;informations sur le processus d&rsquo;adh\u00e9sion.<\/p>\n<p><a href=\"https:\/\/emovies.oui-iohe.org\/registrate-docente\/\">Inscrivez-vous d\u00e8s maintenant<\/a>[\/vc_column_text][\/vc_column][\/vc_row][vc_row css=\u00a0\u00bb.vc_custom_1542745076628{margin-top: 35px !important;}\u00a0\u00bb][vc_column width=\u00a0\u00bb1\/2&Prime;][vc_single_image image=\u00a0\u00bb1247&Prime; img_size=\u00a0\u00bblarge\u00a0\u00bb alignment=\u00a0\u00bbcenter\u00a0\u00bb][\/vc_column][vc_column width=\u00a0\u00bb1\/2&Prime;][vc_custom_heading text=\u00a0\u00bbContact\u00a0\u00bb use_theme_fonts=\u00a0\u00bbyes\u00a0\u00bb][vc_column_text]<a href=\"mailto:emovies@oui-iohe.org\">emovies@oui-iohe.org<\/a>[\/vc_column_text][\/vc_column][\/vc_row][vc_row][vc_column][vc_btn title=\u00a0\u00bbVisitez la Plateforme\u00a0\u00bb style=\u00a0\u00bbflat\u00a0\u00bb shape=\u00a0\u00bbsquare\u00a0\u00bb color=\u00a0\u00bbiohe-orange\u00a0\u00bb size=\u00a0\u00bblg\u00a0\u00bb align=\u00a0\u00bbcenter\u00a0\u00bb css=\u00a0\u00bb\u00a0\u00bb link=\u00a0\u00bburl:https%3A%2F%2Femovies.oui-iohe.org%2Fprograma-coil%2F|target:_blank\u00a0\u00bb][\/vc_column][\/vc_row]<\/p>\n<\/div>","protected":false},"excerpt":{"rendered":"<p>[vc_row][vc_column][vc_custom_heading source=\u00a0\u00bbpost_title\u00a0\u00bb font_container=\u00a0\u00bbtag:h1|text_align:left\u00a0\u00bb use_theme_fonts=\u00a0\u00bbyes\u00a0\u00bb][\/vc_column][\/vc_row][vc_row][vc_column width=\u00a0\u00bb1\/3&Prime;][vc_single_image image=\u00a0\u00bb19617&Prime; img_size=\u00a0\u00bblarge\u00a0\u00bb alignment=\u00a0\u00bbcenter\u00a0\u00bb css=\u00a0\u00bb\u00a0\u00bb][\/vc_column][vc_column width=\u00a0\u00bb2\/3&Prime;][vc_column_text css=\u00a0\u00bb\u00a0\u00bb]COIL (Collaborative Online International Learning) est une m\u00e9thodologie \u00e9ducative qui [&hellip;]<\/p>\n","protected":false},"author":4,"featured_media":5653,"parent":0,"menu_order":0,"comment_status":"closed","ping_status":"closed","template":"","meta":{"_acf_changed":false,"_monsterinsights_skip_tracking":false,"_monsterinsights_sitenote_active":false,"_monsterinsights_sitenote_note":"","_monsterinsights_sitenote_category":0,"footnotes":""},"class_list":["post-18776","page","type-page","status-publish","has-post-thumbnail","hentry"],"acf":[],"aioseo_notices":[],"_links":{"self":[{"href":"https:\/\/oui-iohe.org\/fr\/wp-json\/wp\/v2\/pages\/18776","targetHints":{"allow":["GET"]}}],"collection":[{"href":"https:\/\/oui-iohe.org\/fr\/wp-json\/wp\/v2\/pages"}],"about":[{"href":"https:\/\/oui-iohe.org\/fr\/wp-json\/wp\/v2\/types\/page"}],"author":[{"embeddable":true,"href":"https:\/\/oui-iohe.org\/fr\/wp-json\/wp\/v2\/users\/4"}],"replies":[{"embeddable":true,"href":"https:\/\/oui-iohe.org\/fr\/wp-json\/wp\/v2\/comments?post=18776"}],"version-history":[{"count":3,"href":"https:\/\/oui-iohe.org\/fr\/wp-json\/wp\/v2\/pages\/18776\/revisions"}],"predecessor-version":[{"id":19671,"href":"https:\/\/oui-iohe.org\/fr\/wp-json\/wp\/v2\/pages\/18776\/revisions\/19671"}],"wp:featuredmedia":[{"embeddable":true,"href":"https:\/\/oui-iohe.org\/fr\/wp-json\/wp\/v2\/media\/5653"}],"wp:attachment":[{"href":"https:\/\/oui-iohe.org\/fr\/wp-json\/wp\/v2\/media?parent=18776"}],"curies":[{"name":"wp","href":"https:\/\/api.w.org\/{rel}","templated":true}]}}