{"id":18891,"date":"2025-08-12T16:36:45","date_gmt":"2025-08-12T20:36:45","guid":{"rendered":"https:\/\/oui-iohe.org\/convocatoria-para-la-oferta-colaborativa-de-actividades-formativas-sobre-los-objetivos-de-desarrollo-sostenible-ods\/"},"modified":"2025-08-13T16:35:13","modified_gmt":"2025-08-13T20:35:13","slug":"appel-a-candidatures-pour-des-activites-de-formation-relatives-aux-objectifs-de-developpement-durable-odd","status":"publish","type":"page","link":"https:\/\/oui-iohe.org\/fr\/appel-a-candidatures-pour-des-activites-de-formation-relatives-aux-objectifs-de-developpement-durable-odd\/","title":{"rendered":"Appel \u00e0 candidatures pour des activit\u00e9s de formation  relatives aux objectifs de d\u00e9veloppement durable (ODD)"},"content":{"rendered":"<div class=\"wpb-content-wrapper\"><p>[vc_row][vc_column][vc_custom_heading source=\u00a0\u00bbpost_title\u00a0\u00bb use_theme_fonts=\u00a0\u00bbyes\u00a0\u00bb css=\u00a0\u00bb\u00a0\u00bb][\/vc_column][\/vc_row][vc_row][vc_column][vc_column_text css=\u00a0\u00bb\u00a0\u00bb]<\/p>\n<h3><strong>1. <\/strong><strong>Pr\u00e9sentation<\/strong><\/h3>\n<p>Dans son plan strat\u00e9gique 2023-2030, l&rsquo;OUI a int\u00e9gr\u00e9 comme objectif principal d&rsquo;accompagner les \u00e9tablissements d&rsquo;enseignement sup\u00e9rieur (EES) dans l&rsquo;atteinte de leurs cibles li\u00e9es aux Objectifs de d\u00e9veloppement durable (ODD), en mettant l\u2019accent sur :<\/p>\n<ul>\n<li>Promouvoir des activit\u00e9s de formation et de recherche collaboratives sur des th\u00e9matiques prioritaires partag\u00e9es;<\/li>\n<li>D\u00e9velopper des initiatives r\u00e9gionales pour faire progresser les ODD;<\/li>\n<li>Cr\u00e9er des espaces de r\u00e9flexion sur le r\u00f4le fondamental de l&rsquo;enseignement sup\u00e9rieur dans la mise en \u0153uvre des ODD.<\/li>\n<\/ul>\n<p>Lors de l&rsquo;Assembl\u00e9e g\u00e9n\u00e9rale de l&rsquo;OUI tenue en octobre 2024, les membres ont ent\u00e9rin\u00e9 la cr\u00e9ation d&rsquo;un projet strat\u00e9gique sur les ODD. Par ce projet, l&rsquo;Organisation prend les engagements suivants :<\/p>\n<ul>\n<li>Renforcer les capacit\u00e9s des \u00e9tablissements d&rsquo;enseignement sup\u00e9rieur pour l&rsquo;atteinte des ODD, incluant un diagnostic des besoins de formation, r\u00e9alis\u00e9 en avril 2025.<\/li>\n<li>Lancer un appel de propositions pour des <strong>programmes de formation<\/strong> ax\u00e9s sur les ODD.<\/li>\n<li>Diffuser les opportunit\u00e9s de formation sur les enjeux prioritaires des ODD via son <em>Espace d&rsquo;apprentissage collaboratif<\/em>.<\/li>\n<\/ul>\n<p><strong>Dans ce contexte, l&rsquo;OUI invite tous ses membres \u00e0 partager des activit\u00e9s de formation qui :<\/strong><\/p>\n<ul>\n<li>R\u00e9pondent aux besoins les plus urgents des EES en mati\u00e8re de formation sur les ODD\u00a0;<\/li>\n<li>Soient des programmes \u00e9prouv\u00e9s (cours\/ateliers) pr\u00eats \u00e0 \u00eatre d\u00e9ploy\u00e9s\u00a0;<\/li>\n<li>B\u00e9n\u00e9ficient d&rsquo;une visibilit\u00e9 au sein du r\u00e9seau de l&rsquo;OUI\u00a0;<\/li>\n<li>Favorisent la collaboration interinstitutionnelle.<\/li>\n<\/ul>\n<p><strong>\u00a0<\/strong>Les EES peuvent soumettre des programmes existants couvrant les lacunes identifi\u00e9es. Les propositions retenues seront diffus\u00e9es via les canaux de communication de l&rsquo;OUI.<\/p>\n<p>Pourquoi participer\u00a0?<\/p>\n<ul>\n<li><strong>Maximiser<\/strong> l&rsquo;impact de votre institution sur les ODD\u00a0;<\/li>\n<li><strong>\u00c9changer<\/strong> avec plus de 400 EES des Am\u00e9riques\u00a0;<\/li>\n<li><strong>Renforcer<\/strong> l&rsquo;impact r\u00e9gional gr\u00e2ce au partage de savoirs.<\/li>\n<\/ul>\n<p><strong>Date limite :<\/strong> 28 septembre 2025 \u00e0 23h59 HNE (UTC-4).[\/vc_column_text][vc_column_text css=\u00a0\u00bb\u00a0\u00bb]<\/p>\n<h3><strong>2. <\/strong><strong>Port\u00e9e de l&rsquo;appel \u00e0 propositions<\/strong><\/h3>\n<p>Conform\u00e9ment \u00e0 la mission de l&rsquo;OUI de contribuer au renforcement des \u00e9tablissements d&rsquo;enseignement sup\u00e9rieur (EES) en cr\u00e9ant des espaces de coop\u00e9ration \u00e9ducative avec ses membres et ses partenaires strat\u00e9giques, cet appel poursuit trois objectifs principaux :<\/p>\n<ul>\n<li><strong>Soutenir le d\u00e9veloppement des capacit\u00e9s <\/strong>des EES membres pour contribuer \u00e0 la r\u00e9alisation des Objectifs de d\u00e9veloppement durable (ODD).<\/li>\n<li><strong>Promouvoir l&rsquo;acc\u00e8s <\/strong>\u00e0 des formations sur les ODD autour de th\u00e9matiques d&rsquo;int\u00e9r\u00eat commun.<\/li>\n<li><strong>Encourager la collaboration <\/strong>entre les membres en partageant des activit\u00e9s de formation favorisant l&rsquo;\u00e9change d&rsquo;approches et d&rsquo;exp\u00e9riences pour l&rsquo;atteinte des ODD.<\/li>\n<\/ul>\n<p>[\/vc_column_text][vc_column_text css=\u00a0\u00bb\u00a0\u00bb]<\/p>\n<h3><strong>3. <\/strong><strong>\u00c9ligibilit\u00e9<\/strong><\/h3>\n<p><strong>3.1<\/strong> L&rsquo;appel est ouvert \u00e0 tous les EES membres en r\u00e8gle de l&rsquo;OUI<a href=\"#_ftn1\" name=\"_ftnref1\"><sup>[1]<\/sup><\/a>.<\/p>\n<p><strong>3.2.<\/strong>\u00a0Les formations doivent r\u00e9pondre \u00e0 au moins un des besoins identifi\u00e9s dans l&rsquo;enqu\u00eate de l&rsquo;OUI sur les priorit\u00e9s de formation pour les ODD :<\/p>\n<ul>\n<li>Int\u00e9gration des ODS dans les institutions\u00a0;<\/li>\n<li>Innovation en mati\u00e8re de durabilit\u00e9 dans l&rsquo;enseignement sup\u00e9rieur\u00a0;<\/li>\n<li>Conception, \u00e9valuation et suivi d&rsquo;indicateurs de progr\u00e8s des ODD\u00a0;<\/li>\n<li>Responsabilit\u00e9 sociale des universit\u00e9s;<\/li>\n<li>Leadership \u00e9thique et gouvernance pour le d\u00e9veloppement durable\u00a0;<\/li>\n<li>Gestion financi\u00e8re de projets durables\u00a0;<\/li>\n<li>Strat\u00e9gies et outils de communication pour la durabilit\u00e9\u00a0;<\/li>\n<li>Gestion du changement pour la mise en \u0153uvre de la durabilit\u00e9.<strong>3.3.<\/strong>\u00a0Les formations peuvent \u00eatre dispens\u00e9es \u00e0 distance, en pr\u00e9sentiel ou en mode hybride, dans les cat\u00e9gories suivantes :<\/li>\n<li>Cours ou modules<\/li>\n<li>S\u00e9minaires ou ateliers<\/li>\n<\/ul>\n<p>&nbsp;<\/p>\n<p><strong>3.4.<\/strong>\u00a0<strong>Crit\u00e8re d&rsquo;exp\u00e9rience<\/strong><strong>\u00a0:<\/strong><\/p>\n<ul>\n<li>Les formations doivent avoir \u00e9t\u00e9 dispens\u00e9es au moins une fois avant la candidature.<\/li>\n<li>Les projets en conception ou non encore mis en \u0153uvre ne sont pas \u00e9ligibles.<\/li>\n<\/ul>\n<p><strong>3.3.<\/strong>\u00a0Les formations peuvent \u00eatre dispens\u00e9es \u00e0 distance, en pr\u00e9sentiel ou en mode hybride, dans les cat\u00e9gories suivantes :<\/p>\n<ul>\n<li>Cours ou modules<\/li>\n<li>S\u00e9minaires ou ateliers<\/li>\n<\/ul>\n<p><strong>3.4.<\/strong>\u00a0<strong>Crit\u00e8re d&rsquo;exp\u00e9rience<\/strong><strong>\u00a0:<\/strong><\/p>\n<ul>\n<li>Les formations doivent avoir \u00e9t\u00e9 dispens\u00e9es au moins une fois avant la candidature.<\/li>\n<li>Les projets en conception ou non encore mis en \u0153uvre ne sont pas \u00e9ligibles.<\/li>\n<\/ul>\n<p><strong>3.5.<\/strong>\u00a0Les formations peuvent \u00eatre propos\u00e9es dans les 4 langues officielles de l&rsquo;OUI : espagnol, portugais, fran\u00e7ais ou anglais.<\/p>\n<p><strong>3.6.<\/strong>\u00a0Les activit\u00e9s peuvent \u00eatre gratuites ou payantes. Pour les activit\u00e9s payantes, un tarif pr\u00e9f\u00e9rentiel est attendu pour les institutions membres de l&rsquo;OUI.<\/p>\n<p><strong>3.7.<\/strong>\u00a0L&rsquo;inscription et la dispense des formations restent sous la responsabilit\u00e9 des institutions proposantes.<\/p>\n<p><strong>3.8.<\/strong>\u00a0L&rsquo;OUI se charge de promouvoir l&rsquo;ensemble des formations s\u00e9lectionn\u00e9es.<\/p>\n<p><a href=\"#_ftnref1\" name=\"_ftn1\">[1]<\/a> Pour v\u00e9rifier si votre \u00e9tablissement est membre de l&rsquo;OUI : <a href=\"https:\/\/oui-iohe.org\/fr\/membres-oui\/\">https:\/\/oui-iohe.org\/fr\/membres-oui\/<\/a>[\/vc_column_text][vc_column_text css=\u00a0\u00bb\u00a0\u00bb]<\/p>\n<h3><strong>4. Processus de candidature<\/strong><\/h3>\n<p>L&rsquo;appel \u00e0 propositions se d\u00e9roulera en deux \u00e9tapes :<\/p>\n<p><strong>4.1. Soumission de la description de l&rsquo;activit\u00e9 de formation (\u00c9tape 1)<\/strong><\/p>\n<p>Cette \u00e9tape s\u00e9lectionnera les activit\u00e9s r\u00e9pondant aux besoins et th\u00e9matiques identifi\u00e9s :<\/p>\n<ul>\n<li><strong>Les \u00e9tablissements int\u00e9ress\u00e9s <\/strong>doivent soumettre leur proposition via le formulaire en ligne ci-dessous, incluant :\n<ul>\n<li>Nom de l&rsquo;activit\u00e9<\/li>\n<li>Calendrier de r\u00e9alisation<\/li>\n<li>R\u00e9sultats ou objectifs d&rsquo;apprentissage vis\u00e9s<\/li>\n<li>Comp\u00e9tences d\u00e9velopp\u00e9es<\/li>\n<li>Probl\u00e9matique sp\u00e9cifique des ODD abord\u00e9e<\/li>\n<li>Contributions \u00e0 l&rsquo;avancement des ODD<\/li>\n<\/ul>\n<\/li>\n<li>Les dossiers complets doivent \u00eatre envoy\u00e9s via ce formulaire \u00e9lectronique\u00a0<strong>avant le 28 septembre \u00e0 23h59 HNE (UTC -4)<\/strong>:<\/li>\n<\/ul>\n<p><a href=\"https:\/\/docs.google.com\/forms\/d\/e\/1FAIpQLSd1UhJ3G1Kr8SPWeDvFcVYbva6rkg4UrQKgZRfec9m6ondd3w\/viewform?usp=sharing&amp;ouid=116988515462537993426\">https:\/\/docs.google.com\/forms\/d\/e\/1FAIpQLSd1UhJ3G1Kr8SPWeDvFcVYbva6rkg4UrQKgZRfec9m6ondd3w\/viewform?usp=sharing&amp;ouid=116988515462537993426<\/a><\/p>\n<p><em>Les propositions re\u00e7ues apr\u00e8s cette date ne seront pas consid\u00e9r\u00e9es.<\/em><\/p>\n<h3><strong>\u00a0<\/strong><strong>4.2. Publication des activit\u00e9s s\u00e9lectionn\u00e9es (\u00c9tape 2)<\/strong><\/h3>\n<p>Un nombre limit\u00e9 d&rsquo;activit\u00e9s seront promues par l&rsquo;OUI aupr\u00e8s de ses membres\u00a0:<\/p>\n<ul>\n<li>Les \u00e9tablissements porteurs devront finaliser les informations requises\u00a0;<\/li>\n<li>L&rsquo;OUI diffusera les activit\u00e9s via ses plateformes et r\u00e9seaux\u00a0;<\/li>\n<li>Les formations devront commencer au plus tard au 1er trimestre 2026.<\/li>\n<\/ul>\n<p>[\/vc_column_text][vc_column_text css=\u00a0\u00bb\u00a0\u00bb]<\/p>\n<ol start=\"5\">\n<li>\n<h3><strong>Exigences institutionnelles<\/strong><\/h3>\n<\/li>\n<\/ol>\n<ul>\n<li>Les propositions peuvent \u00eatre soumises par un seul \u00e9tablissement membre de l&rsquo;OUI, ou par une \u00e9quipe de travail (\u00e0 condition que l&rsquo;institution principale porteuse soit membre de l&rsquo;OUI). Plusieurs candidatures par institution sont accept\u00e9es.<\/li>\n<li>Les candidatures doivent \u00eatre soumises \u00e9lectroniquement par le personnel administratif, acad\u00e9mique ou enseignant d&rsquo;un \u00e9tablissement d&rsquo;enseignement sup\u00e9rieur (EES) membre de l&rsquo;OUI.<\/li>\n<li>En outre, les \u00e9tablissements postulants doivent \u00eatre \u00e0 jour de leurs obligations en tant que membres de l&rsquo;OUI, conform\u00e9ment aux dispositions de l&rsquo;Article 12 de sa D\u00e9claration de Principes et Statuts.<\/li>\n<\/ul>\n<p>[\/vc_column_text][vc_column_text css=\u00a0\u00bb\u00a0\u00bb]<\/p>\n<h3><strong>6. Calendrier<\/strong><\/h3>\n<p>Le processus suivra le calendrier ci-dessous\u00a0:<\/p>\n<table width=\"607\">\n<tbody>\n<tr>\n<td width=\"361\"><strong>Activit\u00e9<\/strong><\/td>\n<td width=\"247\"><strong>Delais<\/strong><\/td>\n<\/tr>\n<tr>\n<td width=\"361\">Envoi des r\u00e9sum\u00e9s<\/td>\n<td width=\"247\">28 septembre 2025<\/td>\n<\/tr>\n<tr>\n<td width=\"361\">S\u00e9lection de r\u00e9sum\u00e9s<\/td>\n<td width=\"247\">10 octobre 2025<\/td>\n<\/tr>\n<tr>\n<td width=\"361\">Lancement des activit\u00e9s<\/td>\n<td width=\"247\">Au plus tard au 1er trimestre 2026<\/td>\n<\/tr>\n<\/tbody>\n<\/table>\n<p>[\/vc_column_text][vc_column_text css=\u00a0\u00bb\u00a0\u00bb]Pour toute question ou information, veuillez contacter: <a href=\"mailto:cursos@oui-iohe.org\">cursos@oui-iohe.org<\/a>[\/vc_column_text][\/vc_column][\/vc_row]<\/p>\n<\/div>","protected":false},"excerpt":{"rendered":"<p>[vc_row][vc_column][vc_custom_heading source=\u00a0\u00bbpost_title\u00a0\u00bb use_theme_fonts=\u00a0\u00bbyes\u00a0\u00bb css=\u00a0\u00bb\u00a0\u00bb][\/vc_column][\/vc_row][vc_row][vc_column][vc_column_text css=\u00a0\u00bb\u00a0\u00bb] 1. Pr\u00e9sentation Dans son plan strat\u00e9gique 2023-2030, l&rsquo;OUI a int\u00e9gr\u00e9 comme objectif principal d&rsquo;accompagner les [&hellip;]<\/p>\n","protected":false},"author":4,"featured_media":0,"parent":0,"menu_order":0,"comment_status":"closed","ping_status":"closed","template":"","meta":{"_acf_changed":false,"_monsterinsights_skip_tracking":false,"_monsterinsights_sitenote_active":false,"_monsterinsights_sitenote_note":"","_monsterinsights_sitenote_category":0,"footnotes":""},"class_list":["post-18891","page","type-page","status-publish","hentry"],"acf":[],"aioseo_notices":[],"_links":{"self":[{"href":"https:\/\/oui-iohe.org\/fr\/wp-json\/wp\/v2\/pages\/18891","targetHints":{"allow":["GET"]}}],"collection":[{"href":"https:\/\/oui-iohe.org\/fr\/wp-json\/wp\/v2\/pages"}],"about":[{"href":"https:\/\/oui-iohe.org\/fr\/wp-json\/wp\/v2\/types\/page"}],"author":[{"embeddable":true,"href":"https:\/\/oui-iohe.org\/fr\/wp-json\/wp\/v2\/users\/4"}],"replies":[{"embeddable":true,"href":"https:\/\/oui-iohe.org\/fr\/wp-json\/wp\/v2\/comments?post=18891"}],"version-history":[{"count":12,"href":"https:\/\/oui-iohe.org\/fr\/wp-json\/wp\/v2\/pages\/18891\/revisions"}],"predecessor-version":[{"id":18931,"href":"https:\/\/oui-iohe.org\/fr\/wp-json\/wp\/v2\/pages\/18891\/revisions\/18931"}],"wp:attachment":[{"href":"https:\/\/oui-iohe.org\/fr\/wp-json\/wp\/v2\/media?parent=18891"}],"curies":[{"name":"wp","href":"https:\/\/api.w.org\/{rel}","templated":true}]}}