{"id":19693,"date":"2025-12-12T00:03:26","date_gmt":"2025-12-12T05:03:26","guid":{"rendered":"https:\/\/oui-iohe.org\/?page_id=19693"},"modified":"2026-01-13T12:18:41","modified_gmt":"2026-01-13T17:18:41","slug":"mission-academique-canada-chili","status":"publish","type":"page","link":"https:\/\/oui-iohe.org\/fr\/mission-academique-canada-chili\/","title":{"rendered":"Mission acad\u00e9mique Canada \u2013 Chili"},"content":{"rendered":"<div class=\"wpb-content-wrapper\"><p>[vc_row][vc_column][vc_custom_heading source=\u00a0\u00bbpost_title\u00a0\u00bb font_container=\u00a0\u00bbtag:h1|text_align:left\u00a0\u00bb use_theme_fonts=\u00a0\u00bbyes\u00a0\u00bb][\/vc_column][\/vc_row][vc_row full_width=\u00a0\u00bbstretch_row\u00a0\u00bb css=\u00a0\u00bb.vc_custom_1724879493976{background-color: #f1f1f1 !important;}\u00a0\u00bb][vc_column width=\u00a0\u00bb1\/4&Prime;][vc_empty_space][vc_single_image image=\u00a0\u00bb19701&Prime; css=\u00a0\u00bb\u00a0\u00bb][vc_column_text css=\u00a0\u00bb\u00a0\u00bb]8 &#8211; 12 juin 2026<\/p>\n<p>Santiago, Chili[\/vc_column_text][\/vc_column][vc_column width=\u00a0\u00bb3\/4&Prime;][vc_column_text css=\u00a0\u00bb\u00a0\u00bb]<\/p>\n<h3><strong>Appel \u00e0 manifestation d\u2019int\u00e9r\u00eat<\/strong><\/h3>\n<p>[\/vc_column_text][vc_column_text css=\u00a0\u00bb\u00a0\u00bb]L\u2019<strong>Organisation universitaire interam\u00e9ricaine (OUI)<\/strong> et <strong>Universit\u00e9s Canada (Univcan)<\/strong> invitent leurs \u00e9tablissements membres au Canada \u00e0 manifester leur int\u00e9r\u00eat \u00e0 participer \u00e0 une mission acad\u00e9mique au Chili.[\/vc_column_text][vc_column_text css=\u00a0\u00bb\u00a0\u00bb]Cette mission vise \u00e0 renforcer les partenariats bilat\u00e9raux et la collaboration en mati\u00e8re de recherche.[\/vc_column_text][vc_column_text css=\u00a0\u00bb\u00a0\u00bb]Elle r\u00e9unira des chercheuses et chercheurs et des dirigeantes et dirigeants universitaires pour des rencontres cibl\u00e9es, des visites de lieux et des discussions avec des partenaires cl\u00e9s de l\u2019\u00e9cosyst\u00e8me de recherche et d\u2019innovation du Chili.[\/vc_column_text][\/vc_column][\/vc_row][vc_row][vc_column][vc_column_text css=\u00a0\u00bb\u00a0\u00bb]<\/p>\n<h3><strong>Pourquoi le Chili ?<\/strong><\/h3>\n<p>[\/vc_column_text][vc_column_text css=\u00a0\u00bb\u00a0\u00bb]Le Chili suscite un int\u00e9r\u00eat croissant aupr\u00e8s des universit\u00e9s canadiennes, notamment gr\u00e2ce au d\u00e9veloppement de collaborations en recherche et d\u00e9veloppement, \u00e0 son engagement institutionnel solide et aux perspectives prometteuses d&rsquo;une coop\u00e9ration universitaire approfondie. Son \u00e9cosyst\u00e8me de recherche dynamique et son alignement avec les priorit\u00e9s internationales du Canada en font une destination strat\u00e9gique et opportune pour les \u00e9tablissements canadiens souhaitant d\u00e9velopper des collaborations de recherche \u00e0 la fois pertinentes et d&rsquo;envergure mondiale.[\/vc_column_text][vc_column_text css=\u00a0\u00bb\u00a0\u00bb]<\/p>\n<h3><strong>Les domaines de recherche prioritaires :<\/strong><\/h3>\n<p>[\/vc_column_text][vc_column_text css=\u00a0\u00bb\u00a0\u00bb]<\/p>\n<ul>\n<li>Services de sant\u00e9 et services sociaux<\/li>\n<li>S\u00e9curit\u00e9<\/li>\n<li>Technologies de l&rsquo;information et de la communication (TIC)<\/li>\n<li>Environnement et d\u00e9veloppement durable<\/li>\n<li>Transition \u00e9nerg\u00e9tique et \u00e9nergies renouvelables<\/li>\n<\/ul>\n<p>[\/vc_column_text][vc_column_text css=\u00a0\u00bb\u00a0\u00bb]<\/p>\n<h3><strong>Inscription \/ Manifestation d\u2019int\u00e9r\u00eat<\/strong><\/h3>\n<p>[\/vc_column_text][vc_column_text css=\u00a0\u00bb\u00a0\u00bb]Les \u00e9tablissements\u00a0<strong>d&rsquo;enseignement sup\u00e9rieur<\/strong><strong>\u00a0<\/strong>au Canada, membres de l&rsquo;OUI ou d&rsquo;Universit\u00e9s Canada et souhaitant participer \u00e0 la mission, doivent remplir le <a href=\"https:\/\/forms.office.com\/pages\/responsepage.aspx?id=azsCACqUhkK2QNtpLe1qBRWDfR9HPZ9Ph064DNCymZNUODkwOTVTVzdaOVJNOTBZU1FZRE0zQjRBNS4u&amp;route=shorturl\">formulaire d&rsquo;inscription en ligne<\/a> suivant\u00a0<strong>d&rsquo;ici au 26 janvier 2026.<\/strong>[\/vc_column_text][vc_column_text css=\u00a0\u00bb\u00a0\u00bb]Les places sont limit\u00e9es et les institutions retenues en seront inform\u00e9es en mars 2026.[\/vc_column_text][\/vc_column][\/vc_row][vc_row full_width=\u00a0\u00bbstretch_row\u00a0\u00bb css=\u00a0\u00bb.vc_custom_1724883647799{background-color: #f1f1f1 !important;}\u00a0\u00bb][vc_column width=\u00a0\u00bb1\/2&Prime;][vc_single_image image=\u00a0\u00bb1247&Prime; img_size=\u00a0\u00bblarge\u00a0\u00bb css=\u00a0\u00bb\u00a0\u00bb][\/vc_column][vc_column width=\u00a0\u00bb1\/2&Prime;][vc_custom_heading text=\u00a0\u00bbQuestions ou informations suppl\u00e9mentaires\u00a0\u00bb use_theme_fonts=\u00a0\u00bbyes\u00a0\u00bb css=\u00a0\u00bb\u00a0\u00bb][vc_column_text css=\u00a0\u00bb\u00a0\u00bb]<strong>Bibiana Valencia<\/strong><\/p>\n<p>Gestionnaire des relations et des activit\u00e9s internationales \u00e0 Universit\u00e9s Canada<br \/>\n<a href=\"mailto:bvalencia@univcan.ca\"><strong>bvalencia@univcan.ca<\/strong><\/a>[\/vc_column_text][\/vc_column][\/vc_row]<\/p>\n<\/div>","protected":false},"excerpt":{"rendered":"<p>[vc_row][vc_column][vc_custom_heading source=\u00a0\u00bbpost_title\u00a0\u00bb font_container=\u00a0\u00bbtag:h1|text_align:left\u00a0\u00bb use_theme_fonts=\u00a0\u00bbyes\u00a0\u00bb][\/vc_column][\/vc_row][vc_row full_width=\u00a0\u00bbstretch_row\u00a0\u00bb css=\u00a0\u00bb.vc_custom_1724879493976{background-color: #f1f1f1 !important;}\u00a0\u00bb][vc_column width=\u00a0\u00bb1\/4&Prime;][vc_empty_space][vc_single_image image=\u00a0\u00bb19701&Prime; css=\u00a0\u00bb\u00a0\u00bb][vc_column_text css=\u00a0\u00bb\u00a0\u00bb]8 &#8211; 12 juin 2026 Santiago, Chili[\/vc_column_text][\/vc_column][vc_column width=\u00a0\u00bb3\/4&Prime;][vc_column_text css=\u00a0\u00bb\u00a0\u00bb] [&hellip;]<\/p>\n","protected":false},"author":4,"featured_media":0,"parent":0,"menu_order":0,"comment_status":"closed","ping_status":"closed","template":"","meta":{"_acf_changed":false,"_monsterinsights_skip_tracking":false,"_monsterinsights_sitenote_active":false,"_monsterinsights_sitenote_note":"","_monsterinsights_sitenote_category":0,"footnotes":""},"class_list":["post-19693","page","type-page","status-publish","hentry"],"acf":[],"aioseo_notices":[],"_links":{"self":[{"href":"https:\/\/oui-iohe.org\/fr\/wp-json\/wp\/v2\/pages\/19693","targetHints":{"allow":["GET"]}}],"collection":[{"href":"https:\/\/oui-iohe.org\/fr\/wp-json\/wp\/v2\/pages"}],"about":[{"href":"https:\/\/oui-iohe.org\/fr\/wp-json\/wp\/v2\/types\/page"}],"author":[{"embeddable":true,"href":"https:\/\/oui-iohe.org\/fr\/wp-json\/wp\/v2\/users\/4"}],"replies":[{"embeddable":true,"href":"https:\/\/oui-iohe.org\/fr\/wp-json\/wp\/v2\/comments?post=19693"}],"version-history":[{"count":8,"href":"https:\/\/oui-iohe.org\/fr\/wp-json\/wp\/v2\/pages\/19693\/revisions"}],"predecessor-version":[{"id":19817,"href":"https:\/\/oui-iohe.org\/fr\/wp-json\/wp\/v2\/pages\/19693\/revisions\/19817"}],"wp:attachment":[{"href":"https:\/\/oui-iohe.org\/fr\/wp-json\/wp\/v2\/media?parent=19693"}],"curies":[{"name":"wp","href":"https:\/\/api.w.org\/{rel}","templated":true}]}}