{"id":20093,"date":"2026-01-28T03:36:50","date_gmt":"2026-01-28T08:36:50","guid":{"rendered":"https:\/\/oui-iohe.org\/?page_id=20093"},"modified":"2026-02-13T15:53:15","modified_gmt":"2026-02-13T20:53:15","slug":"offre-salle-collaborative-oui","status":"publish","type":"page","link":"https:\/\/oui-iohe.org\/fr\/offre-salle-collaborative-oui\/","title":{"rendered":"Offre Salle collaborative de l&rsquo;OUI"},"content":{"rendered":"<div class=\"wpb-content-wrapper\"><p>[vc_row][vc_column][vc_custom_heading source=\u00a0\u00bbpost_title\u00a0\u00bb font_container=\u00a0\u00bbtag:h1|text_align:left\u00a0\u00bb use_theme_fonts=\u00a0\u00bbyes\u00a0\u00bb][\/vc_column][\/vc_row][vc_row][vc_column][vc_column_text css=\u00a0\u00bb\u00a0\u00bb]<strong>Nous partageons les possibilit\u00e9s de formation continue virtuelle suivantes :<\/strong>[\/vc_column_text][\/vc_column][\/vc_row][vc_row][vc_column][vc_tta_accordion style=\u00a0\u00bbflat\u00a0\u00bb shape=\u00a0\u00bbsquare\u00a0\u00bb color=\u00a0\u00bbiohe-orange\u00a0\u00bb gap=\u00a0\u00bb35&Prime; c_icon=\u00a0\u00bbchevron\u00a0\u00bb c_position=\u00a0\u00bbright\u00a0\u00bb active_section=\u00a0\u00bb9999&Prime; no_fill=\u00a0\u00bbtrue\u00a0\u00bb collapsible_all=\u00a0\u00bbtrue\u00a0\u00bb][vc_tta_section title=\u00a0\u00bbCurso Portugu\u00eas para estrangeiros\u00a0\u00bb tab_id=\u00a0\u00bb1724381146015-92019078-c9b7&Prime;][vc_column_text css=\u00a0\u00bb\u00a0\u00bb]<\/p>\n<h3><\/h3>\n<h3><img loading=\"lazy\" decoding=\"async\" class=\"alignnone size-medium wp-image-17191\" src=\"https:\/\/oui-iohe.org\/wp-content\/uploads\/2024\/10\/LOGO_UNO_CHAPECO_HORIZONTAL_AZUL-300x117.png\" alt=\"\" width=\"300\" height=\"117\" srcset=\"https:\/\/oui-iohe.org\/wp-content\/uploads\/2024\/10\/LOGO_UNO_CHAPECO_HORIZONTAL_AZUL-300x117.png 300w, https:\/\/oui-iohe.org\/wp-content\/uploads\/2024\/10\/LOGO_UNO_CHAPECO_HORIZONTAL_AZUL.png 386w\" sizes=\"auto, (max-width: 300px) 100vw, 300px\" \/><\/h3>\n<h3>Universidade Comunit\u00e1ria da Regi\u00e3o de Chapec\u00f3 (Unochapec\u00f3)<\/h3>\n<h3>Objectifs :<\/h3>\n<ul>\n<li>Pr\u00e9senter des structures grammaticales, du vocabulaire et les usages les plus courants de la langue portugaise pour les locuteurs d&rsquo;autres langues.<\/li>\n<\/ul>\n<h3>Destin\u00e9 \u00e0 :<\/h3>\n<p>Toute personne int\u00e9ress\u00e9e \u00e0 apprendre le portugais.<\/p>\n<h3>Charge horaire :<\/h3>\n<p>20 heures<\/p>\n<h3>Modalit\u00e9 :<\/h3>\n<p dir=\"ltr\" role=\"presentation\">En ligne \/ asynchrone<\/p>\n<h3>Disponible jusqu&rsquo;au :<\/h3>\n<p>31 d\u00e9cembre 2026.<\/p>\n<h3>Investissement :<\/h3>\n<p>Sans co\u00fbt.[\/vc_column_text][vc_btn title=\u00a0\u00bbPlus de informations et inscription\u00a0\u00bb style=\u00a0\u00bbflat\u00a0\u00bb shape=\u00a0\u00bbsquare\u00a0\u00bb color=\u00a0\u00bbiohe-orange\u00a0\u00bb size=\u00a0\u00bblg\u00a0\u00bb align=\u00a0\u00bbright\u00a0\u00bb css=\u00a0\u00bb\u00a0\u00bb link=\u00a0\u00bburl:https%3A%2F%2Feventos.unochapeco.edu.br%2Fportuguesparaestrangeiros-633453%2F|target:_blank\u00a0\u00bb][\/vc_tta_section][\/vc_tta_accordion][\/vc_column][\/vc_row][vc_row][vc_column][vc_separator color=\u00a0\u00bbiohe-orange\u00a0\u00bb border_width=\u00a0\u00bb6&Prime; css=\u00a0\u00bb\u00a0\u00bb][\/vc_column][\/vc_row][vc_row][vc_column][vc_empty_space][vc_column_text css=\u00a0\u00bb\u00a0\u00bb]L&rsquo;Organisation Universitaire Interam\u00e9ricaine (OUI) informe que les cours offerts \u00e0 travers notre service de la Salle de classe collaborative de l&rsquo;OUI correspondent \u00e0 des actions de formation continue des institutions membres de l&rsquo;OUI, qui assument la responsabilit\u00e9 de l&rsquo;ensemble des processus impliqu\u00e9s dans le d\u00e9veloppement de l&rsquo;activit\u00e9. Toute question ou clarification doit \u00eatre adress\u00e9e uniquement et exclusivement \u00e0 l&rsquo;institution d&rsquo;enseignement sup\u00e9rieur qui offre le service. De m\u00eame, la proc\u00e9dure pour les inscriptions, le d\u00e9veloppement, l&rsquo;utilisation de la plateforme, les questions acad\u00e9miques et la d\u00e9livrance des certificats doit \u00eatre coordonn\u00e9e directement avec l&rsquo;institution qui propose le cours.[\/vc_column_text][\/vc_column][\/vc_row][vc_row full_width=\u00a0\u00bbstretch_row\u00a0\u00bb css=\u00a0\u00bb.vc_custom_1724883647799{background-color: #f1f1f1 !important;}\u00a0\u00bb][vc_column width=\u00a0\u00bb1\/2&Prime;][vc_single_image image=\u00a0\u00bb1247&Prime; img_size=\u00a0\u00bblarge\u00a0\u00bb css=\u00a0\u00bb\u00a0\u00bb][\/vc_column][vc_column width=\u00a0\u00bb1\/2&Prime;][vc_custom_heading text=\u00a0\u00bbQuestions ou informations suppl\u00e9mentaires\u00a0\u00bb use_theme_fonts=\u00a0\u00bbyes\u00a0\u00bb css=\u00a0\u00bb\u00a0\u00bb][vc_column_text css=\u00a0\u00bb\u00a0\u00bb]<a href=\"mailto:cursos@oui-iohe.org\">cursos@oui-iohe.org<\/a><\/p>\n<p>Objet : \u00ab\u00a0Informations &#8211; Salle de classe collaborative de l&rsquo;OUI\u00a0\u00bb.[\/vc_column_text][\/vc_column][\/vc_row]<\/p>\n<\/div>","protected":false},"excerpt":{"rendered":"<p>[vc_row][vc_column][vc_custom_heading source=\u00a0\u00bbpost_title\u00a0\u00bb font_container=\u00a0\u00bbtag:h1|text_align:left\u00a0\u00bb use_theme_fonts=\u00a0\u00bbyes\u00a0\u00bb][\/vc_column][\/vc_row][vc_row][vc_column][vc_column_text css=\u00a0\u00bb\u00a0\u00bb]Nous partageons les possibilit\u00e9s de formation continue virtuelle suivantes :[\/vc_column_text][\/vc_column][\/vc_row][vc_row][vc_column][vc_tta_accordion style=\u00a0\u00bbflat\u00a0\u00bb shape=\u00a0\u00bbsquare\u00a0\u00bb color=\u00a0\u00bbiohe-orange\u00a0\u00bb gap=\u00a0\u00bb35&Prime; c_icon=\u00a0\u00bbchevron\u00a0\u00bb c_position=\u00a0\u00bbright\u00a0\u00bb [&hellip;]<\/p>\n","protected":false},"author":4,"featured_media":0,"parent":0,"menu_order":0,"comment_status":"closed","ping_status":"closed","template":"","meta":{"_acf_changed":false,"_monsterinsights_skip_tracking":false,"_monsterinsights_sitenote_active":false,"_monsterinsights_sitenote_note":"","_monsterinsights_sitenote_category":0,"footnotes":""},"class_list":["post-20093","page","type-page","status-publish","hentry"],"acf":[],"aioseo_notices":[],"_links":{"self":[{"href":"https:\/\/oui-iohe.org\/fr\/wp-json\/wp\/v2\/pages\/20093","targetHints":{"allow":["GET"]}}],"collection":[{"href":"https:\/\/oui-iohe.org\/fr\/wp-json\/wp\/v2\/pages"}],"about":[{"href":"https:\/\/oui-iohe.org\/fr\/wp-json\/wp\/v2\/types\/page"}],"author":[{"embeddable":true,"href":"https:\/\/oui-iohe.org\/fr\/wp-json\/wp\/v2\/users\/4"}],"replies":[{"embeddable":true,"href":"https:\/\/oui-iohe.org\/fr\/wp-json\/wp\/v2\/comments?post=20093"}],"version-history":[{"count":3,"href":"https:\/\/oui-iohe.org\/fr\/wp-json\/wp\/v2\/pages\/20093\/revisions"}],"predecessor-version":[{"id":20560,"href":"https:\/\/oui-iohe.org\/fr\/wp-json\/wp\/v2\/pages\/20093\/revisions\/20560"}],"wp:attachment":[{"href":"https:\/\/oui-iohe.org\/fr\/wp-json\/wp\/v2\/media?parent=20093"}],"curies":[{"name":"wp","href":"https:\/\/api.w.org\/{rel}","templated":true}]}}