{"id":21174,"date":"2026-05-09T14:13:59","date_gmt":"2026-05-09T18:13:59","guid":{"rendered":"https:\/\/oui-iohe.org\/?page_id=21174"},"modified":"2026-05-09T18:52:08","modified_gmt":"2026-05-09T22:52:08","slug":"caei-costa-rica-2025","status":"publish","type":"page","link":"https:\/\/oui-iohe.org\/fr\/caei-costa-rica-2025\/","title":{"rendered":"CAEI COSTA RICA &#8211; 2025"},"content":{"rendered":"<div class=\"wpb-content-wrapper\"><p>[vc_row][vc_column][vc_custom_heading text=\u00a0\u00bbCAEI COSTA RICA &#8211; 2025&Prime; font_container=\u00a0\u00bbtag:h2|text_align:left|color:%23b12028&Prime; use_theme_fonts=\u00a0\u00bbyes\u00a0\u00bb css=\u00a0\u00bb\u00a0\u00bb][\/vc_column][\/vc_row][vc_row][vc_column width=\u00a0\u00bb1\/3&Prime;][vc_single_image image=\u00a0\u00bb16157&Prime; img_size=\u00a0\u00bblarge\u00a0\u00bb css=\u00a0\u00bb\u00a0\u00bb][\/vc_column][vc_column width=\u00a0\u00bb2\/3&Prime;][vc_custom_heading text=\u00a0\u00bbPr\u00e9sentation\u00a0\u00bb font_container=\u00a0\u00bbtag:h2|text_align:left|color:%23b12028&Prime; use_theme_fonts=\u00a0\u00bbyes\u00a0\u00bb css=\u00a0\u00bb\u00a0\u00bb][vc_column_text css=\u00a0\u00bb\u00a0\u00bb]La neuvi\u00e8me \u00e9dition du Congr\u00e8s des Am\u00e9riques sur l&rsquo;\u00e9ducation internationale (CAEI) s&rsquo;est tenue les 15, 16 et 17 octobre 2025 \u00e0 San Jos\u00e9, au Costa Rica, en pr\u00e9sentiel. Le th\u00e8me central \u00e9tait : \u00ab Transformer le savoir en d\u00e9veloppement \u00bb.[\/vc_column_text][vc_video link=\u00a0\u00bbhttps:\/\/youtu.be\/6CZgYdwdvrQ?si=FRO-cbKDaJLidNU1&Prime; el_width=\u00a0\u00bb80&Prime; css=\u00a0\u00bb\u00a0\u00bb][vc_column_text css=\u00a0\u00bb\u00a0\u00bb]<span style=\"font-weight: 400;\">Le dynamisme de la communaut\u00e9 inter-am\u00e9ricaine qui constitue les bases de cette initiative innovatrice s\u2019articule autour de leaders gouvernementaux, de dirigeants et gestionnaires des universit\u00e9s, d\u2019acad\u00e9miciens et de chercheurs, de directeurs de relations internationales et d\u2019organisations universitaires au niveau national, r\u00e9gional, interam\u00e9ricain et internationale, ce qui a permis de compter sur la participation de:<\/span><\/p>\n<ul>\n<li style=\"font-weight: 400;\" aria-level=\"1\"><span style=\"font-weight: 400;\">7.281\u00a0 participants<\/span><\/li>\n<li style=\"font-weight: 400;\" aria-level=\"1\"><span style=\"font-weight: 400;\">39 associations membres du CAEI<\/span><\/li>\n<li style=\"font-weight: 400;\" aria-level=\"1\"><span style=\"font-weight: 400;\">1.100 + conf\u00e9renciers<\/span><\/li>\n<li style=\"font-weight: 400;\" aria-level=\"1\"><span style=\"font-weight: 400;\">286 activit\u00e9s acad\u00e9miques<\/span><\/li>\n<li style=\"font-weight: 400;\" aria-level=\"1\"><span style=\"font-weight: 400;\">1 700 + Institutions et organisations<\/span><\/li>\n<li style=\"font-weight: 400;\" aria-level=\"1\"><span style=\"font-weight: 400;\">60 + pays<\/span><\/li>\n<li style=\"font-weight: 400;\" aria-level=\"1\"><span style=\"font-weight: 400;\">5 continents<\/span><\/li>\n<\/ul>\n<p>[\/vc_column_text][vc_toggle title=\u00a0\u00bbConf\u00e9renciers\u00a0\u00bb style=\u00a0\u00bbround_outline\u00a0\u00bb color=\u00a0\u00bbgreen\u00a0\u00bb size=\u00a0\u00bblg\u00a0\u00bb css=\u00a0\u00bb\u00a0\u00bb]El CAEI-2025 tuvo como tema central \u201cTransformando conocimiento en desarrollo\u201d, lo cual implica la transici\u00f3n del saber centralizado hacia la universalizaci\u00f3n de la ciencia como un elemento de transformaci\u00f3n social y desarrollo humano, que invita a la reconceptualizaci\u00f3n permanente de la educaci\u00f3n y la investigaci\u00f3n como generadoras de conocimiento y dinamizadoras de la innovaci\u00f3n conducente a sociedades m\u00e1s interculturales con desarrollo ambiental, econ\u00f3mico, pol\u00edtico, social, sostenible y sustentable.<\/p>\n<p><a href=\"https:\/\/caie-caei.org\/fr\/conferencistas-caei-2025\/\">Conozca aqu\u00ed los conferencistas del CAEI 2025<\/a>[\/vc_toggle][vc_toggle title=\u00a0\u00bbProgramme acad\u00e9mique\u00a0\u00bb style=\u00a0\u00bbround_outline\u00a0\u00bb color=\u00a0\u00bbgreen\u00a0\u00bb size=\u00a0\u00bblg\u00a0\u00bb css=\u00a0\u00bb\u00a0\u00bb]Le CAEI-2025 Costa Rica a invit\u00e9 les \u00e9tablissements d\u2019enseignement sup\u00e9rieur (EES), les professionnels de l\u2019\u00e9ducation internationale, les universitaires et les chercheurs, les repr\u00e9sentants du gouvernement central et des collectivit\u00e9s locales ainsi que la soci\u00e9t\u00e9 civile \u00e0 participer et \u00e0 pr\u00e9senter leurs propositions de sessions, consid\u00e9rant que chacune de ces contributions repr\u00e9sente, aux niveaux national et international, une avanc\u00e9e vers de meilleures pratiques \u00e9ducatives multi et interdisciplinaires, des syst\u00e8mes \u00e9ducatifs plus internationalis\u00e9s et inclusifs, ainsi qu\u2019une mise \u00e0 jour et une collaboration internationale et interinstitutionnelle en phase avec les tendances et les d\u00e9fis du contexte actuel de l\u2019enseignement sup\u00e9rieur.<\/p>\n<p>Les propositions s\u00e9lectionn\u00e9es ont \u00e9t\u00e9 \u00e9labor\u00e9es par des groupes de professionnels issus de divers horizons acad\u00e9miques, professionnels, culturels et g\u00e9ographiques, favorisant ainsi la socialisation et la transformation des connaissances, afin de faire avancer la r\u00e9flexion.<\/p>\n<p><img loading=\"lazy\" decoding=\"async\" class=\"alignnone size-full wp-image-21201\" src=\"https:\/\/oui-iohe.org\/wp-content\/uploads\/2026\/05\/FR-1-TEMAS.png\" alt=\"\" width=\"937\" height=\"540\" \/>[\/vc_toggle][vc_toggle title=\u00a0\u00bbExposants\u00a0\u00bb style=\u00a0\u00bbround_outline\u00a0\u00bb color=\u00a0\u00bbgreen\u00a0\u00bb size=\u00a0\u00bblg\u00a0\u00bb css=\u00a0\u00bb\u00a0\u00bb]Lors de la huiti\u00e8me \u00e9dition du CAEI, 34 institutions \u00e9ducatives, gouvernementales, priv\u00e9es et internationales ont particip\u00e9 activement \u00e0 l&rsquo;exposition CAEI-2023, avec 26 institutions participantes. Parmi elles, citons EduCanada, Qu\u00e9bec, The Forum, Altissia, SofiaU, TIEC, iCENT APP, Turnitin, CSN, UNLV, Education USA et China Education Association for International (CEAIE), pour n&rsquo;en citer que quelques-unes.<\/p>\n<p>Toutes ces institutions ont pu interagir avec les 700 participants qui ont assist\u00e9 \u00e0 l&rsquo;\u00e9v\u00e9nement de trois jours et qui repr\u00e9sentaient 31 pays.<\/p>\n<p><a href=\"https:\/\/caie-caei.org\/fr\/sponsors-et-exposants\/\">Pour en savoir plus sur nos exposants et sponsors, cliquez ici.<\/a><\/p>\n<p>[\/vc_toggle][\/vc_column][\/vc_row][vc_row][vc_column][vc_empty_space][\/vc_column][\/vc_row][vc_row][vc_column][vc_custom_heading text=\u00a0\u00bbVideos CAEI 2025&Prime; use_theme_fonts=\u00a0\u00bbyes\u00a0\u00bb css=\u00a0\u00bb\u00a0\u00bb][vc_column_text css=\u00a0\u00bb\u00a0\u00bb]Le Congr\u00e8s des Am\u00e9riques sur l&rsquo;\u00e9ducation internationale (CAEI) invite l&rsquo;ensemble de la communaut\u00e9 de l&rsquo;enseignement sup\u00e9rieur, ainsi que les repr\u00e9sentants des secteurs public, priv\u00e9 et de la soci\u00e9t\u00e9 civile, \u00e0 participer \u00e0 diverses discussions sur l&rsquo;innovation et l&rsquo;internationalisation de l&rsquo;enseignement sup\u00e9rieur.[\/vc_column_text][vc_text_separator title=\u00a0\u00bbCAEI 2025 | Jour 2 au Costa Rica\u00a0\u00bb css=\u00a0\u00bb\u00a0\u00bb][vc_video link=\u00a0\u00bbhttps:\/\/youtu.be\/IPkHYLdhedc?si=2UAUradvutqNAG-P\u00a0\u00bb el_width=\u00a0\u00bb70&Prime; align=\u00a0\u00bbcenter\u00a0\u00bb css=\u00a0\u00bb\u00a0\u00bb][vc_text_separator title=\u00a0\u00bbCAEI 2025 | Jour 1 au Costa Rica\u00a0\u00bb css=\u00a0\u00bb\u00a0\u00bb][vc_video link=\u00a0\u00bbhttps:\/\/youtu.be\/f3WxJRGp16w?si=xE0kiBhQWOOY5ULv\u00a0\u00bb el_width=\u00a0\u00bb70&Prime; align=\u00a0\u00bbcenter\u00a0\u00bb css=\u00a0\u00bb\u00a0\u00bb][vc_text_separator title=\u00a0\u00bbWebinaire &#8211; Lancement du CAEI 2025&Prime; css=\u00a0\u00bb\u00a0\u00bb][vc_video link=\u00a0\u00bbhttps:\/\/www.youtube.com\/live\/EHeetOeX9LU?si=czBGkm4aRWgf6Nj7&Prime; el_width=\u00a0\u00bb70&Prime; align=\u00a0\u00bbcenter\u00a0\u00bb css=\u00a0\u00bb\u00a0\u00bb][vc_text_separator title=\u00a0\u00bbL&rsquo;essentiel du Costa Rica\u00a0\u00bb css=\u00a0\u00bb\u00a0\u00bb][vc_video link=\u00a0\u00bbhttps:\/\/youtu.be\/HfzwdiyzX_M?si=iik7CSMplrJ1UT3k\u00a0\u00bb el_width=\u00a0\u00bb70&Prime; align=\u00a0\u00bbcenter\u00a0\u00bb css=\u00a0\u00bb\u00a0\u00bb][vc_text_separator title=\u00a0\u00bbSee you in Costa Rica &#8211; CAEI 2025&Prime; css=\u00a0\u00bb\u00a0\u00bb][vc_video link=\u00a0\u00bbhttps:\/\/youtu.be\/RxGI0wbEvB8?si=xIbFMgJm27AreP1o\u00a0\u00bb el_width=\u00a0\u00bb70&Prime; align=\u00a0\u00bbcenter\u00a0\u00bb css=\u00a0\u00bb\u00a0\u00bb][\/vc_column][\/vc_row]<\/p>\n<\/div>","protected":false},"excerpt":{"rendered":"<p>[vc_row][vc_column][vc_custom_heading text=\u00a0\u00bbCAEI COSTA RICA &#8211; 2025&Prime; font_container=\u00a0\u00bbtag:h2|text_align:left|color:%23b12028&Prime; use_theme_fonts=\u00a0\u00bbyes\u00a0\u00bb css=\u00a0\u00bb\u00a0\u00bb][\/vc_column][\/vc_row][vc_row][vc_column width=\u00a0\u00bb1\/3&Prime;][vc_single_image image=\u00a0\u00bb16157&Prime; img_size=\u00a0\u00bblarge\u00a0\u00bb css=\u00a0\u00bb\u00a0\u00bb][\/vc_column][vc_column width=\u00a0\u00bb2\/3&Prime;][vc_custom_heading text=\u00a0\u00bbPr\u00e9sentation\u00a0\u00bb font_container=\u00a0\u00bbtag:h2|text_align:left|color:%23b12028&Prime; use_theme_fonts=\u00a0\u00bbyes\u00a0\u00bb css=\u00a0\u00bb\u00a0\u00bb][vc_column_text css=\u00a0\u00bb\u00a0\u00bb]La neuvi\u00e8me [&hellip;]<\/p>\n","protected":false},"author":4,"featured_media":0,"parent":0,"menu_order":0,"comment_status":"closed","ping_status":"closed","template":"","meta":{"_acf_changed":false,"_monsterinsights_skip_tracking":false,"_monsterinsights_sitenote_active":false,"_monsterinsights_sitenote_note":"","_monsterinsights_sitenote_category":0,"footnotes":""},"class_list":["post-21174","page","type-page","status-publish","hentry"],"acf":[],"aioseo_notices":[],"_links":{"self":[{"href":"https:\/\/oui-iohe.org\/fr\/wp-json\/wp\/v2\/pages\/21174","targetHints":{"allow":["GET"]}}],"collection":[{"href":"https:\/\/oui-iohe.org\/fr\/wp-json\/wp\/v2\/pages"}],"about":[{"href":"https:\/\/oui-iohe.org\/fr\/wp-json\/wp\/v2\/types\/page"}],"author":[{"embeddable":true,"href":"https:\/\/oui-iohe.org\/fr\/wp-json\/wp\/v2\/users\/4"}],"replies":[{"embeddable":true,"href":"https:\/\/oui-iohe.org\/fr\/wp-json\/wp\/v2\/comments?post=21174"}],"version-history":[{"count":2,"href":"https:\/\/oui-iohe.org\/fr\/wp-json\/wp\/v2\/pages\/21174\/revisions"}],"predecessor-version":[{"id":21205,"href":"https:\/\/oui-iohe.org\/fr\/wp-json\/wp\/v2\/pages\/21174\/revisions\/21205"}],"wp:attachment":[{"href":"https:\/\/oui-iohe.org\/fr\/wp-json\/wp\/v2\/media?parent=21174"}],"curies":[{"name":"wp","href":"https:\/\/api.w.org\/{rel}","templated":true}]}}