{"id":2778,"date":"2019-01-24T15:49:46","date_gmt":"2019-01-24T20:49:46","guid":{"rendered":"https:\/\/oui-iohe.org\/?page_id=2778"},"modified":"2025-11-26T15:58:10","modified_gmt":"2025-11-26T20:58:10","slug":"caei-caie","status":"publish","type":"page","link":"https:\/\/oui-iohe.org\/fr\/caei-caie\/","title":{"rendered":"CAEI"},"content":{"rendered":"<div class=\"wpb-content-wrapper\"><p>[vc_row][vc_column][vc_custom_heading source=\u00a0\u00bbpost_title\u00a0\u00bb font_container=\u00a0\u00bbtag:h1|text_align:left|color:%23b12028&Prime; use_theme_fonts=\u00a0\u00bbyes\u00a0\u00bb][\/vc_column][\/vc_row][vc_row][vc_column width=\u00a0\u00bb1\/3&Prime;][vc_single_image image=\u00a0\u00bb359&Prime; img_size=\u00a0\u00bblarge\u00a0\u00bb alignment=\u00a0\u00bbcenter\u00a0\u00bb onclick=\u00a0\u00bbcustom_link\u00a0\u00bb img_link_target=\u00a0\u00bb_blank\u00a0\u00bb link=\u00a0\u00bbhttps:\/\/caie-caei.org\/fr\/\u00a0\u00bb][\/vc_column][vc_column width=\u00a0\u00bb2\/3&Prime;][vc_custom_heading text=\u00a0\u00bbQu&rsquo;est-ce que le CAEI ?\u00a0\u00bb use_theme_fonts=\u00a0\u00bbyes\u00a0\u00bb][vc_column_text css=\u00a0\u00bb\u00a0\u00bb]Agissant en qualit\u00e9 de Secr\u00e9tariat ex\u00e9cutif du <strong>Congr\u00e8s des Am\u00e9riques sur l\u2019\u00e9ducation internationale (CAEI)<\/strong>, l\u2019OUI s\u2019associe \u00e0 une trentaine d\u2019organisations internationales et \u00e0 des \u00e9tablissements d\u2019enseignement sup\u00e9rieur (\u00c9ES) pour organiser le seul congr\u00e8s international de ce genre.<\/p>\n<p>Le Congr\u00e8s des Am\u00e9riques sur l\u2019\u00e9ducation internationale (CAEI) est le forum continental d\u2019excellence qui r\u00e9unit les principaux acteurs et d\u00e9cideurs li\u00e9s \u00e0 l\u2019internationalisation de l\u2019enseignement sup\u00e9rieur dans les Am\u00e9riques pour renforcer les contacts, \u00e9changer des exp\u00e9riences et tracer l\u2019avenir de la coop\u00e9ration en enseignement sup\u00e9rieur dans la r\u00e9gion.<\/p>\n<p>Le CAIE est organis\u00e9 tous les deux ans dans un pays d&rsquo;accueil diff\u00e9rent, en partenariat avec des institutions et des organisations nationales, r\u00e9gionales et internationales de l&rsquo;enseignement sup\u00e9rieur. Il constitue une plateforme permettant de pr\u00e9senter les d\u00e9fis et les tendances \u00e9mergents, ainsi que les bonnes pratiques li\u00e9es \u00e0 l&rsquo;\u00e9ducation internationale sur le continent.[\/vc_column_text][vc_single_image image=\u00a0\u00bb16157&Prime; img_size=\u00a0\u00bblarge\u00a0\u00bb css=\u00a0\u00bb\u00a0\u00bb][vc_empty_space height=\u00a0\u00bb10PX\u00a0\u00bb][vc_empty_space height=\u00a0\u00bb10PX\u00a0\u00bb][vc_custom_heading text=\u00a0\u00bbCAEI San Jos\u00e9, Costa Rica, 2025&Prime; use_theme_fonts=\u00a0\u00bbyes\u00a0\u00bb css=\u00a0\u00bb\u00a0\u00bb][vc_column_text css=\u00a0\u00bb\u00a0\u00bb]<strong>TRANSFORMER LA CONNAISSANCE EN D\u00c9VELOPPEMENT<\/strong><\/p>\n<p>9<sup>\u00e8me<\/sup> \u00e9dition du Congr\u00e8s des Am\u00e9riques sur l\u2019\u00c9ducation Internationale (CAEI)<\/p>\n<p style=\"text-align: left;\"><strong>Le 15, 16 et 17 octobre &#8211; 2025, San Jos\u00e9, Costa Rica.<\/strong><\/p>\n<p>[\/vc_column_text][\/vc_column][\/vc_row][vc_row][vc_column width=\u00a0\u00bb1\/3&Prime;][\/vc_column][vc_column width=\u00a0\u00bb1\/3&Prime;][vc_column_text css=\u00a0\u00bb\u00a0\u00bb]<a href=\"https:\/\/caie-caei.org\/fr\/info-appel-a-propositions-2025\/\"><strong>APPEL \u00c0 PROPOSITIONS<\/strong><strong> &gt;<\/strong><\/a>[\/vc_column_text][\/vc_column][vc_column width=\u00a0\u00bb1\/3&Prime;][vc_column_text css=\u00a0\u00bb\u00a0\u00bb]<a href=\"https:\/\/caie-caei.org\/fr\/registro-2025\/\"><strong>INSCRIPTION<\/strong><strong> &gt;<\/strong><\/a>[\/vc_column_text][\/vc_column][\/vc_row][vc_row full_width=\u00a0\u00bbstretch_row\u00a0\u00bb css=\u00a0\u00bb.vc_custom_1542744654565{padding-top: 20px !important;background-color: #f1f1f1 !important;}\u00a0\u00bb][vc_column][vc_video link=\u00a0\u00bbhttps:\/\/youtu.be\/kn9zhlg_8Gw?si=xY3ErAOV9oHkvkhQ\u00a0\u00bb el_width=\u00a0\u00bb80&Prime; align=\u00a0\u00bbcenter\u00a0\u00bb css=\u00a0\u00bb\u00a0\u00bb][\/vc_column][\/vc_row][vc_row full_width=\u00a0\u00bbstretch_row\u00a0\u00bb css=\u00a0\u00bb.vc_custom_1542744654565{padding-top: 20px !important;background-color: #f1f1f1 !important;}\u00a0\u00bb][vc_column][vc_custom_heading text=\u00a0\u00bb\u00c9ditions ant\u00e9rieures\u00a0\u00bb use_theme_fonts=\u00a0\u00bbyes\u00a0\u00bb][\/vc_column][\/vc_row][vc_row full_width=\u00a0\u00bbstretch_row\u00a0\u00bb css=\u00a0\u00bb.vc_custom_1542744817691{margin-top: -20px !important;background-color: #f1f1f1 !important;}\u00a0\u00bb][vc_column width=\u00a0\u00bb1\/2&Prime;][vc_single_image image=\u00a0\u00bb16177&Prime; img_size=\u00a0\u00bblarge\u00a0\u00bb alignment=\u00a0\u00bbcenter\u00a0\u00bb css=\u00a0\u00bb\u00a0\u00bb][\/vc_column][vc_column width=\u00a0\u00bb1\/2&Prime;][vc_custom_heading text=\u00a0\u00bbCAEI \u00c9TATS-UNIS 2023&Prime; font_container=\u00a0\u00bbtag:h4|text_align:left|color:%23b12028&Prime; use_theme_fonts=\u00a0\u00bbyes\u00a0\u00bb css=\u00a0\u00bb.vc_custom_1718988670241{margin-bottom: 20px !important;}\u00a0\u00bb link=\u00a0\u00bburl:https%3A%2F%2Foui-iohe.org%2Ffr%2Fcaei-chili-2021%2F||target:%20_blank|\u00a0\u00bb][vc_btn title=\u00a0\u00bbCAEI \u00c9TATS-UNIS 2023&Prime; style=\u00a0\u00bbflat\u00a0\u00bb shape=\u00a0\u00bbsquare\u00a0\u00bb color=\u00a0\u00bbiohe-orange\u00a0\u00bb size=\u00a0\u00bblg\u00a0\u00bb align=\u00a0\u00bbleft\u00a0\u00bb css=\u00a0\u00bb\u00a0\u00bb link=\u00a0\u00bburl:https%3A%2F%2Foui-iohe.org%2Ffr%2Fcaei-usa-2023%2F|target:_blank\u00a0\u00bb][vc_custom_heading text=\u00a0\u00bbCAEI CHILI 2021&Prime; font_container=\u00a0\u00bbtag:h4|text_align:left|color:%23b12028&Prime; use_theme_fonts=\u00a0\u00bbyes\u00a0\u00bb css=\u00a0\u00bb.vc_custom_1674953410042{margin-bottom: 20px !important;}\u00a0\u00bb link=\u00a0\u00bburl:https%3A%2F%2Foui-iohe.org%2Ffr%2Fcaei-chili-2021%2F||target:%20_blank|\u00a0\u00bb][vc_btn title=\u00a0\u00bbCAEI CHILI 2021&Prime; style=\u00a0\u00bbflat\u00a0\u00bb shape=\u00a0\u00bbsquare\u00a0\u00bb color=\u00a0\u00bbiohe-orange\u00a0\u00bb size=\u00a0\u00bblg\u00a0\u00bb align=\u00a0\u00bbleft\u00a0\u00bb link=\u00a0\u00bburl:https%3A%2F%2Foui-iohe.org%2Ffr%2Fcaei-chili-2021%2F||target:%20_blank|\u00a0\u00bb][vc_custom_heading text=\u00a0\u00bbCAEI COLOMBIA 2019&Prime; font_container=\u00a0\u00bbtag:h4|text_align:left|color:%23b12028&Prime; use_theme_fonts=\u00a0\u00bbyes\u00a0\u00bb css=\u00a0\u00bb.vc_custom_1605303126349{margin-bottom: 20px !important;}\u00a0\u00bb][vc_btn title=\u00a0\u00bbCAEI COLOMBIA 2019&Prime; style=\u00a0\u00bbflat\u00a0\u00bb shape=\u00a0\u00bbsquare\u00a0\u00bb color=\u00a0\u00bbiohe-orange\u00a0\u00bb size=\u00a0\u00bblg\u00a0\u00bb align=\u00a0\u00bbleft\u00a0\u00bb link=\u00a0\u00bburl:https%3A%2F%2Foui-iohe.org%2Ffr%2Fcaei-colombie-2019%2F|||\u00a0\u00bb][vc_custom_heading text=\u00a0\u00bbCAEI CANADA 2017&Prime; font_container=\u00a0\u00bbtag:h4|text_align:left|color:%23b12028&Prime; use_theme_fonts=\u00a0\u00bbyes\u00a0\u00bb css=\u00a0\u00bb.vc_custom_1548362293400{margin-bottom: 20px !important;}\u00a0\u00bb][vc_btn title=\u00a0\u00bbCAEI CANADA 2017&Prime; style=\u00a0\u00bbflat\u00a0\u00bb shape=\u00a0\u00bbsquare\u00a0\u00bb color=\u00a0\u00bbiohe-orange\u00a0\u00bb size=\u00a0\u00bblg\u00a0\u00bb align=\u00a0\u00bbleft\u00a0\u00bb link=\u00a0\u00bburl:https%3A%2F%2Foui-iohe.org%2Ffr%2Fcaei-canada-2017%2F|||\u00a0\u00bb][vc_custom_heading text=\u00a0\u00bbCAEI \u00c9QUATEUR 2015&Prime; font_container=\u00a0\u00bbtag:h4|text_align:left|color:%23b12028&Prime; use_theme_fonts=\u00a0\u00bbyes\u00a0\u00bb css=\u00a0\u00bb.vc_custom_1548362288864{margin-bottom: 20px !important;}\u00a0\u00bb][vc_btn title=\u00a0\u00bbCAEI \u00c9QUATEUR 2015&Prime; style=\u00a0\u00bbflat\u00a0\u00bb shape=\u00a0\u00bbsquare\u00a0\u00bb color=\u00a0\u00bbiohe-orange\u00a0\u00bb size=\u00a0\u00bblg\u00a0\u00bb align=\u00a0\u00bbleft\u00a0\u00bb link=\u00a0\u00bburl:https%3A%2F%2Foui-iohe.org%2Ffr%2Fcaei-equateur-2015%2F|||\u00a0\u00bb][vc_custom_heading text=\u00a0\u00bbCAEI MEXIQUE 2013&Prime; font_container=\u00a0\u00bbtag:h4|text_align:left|color:%23b12028&Prime; use_theme_fonts=\u00a0\u00bbyes\u00a0\u00bb css=\u00a0\u00bb.vc_custom_1548362300608{margin-bottom: 20px !important;}\u00a0\u00bb][vc_btn title=\u00a0\u00bbCAEI MEXIQUE 2013&Prime; style=\u00a0\u00bbflat\u00a0\u00bb shape=\u00a0\u00bbsquare\u00a0\u00bb color=\u00a0\u00bbiohe-orange\u00a0\u00bb size=\u00a0\u00bblg\u00a0\u00bb align=\u00a0\u00bbleft\u00a0\u00bb link=\u00a0\u00bburl:https%3A%2F%2Foui-iohe.org%2Ffr%2Fcaei-mexique-2013%2F||target:%20_blank|\u00a0\u00bb][vc_custom_heading text=\u00a0\u00bbCAEI BR\u00c9SIL 2012&Prime; font_container=\u00a0\u00bbtag:h4|text_align:left|color:%23b12028&Prime; use_theme_fonts=\u00a0\u00bbyes\u00a0\u00bb css=\u00a0\u00bb.vc_custom_1548362307696{margin-bottom: 20px !important;}\u00a0\u00bb][vc_btn title=\u00a0\u00bbCAEI BR\u00c9SIL 2012&Prime; style=\u00a0\u00bbflat\u00a0\u00bb shape=\u00a0\u00bbsquare\u00a0\u00bb color=\u00a0\u00bbiohe-orange\u00a0\u00bb size=\u00a0\u00bblg\u00a0\u00bb align=\u00a0\u00bbleft\u00a0\u00bb link=\u00a0\u00bburl:https%3A%2F%2Foui-iohe.org%2Ffr%2Fcaei-bresil-2012%2F||target:%20_blank|\u00a0\u00bb][vc_custom_heading text=\u00a0\u00bbCAEI CANADA 2010&Prime; font_container=\u00a0\u00bbtag:h4|text_align:left|color:%23b12028&Prime; use_theme_fonts=\u00a0\u00bbyes\u00a0\u00bb css=\u00a0\u00bb.vc_custom_1548362314311{margin-bottom: 20px !important;}\u00a0\u00bb][vc_btn title=\u00a0\u00bbCAEI CANADA 2010&Prime; style=\u00a0\u00bbflat\u00a0\u00bb shape=\u00a0\u00bbsquare\u00a0\u00bb color=\u00a0\u00bbiohe-orange\u00a0\u00bb size=\u00a0\u00bblg\u00a0\u00bb align=\u00a0\u00bbleft\u00a0\u00bb link=\u00a0\u00bburl:https%3A%2F%2Foui-iohe.org%2Fwp-content%2Fuploads%2F2019%2F02%2FCAEI-2010-Programme-2010_EN.pdf||target:%20_blank|\u00a0\u00bb][\/vc_column][\/vc_row][vc_row css=\u00a0\u00bb.vc_custom_1542745076628{margin-top: 35px !important;}\u00a0\u00bb][vc_column width=\u00a0\u00bb1\/2&Prime;][vc_single_image image=\u00a0\u00bb1245&Prime; img_size=\u00a0\u00bblarge\u00a0\u00bb alignment=\u00a0\u00bbcenter\u00a0\u00bb][\/vc_column][vc_column width=\u00a0\u00bb1\/2&Prime;][vc_custom_heading text=\u00a0\u00bbContact\u00a0\u00bb use_theme_fonts=\u00a0\u00bbyes\u00a0\u00bb][vc_column_text css=\u00a0\u00bb\u00a0\u00bb]<strong>Congr\u00e8s des Am\u00e9riques sur l&rsquo;\u00e9ducation Internationale<\/strong><br \/>\n7077 Avenue du Parc, suite 2043<br \/>\nMontr\u00e9al, Qu\u00e9bec, Canada<br \/>\nH3N\u00a01X7<br \/>\n(+1) 514-343-2235<br \/>\ncaei@oui-iohe.org[\/vc_column_text][\/vc_column][\/vc_row][vc_row][vc_column][vc_btn title=\u00a0\u00bbsite web\u00a0\u00bb style=\u00a0\u00bbflat\u00a0\u00bb shape=\u00a0\u00bbsquare\u00a0\u00bb color=\u00a0\u00bbiohe-orange\u00a0\u00bb align=\u00a0\u00bbcenter\u00a0\u00bb link=\u00a0\u00bburl:https%3A%2F%2Fcaie-caei.org%2Ffr%2F|||\u00a0\u00bb][\/vc_column][\/vc_row]<\/p>\n<\/div>","protected":false},"excerpt":{"rendered":"<p>[vc_row][vc_column][vc_custom_heading source=\u00a0\u00bbpost_title\u00a0\u00bb font_container=\u00a0\u00bbtag:h1|text_align:left|color:%23b12028&Prime; use_theme_fonts=\u00a0\u00bbyes\u00a0\u00bb][\/vc_column][\/vc_row][vc_row][vc_column width=\u00a0\u00bb1\/3&Prime;][vc_single_image image=\u00a0\u00bb359&Prime; img_size=\u00a0\u00bblarge\u00a0\u00bb alignment=\u00a0\u00bbcenter\u00a0\u00bb onclick=\u00a0\u00bbcustom_link\u00a0\u00bb img_link_target=\u00a0\u00bb_blank\u00a0\u00bb link=\u00a0\u00bbhttps:\/\/caie-caei.org\/fr\/\u00a0\u00bb][\/vc_column][vc_column width=\u00a0\u00bb2\/3&Prime;][vc_custom_heading text=\u00a0\u00bbQu&rsquo;est-ce que le CAEI ?\u00a0\u00bb use_theme_fonts=\u00a0\u00bbyes\u00a0\u00bb][vc_column_text css=\u00a0\u00bb\u00a0\u00bb]Agissant en [&hellip;]<\/p>\n","protected":false},"author":4,"featured_media":16189,"parent":0,"menu_order":0,"comment_status":"closed","ping_status":"closed","template":"","meta":{"_acf_changed":false,"_monsterinsights_skip_tracking":false,"_monsterinsights_sitenote_active":false,"_monsterinsights_sitenote_note":"","_monsterinsights_sitenote_category":0,"footnotes":""},"class_list":["post-2778","page","type-page","status-publish","has-post-thumbnail","hentry"],"acf":[],"aioseo_notices":[],"_links":{"self":[{"href":"https:\/\/oui-iohe.org\/fr\/wp-json\/wp\/v2\/pages\/2778","targetHints":{"allow":["GET"]}}],"collection":[{"href":"https:\/\/oui-iohe.org\/fr\/wp-json\/wp\/v2\/pages"}],"about":[{"href":"https:\/\/oui-iohe.org\/fr\/wp-json\/wp\/v2\/types\/page"}],"author":[{"embeddable":true,"href":"https:\/\/oui-iohe.org\/fr\/wp-json\/wp\/v2\/users\/4"}],"replies":[{"embeddable":true,"href":"https:\/\/oui-iohe.org\/fr\/wp-json\/wp\/v2\/comments?post=2778"}],"version-history":[{"count":80,"href":"https:\/\/oui-iohe.org\/fr\/wp-json\/wp\/v2\/pages\/2778\/revisions"}],"predecessor-version":[{"id":19601,"href":"https:\/\/oui-iohe.org\/fr\/wp-json\/wp\/v2\/pages\/2778\/revisions\/19601"}],"wp:featuredmedia":[{"embeddable":true,"href":"https:\/\/oui-iohe.org\/fr\/wp-json\/wp\/v2\/media\/16189"}],"wp:attachment":[{"href":"https:\/\/oui-iohe.org\/fr\/wp-json\/wp\/v2\/media?parent=2778"}],"curies":[{"name":"wp","href":"https:\/\/api.w.org\/{rel}","templated":true}]}}