{"id":2985,"date":"2019-02-19T09:39:32","date_gmt":"2019-02-19T14:39:32","guid":{"rendered":"https:\/\/oui-iohe.org\/?page_id=2985"},"modified":"2020-11-11T16:40:19","modified_gmt":"2020-11-11T21:40:19","slug":"caei-bresil-2012","status":"publish","type":"page","link":"https:\/\/oui-iohe.org\/fr\/caei-bresil-2012\/","title":{"rendered":"CAEI BR\u00c9SIL &#8211; 2012"},"content":{"rendered":"<div class=\"wpb-content-wrapper\"><p>[vc_row][vc_column][vc_custom_heading source=\u00a0\u00bbpost_title\u00a0\u00bb font_container=\u00a0\u00bbtag:h2|text_align:left|color:%23b12028&Prime; use_theme_fonts=\u00a0\u00bbyes\u00a0\u00bb][\/vc_column][\/vc_row][vc_row][vc_column width=\u00a0\u00bb1\/4&Prime;][vc_single_image image=\u00a0\u00bb6194&Prime; img_size=\u00a0\u00bblarge\u00a0\u00bb alignment=\u00a0\u00bbcenter\u00a0\u00bb onclick=\u00a0\u00bbcustom_link\u00a0\u00bb img_link_target=\u00a0\u00bb_blank\u00a0\u00bb link=\u00a0\u00bbhttps:\/\/caie-caei.org\/fr\/\u00a0\u00bb][\/vc_column][vc_column width=\u00a0\u00bb3\/4&Prime;][vc_custom_heading text=\u00a0\u00bbPr\u00e9sentation\u00a0\u00bb use_theme_fonts=\u00a0\u00bbyes\u00a0\u00bb][vc_column_text]La seconde \u00e9dition du CAEI s\u2019est tenue \u00e0 Rio de Janeiro, au Br\u00e9sil, en avril 2012. L\u2019\u00e9v\u00e9nement a attir\u00e9 plus de 615 participants de 32 pays r\u00e9partis sur quatre continents. Plus de 300 institutions d\u2019enseignement sup\u00e9rieur, 40 associations universitaires nationales, r\u00e9gionales et internationales, et des autorit\u00e9s\/d\u00e9l\u00e9gu\u00e9s d\u2019agences gouvernementales de huit pays \u00e9taient repr\u00e9sent\u00e9s au CAEI 2012. Les participants incluaient des recteurs et vice-recteurs universitaires, des directeurs de relations internationales et de mobilit\u00e9 acad\u00e9mique, des enseignants sp\u00e9cialis\u00e9s dans les th\u00e8mes reli\u00e9s \u00e0 l\u2019internationalisation de l\u2019enseignement sup\u00e9rieur, et des repr\u00e9sentants de gouvernements, du secteur priv\u00e9 et d\u2019organisations d\u2019enseignement sup\u00e9rieur ou d\u2019universit\u00e9s de niveau national, r\u00e9gional et international.<\/p>\n<p>Les principaux faits saillants du programme du CAEI 2012 ont \u00e9t\u00e9 la C\u00e9r\u00e9monie inaugurale, avec les interventions d\u2019<strong>Amaro Henrique Pessoa Lins<\/strong>, secr\u00e9taire de l\u2019enseignement sup\u00e9rieur du minist\u00e8re de l\u2019\u00e9ducation du Br\u00e9sil,\u00a0<strong>Roberto de Souza Salles<\/strong>, recteur de\u00a0<em>l\u2019Universidade Federal Fluminense<\/em>, et\u00a0<strong>Marcial Rubio Correa<\/strong>, recteur de la\u00a0<em>Pontificia Universidad Cat\u00f3lica del Per\u00fa<\/em>\u00a0et pr\u00e9sident de l\u2019OUI. Le CAEI 2012 a aussi eu le privil\u00e8ge d\u2019accueillir l\u2019<strong>Honorable David Johnston<\/strong>, gouverneur g\u00e9n\u00e9ral du Canada,\u00a0<strong>Alvaro Toubes Prata<\/strong>, secr\u00e9taire national de D\u00e9veloppement technologique et d\u2019Innovation du Br\u00e9sil, et le regrett\u00e9\u00a0<strong>Carlos Fuentes<\/strong>, \u00e9crivain et intellectuel mexicain reconnu internationalement.[\/vc_column_text][\/vc_column][\/vc_row][vc_row][vc_column width=\u00a0\u00bb1\/2&Prime;][vc_empty_space height=\u00a0\u00bb20px\u00a0\u00bb][vc_custom_heading text=\u00a0\u00bbProgrammation 2012&Prime; use_theme_fonts=\u00a0\u00bbyes\u00a0\u00bb][vc_column_text]L\u2019\u00e9v\u00e9nement a de plus pr\u00e9sent\u00e9:<\/p>\n<ul>\n<li>Un d\u00e9bat pl\u00e9nier sur l\u2019internationalisation et la mobilit\u00e9;<\/li>\n<li>Une entrevue pl\u00e9ni\u00e8re sur l\u2019internationalisation de l\u2019Innovation, de la Science et de la Technologie;<\/li>\n<li>21 ateliers anim\u00e9s par des repr\u00e9sentants de haut niveau d\u2019IES et d\u2019organisations internationales;<\/li>\n<li>50 sessions parall\u00e8les pr\u00e9sent\u00e9es par 150 acad\u00e9miciens des Am\u00e9riques et d\u2019autres r\u00e9gions du monde;<\/li>\n<li>Un \u00e9v\u00e9nement de r\u00e9seautage organis\u00e9 par l\u2019<em>Associa\u00e7\u00e3o de Assessorias de Institui\u00e7\u00f5es de Ensino Superior Brasileiras para Assuntos Internacionais<\/em>(FAUBAI);<\/li>\n<li>La mission de 35 recteurs d\u2019universit\u00e9s canadiennes, conduite par l\u2019Association des universit\u00e9s et des coll\u00e8ges du Canada (AUCC);<\/li>\n<li>Un espace d\u2019exposition pour les associations et institutions d\u2019enseignement sup\u00e9rieur ainsi que pour les commanditaires du CAEI Br\u00e9sil 2012; et<\/li>\n<li>Des activit\u00e9s culturelles.<\/li>\n<\/ul>\n<p>[\/vc_column_text][vc_empty_space height=\u00a0\u00bb50px\u00a0\u00bb][vc_btn title=\u00a0\u00bbProgramme 2012&Prime; style=\u00a0\u00bbflat\u00a0\u00bb shape=\u00a0\u00bbsquare\u00a0\u00bb color=\u00a0\u00bbiohe-orange\u00a0\u00bb size=\u00a0\u00bblg\u00a0\u00bb align=\u00a0\u00bbcenter\u00a0\u00bb button_block=\u00a0\u00bbtrue\u00a0\u00bb link=\u00a0\u00bburl:https%3A%2F%2Foui-iohe.org%2Fwp-content%2Fuploads%2F2019%2F02%2FCAEI-2012-Programme-2012_4-idiomas.pdf||target:%20_blank|\u00a0\u00bb][\/vc_column][vc_column width=\u00a0\u00bb1\/2&Prime;][vc_empty_space height=\u00a0\u00bb20px\u00a0\u00bb][vc_custom_heading text=\u00a0\u00bbCommanditaires 2012&Prime; use_theme_fonts=\u00a0\u00bbyes\u00a0\u00bb][vc_column_text]<\/p>\n<h4 style=\"text-align: center;\">Liste des commanditaires qui ont support\u00e9 l\u2019\u00e9dition du CAEI Br\u00e9sil 2012<\/h4>\n<ul>\n<li>Affaires \u00e9trang\u00e8res et Commerce international Canada (MAECI)<\/li>\n<li>Asociaci\u00f3n Mexicana para la Educaci\u00f3n Internacional (AMPEI), Mexique<\/li>\n<li>BMI Media, Royaume-Uni<\/li>\n<li>CALDO, Canada<\/li>\n<li>Bureau canadien de l\u2019\u00e9ducation internationale (BCEI), Canada<\/li>\n<li>The Chronicle of Higher Education, \u00c9tats-Unis<\/li>\n<li>Colombia Challenge Your Knowledge, Colombie<\/li>\n<li>\u00c9cole de technologie sup\u00e9rieure (\u00c9TS), Canada<\/li>\n<li>EducationUSA, \u00c9tats-Unis<\/li>\n<li>Funda\u00e7\u00e3o de Amparo \u00e0 Pesquisa do Estado do Rio de Janeiro (FAPERJ), Br\u00e9sil<\/li>\n<li>FPP EDU-Media, Br\u00e9sil<\/li>\n<li>German Academic Exchange Service (DAAD), Allemagne<\/li>\n<li>ICEF, Allemagne<\/li>\n<li>Association internationale des Universit\u00e9s (AIU), France<\/li>\n<li>Universit\u00e9 Laurentienne, Canada<\/li>\n<li>Minist\u00e8re des Relations internationales du Qu\u00e9bec (MRI), Canada<\/li>\n<li>OUI-IOHE\/COLAM\/IGLU\/CAMPUS, Canada<\/li>\n<li>Pontificia Universidad Cat\u00f3lica del Per\u00fa (PUCPR), P\u00e9rou<\/li>\n<li>Pontificia Universidade Cat\u00f3lica do Paran\u00e1, Br\u00e9sil<\/li>\n<li>Santander Universidades, Br\u00e9sil<\/li>\n<li>Secr\u00e9tariat de la Sant\u00e9 de l\u2019\u00c9tat du Paran\u00e1, Br\u00e9sil<\/li>\n<li>Fondation UFF\/Servi\u00e7o Brasileiro de Apoio \u00e0s Micro e Pequenas Empresas\u2013 Rio de Janeiro (SEBRAE-RJ), Br\u00e9sil<\/li>\n<li>Universidad Aut\u00f3noma de Nuevo Le\u00f3n (UANL), Mexique<\/li>\n<li>Universidad Interamericana de Puerto Rico (UIPR), \u00c9tats-Unis<\/li>\n<li>Universidad T\u00e9cnica Particular de Loja (UTPL), \u00c9quateur<\/li>\n<li>Universidad Veracruzana (UV), Mexique<\/li>\n<li>University of Queensland (UQ), Australie<\/li>\n<\/ul>\n<p>[\/vc_column_text][\/vc_column][\/vc_row][vc_row][vc_column][vc_empty_space height=\u00a0\u00bb20px\u00a0\u00bb][vc_custom_heading text=\u00a0\u00bbWebinaires 2012&Prime; use_theme_fonts=\u00a0\u00bbyes\u00a0\u00bb][\/vc_column][\/vc_row][vc_row][vc_column width=\u00a0\u00bb1\/2&Prime;][vc_text_separator title=\u00a0\u00bbWEBINAIRE #1 \u00a0\u00bb border_width=\u00a0\u00bb2&Prime;][vc_column_text]<strong>TITRE<\/strong> : Indicateurs en Internationalisation de l\u2019\u00e9ducation sup\u00e9rieure : Mesurez votre institution!<\/p>\n<p><strong>CONF\u00c9RENCI\u00c8RE : <\/strong>Eva Egron-Polak,\u00a0<em>Association internationale des universit\u00e9s<\/em>[\/vc_column_text][vc_video link=\u00a0\u00bbhttps:\/\/vimeo.com\/80015046&Prime; el_width=\u00a0\u00bb80&Prime; align=\u00a0\u00bbcenter\u00a0\u00bb][vc_empty_space height=\u00a0\u00bb20px\u00a0\u00bb][vc_text_separator title=\u00a0\u00bbWEBINAIRE #3&Prime; border_width=\u00a0\u00bb2&Prime;][vc_column_text]<strong>TITRE<\/strong> : L\u2019Internationalisation de l\u2019Enseignement Sup\u00e9rieur au Br\u00e9sil: Perspectives pour le CAEI 2012<\/p>\n<p><strong>CONF\u00c9RENCIER : <\/strong>Dr. Sidney de Matos Mello,\u00a0<em>Universidade Federal Fluminense<\/em>[\/vc_column_text][vc_video link=\u00a0\u00bbhttps:\/\/vimeo.com\/80073208&Prime; el_width=\u00a0\u00bb80&Prime; align=\u00a0\u00bbcenter\u00a0\u00bb][vc_empty_space height=\u00a0\u00bb20px\u00a0\u00bb][vc_text_separator title=\u00a0\u00bbWEBINAIRE #5&Prime; border_width=\u00a0\u00bb2&Prime;][vc_column_text]<strong>TITRE<\/strong> :\u00a0Indicateurs en Internationalisation de l\u2019\u00e9ducation sup\u00e9rieure : Mesurez votre institution!<\/p>\n<p><strong>CONF\u00c9RENCI\u00c8RE :\u00a0<\/strong>Eva Egron-Polak,\u00a0<em>Association internationale des universit\u00e9s<\/em>[\/vc_column_text][vc_video link=\u00a0\u00bbhttps:\/\/vimeo.com\/80075094&Prime; el_width=\u00a0\u00bb80&Prime; align=\u00a0\u00bbcenter\u00a0\u00bb][vc_empty_space height=\u00a0\u00bb20px\u00a0\u00bb][\/vc_column][vc_column width=\u00a0\u00bb1\/2&Prime;][vc_text_separator title=\u00a0\u00bbWEBINAIRE #2 \u00a0\u00bb border_width=\u00a0\u00bb2&Prime;][vc_column_text]<strong>TITRE<\/strong> : La professionnalisation des gestionnaires universitaires \u00e0 l\u2019heure de l\u2019internationalisation<\/p>\n<p><strong>CONF\u00c9RENCIER :\u00a0<\/strong>Dr. Alan Boutet,\u00a0<em>Dalhousie University<\/em>[\/vc_column_text][vc_video link=\u00a0\u00bbhttps:\/\/vimeo.com\/80071488&Prime; el_width=\u00a0\u00bb80&Prime; align=\u00a0\u00bbcenter\u00a0\u00bb][vc_empty_space height=\u00a0\u00bb50px\u00a0\u00bb][vc_text_separator title=\u00a0\u00bbWEBINAIRE #4&Prime; border_width=\u00a0\u00bb2&Prime;][vc_column_text]<strong>TITRE<\/strong> : L\u2019internationalisation universitaire au Mexique: Le cas de l\u2019universit\u00e9 de Monterrey<\/p>\n<p><strong>CONF\u00c9RENCIER : <\/strong>Thomas Buntru,\u00a0<em>Universidad de Monterrey<\/em>[\/vc_column_text][vc_video link=\u00a0\u00bbhttps:\/\/vimeo.com\/80075094&Prime; el_width=\u00a0\u00bb80&Prime; align=\u00a0\u00bbcenter\u00a0\u00bb][vc_empty_space height=\u00a0\u00bb50px\u00a0\u00bb][vc_text_separator title=\u00a0\u00bbWEBINAIRE #6&Prime; border_width=\u00a0\u00bb2&Prime;][vc_column_text]<strong>TITRE<\/strong> :\u00a0Internationalisation de la recherche au Br\u00e9sil: Opportunit\u00e9s de coop\u00e9ration internationale<\/p>\n<p><strong>CONF\u00c9RENCIER :<\/strong> Leandro Tessler,\u00a0Universidade Estadual de Campinas[\/vc_column_text][vc_video link=\u00a0\u00bbhttps:\/\/vimeo.com\/80081141&Prime; el_width=\u00a0\u00bb80&Prime; align=\u00a0\u00bbcenter\u00a0\u00bb][vc_empty_space height=\u00a0\u00bb20px\u00a0\u00bb][\/vc_column][\/vc_row][vc_row][vc_column width=\u00a0\u00bb1\/3&Prime;][\/vc_column][vc_column width=\u00a0\u00bb1\/3&Prime;][vc_text_separator title=\u00a0\u00bbWEBINAIRE #7&Prime; border_width=\u00a0\u00bb2&Prime;][vc_column_text]<strong>TITRE<\/strong> : Tendances de la mobilit\u00e9 des \u00e9tudiants dans les Am\u00e9riques : les d\u00e9fis et b\u00e9n\u00e9fices de collecter et interpr\u00e9ter les donn\u00e9es<\/p>\n<p><strong>CONF\u00c9RENCI\u00c8RES :\u00a0<\/strong><\/p>\n<p>Raisa Belyavina,Deputy Vice President, Research and Evaluation Institute of International Education (IIE)<\/p>\n<p>Rajika Bhandari, Ph.D.[\/vc_column_text][vc_empty_space height=\u00a0\u00bb20px\u00a0\u00bb][\/vc_column][vc_column width=\u00a0\u00bb1\/3&Prime;][\/vc_column][\/vc_row]<\/p>\n<\/div>","protected":false},"excerpt":{"rendered":"<p>[vc_row][vc_column][vc_custom_heading source=\u00a0\u00bbpost_title\u00a0\u00bb font_container=\u00a0\u00bbtag:h2|text_align:left|color:%23b12028&Prime; use_theme_fonts=\u00a0\u00bbyes\u00a0\u00bb][\/vc_column][\/vc_row][vc_row][vc_column width=\u00a0\u00bb1\/4&Prime;][vc_single_image image=\u00a0\u00bb6194&Prime; img_size=\u00a0\u00bblarge\u00a0\u00bb alignment=\u00a0\u00bbcenter\u00a0\u00bb onclick=\u00a0\u00bbcustom_link\u00a0\u00bb img_link_target=\u00a0\u00bb_blank\u00a0\u00bb link=\u00a0\u00bbhttps:\/\/caie-caei.org\/fr\/\u00a0\u00bb][\/vc_column][vc_column width=\u00a0\u00bb3\/4&Prime;][vc_custom_heading text=\u00a0\u00bbPr\u00e9sentation\u00a0\u00bb use_theme_fonts=\u00a0\u00bbyes\u00a0\u00bb][vc_column_text]La seconde \u00e9dition du CAEI s\u2019est tenue [&hellip;]<\/p>\n","protected":false},"author":4,"featured_media":0,"parent":0,"menu_order":0,"comment_status":"closed","ping_status":"closed","template":"","meta":{"_acf_changed":false,"_monsterinsights_skip_tracking":false,"_monsterinsights_sitenote_active":false,"_monsterinsights_sitenote_note":"","_monsterinsights_sitenote_category":0,"footnotes":""},"class_list":["post-2985","page","type-page","status-publish","hentry"],"acf":[],"aioseo_notices":[],"_links":{"self":[{"href":"https:\/\/oui-iohe.org\/fr\/wp-json\/wp\/v2\/pages\/2985","targetHints":{"allow":["GET"]}}],"collection":[{"href":"https:\/\/oui-iohe.org\/fr\/wp-json\/wp\/v2\/pages"}],"about":[{"href":"https:\/\/oui-iohe.org\/fr\/wp-json\/wp\/v2\/types\/page"}],"author":[{"embeddable":true,"href":"https:\/\/oui-iohe.org\/fr\/wp-json\/wp\/v2\/users\/4"}],"replies":[{"embeddable":true,"href":"https:\/\/oui-iohe.org\/fr\/wp-json\/wp\/v2\/comments?post=2985"}],"version-history":[{"count":28,"href":"https:\/\/oui-iohe.org\/fr\/wp-json\/wp\/v2\/pages\/2985\/revisions"}],"predecessor-version":[{"id":6199,"href":"https:\/\/oui-iohe.org\/fr\/wp-json\/wp\/v2\/pages\/2985\/revisions\/6199"}],"wp:attachment":[{"href":"https:\/\/oui-iohe.org\/fr\/wp-json\/wp\/v2\/media?parent=2985"}],"curies":[{"name":"wp","href":"https:\/\/api.w.org\/{rel}","templated":true}]}}