{"id":3037,"date":"2019-02-19T16:40:41","date_gmt":"2019-02-19T21:40:41","guid":{"rendered":"https:\/\/oui-iohe.org\/?page_id=3037"},"modified":"2020-11-11T16:44:33","modified_gmt":"2020-11-11T21:44:33","slug":"caei-mexique-2013","status":"publish","type":"page","link":"https:\/\/oui-iohe.org\/fr\/caei-mexique-2013\/","title":{"rendered":"CAEI MEXIQUE \u2013 2013"},"content":{"rendered":"<div class=\"wpb-content-wrapper\"><p>[vc_row][vc_column][vc_custom_heading source=\u00a0\u00bbpost_title\u00a0\u00bb font_container=\u00a0\u00bbtag:h2|text_align:left|color:%23b12028&Prime; use_theme_fonts=\u00a0\u00bbyes\u00a0\u00bb][\/vc_column][\/vc_row][vc_row][vc_column width=\u00a0\u00bb1\/4&Prime;][vc_single_image image=\u00a0\u00bb6203&Prime; img_size=\u00a0\u00bblarge\u00a0\u00bb alignment=\u00a0\u00bbcenter\u00a0\u00bb onclick=\u00a0\u00bbcustom_link\u00a0\u00bb img_link_target=\u00a0\u00bb_blank\u00a0\u00bb link=\u00a0\u00bbhttps:\/\/caie-caei.org\/fr\/\u00a0\u00bb][\/vc_column][vc_column width=\u00a0\u00bb3\/4&Prime;][vc_custom_heading text=\u00a0\u00bbPr\u00e9sentation\u00a0\u00bb use_theme_fonts=\u00a0\u00bbyes\u00a0\u00bb][vc_column_text]La III \u00e9dition du Congr\u00e8s des Am\u00e9riques sur l\u2019\u00e9ducation internationale, qui s\u2019est tenue du 16 au 18 octobre \u00e0 Monterrey, Mexique, a \u00e9t\u00e9 tout un succ\u00e8s, avec la pr\u00e9sence de\u00a0<strong>824 participants de 31 pays des cinq continents<\/strong>. R\u00e9alis\u00e9 sur le th\u00e8me de la \u201c<em>Mobilit\u00e9 de la Connaissance: Responsabilit\u00e9s et Ressources<\/em>\u201d, son programme acad\u00e9mique dynamique et de tr\u00e8s haut niveau invitait \u00e0 la r\u00e9flexion.\u00a0<strong>Un total de 219 experts internationaux a pris part \u00e0 55 activit\u00e9s acad\u00e9miques: le d\u00e9bat pl\u00e9nier, l\u2019entrevue pl\u00e9ni\u00e8re, les ateliers et les sessions parall\u00e8les<\/strong>. Ces activit\u00e9s couvraient de nombreuses th\u00e9matiques de grand int\u00e9r\u00eat et pertinence pour l\u2019internationalisation de l\u2019enseignement sup\u00e9rieur. De plus, les sessions de r\u00e9seautage th\u00e9matique et institutionnel et l\u2019exposition ont permis aux participants d\u2019\u00e9tablir des contacts strat\u00e9giques pour leurs IES.<\/p>\n<p>Durant les trois jours du congr\u00e8s, les conf\u00e9renciers, experts, repr\u00e9sentants du secteur public et philanthropique, organisateurs et participants ont travaill\u00e9 ensemble pour atteindre leurs objectifs partag\u00e9s dans le cadre de cet espace commun: identifier et discuter des tendances d\u2019importance en ES, \u00e9changer des exp\u00e9riences en tant que membres de la communaut\u00e9 de l\u2019ES, apprendre de pairs provenant de diff\u00e9rents contextes culturels, sociaux et acad\u00e9miques, et \u00e9tablir des alliances interinstitutionnelles dans les Am\u00e9riques. Ces efforts conjoints ont entra\u00een\u00e9 des r\u00e9sultats concrets, dont la signature d\u2019ententes de coop\u00e9ration, l\u2019identification des d\u00e9fis auxquels est confront\u00e9e la communaut\u00e9, l\u2019\u00e9laboration de strat\u00e9gies pour la mise en \u0153uvre de l\u2019internationalisation de l\u2019ES, la r\u00e9alisation de consensus quant aux orientations que devra explorer notre communaut\u00e9 dans l\u2019avenir et l\u2019engagement de traduire ces r\u00e9sultats en actions concr\u00e8tes dans les IES.<\/p>\n<p>Au nom des associations universitaires signataires du Memorandum et de tous les participants, en notre qualit\u00e9 de Secr\u00e9tariat ex\u00e9cutif du CAEI, nous nous permettons d\u2019exprimer tous nos remerciements et notre reconnaissance pour leur grand appui et pour leur hospitalit\u00e9, au recteur de l\u2019<em>Universidad Aut\u00f3noma de Nuevo Le\u00f3n<\/em>,\u00a0<strong>Jes\u00fas Ancer Rodr\u00edguez<\/strong>, ainsi qu\u2019\u00e0 son \u00e9quipe, \u00e0 l\u2019<em>Asociaci\u00f3n Mexicana para la Educaci\u00f3n Internacional<\/em>\u00a0(AMPEI) et au Comit\u00e9 organisateur mexicain.[\/vc_column_text][\/vc_column][\/vc_row][vc_row][vc_column width=\u00a0\u00bb1\/2&Prime;][vc_empty_space height=\u00a0\u00bb20px\u00a0\u00bb][vc_custom_heading text=\u00a0\u00bbProgrammation 2013&Prime; use_theme_fonts=\u00a0\u00bbyes\u00a0\u00bb][vc_column_text]L\u2019\u00e9v\u00e9nement a rassembl\u00e9 :<\/p>\n<ul>\n<li>824 participants provenant de 31 pays des cinq continents;<\/li>\n<li>Plus de 340 institutions d\u2019enseignement sup\u00e9rieur participantes \u00e0 l\u2019\u00e9v\u00e9nement;<\/li>\n<li>53 associations universitaires internationales et repr\u00e9sentations gouvernementales interam\u00e9ricaines;<\/li>\n<li>158 femmes leaders, provenant de 77 IES de 20 pays, dirigeantes universitaires de haut niveau des Am\u00e9riques, participantes \u00e0 la\u00a0<em>III Rencontre de l\u2019Espace des femmes leaders de l\u2019enseignement sup\u00e9rieur (EMULIES)<\/em>;<\/li>\n<li>Sessions pl\u00e9ni\u00e8res dirig\u00e9es par de hautes autorit\u00e9s politiques et universitaires au niveau interam\u00e9ricain et international;<\/li>\n<li>11 ateliers offerts par des organisations et des experts universitaires au niveau interam\u00e9ricain et international;<\/li>\n<li>43 sessions parall\u00e8les anim\u00e9es par des associations universitaires et des institutions d\u2019enseignement sup\u00e9rieur internationales;<\/li>\n<li>219 conf\u00e9renciers internationaux et professionnels de l\u2019enseignement sup\u00e9rieur;<\/li>\n<li>Deux sessions de R\u00e9seautage th\u00e9matique organis\u00e9es par l\u2019<em>Asociaci\u00f3n Mexicana para la Educaci\u00f3n\u00a0Internacional (AMPEI);<\/em><\/li>\n<li>Espace d\u2019exposition d\u2019associations et d\u2019institutions d\u2019enseignement sup\u00e9rieur, d\u2019agences gouvernementales et d\u2019entit\u00e9s du secteur priv\u00e9, en qualit\u00e9 de commanditaires officiels du CAIE Mexique 2013;<\/li>\n<li>Activit\u00e9s culturelles repr\u00e9sentatives du patrimoine culturel du Mexique.<\/li>\n<\/ul>\n<p>[\/vc_column_text][vc_empty_space height=\u00a0\u00bb50px\u00a0\u00bb][\/vc_column][vc_column width=\u00a0\u00bb1\/2&Prime;][vc_empty_space height=\u00a0\u00bb20px\u00a0\u00bb][vc_single_image image=\u00a0\u00bb3323&Prime; img_size=\u00a0\u00bblarge\u00a0\u00bb alignment=\u00a0\u00bbcenter\u00a0\u00bb onclick=\u00a0\u00bbimg_link_large\u00a0\u00bb img_link_target=\u00a0\u00bb_blank\u00a0\u00bb title=\u00a0\u00bbR\u00e9sultats 2013&Prime;][vc_empty_space height=\u00a0\u00bb70px\u00a0\u00bb][vc_btn title=\u00a0\u00bbProgramme 2013&Prime; style=\u00a0\u00bbflat\u00a0\u00bb shape=\u00a0\u00bbsquare\u00a0\u00bb color=\u00a0\u00bbiohe-orange\u00a0\u00bb size=\u00a0\u00bblg\u00a0\u00bb align=\u00a0\u00bbcenter\u00a0\u00bb button_block=\u00a0\u00bbtrue\u00a0\u00bb link=\u00a0\u00bburl:https%3A%2F%2Foui-iohe.org%2Fwp-content%2Fuploads%2F2019%2F02%2FCAEI-2013-Programme-2013_4-idiomas.pdf||target:%20_blank|\u00a0\u00bb][\/vc_column][\/vc_row][vc_row][vc_column][vc_custom_heading text=\u00a0\u00bbCommanditaires 2013&Prime; use_theme_fonts=\u00a0\u00bbyes\u00a0\u00bb][vc_column_text]Le Congr\u00e8s des Am\u00e9riques sur l\u2019\u00e9ducation internationale (CAEI) remercie les organisations suivantes pour leur g\u00e9n\u00e9reux support :<\/p>\n<ul>\n<li><a href=\"http:\/\/www.wes.org\/ca\/\">World Education Services<\/a><\/li>\n<li><a href=\"http:\/\/international.gc.ca\/\">Canada<\/a><\/li>\n<li><a href=\"http:\/\/www.uanl.mx\/\">Universidad Aut\u00f3noma de Nuevo Le\u00f3n<\/a><\/li>\n<li><a href=\"http:\/\/www.ampei.org.mx\/\">Asociaci\u00f3n Mexicana para la Educaci\u00f3n Internacional<\/a><\/li>\n<li><a href=\"http:\/\/colam.oui-iohe.org\/\">Colegio de las Am\u00e9ricas<\/a><\/li>\n<li><a href=\"http:\/\/www.caldo.ca\/\">CALDO<\/a><\/li>\n<li><a href=\"http:\/\/iglu.oui-iohe.org\/\">IGLU : Instituto de Gesti\u00f3n y Liderazgo Universitario<\/a><\/li>\n<li><a href=\"http:\/\/www.maplaceauquebec.ca\/\">\u00c9tudier au Qu\u00e9bec<\/a><\/li>\n<li><a href=\"http:\/\/www.pucp.edu.pe\/\">Pontificia Universidad Cat\u00f3lica del Per\u00fa<\/a><\/li>\n<li><a href=\"http:\/\/www.upch.edu.pe\/portal\/\">Universidad Peruana Cayetano Heredia<\/a><\/li>\n<li><a href=\"http:\/\/www.up.edu.pe\/default.aspx\">Universidad del Pac\u00edfico<\/a><\/li>\n<li><a href=\"http:\/\/www.britishcouncil.org\/\">British Council<\/a><\/li>\n<li><a href=\"http:\/\/www.conacyt.gob.mx\/\">CONACYT<\/a><\/li>\n<li><a href=\"http:\/\/www.ipn.mx\/\">Instituto Polit\u00e9cnico Nacional<\/a><\/li>\n<li><a href=\"http:\/\/www.nl.gob.mx\/?P=turismo\">Turismo Nuevo Le\u00f3n<\/a><\/li>\n<li><a href=\"http:\/\/thepienews.com\/\">The Pie News<\/a><\/li>\n<\/ul>\n<p>[\/vc_column_text][\/vc_column][\/vc_row][vc_row][vc_column][vc_empty_space height=\u00a0\u00bb20px\u00a0\u00bb][vc_custom_heading text=\u00a0\u00bbEntrevues d&rsquo;experts 2013&Prime; use_theme_fonts=\u00a0\u00bbyes\u00a0\u00bb][\/vc_column][\/vc_row][vc_row][vc_column width=\u00a0\u00bb1\/3&Prime;][vc_text_separator title=\u00a0\u00bbENTREVUE #1 \u00a0\u00bb border_width=\u00a0\u00bb2&Prime;][vc_column_text]<strong>CONF\u00c9RENCIER :\u00a0<\/strong>Jes\u00fas Ancer Rodr\u00edguez,\u00a0Recteur, Universidad Aut\u00f3noma\u00a0de Nuevo Le\u00f3n,\u00a0Pr\u00e9sident CAEI-MX 2013, Mexique[\/vc_column_text][vc_video link=\u00a0\u00bbhttps:\/\/vimeo.com\/85860169&Prime; el_width=\u00a0\u00bb80&Prime; align=\u00a0\u00bbcenter\u00a0\u00bb][\/vc_column][vc_column width=\u00a0\u00bb1\/3&Prime;][vc_text_separator title=\u00a0\u00bbENTREVUE #2 \u00a0\u00bb border_width=\u00a0\u00bb2&Prime;][vc_column_text]<strong>CONF\u00c9RENCI\u00c8RE :\u00a0<\/strong>Yolox\u00f3chitl Bustamante Diez,\u00a0Directrice g\u00e9n\u00e9rale, Instituto Polit\u00e9cnico Nacional (IPN), Mexique[\/vc_column_text][vc_video link=\u00a0\u00bbhttps:\/\/vimeo.com\/86139082&Prime; el_width=\u00a0\u00bb80&Prime; align=\u00a0\u00bbcenter\u00a0\u00bb][\/vc_column][vc_column width=\u00a0\u00bb1\/3&Prime;][vc_text_separator title=\u00a0\u00bbENTREVUE #3&Prime; border_width=\u00a0\u00bb2&Prime;][vc_column_text]<strong>CONF\u00c9RENCI\u00c8RE :\u00a0<\/strong>Alicia Cabrero Lobato,\u00a0Pr\u00e9sidente, AMPEI, Universidad Aut\u00f3noma de San Luis Potos\u00ed, Mexique[\/vc_column_text][vc_video link=\u00a0\u00bbhttps:\/\/vimeo.com\/86122231&Prime; el_width=\u00a0\u00bb80&Prime; align=\u00a0\u00bbcenter\u00a0\u00bb][\/vc_column][\/vc_row][vc_row][vc_column width=\u00a0\u00bb1\/3&Prime;][vc_text_separator title=\u00a0\u00bbENTREVUE #4&Prime; border_width=\u00a0\u00bb2&Prime;][vc_column_text]<strong>CONF\u00c9RENCIER<\/strong> : Allan Cahoon, Recteur, Royal Roads University, Canada[\/vc_column_text][vc_video link=\u00a0\u00bbhttps:\/\/vimeo.com\/86369410&Prime; el_width=\u00a0\u00bb80&Prime; align=\u00a0\u00bbcenter\u00a0\u00bb][\/vc_column][vc_column width=\u00a0\u00bb1\/3&Prime;][vc_text_separator title=\u00a0\u00bbENTREVUE #5&Prime; border_width=\u00a0\u00bb2&Prime;][vc_column_text]<strong>CONF\u00c9RENCIER<\/strong>\u00a0: Antonio Carvalho Suarez, Recteur, Universidad Tecnol\u00f3gica Privada de Santa Cruz, Bolivie[\/vc_column_text][vc_video link=\u00a0\u00bbhttps:\/\/vimeo.com\/86710616&Prime; el_width=\u00a0\u00bb80&Prime; align=\u00a0\u00bbcenter\u00a0\u00bb][\/vc_column][vc_column width=\u00a0\u00bb1\/3&Prime;][vc_text_separator title=\u00a0\u00bbENTREVUE #6&Prime; border_width=\u00a0\u00bb2&Prime;][vc_column_text]<strong>CONF\u00c9RENCIER <\/strong>:\u00a0Jos\u00e9 Celso Freire, Directeur, FAUBAI,\u00a0Coordonnateur g\u00e9n\u00e9ral,\u00a0RELARIES, Br\u00e9sil[\/vc_column_text][vc_video link=\u00a0\u00bbhttps:\/\/vimeo.com\/86359540&Prime; el_width=\u00a0\u00bb80&Prime; align=\u00a0\u00bbcenter\u00a0\u00bb][\/vc_column][\/vc_row][vc_row][vc_column width=\u00a0\u00bb1\/3&Prime;][vc_text_separator title=\u00a0\u00bbENTREVUE #7&Prime; border_width=\u00a0\u00bb2&Prime;][vc_column_text]<strong>CONF\u00c9RENCI\u00c8RE<\/strong>\u00a0: Victoria Cruz, Directrice de Relations internationales,\u00a0Universidad de la Sabana, Colombie[\/vc_column_text][vc_video link=\u00a0\u00bbhttps:\/\/vimeo.com\/86120192&Prime; el_width=\u00a0\u00bb80&Prime; align=\u00a0\u00bbcenter\u00a0\u00bb][\/vc_column][vc_column width=\u00a0\u00bb1\/3&Prime;][vc_text_separator title=\u00a0\u00bbENTREVUE #8&Prime; border_width=\u00a0\u00bb2&Prime;][vc_column_text]<strong>CONF\u00c9RENCIER<\/strong>\u00a0:\u00a0Augustin Echeverria Santiago,\u00a0Vice-pr\u00e9sident des Affaires acad\u00e9miques, Universidad Interamericana de Puerto Rico, Porto Rico[\/vc_column_text][vc_video link=\u00a0\u00bbhttps:\/\/vimeo.com\/86362642&Prime; el_width=\u00a0\u00bb80&Prime; align=\u00a0\u00bbcenter\u00a0\u00bb][\/vc_column][vc_column width=\u00a0\u00bb1\/3&Prime;][vc_text_separator title=\u00a0\u00bbENTREVUE #9&Prime; border_width=\u00a0\u00bb2&Prime;][vc_column_text]<strong>CONF\u00c9RENCI\u00c8RE\u00a0<\/strong>:\u00a0Guiselle Maria Garbanzo Vargas, Universidad de Costa Rica, Costa Rica[\/vc_column_text][vc_video link=\u00a0\u00bbhttps:\/\/vimeo.com\/86707189&Prime; el_width=\u00a0\u00bb80&Prime; align=\u00a0\u00bbcenter\u00a0\u00bb][\/vc_column][\/vc_row][vc_row][vc_column width=\u00a0\u00bb1\/3&Prime;][vc_text_separator title=\u00a0\u00bbENTREVUE #10&Prime; border_width=\u00a0\u00bb2&Prime;][vc_column_text]<strong>CONF\u00c9RENCIER<\/strong>\u00a0:\u00a0Oscar Garrido, Recteur, Universidad\u00a0de Los Lagos, Chili[\/vc_column_text][vc_video link=\u00a0\u00bbhttps:\/\/vimeo.com\/86707190&Prime; el_width=\u00a0\u00bb80&Prime; align=\u00a0\u00bbcenter\u00a0\u00bb][\/vc_column][vc_column width=\u00a0\u00bb1\/3&Prime;][vc_text_separator title=\u00a0\u00bbENTREVUE #11&Prime; border_width=\u00a0\u00bb2&Prime;][vc_column_text]<strong>CONF\u00c9RENCIER<\/strong>\u00a0: Pedro Henr\u00edquez<a href=\"https:\/\/vimeo.com\/86707190\">\u00a0<\/a>Guajardo,\u00a0Directeur,\u00a0IESALC-UNESCO, Venezuela[\/vc_column_text][vc_video link=\u00a0\u00bbhttps:\/\/vimeo.com\/86710618&Prime; el_width=\u00a0\u00bb80&Prime; align=\u00a0\u00bbcenter\u00a0\u00bb][\/vc_column][vc_column width=\u00a0\u00bb1\/3&Prime;][vc_text_separator title=\u00a0\u00bbENTREVUE #12&Prime; border_width=\u00a0\u00bb2&Prime;][vc_column_text]<strong>CONF\u00c9RENCI\u00c8RE\u00a0<\/strong>: Alta Hooker, Rectrice de URACCAN et coordonnatrice de RUIICAY, Nicaragua[\/vc_column_text][vc_video link=\u00a0\u00bbhttps:\/\/vimeo.com\/86710617&Prime; el_width=\u00a0\u00bb80&Prime; align=\u00a0\u00bbcenter\u00a0\u00bb][\/vc_column][\/vc_row][vc_row][vc_column width=\u00a0\u00bb1\/3&Prime;][vc_text_separator title=\u00a0\u00bbENTREVUE #13&Prime; border_width=\u00a0\u00bb2&Prime;][vc_column_text]<strong>CONF\u00c9RENCIER<\/strong>\u00a0: John Hudzik,\u00a0Professeur et ex-vice-pr\u00e9sident de\u00a0Relations globales et de Projets strat\u00e9giques,\u00a0Michigan State University,\u00a0\u00c9tats-Unis[\/vc_column_text][vc_video link=\u00a0\u00bbhttps:\/\/vimeo.com\/86708400&Prime; el_width=\u00a0\u00bb80&Prime; align=\u00a0\u00bbcenter\u00a0\u00bb][\/vc_column][vc_column width=\u00a0\u00bb1\/3&Prime;][vc_text_separator title=\u00a0\u00bbENTREVUE #14&Prime; border_width=\u00a0\u00bb2&Prime;][vc_column_text]<strong>CONF\u00c9RENCI\u00c8RE<\/strong>\u00a0:\u00a0Jennifer Humphries,\u00a0Vice-pr\u00e9sidente, Membres,\u00a0Politiques publiques et\u00a0Communications, BCEI, Canada[\/vc_column_text][vc_video link=\u00a0\u00bbhttps:\/\/vimeo.com\/86707184&Prime; el_width=\u00a0\u00bb80&Prime; align=\u00a0\u00bbcenter\u00a0\u00bb][\/vc_column][vc_column width=\u00a0\u00bb1\/3&Prime;][vc_text_separator title=\u00a0\u00bbENTREVUE #15&Prime; border_width=\u00a0\u00bb2&Prime;][vc_column_text]<strong>CONF\u00c9RENCI\u00c8RE\u00a0<\/strong>: Natalia Jamarillo Majarres,\u00a0Directrice, Affaires et coop\u00e9ration internationales, Minist\u00e8re de l\u2019Education,\u00a0Colombie[\/vc_column_text][vc_video link=\u00a0\u00bbhttps:\/\/vimeo.com\/86708402&Prime; el_width=\u00a0\u00bb80&Prime; align=\u00a0\u00bbcenter\u00a0\u00bb][\/vc_column][\/vc_row][vc_row][vc_column width=\u00a0\u00bb1\/3&Prime;][vc_text_separator title=\u00a0\u00bbENTREVUE #16&Prime; border_width=\u00a0\u00bb2&Prime;][vc_column_text]<strong>CONF\u00c9RENCI\u00c8RE<\/strong>\u00a0:\u00a0Norma Ang\u00e9lica Ju\u00e1rez Salomo, Directrice de D\u00e9veloppement et\u00a0Coop\u00e9ration, Universidad Aut\u00f3noma\u00a0del Estado de Morelos (UAEM), Mexique[\/vc_column_text][vc_video link=\u00a0\u00bbhttps:\/\/vimeo.com\/85852224&Prime; el_width=\u00a0\u00bb80&Prime; align=\u00a0\u00bbcenter\u00a0\u00bb][\/vc_column][vc_column width=\u00a0\u00bb1\/3&Prime;][vc_text_separator title=\u00a0\u00bbENTREVUE #17&Prime; border_width=\u00a0\u00bb2&Prime;][vc_column_text]<strong>CONF\u00c9RENCI\u00c8RE<\/strong>\u00a0:\u00a0Nicole Lacasse, Vice-rectrice adjointe\u00a0aux \u00e9tudes et aux\u00a0activit\u00e9s internationales,\u00a0Universit\u00e9 Laval, Canada[\/vc_column_text][vc_video link=\u00a0\u00bbhttps:\/\/vimeo.com\/85873597&Prime; el_width=\u00a0\u00bb80&Prime; align=\u00a0\u00bbcenter\u00a0\u00bb][\/vc_column][vc_column width=\u00a0\u00bb1\/3&Prime;][vc_text_separator title=\u00a0\u00bbENTREVUE #18&Prime; border_width=\u00a0\u00bb2&Prime;][vc_column_text]<strong>CONF\u00c9RENCIER\u00a0<\/strong>:\u00a0Guy Lefevbre, Doyen, Facult\u00e9 de droit, Universit\u00e9 de Montr\u00e9al, Canada[\/vc_column_text][vc_video link=\u00a0\u00bbhttps:\/\/vimeo.com\/86706728&Prime; el_width=\u00a0\u00bb80&Prime; align=\u00a0\u00bbcenter\u00a0\u00bb][\/vc_column][\/vc_row][vc_row][vc_column width=\u00a0\u00bb1\/3&Prime;][vc_text_separator title=\u00a0\u00bbENTREVUE #19&Prime; border_width=\u00a0\u00bb2&Prime;][vc_column_text]<strong>CONF\u00c9RENCIER<\/strong>\u00a0:\u00a0Francisco Marmolejo, Coordonnateur de l\u2019enseignement sup\u00e9rieur, Banque Mondiale, \u00c9tats-Unis[\/vc_column_text][vc_video link=\u00a0\u00bbhttps:\/\/vimeo.com\/86708404&Prime; el_width=\u00a0\u00bb80&Prime; align=\u00a0\u00bbcenter\u00a0\u00bb][\/vc_column][vc_column width=\u00a0\u00bb1\/3&Prime;][vc_text_separator title=\u00a0\u00bbENTREVUE #20&Prime; border_width=\u00a0\u00bb2&Prime;][vc_column_text]<strong>CONF\u00c9RENCI\u00c8RE<\/strong>\u00a0: Mar\u00eda Teresa\u00a0Marshall,\u00a0Directrice ex\u00e9cutive,\u00a0Consejo de Rectores\u00a0de las Universidades\u00a0Chilenas, Chili[\/vc_column_text][vc_video link=\u00a0\u00bbhttps:\/\/vimeo.com\/86346044&Prime; el_width=\u00a0\u00bb80&Prime; align=\u00a0\u00bbcenter\u00a0\u00bb][\/vc_column][vc_column width=\u00a0\u00bb1\/3&Prime;][vc_text_separator title=\u00a0\u00bbENTREVUE #21&Prime; border_width=\u00a0\u00bb2&Prime;][vc_column_text]<strong>CONF\u00c9RENCI\u00c8RE\u00a0<\/strong>:\u00a0Sonia Marta Mora,\u00a0Pr\u00e9sidente, SINAES,\u00a0Membre de INQAAHE,\u00a0Coordonnatrice d\u2019EMULIES, Costa Rica[\/vc_column_text][vc_video link=\u00a0\u00bbhttps:\/\/vimeo.com\/86350608&Prime; el_width=\u00a0\u00bb80&Prime; align=\u00a0\u00bbcenter\u00a0\u00bb][\/vc_column][\/vc_row][vc_row][vc_column width=\u00a0\u00bb1\/3&Prime;][vc_text_separator title=\u00a0\u00bbENTREVUE #22&Prime; border_width=\u00a0\u00bb2&Prime;][vc_column_text]<strong>CONF\u00c9RENCIER<\/strong>\u00a0: Sidney Luiz\u00a0de Matos Mello, Vice recteur, Universidade\u00a0Federal Fluminense, Br\u00e9sil[\/vc_column_text][vc_video link=\u00a0\u00bbhttps:\/\/vimeo.com\/86357605&Prime; el_width=\u00a0\u00bb80&Prime; align=\u00a0\u00bbcenter\u00a0\u00bb][\/vc_column][vc_column width=\u00a0\u00bb1\/3&Prime;][vc_text_separator title=\u00a0\u00bbENTREVUE #23&Prime; border_width=\u00a0\u00bb2&Prime;][vc_column_text]<strong>CONF\u00c9RENCIER<\/strong>\u00a0:\u00a0Pierre Noreau, Vice-pr\u00e9sident, Programmation et\u00a0d\u00e9veloppement, Agence universitaire\u00a0de la Francophonie (AUF), Canada[\/vc_column_text][vc_video link=\u00a0\u00bbhttps:\/\/vimeo.com\/86353872&Prime; el_width=\u00a0\u00bb80&Prime; align=\u00a0\u00bbcenter\u00a0\u00bb][\/vc_column][vc_column width=\u00a0\u00bb1\/3&Prime;][vc_text_separator title=\u00a0\u00bbENTREVUE #24&Prime; border_width=\u00a0\u00bb2&Prime;][vc_column_text]<strong>CONF\u00c9RENCIER\u00a0<\/strong>: Ireneo Rojas Hern\u00e1ndez, Recteur, Universidad Intercultural\u00a0Ind\u00edgena de Michoac\u00e1n, Mexique[\/vc_column_text][vc_video link=\u00a0\u00bbhttps:\/\/vimeo.com\/86116615&Prime; el_width=\u00a0\u00bb80&Prime; align=\u00a0\u00bbcenter\u00a0\u00bb][\/vc_column][\/vc_row][vc_row][vc_column width=\u00a0\u00bb1\/3&Prime;][vc_text_separator title=\u00a0\u00bbENTREVUE #25&Prime; border_width=\u00a0\u00bb2&Prime;][vc_column_text]<strong>CONF\u00c9RENCIER<\/strong>\u00a0:\u00a0Roberto Salles,\u00a0Recteur,\u00a0Universidade Federal\u00a0Fluminense, Br\u00e9sil[\/vc_column_text][vc_video link=\u00a0\u00bbhttps:\/\/vimeo.com\/86708401&Prime; el_width=\u00a0\u00bb80&Prime; align=\u00a0\u00bbcenter\u00a0\u00bb][\/vc_column][vc_column width=\u00a0\u00bb1\/3&Prime;][vc_text_separator title=\u00a0\u00bbENTREVUE #26&Prime; border_width=\u00a0\u00bb2&Prime;][vc_column_text]<strong>CONF\u00c9RENCIER<\/strong>\u00a0:\u00a0Jamil Salmi, Expert en\u00a0Enseignement\u00a0sup\u00e9rieur international, Maroc[\/vc_column_text][vc_video link=\u00a0\u00bbhttps:\/\/vimeo.com\/86707185&Prime; el_width=\u00a0\u00bb80&Prime; align=\u00a0\u00bbcenter\u00a0\u00bb][\/vc_column][vc_column width=\u00a0\u00bb1\/3&Prime;][vc_text_separator title=\u00a0\u00bbENTREVUE #27&Prime; border_width=\u00a0\u00bb2&Prime;][vc_column_text]<strong>CONF\u00c9RENCI\u00c8RE\u00a0<\/strong>:\u00a0Mar\u00eda Dolores S\u00e1nchez Soler,\u00a0Directrice adjointe\u00a0d\u2019\u00c9tudes sup\u00e9rieures et\u00a0de Bourses, CONACYT, Mexique[\/vc_column_text][vc_video link=\u00a0\u00bbhttps:\/\/vimeo.com\/86112565&Prime; el_width=\u00a0\u00bb80&Prime; align=\u00a0\u00bbcenter\u00a0\u00bb][\/vc_column][\/vc_row][vc_row][vc_column width=\u00a0\u00bb1\/3&Prime;][vc_text_separator title=\u00a0\u00bbENTREVUE #28&Prime; border_width=\u00a0\u00bb2&Prime;][vc_column_text]<strong>CONF\u00c9RENCI\u00c8RE<\/strong>\u00a0:\u00a0Donna Scarboro, Provost adjointe, Programmes internationaux, George Washington University, \u00c9tats-Unis[\/vc_column_text][vc_video link=\u00a0\u00bbhttps:\/\/vimeo.com\/86710615&Prime; el_width=\u00a0\u00bb80&Prime; align=\u00a0\u00bbcenter\u00a0\u00bb][\/vc_column][vc_column width=\u00a0\u00bb1\/3&Prime;][vc_text_separator title=\u00a0\u00bbENTREVUE #29&Prime; border_width=\u00a0\u00bb2&Prime;][vc_column_text]<strong>CONF\u00c9RENCIER<\/strong>\u00a0: Paulo Speller, Secr\u00e9taire de l\u2019enseignement sup\u00e9rieur, Br\u00e9sil[\/vc_column_text][vc_video link=\u00a0\u00bbhttps:\/\/vimeo.com\/86708405&Prime; el_width=\u00a0\u00bb80&Prime; align=\u00a0\u00bbcenter\u00a0\u00bb][\/vc_column][vc_column width=\u00a0\u00bb1\/3&Prime;][vc_text_separator title=\u00a0\u00bbENTREVUE #30&Prime; border_width=\u00a0\u00bb2&Prime;][vc_column_text]<strong>CONF\u00c9RENCIER\u00a0<\/strong>:\u00a0Julio C\u00e9sar Theiler,\u00a0Secr\u00e9taire des Relations\u00a0internationales, Universidad\u00a0Nacional del Litoral, Ex-coordonnateur g\u00e9n\u00e9ral,\u00a0RELARIES, Argentine[\/vc_column_text][vc_video link=\u00a0\u00bbhttps:\/\/vimeo.com\/85867924&Prime; el_width=\u00a0\u00bb80&Prime; align=\u00a0\u00bbcenter\u00a0\u00bb][\/vc_column][\/vc_row][vc_row][vc_column width=\u00a0\u00bb1\/3&Prime;][vc_text_separator title=\u00a0\u00bbENTREVUE #31&Prime; border_width=\u00a0\u00bb2&Prime;][vc_column_text]<strong>CONF\u00c9RENCI\u00c8RE<\/strong>\u00a0:\u00a0Vianne Timmons,\u00a0Rectrice,\u00a0University of Regina,\u00a0Canada[\/vc_column_text][vc_video link=\u00a0\u00bbhttps:\/\/vimeo.com\/85864844&Prime; el_width=\u00a0\u00bb80&Prime; align=\u00a0\u00bbcenter\u00a0\u00bb][\/vc_column][vc_column width=\u00a0\u00bb1\/3&Prime;][vc_text_separator title=\u00a0\u00bbENTREVUE #32&Prime; border_width=\u00a0\u00bb2&Prime;][vc_column_text]<strong>CONF\u00c9RENCIER<\/strong>\u00a0: Hans de Wit,\u00a0Professeur en Internationalisation de l\u2019enseignement sup\u00e9rieur,\u00a0Centre for Applied Research in Economics and Management,\u00a0Amsterdam University of Applied Sciences,\u00a0Hollande[\/vc_column_text][vc_video link=\u00a0\u00bbhttps:\/\/vimeo.com\/85871586&Prime; el_width=\u00a0\u00bb80&Prime; align=\u00a0\u00bbcenter\u00a0\u00bb][\/vc_column][vc_column width=\u00a0\u00bb1\/3&Prime;][vc_text_separator title=\u00a0\u00bbENTREVUE #33&Prime; border_width=\u00a0\u00bb2&Prime;][vc_column_text]<strong>CONF\u00c9RENCIER\u00a0<\/strong>:\u00a0Adel el Zaim, Directeur g\u00e9n\u00e9ral des Relations internationales, Universit\u00e9 de Sherbrooke,\u00a0Canada[\/vc_column_text][vc_video link=\u00a0\u00bbhttps:\/\/vimeo.com\/86707186&Prime; el_width=\u00a0\u00bb80&Prime; align=\u00a0\u00bbcenter\u00a0\u00bb][\/vc_column][\/vc_row]<\/p>\n<\/div>","protected":false},"excerpt":{"rendered":"<p>[vc_row][vc_column][vc_custom_heading source=\u00a0\u00bbpost_title\u00a0\u00bb font_container=\u00a0\u00bbtag:h2|text_align:left|color:%23b12028&Prime; use_theme_fonts=\u00a0\u00bbyes\u00a0\u00bb][\/vc_column][\/vc_row][vc_row][vc_column width=\u00a0\u00bb1\/4&Prime;][vc_single_image image=\u00a0\u00bb6203&Prime; img_size=\u00a0\u00bblarge\u00a0\u00bb alignment=\u00a0\u00bbcenter\u00a0\u00bb onclick=\u00a0\u00bbcustom_link\u00a0\u00bb img_link_target=\u00a0\u00bb_blank\u00a0\u00bb link=\u00a0\u00bbhttps:\/\/caie-caei.org\/fr\/\u00a0\u00bb][\/vc_column][vc_column width=\u00a0\u00bb3\/4&Prime;][vc_custom_heading text=\u00a0\u00bbPr\u00e9sentation\u00a0\u00bb use_theme_fonts=\u00a0\u00bbyes\u00a0\u00bb][vc_column_text]La III \u00e9dition du Congr\u00e8s des Am\u00e9riques [&hellip;]<\/p>\n","protected":false},"author":4,"featured_media":0,"parent":0,"menu_order":0,"comment_status":"closed","ping_status":"closed","template":"","meta":{"_acf_changed":false,"_monsterinsights_skip_tracking":false,"_monsterinsights_sitenote_active":false,"_monsterinsights_sitenote_note":"","_monsterinsights_sitenote_category":0,"footnotes":""},"class_list":["post-3037","page","type-page","status-publish","hentry"],"acf":[],"aioseo_notices":[],"_links":{"self":[{"href":"https:\/\/oui-iohe.org\/fr\/wp-json\/wp\/v2\/pages\/3037","targetHints":{"allow":["GET"]}}],"collection":[{"href":"https:\/\/oui-iohe.org\/fr\/wp-json\/wp\/v2\/pages"}],"about":[{"href":"https:\/\/oui-iohe.org\/fr\/wp-json\/wp\/v2\/types\/page"}],"author":[{"embeddable":true,"href":"https:\/\/oui-iohe.org\/fr\/wp-json\/wp\/v2\/users\/4"}],"replies":[{"embeddable":true,"href":"https:\/\/oui-iohe.org\/fr\/wp-json\/wp\/v2\/comments?post=3037"}],"version-history":[{"count":61,"href":"https:\/\/oui-iohe.org\/fr\/wp-json\/wp\/v2\/pages\/3037\/revisions"}],"predecessor-version":[{"id":6207,"href":"https:\/\/oui-iohe.org\/fr\/wp-json\/wp\/v2\/pages\/3037\/revisions\/6207"}],"wp:attachment":[{"href":"https:\/\/oui-iohe.org\/fr\/wp-json\/wp\/v2\/media?parent=3037"}],"curies":[{"name":"wp","href":"https:\/\/api.w.org\/{rel}","templated":true}]}}