{"id":3266,"date":"2019-02-21T15:22:15","date_gmt":"2019-02-21T20:22:15","guid":{"rendered":"https:\/\/oui-iohe.org\/?page_id=3266"},"modified":"2020-11-12T18:55:16","modified_gmt":"2020-11-12T23:55:16","slug":"caei-canada-2017","status":"publish","type":"page","link":"https:\/\/oui-iohe.org\/fr\/caei-canada-2017\/","title":{"rendered":"CAEI CANADA \u2013 2017"},"content":{"rendered":"<div class=\"wpb-content-wrapper\"><p>[vc_row][vc_column][vc_custom_heading source=\u00a0\u00bbpost_title\u00a0\u00bb font_container=\u00a0\u00bbtag:h2|text_align:left|color:%23b12028&Prime; use_theme_fonts=\u00a0\u00bbyes\u00a0\u00bb][\/vc_column][\/vc_row][vc_row][vc_column width=\u00a0\u00bb1\/4&Prime;][vc_single_image image=\u00a0\u00bb6257&Prime; img_size=\u00a0\u00bblarge\u00a0\u00bb alignment=\u00a0\u00bbcenter\u00a0\u00bb onclick=\u00a0\u00bbcustom_link\u00a0\u00bb img_link_target=\u00a0\u00bb_blank\u00a0\u00bb link=\u00a0\u00bbhttps:\/\/caie-caei.org\/fr\/\u00a0\u00bb][\/vc_column][vc_column width=\u00a0\u00bb3\/4&Prime;][vc_custom_heading text=\u00a0\u00bbPr\u00e9sentation\u00a0\u00bb use_theme_fonts=\u00a0\u00bbyes\u00a0\u00bb][vc_column_text]<\/p>\n<h4>Pr\u00e9sidence<\/h4>\n<ul>\n<li>Canada 2017\u00a0: H\u00e9l\u00e8ne David, Ministre responsable de l\u2019Enseignement sup\u00e9rieur, Qu\u00e9bec, Canada<\/li>\n<li>\u00c9quateur 2015\u00a0: Ren\u00e9 Ram\u00edrez, Secr\u00e9taire de l\u2019Enseignement sup\u00e9rieur de la science et de la technologie,\u00a0\u00c9quateur<\/li>\n<li>Mexique 2013 : Jes\u00fas Ancer, Recteur,\u00a0Universidad Aut\u00f3noma de Nuevo Le\u00f3n\u00a0(UANL), Mexique<\/li>\n<li>Br\u00e9sil 2012 : Marcial Rubio, Recteur,\u00a0Pontificia Cat\u00f3lica Universidad de Per\u00fa\u00a0(PUCP), Perou<\/li>\n<li>Canada 2010\u00a0: \u00a0Vianne Timmons, Rectrice,\u00a0University of Regina, Canada<\/li>\n<\/ul>\n<p>[\/vc_column_text][vc_column_text]<\/p>\n<h4>Comit\u00e9 de direction<\/h4>\n<p>Le Comit\u00e9 de direction est form\u00e9 des membres associ\u00e9s du CAEI et est l\u2019entit\u00e9 qui d\u00e9finit les orientations strat\u00e9giques du CAEI. Les membres sont:<\/p>\n<ul>\n<li><a href=\"http:\/\/www.cbie-bcei.ca\/\" target=\"_blank\" rel=\"noopener noreferrer\">Bureau canadien de l\u2019\u00e9ducation internationale (BCEI &#8211; CBIE) <\/a><\/li>\n<li><a href=\"http:\/\/www.conahec.org\/conahec\/index.jsp\" target=\"_blank\" rel=\"noopener noreferrer\">Consortium pour la collaboration dans l\u2019enseignement sup\u00e9rieur en Am\u00e9rique du Nord (CONAHEC)<\/a><\/li>\n<li><a href=\"http:\/\/www.oui-iohe.org\/\" target=\"_blank\" rel=\"noopener noreferrer\">Organisation universitaire interam\u00e9ricaine (OUI &#8211; IOHE)<\/a><\/li>\n<li><a href=\"http:\/\/www.ampei.org.mx\/\" target=\"_blank\" rel=\"noopener noreferrer\">Asociaci\u00f3n Mexicana para la Educaci\u00f3n Internacional (AMPEI)<\/a><\/li>\n<li>Consortium des cinq principales universit\u00e9s de Montr\u00e9al:\u00a0<a href=\"https:\/\/www.concordia.ca\/\" target=\"_blank\" rel=\"noopener noreferrer\">Concordia University<\/a>,\u00a0<a href=\"https:\/\/www.etsmtl.ca\/\" target=\"_blank\" rel=\"noopener noreferrer\">\u00c9cole de technologie sup\u00e9rieure<\/a>,\u00a0<a href=\"https:\/\/www.mcgill.ca\/\" target=\"_blank\" rel=\"noopener noreferrer\">McGill University<\/a>,\u00a0<a href=\"http:\/\/www.umontreal.ca\/\" target=\"_blank\" rel=\"noopener noreferrer\">Universit\u00e9 de Montr\u00e9al<\/a>,\u00a0<a href=\"http:\/\/www.uqam.ca\/\" target=\"_blank\" rel=\"noopener noreferrer\">Universit\u00e9 du Qu\u00e9bec \u00e0 Montr\u00e9al<\/a><\/li>\n<li><a href=\"http:\/\/www.yachay.gob.ec\/\" target=\"_blank\" rel=\"noopener noreferrer\">Empresa P\u00fablica YACHAY E.P<\/a><\/li>\n<li><a href=\"http:\/\/www.uanl.mx\/\" target=\"_blank\" rel=\"noopener noreferrer\">Universidad Aut\u00f3noma de Nuevo Le\u00f3n (UANL)<\/a><\/li>\n<li><a href=\"http:\/\/www.international.gc.ca\/international\/index.aspx?lang=fra\" target=\"_blank\" rel=\"noopener noreferrer\">Affaires Mondiales Canada<\/a><\/li>\n<\/ul>\n<p>[\/vc_column_text][vc_column_text]<\/p>\n<h4>Comit\u00e9 consultatif CAEI Canada-2017<\/h4>\n<ul>\n<li><a href=\"http:\/\/adru.org\/\" target=\"_blank\" rel=\"noopener noreferrer\">Asociaci\u00f3n Dominicana de Rectores de Universidades (ADRU)<\/a><\/li>\n<li><a href=\"http:\/\/www.cin.edu.ar\/\" target=\"_blank\" rel=\"noopener noreferrer\">Consejo Interuniversitario Nacional (CIN)<\/a><\/li>\n<li><a href=\"http:\/\/www.consejoderectores.cl\/\" target=\"_blank\" rel=\"noopener noreferrer\">Consejo de Rectores de las Universidades Chilenas (CRUCH)<\/a><\/li>\n<li><a href=\"http:\/\/www.faubai.org.br\/\" target=\"_blank\" rel=\"noopener noreferrer\">Associa\u00e7\u00e3o Brasileira de Educa\u00e7\u00e3o Internacional (FAUBAI)<\/a><\/li>\n<li><a href=\"http:\/\/www.fedecegeps.qc.ca\/\" target=\"_blank\" rel=\"noopener noreferrer\">F\u00e9deration des C\u00e9geps<\/a><\/li>\n<li><a href=\"http:\/\/www.laspau.harvard.edu\/\" target=\"_blank\" rel=\"noopener noreferrer\">Academic and Professional Programs for the Americas (LASPAU)<\/a><\/li>\n<li><a href=\"http:\/\/www.uwi.edu\/es\/unica\/\" target=\"_blank\" rel=\"noopener noreferrer\">Association des universit\u00e9s et centres de recherche de la Cara\u00efbe (UNICA)<\/a><\/li>\n<\/ul>\n<p>[\/vc_column_text][vc_column_text]<\/p>\n<h4>Comit\u00e9 acad\u00e9mique CAEI Canada-2017<\/h4>\n<ul>\n<li><a href=\"http:\/\/www.aieaworld.org\/\" target=\"_blank\" rel=\"noopener noreferrer\">Association of International Education Administrators (AIEA)<\/a><\/li>\n<li><a href=\"http:\/\/www.anuies.mx\/\" target=\"_blank\" rel=\"noopener noreferrer\">sociaci\u00f3n Nacional de Universidades e Instituciones de Educaci\u00f3n Superior (ANUIES)<\/a><\/li>\n<li><a href=\"http:\/\/ascun.org.co\/\" target=\"_blank\" rel=\"noopener noreferrer\">Asociaci\u00f3n Colombiana de Universidades (ASCUN)<\/a><\/li>\n<li><a href=\"http:\/\/www.bccie.bc.ca\/\" target=\"_blank\" rel=\"noopener noreferrer\">British Columbia Council for International Education (BCCIE)<\/a><\/li>\n<li><a href=\"http:\/\/www.cladea.org\/\" target=\"_blank\" rel=\"noopener noreferrer\">Consejo Latinoamericano de Escuelas de Administraci\u00f3n (CLADEA)<\/a><\/li>\n<li><a href=\"https:\/\/www.conare.ac.cr\/\" target=\"_blank\" rel=\"noopener noreferrer\">Consejo Nacional de Rectores (CONARE)<\/a><\/li>\n<li><a href=\"http:\/\/www.iie.org\/\" target=\"_blank\" rel=\"noopener noreferrer\">Institute of International Education (IIE)<\/a><\/li>\n<\/ul>\n<p>[\/vc_column_text][vc_column_text]<\/p>\n<h4>Comit\u00e9 national CAEI Canada-2017<\/h4>\n<p>Cette instance est constitu\u00e9e de repr\u00e9sentants d\u2019institutions et d\u2019organisations du pays h\u00f4te du CAEI. \u00a0Les membres du Comit\u00e9 national CAEI Canada-2017 sont:<\/p>\n<ul>\n<li><a href=\"https:\/\/www.concordia.ca\/\" target=\"_blank\" rel=\"noopener noreferrer\">Concordia University<\/a><\/li>\n<li><a href=\"http:\/\/etsmtl.ca\/\" target=\"_blank\" rel=\"noopener noreferrer\">\u00c9cole de technologie sup\u00e9rieure<\/a><\/li>\n<li><a href=\"https:\/\/www.mcgill.ca\/\" target=\"_blank\" rel=\"noopener noreferrer\">McGill University<\/a><\/li>\n<li><a href=\"http:\/\/www.umontreal.ca\/\" target=\"_blank\" rel=\"noopener noreferrer\">Universit\u00e9 de Montr\u00e9al<\/a><\/li>\n<li><a href=\"http:\/\/www.uqam.ca\/\" target=\"_blank\" rel=\"noopener noreferrer\">Universit\u00e9 du Qu\u00e9bec \u00e0 Montr\u00e9al<\/a><\/li>\n<\/ul>\n<p>[\/vc_column_text][vc_column_text]<\/p>\n<h4>Secr\u00e9tariat ex\u00e9cutif<\/h4>\n<p>Pour les p\u00e9riodes 2011-2014 et 2014-2017, l\u2019<a href=\"http:\/\/www.oui-iohe.org\/\" target=\"_blank\" rel=\"noopener noreferrer\">Organisation universitaire interam\u00e9ricaine (OUI-IOHE)<\/a>\u00a0assure le Secr\u00e9tariat ex\u00e9cutif du CAEI.<\/p>\n<p>Le Secr\u00e9tariat ex\u00e9cutif, \u00e9tablie \u00e0 l\u2019<a href=\"http:\/\/www.umontreal.ca\/\" target=\"_blank\" rel=\"noopener noreferrer\">Universit\u00e9 de Montr\u00e9al<\/a>, assume tous les aspects de l\u2019organisation du CAEI, mettant en \u0153uvre les d\u00e9cisions du Comit\u00e9 directif et travaillant en \u00e9troite collaboration avec le Comit\u00e9 national, le Comit\u00e9 consultatif et le Comit\u00e9 acad\u00e9mique.[\/vc_column_text][\/vc_column][\/vc_row][vc_row][vc_column width=\u00a0\u00bb1\/2&Prime;][vc_empty_space height=\u00a0\u00bb20px\u00a0\u00bb][vc_custom_heading text=\u00a0\u00bbProgrammation 2017&Prime; use_theme_fonts=\u00a0\u00bbyes\u00a0\u00bb][vc_column_text]<\/p>\n<h4 style=\"text-align: center;\">Pr\u00e9parer les leaders et innovateurs de demain : la recherche et l\u2019enseignement sup\u00e9rieur, vecteurs de prosp\u00e9rit\u00e9 dans les Am\u00e9riques<\/h4>\n<p>Le congr\u00e8s des Am\u00e9riques sur l\u2019\u00e9ducation internationale (CAEI), fond\u00e9 en 2009, a rapidement consolid\u00e9 sa r\u00e9putation en tant que forum pionnier de l\u2019internationalisation de l\u2019enseignement sup\u00e9rieur dans les Am\u00e9riques. Conform\u00e9ment \u00e0 son mandat, le CAEI assure un espace commun pour la stimulation d\u2019un libre dialogue, tout en promouvant les r\u00e9seaux et les alliances strat\u00e9giques aux niveaux bilat\u00e9ral, r\u00e9gional et multilat\u00e9ral.<br \/>\nDurant ses quatre \u00e9ditions ant\u00e9rieures (Canada 2010, Br\u00e9sil 2012, Mexique 2013 et \u00c9quateur 2015), l\u2019initiative du CAEI a abouti \u00e0 des r\u00e9sultats remarquables qui ratifient leur pertinence en tant qu\u2019instrument de valeur pour le progr\u00e8s de collaboration durable dans le contient. Le d\u00e9veloppement de la cinqui\u00e8me \u00e9dition, qui sera tenue \u00e0 Montr\u00e9al en 2017, offrira de nouveau un espace acad\u00e9mique de participation et d\u2019inclusion o\u00f9 seront discut\u00e9s les d\u00e9fis affront\u00e9s actuellement et o\u00f9 les feuilles de route seront projet\u00e9es vers le futur. Se pr\u00e9parant aux d\u00e9fis relev\u00e9s, les R\u00e9sultats du CAEI 2010 \u2013 2015 et les orientations futures, le th\u00e8me principal du CAEI 2017 devrait mettre en relief les \u00e9l\u00e9ments suivants:<\/p>\n<ul>\n<li>L\u2019internationalisation compr\u00e9hensive<\/li>\n<li>L\u2019internationalisation de l\u2019enseignement sup\u00e9rieur: collaboration et la recherche<\/li>\n<li>L\u2019internationalisation de la recherche<\/li>\n<li>La recherche, l\u2019innovation et la formation doctorale dans le cadre de l\u2019internationalisation<\/li>\n<li>La gestion universitaire et l\u2019internationalisation<\/li>\n<li>Les secteurs gouvernemental, acad\u00e9mique et priv\u00e9: alli\u00e9s en faveur de l\u2019internationalisation de l\u2019enseignement sup\u00e9rieur<\/li>\n<li>Les gouvernements et leurs agendas nationaux pour l\u2019internationalisation de l\u2019enseignement sup\u00e9rieur<\/li>\n<li>Les agendas Communs pour l\u2019internationalisation du curriculum.<\/li>\n<\/ul>\n<p>[\/vc_column_text][vc_empty_space height=\u00a0\u00bb30px\u00a0\u00bb][vc_btn title=\u00a0\u00bbProgramme 2017&Prime; style=\u00a0\u00bbflat\u00a0\u00bb shape=\u00a0\u00bbsquare\u00a0\u00bb color=\u00a0\u00bbiohe-orange\u00a0\u00bb size=\u00a0\u00bblg\u00a0\u00bb align=\u00a0\u00bbcenter\u00a0\u00bb button_block=\u00a0\u00bbtrue\u00a0\u00bb link=\u00a0\u00bburl:https%3A%2F%2Foui-iohe.org%2Fwp-content%2Fuploads%2F2019%2F02%2FCAEI-2017-Programme-2017_4-idiomas.pdf||target:%20_blank|\u00a0\u00bb][\/vc_column][vc_column width=\u00a0\u00bb1\/2&Prime;][vc_empty_space height=\u00a0\u00bb20px\u00a0\u00bb][vc_custom_heading text=\u00a0\u00bbCommanditaires 2017&Prime; use_theme_fonts=\u00a0\u00bbyes\u00a0\u00bb][vc_column_text]<\/p>\n<h4 style=\"text-align: center;\">Liste des commanditaires qui ont support\u00e9 l\u2019\u00e9dition du CAEI Canada 2017<\/h4>\n<ul>\n<li><a href=\"https:\/\/altissia.org\/fr\/\" target=\"_blank\" rel=\"noopener noreferrer\">ALTISSIA<\/a><\/li>\n<li><a href=\"http:\/\/www.uquebec.ca\/reseau\/fr\" target=\"_blank\" rel=\"noopener noreferrer\">Universit\u00e9 du Qu\u00e9bec<\/a><\/li>\n<li><a href=\"https:\/\/www.mtl.org\/fr\" target=\"_blank\" rel=\"noopener noreferrer\">Tourisme Montr\u00e9al<\/a><\/li>\n<li><a href=\"https:\/\/ilumno.com\/en\" target=\"_blank\" rel=\"noopener noreferrer\">ILUMNO<\/a><\/li>\n<li><a href=\"http:\/\/www.scientifique-en-chef.gouv.qc.ca\/le-scientifique-en-chef\/les-fonds-de-recherche-du-quebec\/\" target=\"_blank\" rel=\"noopener noreferrer\">Fonds de recherche du Qu\u00e9bec<\/a><\/li>\n<li><a href=\"https:\/\/www.guard.me\/\" target=\"_blank\" rel=\"noopener noreferrer\">Guard.me<\/a><\/li>\n<li><a href=\"http:\/\/www.bci-qc.ca\/\" target=\"_blank\" rel=\"noopener noreferrer\">Bureau de cooperation interuniversitaire<\/a> (BCI)<\/li>\n<li><a href=\"https:\/\/www.corim.qc.ca\/fr\/\" target=\"_blank\" rel=\"noopener noreferrer\">Conseil des relations internationales de Montr\u00e9al<\/a> (CORIM)<\/li>\n<li><a href=\"https:\/\/ca.usembassy.gov\/fr\/embassy-consulates-fr\/montreal\/\" target=\"_blank\" rel=\"noopener noreferrer\">Consulat g\u00e9n\u00e9ral des \u00c9tats-Unis \u00e0 Montr\u00e9al<\/a><\/li>\n<li><a href=\"https:\/\/www.heacademy.ac.uk\/\" target=\"_blank\" rel=\"noopener noreferrer\">Higher Education Academy<\/a> (HEA)<\/li>\n<li><a href=\"https:\/\/www.mitacs.ca\/fr\" target=\"_blank\" rel=\"noopener noreferrer\">MITACS<\/a><\/li>\n<li><a href=\"http:\/\/www.iu.qs.com\/\" target=\"_blank\" rel=\"noopener noreferrer\">QS Intelligence Unit<\/a><\/li>\n<li><a href=\"http:\/\/www.montrealinternational.com\/\" target=\"_blank\" rel=\"noopener noreferrer\">Montreal International<\/a><\/li>\n<li><a href=\"https:\/\/www.ucsg.edu.ec\/\" target=\"_blank\" rel=\"noopener noreferrer\">Universidad Cat\u00f3lica de Santiago de Guayaquil<\/a> (UCSG)<\/li>\n<li><a href=\"http:\/\/www.nserc-crsng.gc.ca\/\" target=\"_blank\" rel=\"noopener noreferrer\">Natural Sciences and Engineering Research Council of Canada<\/a> (CRSNG \/ NSERC)<\/li>\n<li><a href=\"https:\/\/www.wes.org\/\" target=\"_blank\" rel=\"noopener noreferrer\">World Education Services<\/a> (WES)<\/li>\n<li><a href=\"https:\/\/www.chronicle.com\/\" target=\"_blank\" rel=\"noopener noreferrer\">The Chronicle of Higher Education<\/a><\/li>\n<li><a href=\"https:\/\/educanada.edufindme.com\/\" target=\"_blank\" rel=\"noopener noreferrer\">EDUCANADA<\/a><\/li>\n<li><a href=\"https:\/\/www.quebec.ca\/\" target=\"_blank\" rel=\"noopener noreferrer\">Province de Qu\u00e9bec<\/a><\/li>\n<li><a href=\"https:\/\/uqam.ca\/\" target=\"_blank\" rel=\"noopener noreferrer\">Universit\u00e9 du Qu\u00e9bec \u00e0 Montr\u00e9al<\/a> (UQ\u00c0M)<\/li>\n<li><a href=\"https:\/\/www.concordia.ca\/\" target=\"_blank\" rel=\"noopener noreferrer\">Concordia University<\/a><\/li>\n<li><a href=\"https:\/\/www.etsmtl.ca\/\" target=\"_blank\" rel=\"noopener noreferrer\">\u00c9cole des Technologies Sup\u00e9rieures<\/a> (\u00c9TS)<\/li>\n<li><a href=\"https:\/\/www.tec.ac.cr\/\" target=\"_blank\" rel=\"noopener noreferrer\">Instituto Tecnol\u00f3gico de Costa Rica<\/a>\u00a0(TEC)<\/li>\n<li><a href=\"https:\/\/smith.queensu.ca\/index.php\" target=\"_blank\" rel=\"noopener noreferrer\">SMITH School of Business<\/a><\/li>\n<li><a href=\"http:\/\/www.ibero.mx\/\" target=\"_blank\" rel=\"noopener noreferrer\">Universidad Iberoamericana<\/a>\u00a0(IBERO)<\/li>\n<li><a href=\"https:\/\/www.anahuac.mx\/mexico\/\" target=\"_blank\" rel=\"noopener noreferrer\">Universidad Anahuac Mexico<\/a><\/li>\n<li><a href=\"http:\/\/www.udg.mx\/\" target=\"_blank\" rel=\"noopener noreferrer\">Universidad de Guadalajara<\/a><\/li>\n<li><a href=\"https:\/\/www.bc.edu\/\" target=\"_blank\" rel=\"noopener noreferrer\">Boston College<\/a><\/li>\n<li><a href=\"https:\/\/www.ucol.mx\/\" target=\"_blank\" rel=\"noopener noreferrer\">Universidad de Colima<\/a><\/li>\n<li><a href=\"https:\/\/www.u-planner.com\/\" target=\"_blank\" rel=\"noopener noreferrer\">U-PLANNER<\/a><\/li>\n<li><a href=\"https:\/\/www.laspau.harvard.edu\/\" target=\"_blank\" rel=\"noopener noreferrer\">LASPAU<\/a><\/li>\n<li><a href=\"https:\/\/www.buap.mx\/\" target=\"_blank\" rel=\"noopener noreferrer\">Benem\u00e9rita Universidad Aut\u00f3noma de Puebla<\/a> (BUAP)<\/li>\n<li><a href=\"https:\/\/www.cin.edu.ar\/\" target=\"_blank\" rel=\"noopener noreferrer\">Consejo Interuniversitario Nacional<\/a> (CIN)<\/li>\n<li><a href=\"https:\/\/www.usask.ca\/\" target=\"_blank\" rel=\"noopener noreferrer\">University of Saskatchewan<\/a><\/li>\n<li><a href=\"http:\/\/new.acafe.org.br\/\" target=\"_blank\" rel=\"noopener noreferrer\">Associa\u00e7\u00e3o Catarinense das Funda\u00e7\u00f5es Educacionais<\/a> (ACAFE)<\/li>\n<li><a href=\"https:\/\/www.uv.mx\/\" target=\"_blank\" rel=\"noopener noreferrer\">Universidad Veracruzana<\/a><\/li>\n<\/ul>\n<p>[\/vc_column_text][\/vc_column][\/vc_row][vc_row][vc_column][vc_empty_space height=\u00a0\u00bb20px\u00a0\u00bb][vc_custom_heading text=\u00a0\u00bbWebinaires 2017&Prime; use_theme_fonts=\u00a0\u00bbyes\u00a0\u00bb][\/vc_column][\/vc_row][vc_row][vc_column width=\u00a0\u00bb1\/3&Prime;][vc_text_separator title=\u00a0\u00bbWEBINAIRE #1 \u00a0\u00bb border_width=\u00a0\u00bb2&Prime;][vc_column_text]<strong>TITRE<\/strong> : Webinaire inaugural: CAEI Canada-2017. Pr\u00e9parer les leaders et les innovateurs de demain<\/p>\n<p><strong>CONF\u00c9RENCIERS :\u00a0<\/strong><\/p>\n<p><strong>David Julien,<\/strong>\u00a0Secr\u00e9taire g\u00e9n\u00e9ral ex\u00e9cutif (OUI &#8211; IOHE) et Secr\u00e9taire ex\u00e9cutif (CAEI)<br \/>\n<strong>Francis\u00a0 Brown,\u00a0<\/strong>Coordonnateur ex\u00e9cutif, Comit\u00e9 national,<br \/>\nCAEI Canada-2017<br \/>\n<strong>Luis Kauachi,\u00a0<\/strong>Coordonnateur acad\u00e9mique, CAEI Canada-2017[\/vc_column_text][vc_video link=\u00a0\u00bbhttps:\/\/www.youtube.com\/watch?v=5Plu9JZyTM0&Prime; el_width=\u00a0\u00bb80&Prime; align=\u00a0\u00bbcenter\u00a0\u00bb][\/vc_column][vc_column width=\u00a0\u00bb1\/3&Prime;][vc_text_separator title=\u00a0\u00bbWEBINAIRE #2 \u00a0\u00bb border_width=\u00a0\u00bb2&Prime;][vc_column_text]<strong>TITRE<\/strong> : L\u2019innovation et l\u2019entrepreneuriat \u00e0 l\u2019universit\u00e9 : vecteurs de d\u00e9veloppement socio\u00e9conomique<\/p>\n<p><strong>CONF\u00c9RENCIERS :\u00a0<\/strong><\/p>\n<p><strong>Pierre Dumouchel <\/strong>(mod\u00e9rateur),Directeur g\u00e9n\u00e9ral, \u00c9cole de technologie sup\u00e9rieure (\u00c9TS)<br \/>\n<strong>Mohamed Cheriet,\u00a0<\/strong>Professeur, D\u00e9partement de G\u00e9nie de manufacture automatis\u00e9e, \u00c9TS<br \/>\n<strong>Richard Ch\u00e9nier,\u00a0<\/strong>Directeur g\u00e9n\u00e9ral, Centre d\u2019entrepreneurship technologique\u00a0(CENTECH), \u00c9TS<br \/>\n<strong>Damien Sil\u00e8s,\u00a0<\/strong>Directeur g\u00e9n\u00e9ral, Quartier de l\u2019innovation, Canada[\/vc_column_text][\/vc_column][vc_column width=\u00a0\u00bb1\/3&Prime;][vc_text_separator title=\u00a0\u00bbWEBINAIRE #3&Prime; border_width=\u00a0\u00bb2&Prime;][vc_column_text]<strong>TITRE<\/strong> : Les Maisons invisibles: P\u00e9dagogie et recherche sur la vuln\u00e9rabilit\u00e9, la r\u00e9silience et la durabilit\u00e9 des villes d\u2019Am\u00e9rique latine et des Cara\u00efbes<\/p>\n<p><strong>CONF\u00c9RENCIER :\u00a0Gonzalo Lizarralde<\/strong>, Directeur, Groupe de Recherche, IF-grif,\u00a0Universit\u00e9 de Montr\u00e9al[\/vc_column_text][vc_empty_space height=\u00a0\u00bb130px\u00a0\u00bb][vc_video link=\u00a0\u00bbhttps:\/\/www.youtube.com\/watch?v=ubBaemr0amc&amp;feature=youtu.be\u00a0\u00bb el_width=\u00a0\u00bb80&Prime; align=\u00a0\u00bbcenter\u00a0\u00bb][\/vc_column][\/vc_row][vc_row][vc_column width=\u00a0\u00bb1\/4&Prime;][vc_text_separator title=\u00a0\u00bbWEBINAIRE #4&Prime; border_width=\u00a0\u00bb2&Prime;][vc_column_text]<strong>TITRE<\/strong> : <em>EIESTEC: Institutions d\u2019Enseignement sup\u00e9rieur (IES), apprentissage permanent et employabilit\u00e9<\/em><\/p>\n<p><strong>CONF\u00c9RENCIER :\u00a0<\/strong><strong>Jos\u00e9 Carlos Quadrado,\u00a0<\/strong>Pr\u00e9sident,\u00a0<em>Latin American and Caribbean Consortium of Engineering Institutions<\/em>\u00a0(LACCEI); Professeur,\u00a0<em>Instituto Superior de Engenharia de Lisboa<\/em>, Portugal[\/vc_column_text][vc_video link=\u00a0\u00bbhttps:\/\/www.youtube.com\/watch?v=gWlu51wgD5o&amp;feature=youtu.be\u00a0\u00bb el_width=\u00a0\u00bb80&Prime; align=\u00a0\u00bbcenter\u00a0\u00bb][\/vc_column][vc_column width=\u00a0\u00bb1\/4&Prime;][vc_text_separator title=\u00a0\u00bbWEBINAIRE #5&Prime; border_width=\u00a0\u00bb2&Prime;][vc_column_text]<strong>TITRE<\/strong> : EMULIES: Accroissement de l\u2019acc\u00e8s et stratification dans l\u2019Enseignement sup\u00e9rieur au Br\u00e9sil<\/p>\n<p><strong>CONF\u00c9RENCI\u00c8RE : Helena Sampaio<\/strong>,\u00a0Professeure, Laborat\u00f3rio de Estudos de Educa\u00e7\u00e3o Superior, Universidade Estadual de Campinas,\u00a0Br\u00e9sil[\/vc_column_text][vc_empty_space height=\u00a0\u00bb55px\u00a0\u00bb][vc_video link=\u00a0\u00bbhttps:\/\/www.youtube.com\/watch?v=7a_CImsVfSM&amp;feature=youtu.be\u00a0\u00bb el_width=\u00a0\u00bb80&Prime; align=\u00a0\u00bbcenter\u00a0\u00bb][\/vc_column][vc_column width=\u00a0\u00bb1\/4&Prime;][vc_text_separator title=\u00a0\u00bbWEBINAIRE #6&Prime; border_width=\u00a0\u00bb2&Prime;][vc_column_text]<strong>TITRE<\/strong> : Mod\u00e8les \u00e9ducatifs innovateurs et le d\u00e9veloppement des comp\u00e9tences tout au long de la vie<\/p>\n<p><strong>CONF\u00c9RENCI\u00c8RE :<\/strong> <strong>Noor El Bawab,<\/strong>\u00a0g\u00e9rente g\u00e9n\u00e9rale,<em>\u00a0District 3,<br \/>\n<\/em>Concordia University, Canada[\/vc_column_text][vc_empty_space height=\u00a0\u00bb80px\u00a0\u00bb][vc_video link=\u00a0\u00bbhttps:\/\/www.youtube.com\/watch?v=qc0fyZuUXio&amp;feature=youtu.be\u00a0\u00bb el_width=\u00a0\u00bb80&Prime; align=\u00a0\u00bbcenter\u00a0\u00bb][\/vc_column][vc_column width=\u00a0\u00bb1\/4&Prime;][vc_text_separator title=\u00a0\u00bbWEBINAIRE #7&Prime; border_width=\u00a0\u00bb2&Prime;][vc_column_text]<strong>TITRE<\/strong> : Indicateurs pour l\u2019internationalisation<\/p>\n<p><strong>CONF\u00c9RENCI\u00c8RE :\u00a0Jocelyne Gacel-\u00c1vila<\/strong>,\u00a0Coordonatrice g\u00e9n\u00e9rale,Observatorio Regional sobre Internacionalizaci\u00f3n\u00a0y Redes en Educaci\u00f3n Terciaria\u00a0(OBIRET),\u00a0Universidad de Guadalajara,\u00a0Mexique[\/vc_column_text][vc_empty_space height=\u00a0\u00bb50px\u00a0\u00bb][vc_video link=\u00a0\u00bbhttps:\/\/www.youtube.com\/watch?v=Kx6f08dRVak&amp;feature=youtu.be \u00a0\u00bb el_width=\u00a0\u00bb80&Prime; align=\u00a0\u00bbcenter\u00a0\u00bb][\/vc_column][\/vc_row]<\/p>\n<\/div>","protected":false},"excerpt":{"rendered":"<p>[vc_row][vc_column][vc_custom_heading source=\u00a0\u00bbpost_title\u00a0\u00bb font_container=\u00a0\u00bbtag:h2|text_align:left|color:%23b12028&Prime; use_theme_fonts=\u00a0\u00bbyes\u00a0\u00bb][\/vc_column][\/vc_row][vc_row][vc_column width=\u00a0\u00bb1\/4&Prime;][vc_single_image image=\u00a0\u00bb6257&Prime; img_size=\u00a0\u00bblarge\u00a0\u00bb alignment=\u00a0\u00bbcenter\u00a0\u00bb onclick=\u00a0\u00bbcustom_link\u00a0\u00bb img_link_target=\u00a0\u00bb_blank\u00a0\u00bb link=\u00a0\u00bbhttps:\/\/caie-caei.org\/fr\/\u00a0\u00bb][\/vc_column][vc_column width=\u00a0\u00bb3\/4&Prime;][vc_custom_heading text=\u00a0\u00bbPr\u00e9sentation\u00a0\u00bb use_theme_fonts=\u00a0\u00bbyes\u00a0\u00bb][vc_column_text] Pr\u00e9sidence Canada 2017\u00a0: H\u00e9l\u00e8ne David, Ministre [&hellip;]<\/p>\n","protected":false},"author":4,"featured_media":0,"parent":0,"menu_order":0,"comment_status":"closed","ping_status":"closed","template":"","meta":{"_acf_changed":false,"_monsterinsights_skip_tracking":false,"_monsterinsights_sitenote_active":false,"_monsterinsights_sitenote_note":"","_monsterinsights_sitenote_category":0,"footnotes":""},"class_list":["post-3266","page","type-page","status-publish","hentry"],"acf":[],"aioseo_notices":[],"_links":{"self":[{"href":"https:\/\/oui-iohe.org\/fr\/wp-json\/wp\/v2\/pages\/3266","targetHints":{"allow":["GET"]}}],"collection":[{"href":"https:\/\/oui-iohe.org\/fr\/wp-json\/wp\/v2\/pages"}],"about":[{"href":"https:\/\/oui-iohe.org\/fr\/wp-json\/wp\/v2\/types\/page"}],"author":[{"embeddable":true,"href":"https:\/\/oui-iohe.org\/fr\/wp-json\/wp\/v2\/users\/4"}],"replies":[{"embeddable":true,"href":"https:\/\/oui-iohe.org\/fr\/wp-json\/wp\/v2\/comments?post=3266"}],"version-history":[{"count":26,"href":"https:\/\/oui-iohe.org\/fr\/wp-json\/wp\/v2\/pages\/3266\/revisions"}],"predecessor-version":[{"id":6266,"href":"https:\/\/oui-iohe.org\/fr\/wp-json\/wp\/v2\/pages\/3266\/revisions\/6266"}],"wp:attachment":[{"href":"https:\/\/oui-iohe.org\/fr\/wp-json\/wp\/v2\/media?parent=3266"}],"curies":[{"name":"wp","href":"https:\/\/api.w.org\/{rel}","templated":true}]}}