{"id":4708,"date":"2020-04-07T19:45:25","date_gmt":"2020-04-07T23:45:25","guid":{"rendered":"https:\/\/oui-iohe.org\/?page_id=4708"},"modified":"2025-12-01T21:11:33","modified_gmt":"2025-12-02T02:11:33","slug":"emovies","status":"publish","type":"page","link":"https:\/\/oui-iohe.org\/fr\/emovies\/","title":{"rendered":"eMOVIES"},"content":{"rendered":"<div class=\"wpb-content-wrapper\"><p>[vc_row][vc_column][vc_custom_heading source=\u00a0\u00bbpost_title\u00a0\u00bb font_container=\u00a0\u00bbtag:h1|text_align:left\u00a0\u00bb use_theme_fonts=\u00a0\u00bbyes\u00a0\u00bb][\/vc_column][\/vc_row][vc_row][vc_column][vc_column_text css=\u00a0\u00bb\u00a0\u00bb]L\u2019<strong>Espace de mobilit\u00e9 virtuelle en enseignement sup\u00e9rieur (eMOVIES)<\/strong> est une initiative men\u00e9e par l\u2019<strong>Organisation universitaire interam\u00e9ricaine (OUI) <\/strong>avec l&rsquo;objectif d&rsquo;apporter des solutions qui favorisent la coop\u00e9ration acad\u00e9mique internationale.<\/p>\n<p>&nbsp;<\/p>\n<ul>\n<li>eMOVIES est un consortium d&rsquo;\u00c9tablissements d&rsquo;Enseignement Sup\u00e9rieur (EES) membres de l&rsquo;OUI qui, gr\u00e2ce \u00e0 une vision innovante, favorise la mobilit\u00e9 virtuelle et la coop\u00e9ration acad\u00e9mique, en renfor\u00e7ant l&rsquo;internationalisation et le d\u00e9veloppement de comp\u00e9tences interculturelles et num\u00e9riques.<\/li>\n<li>Cela n&rsquo;engendre aucun co\u00fbt suppl\u00e9mentaire, ni pour les participants ni pour les EES.<\/li>\n<\/ul>\n<p>[\/vc_column_text][vc_column_text css=\u00a0\u00bb\u00a0\u00bb]<strong>eMOVIES se compose de deux programmes principaux gr\u00e2ce auxquels l&rsquo;OUI soutient les collaborations interinstitutionnelles qui ont un impact direct sur les \u00e9tudiant(e)s et les enseignant(e)s.<\/strong>[\/vc_column_text][\/vc_column][\/vc_row][vc_row full_width=\u00a0\u00bbstretch_row\u00a0\u00bb css=\u00a0\u00bb.vc_custom_1701732904999{padding-top: 20px !important;background-color: #ffffff !important;}\u00a0\u00bb][vc_column width=\u00a0\u00bb1\/3&Prime;][vc_single_image image=\u00a0\u00bb19613&Prime; img_size=\u00a0\u00bblarge\u00a0\u00bb css=\u00a0\u00bb.vc_custom_1764456675083{background-color: #ffffff !important;}\u00a0\u00bb][vc_column_text css=\u00a0\u00bb.vc_custom_1764456615557{background-color: #ffffff !important;}\u00a0\u00bb]Ce service est <strong>con\u00e7u pour les \u00e9tudiants de l&rsquo;enseignement sup\u00e9rieur<\/strong> qui souhaitent enrichir leur formation. Il leur offre la possibilit\u00e9 de s&rsquo;inscrire sans frais \u00e0 des cours virtuels dispens\u00e9s par des \u00e9tablissements d&rsquo;autres pays des Am\u00e9riques, leur permettant de vivre une exp\u00e9rience acad\u00e9mique, professionnelle et culturelle enrichissante qui renforce leur d\u00e9veloppement \u00e9ducatif.[\/vc_column_text][\/vc_column][vc_column width=\u00a0\u00bb1\/5&Prime;][vc_empty_space][\/vc_column][vc_column width=\u00a0\u00bb1\/3&Prime;][vc_single_image image=\u00a0\u00bb19617&Prime; img_size=\u00a0\u00bblarge\u00a0\u00bb css=\u00a0\u00bb.vc_custom_1764456798398{background-color: #ffffff !important;}\u00a0\u00bb][vc_column_text css=\u00a0\u00bb.vc_custom_1764456631405{background-color: #ffffff !important;}\u00a0\u00bb]Ce service <strong>accompagne les membres du corps enseignant<\/strong> int\u00e9ress\u00e9s par la collaboration internationale dans la co-conception d&rsquo;exp\u00e9riences \u00e9ducatives. En int\u00e9grant des m\u00e9thodologies actives et interculturelles, il promeut l&rsquo;internationalisation des programmes de formation et encourage l&rsquo;apprentissage en ligne collaboratif gr\u00e2ce \u00e0 la coop\u00e9ration directe entre pairs et au d\u00e9veloppement conjoint d&rsquo;activit\u00e9s p\u00e9dagogiques.[\/vc_column_text][\/vc_column][\/vc_row][vc_row full_width=\u00a0\u00bbstretch_row\u00a0\u00bb css=\u00a0\u00bb.vc_custom_1701732904999{padding-top: 20px !important;background-color: #ffffff !important;}\u00a0\u00bb][vc_column width=\u00a0\u00bb1\/3&Prime;][vc_btn title=\u00a0\u00bbEn savoir plus\u00a0\u00bb style=\u00a0\u00bbflat\u00a0\u00bb shape=\u00a0\u00bbsquare\u00a0\u00bb color=\u00a0\u00bbiohe-orange\u00a0\u00bb size=\u00a0\u00bblg\u00a0\u00bb align=\u00a0\u00bbcenter\u00a0\u00bb css=\u00a0\u00bb\u00a0\u00bb link=\u00a0\u00bburl:https%3A%2F%2Foui-iohe.org%2Ffr%2Fprogramme-de-mobilite-etudiante-emovies%2F|target:_blank\u00a0\u00bb][\/vc_column][vc_column width=\u00a0\u00bb1\/5&Prime;][vc_empty_space][\/vc_column][vc_column width=\u00a0\u00bb1\/3&Prime;][vc_btn title=\u00a0\u00bbEn savoir plus\u00a0\u00bb style=\u00a0\u00bbflat\u00a0\u00bb shape=\u00a0\u00bbsquare\u00a0\u00bb color=\u00a0\u00bbiohe-orange\u00a0\u00bb size=\u00a0\u00bblg\u00a0\u00bb align=\u00a0\u00bbcenter\u00a0\u00bb css=\u00a0\u00bb\u00a0\u00bb link=\u00a0\u00bburl:https%3A%2F%2Foui-iohe.org%2Ffr%2F%3Fpage_id%3D18776%26preview%3Dtrue|target:_blank\u00a0\u00bb][\/vc_column][\/vc_row][vc_row css=\u00a0\u00bb.vc_custom_1542745076628{margin-top: 35px !important;}\u00a0\u00bb][vc_column width=\u00a0\u00bb1\/2&Prime;][vc_single_image image=\u00a0\u00bb1247&Prime; img_size=\u00a0\u00bblarge\u00a0\u00bb alignment=\u00a0\u00bbcenter\u00a0\u00bb][\/vc_column][vc_column width=\u00a0\u00bb1\/2&Prime;][vc_custom_heading text=\u00a0\u00bbContact\u00a0\u00bb use_theme_fonts=\u00a0\u00bbyes\u00a0\u00bb][vc_column_text]<a href=\"mailto:emovies@oui-iohe.org\">emovies@oui-iohe.org<\/a>[\/vc_column_text][\/vc_column][\/vc_row][vc_row][vc_column][vc_btn title=\u00a0\u00bbSITE WEB\u00a0\u00bb style=\u00a0\u00bbflat\u00a0\u00bb shape=\u00a0\u00bbsquare\u00a0\u00bb color=\u00a0\u00bbiohe-orange\u00a0\u00bb size=\u00a0\u00bblg\u00a0\u00bb align=\u00a0\u00bbcenter\u00a0\u00bb link=\u00a0\u00bburl:https%3A%2F%2Femovies.oui-iohe.org%2F|||\u00a0\u00bb][\/vc_column][\/vc_row]<\/p>\n<\/div>","protected":false},"excerpt":{"rendered":"<p>[vc_row][vc_column][vc_custom_heading source=\u00a0\u00bbpost_title\u00a0\u00bb font_container=\u00a0\u00bbtag:h1|text_align:left\u00a0\u00bb use_theme_fonts=\u00a0\u00bbyes\u00a0\u00bb][\/vc_column][\/vc_row][vc_row][vc_column][vc_column_text css=\u00a0\u00bb\u00a0\u00bb]L\u2019Espace de mobilit\u00e9 virtuelle en enseignement sup\u00e9rieur (eMOVIES) est une initiative men\u00e9e par l\u2019Organisation universitaire interam\u00e9ricaine [&hellip;]<\/p>\n","protected":false},"author":4,"featured_media":5653,"parent":0,"menu_order":0,"comment_status":"closed","ping_status":"closed","template":"","meta":{"_acf_changed":false,"_monsterinsights_skip_tracking":false,"_monsterinsights_sitenote_active":false,"_monsterinsights_sitenote_note":"","_monsterinsights_sitenote_category":0,"footnotes":""},"class_list":["post-4708","page","type-page","status-publish","has-post-thumbnail","hentry"],"acf":[],"aioseo_notices":[],"_links":{"self":[{"href":"https:\/\/oui-iohe.org\/fr\/wp-json\/wp\/v2\/pages\/4708","targetHints":{"allow":["GET"]}}],"collection":[{"href":"https:\/\/oui-iohe.org\/fr\/wp-json\/wp\/v2\/pages"}],"about":[{"href":"https:\/\/oui-iohe.org\/fr\/wp-json\/wp\/v2\/types\/page"}],"author":[{"embeddable":true,"href":"https:\/\/oui-iohe.org\/fr\/wp-json\/wp\/v2\/users\/4"}],"replies":[{"embeddable":true,"href":"https:\/\/oui-iohe.org\/fr\/wp-json\/wp\/v2\/comments?post=4708"}],"version-history":[{"count":119,"href":"https:\/\/oui-iohe.org\/fr\/wp-json\/wp\/v2\/pages\/4708\/revisions"}],"predecessor-version":[{"id":19666,"href":"https:\/\/oui-iohe.org\/fr\/wp-json\/wp\/v2\/pages\/4708\/revisions\/19666"}],"wp:featuredmedia":[{"embeddable":true,"href":"https:\/\/oui-iohe.org\/fr\/wp-json\/wp\/v2\/media\/5653"}],"wp:attachment":[{"href":"https:\/\/oui-iohe.org\/fr\/wp-json\/wp\/v2\/media?parent=4708"}],"curies":[{"name":"wp","href":"https:\/\/api.w.org\/{rel}","templated":true}]}}