{"id":863,"date":"2018-11-06T15:48:07","date_gmt":"2018-11-06T20:48:07","guid":{"rendered":"http:\/\/www.oui-iohe.org\/?page_id=863"},"modified":"2025-03-11T20:27:30","modified_gmt":"2025-03-12T00:27:30","slug":"contact","status":"publish","type":"page","link":"https:\/\/oui-iohe.org\/fr\/contact\/","title":{"rendered":"Contact"},"content":{"rendered":"<div class=\"wpb-content-wrapper\"><p>[vc_row css=\u00a0\u00bb.vc_custom_1541513814645{margin-top: 20px !important;margin-bottom: 30px !important;}\u00a0\u00bb][vc_column][vc_custom_heading text=\u00a0\u00bbL&rsquo;\u00e9quipe\u00a0\u00bb use_theme_fonts=\u00a0\u00bbyes\u00a0\u00bb][vc_custom_heading text=\u00a0\u00bbSecr\u00e9tariat ex\u00e9cutif\u00a0\u00bb font_container=\u00a0\u00bbtag:h4|text_align:left\u00a0\u00bb use_theme_fonts=\u00a0\u00bbyes\u00a0\u00bb el_class=\u00a0\u00bbno-accent\u00a0\u00bb][\/vc_column][\/vc_row][vc_row][vc_column width=\u00a0\u00bb1\/4&Prime;][vc_single_image image=\u00a0\u00bb9751&Prime;][vc_custom_heading text=\u00a0\u00bbSecr\u00e9taire g\u00e9n\u00e9ral ex\u00e9cutif\u00a0\u00bb font_container=\u00a0\u00bbtag:h6|text_align:left|color:%236fa317&Prime; use_theme_fonts=\u00a0\u00bbyes\u00a0\u00bb css=\u00a0\u00bb.vc_custom_1634084650950{margin-bottom: 0px !important;}\u00a0\u00bb el_class=\u00a0\u00bbno-accent\u00a0\u00bb][vc_empty_space height=\u00a0\u00bb22px\u00a0\u00bb][vc_column_text]David Julien[\/vc_column_text][\/vc_column][vc_column width=\u00a0\u00bb1\/4&Prime;][vc_single_image image=\u00a0\u00bb9779&Prime;][vc_custom_heading text=\u00a0\u00bbDirectrice acad\u00e9mique\u00a0\u00bb font_container=\u00a0\u00bbtag:h6|text_align:left|color:%236fa317&Prime; use_theme_fonts=\u00a0\u00bbyes\u00a0\u00bb css=\u00a0\u00bb.vc_custom_1634091007656{margin-bottom: 0px !important;}\u00a0\u00bb el_class=\u00a0\u00bbno-accent\u00a0\u00bb][vc_empty_space height=\u00a0\u00bb22px\u00a0\u00bb][vc_column_text]Leticia Jimenez[\/vc_column_text][\/vc_column][vc_column width=\u00a0\u00bb1\/4&Prime;][vc_single_image image=\u00a0\u00bb9755&Prime;][vc_custom_heading text=\u00a0\u00bbDirecteur de la planification et d\u00e9veloppement\u00a0\u00bb font_container=\u00a0\u00bbtag:h6|text_align:left|color:%236fa317&Prime; use_theme_fonts=\u00a0\u00bbyes\u00a0\u00bb css=\u00a0\u00bb.vc_custom_1634092052209{margin-bottom: 0px !important;}\u00a0\u00bb el_class=\u00a0\u00bbno-accent\u00a0\u00bb][vc_column_text]Fernando Daniels[\/vc_column_text][\/vc_column][vc_column width=\u00a0\u00bb1\/4&Prime;][vc_single_image image=\u00a0\u00bb9806&Prime;][vc_custom_heading text=\u00a0\u00bbDirectrice des relations institutionnelles\u00a0\u00bb font_container=\u00a0\u00bbtag:h6|text_align:left|color:%236fa317&Prime; use_theme_fonts=\u00a0\u00bbyes\u00a0\u00bb css=\u00a0\u00bb.vc_custom_1737392913134{margin-bottom: 0px !important;}\u00a0\u00bb el_class=\u00a0\u00bbno-accent\u00a0\u00bb][vc_column_text]Claudia Nunez del Arco[\/vc_column_text][\/vc_column][\/vc_row][vc_row css=\u00a0\u00bb.vc_custom_1541453965737{margin-bottom: 30px !important;}\u00a0\u00bb][vc_column][vc_empty_space][\/vc_column][\/vc_row][vc_row][vc_column width=\u00a0\u00bb1\/4&Prime;][vc_single_image image=\u00a0\u00bb9763&Prime;][vc_custom_heading text=\u00a0\u00bbCommunications\u00a0\u00bb font_container=\u00a0\u00bbtag:h6|text_align:left|color:%236fa317&Prime; use_theme_fonts=\u00a0\u00bbyes\u00a0\u00bb css=\u00a0\u00bb.vc_custom_1634093247527{margin-bottom: 0px !important;}\u00a0\u00bb el_class=\u00a0\u00bbno-accent\u00a0\u00bb][vc_column_text]Ana Maria Gonzalez[\/vc_column_text][\/vc_column][vc_column width=\u00a0\u00bb1\/4&Prime;][vc_single_image image=\u00a0\u00bb15337&Prime;][vc_custom_heading text=\u00a0\u00bbComptabilit\u00e9\u00a0\u00bb font_container=\u00a0\u00bbtag:h6|text_align:left|color:%236fa317&Prime; use_theme_fonts=\u00a0\u00bbyes\u00a0\u00bb css=\u00a0\u00bb.vc_custom_1634091991947{margin-bottom: 0px !important;}\u00a0\u00bb el_class=\u00a0\u00bbno-accent\u00a0\u00bb][vc_column_text]Maria Alejandra Gonzalez[\/vc_column_text][\/vc_column][vc_column width=\u00a0\u00bb1\/4&Prime;][vc_single_image image=\u00a0\u00bb13028&Prime;][vc_custom_heading text=\u00a0\u00bbAssistante administrative et comptable\u00a0\u00bb font_container=\u00a0\u00bbtag:h6|text_align:left|color:%236fa317&Prime; use_theme_fonts=\u00a0\u00bbyes\u00a0\u00bb css=\u00a0\u00bb.vc_custom_1669236936140{margin-bottom: 0px !important;}\u00a0\u00bb el_class=\u00a0\u00bbno-accent\u00a0\u00bb][vc_column_text]Maria del Rosario Solarte[\/vc_column_text][\/vc_column][\/vc_row][vc_row css=\u00a0\u00bb.vc_custom_1541453965737{margin-bottom: 30px !important;}\u00a0\u00bb][vc_column][vc_empty_space][\/vc_column][\/vc_row][vc_row][vc_column width=\u00a0\u00bb1\/4&Prime;][vc_single_image image=\u00a0\u00bb14672&Prime;][vc_custom_heading text=\u00a0\u00bbCoordinatrice de projet\u00a0\u00bb font_container=\u00a0\u00bbtag:h6|text_align:left|color:%236fa317&Prime; use_theme_fonts=\u00a0\u00bbyes\u00a0\u00bb css=\u00a0\u00bb.vc_custom_1698537255656{margin-bottom: 0px !important;}\u00a0\u00bb el_class=\u00a0\u00bbno-accent\u00a0\u00bb][vc_column_text]Aura Mar\u00eda Monsalve Casta\u00f1eda[\/vc_column_text][\/vc_column][vc_column width=\u00a0\u00bb1\/4&Prime;][vc_single_image image=\u00a0\u00bb14676&Prime;][vc_custom_heading text=\u00a0\u00bbAssistante administrative, direction acad\u00e9mique\u00a0\u00bb font_container=\u00a0\u00bbtag:h6|text_align:left|color:%236fa317&Prime; use_theme_fonts=\u00a0\u00bbyes\u00a0\u00bb css=\u00a0\u00bb.vc_custom_1698537383558{margin-bottom: 0px !important;}\u00a0\u00bb el_class=\u00a0\u00bbno-accent\u00a0\u00bb][vc_column_text]Vanessa Montiel[\/vc_column_text][\/vc_column][vc_column width=\u00a0\u00bb1\/4&Prime;][vc_single_image image=\u00a0\u00bb18321&Prime; css=\u00a0\u00bb\u00a0\u00bb][vc_custom_heading text=\u00a0\u00bbAssistante des relations institutionnelles\u00a0\u00bb font_container=\u00a0\u00bbtag:h6|text_align:left|color:%236fa317&Prime; use_theme_fonts=\u00a0\u00bbyes\u00a0\u00bb css=\u00a0\u00bb.vc_custom_1741738959236{margin-bottom: 0px !important;}\u00a0\u00bb el_class=\u00a0\u00bbno-accent\u00a0\u00bb][vc_column_text css=\u00a0\u00bb\u00a0\u00bb]Camila Palomino Padilla[\/vc_column_text][\/vc_column][\/vc_row][vc_row css=\u00a0\u00bb.vc_custom_1541513814645{margin-top: 20px !important;margin-bottom: 30px !important;}\u00a0\u00bb][vc_column][vc_custom_heading text=\u00a0\u00bb\u00c9quipe CAEI 2025&Prime; font_container=\u00a0\u00bbtag:h4|text_align:left\u00a0\u00bb use_theme_fonts=\u00a0\u00bbyes\u00a0\u00bb css=\u00a0\u00bb\u00a0\u00bb el_class=\u00a0\u00bbno-accent\u00a0\u00bb][\/vc_column][\/vc_row][vc_row][vc_column width=\u00a0\u00bb1\/4&Prime;][vc_single_image image=\u00a0\u00bb18325&Prime; css=\u00a0\u00bb\u00a0\u00bb][vc_custom_heading text=\u00a0\u00bbCoordinateur g\u00e9n\u00e9ral CAEI\u00a0\u00bb font_container=\u00a0\u00bbtag:h6|text_align:left|color:%236fa317&Prime; use_theme_fonts=\u00a0\u00bbyes\u00a0\u00bb css=\u00a0\u00bb.vc_custom_1741739216954{margin-bottom: 0px !important;}\u00a0\u00bb el_class=\u00a0\u00bbno-accent\u00a0\u00bb][vc_column_text css=\u00a0\u00bb\u00a0\u00bb]Fernando J. Quesada[\/vc_column_text][\/vc_column][vc_column width=\u00a0\u00bb1\/4&Prime;][vc_single_image image=\u00a0\u00bb13474&Prime;][vc_custom_heading text=\u00a0\u00bbCoordination technique\u00a0\u00bb font_container=\u00a0\u00bbtag:h6|text_align:left|color:%236fa317&Prime; use_theme_fonts=\u00a0\u00bbyes\u00a0\u00bb css=\u00a0\u00bb.vc_custom_1677273193094{margin-bottom: 0px !important;}\u00a0\u00bb el_class=\u00a0\u00bbno-accent\u00a0\u00bb][vc_column_text]Max Gabriel Gil[\/vc_column_text][\/vc_column][vc_column width=\u00a0\u00bb1\/4&Prime;][vc_single_image image=\u00a0\u00bb9840&Prime;][vc_custom_heading text=\u00a0\u00bbCommunications\u00a0\u00bb font_container=\u00a0\u00bbtag:h6|text_align:left|color:%236fa317&Prime; use_theme_fonts=\u00a0\u00bbyes\u00a0\u00bb css=\u00a0\u00bb.vc_custom_1634093247527{margin-bottom: 0px !important;}\u00a0\u00bb el_class=\u00a0\u00bbno-accent\u00a0\u00bb][vc_column_text]Mitchelle Mora[\/vc_column_text][\/vc_column][\/vc_row][vc_row css=\u00a0\u00bb.vc_custom_1541453965737{margin-bottom: 30px !important;}\u00a0\u00bb][vc_column][vc_empty_space][vc_empty_space][vc_custom_heading source=\u00a0\u00bbpost_title\u00a0\u00bb use_theme_fonts=\u00a0\u00bbyes\u00a0\u00bb][\/vc_column][\/vc_row][vc_row][vc_column width=\u00a0\u00bb1\/3&Prime;][vc_column_text]7077 Avenue du Parc, suite 2043<br \/>\nMontr\u00e9al, Qu\u00e9bec, Canada<br \/>\nH3N\u00a01X7<\/p>\n<p>(+1) 514-343-2235<\/p>\n<p><a href=\"mailto:info@oui-iohe.org\">info@oui-iohe.org<\/a>[\/vc_column_text][\/vc_column][vc_column width=\u00a0\u00bb2\/3&Prime;]\n<div class=\"wpcf7 no-js\" id=\"wpcf7-f202-o1\" lang=\"fr-FR\" dir=\"ltr\" data-wpcf7-id=\"202\">\n<div class=\"screen-reader-response\"><p role=\"status\" aria-live=\"polite\" aria-atomic=\"true\"><\/p> <ul><\/ul><\/div>\n<form action=\"\/fr\/wp-json\/wp\/v2\/pages\/863#wpcf7-f202-o1\" method=\"post\" class=\"wpcf7-form init\" aria-label=\"Formulaire de contact\" novalidate=\"novalidate\" data-status=\"init\">\n<fieldset class=\"hidden-fields-container\"><input type=\"hidden\" name=\"_wpcf7\" value=\"202\" \/><input type=\"hidden\" name=\"_wpcf7_version\" value=\"6.1.4\" \/><input type=\"hidden\" name=\"_wpcf7_locale\" value=\"fr_FR\" \/><input type=\"hidden\" name=\"_wpcf7_unit_tag\" value=\"wpcf7-f202-o1\" \/><input type=\"hidden\" name=\"_wpcf7_container_post\" value=\"0\" \/><input type=\"hidden\" name=\"_wpcf7_posted_data_hash\" value=\"\" \/>\n<\/fieldset>\n<p><span id=\"wpcf7-69f3eed00f9f7-wrapper\" class=\"wpcf7-form-control-wrap verification-wrap\" style=\"display:none !important; visibility:hidden !important;\"><label for=\"wpcf7-69f3eed00f9f7-field\" class=\"hp-message\">Veuillez laisser ce champ vide.<\/label><input id=\"wpcf7-69f3eed00f9f7-field\"  class=\"wpcf7-form-control wpcf7-text\" type=\"text\" name=\"verification\" value=\"\" size=\"40\" tabindex=\"-1\" autocomplete=\"new-password\" \/><\/span>\n<\/p>\n<div class=\"vc_row wpb_row vc_row-fluid\">\n<div class=\"wpcf7-response-output\" aria-hidden=\"true\"><\/div>\n<\/div>\n<div class=\"vc_row wpb_row vc_row-fluid\">\n\t<div class=\"wpb_column vc_column_container vc_col-sm-6\">\n\t\t<div class=\"vc_column-inner\">\n\t\t\t<p><label>Nom<span class=\"required\">*<\/span><span class=\"wpcf7-form-control-wrap\" data-name=\"nom\"><input size=\"40\" maxlength=\"400\" class=\"wpcf7-form-control wpcf7-text wpcf7-validates-as-required\" aria-required=\"true\" aria-invalid=\"false\" value=\"\" type=\"text\" name=\"nom\" \/><\/span><\/label>\n\t\t\t<\/p>\n\t\t<\/div>\n\t<\/div>\n\t<div class=\"wpb_column vc_column_container vc_col-sm-6\">\n\t\t<div class=\"vc_column-inner\">\n\t\t\t<p><label>Pr\u00e9nom<span class=\"required\">*<\/span><span class=\"wpcf7-form-control-wrap\" data-name=\"prenom\"><input size=\"40\" maxlength=\"400\" class=\"wpcf7-form-control wpcf7-text wpcf7-validates-as-required\" aria-required=\"true\" aria-invalid=\"false\" value=\"\" type=\"text\" name=\"prenom\" \/><\/span><\/label>\n\t\t\t<\/p>\n\t\t<\/div>\n\t<\/div>\n<\/div>\n<div class=\"vc_row wpb_row vc_row-fluid\">\n\t<div class=\"wpb_column vc_column_container vc_col-sm-6\">\n\t\t<div class=\"vc_column-inner\">\n\t\t\t<p><label>Institution \/ Organisation<span class=\"wpcf7-form-control-wrap\" data-name=\"institution\"><input size=\"40\" maxlength=\"400\" class=\"wpcf7-form-control wpcf7-text\" aria-invalid=\"false\" value=\"\" type=\"text\" name=\"institution\" \/><\/span><\/label>\n\t\t\t<\/p>\n\t\t<\/div>\n\t<\/div>\n\t<div class=\"wpb_column vc_column_container vc_col-sm-6\">\n\t\t<div class=\"vc_column-inner\">\n\t\t\t<p><label>Courriel<span class=\"required\">*<\/span><span class=\"wpcf7-form-control-wrap\" data-name=\"courriel\"><input size=\"40\" maxlength=\"400\" class=\"wpcf7-form-control wpcf7-email wpcf7-validates-as-required wpcf7-text wpcf7-validates-as-email\" aria-required=\"true\" aria-invalid=\"false\" value=\"\" type=\"email\" name=\"courriel\" \/><\/span><\/label>\n\t\t\t<\/p>\n\t\t<\/div>\n\t<\/div>\n<\/div>\n<div class=\"vc_row wpb_row vc_row-fluid\">\n\t<div class=\"wpb_column vc_column_container vc_col-sm-12\">\n\t\t<div class=\"vc_column-inner\">\n\t\t\t<p><label>Pour obtenir des informations sur :<span class=\"required\">*<\/span><br \/>\n<span class=\"wpcf7-form-control-wrap\" data-name=\"sujet\"><select class=\"wpcf7-form-control wpcf7-select wpcf7-validates-as-required\" aria-required=\"true\" aria-invalid=\"false\" name=\"sujet\"><option value=\"\">Choisir un sujet<\/option><option value=\"Pr\u00e9sidence de l&#039;OUI\">Pr\u00e9sidence de l&#039;OUI<\/option><option value=\"Adh\u00e9sion \u00e0 l&#039;OUI\">Adh\u00e9sion \u00e0 l&#039;OUI<\/option><option value=\"Programmes de l&#039;OUI\">Programmes de l&#039;OUI<\/option><option value=\"Information g\u00e9n\u00e9rale\">Information g\u00e9n\u00e9rale<\/option><\/select><\/span><\/label>\n\t\t\t<\/p>\n\t\t<\/div>\n\t<\/div>\n<\/div>\n<div class=\"vc_row wpb_row vc_row-fluid\">\n\t<div class=\"wpb_column vc_column_container vc_col-sm-12\">\n\t\t<div class=\"vc_column-inner\">\n\t\t\t<p><label>Message<span class=\"required\">*<\/span><span class=\"wpcf7-form-control-wrap\" data-name=\"message\"><textarea cols=\"40\" rows=\"10\" maxlength=\"2000\" class=\"wpcf7-form-control wpcf7-textarea wpcf7-validates-as-required\" aria-required=\"true\" aria-invalid=\"false\" name=\"message\"><\/textarea><\/span><\/label>\n\t\t\t<\/p>\n\t\t<\/div>\n\t<\/div>\n<\/div>\n<div class=\"vc_row wpb_row vc_row-fluid\">\n\t<div class=\"wpb_column vc_column_container vc_col-sm-9\">\n\t\t<div class=\"vc_column-inner\">\n\t\t\t<p><small><span class=\"required\">*<\/span> Champs requis<\/small>\n\t\t\t<\/p>\n\t\t<\/div>\n\t<\/div>\n\t<div class=\"wpb_column vc_column_container vc_col-sm-3\">\n\t\t<div class=\"vc_column-inner medium-text-right\">\n\t\t\t<p><button class=\"button\" type=\"submit\">Envoyer<\/button>\n\t\t\t<\/p>\n\t\t<\/div>\n\t<\/div>\n<\/div>\n<div class=\"cf7-cf-turnstile\" style=\"margin-top: 0px; margin-bottom: -15px;\"> <div id=\"cf-turnstile-cf7-1658980994\" class=\"cf-turnstile\" data-sitekey=\"0x4AAAAAAA1Ix-L3GQHQzU6p\" data-theme=\"light\" data-language=\"auto\" data-size=\"normal\" data-retry=\"auto\" data-retry-interval=\"1000\" data-refresh-expired=\"auto\" data-action=\"contact-form-7\" data-appearance=\"always\"><\/div> <script>document.addEventListener(\"DOMContentLoaded\", function() { setTimeout(function(){ var e=document.getElementById(\"cf-turnstile-cf7-1658980994\"); e&&!e.innerHTML.trim()&&(turnstile.remove(\"#cf-turnstile-cf7-1658980994\"), turnstile.render(\"#cf-turnstile-cf7-1658980994\", {sitekey:\"0x4AAAAAAA1Ix-L3GQHQzU6p\"})); }, 100); });<\/script> <br class=\"cf-turnstile-br cf-turnstile-br-cf7-1658980994\"> <style>#cf-turnstile-cf7-1658980994 { margin-left: -15px; }<\/style> <script>document.addEventListener(\"DOMContentLoaded\",function(){document.querySelectorAll('.wpcf7-form').forEach(function(e){e.addEventListener('submit',function(){if(document.getElementById('cf-turnstile-cf7-1658980994')){setTimeout(function(){turnstile.reset('#cf-turnstile-cf7-1658980994');},1000)}})})});<\/script> <\/div>\n<\/form>\n<\/div>\n[\/vc_column][\/vc_row]<\/p>\n<\/div>","protected":false},"excerpt":{"rendered":"<p>[vc_row css=\u00a0\u00bb.vc_custom_1541513814645{margin-top: 20px !important;margin-bottom: 30px !important;}\u00a0\u00bb][vc_column][vc_custom_heading text=\u00a0\u00bbL&rsquo;\u00e9quipe\u00a0\u00bb use_theme_fonts=\u00a0\u00bbyes\u00a0\u00bb][vc_custom_heading text=\u00a0\u00bbSecr\u00e9tariat ex\u00e9cutif\u00a0\u00bb font_container=\u00a0\u00bbtag:h4|text_align:left\u00a0\u00bb use_theme_fonts=\u00a0\u00bbyes\u00a0\u00bb el_class=\u00a0\u00bbno-accent\u00a0\u00bb][\/vc_column][\/vc_row][vc_row][vc_column width=\u00a0\u00bb1\/4&Prime;][vc_single_image image=\u00a0\u00bb9751&Prime;][vc_custom_heading text=\u00a0\u00bbSecr\u00e9taire g\u00e9n\u00e9ral ex\u00e9cutif\u00a0\u00bb font_container=\u00a0\u00bbtag:h6|text_align:left|color:%236fa317&Prime; use_theme_fonts=\u00a0\u00bbyes\u00a0\u00bb [&hellip;]<\/p>\n","protected":false},"author":4,"featured_media":864,"parent":0,"menu_order":0,"comment_status":"closed","ping_status":"closed","template":"","meta":{"_acf_changed":false,"_monsterinsights_skip_tracking":false,"_monsterinsights_sitenote_active":false,"_monsterinsights_sitenote_note":"","_monsterinsights_sitenote_category":0,"footnotes":""},"class_list":["post-863","page","type-page","status-publish","has-post-thumbnail","hentry"],"acf":[],"aioseo_notices":[],"_links":{"self":[{"href":"https:\/\/oui-iohe.org\/fr\/wp-json\/wp\/v2\/pages\/863","targetHints":{"allow":["GET"]}}],"collection":[{"href":"https:\/\/oui-iohe.org\/fr\/wp-json\/wp\/v2\/pages"}],"about":[{"href":"https:\/\/oui-iohe.org\/fr\/wp-json\/wp\/v2\/types\/page"}],"author":[{"embeddable":true,"href":"https:\/\/oui-iohe.org\/fr\/wp-json\/wp\/v2\/users\/4"}],"replies":[{"embeddable":true,"href":"https:\/\/oui-iohe.org\/fr\/wp-json\/wp\/v2\/comments?post=863"}],"version-history":[{"count":34,"href":"https:\/\/oui-iohe.org\/fr\/wp-json\/wp\/v2\/pages\/863\/revisions"}],"predecessor-version":[{"id":18331,"href":"https:\/\/oui-iohe.org\/fr\/wp-json\/wp\/v2\/pages\/863\/revisions\/18331"}],"wp:featuredmedia":[{"embeddable":true,"href":"https:\/\/oui-iohe.org\/fr\/wp-json\/wp\/v2\/media\/864"}],"wp:attachment":[{"href":"https:\/\/oui-iohe.org\/fr\/wp-json\/wp\/v2\/media?parent=863"}],"curies":[{"name":"wp","href":"https:\/\/api.w.org\/{rel}","templated":true}]}}