{"id":936,"date":"2018-11-20T09:53:48","date_gmt":"2018-11-20T14:53:48","guid":{"rendered":"http:\/\/www.oui-iohe.org\/?page_id=936"},"modified":"2026-02-26T21:55:06","modified_gmt":"2026-02-27T02:55:06","slug":"a-propos-oui","status":"publish","type":"page","link":"https:\/\/oui-iohe.org\/fr\/a-propos-oui\/","title":{"rendered":"Qui nous sommes"},"content":{"rendered":"<div class=\"wpb-content-wrapper\"><p>[vc_row][vc_column][vc_custom_heading source=\u00a0\u00bbpost_title\u00a0\u00bb font_container=\u00a0\u00bbtag:h1|text_align:left\u00a0\u00bb use_theme_fonts=\u00a0\u00bbyes\u00a0\u00bb][\/vc_column][\/vc_row][vc_row equal_height=\u00a0\u00bbyes\u00a0\u00bb content_placement=\u00a0\u00bbtop\u00a0\u00bb css=\u00a0\u00bb.vc_custom_1542658551299{margin-top: 40px !important;margin-bottom: 40px !important;}\u00a0\u00bb][vc_column width=\u00a0\u00bb1\/6&Prime; offset=\u00a0\u00bbvc_col-xs-2&Prime;][vc_single_image image=\u00a0\u00bb942&Prime; img_size=\u00a0\u00bbfull\u00a0\u00bb css=\u00a0\u00bb.vc_custom_1542726204384{margin-top: 9px !important;}\u00a0\u00bb][\/vc_column][vc_column width=\u00a0\u00bb2\/3&Prime; offset=\u00a0\u00bbvc_col-xs-8&Prime;][vc_column_text]<\/p>\n<p style=\"font-size: 21px; font-weight: 500;\"><em>Je veux \u00e9tablir au-del\u00e0 et en dehors de toutes les fronti\u00e8res, qu\u2019elles soient politiques, g\u00e9ographiques, \u00e9conomiques, id\u00e9ologiques ou sociales, une cha\u00eene universitaire interam\u00e9ricaine dans un effort commun d\u2019am\u00e9lioration et de renforcement de chacun de ses maillons.<\/em><\/p>\n<p><strong>\u2014Gilles Boulet<\/strong>, Pr\u00e9sident fondateur de l&rsquo;OUI[\/vc_column_text][\/vc_column][vc_column width=\u00a0\u00bb1\/6&Prime; el_class=\u00a0\u00bbcol-align-end\u00a0\u00bb offset=\u00a0\u00bbvc_col-xs-2&Prime;][vc_single_image image=\u00a0\u00bb938&Prime; img_size=\u00a0\u00bbfull\u00a0\u00bb alignment=\u00a0\u00bbright\u00a0\u00bb][\/vc_column][\/vc_row][vc_row full_width=\u00a0\u00bbstretch_row\u00a0\u00bb gap=\u00a0\u00bb15&Prime; css=\u00a0\u00bb.vc_custom_1542656351895{padding-top: 20px !important;background-color: #f1f1f1 !important;}\u00a0\u00bb][vc_column width=\u00a0\u00bb1\/2&Prime;][vc_custom_heading text=\u00a0\u00bbVision\u00a0\u00bb use_theme_fonts=\u00a0\u00bbyes\u00a0\u00bb][vc_separator color=\u00a0\u00bbiohe-orange\u00a0\u00bb border_width=\u00a0\u00bb6&Prime;][vc_column_text]\u00catre la principale association d\u2019internationalisation de l\u2019enseignement sup\u00e9rieur dans les Am\u00e9riques.[\/vc_column_text][\/vc_column][vc_column width=\u00a0\u00bb1\/2&Prime;][vc_custom_heading text=\u00a0\u00bbMission\u00a0\u00bb use_theme_fonts=\u00a0\u00bbyes\u00a0\u00bb][vc_separator color=\u00a0\u00bbiohe-orange\u00a0\u00bb border_width=\u00a0\u00bb6&Prime;][vc_column_text]<\/p>\n<p class=\"p1\">Contribuer au renforcement des \u00e9tablissements d\u2019enseignement sup\u00e9rieur (EES) en cr\u00e9ant des espaces de coop\u00e9ration \u00e9ducative en articulation avec ses membres et d\u2019autres alli\u00e9s strat\u00e9giques.<\/p>\n<p>[\/vc_column_text][\/vc_column][\/vc_row][vc_row full_width=\u00a0\u00bbstretch_row\u00a0\u00bb gap=\u00a0\u00bb15&Prime; css=\u00a0\u00bb.vc_custom_1542656342904{padding-bottom: 20px !important;background-color: #f1f1f1 !important;}\u00a0\u00bb][vc_column width=\u00a0\u00bb1\/2&Prime;][vc_custom_heading text=\u00a0\u00bbValeurs\u00a0\u00bb use_theme_fonts=\u00a0\u00bbyes\u00a0\u00bb][vc_separator color=\u00a0\u00bbiohe-orange\u00a0\u00bb border_width=\u00a0\u00bb6&Prime;][vc_column_text el_class=\u00a0\u00bbbig-list\u00a0\u00bb]<\/p>\n<ul>\n<li>Interam\u00e9ricanit\u00e9<\/li>\n<li>Innovation<\/li>\n<li>Inclusion<\/li>\n<\/ul>\n<p>[\/vc_column_text][\/vc_column][vc_column width=\u00a0\u00bb1\/2&Prime;][vc_custom_heading text=\u00a0\u00bbObjectifs strat\u00e9giques\u00a0\u00bb use_theme_fonts=\u00a0\u00bbyes\u00a0\u00bb][vc_separator color=\u00a0\u00bbiohe-orange\u00a0\u00bb border_width=\u00a0\u00bb6&Prime;][vc_column_text el_class=\u00a0\u00bbbig-list\u00a0\u00bb]<\/p>\n<ul>\n<li>Offre diversifi\u00e9e<\/li>\n<li>Alliances strat\u00e9giques<\/li>\n<li>Contribution aux ODD<\/li>\n<li>Excellence organisationnelle<\/li>\n<\/ul>\n<p>[\/vc_column_text][\/vc_column][\/vc_row][vc_row][vc_column][vc_custom_heading text=\u00a0\u00bbNotre histoire\u00a0\u00bb use_theme_fonts=\u00a0\u00bbyes\u00a0\u00bb][vc_column_text]C\u2019est dans un contexte universitaire effervescent et gr\u00e2ce aux efforts conjoints de toute une communaut\u00e9, que l\u2019<strong>Organisation universitaire interam\u00e9ricaine (OUI)<\/strong> a vu le jour.<\/p>\n<p>Mais on ne peut souligner l\u2019existence de l\u2019OUI sans reconna\u00eetre la contribution d\u00e9terminante de son fondateur, Gilles Boulet, qui tout au long de sa carri\u00e8re, a d\u00e9velopp\u00e9 un profond int\u00e9r\u00eat pour l&rsquo;histoire des civilisations d&rsquo;Am\u00e9rique Latine.<\/p>\n<blockquote><p>\u00ab <em>J\u2019avais constat\u00e9 une m\u00e9connaissance et une d\u00e9plorable absence de liens entre les universit\u00e9s d\u2019Am\u00e9rique du Sud et d\u2019Am\u00e9rique du Nord. Il y avait un remarquable potentiel d\u2019\u00e9changes entre ces institutions r\u00e9unies sur un m\u00eame continent, pourtant, aucune association ne r\u00e9unissait les universit\u00e9s des Am\u00e9riques. J\u2019ai alors pens\u00e9 que la solution pourrait bien r\u00e9sider dans la cr\u00e9ation d\u2019un tel organisme.<\/em> \u00bb<\/p><\/blockquote>\n<p>[\/vc_column_text][\/vc_column][\/vc_row][vc_row css=\u00a0\u00bb.vc_custom_1542663267736{margin-top: 40px !important;margin-bottom: 0px !important;}\u00a0\u00bb][vc_column width=\u00a0\u00bb1\/3&Prime;][vc_separator color=\u00a0\u00bbiohe-orange\u00a0\u00bb border_width=\u00a0\u00bb6&Prime;][vc_custom_heading text=\u00a0\u00bb1980&Prime; font_container=\u00a0\u00bbtag:h1|font_size:60px|text_align:center|color:%236fa317&Prime; use_theme_fonts=\u00a0\u00bbyes\u00a0\u00bb css=\u00a0\u00bb.vc_custom_1542662932436{margin-bottom: 10px !important;}\u00a0\u00bb el_class=\u00a0\u00bbno-accent\u00a0\u00bb][vc_custom_heading text=\u00a0\u00bbNaissance de l&rsquo;OUI\u00a0\u00bb font_container=\u00a0\u00bbtag:h5|font_size:24px|text_align:center\u00a0\u00bb use_theme_fonts=\u00a0\u00bbyes\u00a0\u00bb el_class=\u00a0\u00bbfw-medium\u00a0\u00bb][\/vc_column][vc_column width=\u00a0\u00bb1\/3&Prime;][vc_separator color=\u00a0\u00bbiohe-orange\u00a0\u00bb border_width=\u00a0\u00bb6&Prime;][vc_custom_heading text=\u00a0\u00bb1983&Prime; font_container=\u00a0\u00bbtag:h1|font_size:60px|text_align:center|color:%236fa317&Prime; use_theme_fonts=\u00a0\u00bbyes\u00a0\u00bb css=\u00a0\u00bb.vc_custom_1542662990893{margin-bottom: 10px !important;}\u00a0\u00bb el_class=\u00a0\u00bbno-accent\u00a0\u00bb][vc_custom_heading text=\u00a0\u00bbInstitut de Gestion et de Leadership universitaire (IGLU)\u00a0\u00bb font_container=\u00a0\u00bbtag:h5|font_size:24px|text_align:center\u00a0\u00bb use_theme_fonts=\u00a0\u00bbyes\u00a0\u00bb el_class=\u00a0\u00bbfw-medium\u00a0\u00bb][\/vc_column][vc_column width=\u00a0\u00bb1\/3&Prime;][vc_separator color=\u00a0\u00bbiohe-orange\u00a0\u00bb border_width=\u00a0\u00bb6&Prime;][vc_custom_heading text=\u00a0\u00bb1998&Prime; font_container=\u00a0\u00bbtag:h1|font_size:60px|text_align:center|color:%236fa317&Prime; use_theme_fonts=\u00a0\u00bbyes\u00a0\u00bb css=\u00a0\u00bb.vc_custom_1542663006829{margin-bottom: 10px !important;}\u00a0\u00bb el_class=\u00a0\u00bbno-accent\u00a0\u00bb][vc_custom_heading text=\u00a0\u00bbColl\u00e8ge des Am\u00e9riques (COLAM)\u00a0\u00bb font_container=\u00a0\u00bbtag:h5|font_size:24px|text_align:center\u00a0\u00bb use_theme_fonts=\u00a0\u00bbyes\u00a0\u00bb el_class=\u00a0\u00bbfw-medium\u00a0\u00bb][\/vc_column][\/vc_row][vc_row css=\u00a0\u00bb.vc_custom_1542663267736{margin-top: 40px !important;margin-bottom: 0px !important;}\u00a0\u00bb][vc_column width=\u00a0\u00bb1\/3&Prime;][vc_column_text]<\/p>\n<p style=\"text-align: center;\"><a href=\"http:\/\/www.oui-iohe.org\/wp-content\/uploads\/2018\/11\/1-%C3%80-propos-Histoire-Pr%C3%A9sidents_V1_FR.pdf\">En savoir plus<\/a><\/p>\n<p>[\/vc_column_text][\/vc_column][vc_column width=\u00a0\u00bb1\/3&Prime;][vc_column_text]<\/p>\n<p style=\"text-align: center;\"><a href=\"https:\/\/oui-iohe.org\/fr\/iglu\/\">En savoir plus<\/a><\/p>\n<p>[\/vc_column_text][\/vc_column][vc_column width=\u00a0\u00bb1\/3&Prime;][vc_column_text]<\/p>\n<p style=\"text-align: center;\"><a href=\"https:\/\/oui-iohe.org\/fr\/colam\/\">En savoir plus<\/a><\/p>\n<p>[\/vc_column_text][\/vc_column][\/vc_row][vc_row css=\u00a0\u00bb.vc_custom_1542663283137{margin-bottom: 40px !important;}\u00a0\u00bb][vc_column width=\u00a0\u00bb1\/3&Prime;][vc_separator color=\u00a0\u00bbiohe-orange\u00a0\u00bb border_width=\u00a0\u00bb6&Prime;][vc_custom_heading text=\u00a0\u00bb2008&Prime; font_container=\u00a0\u00bbtag:h1|font_size:60px|text_align:center|color:%236fa317&Prime; use_theme_fonts=\u00a0\u00bbyes\u00a0\u00bb css=\u00a0\u00bb.vc_custom_1542663106179{margin-bottom: 10px !important;}\u00a0\u00bb el_class=\u00a0\u00bbno-accent\u00a0\u00bb][vc_custom_heading text=\u00a0\u00bbProgramme CAMPUS\u00a0\u00bb font_container=\u00a0\u00bbtag:h5|font_size:24px|text_align:center\u00a0\u00bb use_theme_fonts=\u00a0\u00bbyes\u00a0\u00bb el_class=\u00a0\u00bbfw-medium\u00a0\u00bb][\/vc_column][vc_column width=\u00a0\u00bb1\/3&Prime;][vc_separator color=\u00a0\u00bbiohe-orange\u00a0\u00bb border_width=\u00a0\u00bb6&Prime;][vc_custom_heading text=\u00a0\u00bb2016&Prime; font_container=\u00a0\u00bbtag:h1|font_size:60px|text_align:center|color:%236fa317&Prime; use_theme_fonts=\u00a0\u00bbyes\u00a0\u00bb css=\u00a0\u00bb.vc_custom_1542663113688{margin-bottom: 10px !important;}\u00a0\u00bb el_class=\u00a0\u00bbno-accent\u00a0\u00bb][vc_custom_heading text=\u00a0\u00bbProgramme \u00ab Femmes leaders d\u2019\u00c9tablissements d\u2019Enseignement Sup\u00e9rieur dans les Am\u00e9riques \u00bb (EMULIES)\u00a0\u00bb font_container=\u00a0\u00bbtag:h5|font_size:24px|text_align:center\u00a0\u00bb use_theme_fonts=\u00a0\u00bbyes\u00a0\u00bb el_class=\u00a0\u00bbfw-medium\u00a0\u00bb][\/vc_column][vc_column width=\u00a0\u00bb1\/3&Prime;][vc_separator color=\u00a0\u00bbiohe-orange\u00a0\u00bb border_width=\u00a0\u00bb6&Prime;][vc_custom_heading text=\u00a0\u00bb2018&Prime; font_container=\u00a0\u00bbtag:h1|font_size:60px|text_align:center|color:%236fa317&Prime; use_theme_fonts=\u00a0\u00bbyes\u00a0\u00bb css=\u00a0\u00bb.vc_custom_1542663120969{margin-bottom: 10px !important;}\u00a0\u00bb el_class=\u00a0\u00bbno-accent\u00a0\u00bb][vc_custom_heading text=\u00a0\u00bbEspace interam\u00e9ricain pour l&rsquo;\u00e9ducation sup\u00e9rieure technique et technologique (EIESTEC)\u00a0\u00bb font_container=\u00a0\u00bbtag:h5|font_size:24px|text_align:center\u00a0\u00bb use_theme_fonts=\u00a0\u00bbyes\u00a0\u00bb el_class=\u00a0\u00bbfw-medium\u00a0\u00bb][\/vc_column][\/vc_row][vc_row css=\u00a0\u00bb.vc_custom_1542663267736{margin-top: 40px !important;margin-bottom: 0px !important;}\u00a0\u00bb][vc_column width=\u00a0\u00bb1\/3&Prime;][vc_column_text]<\/p>\n<p style=\"text-align: center;\"><a href=\"https:\/\/oui-iohe.org\/fr\/campus\/\">En savoir plus<\/a><\/p>\n<p>[\/vc_column_text][\/vc_column][vc_column width=\u00a0\u00bb1\/3&Prime;][vc_column_text]<\/p>\n<p style=\"text-align: center;\"><a href=\"https:\/\/oui-iohe.org\/fr\/emulies\/\">En savoir plus<\/a><\/p>\n<p>[\/vc_column_text][\/vc_column][vc_column width=\u00a0\u00bb1\/3&Prime;][vc_column_text]<\/p>\n<p style=\"text-align: center;\"><a href=\"https:\/\/oui-iohe.org\/fr\/eiestec\/\">En savoir plus<\/a><\/p>\n<p>[\/vc_column_text][\/vc_column][\/vc_row][vc_row][vc_column][vc_column_text]Depuis sa cr\u00e9ation, l\u2019OUI est donc devenue une r\u00e9f\u00e9rence dans la communaut\u00e9 universitaire des Am\u00e9riques en tant que v\u00e9ritable <strong>r\u00e9seau acad\u00e9mique<\/strong> offrant des services de qualit\u00e9 \u00e0 ses membres. Ses efforts se concentrent aujourd\u2019hui sur la mise en \u0153uvre de strat\u00e9gies d\u2019<strong>internationalisation<\/strong> gr\u00e2ce \u00e0 la gestion d\u2019une grande vari\u00e9t\u00e9 d\u2019\u00e9v\u00e9nements internationaux, de missions et de programmes de <strong>d\u00e9veloppement professionnel<\/strong> afin d\u2019offrir de nouvelles opportunit\u00e9s \u00e0 ses institutions membres.[\/vc_column_text][vc_btn title=\u00a0\u00bbT\u00e9l\u00e9charger le PDF avec les informations g\u00e9n\u00e9rales de l&rsquo;OUI\u00a0\u00bb style=\u00a0\u00bbflat\u00a0\u00bb shape=\u00a0\u00bbsquare\u00a0\u00bb color=\u00a0\u00bbiohe-orange\u00a0\u00bb align=\u00a0\u00bbcenter\u00a0\u00bb css=\u00a0\u00bb\u00a0\u00bb link=\u00a0\u00bburl:https%3A%2F%2Fdrive.google.com%2Ffile%2Fd%2F1bGN2HhzNF9JJx9I3DnZY1tvvAIYf3jGO%2Fview%3Fusp%3Ddrive_link|target:_blank\u00a0\u00bb][\/vc_column][\/vc_row]<\/p>\n<\/div>","protected":false},"excerpt":{"rendered":"<p>[vc_row][vc_column][vc_custom_heading source=\u00a0\u00bbpost_title\u00a0\u00bb font_container=\u00a0\u00bbtag:h1|text_align:left\u00a0\u00bb use_theme_fonts=\u00a0\u00bbyes\u00a0\u00bb][\/vc_column][\/vc_row][vc_row equal_height=\u00a0\u00bbyes\u00a0\u00bb content_placement=\u00a0\u00bbtop\u00a0\u00bb css=\u00a0\u00bb.vc_custom_1542658551299{margin-top: 40px !important;margin-bottom: 40px !important;}\u00a0\u00bb][vc_column width=\u00a0\u00bb1\/6&Prime; offset=\u00a0\u00bbvc_col-xs-2&Prime;][vc_single_image image=\u00a0\u00bb942&Prime; img_size=\u00a0\u00bbfull\u00a0\u00bb css=\u00a0\u00bb.vc_custom_1542726204384{margin-top: 9px !important;}\u00a0\u00bb][\/vc_column][vc_column width=\u00a0\u00bb2\/3&Prime; offset=\u00a0\u00bbvc_col-xs-8&Prime;][vc_column_text] [&hellip;]<\/p>\n","protected":false},"author":4,"featured_media":947,"parent":0,"menu_order":0,"comment_status":"closed","ping_status":"closed","template":"","meta":{"_acf_changed":false,"_monsterinsights_skip_tracking":false,"_monsterinsights_sitenote_active":false,"_monsterinsights_sitenote_note":"","_monsterinsights_sitenote_category":0,"footnotes":""},"class_list":["post-936","page","type-page","status-publish","has-post-thumbnail","hentry"],"acf":[],"aioseo_notices":[],"_links":{"self":[{"href":"https:\/\/oui-iohe.org\/fr\/wp-json\/wp\/v2\/pages\/936","targetHints":{"allow":["GET"]}}],"collection":[{"href":"https:\/\/oui-iohe.org\/fr\/wp-json\/wp\/v2\/pages"}],"about":[{"href":"https:\/\/oui-iohe.org\/fr\/wp-json\/wp\/v2\/types\/page"}],"author":[{"embeddable":true,"href":"https:\/\/oui-iohe.org\/fr\/wp-json\/wp\/v2\/users\/4"}],"replies":[{"embeddable":true,"href":"https:\/\/oui-iohe.org\/fr\/wp-json\/wp\/v2\/comments?post=936"}],"version-history":[{"count":23,"href":"https:\/\/oui-iohe.org\/fr\/wp-json\/wp\/v2\/pages\/936\/revisions"}],"predecessor-version":[{"id":20600,"href":"https:\/\/oui-iohe.org\/fr\/wp-json\/wp\/v2\/pages\/936\/revisions\/20600"}],"wp:featuredmedia":[{"embeddable":true,"href":"https:\/\/oui-iohe.org\/fr\/wp-json\/wp\/v2\/media\/947"}],"wp:attachment":[{"href":"https:\/\/oui-iohe.org\/fr\/wp-json\/wp\/v2\/media?parent=936"}],"curies":[{"name":"wp","href":"https:\/\/api.w.org\/{rel}","templated":true}]}}