{"id":11980,"date":"2022-05-18T15:50:30","date_gmt":"2022-05-18T19:50:30","guid":{"rendered":"https:\/\/oui-iohe.org\/nuestro-logo\/"},"modified":"2025-03-24T17:59:28","modified_gmt":"2025-03-24T21:59:28","slug":"nosso-logotipo","status":"publish","type":"page","link":"https:\/\/oui-iohe.org\/pt-br\/nosso-logotipo\/","title":{"rendered":"Nosso logotipo"},"content":{"rendered":"<div class=\"wpb-content-wrapper\"><p>[vc_row][vc_column][vc_custom_heading text=&#8221;Nosso logotipo&#8221; use_theme_fonts=&#8221;yes&#8221; css=&#8221;&#8221;][\/vc_column][\/vc_row][vc_row][vc_column][vc_column_text]A estrutura do logotipo da OUI corresponde \u00e0 miss\u00e3o e aos valores que a organiza\u00e7\u00e3o sempre buscou veicular. A OUI se posiciona de fato como refer\u00eancia como l\u00edder interamericano e aliado estrat\u00e9gico das IES a fim de consolidar seu papel de motor de c\u00e2mbio social e vencer as desigualdades sociais e promover a sociedade do conhecimento.<\/p>\n<p>\u00c9 o quis mostrar a representa\u00e7\u00e3o do continente americano, atravessado por ume s\u00e9rie de tr\u00eas ondas cujo movimento perp\u00e9tuo Norte\/Sul \u2013 Sul\/Norte n\u00e3o deixa de recordar a uni\u00e3o e as rela\u00e7\u00f5es entre as nove regi\u00f5es que comp\u00f5em a OUI, a efervesc\u00eancia e mobilidade que caracterizam a internacionaliza\u00e7\u00e3o do ensino superior e o vento de renova\u00e7\u00e3o que sopra no setor.<\/p>\n<p>A cor <strong>LARANJA<\/strong> faz eco \u00e0 ideia de movimento e p\u00f5e na frente a for\u00e7a da OUI e o que a distingue na inova\u00e7\u00e3o, a energia e a criatividade que suscita dentro de sua rede.<\/p>\n<p>A utiliza\u00e7\u00e3o da cor <strong>VERDE<\/strong> assenta esta assinatura e o lugar que a OUI soube ocupar no tempo dentro do meio universit\u00e1rio, verde sendo de fato a cor s\u00edmbolo de crescimento, estabilidade e equil\u00edbrio.<\/p>\n<p>Esta imagem \u00e9 o reflexo da for\u00e7a da OUI no seu ambiente e sinal da abertura desta para o mundo que, como o desejaram seus membros fundadores, \u00ab\u00a0n\u00e3o tem fronteiras\u00a0\u00bb.<\/p>\n<p><img loading=\"lazy\" decoding=\"async\" class=\"aligncenter wp-image-11936 \" src=\"https:\/\/oui-iohe.org\/wp-content\/uploads\/2022\/05\/Logo-OUI-Completo-Web-1024x276.jpg\" alt=\"\" width=\"503\" height=\"118\" \/><\/p>\n<p>&nbsp;<\/p>\n<p>O logotipo OUI deve ser inclu\u00eddo em todas as pe\u00e7as promocionais e de divulga\u00e7\u00e3o, bem como em documentos informativos elaborados no \u00e2mbito de projetos ou acordos apoiados pela Organiza\u00e7\u00e3o Universit\u00e1ria Interam\u00e9ricaine (OUI).<\/p>\n<p>As propor\u00e7\u00f5es do logotipo s\u00e3o determinadas e fixas. Em nenhuma circunst\u00e2ncia seu formato ou estrutura deve ser alterado ou alterado.<\/p>\n<p><a href=\"https:\/\/oui-iohe.org\/wp-content\/uploads\/2022\/05\/Logo-OUI-Completo-web.png\">Baixe o logotipo colorido em formato PNG<\/a><\/p>\n<p><a href=\"https:\/\/oui-iohe.org\/wp-content\/uploads\/2022\/05\/Logo-OUI-Completo-Print.jpg\">Baixe o logotipo colorido em formato JPG<\/a><\/p>\n<p><a href=\"https:\/\/oui-iohe.org\/wp-content\/uploads\/2022\/05\/Logo-OUI-Completo-Blanco.png\">Baixe a vers\u00e3o branca do logotipo em formato PNG<\/a><\/p>\n<p><a href=\"https:\/\/oui-iohe.org\/wp-content\/uploads\/2022\/05\/Logo-OUI-Completo-Negro.png\">Descargue la versi\u00f3n en negro del logo en formato PNG\u00a0<\/a><\/p>\n<p>*O logotipo da Organiza\u00e7\u00e3o Universit\u00e1ria Interamericana\u00a0(OUI)\u00a0\u00e9 propriedade exclusiva da organiza\u00e7\u00e3o e est\u00e1 protegido pelo direito internacional. Seu uso sem autoriza\u00e7\u00e3o \u00e9 proibido. Para mais informa\u00e7\u00f5es ou pedidos adicionais: info@oui-iohe.org[\/vc_column_text][\/vc_column][\/vc_row]<\/p>\n<\/div>","protected":false},"excerpt":{"rendered":"<p>[vc_row][vc_column][vc_custom_heading text=&#8221;Nosso logotipo&#8221; use_theme_fonts=&#8221;yes&#8221; css=&#8221;&#8221;][\/vc_column][\/vc_row][vc_row][vc_column][vc_column_text]A estrutura do logotipo da OUI corresponde \u00e0 miss\u00e3o e aos valores que a organiza\u00e7\u00e3o sempre [&hellip;]<\/p>\n","protected":false},"author":4,"featured_media":0,"parent":0,"menu_order":0,"comment_status":"closed","ping_status":"closed","template":"","meta":{"_acf_changed":false,"_monsterinsights_skip_tracking":false,"_monsterinsights_sitenote_active":false,"_monsterinsights_sitenote_note":"","_monsterinsights_sitenote_category":0,"footnotes":""},"class_list":["post-11980","page","type-page","status-publish","hentry"],"acf":[],"aioseo_notices":[],"_links":{"self":[{"href":"https:\/\/oui-iohe.org\/pt-br\/wp-json\/wp\/v2\/pages\/11980","targetHints":{"allow":["GET"]}}],"collection":[{"href":"https:\/\/oui-iohe.org\/pt-br\/wp-json\/wp\/v2\/pages"}],"about":[{"href":"https:\/\/oui-iohe.org\/pt-br\/wp-json\/wp\/v2\/types\/page"}],"author":[{"embeddable":true,"href":"https:\/\/oui-iohe.org\/pt-br\/wp-json\/wp\/v2\/users\/4"}],"replies":[{"embeddable":true,"href":"https:\/\/oui-iohe.org\/pt-br\/wp-json\/wp\/v2\/comments?post=11980"}],"version-history":[{"count":3,"href":"https:\/\/oui-iohe.org\/pt-br\/wp-json\/wp\/v2\/pages\/11980\/revisions"}],"predecessor-version":[{"id":18401,"href":"https:\/\/oui-iohe.org\/pt-br\/wp-json\/wp\/v2\/pages\/11980\/revisions\/18401"}],"wp:attachment":[{"href":"https:\/\/oui-iohe.org\/pt-br\/wp-json\/wp\/v2\/media?parent=11980"}],"curies":[{"name":"wp","href":"https:\/\/api.w.org\/{rel}","templated":true}]}}