{"id":12283,"date":"2022-08-04T14:26:02","date_gmt":"2022-08-04T18:26:02","guid":{"rendered":"https:\/\/oui-iohe.org\/pasantia-virtual\/"},"modified":"2022-08-04T20:13:58","modified_gmt":"2022-08-05T00:13:58","slug":"estagio-virtual","status":"publish","type":"page","link":"https:\/\/oui-iohe.org\/pt-br\/estagio-virtual\/","title":{"rendered":"Est\u00e1gio virtual \u2013 Secretaria geral executiva"},"content":{"rendered":"<h1><strong>Est\u00e1gio virtual <\/strong><\/h1>\n<h4><strong>Secretaria geral executiva da OUI <\/strong><strong>2022-II<\/strong><\/h4>\n<p>&nbsp;<\/p>\n<table width=\"104%\">\n<tbody>\n<tr>\n<td width=\"25%\"><strong>Dirigido a<\/strong><\/td>\n<td colspan=\"2\" width=\"74%\">Estudantes de \u00faltimo ano ou recentemente egressos (m\u00e1ximo de um ano) de Institui\u00e7\u00f5es de Ensino Superior (IES) da OUI que tenham seu estatuto de membro ativo.<\/td>\n<\/tr>\n<tr>\n<td width=\"25%\"><strong>N\u00edvel<\/strong><\/td>\n<td colspan=\"2\" width=\"74%\">Gradua\u00e7\u00e3o\/Bacharelado ou Mestrado<\/td>\n<\/tr>\n<tr>\n<td width=\"25%\"><strong>Unidades acad\u00eamicas \/ Faculdades<\/strong><\/td>\n<td colspan=\"2\" width=\"74%\">Comunica\u00e7\u00e3o e Marketing, Desenho gr\u00e1fico ou Audiovisual, Administra\u00e7\u00e3o, Coopera\u00e7\u00e3o ou Rela\u00e7\u00f5es internacionais<\/td>\n<\/tr>\n<tr>\n<td width=\"25%\"><strong>Documenta\u00e7\u00e3o<\/strong><\/td>\n<td colspan=\"2\" width=\"74%\">\n<ul>\n<li>Completar o formul\u00e1rio no seguinte enlace e adjuntar os documentos indicados: \u00a0<a href=\"https:\/\/forms.gle\/pJDXGsNNCyGfnfca6\">https:\/\/forms.gle\/pJDXGsNNCyGfnfca6<\/a><\/li>\n<li>Curriculum Vitae<\/li>\n<li>Carta de motiva\u00e7\u00e3o<\/li>\n<li>Carta de apoio institucional<\/li>\n<li>Prova de estudante ou egresso de uma IES membro da OUI (verificar a lista de IES afiliadas \u00e0 OUI, <a href=\"https:\/\/oui-iohe.org\/pt-br\/membros-oui\/\">Aqu\u00ed<\/a> )<\/li>\n<\/ul>\n<\/td>\n<\/tr>\n<tr>\n<td width=\"25%\"><strong>Dura\u00e7\u00e3o<\/strong><\/td>\n<td colspan=\"2\" width=\"74%\">\n<ul>\n<li>De 3 a 6 meses<\/li>\n<li>Data de in\u00edcio: 12 de setembro de 2022<\/li>\n<\/ul>\n<\/td>\n<\/tr>\n<tr>\n<td width=\"25%\"><strong>N\u00famero de dias \/ semana<\/strong><\/td>\n<td colspan=\"2\" width=\"74%\">M\u00ednimo de 3 dias<\/td>\n<\/tr>\n<tr>\n<td width=\"25%\"><strong>Postulantes de<\/strong><\/p>\n<p><strong>Comunica\u00e7\u00f5es, Marketing, Desenho gr\u00e1fico e Audiovisual<\/strong><\/td>\n<td width=\"37%\"><strong>PERFIL<\/strong><\/p>\n<ul>\n<li>Capacidade para trabalhar em um meio internacional e multicultural<\/li>\n<li>Dom\u00ednio de dois idiomas oficiais da OUI (espanhol, ingl\u00eas, franc\u00eas ou portugu\u00eas)<\/li>\n<li>Conhecimento web: <em>WordPress<\/em>, <em>Mailchimp <\/em><\/li>\n<li>Conhecimento em marketing digital e redes sociais (<em>Twiter, Facebook, Linkedin, Instagram)<\/em><\/li>\n<li>Conhecimento de <em>Photoshop<\/em> e <em>Illustrator<\/em><\/li>\n<\/ul>\n<\/td>\n<td width=\"37%\"><strong>RESPONSABILIDADES<\/strong><\/p>\n<ul>\n<li>Apoio \u00e0 respons\u00e1vel de Comunica\u00e7\u00e3o nas estrat\u00e9gias de difus\u00e3o das atividades da OUI<\/li>\n<li>Apoiar a difus\u00e3o em redes sociais do Congresso Internacional sobre Conhecimento e Inova\u00e7\u00e3o (ciKi)<\/li>\n<li>Apoio na promo\u00e7\u00e3o do Congresso das Am\u00e9ricas sobre Educa\u00e7\u00e3o Internacional (CAEI)<\/li>\n<li>Apoiar a reda\u00e7\u00e3o, edi\u00e7\u00e3o e tradu\u00e7\u00e3o dos documentos requeridos<\/li>\n<li>Realizar qualquer outra tarefa de natureza similar ou de car\u00e1ter geral relacionada com as atividades da Organiza\u00e7\u00e3o<\/li>\n<\/ul>\n<\/td>\n<\/tr>\n<tr>\n<td width=\"25%\"><strong>Postulantes de Administra\u00e7\u00e3o, Coopera\u00e7\u00e3o internacional e Rela\u00e7\u00f5es internacionais<\/strong><\/p>\n<p><strong>\u00a0<\/strong><\/td>\n<td width=\"37%\"><strong>PERFIL<\/strong><\/p>\n<ul>\n<li>Capacidade para trabalhar em um meio internacional e multicultural<\/li>\n<li>Dom\u00ednio de dois idiomas oficiais da OUI (espanhol, ingl\u00eas, franc\u00eas ou portugu\u00eas)<\/li>\n<li>Boa capacidade de gest\u00e3o e organiza\u00e7\u00e3o do trabalho<\/li>\n<li>Ser\u00e1 valorizado o conhecimento das rela\u00e7\u00f5es internacionais e da internacionaliza\u00e7\u00e3o do ensino superior<\/li>\n<\/ul>\n<\/td>\n<td width=\"37%\"><strong>RESPONSABILIDADES<\/strong><\/p>\n<ul>\n<li>Apoiar a coordena\u00e7\u00e3o geral das reuni\u00f5es institucionais, especificamente as reuni\u00f5es do Conselho de Administra\u00e7\u00e3o e da Assembleia geral<\/li>\n<li>Dar seguimento pontual \u00e0 opera\u00e7\u00e3o das atividades institucionais<\/li>\n<li>Apoiar a reda\u00e7\u00e3o, edi\u00e7\u00e3o e tradu\u00e7\u00e3o dos documentos requeridos<\/li>\n<li>Realizar qualquer outra tarefa de natureza similar ou de car\u00e1ter geral relacionada com as atividades da Organiza\u00e7\u00e3o<\/li>\n<\/ul>\n<\/td>\n<\/tr>\n<tr>\n<td width=\"25%\"><strong>Prazo de candidaturas<\/strong><\/td>\n<td colspan=\"2\" width=\"74%\">Prazo de recep\u00e7\u00e3o de candidaturas: <strong>5 de setembro de 2022<\/strong><\/td>\n<\/tr>\n<tr>\n<td width=\"25%\"><strong>Correio de contato<\/strong><\/td>\n<td colspan=\"2\" width=\"74%\">Pode dirigir suas perguntas a info@oui-iophe.org<\/td>\n<\/tr>\n<\/tbody>\n<\/table>\n<p>&nbsp;<\/p>\n","protected":false},"excerpt":{"rendered":"<p>Est\u00e1gio virtual Secretaria geral executiva da OUI 2022-II &nbsp; Dirigido a Estudantes de \u00faltimo ano ou recentemente egressos (m\u00e1ximo de [&hellip;]<\/p>\n","protected":false},"author":4,"featured_media":0,"parent":0,"menu_order":0,"comment_status":"closed","ping_status":"closed","template":"","meta":{"_acf_changed":false,"_monsterinsights_skip_tracking":false,"_monsterinsights_sitenote_active":false,"_monsterinsights_sitenote_note":"","_monsterinsights_sitenote_category":0,"footnotes":""},"class_list":["post-12283","page","type-page","status-publish","hentry"],"acf":[],"aioseo_notices":[],"_links":{"self":[{"href":"https:\/\/oui-iohe.org\/pt-br\/wp-json\/wp\/v2\/pages\/12283","targetHints":{"allow":["GET"]}}],"collection":[{"href":"https:\/\/oui-iohe.org\/pt-br\/wp-json\/wp\/v2\/pages"}],"about":[{"href":"https:\/\/oui-iohe.org\/pt-br\/wp-json\/wp\/v2\/types\/page"}],"author":[{"embeddable":true,"href":"https:\/\/oui-iohe.org\/pt-br\/wp-json\/wp\/v2\/users\/4"}],"replies":[{"embeddable":true,"href":"https:\/\/oui-iohe.org\/pt-br\/wp-json\/wp\/v2\/comments?post=12283"}],"version-history":[{"count":2,"href":"https:\/\/oui-iohe.org\/pt-br\/wp-json\/wp\/v2\/pages\/12283\/revisions"}],"predecessor-version":[{"id":12284,"href":"https:\/\/oui-iohe.org\/pt-br\/wp-json\/wp\/v2\/pages\/12283\/revisions\/12284"}],"wp:attachment":[{"href":"https:\/\/oui-iohe.org\/pt-br\/wp-json\/wp\/v2\/media?parent=12283"}],"curies":[{"name":"wp","href":"https:\/\/api.w.org\/{rel}","templated":true}]}}