{"id":1302,"date":"2018-11-20T09:53:48","date_gmt":"2018-11-20T14:53:48","guid":{"rendered":"http:\/\/www.oui-iohe.org\/a-propos-oui\/"},"modified":"2026-02-26T19:44:43","modified_gmt":"2026-02-27T00:44:43","slug":"sobre-a-oui","status":"publish","type":"page","link":"https:\/\/oui-iohe.org\/pt-br\/sobre-a-oui\/","title":{"rendered":"Quem somos"},"content":{"rendered":"<div class=\"wpb-content-wrapper\"><p>[vc_row][vc_column][vc_custom_heading source=&#8221;post_title&#8221; font_container=&#8221;tag:h1|text_align:left&#8221; use_theme_fonts=&#8221;yes&#8221;][\/vc_column][\/vc_row][vc_row equal_height=&#8221;yes&#8221; content_placement=&#8221;top&#8221; css=&#8221;.vc_custom_1542658551299{margin-top: 40px !important;margin-bottom: 40px !important;}&#8221;][vc_column width=&#8221;1\/6&#8243; offset=&#8221;vc_col-xs-2&#8243;][vc_single_image image=&#8221;944&#8243; img_size=&#8221;full&#8221; css=&#8221;.vc_custom_1542726204384{margin-top: 9px !important;}&#8221;][\/vc_column][vc_column width=&#8221;2\/3&#8243; offset=&#8221;vc_col-xs-8&#8243;][vc_column_text]<\/p>\n<p style=\"font-size: 21px; font-weight: 500;\"><em>Desejo estabelecer, al\u00e9m e livre de toda fronteira, seja esta pol\u00edtica, geogr\u00e1fica, econ\u00f4mica, ideol\u00f3gica ou social, uma cadeia universit\u00e1ria interamericana num esfor\u00e7o comum de melhorar e fortalecer cada um de seus elos.<\/em><\/p>\n<p><strong>\u2014Gilles Boulet<\/strong>, Presidente fundador da OUI[\/vc_column_text][\/vc_column][vc_column width=&#8221;1\/6&#8243; el_class=&#8221;col-align-end&#8221; offset=&#8221;vc_col-xs-2&#8243;][vc_single_image image=&#8221;940&#8243; img_size=&#8221;full&#8221; alignment=&#8221;right&#8221;][\/vc_column][\/vc_row][vc_row full_width=&#8221;stretch_row&#8221; gap=&#8221;15&#8243; css=&#8221;.vc_custom_1542656351895{padding-top: 20px !important;background-color: #f1f1f1 !important;}&#8221;][vc_column width=&#8221;1\/2&#8243;][vc_custom_heading text=&#8221;Vis\u00e3o&#8221; use_theme_fonts=&#8221;yes&#8221;][vc_separator color=&#8221;iohe-orange&#8221; border_width=&#8221;6&#8243;][vc_column_text]Ser a principal associa\u00e7\u00e3o de internacionaliza\u00e7\u00e3o do ensino superior nas Am\u00e9ricas.[\/vc_column_text][\/vc_column][vc_column width=&#8221;1\/2&#8243;][vc_custom_heading text=&#8221;Miss\u00e3o&#8221; use_theme_fonts=&#8221;yes&#8221;][vc_separator color=&#8221;iohe-orange&#8221; border_width=&#8221;6&#8243;][vc_column_text]Contribuir ao fortalecimento das Institui\u00e7\u00f5es de Ensino Superior (IES), construindo espa\u00e7os de coopera\u00e7\u00e3o educacional em articula\u00e7\u00e3o com seus membros e outros aliados estrat\u00e9gicos.[\/vc_column_text][\/vc_column][\/vc_row][vc_row full_width=&#8221;stretch_row&#8221; gap=&#8221;15&#8243; css=&#8221;.vc_custom_1542656342904{padding-bottom: 20px !important;background-color: #f1f1f1 !important;}&#8221;][vc_column width=&#8221;1\/2&#8243;][vc_custom_heading text=&#8221;Valores&#8221; use_theme_fonts=&#8221;yes&#8221;][vc_separator color=&#8221;iohe-orange&#8221; border_width=&#8221;6&#8243;][vc_column_text el_class=&#8221;big-list&#8221;]<\/p>\n<ul>\n<li>\u00c9tica<\/li>\n<li><em>Interamericanidade<\/em><\/li>\n<li>Inova\u00e7\u00e3o<\/li>\n<li>Inclus\u00e3o<\/li>\n<\/ul>\n<p>[\/vc_column_text][\/vc_column][vc_column width=&#8221;1\/2&#8243;][vc_custom_heading text=&#8221;Objetivos estrat\u00e9gicos&#8221; use_theme_fonts=&#8221;yes&#8221;][vc_separator color=&#8221;iohe-orange&#8221; border_width=&#8221;6&#8243;][vc_column_text el_class=&#8221;big-list&#8221;]<\/p>\n<ul>\n<li>Oferta diversificada<\/li>\n<li>Alian\u00e7as estrat\u00e9gicas<\/li>\n<li>Contribui\u00e7\u00e3o aos ODS<\/li>\n<li>Excel\u00eancia organizacional<\/li>\n<\/ul>\n<p>[\/vc_column_text][\/vc_column][\/vc_row][vc_row][vc_column][vc_custom_heading text=&#8221;Nossa hist\u00f3ria&#8221; use_theme_fonts=&#8221;yes&#8221;][vc_column_text]\u00c9 em um contexto universit\u00e1rio efervescente, e gra\u00e7as aos esfor\u00e7os conjuntos de toda a comunidade, que nasceu a <strong>Organiza\u00e7\u00e3o Universit\u00e1ria Interamericana\u00a0(O<\/strong><strong>UI)<\/strong>.<\/p>\n<p>A hist\u00f3ria da OUI n\u00e3o pode ser escrita sem reconhecer de maneira especial a contribui\u00e7\u00e3o determinante do seu fundador, Gilles Boulet que durante toda sua carreira, ele desenvolveu um profundo interesse para a hist\u00f3ria das civiliza\u00e7\u00f5es na Am\u00e9rica Latina.<\/p>\n<blockquote><p>\u00ab <em>Eu tinha observado um desconhecimento e uma deplor\u00e1vel aus\u00eancia de v\u00ednculos entre as universidades da Am\u00e9rica do Sul e da Am\u00e9rica do Norte. Existia um grande potencial de interc\u00e2mbios entre essas institui\u00e7\u00f5es que pertenciam a um mesmo continente e, no entanto, n\u00e3o havia nenhuma associa\u00e7\u00e3o que as reunisse. Pensei ent\u00e3o que a solu\u00e7\u00e3o pudesse ser a cria\u00e7\u00e3o de tal institui\u00e7\u00e3o.<\/em>\u00a0\u00bb<\/p>\n<p>&nbsp;<\/p><\/blockquote>\n<p>[\/vc_column_text][\/vc_column][\/vc_row][vc_row css=&#8221;.vc_custom_1542663267736{margin-top: 40px !important;margin-bottom: 0px !important;}&#8221;][vc_column width=&#8221;1\/3&#8243;][vc_separator color=&#8221;iohe-orange&#8221; border_width=&#8221;6&#8243;][vc_custom_heading text=&#8221;1980&#8243; font_container=&#8221;tag:h1|font_size:60px|text_align:center|color:%236fa317&#8243; use_theme_fonts=&#8221;yes&#8221; css=&#8221;.vc_custom_1542662932436{margin-bottom: 10px !important;}&#8221; el_class=&#8221;no-accent&#8221;][vc_custom_heading text=&#8221;Cria\u00e7\u00e3o da OUI&#8221; font_container=&#8221;tag:h5|font_size:24px|text_align:center&#8221; use_theme_fonts=&#8221;yes&#8221; el_class=&#8221;fw-medium&#8221;][\/vc_column][vc_column width=&#8221;1\/3&#8243;][vc_separator color=&#8221;iohe-orange&#8221; border_width=&#8221;6&#8243;][vc_custom_heading text=&#8221;1983&#8243; font_container=&#8221;tag:h1|font_size:60px|text_align:center|color:%236fa317&#8243; use_theme_fonts=&#8221;yes&#8221; css=&#8221;.vc_custom_1542662990893{margin-bottom: 10px !important;}&#8221; el_class=&#8221;no-accent&#8221;][vc_custom_heading text=&#8221;Instituto de Gest\u00e3o e Lideran\u00e7a Universit\u00e1rias (IGLU)&#8221; font_container=&#8221;tag:h5|font_size:24px|text_align:center&#8221; use_theme_fonts=&#8221;yes&#8221; el_class=&#8221;fw-medium&#8221;][\/vc_column][vc_column width=&#8221;1\/3&#8243;][vc_separator color=&#8221;iohe-orange&#8221; border_width=&#8221;6&#8243;][vc_custom_heading text=&#8221;1998&#8243; font_container=&#8221;tag:h1|font_size:60px|text_align:center|color:%236fa317&#8243; use_theme_fonts=&#8221;yes&#8221; css=&#8221;.vc_custom_1542663006829{margin-bottom: 10px !important;}&#8221; el_class=&#8221;no-accent&#8221;][vc_custom_heading text=&#8221;Col\u00e9gio das Am\u00e9ricas (COLAM)&#8221; font_container=&#8221;tag:h5|font_size:24px|text_align:center&#8221; use_theme_fonts=&#8221;yes&#8221; el_class=&#8221;fw-medium&#8221;][\/vc_column][\/vc_row][vc_row css=&#8221;.vc_custom_1542663267736{margin-top: 40px !important;margin-bottom: 0px !important;}&#8221;][vc_column width=&#8221;1\/3&#8243;][vc_column_text]<\/p>\n<p style=\"text-align: center;\"><a href=\"http:\/\/www.oui-iohe.org\/wp-content\/uploads\/2018\/11\/1-%C3%80-propos-Histoire-Pr%C3%A9sidents_V1_PO.pdf\">Mais informa\u00e7\u00e3o<\/a><\/p>\n<p>[\/vc_column_text][\/vc_column][vc_column width=&#8221;1\/3&#8243;][vc_column_text]<\/p>\n<p style=\"text-align: center;\"><a href=\"https:\/\/oui-iohe.org\/pt-br\/iglu\/\">Mais informa\u00e7\u00e3o<\/a><\/p>\n<p>[\/vc_column_text][\/vc_column][vc_column width=&#8221;1\/3&#8243;][vc_column_text]<\/p>\n<p style=\"text-align: center;\"><a href=\"https:\/\/oui-iohe.org\/pt-br\/colam\/\">Mais informa\u00e7\u00e3o<\/a><\/p>\n<p>[\/vc_column_text][\/vc_column][\/vc_row][vc_row css=&#8221;.vc_custom_1542663283137{margin-bottom: 40px !important;}&#8221;][vc_column width=&#8221;1\/3&#8243;][vc_separator color=&#8221;iohe-orange&#8221; border_width=&#8221;6&#8243;][vc_custom_heading text=&#8221;2008&#8243; font_container=&#8221;tag:h1|font_size:60px|text_align:center|color:%236fa317&#8243; use_theme_fonts=&#8221;yes&#8221; css=&#8221;.vc_custom_1542663106179{margin-bottom: 10px !important;}&#8221; el_class=&#8221;no-accent&#8221;][vc_custom_heading text=&#8221;Programa CAMPUS&#8221; font_container=&#8221;tag:h5|font_size:24px|text_align:center&#8221; use_theme_fonts=&#8221;yes&#8221; el_class=&#8221;fw-medium&#8221;][\/vc_column][vc_column width=&#8221;1\/3&#8243;][vc_separator color=&#8221;iohe-orange&#8221; border_width=&#8221;6&#8243;][vc_custom_heading text=&#8221;2016&#8243; font_container=&#8221;tag:h1|font_size:60px|text_align:center|color:%236fa317&#8243; use_theme_fonts=&#8221;yes&#8221; css=&#8221;.vc_custom_1542663113688{margin-bottom: 10px !important;}&#8221; el_class=&#8221;no-accent&#8221;][vc_custom_heading text=&#8221;Mulheres L\u00edderes de Institui\u00e7\u00f5es de Ensino Superior nas Am\u00e9ricas (EMULIES)&#8221; font_container=&#8221;tag:h5|font_size:24px|text_align:center&#8221; use_theme_fonts=&#8221;yes&#8221; el_class=&#8221;fw-medium&#8221;][\/vc_column][vc_column width=&#8221;1\/3&#8243;][vc_separator color=&#8221;iohe-orange&#8221; border_width=&#8221;6&#8243;][vc_custom_heading text=&#8221;2018&#8243; font_container=&#8221;tag:h1|font_size:60px|text_align:center|color:%236fa317&#8243; use_theme_fonts=&#8221;yes&#8221; css=&#8221;.vc_custom_1542663120969{margin-bottom: 10px !important;}&#8221; el_class=&#8221;no-accent&#8221;][vc_custom_heading text=&#8221;Espa\u00e7o Interamericano de Ensino Superior T\u00e9cnico e Tecnol\u00f3gico (EIESTEC)&#8221; font_container=&#8221;tag:h5|font_size:24px|text_align:center&#8221; use_theme_fonts=&#8221;yes&#8221; el_class=&#8221;fw-medium&#8221;][\/vc_column][\/vc_row][vc_row css=&#8221;.vc_custom_1542663267736{margin-top: 40px !important;margin-bottom: 0px !important;}&#8221;][vc_column width=&#8221;1\/3&#8243;][vc_column_text]<\/p>\n<p style=\"text-align: center;\"><a href=\"https:\/\/oui-iohe.org\/pt-br\/campus\/\">Mais informa\u00e7\u00e3o<\/a><\/p>\n<p>[\/vc_column_text][\/vc_column][vc_column width=&#8221;1\/3&#8243;][vc_column_text]<\/p>\n<p style=\"text-align: center;\"><a href=\"https:\/\/oui-iohe.org\/pt-br\/emulies\/\">Mais informa\u00e7\u00e3o<\/a><\/p>\n<p>[\/vc_column_text][\/vc_column][vc_column width=&#8221;1\/3&#8243;][vc_column_text]<\/p>\n<p style=\"text-align: center;\"><a href=\"https:\/\/oui-iohe.org\/pt-br\/eiestec\/\">Mais informa\u00e7\u00e3o<\/a><\/p>\n<p>[\/vc_column_text][\/vc_column][\/vc_row][vc_row][vc_column][vc_column_text]Desde a sua cria\u00e7\u00e3o, a OUI se tornou uma refer\u00eancia na comunidade universit\u00e1ria das Am\u00e9ricas, atuando como verdadeira <strong>rede acad\u00eamica<\/strong> e oferecendo servi\u00e7os de qualidade a seus membros. Seus esfor\u00e7os se concentram hoje na implementa\u00e7\u00e3o de iniciativas estrat\u00e9gicas de alto n\u00edvel, em miss\u00f5es e programas de <strong>desenvolvimento profissional<\/strong> para oferecer novas oportunidades a suas institui\u00e7\u00f5es membros.[\/vc_column_text][vc_btn title=&#8221;Baixe o PDF com informa\u00e7\u00f5es gerais da OUI&#8221; style=&#8221;flat&#8221; shape=&#8221;square&#8221; color=&#8221;iohe-orange&#8221; align=&#8221;center&#8221; css=&#8221;&#8221; link=&#8221;url:https%3A%2F%2Fdrive.google.com%2Ffile%2Fd%2F1R8GM05B5rLiAK-xXDAt834j-G1S2L6Dd%2Fview%3Fusp%3Ddrive_link|target:_blank&#8221;][\/vc_column][\/vc_row]<\/p>\n<\/div>","protected":false},"excerpt":{"rendered":"<p>[vc_row][vc_column][vc_custom_heading source=&#8221;post_title&#8221; font_container=&#8221;tag:h1|text_align:left&#8221; use_theme_fonts=&#8221;yes&#8221;][\/vc_column][\/vc_row][vc_row equal_height=&#8221;yes&#8221; content_placement=&#8221;top&#8221; css=&#8221;.vc_custom_1542658551299{margin-top: 40px !important;margin-bottom: 40px !important;}&#8221;][vc_column width=&#8221;1\/6&#8243; offset=&#8221;vc_col-xs-2&#8243;][vc_single_image image=&#8221;944&#8243; img_size=&#8221;full&#8221; css=&#8221;.vc_custom_1542726204384{margin-top: 9px !important;}&#8221;][\/vc_column][vc_column width=&#8221;2\/3&#8243; offset=&#8221;vc_col-xs-8&#8243;][vc_column_text] [&hellip;]<\/p>\n","protected":false},"author":4,"featured_media":949,"parent":0,"menu_order":0,"comment_status":"closed","ping_status":"closed","template":"","meta":{"_acf_changed":false,"_monsterinsights_skip_tracking":false,"_monsterinsights_sitenote_active":false,"_monsterinsights_sitenote_note":"","_monsterinsights_sitenote_category":0,"footnotes":""},"class_list":["post-1302","page","type-page","status-publish","has-post-thumbnail","hentry"],"acf":[],"aioseo_notices":[],"_links":{"self":[{"href":"https:\/\/oui-iohe.org\/pt-br\/wp-json\/wp\/v2\/pages\/1302","targetHints":{"allow":["GET"]}}],"collection":[{"href":"https:\/\/oui-iohe.org\/pt-br\/wp-json\/wp\/v2\/pages"}],"about":[{"href":"https:\/\/oui-iohe.org\/pt-br\/wp-json\/wp\/v2\/types\/page"}],"author":[{"embeddable":true,"href":"https:\/\/oui-iohe.org\/pt-br\/wp-json\/wp\/v2\/users\/4"}],"replies":[{"embeddable":true,"href":"https:\/\/oui-iohe.org\/pt-br\/wp-json\/wp\/v2\/comments?post=1302"}],"version-history":[{"count":17,"href":"https:\/\/oui-iohe.org\/pt-br\/wp-json\/wp\/v2\/pages\/1302\/revisions"}],"predecessor-version":[{"id":20597,"href":"https:\/\/oui-iohe.org\/pt-br\/wp-json\/wp\/v2\/pages\/1302\/revisions\/20597"}],"wp:featuredmedia":[{"embeddable":true,"href":"https:\/\/oui-iohe.org\/pt-br\/wp-json\/wp\/v2\/media\/949"}],"wp:attachment":[{"href":"https:\/\/oui-iohe.org\/pt-br\/wp-json\/wp\/v2\/media?parent=1302"}],"curies":[{"name":"wp","href":"https:\/\/api.w.org\/{rel}","templated":true}]}}