{"id":13270,"date":"2022-12-16T13:48:57","date_gmt":"2022-12-16T18:48:57","guid":{"rendered":"https:\/\/oui-iohe.org\/asesoria-estrategias-en-internacionalizacion-educacion-superior\/"},"modified":"2024-05-13T13:49:47","modified_gmt":"2024-05-13T17:49:47","slug":"consultoria-estrategias-internacionalizacao-ensino-superior","status":"publish","type":"page","link":"https:\/\/oui-iohe.org\/pt-br\/consultoria-estrategias-internacionalizacao-ensino-superior\/","title":{"rendered":"Consultoria para o desenvolvimento de estrat\u00e9gias para a internacionaliza\u00e7\u00e3o do ensino superior"},"content":{"rendered":"<div class=\"wpb-content-wrapper\"><p>[vc_row][vc_column][vc_custom_heading text=&#8221;Consultoria para o desenvolvimento de estrat\u00e9gias para a internacionaliza\u00e7\u00e3o do ensino superior&#8221; font_container=&#8221;tag:h1|text_align:left&#8221; use_theme_fonts=&#8221;yes&#8221;][\/vc_column][\/vc_row][vc_row full_width=&#8221;stretch_row&#8221; css=&#8221;.vc_custom_1671217598706{background-color: #f1f1f1 !important;}&#8221;][vc_column][vc_column_text]<strong>Internacionaliza\u00e7\u00e3o: um eixo estrat\u00e9gico da OUI<\/strong><\/p>\n<p>Com mais de 350 institui\u00e7\u00f5es de ensino superior (IES) membros em todo o continente e uma experi\u00eancia de mais de 40 anos na coopera\u00e7\u00e3o institucional, a Organiza\u00e7\u00e3o Universit\u00e1ria Interamericana (OUI) tornou-se um parceiro estrat\u00e9gico para a promo\u00e7\u00e3o e o desenvolvimento da internacionaliza\u00e7\u00e3o do ensino superior.<\/p>\n<p>Trabalhando em v\u00e1rios n\u00edveis de interven\u00e7\u00e3o, tanto no treinamento e capacita\u00e7\u00e3o para a gest\u00e3o estrat\u00e9gica da internacionaliza\u00e7\u00e3o (programa DIES) quanto na promo\u00e7\u00e3o de um espa\u00e7o comum para a internacionaliza\u00e7\u00e3o do ensino superior (CAEI), desenvolvemos expertise em componentes-chave da internacionaliza\u00e7\u00e3o, tais como diagn\u00f3stico, planejamento e gest\u00e3o da internacionaliza\u00e7\u00e3o, estrat\u00e9gias de mobilidade estudantil, internacionaliza\u00e7\u00e3o do curr\u00edculo e profissionaliza\u00e7\u00e3o dos gerentes de internacionaliza\u00e7\u00e3o, que temos o prazer de colocar a servi\u00e7o de nossos membros e das institui\u00e7\u00f5es de ensino superior que desejam melhorar seu perfil internacional.[\/vc_column_text][\/vc_column][\/vc_row][vc_row][vc_column][vc_custom_heading text=&#8221;O que oferecemos como servi\u00e7o?&#8221; use_theme_fonts=&#8221;yes&#8221;][vc_column_text]A consultoria para o desenvolvimento de estrat\u00e9gias de internacionaliza\u00e7\u00e3o consiste em um processo de acompanhamento que compreende o diagn\u00f3stico, planejamento e desenho de estrat\u00e9gias de internacionaliza\u00e7\u00e3o, bem como um roteiro para a implementa\u00e7\u00e3o, monitoramento e avalia\u00e7\u00e3o dos resultados. A consultoria tamb\u00e9m inclui o fortalecimento e transfer\u00eancia das capacidades para que as equipes institucionais (administrativas, acad\u00eamicas e formuladoras de pol\u00edticas) possam continuar a implementar efetivamente suas estrat\u00e9gias e projetar os desenvolvimentos futuros de sua institui\u00e7\u00e3o.<\/p>\n<p>A consultoria para o desenvolvimento de estrat\u00e9gias de internacionaliza\u00e7\u00e3o compreende os seguintes servi\u00e7os, que s\u00e3o adaptados ao n\u00edvel de desenvolvimento, \u00e0s condi\u00e7\u00f5es e particularidades da institui\u00e7\u00e3o:<\/p>\n<ul>\n<li>Diagn\u00f3stico da situa\u00e7\u00e3o e dos processos de internacionaliza\u00e7\u00e3o dentro da institui\u00e7\u00e3o.<\/li>\n<li>Desenvolvimento e\/ou avalia\u00e7\u00e3o do plano estrat\u00e9gico da institui\u00e7\u00e3o para um plano eficaz de internacionaliza\u00e7\u00e3o de acordo com as necessidades institucionais (planejamento e gest\u00e3o estrat\u00e9gica, mobilidade, internacionaliza\u00e7\u00e3o do curr\u00edculo, internacionaliza\u00e7\u00e3o da pesquisa etc.).<\/li>\n<li>Roteiro para o monitoramento e avalia\u00e7\u00e3o da implementa\u00e7\u00e3o do plano estrat\u00e9gico de internacionaliza\u00e7\u00e3o.<\/li>\n<li>Profissionaliza\u00e7\u00e3o do pessoal dos escrit\u00f3rios de rela\u00e7\u00f5es internacionais e dos outros atores da internacionaliza\u00e7\u00e3o.<\/li>\n<li>Apoio ao desenvolvimento de alian\u00e7as estrat\u00e9gicas com outras institui\u00e7\u00f5es de ensino superior no continente e \u00e0 incorpora\u00e7\u00e3o em comunidades de conhecimentos e pr\u00e1ticas que apoiem a viabilidade do plano de internacionaliza\u00e7\u00e3o da institui\u00e7\u00e3o e gerem novas iniciativas.<\/li>\n<li>Forma\u00e7\u00e3o de redes e alian\u00e7as regionais com outras institui\u00e7\u00f5es para a mobilidade e interc\u00e2mbios acad\u00eamicos.<\/li>\n<\/ul>\n<p>&nbsp;<\/p>\n<p><img loading=\"lazy\" decoding=\"async\" class=\"alignnone wp-image-16006 size-full\" src=\"https:\/\/oui-iohe.org\/wp-content\/uploads\/2024\/05\/etapas-15.png\" alt=\"\" width=\"823\" height=\"463\" srcset=\"https:\/\/oui-iohe.org\/wp-content\/uploads\/2024\/05\/etapas-15.png 823w, https:\/\/oui-iohe.org\/wp-content\/uploads\/2024\/05\/etapas-15-300x169.png 300w, https:\/\/oui-iohe.org\/wp-content\/uploads\/2024\/05\/etapas-15-768x432.png 768w\" sizes=\"auto, (max-width: 823px) 100vw, 823px\" \/>[\/vc_column_text][\/vc_column][\/vc_row][vc_row][vc_column][vc_custom_heading text=&#8221;Quais s\u00e3o as vantagens para a institui\u00e7\u00e3o?&#8221; use_theme_fonts=&#8221;yes&#8221;][vc_column_text]<\/p>\n<ul>\n<li>Acompanhamento nos processos de concep\u00e7\u00e3o, implementa\u00e7\u00e3o e avalia\u00e7\u00e3o.<\/li>\n<li>Consultoria personalizada concebida e aplicada \u00e0 realidade de sua institui\u00e7\u00e3o.<\/li>\n<li>Uma equipe de especialistas de alto n\u00edvel, conhecendo os contextos locais e nacionais, mas com uma perspectiva interamericana.<\/li>\n<li>Aplica\u00e7\u00e3o de uma metodologia comprovada baseada na experi\u00eancia pr\u00e1tica e na evid\u00eancia dos resultados.<\/li>\n<li>Economia de tempo e esfor\u00e7os para alcan\u00e7ar resultados efetivos na internacionaliza\u00e7\u00e3o.<\/li>\n<li>Desenvolvimento das capacidades institucionais para a implementa\u00e7\u00e3o das estrat\u00e9gias de internacionaliza\u00e7\u00e3o.<\/li>\n<li>Apoio para o desenvolvimento de alian\u00e7as estrat\u00e9gicas e comunidades de conhecimento.<\/li>\n<\/ul>\n<p>[\/vc_column_text][\/vc_column][\/vc_row][vc_row][vc_column][vc_custom_heading text=&#8221;Por que a OUI?&#8221; use_theme_fonts=&#8221;yes&#8221;][vc_column_text]<strong>Alcance interamericano:<\/strong> gra\u00e7as a uma presen\u00e7a em 28 pa\u00edses das Am\u00e9ricas e um modelo de coopera\u00e7\u00e3o horizontal que fortalece as parcerias e alian\u00e7as estrat\u00e9gicas entre as institui\u00e7\u00f5es de ensino superior da regi\u00e3o, sem perder de vista nossos parceiros estrat\u00e9gicos em outras partes do mundo.<\/p>\n<p><strong>Uma ampla rede de especialistas:<\/strong> A Organiza\u00e7\u00e3o re\u00fane especialistas de institui\u00e7\u00f5es de ensino superior das Am\u00e9ricas e de outros setores com os quais teceu alian\u00e7as.<\/p>\n<p><strong>Expertise em mat\u00e9ria de capacita\u00e7\u00e3o e apoio \u00e0s equipes institucionais:<\/strong> Desde 2008, temos promovido a profissionaliza\u00e7\u00e3o dos atores da internacionaliza\u00e7\u00e3o atrav\u00e9s do <strong>Diploma em Internacionaliza\u00e7\u00e3o do Ensino Superior &#8211; DIES<\/strong>, um programa inovador de atualiza\u00e7\u00e3o profissional que prioriza a integra\u00e7\u00e3o das \u00e1reas de pr\u00e1tica profissional, a vis\u00e3o comparativa e regional de quest\u00f5es relacionadas \u00e0 internacionaliza\u00e7\u00e3o do ensino superior, bem como o interc\u00e2mbio com pares em IES de diferentes partes do continente.<\/p>\n<p><strong>Um f\u00f3rum regional de internacionaliza\u00e7\u00e3o:<\/strong> Desde 2011, a OUI lidera a Secretaria executiva do <strong>Congresso das Am\u00e9ricas sobre Educa\u00e7\u00e3o Internacional &#8211; CAEI,<\/strong> um dos principais f\u00f3runs acad\u00eamicos regionais neste campo, que busca criar um espa\u00e7o comum para a discuss\u00e3o dos desafios atuais, novos paradigmas, melhores pr\u00e1ticas e tend\u00eancias futuras no ensino superior internacional.<\/p>\n<p><img loading=\"lazy\" decoding=\"async\" class=\"alignnone wp-image-13694 size-full\" src=\"https:\/\/oui-iohe.org\/wp-content\/uploads\/2023\/04\/etapas-16.png\" alt=\"\" width=\"823\" height=\"463\" srcset=\"https:\/\/oui-iohe.org\/wp-content\/uploads\/2023\/04\/etapas-16.png 823w, https:\/\/oui-iohe.org\/wp-content\/uploads\/2023\/04\/etapas-16-300x169.png 300w, https:\/\/oui-iohe.org\/wp-content\/uploads\/2023\/04\/etapas-16-768x432.png 768w\" sizes=\"auto, (max-width: 823px) 100vw, 823px\" \/>[\/vc_column_text][\/vc_column][\/vc_row][vc_row css=&#8221;.vc_custom_1671220289123{background-color: #f1f1f1 !important;}&#8221;][vc_column width=&#8221;1\/2&#8243;][vc_single_image image=&#8221;1248&#8243;][\/vc_column][vc_column width=&#8221;1\/2&#8243;][vc_custom_heading text=&#8221;Contato&#8221; use_theme_fonts=&#8221;yes&#8221;][vc_column_text]<a href=\"mailto:academia@oui-iohe.org\"><span style=\"font-weight: 400;\">academia@oui-iohe.org<\/span><\/a>[\/vc_column_text][\/vc_column][\/vc_row]<\/p>\n<\/div>","protected":false},"excerpt":{"rendered":"<p>[vc_row][vc_column][vc_custom_heading text=&#8221;Consultoria para o desenvolvimento de estrat\u00e9gias para a internacionaliza\u00e7\u00e3o do ensino superior&#8221; font_container=&#8221;tag:h1|text_align:left&#8221; use_theme_fonts=&#8221;yes&#8221;][\/vc_column][\/vc_row][vc_row full_width=&#8221;stretch_row&#8221; css=&#8221;.vc_custom_1671217598706{background-color: #f1f1f1 !important;}&#8221;][vc_column][vc_column_text]Internacionaliza\u00e7\u00e3o: um [&hellip;]<\/p>\n","protected":false},"author":4,"featured_media":0,"parent":0,"menu_order":0,"comment_status":"closed","ping_status":"closed","template":"","meta":{"_acf_changed":false,"_monsterinsights_skip_tracking":false,"_monsterinsights_sitenote_active":false,"_monsterinsights_sitenote_note":"","_monsterinsights_sitenote_category":0,"footnotes":""},"class_list":["post-13270","page","type-page","status-publish","hentry"],"acf":[],"aioseo_notices":[],"_links":{"self":[{"href":"https:\/\/oui-iohe.org\/pt-br\/wp-json\/wp\/v2\/pages\/13270","targetHints":{"allow":["GET"]}}],"collection":[{"href":"https:\/\/oui-iohe.org\/pt-br\/wp-json\/wp\/v2\/pages"}],"about":[{"href":"https:\/\/oui-iohe.org\/pt-br\/wp-json\/wp\/v2\/types\/page"}],"author":[{"embeddable":true,"href":"https:\/\/oui-iohe.org\/pt-br\/wp-json\/wp\/v2\/users\/4"}],"replies":[{"embeddable":true,"href":"https:\/\/oui-iohe.org\/pt-br\/wp-json\/wp\/v2\/comments?post=13270"}],"version-history":[{"count":6,"href":"https:\/\/oui-iohe.org\/pt-br\/wp-json\/wp\/v2\/pages\/13270\/revisions"}],"predecessor-version":[{"id":16010,"href":"https:\/\/oui-iohe.org\/pt-br\/wp-json\/wp\/v2\/pages\/13270\/revisions\/16010"}],"wp:attachment":[{"href":"https:\/\/oui-iohe.org\/pt-br\/wp-json\/wp\/v2\/media?parent=13270"}],"curies":[{"name":"wp","href":"https:\/\/api.w.org\/{rel}","templated":true}]}}