{"id":1462,"date":"2018-11-26T15:13:06","date_gmt":"2018-11-26T20:13:06","guid":{"rendered":"http:\/\/www.oui-iohe.org\/produits-services-academiques\/"},"modified":"2019-02-21T11:12:02","modified_gmt":"2019-02-21T16:12:02","slug":"servicos-academicos","status":"publish","type":"page","link":"https:\/\/oui-iohe.org\/pt-br\/servicos-academicos\/","title":{"rendered":"Servi\u00e7os acad\u00eamicos"},"content":{"rendered":"<div class=\"wpb-content-wrapper\"><p>[vc_row][vc_column][vc_custom_heading source=&#8221;post_title&#8221; font_container=&#8221;tag:h1|text_align:left&#8221; use_theme_fonts=&#8221;yes&#8221;][vc_empty_space height=&#8221;40px&#8221;][vc_column_text]Consciente da import\u00e2ncia de incentivar as institui\u00e7\u00f5es de ensino superior (IES) de todo o continente americano a participar de um espa\u00e7o comum de colabora\u00e7\u00e3o, a Organiza\u00e7\u00e3o Universit\u00e1ria Interamericana (OUI) se dotou de cinco programas respondendo aos cinco eixos de seu <a href=\"http:\/\/www.oui-iohe.org\/wp-content\/uploads\/2018\/11\/2-Plan-Estrategico-2017-2022_PO.pdf\" target=\"_blank\" rel=\"noopener\"><strong>Plano estrat\u00e9gico 2017-2022<\/strong><\/a>:[\/vc_column_text][\/vc_column][\/vc_row][vc_row][vc_column width=&#8221;1\/3&#8243;][vc_separator color=&#8221;iohe-orange&#8221; border_width=&#8221;6&#8243;][vc_custom_heading text=&#8221;Compromisso social&#8221; font_container=&#8221;tag:h4|text_align:center&#8221; use_theme_fonts=&#8221;yes&#8221;][\/vc_column][vc_column width=&#8221;1\/3&#8243;][vc_separator color=&#8221;iohe-orange&#8221; border_width=&#8221;6&#8243;][vc_custom_heading text=&#8221;Inova\u00e7\u00e3o&#8221; font_container=&#8221;tag:h4|text_align:center&#8221; use_theme_fonts=&#8221;yes&#8221;][\/vc_column][vc_column width=&#8221;1\/3&#8243;][vc_separator color=&#8221;iohe-orange&#8221; border_width=&#8221;6&#8243;][vc_custom_heading text=&#8221;Internacionaliza\u00e7\u00e3o&#8221; font_container=&#8221;tag:h4|text_align:center&#8221; use_theme_fonts=&#8221;yes&#8221;][\/vc_column][\/vc_row][vc_row css=&#8221;.vc_custom_1542742480541{padding-top: 0px !important;}&#8221;][vc_column width=&#8221;1\/6&#8243;][\/vc_column][vc_column width=&#8221;1\/3&#8243;][vc_separator color=&#8221;iohe-orange&#8221; border_width=&#8221;6&#8243;][vc_custom_heading text=&#8221;Desenvolvimento sustent\u00e1vel&#8221; font_container=&#8221;tag:h4|text_align:center&#8221; use_theme_fonts=&#8221;yes&#8221;][\/vc_column][vc_column width=&#8221;1\/3&#8243;][vc_separator color=&#8221;iohe-orange&#8221; border_width=&#8221;6&#8243;][vc_custom_heading text=&#8221;Gest\u00e3o organizacional e lideran\u00e7a&#8221; font_container=&#8221;tag:h4|text_align:center&#8221; use_theme_fonts=&#8221;yes&#8221;][\/vc_column][vc_column width=&#8221;1\/6&#8243;][\/vc_column][\/vc_row][vc_row][vc_column][vc_column_text]Gra\u00e7as a sua lideran\u00e7a, sua experi\u00eancia e suas atividades interamericanas e interculturais, a OUI prop\u00f5e ao conjunto de seus membros afiliados programas e atividades de forma\u00e7\u00e3o e uma ampla gama de expertos para implementar estrat\u00e9gias inovadoras de partilha das melhores pr\u00e1ticas e enfrentar os progressos e desafios setoriais e sobre o estado atual da internacionaliza\u00e7\u00e3o e suas perspectivas futuras.[\/vc_column_text][\/vc_column][\/vc_row][vc_row full_width=&#8221;stretch_row&#8221; css=&#8221;.vc_custom_1542742608052{padding-top: 25px !important;background-color: #f1f1f1 !important;}&#8221;][vc_column][vc_column_text]Participar dos programas da OUI, \u00e9 ter acesso a uma <strong>variedade de\u00a0servi\u00e7os e produtos acad\u00eamicos<\/strong> oferecidos por IGLU, COLAM, CAMPUS, EMULIES e EIESTEC:[\/vc_column_text][\/vc_column][\/vc_row][vc_row full_width=&#8221;stretch_row&#8221; css=&#8221;.vc_custom_1542741514740{background-color: #f1f1f1 !important;}&#8221;][vc_column width=&#8221;1\/3&#8243;][vc_separator color=&#8221;iohe-orange&#8221; border_width=&#8221;6&#8243;][vc_single_image image=&#8221;1228&#8243; img_size=&#8221;full&#8221; alignment=&#8221;center&#8221; css=&#8221;.vc_custom_1543263920205{margin-bottom: 15px !important;}&#8221;][vc_column_text el_class=&#8221;fw-medium&#8221; css=&#8221;.vc_custom_1550765700714{margin-bottom: 0px !important;}&#8221;]Participar da forma\u00e7\u00e3o de gestion\u00e1rios de projetos universit\u00e1rios no \u00e2mbito do programa do <strong>Instituto de Gest\u00e3o e Lideran\u00e7a Universit\u00e1rias (IGLU).<\/strong><\/p>\n<p><strong><a href=\"http:\/\/oui-iohe.org\/pt-br\/iglu\/\" target=\"_blank\" rel=\"noopener\">MAIS &gt;<\/a><\/strong>[\/vc_column_text][\/vc_column][vc_column width=&#8221;1\/3&#8243;][vc_separator color=&#8221;iohe-orange&#8221; border_width=&#8221;6&#8243;][vc_single_image image=&#8221;1216&#8243; img_size=&#8221;full&#8221; alignment=&#8221;center&#8221; css=&#8221;.vc_custom_1543263929622{margin-bottom: 15px !important;}&#8221;][vc_column_text el_class=&#8221;fw-medium&#8221; css=&#8221;.vc_custom_1550765707727{margin-bottom: 0px !important;}&#8221;]Integrar as redes interamericanas de forma\u00e7\u00e3o do <strong>Col\u00e9gio das Am\u00e9ricas (COLAM).<\/strong><\/p>\n<p><strong><a href=\"http:\/\/oui-iohe.org\/pt-br\/colam\/\" target=\"_blank\" rel=\"noopener\">MAIS &gt;<\/a><\/strong>[\/vc_column_text][\/vc_column][vc_column width=&#8221;1\/3&#8243;][vc_separator color=&#8221;iohe-orange&#8221; border_width=&#8221;6&#8243;][vc_single_image image=&#8221;1212&#8243; img_size=&#8221;full&#8221; alignment=&#8221;center&#8221; css=&#8221;.vc_custom_1543263941512{margin-bottom: 15px !important;}&#8221;][vc_column_text el_class=&#8221;fw-medium&#8221; css=&#8221;.vc_custom_1550765714127{margin-bottom: 0px !important;}&#8221;]Aceder, atrav\u00e9s o programa <strong>CAMPUS<\/strong>, a novas iniciativas promovendo a coopera\u00e7\u00e3o entre as universidades ao redor da responsabilidade social universit\u00e1ria, das problem\u00e1ticas de desenvolvimento sustent\u00e1vel e dos novos modelos de estudo nos n\u00edveis doutoral e virtual.<\/p>\n<p><strong><a href=\"http:\/\/oui-iohe.org\/pt-br\/campus\/\" target=\"_blank\" rel=\"noopener\">MAIS &gt;<\/a><\/strong>[\/vc_column_text][\/vc_column][\/vc_row][vc_row full_width=&#8221;stretch_row&#8221; css=&#8221;.vc_custom_1542742841986{background-color: #f1f1f1 !important;}&#8221;][vc_column width=&#8221;1\/6&#8243;][\/vc_column][vc_column width=&#8221;1\/3&#8243;][vc_separator color=&#8221;iohe-orange&#8221; border_width=&#8221;6&#8243;][vc_single_image image=&#8221;1224&#8243; img_size=&#8221;full&#8221; alignment=&#8221;center&#8221; css=&#8221;.vc_custom_1543263951126{margin-bottom: 15px !important;}&#8221;][vc_column_text el_class=&#8221;fw-medium&#8221; css=&#8221;.vc_custom_1550765721614{margin-bottom: 0px !important;}&#8221;]Participar de grupos de pesquisa e desenvolvimento sobre temas tais como a equidade dos g\u00eaneros, olugar das mulheres l\u00edderes, a governabilidade ou os direitos da pessoa dentro do programa <strong>Mulheres L\u00edderes de Institui\u00e7\u00f5es de Ensino Superior nas Am\u00e9ricas (EMULIES)<\/strong><\/p>\n<p><strong><a href=\"http:\/\/oui-iohe.org\/pt-br\/emulies\/\" target=\"_blank\" rel=\"noopener\">MAIS &gt;<\/a><\/strong>[\/vc_column_text][\/vc_column][vc_column width=&#8221;1\/3&#8243;][vc_separator color=&#8221;iohe-orange&#8221; border_width=&#8221;6&#8243;][vc_single_image image=&#8221;1919&#8243; alignment=&#8221;center&#8221; css=&#8221;.vc_custom_1544474201508{margin-bottom: 15px !important;}&#8221;][vc_column_text css=&#8221;.vc_custom_1550765727831{margin-bottom: 0px !important;}&#8221; el_class=&#8221;fw-medium&#8221;]Tomar parte em numerosas iniciativas ligadas \u00e0 coopera\u00e7\u00e3o no campo da inova\u00e7\u00e3o, ci\u00eancia e tecnologia nas IES t\u00e9cnicas e tecnol\u00f3gicas, e gra\u00e7as ao <strong>Espa\u00e7o Interamericano de Ensino Superior T\u00e9cnico e Tecnol\u00f3gico (EIESTEC)<\/strong>.<\/p>\n<p><strong><a href=\"http:\/\/oui-iohe.org\/pt-br\/eiestec\/\" target=\"_blank\" rel=\"noopener\">MAIS &gt;<\/a><\/strong>[\/vc_column_text][\/vc_column][vc_column width=&#8221;1\/6&#8243;][\/vc_column][\/vc_row][vc_row full_width=&#8221;stretch_row&#8221; css=&#8221;.vc_custom_1542742892016{margin-bottom: -40px !important;padding-top: 25px !important;background-color: #f1f1f1 !important;}&#8221;][vc_column][vc_btn title=&#8221;Descobrir nossos cursos&#8221; style=&#8221;flat&#8221; shape=&#8221;square&#8221; color=&#8221;iohe-orange&#8221; align=&#8221;center&#8221; link=&#8221;url:https%3A%2F%2Faula.ouivirtual.org%2F%20%20||target:%20_blank|&#8221;][\/vc_column][\/vc_row]<\/p>\n<\/div>","protected":false},"excerpt":{"rendered":"<p>[vc_row][vc_column][vc_custom_heading source=&#8221;post_title&#8221; font_container=&#8221;tag:h1|text_align:left&#8221; use_theme_fonts=&#8221;yes&#8221;][vc_empty_space height=&#8221;40px&#8221;][vc_column_text]Consciente da import\u00e2ncia de incentivar as institui\u00e7\u00f5es de ensino superior (IES) de todo o continente americano [&hellip;]<\/p>\n","protected":false},"author":4,"featured_media":1210,"parent":0,"menu_order":0,"comment_status":"closed","ping_status":"closed","template":"","meta":{"_acf_changed":false,"_monsterinsights_skip_tracking":false,"_monsterinsights_sitenote_active":false,"_monsterinsights_sitenote_note":"","_monsterinsights_sitenote_category":0,"footnotes":""},"class_list":["post-1462","page","type-page","status-publish","has-post-thumbnail","hentry"],"acf":[],"aioseo_notices":[],"_links":{"self":[{"href":"https:\/\/oui-iohe.org\/pt-br\/wp-json\/wp\/v2\/pages\/1462","targetHints":{"allow":["GET"]}}],"collection":[{"href":"https:\/\/oui-iohe.org\/pt-br\/wp-json\/wp\/v2\/pages"}],"about":[{"href":"https:\/\/oui-iohe.org\/pt-br\/wp-json\/wp\/v2\/types\/page"}],"author":[{"embeddable":true,"href":"https:\/\/oui-iohe.org\/pt-br\/wp-json\/wp\/v2\/users\/4"}],"replies":[{"embeddable":true,"href":"https:\/\/oui-iohe.org\/pt-br\/wp-json\/wp\/v2\/comments?post=1462"}],"version-history":[{"count":12,"href":"https:\/\/oui-iohe.org\/pt-br\/wp-json\/wp\/v2\/pages\/1462\/revisions"}],"predecessor-version":[{"id":3234,"href":"https:\/\/oui-iohe.org\/pt-br\/wp-json\/wp\/v2\/pages\/1462\/revisions\/3234"}],"wp:featuredmedia":[{"embeddable":true,"href":"https:\/\/oui-iohe.org\/pt-br\/wp-json\/wp\/v2\/media\/1210"}],"wp:attachment":[{"href":"https:\/\/oui-iohe.org\/pt-br\/wp-json\/wp\/v2\/media?parent=1462"}],"curies":[{"name":"wp","href":"https:\/\/api.w.org\/{rel}","templated":true}]}}