{"id":1512,"date":"2018-11-26T15:20:49","date_gmt":"2018-11-26T20:20:49","guid":{"rendered":"http:\/\/www.oui-iohe.org\/iglu\/"},"modified":"2021-11-25T17:06:33","modified_gmt":"2021-11-25T22:06:33","slug":"iglu","status":"publish","type":"page","link":"https:\/\/oui-iohe.org\/pt-br\/iglu\/","title":{"rendered":"IGLU"},"content":{"rendered":"<div class=\"wpb-content-wrapper\"><p>[vc_row][vc_column][vc_custom_heading source=&#8221;post_title&#8221; font_container=&#8221;tag:h1|text_align:left&#8221; use_theme_fonts=&#8221;yes&#8221;][\/vc_column][\/vc_row][vc_row][vc_column width=&#8221;1\/3&#8243;][vc_single_image image=&#8221;3235&#8243; img_size=&#8221;large&#8221; alignment=&#8221;center&#8221;][\/vc_column][vc_column width=&#8221;2\/3&#8243;][vc_custom_heading text=&#8221;Hist\u00f3ria&#8221; use_theme_fonts=&#8221;yes&#8221;][vc_column_text]O <strong>Instituto de Gest\u00e3o e Lideran\u00e7a Universit\u00e1rias (IGLU) <\/strong><span class=\"Y2IQFc\" lang=\"pt\">\u00e9 um programa da<\/span> Organiza\u00e7\u00e3o Universit\u00e1ria Interamericana (OUI); fundado em 1983 e tem formando centenas de diretores nas Am\u00e9ricas, trav\u00e9s da implementa\u00e7\u00e3o de um portf\u00f3lio de produtos e servi\u00e7os, respondemos \u00e0s necessidades de nossos membros, participando diretamente do treinamento, atualiza\u00e7\u00e3o, melhoria e consolida\u00e7\u00e3o de suas equipes de gest\u00e3o.<\/p>\n<pre id=\"tw-target-text\" class=\"tw-data-text tw-text-large tw-ta\" dir=\"ltr\" data-placeholder=\"Translation\"><\/pre>\n<p>[\/vc_column_text][\/vc_column][\/vc_row][vc_row full_width=&#8221;stretch_row&#8221; css=&#8221;.vc_custom_1542744654565{padding-top: 20px !important;background-color: #f1f1f1 !important;}&#8221;][vc_column][vc_column_text]<\/p>\n<p id=\"tw-target-text\" class=\"tw-data-text tw-text-large tw-ta\" dir=\"ltr\" data-placeholder=\"Translation\"><span class=\"Y2IQFc\" lang=\"pt\">Atualmente, a OUI continua a apoiar as institui\u00e7\u00f5es associadas nos processos de forma\u00e7\u00e3o, aperfei\u00e7oamento e consolida\u00e7\u00e3o das suas equipas humanas dedicadas \u00e0 gest\u00e3o acad\u00e9mica, estrat\u00e9gica e administrativa atrav\u00e9s das seguintes iniciativas:<\/span><\/p>\n<p>[\/vc_column_text][\/vc_column][\/vc_row][vc_row full_width=&#8221;stretch_row&#8221; css=&#8221;.vc_custom_1542744817691{margin-top: -20px !important;background-color: #f1f1f1 !important;}&#8221;][vc_column width=&#8221;1\/2&#8243;][vc_separator color=&#8221;iohe-orange&#8221; border_width=&#8221;6&#8243;][vc_custom_heading text=&#8221;Curso IGLU&#8221; font_container=&#8221;tag:h4|text_align:left&#8221; use_theme_fonts=&#8221;yes&#8221; css=&#8221;.vc_custom_1543435986030{margin-bottom: 20px !important;}&#8221;][vc_column_text el_class=&#8221;fw-medium&#8221;]Curso de forma\u00e7\u00e3o cont\u00ednua dirigido a diretores de universidades, com componentes presencial e virtual (<em>blended-learning<\/em>), por meio de espa\u00e7os de discuss\u00e3o para troca de experi\u00eancias, com foco na melhoria das habilidades gerenciais, e baseado na an\u00e1lise de casos reais para intervir nas quest\u00f5es atuais das institui\u00e7\u00f5es de ensino superior atrav\u00e9s de projetos inovadores.[\/vc_column_text][\/vc_column][vc_column width=&#8221;1\/2&#8243;][vc_separator color=&#8221;iohe-orange&#8221; border_width=&#8221;6&#8243;][vc_custom_heading text=&#8221;Especializa\u00e7\u00f5es Curso IGLU&#8221; font_container=&#8221;tag:h4|text_align:left&#8221; use_theme_fonts=&#8221;yes&#8221; css=&#8221;.vc_custom_1543436005598{margin-bottom: 20px !important;}&#8221;][vc_column_text el_class=&#8221;fw-medium&#8221;]Experi\u00eancias de capacita\u00e7\u00e3o presencial e\/ou virtual, voltadas para atividades espec\u00edficas da alta dire\u00e7\u00e3o, com a gest\u00e3o de temas particulares que permitam fortalecer ou aprofundar as compet\u00eancias em temas espec\u00edficos das diferentes \u00e1reas de atua\u00e7\u00e3o da IES.[\/vc_column_text][\/vc_column][\/vc_row][vc_row full_width=&#8221;stretch_row&#8221; css=&#8221;.vc_custom_1542744897386{background-color: #f1f1f1 !important;}&#8221;][vc_column width=&#8221;1\/2&#8243;][vc_separator color=&#8221;iohe-orange&#8221; border_width=&#8221;6&#8243;][vc_custom_heading text=&#8221;Semin\u00e1rios IGLU Alta Dire\u00e7\u00e3o&#8221; font_container=&#8221;tag:h4|text_align:left&#8221; use_theme_fonts=&#8221;yes&#8221; css=&#8221;.vc_custom_1543436023568{margin-bottom: 20px !important;}&#8221;][vc_column_text el_class=&#8221;fw-medium&#8221;]Programa de treinamento de curta dura\u00e7\u00e3o (em formato presencial) para gestores de n\u00edvel superior que buscam adquirir conhecimentos espec\u00edficos e precisos para o exerc\u00edcio de suas fun\u00e7\u00f5es e, assim, fortalecer os processos decis\u00f3rios.[\/vc_column_text][\/vc_column][vc_column width=&#8221;1\/2&#8243;][vc_separator color=&#8221;iohe-orange&#8221; border_width=&#8221;6&#8243;][vc_custom_heading text=&#8221;S\u00e9min\u00e1rios micro-tem\u00e1ticos e workshops especializados&#8221; font_container=&#8221;tag:h4|text_align:left&#8221; use_theme_fonts=&#8221;yes&#8221; css=&#8221;.vc_custom_1543436040270{margin-bottom: 20px !important;}&#8221;][vc_column_text el_class=&#8221;fw-medium&#8221;]A\u00e7\u00f5es de curta dura\u00e7\u00e3o e\/ou acompanhamento, oferecidas a uma institui\u00e7\u00e3o ou grupo de institui\u00e7\u00f5es, aproveitando a Rede de Peritos do IGLU, para responder a necessidades espec\u00edficas vinculadas aos momentos e processos vivenciados pelas institui\u00e7\u00f5es participantes.[\/vc_column_text][\/vc_column][\/vc_row][vc_row full_width=&#8221;stretch_row&#8221; css=&#8221;.vc_custom_1542745033202{padding-bottom: 35px !important;background-color: #f1f1f1 !important;}&#8221;][vc_column width=&#8221;1\/2&#8243;][vc_separator color=&#8221;iohe-orange&#8221; border_width=&#8221;6&#8243;][vc_custom_heading text=&#8221;Est\u00e1gios IGLU&#8221; font_container=&#8221;tag:h4|text_align:left&#8221; use_theme_fonts=&#8221;yes&#8221; css=&#8221;.vc_custom_1543436063269{margin-bottom: 20px !important;}&#8221;][vc_column_text el_class=&#8221;fw-medium&#8221;]Experi\u00eancias de mobilidade gerencial de curto prazo, projetadas especificamente para um gerente ou um grupo de gerentes de institui\u00e7\u00f5es membros da OUI, que permitem aproveitar a riqueza de experi\u00eancias bem-sucedidas de outras IES para melhorar sua fun\u00e7\u00e3o diretiva.[\/vc_column_text][\/vc_column][vc_column width=&#8221;1\/2&#8243;][vc_separator color=&#8221;iohe-orange&#8221; border_width=&#8221;6&#8243;][vc_custom_heading text=&#8221;Publica\u00e7\u00f5es&#8221; font_container=&#8221;tag:h4|text_align:left&#8221; use_theme_fonts=&#8221;yes&#8221; css=&#8221;.vc_custom_1543436083278{margin-bottom: 20px !important;}&#8221;][vc_column_text el_class=&#8221;fw-medium&#8221;]Compila\u00e7\u00f5es de melhores pr\u00e1ticas, casos finalizados com sucesso e projetos inovadores das IES membros da OUI para divulga\u00e7\u00e3o e an\u00e1lise.[\/vc_column_text][\/vc_column][\/vc_row][vc_row][vc_column][vc_btn title=&#8221;Veja nossa oferta de treinamento&#8221; style=&#8221;flat&#8221; shape=&#8221;square&#8221; color=&#8221;iohe-orange&#8221; size=&#8221;lg&#8221; align=&#8221;center&#8221; link=&#8221;url:https%3A%2F%2Foui-iohe.org%2Fpt-br%2Foferta-formativa%2F||target:%20_blank|&#8221;][\/vc_column][\/vc_row]<\/p>\n<\/div>","protected":false},"excerpt":{"rendered":"<p>[vc_row][vc_column][vc_custom_heading source=&#8221;post_title&#8221; font_container=&#8221;tag:h1|text_align:left&#8221; use_theme_fonts=&#8221;yes&#8221;][\/vc_column][\/vc_row][vc_row][vc_column width=&#8221;1\/3&#8243;][vc_single_image image=&#8221;3235&#8243; img_size=&#8221;large&#8221; alignment=&#8221;center&#8221;][\/vc_column][vc_column width=&#8221;2\/3&#8243;][vc_custom_heading text=&#8221;Hist\u00f3ria&#8221; use_theme_fonts=&#8221;yes&#8221;][vc_column_text]O Instituto de Gest\u00e3o e Lideran\u00e7a Universit\u00e1rias (IGLU) \u00e9 um [&hellip;]<\/p>\n","protected":false},"author":4,"featured_media":1253,"parent":0,"menu_order":0,"comment_status":"closed","ping_status":"closed","template":"","meta":{"_acf_changed":false,"_monsterinsights_skip_tracking":false,"_monsterinsights_sitenote_active":false,"_monsterinsights_sitenote_note":"","_monsterinsights_sitenote_category":0,"footnotes":""},"class_list":["post-1512","page","type-page","status-publish","has-post-thumbnail","hentry"],"acf":[],"aioseo_notices":[],"_links":{"self":[{"href":"https:\/\/oui-iohe.org\/pt-br\/wp-json\/wp\/v2\/pages\/1512","targetHints":{"allow":["GET"]}}],"collection":[{"href":"https:\/\/oui-iohe.org\/pt-br\/wp-json\/wp\/v2\/pages"}],"about":[{"href":"https:\/\/oui-iohe.org\/pt-br\/wp-json\/wp\/v2\/types\/page"}],"author":[{"embeddable":true,"href":"https:\/\/oui-iohe.org\/pt-br\/wp-json\/wp\/v2\/users\/4"}],"replies":[{"embeddable":true,"href":"https:\/\/oui-iohe.org\/pt-br\/wp-json\/wp\/v2\/comments?post=1512"}],"version-history":[{"count":10,"href":"https:\/\/oui-iohe.org\/pt-br\/wp-json\/wp\/v2\/pages\/1512\/revisions"}],"predecessor-version":[{"id":10395,"href":"https:\/\/oui-iohe.org\/pt-br\/wp-json\/wp\/v2\/pages\/1512\/revisions\/10395"}],"wp:featuredmedia":[{"embeddable":true,"href":"https:\/\/oui-iohe.org\/pt-br\/wp-json\/wp\/v2\/media\/1253"}],"wp:attachment":[{"href":"https:\/\/oui-iohe.org\/pt-br\/wp-json\/wp\/v2\/media?parent=1512"}],"curies":[{"name":"wp","href":"https:\/\/api.w.org\/{rel}","templated":true}]}}