{"id":1569,"date":"2018-11-29T12:28:34","date_gmt":"2018-11-29T17:28:34","guid":{"rendered":"http:\/\/www.oui-iohe.org\/colam\/"},"modified":"2021-11-25T18:27:29","modified_gmt":"2021-11-25T23:27:29","slug":"colam","status":"publish","type":"page","link":"https:\/\/oui-iohe.org\/pt-br\/colam\/","title":{"rendered":"COLAM"},"content":{"rendered":"<div class=\"wpb-content-wrapper\"><p>[vc_row][vc_column][vc_custom_heading source=&#8221;post_title&#8221; font_container=&#8221;tag:h1|text_align:left&#8221; use_theme_fonts=&#8221;yes&#8221;][\/vc_column][\/vc_row][vc_row][vc_column width=&#8221;1\/3&#8243;][vc_single_image image=&#8221;1216&#8243; img_size=&#8221;large&#8221; alignment=&#8221;center&#8221; onclick=&#8221;custom_link&#8221; img_link_target=&#8221;_blank&#8221; link=&#8221;http:\/\/colam.oui-iohe.org\/es\/&#8221;][\/vc_column][vc_column width=&#8221;2\/3&#8243;][vc_custom_heading text=&#8221;Hist\u00f3ria&#8221; use_theme_fonts=&#8221;yes&#8221;][vc_column_text]O <strong>Col\u00e9gio das Am\u00e9ricas<\/strong> (COLAM) \u00e9 um dos cinco programas da OUI, consolidado em 1998 como um espa\u00e7o de coopera\u00e7\u00e3o interuniversit\u00e1ria nas Am\u00e9ricas, gra\u00e7as \u00e0 implementa\u00e7\u00e3o das redes interamericanas de forma\u00e7\u00e3o e pesquisa que este programa fomenta a fim de responder \u00e0s necessidades das Institui\u00e7\u00f5es de Ensino Superior (IES) e das sociedades nacionais atrav\u00e9s de atividades de car\u00e1ter interamericano, interdisciplinar e intercultural.[\/vc_column_text][\/vc_column][\/vc_row][vc_row full_width=&#8221;stretch_row&#8221; css=&#8221;.vc_custom_1542744654565{padding-top: 20px !important;background-color: #f1f1f1 !important;}&#8221;][vc_column][vc_column_text]Actualmente, a OUI continua a promover a forma\u00e7\u00e3o de redes acad\u00eamicas, em apoio \u00e0 forma\u00e7\u00e3o e pesquisa sobre tem\u00e1ticas priorit\u00e1rias das Institui\u00e7\u00f5es de Ensino Superior, e que s\u00e3o demandadas pela sociedade, com uma perspectiva interdisciplinar, intercultural e inovadora, atrav\u00e9s das seguintes iniciativas:[\/vc_column_text][\/vc_column][\/vc_row][vc_row full_width=&#8221;stretch_row&#8221; css=&#8221;.vc_custom_1542744817691{margin-top: -20px !important;background-color: #f1f1f1 !important;}&#8221;][vc_column width=&#8221;1\/2&#8243;][vc_separator color=&#8221;iohe-orange&#8221; border_width=&#8221;6&#8243;][vc_custom_heading text=&#8221;DIES&#8221; font_container=&#8221;tag:h4|text_align:left&#8221; use_theme_fonts=&#8221;yes&#8221; css=&#8221;.vc_custom_1543512853494{margin-bottom: 20px !important;}&#8221;][vc_column_text el_class=&#8221;fw-medium&#8221;]O programa <strong>Diplomado em Internacionaliza\u00e7\u00e3o do Ensino Superior (DIES) <\/strong>desenvolve capacidades para a lideran\u00e7a, a ger\u00eancia e a gest\u00e3o estrat\u00e9gica da internacionaliza\u00e7\u00e3o das Institui\u00e7\u00f5es de Ensino Superior. O DIES est\u00e1 constitu\u00eddo por tr\u00eas m\u00f3dulos de forma\u00e7\u00e3o com uma carga hor\u00e1ria de 60 horas distribu\u00eddas em 10 semanas cada um:<\/p>\n<ul>\n<li>M\u00f3dulo \u201cPlanejamento e gest\u00e3o da internacionaliza\u00e7\u00e3o\u201d<\/li>\n<li>M\u00f3dulo \u201cEstrat\u00e9gias de mobilidade acad\u00eamica\u201d<\/li>\n<li>M\u00f3dulo \u201cInternacionaliza\u00e7\u00e3o do curr\u00edculo: um enfoque compreensivo\u201d<\/li>\n<\/ul>\n<p>O DIES \u00e9 um programa \u00fanico no seu g\u00eanero j\u00e1 que combina uma perspectiva <strong>interamericana<\/strong> em rela\u00e7\u00e3o com os temas e desafios da internacionaliza\u00e7\u00e3o do ensino superior, uma abordagem <strong>interdisciplinar<\/strong> em seus conte\u00fados e itiner\u00e1rio formativo e uma experi\u00eancia <strong>intercultural<\/strong> para os participantes, tudo isso em um ambiente de aprendizagem virtual que permite articular os requerimentos do programa com as outras atividades profissionais e pessoais do participante, oferecendo-lhe uma grande possibilidade de contatos e rela\u00e7\u00f5es com seus pares da internacionaliza\u00e7\u00e3o nas Am\u00e9ricas.[\/vc_column_text][\/vc_column][vc_column width=&#8221;1\/2&#8243;][vc_separator color=&#8221;iohe-orange&#8221; border_width=&#8221;6&#8243;][vc_custom_heading text=&#8221;PIFGAI&#8221; font_container=&#8221;tag:h4|text_align:left&#8221; use_theme_fonts=&#8221;yes&#8221; css=&#8221;.vc_custom_1543512913605{margin-bottom: 20px !important;}&#8221;][vc_column_text el_class=&#8221;fw-medium&#8221;]O <strong>Programa Interamericano de Forma\u00e7\u00e3o em Gest\u00e3o de Ambientes de Inova\u00e7\u00e3o<\/strong> (PIFGAI) tem como prop\u00f3sito facilitar a apropria\u00e7\u00e3o e o desenvolvimento de capacidades para a lideran\u00e7a, a ger\u00eancia e a gest\u00e3o estrat\u00e9gica de ambientes ou ecossistemas de inova\u00e7\u00e3o.<\/p>\n<p>O programa \u00e9 desenhado com um enfoque pedag\u00f3gico orientado para a constru\u00e7\u00e3o de solu\u00e7\u00f5es, o estudo de casos, a reflex\u00e3o sobre a pr\u00e1tica profissional em Ci\u00eancia, Tecnologia e Inova\u00e7\u00e3o (CT&amp;I) e a vis\u00e3o estrat\u00e9gica de \u00e1reas espec\u00edficas que tenham como objetivo a promo\u00e7\u00e3o e gest\u00e3o de ambientes de inova\u00e7\u00e3o nas diferentes modalidades em que estes possam apresentar-se (Parques cient\u00edfico-tecnol\u00f3gicos, N\u00facleos de Inova\u00e7\u00e3o, Bairros de Inova\u00e7\u00e3o, Incubadoras, Aceleradoras, etc.).<\/p>\n<p>O programa tem uma dura\u00e7\u00e3o total de 130 horas, articulado em torno de tr\u00eas fases de forma\u00e7\u00e3o:<\/p>\n<ul>\n<li>Fase virtual: M\u00f3dulos de forma\u00e7\u00e3o <em>on line<\/em> (76 horas)<\/li>\n<li>Projeto de interven\u00e7\u00e3o: assessoria personalizada para o desenho de um modelo b\u00e1sico de um ambiente ou habitat de inova\u00e7\u00e3o (24 horas)<\/li>\n<li>Est\u00e1gio: Visita a um reconhecido ecossistema de inova\u00e7\u00e3o nas Am\u00e9ricas (30 horas)<\/li>\n<\/ul>\n<p>[\/vc_column_text][\/vc_column][\/vc_row][vc_row full_width=&#8221;stretch_row&#8221; css=&#8221;.vc_custom_1542744897386{background-color: #f1f1f1 !important;}&#8221;][vc_column width=&#8221;1\/6&#8243;][\/vc_column][vc_column width=&#8221;2\/3&#8243;][vc_separator color=&#8221;iohe-orange&#8221; border_width=&#8221;6&#8243;][vc_custom_heading text=&#8221;Compet\u00eancias e TIC&#8221; font_container=&#8221;tag:h4|text_align:left&#8221; use_theme_fonts=&#8221;yes&#8221; css=&#8221;.vc_custom_1543522171475{margin-bottom: 20px !important;}&#8221;][vc_column_text el_class=&#8221;fw-medium&#8221;]O Diplomado em <strong>Conhecimentos e Ferramentas para a Implementa\u00e7\u00e3o do Enfoque de Compet\u00eancias Apoiado pelas Tecnologias de Informa\u00e7\u00e3o e Comunica\u00e7\u00e3o<\/strong> tem como prop\u00f3sito desenvolver compet\u00eancias para o desenhos de ambientes de aprendizagens que, potenciados com o uso de tecnologias de informa\u00e7\u00e3o e comunica\u00e7\u00e3o, promovam o desenvolvimento de compet\u00eancias por parte de seus estudantes.<\/p>\n<p>O programa tem uma dura\u00e7\u00e3o de 170 horas letivas, articuladas em torno de tr\u00eas m\u00f3dulos de forma\u00e7\u00e3o:<\/p>\n<ul>\n<li>Desenvolvimento de uma proposta formativa baseada em compet\u00eancias para otimizar sucessos de aprendizagens (60 horas)<\/li>\n<li>Gera\u00e7\u00e3o de ambientes de aprendizagem apoiada em TICS para desenvolver compet\u00eancias (60 horas)<\/li>\n<li>Como avaliar o desenvolvimento de compet\u00eancias em ambientes de aprendizagens apoiados por TICs (50 horas)<\/li>\n<\/ul>\n<p>[\/vc_column_text][\/vc_column][vc_column width=&#8221;1\/6&#8243;][\/vc_column][\/vc_row][vc_row][vc_column][vc_btn title=&#8221;Veja nossa oferta de treinamento&#8221; style=&#8221;flat&#8221; shape=&#8221;square&#8221; color=&#8221;iohe-orange&#8221; size=&#8221;lg&#8221; align=&#8221;center&#8221; link=&#8221;url:https%3A%2F%2Foui-iohe.org%2Fpt-br%2Foferta-formativa%2F||target:%20_blank|&#8221;][\/vc_column][\/vc_row]<\/p>\n<\/div>","protected":false},"excerpt":{"rendered":"<p>[vc_row][vc_column][vc_custom_heading source=&#8221;post_title&#8221; font_container=&#8221;tag:h1|text_align:left&#8221; use_theme_fonts=&#8221;yes&#8221;][\/vc_column][\/vc_row][vc_row][vc_column width=&#8221;1\/3&#8243;][vc_single_image image=&#8221;1216&#8243; img_size=&#8221;large&#8221; alignment=&#8221;center&#8221; onclick=&#8221;custom_link&#8221; img_link_target=&#8221;_blank&#8221; link=&#8221;http:\/\/colam.oui-iohe.org\/es\/&#8221;][\/vc_column][vc_column width=&#8221;2\/3&#8243;][vc_custom_heading text=&#8221;Hist\u00f3ria&#8221; use_theme_fonts=&#8221;yes&#8221;][vc_column_text]O Col\u00e9gio das Am\u00e9ricas (COLAM) \u00e9 um [&hellip;]<\/p>\n","protected":false},"author":4,"featured_media":1557,"parent":0,"menu_order":0,"comment_status":"closed","ping_status":"closed","template":"","meta":{"_acf_changed":false,"_monsterinsights_skip_tracking":false,"_monsterinsights_sitenote_active":false,"_monsterinsights_sitenote_note":"","_monsterinsights_sitenote_category":0,"footnotes":""},"class_list":["post-1569","page","type-page","status-publish","has-post-thumbnail","hentry"],"acf":[],"aioseo_notices":[],"_links":{"self":[{"href":"https:\/\/oui-iohe.org\/pt-br\/wp-json\/wp\/v2\/pages\/1569","targetHints":{"allow":["GET"]}}],"collection":[{"href":"https:\/\/oui-iohe.org\/pt-br\/wp-json\/wp\/v2\/pages"}],"about":[{"href":"https:\/\/oui-iohe.org\/pt-br\/wp-json\/wp\/v2\/types\/page"}],"author":[{"embeddable":true,"href":"https:\/\/oui-iohe.org\/pt-br\/wp-json\/wp\/v2\/users\/4"}],"replies":[{"embeddable":true,"href":"https:\/\/oui-iohe.org\/pt-br\/wp-json\/wp\/v2\/comments?post=1569"}],"version-history":[{"count":14,"href":"https:\/\/oui-iohe.org\/pt-br\/wp-json\/wp\/v2\/pages\/1569\/revisions"}],"predecessor-version":[{"id":10399,"href":"https:\/\/oui-iohe.org\/pt-br\/wp-json\/wp\/v2\/pages\/1569\/revisions\/10399"}],"wp:featuredmedia":[{"embeddable":true,"href":"https:\/\/oui-iohe.org\/pt-br\/wp-json\/wp\/v2\/media\/1557"}],"wp:attachment":[{"href":"https:\/\/oui-iohe.org\/pt-br\/wp-json\/wp\/v2\/media?parent=1569"}],"curies":[{"name":"wp","href":"https:\/\/api.w.org\/{rel}","templated":true}]}}