{"id":15781,"date":"2022-04-22T16:14:23","date_gmt":"2022-04-22T20:14:23","guid":{"rendered":"https:\/\/oui-iohe.org\/premio-mein\/"},"modified":"2026-03-16T13:54:16","modified_gmt":"2026-03-16T17:54:16","slug":"premio-mein","status":"publish","type":"page","link":"https:\/\/oui-iohe.org\/pt-br\/premio-mein\/","title":{"rendered":"Pr\u00eamio MEIN 2026"},"content":{"rendered":"<div class=\"wpb-content-wrapper\"><p>[vc_row][vc_column][vc_custom_heading text=&#8221;Pr\u00eamio MEIN \u2013 6\u00aa edici\u00f3n&#8221; use_theme_fonts=&#8221;yes&#8221; css=&#8221;&#8221;][\/vc_column][\/vc_row][vc_row][vc_column][vc_column_text css=&#8221;&#8221;]<\/p>\n<h3><strong>Pr\u00eamio Interamericano para Modelos Educacionais Inovadores no Ensino Superior <\/strong><\/h3>\n<p><strong>Modalidade Virtual, <b>5 a 7 de outubro de 2026<\/b><\/strong>[\/vc_column_text][\/vc_column][\/vc_row][vc_row][vc_column][vc_column_text css=&#8221;&#8221;]<span style=\"font-weight: 400;\">A Organiza\u00e7\u00e3o Universit\u00e1ria Interamericana (OUI) e a Universidade Aberta Para Adultos (UAPA) convocam a sexta edi\u00e7\u00e3o do <\/span><b>Pr\u00eamio Interamericano sobre Modelos Educacionais Inovadores no Ensino Superior (Pr\u00eamio MEIN-2026)<\/b><span style=\"font-weight: 400;\"> por meio da apresenta\u00e7\u00e3o de estudos de caso que documentem pr\u00e1ticas inovadoras em Institui\u00e7\u00f5es de Ensino Superior (IES).<\/span><\/p>\n<p><span style=\"font-weight: 400;\">A 6\u00aa edi\u00e7\u00e3o do Pr\u00eamio MEIN ser\u00e1 realizada em modalidade virtual, entre <\/span><b>5 e 7 de outubro de 2026<\/b><span style=\"font-weight: 400;\">, sob o tema <\/span><b>\u201cAnal\u00edtica de dados aplicada \u00e0 tomada de decis\u00f5es no ensino superior\u201d<\/b><span style=\"font-weight: 400;\">.<\/span>[\/vc_column_text][\/vc_column][\/vc_row][vc_row][vc_column][vc_tta_accordion style=&#8221;flat&#8221; shape=&#8221;square&#8221; color=&#8221;iohe-orange&#8221; gap=&#8221;35&#8243; c_icon=&#8221;chevron&#8221; c_position=&#8221;right&#8221; active_section=&#8221;9999&#8243; no_fill=&#8221;true&#8221; collapsible_all=&#8221;true&#8221;][vc_tta_section title=&#8221;1. CLAUSULAS DO CONCURSO&#8221; tab_id=&#8221;1726606450152-a227919d-df58&#8243;][vc_column_text css=&#8221;&#8221;]1.1 <span class=\"_aupe copyable-text xkrh14z\">O concurso est\u00e1 aberto a todas as Institui\u00e7\u00f5es de Ensino Superior (IES) que sejam membros ativos da Organiza\u00e7\u00e3o Universit\u00e1ria Interamericana (OUI)<\/span> \u00a0*, <span style=\"font-weight: 400;\">e que estejam em dia com suas obriga\u00e7\u00f5es estatut\u00e1rias.<\/span><\/p>\n<p><span style=\"font-weight: 400;\">1.2 A chamada ser\u00e1 realizada em duas etapas: a submiss\u00e3o de resumos (Etapa 1), ap\u00f3s a qual ser\u00e1 selecionada uma lista preliminar (shortlist) de experi\u00eancias ou estudos de caso. Os autores selecionados ser\u00e3o convidados a submeter o trabalho completo e a apresent\u00e1-lo ao j\u00fari internacional (Etapa 2).<\/span><\/p>\n<p><span style=\"font-weight: 400;\">1.3 Os resumos e artigos completos podem ser enviados em qualquer um dos quatro idiomas oficiais da OUI: ingl\u00eas, portugu\u00eas, espanhol ou franc\u00eas.<\/span><\/p>\n<p><span style=\"font-weight: 400;\">1.4 O j\u00fari premiar\u00e1 as tr\u00eas melhores propostas<\/span><span style=\"font-weight: 400;\">.\u00a0<\/span><\/p>\n<p><span style=\"font-weight: 400;\">1.5 Ser\u00e1 produzida uma publica\u00e7\u00e3o eletr\u00f4nica contendo todos os trabalhos completos submetidos.<\/span><\/p>\n<p><span style=\"font-weight: 400;\">1.6 A participa\u00e7\u00e3o no 6\u00ba Pr\u00eamio MEIN \u00e9 gratuita para as IES participantes.<\/span><\/p>\n<p>&#8212; &#8212;<\/p>\n<p>*Para saber se a sua IES \u00e9 membro da OUI, pode consultar:<br \/>\nhttps:\/\/oui-iohe.org\/pt-br\/membros-oui\/[\/vc_column_text][\/vc_tta_section][vc_tta_section title=&#8221;2. T\u00d3PICOS&#8221; tab_id=&#8221;1726606450188-5874e5e2-a7d9&#8243;][vc_column_text css=&#8221;&#8221;]<span style=\"font-weight: 400;\">As experi\u00eancias ou os estudos de caso devem abordar uma das seguintes \u00e1reas tem\u00e1ticas relacionadas ao tema principal denominado<\/span><b> \u201cAn\u00e1lise de Dados para a Tomada de Decis\u00f5es no Ensino Superior\u201d<\/b><span style=\"font-weight: 400;\">.<\/span><\/p>\n<p><b>2.1 Anal\u00edtica institucional para planejamento estrat\u00e9gico e garantia da qualidade<\/b><\/p>\n<p><span style=\"font-weight: 400;\">Estudos de caso que documentem o uso de dados acad\u00eamicos, administrativos e financeiros para apoiar decis\u00f5es institucionais vinculadas ao planejamento estrat\u00e9gico, garantia da qualidade, acredita\u00e7\u00e3o, melhoria cont\u00ednua, etc.<\/span><i><span style=\"font-weight: 400;\">\u00a0\u00a0<\/span><\/i><\/p>\n<p><b>2.2 Modelos preditivos para gest\u00e3o da trajet\u00f3ria estudantil<\/b><\/p>\n<p><span style=\"font-weight: 400;\">Estudos de caso sobre a implementa\u00e7\u00e3o de modelos anal\u00edticos ou preditivos utilizados para apoiar decis\u00f5es relacionadas \u00e0 admiss\u00e3o, reten\u00e7\u00e3o, progress\u00e3o acad\u00eamica, conclus\u00e3o oportuna e acompanhamento estudantil.\u00a0\u00a0\u00a0<\/span><\/p>\n<p><span style=\"font-weight: 400;\">Experi\u00eancias ou estudos de caso sobre a implementa\u00e7\u00e3o de modelos anal\u00edticos ou preditivos utilizados para apoiar decis\u00f5es relacionadas \u00e0 admiss\u00e3o, reten\u00e7\u00e3o, progress\u00e3o acad\u00eamica, titula\u00e7\u00e3o oportuna, acompanhamento estudantil ou outros temas correlatos.<\/span><\/p>\n<p><b>2.3 Governan\u00e7a, visualiza\u00e7\u00e3o e uso \u00e9tico de dados para tomada de decis\u00f5es<\/b><\/p>\n<p><span style=\"font-weight: 400;\">Estudos de caso que abordem experi\u00eancias institucionais em governan\u00e7a de dados, desenho e uso de dashboards para autoridades universit\u00e1rias, bem como pr\u00e1ticas orientadas ao uso \u00e9tico, respons\u00e1vel e transparente da anal\u00edtica de dados.<\/span>[\/vc_column_text][\/vc_tta_section][vc_tta_section title=&#8221;3. CRIT\u00c9RIOS DE AVALIA\u00c7\u00c3O&#8221; tab_id=&#8221;1726606450222-f1dc4c4c-0446&#8243;][vc_column_text css=&#8221;&#8221;]<span style=\"font-weight: 400;\">3.1 O resumo para a Etapa 1 do concurso dever\u00e1 ter no m\u00e1ximo 250 palavras e incluir, para fins de avalia\u00e7\u00e3o, os seguintes elemento<\/span><span style=\"font-weight: 400;\">:s.\u00a0<\/span><\/p>\n<ul>\n<li style=\"font-weight: 400;\" aria-level=\"1\"><span style=\"font-weight: 400;\">T\u00edtulo.<\/span><\/li>\n<li style=\"font-weight: 400;\" aria-level=\"1\"><span style=\"font-weight: 400;\">Contexto da experi\u00eancia.<\/span><\/li>\n<li style=\"font-weight: 400;\" aria-level=\"1\"><span style=\"font-weight: 400;\">Objetivos e necessidade(s) \u00e0(s) qual(is) a experi\u00eancia responde.<\/span><\/li>\n<li style=\"font-weight: 400;\" aria-level=\"1\"><span style=\"font-weight: 400;\">Aspectos metodol\u00f3gicos da implementa\u00e7\u00e3o.<\/span><\/li>\n<li style=\"font-weight: 400;\" aria-level=\"1\"><span style=\"font-weight: 400;\">Avalia\u00e7\u00e3o e resultados.<\/span><\/li>\n<li style=\"font-weight: 400;\" aria-level=\"1\"><span style=\"font-weight: 400;\">Conclus\u00f5es e recomenda\u00e7\u00f5es.<\/span><\/li>\n<li style=\"font-weight: 400;\" aria-level=\"1\"><span style=\"font-weight: 400;\">N\u00e3o \u00e9 necess\u00e1rio incluir refer\u00eancias bibliogr\u00e1ficas.<\/span><\/li>\n<\/ul>\n<p><span style=\"font-weight: 400;\">3.2 As propostas selecionadas para a Etapa 2 receber\u00e3o <\/span><span style=\"font-weight: 400;\">as instru\u00e7\u00f5es relativas \u00e0 apresenta\u00e7\u00e3o e \u00e0 avalia\u00e7\u00e3o do trabalho completo<\/span><span style=\"font-weight: 400;\">.<\/span>[\/vc_column_text][\/vc_tta_section][vc_tta_section title=&#8221;4. SUBMISS\u00c3O DE RESUMOS&#8221; tab_id=&#8221;1726606450245-41dc9989-956b&#8221;][vc_column_text]O resumo da proposta deve ser enviado por meio do seguinte formul\u00e1rio <a href=\"https:\/\/forms.gle\/LduBCBPj9DWvhbud7\">https:\/\/forms.gle\/LduBCBPj9DWvhbud7<\/a> at\u00e9 24 de maio de 2024 \u00e0s 23h59, hor\u00e1rio de Montreal, Canad\u00e1 (UTC\/GMT &#8211; 4 horas).[\/vc_column_text][\/vc_tta_section][vc_tta_section title=&#8221;5. PR\u00caMIOS&#8221; tab_id=&#8221;1726606450266-81de794b-e1fa&#8221;][vc_column_text css=&#8221;&#8221;]<span style=\"font-weight: 400;\">As propostas vencedoras ser\u00e3o contempladas com os seguintes pr\u00eamios<\/span><span style=\"font-weight: 400;\">:<\/span><\/p>\n<p><b>a) Primeiro lugar<\/b><b>:<\/b><\/p>\n<ul>\n<li style=\"font-weight: 400;\" aria-level=\"1\"><span style=\"font-weight: 400;\">Uma passagem a\u00e9rea de ida e volta para o respons\u00e1vel pelo projeto vencedor participar da pr\u00f3xima edi\u00e7\u00e3o do Congresso das Am\u00e9ricas sobre Educa\u00e7\u00e3o Internacional (CAEI-2027).<\/span><\/li>\n<li style=\"font-weight: 400;\" aria-level=\"1\"><span style=\"font-weight: 400;\">3 di\u00e1rias de hotel no CAEI-2027 para o respons\u00e1vel pelo projeto vencedor.<\/span><\/li>\n<li style=\"font-weight: 400;\" aria-level=\"1\"><span style=\"font-weight: 400;\">3 inscri\u00e7\u00f5es gratuitas para o CAEI.<\/span><\/li>\n<\/ul>\n<p><b>b) Segundo lugar<\/b><b>:<\/b><\/p>\n<ul>\n<li style=\"font-weight: 400;\" aria-level=\"1\"><span style=\"font-weight: 400;\">2 inscri\u00e7\u00f5es gratuitas para o CAEI.<\/span><\/li>\n<\/ul>\n<p><b>c) Terceiro lugar<\/b><span style=\"font-weight: 400;\">:<\/span><\/p>\n<ul>\n<li style=\"font-weight: 400;\" aria-level=\"1\"><span style=\"font-weight: 400;\">1 inscri\u00e7\u00e3o gratuita para o CAEI.<\/span><\/li>\n<\/ul>\n<p>[\/vc_column_text][\/vc_tta_section][vc_tta_section title=&#8221;5. DATAS IMPORTANTES&#8221; tab_id=&#8221;1726606450290-e743f92f-8c0f&#8221;][vc_column_text css=&#8221;&#8221;]<\/p>\n<table>\n<tbody>\n<tr>\n<td><b>Atividade<\/b><\/td>\n<td><b>Prazo<\/b><\/td>\n<\/tr>\n<tr>\n<td><span style=\"font-weight: 400;\">Envio de resumos<\/span><\/td>\n<td><span style=\"font-weight: 400;\">30 de abril de 2026<\/span><\/td>\n<\/tr>\n<tr>\n<td><span style=\"font-weight: 400;\">Sele\u00e7\u00e3o de resumos<\/span><\/td>\n<td><span style=\"font-weight: 400;\">1\u00ba de junho de 2026<\/span><\/td>\n<\/tr>\n<tr>\n<td><span style=\"font-weight: 400;\">Envio de artigos completos<\/span><\/td>\n<td><span style=\"font-weight: 400;\">31 de julho de 2026<\/span><\/td>\n<\/tr>\n<tr>\n<td><span style=\"font-weight: 400;\">Avalia\u00e7\u00e3o da banca<\/span><\/td>\n<td><span style=\"font-weight: 400;\">5 a 7 de outubro de 2026<\/span><\/td>\n<\/tr>\n<tr>\n<td><span style=\"font-weight: 400;\">Publica\u00e7\u00e3o dos resultados da competi\u00e7\u00e3o<\/span><\/td>\n<td><span style=\"font-weight: 400;\">16 de outubro de 2026<\/span><\/td>\n<\/tr>\n<tr>\n<td><span style=\"font-weight: 400;\">Publica\u00e7\u00e3o acad\u00eamica dos trabalhos enviados<\/span><\/td>\n<td><span style=\"font-weight: 400;\">1\u00ba trimestre de 2027<\/span><\/td>\n<\/tr>\n<\/tbody>\n<\/table>\n<p>[\/vc_column_text][\/vc_tta_section][\/vc_tta_accordion][vc_column_text css=&#8221;&#8221;]<span style=\"font-weight: 400;\">O Pr\u00eamio MEIN \u00e9 uma iniciativa da Organiza\u00e7\u00e3o Universit\u00e1ria Interamericana (OUI) que visa fomentar o conhecimento, a difus\u00e3o e o interc\u00e2mbio de tend\u00eancias e pr\u00e1ticas educacionais inovadoras implementadas nas Institui\u00e7\u00f5es de Ensino Superior (IES) do continente. Desde 2016, o concurso j\u00e1 realizou quatro edi\u00e7\u00f5es, mobilizando mais de 116 IES membras da OUI em 16 pa\u00edses da regi\u00e3o.<\/span><\/p>\n<p><span style=\"font-weight: 400;\">A sexta edi\u00e7\u00e3o do Pr\u00eamio MEIN \u00e9 coorganizada com a Universidad Abierta Para Adultos (UAPA), Rep\u00fablica Dominicana.<\/span>[\/vc_column_text][\/vc_column][\/vc_row][vc_row][vc_column][vc_separator color=&#8221;iohe-orange&#8221; border_width=&#8221;6&#8243;][\/vc_column][\/vc_row][vc_row][vc_column][vc_btn title=&#8221;LEIA A CHAMADA&#8221; style=&#8221;flat&#8221; shape=&#8221;square&#8221; color=&#8221;iohe-orange&#8221; css=&#8221;&#8221; link=&#8221;url:https%3A%2F%2Fdrive.google.com%2Ffile%2Fd%2F1HDlrSlI9dilUx-NYWd7wh67v6nHyH1Rd%2Fview%3Fusp%3Ddrive_link|target:_blank&#8221;][vc_empty_space][vc_column_text]Para mais informa\u00e7\u00f5es ou d\u00favidas, entre em contato com: <a href=\"mailto:mein@oui-iohe.org\">mein@oui-iohe.org<\/a>[\/vc_column_text][\/vc_column][\/vc_row]<\/p>\n<\/div>","protected":false},"excerpt":{"rendered":"<p>[vc_row][vc_column][vc_custom_heading text=&#8221;Pr\u00eamio MEIN \u2013 6\u00aa edici\u00f3n&#8221; use_theme_fonts=&#8221;yes&#8221; css=&#8221;&#8221;][\/vc_column][\/vc_row][vc_row][vc_column][vc_column_text css=&#8221;&#8221;] Pr\u00eamio Interamericano para Modelos Educacionais Inovadores no Ensino Superior Modalidade Virtual, [&hellip;]<\/p>\n","protected":false},"author":4,"featured_media":20774,"parent":0,"menu_order":0,"comment_status":"closed","ping_status":"closed","template":"","meta":{"_acf_changed":false,"_monsterinsights_skip_tracking":false,"_monsterinsights_sitenote_active":false,"_monsterinsights_sitenote_note":"","_monsterinsights_sitenote_category":0,"footnotes":""},"class_list":["post-15781","page","type-page","status-publish","has-post-thumbnail","hentry"],"acf":[],"aioseo_notices":[],"_links":{"self":[{"href":"https:\/\/oui-iohe.org\/pt-br\/wp-json\/wp\/v2\/pages\/15781","targetHints":{"allow":["GET"]}}],"collection":[{"href":"https:\/\/oui-iohe.org\/pt-br\/wp-json\/wp\/v2\/pages"}],"about":[{"href":"https:\/\/oui-iohe.org\/pt-br\/wp-json\/wp\/v2\/types\/page"}],"author":[{"embeddable":true,"href":"https:\/\/oui-iohe.org\/pt-br\/wp-json\/wp\/v2\/users\/4"}],"replies":[{"embeddable":true,"href":"https:\/\/oui-iohe.org\/pt-br\/wp-json\/wp\/v2\/comments?post=15781"}],"version-history":[{"count":21,"href":"https:\/\/oui-iohe.org\/pt-br\/wp-json\/wp\/v2\/pages\/15781\/revisions"}],"predecessor-version":[{"id":20822,"href":"https:\/\/oui-iohe.org\/pt-br\/wp-json\/wp\/v2\/pages\/15781\/revisions\/20822"}],"wp:featuredmedia":[{"embeddable":true,"href":"https:\/\/oui-iohe.org\/pt-br\/wp-json\/wp\/v2\/media\/20774"}],"wp:attachment":[{"href":"https:\/\/oui-iohe.org\/pt-br\/wp-json\/wp\/v2\/media?parent=15781"}],"curies":[{"name":"wp","href":"https:\/\/api.w.org\/{rel}","templated":true}]}}