{"id":1585,"date":"2018-11-29T15:18:27","date_gmt":"2018-11-29T20:18:27","guid":{"rendered":"http:\/\/www.oui-iohe.org\/campus\/"},"modified":"2021-11-25T18:31:49","modified_gmt":"2021-11-25T23:31:49","slug":"campus","status":"publish","type":"page","link":"https:\/\/oui-iohe.org\/pt-br\/campus\/","title":{"rendered":"CAMPUS"},"content":{"rendered":"<div class=\"wpb-content-wrapper\"><p>[vc_row][vc_column][vc_custom_heading source=&#8221;post_title&#8221; font_container=&#8221;tag:h1|text_align:left&#8221; use_theme_fonts=&#8221;yes&#8221;][\/vc_column][\/vc_row][vc_row][vc_column width=&#8221;1\/3&#8243;][vc_single_image image=&#8221;1214&#8243; img_size=&#8221;large&#8221; alignment=&#8221;center&#8221;][\/vc_column][vc_column width=&#8221;2\/3&#8243;][vc_custom_heading text=&#8221;Hist\u00f3ria&#8221; use_theme_fonts=&#8221;yes&#8221;][vc_column_text]O <strong>CAMPUS <\/strong>\u00e9 um programa da OUI que promove a discuss\u00e3o, an\u00e1lise e reflex\u00e3o sobre o compromisso social das universidades das Am\u00e9ricas, oportunidades de colabora\u00e7\u00e3o interuniversit\u00e1ria em processos de forma\u00e7\u00e3o doutoral e em investiga\u00e7\u00e3o, bem como na de promo\u00e7\u00e3o de estrat\u00e9gias que contribuam para a constru\u00e7\u00e3o de espa\u00e7os de coopera\u00e7\u00e3o internacional virtuais e presencias.[\/vc_column_text][\/vc_column][\/vc_row][vc_row full_width=&#8221;stretch_row&#8221; css=&#8221;.vc_custom_1542744654565{padding-top: 20px !important;background-color: #f1f1f1 !important;}&#8221;][vc_column][vc_column_text]Constuir um espa\u00e7o de di\u00e1logo e a\u00e7\u00f5es para consolidar o compromisso social das universidades das Am\u00e9ricas, contribuir para elevar suas capacidades de ensino e pesquisa e unir esfor\u00e7os entre todos os membros das institui\u00e7\u00f5es parceiras.[\/vc_column_text][\/vc_column][\/vc_row][vc_row full_width=&#8221;stretch_row&#8221; css=&#8221;.vc_custom_1542744817691{margin-top: -20px !important;background-color: #f1f1f1 !important;}&#8221;][vc_column width=&#8221;1\/2&#8243;][vc_separator color=&#8221;iohe-orange&#8221; border_width=&#8221;6&#8243;][vc_custom_heading text=&#8221;Doc CAMPUS&#8221; font_container=&#8221;tag:h4|text_align:left&#8221; use_theme_fonts=&#8221;yes&#8221; css=&#8221;.vc_custom_1543523129986{margin-bottom: 20px !important;}&#8221;][vc_column_text el_class=&#8221;fw-medium&#8221;]Contribui para a consolida\u00e7\u00e3o da forma\u00e7\u00e3o acad\u00eamica de professores e pesquisadores, o desenvolvimento de pesquisas de alto n\u00edvel, a internacionaliza\u00e7\u00e3o de programas de forma\u00e7\u00e3o de doutores e a cria\u00e7\u00e3o de redes de pesquisa ou incubadoras. Procuramos multiplicar as capacidades e aumentar o conhecimento nas institui\u00e7\u00f5es de ensino superior, apoiando a coopera\u00e7\u00e3o entre institui\u00e7\u00f5es e o somat\u00f3rio de pontos fortes, estabelecendo sistemas de pesquisa flex\u00edveis e organizados que promovam a excel\u00eancia cient\u00edfica e a multi, inter e transdisciplinaridade.<\/p>\n<p>Atividades oferecidas: Semin\u00e1rios, Publica\u00e7\u00f5es, Miss\u00f5es, Feiras.[\/vc_column_text][\/vc_column][vc_column width=&#8221;1\/2&#8243;][vc_separator color=&#8221;iohe-orange&#8221; border_width=&#8221;6&#8243;][vc_custom_heading text=&#8221;Social CAMPUS&#8221; font_container=&#8221;tag:h4|text_align:left&#8221; use_theme_fonts=&#8221;yes&#8221; css=&#8221;.vc_custom_1543523152778{margin-bottom: 20px !important;}&#8221;][vc_column_text el_class=&#8221;fw-medium&#8221;]Nesta iniciativa discutimos sobre a miss\u00e3o social das universidades. Nos questionamos sobre os problemas de acesso com equidade, promo\u00e7\u00e3o da diversidade, inclus\u00e3o, perman\u00eancia e grau de alunos; a constru\u00e7\u00e3o e promo\u00e7\u00e3o de valores \u00e9ticos nas IES e as diferentes estrat\u00e9gias ou modelos inovadores que ligam as universidades ao seu ambiente social, que, por sua vez, contribuem para o desenvolvimento regional e a sustentabilidade.<\/p>\n<p>Atividades oferecidas: espa\u00e7os de reflex\u00e3o e observa\u00e7\u00e3o para disseminar tend\u00eancias e boas pr\u00e1ticas.[\/vc_column_text][\/vc_column][\/vc_row][vc_row][vc_column][vc_btn title=&#8221;Veja nossa oferta de treinamento&#8221; style=&#8221;flat&#8221; shape=&#8221;square&#8221; color=&#8221;iohe-orange&#8221; align=&#8221;center&#8221; link=&#8221;url:https%3A%2F%2Foui-iohe.org%2Fpt-br%2Foferta-formativa%2F||target:%20_blank|&#8221;][\/vc_column][\/vc_row]<\/p>\n<\/div>","protected":false},"excerpt":{"rendered":"<p>[vc_row][vc_column][vc_custom_heading source=&#8221;post_title&#8221; font_container=&#8221;tag:h1|text_align:left&#8221; use_theme_fonts=&#8221;yes&#8221;][\/vc_column][\/vc_row][vc_row][vc_column width=&#8221;1\/3&#8243;][vc_single_image image=&#8221;1214&#8243; img_size=&#8221;large&#8221; alignment=&#8221;center&#8221;][\/vc_column][vc_column width=&#8221;2\/3&#8243;][vc_custom_heading text=&#8221;Hist\u00f3ria&#8221; use_theme_fonts=&#8221;yes&#8221;][vc_column_text]O CAMPUS \u00e9 um programa da OUI que promove a [&hellip;]<\/p>\n","protected":false},"author":4,"featured_media":1605,"parent":0,"menu_order":0,"comment_status":"closed","ping_status":"closed","template":"","meta":{"_acf_changed":false,"_monsterinsights_skip_tracking":false,"_monsterinsights_sitenote_active":false,"_monsterinsights_sitenote_note":"","_monsterinsights_sitenote_category":0,"footnotes":""},"class_list":["post-1585","page","type-page","status-publish","has-post-thumbnail","hentry"],"acf":[],"aioseo_notices":[],"_links":{"self":[{"href":"https:\/\/oui-iohe.org\/pt-br\/wp-json\/wp\/v2\/pages\/1585","targetHints":{"allow":["GET"]}}],"collection":[{"href":"https:\/\/oui-iohe.org\/pt-br\/wp-json\/wp\/v2\/pages"}],"about":[{"href":"https:\/\/oui-iohe.org\/pt-br\/wp-json\/wp\/v2\/types\/page"}],"author":[{"embeddable":true,"href":"https:\/\/oui-iohe.org\/pt-br\/wp-json\/wp\/v2\/users\/4"}],"replies":[{"embeddable":true,"href":"https:\/\/oui-iohe.org\/pt-br\/wp-json\/wp\/v2\/comments?post=1585"}],"version-history":[{"count":12,"href":"https:\/\/oui-iohe.org\/pt-br\/wp-json\/wp\/v2\/pages\/1585\/revisions"}],"predecessor-version":[{"id":10400,"href":"https:\/\/oui-iohe.org\/pt-br\/wp-json\/wp\/v2\/pages\/1585\/revisions\/10400"}],"wp:featuredmedia":[{"embeddable":true,"href":"https:\/\/oui-iohe.org\/pt-br\/wp-json\/wp\/v2\/media\/1605"}],"wp:attachment":[{"href":"https:\/\/oui-iohe.org\/pt-br\/wp-json\/wp\/v2\/media?parent=1585"}],"curies":[{"name":"wp","href":"https:\/\/api.w.org\/{rel}","templated":true}]}}