{"id":16108,"date":"2021-04-08T17:08:21","date_gmt":"2021-04-08T21:08:21","guid":{"rendered":"https:\/\/oui-iohe.org\/convocatoriai2\/"},"modified":"2025-12-19T09:05:30","modified_gmt":"2025-12-19T14:05:30","slug":"convocatoria-curso-comunicacao-e-visibilidade-da-producao-cientifica","status":"publish","type":"page","link":"https:\/\/oui-iohe.org\/pt-br\/convocatoria-curso-comunicacao-e-visibilidade-da-producao-cientifica\/","title":{"rendered":"Convocatoria Curso Comunica\u00e7\u00e3o e Visibilidade da Produ\u00e7\u00e3o Cient\u00edfica"},"content":{"rendered":"<div class=\"wpb-content-wrapper\"><p>[vc_row][vc_column][vc_custom_heading text=&#8221;Programa de Bolsas OUI 2025&#8243; font_container=&#8221;tag:h1|text_align:left&#8221; use_theme_fonts=&#8221;yes&#8221; css=&#8221;&#8221;][vc_custom_heading text=&#8221;Chamada para o Curso &#8220;Comunica\u00e7\u00e3o e Visibilidade da Produ\u00e7\u00e3o Cient\u00edfica&#8220;&#8221; use_theme_fonts=&#8221;yes&#8221; css=&#8221;&#8221;][vc_column_text css=&#8221;&#8221;]<\/p>\n<ul>\n<li><b>Data de abertura:<\/b><span style=\"font-weight: 400;\"> 28 de outubro de 2024<\/span><\/li>\n<li><b>Data de fechamento:<\/b>25 de abril de 2025<\/li>\n<li><b>Prazo para recebimento de documentos:<\/b>25 de abril de 2025<\/li>\n<\/ul>\n<p>[\/vc_column_text][vc_separator color=&#8221;iohe-orange&#8221; border_width=&#8221;6&#8243;][vc_column_text css=&#8221;&#8221;]<\/p>\n<ul>\n<li><b>Benefici\u00e1rios da bolsa de estudos:<\/b><span style=\"font-weight: 400;\">Funcion\u00e1rios de ger\u00eancia, acad\u00eamicos e administrativos de institui\u00e7\u00f5es de ensino superior que sejam membros regulares e ativos da OUI, que perten\u00e7am \u00e0 \u00e1rea relacionada ao tema do curso e cujo treinamento tenha um impacto direto no cargo que ocupam na IES membro.<\/span><\/li>\n<\/ul>\n<p>[\/vc_column_text][vc_column_text css=&#8221;&#8221;]<\/p>\n<ul>\n<li><b>Crit\u00e9rios de elegibilidade de acordo com o tipo de bolsa:<\/b><\/li>\n<\/ul>\n<table>\n<tbody>\n<tr>\n<td><b>Bolsa Solidariedade OUI<\/b><\/td>\n<td><b>Bolsa Fidelidade OUI<\/b><\/td>\n<\/tr>\n<tr>\n<td>\n<ul>\n<li style=\"font-weight: 400;\" aria-level=\"1\"><span style=\"font-weight: 400;\">Ser nacional ou residente permanente de um dos seguintes pa\u00edses: Argentina, Bol\u00edvia, Cuba, El Salvador, Guatemala, Haiti, Honduras, Nicar\u00e1gua e Venezuela.<\/span><\/li>\n<\/ul>\n<\/td>\n<td>\n<ul>\n<li style=\"font-weight: 400;\" aria-level=\"1\"><span style=\"font-weight: 400;\">Bolsa dispon\u00edvel para candidatos de institui\u00e7\u00f5es membros que tenham uma participa\u00e7\u00e3o ativa na OUI.<\/span><\/li>\n<\/ul>\n<\/td>\n<\/tr>\n<tr>\n<td>\n<ul>\n<li style=\"font-weight: 400;\" aria-level=\"1\"><span style=\"font-weight: 400;\">Pertencer a uma IES membro da OUI.<\/span><\/li>\n<\/ul>\n<\/td>\n<td>\n<ul>\n<li style=\"font-weight: 400;\" aria-level=\"1\"><span style=\"font-weight: 400;\">Pertencer a uma institui\u00e7\u00e3o com participa\u00e7\u00e3o ativa na OUI.<\/span><\/li>\n<\/ul>\n<\/td>\n<\/tr>\n<tr>\n<td>\n<ul>\n<li style=\"font-weight: 400;\" aria-level=\"1\"><span style=\"font-weight: 400;\">Trabalhar em uma IES membro da OUI.<\/span><\/li>\n<\/ul>\n<\/td>\n<td>\n<ul>\n<li style=\"font-weight: 400;\" aria-level=\"1\"><span style=\"font-weight: 400;\">Trabalhar em uma IES membro da OUI.<\/span><\/li>\n<\/ul>\n<\/td>\n<\/tr>\n<tr>\n<td>\n<ul>\n<li style=\"font-weight: 400;\" aria-level=\"1\"><span style=\"font-weight: 400;\">Ter o endosso de sua IES, por meio de uma recomenda\u00e7\u00e3o direta do Gabinete do Reitor ou do Escrit\u00f3rio de <\/span><b><i>Rela\u00e7\u00f5es<\/i><\/b><span style=\"font-weight: 400;\">.<\/span><\/li>\n<\/ul>\n<\/td>\n<td>\n<ul>\n<li style=\"font-weight: 400;\" aria-level=\"1\"><span style=\"font-weight: 400;\">Ter o endosso de sua IES, por meio de uma recomenda\u00e7\u00e3o direta do Gabinete do Reitor ou do Escrit\u00f3rio de <\/span><b><i>Rela\u00e7\u00f5es<\/i><\/b><span style=\"font-weight: 400;\">.<\/span><\/li>\n<\/ul>\n<\/td>\n<\/tr>\n<tr>\n<td><b><i>Bolsa integral, 100% da taxa do curso \u00e9 concedida, mas ser\u00e1 aplicada uma taxa administrativa de US$ 100.<\/i><\/b><\/td>\n<td><b><i>Meia bolsa de estudos que representa uma redu\u00e7\u00e3o de 50% do custo total do curso.<\/i><\/b><\/td>\n<\/tr>\n<tr>\n<td colspan=\"2\"><b><i>(*) O cumprimento dos direitos e deveres dos membros deve ser levado em considera\u00e7\u00e3o.<\/i><\/b><\/td>\n<\/tr>\n<\/tbody>\n<\/table>\n<p>[\/vc_column_text][vc_column_text css=&#8221;&#8221;]<\/p>\n<ul>\n<li><b>Requisitos de aplica\u00e7\u00e3o:<\/b><\/li>\n<\/ul>\n<ol>\n<li style=\"font-weight: 400;\" aria-level=\"1\"><b>Carta de recomenda\u00e7\u00e3o<\/b><span style=\"font-weight: 400;\">: Emitida pelo Gabinete do Reitor ou pela Diretoria de Rela\u00e7\u00f5es Internacionais de sua institui\u00e7\u00e3o.\u00a0<\/span><\/li>\n<li style=\"font-weight: 400;\" aria-level=\"1\"><b>C\u00f3pia de seu documento de identidade emitido por sua IES:<\/b><span style=\"font-weight: 400;\"> Credencial ou documento de identidade equivalente que cubra a rela\u00e7\u00e3o contratual com a IES \u00e0 qual voc\u00ea pertence.\u00a0<\/span><\/li>\n<li style=\"font-weight: 400;\" aria-level=\"1\"><span style=\"font-weight: 400;\">Preencha e envie o <\/span><a href=\"https:\/\/docs.google.com\/forms\/d\/e\/1FAIpQLSeVJ3eHfgkniUVEFtUymeyUOBhVfd5mbWYHgRcQ4TVZ3hYswA\/viewform?usp=sf_link\"><b>Formul\u00e1rio de Inscri\u00e7\u00e3o<\/b><\/a><span style=\"font-weight: 400;\"> devidamente preenchido.<\/span><\/li>\n<\/ol>\n<p>&nbsp;<\/p>\n<ul>\n<li><b>Sobre o recebimento de solicita\u00e7\u00f5es.<\/b><\/li>\n<\/ul>\n<p><span style=\"font-weight: 400;\">Os dossi\u00eas preenchidos ser\u00e3o recebidos at\u00e9 <strong>25 de abril de 2025<\/strong><\/span><strong>\u00a0<\/strong><b>\u00e0s 23h59, hor\u00e1rio de Montreal<\/b><span style=\"font-weight: 400;\">, por meio do formul\u00e1rio on-line.<\/span><\/p>\n<p><span style=\"font-weight: 400;\">Antes de preencher o formul\u00e1rio, certifique-se de ter em m\u00e3os os documentos necess\u00e1rios (sua carta de recomenda\u00e7\u00e3o e uma c\u00f3pia do seu documento de identidade em formato PDF).<\/span><\/p>\n<p><span style=\"font-weight: 400;\">As inscri\u00e7\u00f5es incompletas n\u00e3o ser\u00e3o processadas.<\/span><\/p>\n<p><span style=\"font-weight: 400;\">Uma vez que a inscri\u00e7\u00e3o tenha sido enviada com todos os requisitos, as inscri\u00e7\u00f5es ser\u00e3o avaliadas pelo Comit\u00ea de Aloca\u00e7\u00e3o de Bolsas de Estudo da OUI para selecionar os melhores candidatos. A decis\u00e3o ser\u00e1 comunicada por e-mail ao candidato e \u00e0s autoridades de sua universidade em <strong>29 de abril de 2025<\/strong><\/span><span style=\"font-weight: 400;\">.<\/span><\/p>\n<p>&nbsp;<\/p>\n<p><span style=\"font-weight: 400;\">Os resultados estar\u00e3o dispon\u00edveis no site www.oui-iohe.org a partir de <strong>5 de maio de 2025<\/strong><\/span><span style=\"font-weight: 400;\">.<\/span><\/p>\n<p>&nbsp;<\/p>\n<p><a href=\"https:\/\/oui-iohe.org\/pt-br\/bolsas-oui\/\"><span style=\"font-weight: 400;\">Mais informa\u00e7\u00f5es<\/span><\/a><span style=\"font-weight: 400;\"> sobre o Programa de Bolsas OUI<\/span>[\/vc_column_text][\/vc_column][\/vc_row]<\/p>\n<\/div>","protected":false},"excerpt":{"rendered":"<p>[vc_row][vc_column][vc_custom_heading text=&#8221;Programa de Bolsas OUI 2025&#8243; font_container=&#8221;tag:h1|text_align:left&#8221; use_theme_fonts=&#8221;yes&#8221; css=&#8221;&#8221;][vc_custom_heading text=&#8221;Chamada para o Curso &#8220;Comunica\u00e7\u00e3o e Visibilidade da Produ\u00e7\u00e3o Cient\u00edfica&#8220;&#8221; use_theme_fonts=&#8221;yes&#8221; [&hellip;]<\/p>\n","protected":false},"author":4,"featured_media":0,"parent":0,"menu_order":0,"comment_status":"closed","ping_status":"closed","template":"","meta":{"_acf_changed":false,"_monsterinsights_skip_tracking":false,"_monsterinsights_sitenote_active":false,"_monsterinsights_sitenote_note":"","_monsterinsights_sitenote_category":0,"footnotes":""},"class_list":["post-16108","page","type-page","status-publish","hentry"],"acf":[],"aioseo_notices":[],"_links":{"self":[{"href":"https:\/\/oui-iohe.org\/pt-br\/wp-json\/wp\/v2\/pages\/16108","targetHints":{"allow":["GET"]}}],"collection":[{"href":"https:\/\/oui-iohe.org\/pt-br\/wp-json\/wp\/v2\/pages"}],"about":[{"href":"https:\/\/oui-iohe.org\/pt-br\/wp-json\/wp\/v2\/types\/page"}],"author":[{"embeddable":true,"href":"https:\/\/oui-iohe.org\/pt-br\/wp-json\/wp\/v2\/users\/4"}],"replies":[{"embeddable":true,"href":"https:\/\/oui-iohe.org\/pt-br\/wp-json\/wp\/v2\/comments?post=16108"}],"version-history":[{"count":7,"href":"https:\/\/oui-iohe.org\/pt-br\/wp-json\/wp\/v2\/pages\/16108\/revisions"}],"predecessor-version":[{"id":18476,"href":"https:\/\/oui-iohe.org\/pt-br\/wp-json\/wp\/v2\/pages\/16108\/revisions\/18476"}],"wp:attachment":[{"href":"https:\/\/oui-iohe.org\/pt-br\/wp-json\/wp\/v2\/media?parent=16108"}],"curies":[{"name":"wp","href":"https:\/\/api.w.org\/{rel}","templated":true}]}}