{"id":1625,"date":"2018-11-29T15:53:20","date_gmt":"2018-11-29T20:53:20","guid":{"rendered":"http:\/\/www.oui-iohe.org\/emulies\/"},"modified":"2021-11-25T20:28:41","modified_gmt":"2021-11-26T01:28:41","slug":"emulies","status":"publish","type":"page","link":"https:\/\/oui-iohe.org\/pt-br\/emulies\/","title":{"rendered":"EMULIES"},"content":{"rendered":"<div class=\"wpb-content-wrapper\"><p>[vc_row][vc_column][vc_custom_heading source=&#8221;post_title&#8221; font_container=&#8221;tag:h1|text_align:left&#8221; use_theme_fonts=&#8221;yes&#8221;][\/vc_column][\/vc_row][vc_row][vc_column width=&#8221;1\/3&#8243;][vc_single_image image=&#8221;1226&#8243; img_size=&#8221;large&#8221; alignment=&#8221;center&#8221;][\/vc_column][vc_column width=&#8221;2\/3&#8243;][vc_custom_heading text=&#8221;Hist\u00f3ria&#8221; use_theme_fonts=&#8221;yes&#8221;][vc_column_text]O <strong>Espa\u00e7o para Mulheres L\u00edderes de Institui\u00e7\u00f5es de Educa\u00e7\u00e3o Superior das Am\u00e9ricas (EMULIES)<\/strong> foi criado no \u00e2mbito da Organiza\u00e7\u00e3o Universit\u00e1ria Interamericana (OUI-OUI) em 2011 como um espa\u00e7o de reflex\u00e3o e interc\u00e2mbio formado por mulheres l\u00edderes das Institui\u00e7\u00f5es Educacionais Superior (IES).<\/p>\n<p>Desde a sua cria\u00e7\u00e3o, tem trabalhado para promover a pesquisa, fortalecer o desenvolvimento de capacidades por meio de uma forma\u00e7\u00e3o, promovendo a coopera\u00e7\u00e3o e o interc\u00e2mbio, fortalecendo tamb\u00e9m a divulga\u00e7\u00e3o da comunica\u00e7\u00e3o em torno das mulheres em posi\u00e7\u00f5es de lideran\u00e7a e tomada de decis\u00f5es. decis\u00f5es nas IESs da regi\u00e3o<\/p>\n<p>EMULIES come\u00e7ou a crecer e a se fortalecer convocando as reitoras, vice-reitoras, acad\u00eamicas, diretoras e outros lideres, para que compartilhem suas experiencias e dificuldades relacionadas ao tema e a toma de decis\u00e3o e o aceso ao poder nos Institutos de Educa\u00e7\u00e3o superior. Pela import\u00e2ncia de fortalecer a lideran\u00e7a das mulheres na IES, no dia 25 de novembro de 2016, o programa EMULIES foi aprovrado como um dos quatro programas da OUI-IOHE.[\/vc_column_text][\/vc_column][\/vc_row][vc_row full_width=&#8221;stretch_row&#8221; css=&#8221;.vc_custom_1542744654565{padding-top: 20px !important;background-color: #f1f1f1 !important;}&#8221;][vc_column][vc_column_text]Atualmente, o OUI continua a promover a lideran\u00e7a feminina nas IES das Am\u00e9ricas com base nos seguintes objetivos estrat\u00e9gicos:<\/p>\n<ul>\n<li>Contribuir ao fortalecimento da lideran\u00e7a e da participa\u00e7\u00e3o das mulheres na toma de decis\u00e3o no Ensino Superior;<\/li>\n<li>Promover a constru\u00e7\u00e3o des IES en desenvolvimento de forma democr\u00e1tica, inclusivas e socialmente respons\u00e1veis;<\/li>\n<li>Fornecer informa\u00e7\u00f5es rigorosas, atualizadas com respeito a situa\u00e7\u00e3o das mulheres nas IES;<\/li>\n<li>Ter uma certa influencia nas pol\u00edticas da educa\u00e7\u00e3o superior para favorecer a igualdade do g\u00eanero.<\/li>\n<\/ul>\n<p>[\/vc_column_text][vc_column_text]Desde do primeiro evento em 2011 at\u00e9 a hoje, EMULIES j\u00e1 realizou diversas atividades convocando a mais de 1000 mulheres l\u00edderes de 200 institui\u00e7\u00f5es de educa\u00e7\u00e3o superior em mais de 40 pa\u00edses da Am\u00e9rica e do mundo, atrav\u00e9s de seus objetivos de trabalho.[\/vc_column_text][\/vc_column][\/vc_row][vc_row full_width=&#8221;stretch_row&#8221; css=&#8221;.vc_custom_1542744817691{margin-top: -20px !important;background-color: #f1f1f1 !important;}&#8221;][vc_column width=&#8221;1\/3&#8243;][vc_separator color=&#8221;iohe-orange&#8221; border_width=&#8221;6&#8243;][vc_custom_heading text=&#8221;Institucionaliza\u00e7\u00e3o&#8221; font_container=&#8221;tag:h4|text_align:left&#8221; use_theme_fonts=&#8221;yes&#8221; css=&#8221;.vc_custom_1543526415800{margin-bottom: 20px !important;}&#8221;][vc_column_text el_class=&#8221;fw-medium&#8221;]5 Encontros de todo o continente Americano; 16 eventos acad\u00eamicos; Campanha \u201cVisibilizando a las Mujeres L\u00edderes de EMULIES\u201d[\/vc_column_text][\/vc_column][vc_column width=&#8221;1\/3&#8243;][vc_separator color=&#8221;iohe-orange&#8221; border_width=&#8221;6&#8243;][vc_custom_heading text=&#8221;Promo\u00e7\u00e3o da Investiga\u00e7\u00e3o e do sistema de Informa\u00e7\u00e3o&#8221; font_container=&#8221;tag:h4|text_align:left&#8221; use_theme_fonts=&#8221;yes&#8221; css=&#8221;.vc_custom_1543526445592{margin-bottom: 20px !important;}&#8221;][vc_column_text el_class=&#8221;fw-medium&#8221;]Desenvolvimento e cria\u00e7\u00e3o do Observat\u00f3rio de Igualdade de G\u00eanero e Lideran\u00e7a das Mulheres nas Institui\u00e7\u00f5es de Educa\u00e7\u00e3o Superior na Am\u00e9rica Latina e o Caribe; Investiga\u00e7\u00f5es sobre o g\u00eanero e lideran\u00e7a na educa\u00e7\u00e3o superior e Reposit\u00f3rio digital de texto[\/vc_column_text][\/vc_column][vc_column width=&#8221;1\/3&#8243;][vc_separator color=&#8221;iohe-orange&#8221; border_width=&#8221;6&#8243;][vc_custom_heading text=&#8221;Forma\u00e7\u00e3o e fortalecimento de Capacidades&#8221; font_container=&#8221;tag:h4|text_align:left&#8221; use_theme_fonts=&#8221;yes&#8221; css=&#8221;.vc_custom_1543526462217{margin-bottom: 20px !important;}&#8221;][vc_column_text el_class=&#8221;fw-medium&#8221;]3 edi\u00e7\u00f5es do Diploma \u201cG\u00e9nero y Liederazgo en Universidades\u201d; 1 forma\u00e7\u00e3o em Mentoring[\/vc_column_text][\/vc_column][\/vc_row][vc_row][vc_column][vc_btn title=&#8221;Veja nossa oferta de treinamento&#8221; style=&#8221;flat&#8221; shape=&#8221;square&#8221; color=&#8221;iohe-orange&#8221; align=&#8221;center&#8221; link=&#8221;url:https%3A%2F%2Foui-iohe.org%2Fpt-br%2Foferta-formativa%2F||target:%20_blank|&#8221;][\/vc_column][\/vc_row]<\/p>\n<\/div>","protected":false},"excerpt":{"rendered":"<p>[vc_row][vc_column][vc_custom_heading source=&#8221;post_title&#8221; font_container=&#8221;tag:h1|text_align:left&#8221; use_theme_fonts=&#8221;yes&#8221;][\/vc_column][\/vc_row][vc_row][vc_column width=&#8221;1\/3&#8243;][vc_single_image image=&#8221;1226&#8243; img_size=&#8221;large&#8221; alignment=&#8221;center&#8221;][\/vc_column][vc_column width=&#8221;2\/3&#8243;][vc_custom_heading text=&#8221;Hist\u00f3ria&#8221; use_theme_fonts=&#8221;yes&#8221;][vc_column_text]O Espa\u00e7o para Mulheres L\u00edderes de Institui\u00e7\u00f5es de Educa\u00e7\u00e3o Superior [&hellip;]<\/p>\n","protected":false},"author":4,"featured_media":1610,"parent":0,"menu_order":0,"comment_status":"closed","ping_status":"closed","template":"","meta":{"_acf_changed":false,"_monsterinsights_skip_tracking":false,"_monsterinsights_sitenote_active":false,"_monsterinsights_sitenote_note":"","_monsterinsights_sitenote_category":0,"footnotes":""},"class_list":["post-1625","page","type-page","status-publish","has-post-thumbnail","hentry"],"acf":[],"aioseo_notices":[],"_links":{"self":[{"href":"https:\/\/oui-iohe.org\/pt-br\/wp-json\/wp\/v2\/pages\/1625","targetHints":{"allow":["GET"]}}],"collection":[{"href":"https:\/\/oui-iohe.org\/pt-br\/wp-json\/wp\/v2\/pages"}],"about":[{"href":"https:\/\/oui-iohe.org\/pt-br\/wp-json\/wp\/v2\/types\/page"}],"author":[{"embeddable":true,"href":"https:\/\/oui-iohe.org\/pt-br\/wp-json\/wp\/v2\/users\/4"}],"replies":[{"embeddable":true,"href":"https:\/\/oui-iohe.org\/pt-br\/wp-json\/wp\/v2\/comments?post=1625"}],"version-history":[{"count":12,"href":"https:\/\/oui-iohe.org\/pt-br\/wp-json\/wp\/v2\/pages\/1625\/revisions"}],"predecessor-version":[{"id":10405,"href":"https:\/\/oui-iohe.org\/pt-br\/wp-json\/wp\/v2\/pages\/1625\/revisions\/10405"}],"wp:featuredmedia":[{"embeddable":true,"href":"https:\/\/oui-iohe.org\/pt-br\/wp-json\/wp\/v2\/media\/1610"}],"wp:attachment":[{"href":"https:\/\/oui-iohe.org\/pt-br\/wp-json\/wp\/v2\/media?parent=1625"}],"curies":[{"name":"wp","href":"https:\/\/api.w.org\/{rel}","templated":true}]}}