{"id":16268,"date":"2024-07-02T14:58:00","date_gmt":"2024-07-02T18:58:00","guid":{"rendered":"https:\/\/oui-iohe.org\/caei-usa-2023\/"},"modified":"2024-07-24T10:12:53","modified_gmt":"2024-07-24T14:12:53","slug":"caei-usa-2023","status":"publish","type":"page","link":"https:\/\/oui-iohe.org\/pt-br\/caei-usa-2023\/","title":{"rendered":"CAEI ESTADOS UNIDOS 2023"},"content":{"rendered":"<div class=\"wpb-content-wrapper\"><p>[vc_row][vc_column][vc_custom_heading text=&#8221;CAEI ESTADOS UNIDOS &#8211; 2023&#8243; font_container=&#8221;tag:h2|text_align:left|color:%23b12028&#8243; use_theme_fonts=&#8221;yes&#8221; css=&#8221;&#8221;][\/vc_column][\/vc_row][vc_row][vc_column width=&#8221;1\/3&#8243;][vc_single_image image=&#8221;13334&#8243; img_size=&#8221;large&#8221; css=&#8221;&#8221;][\/vc_column][vc_column width=&#8221;2\/3&#8243;][vc_custom_heading text=&#8221;Apresenta\u00e7\u00e3o&#8221; font_container=&#8221;tag:h2|text_align:left|color:%23b12028&#8243; use_theme_fonts=&#8221;yes&#8221; css=&#8221;&#8221;][vc_column_text css=&#8221;&#8221;]A oitava edi\u00e7\u00e3o do Congresso das Am\u00e9ricas sobre Educa\u00e7\u00e3o Internacional (CAEI) realizou-se de 6 a 8 de novembro de 2023, em modo presencial. O seu tema central foi &#8220;O Futuro \u00e9 Agora&#8221;.[\/vc_column_text][vc_video link=&#8221;https:\/\/www.youtube.com\/watch?v=xkntF2jSj2s&#8221; el_width=&#8221;80&#8243; css=&#8221;&#8221;][vc_column_text css=&#8221;&#8221;]<span style=\"font-weight: 400;\">A din\u00e2mica comunidade interamericana que constr\u00f3i a base de esta inovadora iniciativa est\u00e1 estruturada em torno de l\u00edderes governamentais, dirigentes universit\u00e1rios e gestores, acad\u00eamicos e pesquisadores, diretores de rela\u00e7\u00f5es internacionais e organiza\u00e7\u00f5es universit\u00e1rias a n\u00edvel nacional, regional, interamericano e internacional, o que permitiu atingir:<\/span><\/p>\n<ul>\n<li style=\"font-weight: 400;\" aria-level=\"1\"><span style=\"font-weight: 400;\">7.281 + Participantes<\/span><\/li>\n<li style=\"font-weight: 400;\" aria-level=\"1\"><span style=\"font-weight: 400;\">39 associa\u00e7\u00f5es membros do CAEI<\/span><\/li>\n<li style=\"font-weight: 400;\" aria-level=\"1\"><span style=\"font-weight: 400;\">1.100 + Conferencistas<\/span><\/li>\n<li style=\"font-weight: 400;\" aria-level=\"1\"><span style=\"font-weight: 400;\">286 Atividades Acad\u00eamicas<\/span><\/li>\n<li style=\"font-weight: 400;\" aria-level=\"1\"><span style=\"font-weight: 400;\">1 700+ Institui\u00e7\u00f5es e organiza\u00e7\u00f5es em cada edi\u00e7\u00e3o<\/span><\/li>\n<li style=\"font-weight: 400;\" aria-level=\"1\"><span style=\"font-weight: 400;\">60+ pa\u00edses<\/span><\/li>\n<li style=\"font-weight: 400;\" aria-level=\"1\"><span style=\"font-weight: 400;\">5 continentes<\/span><\/li>\n<\/ul>\n<p>[\/vc_column_text][vc_toggle title=&#8221;Conferencistas&#8221; style=&#8221;round_outline&#8221; color=&#8221;green&#8221; size=&#8221;lg&#8221; css=&#8221;&#8221;]Com o seu tema principal, &#8220;O Futuro \u00e9 Agora&#8221;, o CAIE-2023 convidou as institui\u00e7\u00f5es de ensino superior (IES) e os profissionais da educa\u00e7\u00e3o internacional a olharem mais de perto os desafios da nossa realidade p\u00f3s-pand\u00e9mica, a necessidade urgente de enfrentar as altera\u00e7\u00f5es clim\u00e1ticas, os problemas sociais e econ\u00f3micos dos fluxos migrat\u00f3rios que ocorrem no nosso continente e noutras regi\u00f5es do mundo, e ver a oportunidade de aplicar a criatividade e o engenho do nosso sector para promover a investiga\u00e7\u00e3o regional, nacional e internacional e as colabora\u00e7\u00f5es acad\u00e9micas, desenvolver talentos globais e formar profissionais especializados \u00e0 medida que avan\u00e7amos com solu\u00e7\u00f5es inovadoras para a agenda internacional de desenvolvimento sustent\u00e1vel.<\/p>\n<p><a href=\"https:\/\/caie-caei.org\/br\/palestrantes-2023\/\">Conhe\u00e7a os conferencistas do CAEI 2023 aqui<\/a>[\/vc_toggle][vc_toggle title=&#8221;Programa Acad\u00eamico&#8221; style=&#8221;round_outline&#8221; color=&#8221;green&#8221; size=&#8221;lg&#8221; css=&#8221;&#8221;]<a href=\"https:\/\/caie-caei.org\/br\/info-chamada-de-propostas-2023pt\/\">Veja o programa com sess\u00f5es plen\u00e1rias e pain\u00e9is de especialistas aqui.<\/a>[\/vc_toggle][vc_toggle title=&#8221;Expositores&#8221; style=&#8221;round_outline&#8221; color=&#8221;green&#8221; size=&#8221;lg&#8221; css=&#8221;&#8221;]Na oitava edi\u00e7\u00e3o do CAEI, 34 institui\u00e7\u00f5es educacionais, governamentais, privadas e internacionais participaram ativamente da Expo CAEI-2023, com 26 institui\u00e7\u00f5es participantes. Entre elas estavam EduCanada, Quebec, The Forum, Altissia, SofiaU, TIEC, iCENT APP, Turnitin, CSN, UNLV, Education USA e China Education Association for International (CEAIE), entre muitas outras.<\/p>\n<p>Todas essas institui\u00e7\u00f5es puderam interagir com 700 participantes que compareceram ao evento de tr\u00eas dias e representaram 31 pa\u00edses.<\/p>\n<p><a href=\"https:\/\/caie-caei.org\/br\/patrocinios-e-expositores\/\">Conhe\u00e7a mais de nossos expositores e patrocinadores aqui.<\/a>[\/vc_toggle][\/vc_column][\/vc_row][vc_row][vc_column][vc_empty_space][\/vc_column][\/vc_row][vc_row][vc_column][vc_custom_heading text=&#8221;Webinarios 2023&#8243; use_theme_fonts=&#8221;yes&#8221; css=&#8221;&#8221;][vc_column_text css=&#8221;&#8221;]O Congresso das Am\u00e9ricas sobre Educa\u00e7\u00e3o Internacional (CAEI) oferece uma s\u00e9rie de webinars em cada edi\u00e7\u00e3o e convida toda a comunidade do ensino superior, bem como representantes dos sectores p\u00fablico, privado e da sociedade civil a participar em v\u00e1rios debates sobre a inova\u00e7\u00e3o e a internacionaliza\u00e7\u00e3o do ensino superior.[\/vc_column_text][vc_text_separator title=&#8221;CAEI\/CIGL Launch Webinar&#8221; css=&#8221;&#8221;][vc_video link=&#8221;https:\/\/www.youtube.com\/watch?v=UnfEV2elmdM&amp;t=673s&#8221; el_width=&#8221;70&#8243; align=&#8221;center&#8221; css=&#8221;&#8221;][vc_column_text css=&#8221;&#8221;]<span style=\"font-weight: 400;\">DATE: <\/span><span style=\"font-weight: 400;\">May 25, Thursday, 1pm EST (1hr)<\/span><\/p>\n<p><span style=\"font-weight: 400;\">Translation: English \/ Spanish<\/span><\/p>\n<p>&nbsp;<\/p>\n<table>\n<tbody>\n<tr>\n<td><span style=\"font-weight: 400;\">TITLE:\u00a0<\/span><\/p>\n<p><span style=\"font-weight: 400;\">Futures of Internationalization: Perspectives and Practice.<\/span><\/p>\n<p><span style=\"font-weight: 400;\">DESCRIPTION:\u00a0<\/span><\/p>\n<p><span style=\"font-weight: 400;\">With this session we open a conversation about the future of international education, new perspectives and best practices to prepare our students and future professionals for the demands of a changing world.\u00a0<\/span><\/p>\n<p><span style=\"font-weight: 400;\">Speakers: <\/span><\/p>\n<p><span style=\"font-weight: 400;\">David Julien, Executive Director, OUI-IOHE and CAEI-2023, Canada<\/span><\/p>\n<p><span style=\"font-weight: 400;\">Melissa Torres, President &amp; CEO, The Forum on Education Abroad, USA<\/span><\/p>\n<p><span style=\"font-weight: 400;\">Sheyla Salazar, Director, International Programs, Universidad de Piura and RediPer\u00fa, Peru<\/span><\/p>\n<p><span style=\"font-weight: 400;\">Rebecca L. Bellinger, Executive Director, Center for Global Business, University of Maryland, Robert H. Smith School of Business, USA<\/span><\/p>\n<p><span style=\"font-weight: 400;\">Luis Kauachi, Senior Manager, CAEI-2023<\/span><\/td>\n<\/tr>\n<tr>\n<td><span style=\"font-weight: 400;\">TITULO:<\/span><\/p>\n<p><span style=\"font-weight: 400;\">Futuros de la Internacionalizaci\u00f3n: Perspectivas y Pr\u00e1ctica.<\/span><\/p>\n<p><span style=\"font-weight: 400;\">DESCRIPCI\u00d3N:\u00a0<\/span><\/p>\n<p><span style=\"font-weight: 400;\">Con esta sesi\u00f3n abrimos una conversaci\u00f3n sobre el futuro de la educaci\u00f3n internacional, nuevas perspectivas y mejores pr\u00e1cticas para la preparaci\u00f3n de nuestros estudiantes y futuros profesionales para los retos de un mundo en transformaci\u00f3n.<\/span><\/p>\n<p><span style=\"font-weight: 400;\">Conferencistas:\u00a0<\/span><\/p>\n<p><span style=\"font-weight: 400;\">David Julien, Secretario General Ejecutivo, OUI-IOHE y CAEI-2023<\/span><\/p>\n<p><span style=\"font-weight: 400;\">Melissa Torres, Presidente y CEO, The Forum on Education Abroad<\/span><\/p>\n<p><span style=\"font-weight: 400;\">Sheyla Salazar, Directora, Programas Internacionales, Universidad de Piura y RediPer\u00fa, Per\u00fa<\/span><\/p>\n<p><span style=\"font-weight: 400;\">Rebecca L. Bellinger, Directora Ejecutiva, <\/span><i><span style=\"font-weight: 400;\">Center for Global Business, University of Maryland, Robert H. Smith School of Business<\/span><\/i><span style=\"font-weight: 400;\">, EUA<\/span><\/p>\n<p><span style=\"font-weight: 400;\">Luis Kauachi, Responsable Principal, CAEI-2023<\/span><\/td>\n<\/tr>\n<\/tbody>\n<\/table>\n<p>[\/vc_column_text][\/vc_column][\/vc_row]<\/p>\n<\/div>","protected":false},"excerpt":{"rendered":"<p>[vc_row][vc_column][vc_custom_heading text=&#8221;CAEI ESTADOS UNIDOS &#8211; 2023&#8243; font_container=&#8221;tag:h2|text_align:left|color:%23b12028&#8243; use_theme_fonts=&#8221;yes&#8221; css=&#8221;&#8221;][\/vc_column][\/vc_row][vc_row][vc_column width=&#8221;1\/3&#8243;][vc_single_image image=&#8221;13334&#8243; img_size=&#8221;large&#8221; css=&#8221;&#8221;][\/vc_column][vc_column width=&#8221;2\/3&#8243;][vc_custom_heading text=&#8221;Apresenta\u00e7\u00e3o&#8221; font_container=&#8221;tag:h2|text_align:left|color:%23b12028&#8243; use_theme_fonts=&#8221;yes&#8221; css=&#8221;&#8221;][vc_column_text css=&#8221;&#8221;]A oitava [&hellip;]<\/p>\n","protected":false},"author":4,"featured_media":0,"parent":0,"menu_order":0,"comment_status":"closed","ping_status":"closed","template":"","meta":{"_acf_changed":false,"_monsterinsights_skip_tracking":false,"_monsterinsights_sitenote_active":false,"_monsterinsights_sitenote_note":"","_monsterinsights_sitenote_category":0,"footnotes":""},"class_list":["post-16268","page","type-page","status-publish","hentry"],"acf":[],"aioseo_notices":[],"_links":{"self":[{"href":"https:\/\/oui-iohe.org\/pt-br\/wp-json\/wp\/v2\/pages\/16268","targetHints":{"allow":["GET"]}}],"collection":[{"href":"https:\/\/oui-iohe.org\/pt-br\/wp-json\/wp\/v2\/pages"}],"about":[{"href":"https:\/\/oui-iohe.org\/pt-br\/wp-json\/wp\/v2\/types\/page"}],"author":[{"embeddable":true,"href":"https:\/\/oui-iohe.org\/pt-br\/wp-json\/wp\/v2\/users\/4"}],"replies":[{"embeddable":true,"href":"https:\/\/oui-iohe.org\/pt-br\/wp-json\/wp\/v2\/comments?post=16268"}],"version-history":[{"count":10,"href":"https:\/\/oui-iohe.org\/pt-br\/wp-json\/wp\/v2\/pages\/16268\/revisions"}],"predecessor-version":[{"id":16411,"href":"https:\/\/oui-iohe.org\/pt-br\/wp-json\/wp\/v2\/pages\/16268\/revisions\/16411"}],"wp:attachment":[{"href":"https:\/\/oui-iohe.org\/pt-br\/wp-json\/wp\/v2\/media?parent=16268"}],"curies":[{"name":"wp","href":"https:\/\/api.w.org\/{rel}","templated":true}]}}